{"id":40041,"date":"2024-11-16T13:18:41","date_gmt":"2024-11-16T12:18:41","guid":{"rendered":"https:\/\/conservation-science.ch\/?page_id=40041"},"modified":"2024-11-16T16:46:47","modified_gmt":"2024-11-16T15:46:47","slug":"zurich","status":"publish","type":"page","link":"https:\/\/conservation-science.ch\/?page_id=40041&lang=en","title":{"rendered":"ZH (Z\u00fcrich)"},"content":{"rendered":"<p><strong>Already realised projects in the canton of Z\u00fcrich\u00a0(click on the picture):<\/strong><\/p>\n<p>&nbsp;<\/p>\n<table style=\"width: 699px;\" border=\"2\" width=\"580\" cellpadding=\"2\">\n<tbody>\n<tr>\n<td style=\"width: 97px;\"><strong>Abstract<\/strong><\/td>\n<td style=\"width: 127px;\"><strong>Venue\/date<br \/>\n<\/strong><\/td>\n<td style=\"width: 227px;\"><strong>Object<br \/>\n<\/strong><\/td>\n<td style=\"width: 248px;\"><strong>Topic<\/strong><\/td>\n<\/tr>\n<tr>\n<td style=\"vertical-align: top; width: 97px;\"><a href=\"https:\/\/csc-sarl.ch\/wp-content\/uploads\/2018\/06\/a_0295_02.pdf\" target=\"_self\" rel=\"noopener\"><img decoding=\"async\" class=\"rex_image\" src=\"https:\/\/csc-sarl.ch\/wp-content\/uploads\/2018\/06\/zh_029502_large60px.jpg\" alt=\"\" ismap=\"ismap\" \/><\/a><\/td>\n<td style=\"vertical-align: top; width: 127px;\"><span style=\"font-size: 10pt;\">D\u00e4ttlikon<\/span><br \/>\n<span style=\"font-size: 10pt;\">12.7.13<\/span><br \/>\n<span style=\"font-size: 10pt;\">295.02<\/span><\/td>\n<td style=\"vertical-align: top; width: 227px;\"><span style=\"font-size: 10pt;\">Protestant Kirche<\/span><\/td>\n<td style=\"vertical-align: top; width: 248px;\"><span style=\"font-size: 10pt;\">Material analysis<\/span><\/td>\n<\/tr>\n<tr>\n<td style=\"vertical-align: top; width: 97px;\"><a href=\"https:\/\/csc-sarl.ch\/wp-content\/uploads\/2018\/06\/a_0252_01.pdf\" target=\"_self\" rel=\"noopener\"><img decoding=\"async\" class=\"rex_image\" src=\"https:\/\/csc-sarl.ch\/wp-content\/uploads\/2018\/06\/zh_025201_large60px.jpg\" alt=\"\" ismap=\"ismap\" \/><\/a><\/td>\n<td style=\"vertical-align: top; width: 127px;\"><span style=\"font-size: 10pt;\">Rheinau<\/span><br \/>\n<span style=\"font-size: 10pt;\">19.9.12<\/span><br \/>\n<span style=\"font-size: 10pt;\">252.01<\/span><\/td>\n<td style=\"vertical-align: top; width: 227px;\"><span style=\"font-size: 10pt;\">Abbey church, painted ceiling<\/span><\/td>\n<td style=\"vertical-align: top; width: 248px;\"><span style=\"font-size: 10pt;\">Salt analysis<\/span><\/td>\n<\/tr>\n<tr>\n<td style=\"vertical-align: top; width: 97px;\"><a href=\"https:\/\/csc-sarl.ch\/wp-content\/uploads\/2018\/06\/a_0296_01.pdf\" target=\"_self\" rel=\"noopener\"><img decoding=\"async\" class=\"rex_image\" src=\"https:\/\/csc-sarl.ch\/wp-content\/uploads\/2018\/06\/zh_029601_large60px.jpg\" alt=\"\" ismap=\"ismap\" \/><\/a><\/td>\n<td style=\"vertical-align: top; width: 127px;\"><span style=\"font-size: 10pt;\">St\u00e4fa<\/span><br \/>\n<span style=\"font-size: 10pt;\">11.7.13<\/span><br \/>\n<span style=\"font-size: 10pt;\">296.01<\/span><\/td>\n<td style=\"vertical-align: top; width: 227px;\"><span style=\"font-size: 10pt;\">Haus zur Farb<\/span><\/td>\n<td style=\"vertical-align: top; width: 248px;\"><span style=\"font-size: 10pt;\">Paint analysis<\/span><\/td>\n<\/tr>\n<tr>\n<td style=\"vertical-align: top; width: 97px;\"><a href=\"https:\/\/csc-sarl.ch\/wp-content\/uploads\/2018\/06\/a_0143_01.pdf\" target=\"_self\" rel=\"noopener\"><img decoding=\"async\" class=\"rex_image\" src=\"https:\/\/csc-sarl.ch\/wp-content\/uploads\/2018\/06\/zh_014301_large60px.jpg\" alt=\"[Keine Beschreibung eingegeben]\" ismap=\"ismap\" \/><\/a><\/td>\n<td style=\"vertical-align: top; width: 127px;\"><span style=\"font-size: 10pt;\">Winterthur<\/span><br \/>\n<span style=\"font-size: 10pt;\">9.4.10<\/span><br \/>\n<span style=\"font-size: 10pt;\">143.01<\/span><\/td>\n<td style=\"vertical-align: top; width: 227px;\"><span style=\"font-size: 10pt;\">Technikumstrasse 68<\/span><\/td>\n<td style=\"vertical-align: top; width: 248px;\"><span style=\"font-size: 10pt;\">Material analysis<\/span><\/td>\n<\/tr>\n<tr>\n<td style=\"vertical-align: top; width: 97px;\"><a href=\"https:\/\/csc-sarl.ch\/wp-content\/uploads\/2018\/06\/a_0251_01.pdf\" target=\"_self\" rel=\"noopener\"><img decoding=\"async\" class=\"rex_image\" src=\"https:\/\/csc-sarl.ch\/wp-content\/uploads\/2018\/06\/zh_025101_large60px.jpg\" alt=\"\" ismap=\"ismap\" \/><\/a><\/td>\n<td style=\"vertical-align: top; width: 127px;\"><span style=\"font-size: 10pt;\">Winterthur<\/span><br \/>\n<span style=\"font-size: 10pt;\">11.9.12<\/span><br \/>\n<span style=\"font-size: 10pt;\">251.01<\/span><\/td>\n<td style=\"vertical-align: top; width: 227px;\"><span style=\"font-size: 10pt;\">D<span class=\"hps\">istrict court<\/span><\/span><\/td>\n<td style=\"vertical-align: top; width: 248px;\"><span style=\"font-size: 10pt;\">Evidence of surface coating\u00a0<\/span><\/td>\n<\/tr>\n<tr>\n<td style=\"vertical-align: top; width: 97px;\"><a href=\"https:\/\/csc-sarl.ch\/wp-content\/uploads\/2018\/06\/a_0133_01.pdf\" target=\"_self\" rel=\"noopener\"><img decoding=\"async\" class=\"rex_image\" src=\"https:\/\/csc-sarl.ch\/wp-content\/uploads\/2018\/06\/zh_013301_large60px.jpg\" alt=\"[Keine Beschreibung eingegeben]\" ismap=\"ismap\" \/><\/a><\/td>\n<td style=\"vertical-align: top; width: 127px;\"><span style=\"font-size: 10pt;\">Z\u00fcrich<\/span><br \/>\n<span style=\"font-size: 10pt;\">23.11.09<\/span><br \/>\n<span style=\"font-size: 10pt;\">133.01<\/span><\/td>\n<td style=\"vertical-align: top; width: 227px;\"><span style=\"font-size: 10pt;\">Stadthaus<\/span><\/td>\n<td style=\"vertical-align: top; width: 248px;\"><span style=\"font-size: 10pt;\">Study of the surface treatments of sandstone figurines<\/span><\/td>\n<\/tr>\n<tr>\n<td style=\"vertical-align: top; width: 97px;\"><a href=\"https:\/\/csc-sarl.ch\/wp-content\/uploads\/2018\/06\/a_0196_02.pdf\" target=\"_self\" rel=\"noopener\"><img decoding=\"async\" class=\"rex_image\" src=\"https:\/\/csc-sarl.ch\/wp-content\/uploads\/2018\/06\/zh_019602.jpg\" alt=\"[Keine Beschreibung eingegeben]\" ismap=\"ismap\" \/><\/a><\/td>\n<td style=\"vertical-align: top; width: 127px;\"><span style=\"font-size: 10pt;\">Z\u00fcrich<\/span><br \/>\n<span style=\"font-size: 10pt;\">29.08.11<\/span><br \/>\n<span style=\"font-size: 10pt;\">196.02<\/span><\/td>\n<td style=\"vertical-align: top; width: 227px;\"><span style=\"font-size: 10pt;\">Villa Patumbah<\/span><\/td>\n<td style=\"vertical-align: top; width: 248px;\"><span style=\"font-size: 10pt;\">Quantitative salt analysis<\/span><\/td>\n<\/tr>\n<tr>\n<td style=\"vertical-align: top; width: 97px;\"><a href=\"https:\/\/csc-sarl.ch\/wp-content\/uploads\/2018\/06\/a_0285_01.pdf\" target=\"_self\" rel=\"noopener\"><img decoding=\"async\" class=\"rex_image\" src=\"https:\/\/csc-sarl.ch\/wp-content\/uploads\/2018\/06\/zh_028501_large60px.jpg\" alt=\"\" ismap=\"ismap\" \/><\/a><\/td>\n<td style=\"vertical-align: top; width: 127px;\"><span style=\"font-size: 10pt;\">Z\u00fcrich<\/span><br \/>\n<span style=\"font-size: 10pt;\">24.4.13<\/span><br \/>\n<span style=\"font-size: 10pt;\">285.01<\/span><\/td>\n<td style=\"vertical-align: top; width: 227px;\"><span style=\"font-size: 10pt;\">Kongresshaus<\/span><\/td>\n<td style=\"vertical-align: top; width: 248px;\"><span style=\"font-size: 10pt;\">Material analysis<\/span><\/td>\n<\/tr>\n<tr>\n<td style=\"vertical-align: top; width: 97px;\"><a href=\"https:\/\/csc-sarl.ch\/wp-content\/uploads\/2018\/06\/a_0297_01.pdf\" target=\"_self\" rel=\"noopener\"><img decoding=\"async\" class=\"rex_image\" src=\"https:\/\/csc-sarl.ch\/wp-content\/uploads\/2018\/06\/zh_029701_large60px.jpg\" alt=\"[Keine Beschreibung eingegeben]\" ismap=\"ismap\" \/><\/a><\/td>\n<td style=\"vertical-align: top; width: 127px;\"><span style=\"font-size: 10pt;\">Z\u00fcrich<\/span><br \/>\n<span style=\"font-size: 10pt;\">26.8.13<\/span><br \/>\n<span style=\"font-size: 10pt;\">297.01<\/span><\/td>\n<td style=\"vertical-align: top; width: 227px;\"><span style=\"font-size: 10pt;\">Z\u00fcri-Leu<\/span><\/td>\n<td style=\"vertical-align: top; width: 248px;\"><span style=\"font-size: 10pt;\">Salt analysis<\/span><\/td>\n<\/tr>\n<tr>\n<td style=\"vertical-align: top; width: 97px;\"><a href=\"https:\/\/csc-sarl.ch\/wp-content\/uploads\/2018\/06\/a_0396_01.pdf\" target=\"_self\" rel=\"noopener\"><img decoding=\"async\" class=\"rex_image\" src=\"https:\/\/csc-sarl.ch\/wp-content\/uploads\/2018\/06\/zh_039601.jpg\" alt=\"[Keine Beschreibung eingegeben]\" ismap=\"ismap\" \/><\/a><\/td>\n<td style=\"vertical-align: top; width: 127px;\"><span style=\"font-size: 10pt;\">Z\u00fcrich<\/span><br \/>\n<span style=\"font-size: 10pt;\">8.6.15<\/span><br \/>\n<span style=\"font-size: 10pt;\">396.01<\/span><\/td>\n<td style=\"vertical-align: top; width: 227px;\"><span style=\"font-size: 10pt;\">Banhofstr. 57, Warenhaus St. Annahof<\/span><\/td>\n<td style=\"vertical-align: top; width: 248px;\"><span style=\"font-size: 10pt;\">Material analysis<\/span><\/td>\n<\/tr>\n<tr>\n<td style=\"vertical-align: top; width: 97px;\"><a href=\"https:\/\/csc-sarl.ch\/wp-content\/uploads\/2018\/06\/a_0415_01.pdf\" target=\"_self\" rel=\"noopener\"><img decoding=\"async\" class=\"rex_image\" src=\"https:\/\/csc-sarl.ch\/wp-content\/uploads\/2018\/06\/zh_041501.jpg\" alt=\"[Keine Beschreibung eingegeben]\" ismap=\"ismap\" \/><\/a><\/td>\n<td style=\"vertical-align: top; width: 127px;\"><span style=\"font-size: 10pt;\">Z\u00fcrich<\/span><br \/>\n<span style=\"font-size: 10pt;\">18.4.16<\/span><br \/>\n<span style=\"font-size: 10pt;\">415.01<\/span><\/td>\n<td style=\"vertical-align: top; width: 227px;\"><span style=\"font-size: 10pt;\">Fraum\u00fcnster, clo\u00eetre, Bodmer frescoes<\/span><\/td>\n<td style=\"vertical-align: top; width: 248px;\"><span style=\"font-size: 10pt;\">Salt weathering<\/span><\/td>\n<\/tr>\n<tr>\n<td style=\"vertical-align: top; width: 97px;\"><a href=\"https:\/\/csc-sarl.ch\/wp-content\/uploads\/2018\/06\/a_0424_01.pdf\" target=\"_self\" rel=\"noopener\"><img decoding=\"async\" class=\"rex_image\" src=\"https:\/\/csc-sarl.ch\/wp-content\/uploads\/2018\/06\/zh_042401.jpg\" alt=\"[Keine Beschreibung eingegeben]\" ismap=\"ismap\" \/><\/a><\/td>\n<td style=\"vertical-align: top; width: 127px;\"><span style=\"font-size: 10pt;\">Z\u00fcrich<\/span><br \/>\n<span style=\"font-size: 10pt;\">18.2.16<\/span><br \/>\n<span style=\"font-size: 10pt;\">424.01<\/span><\/td>\n<td style=\"vertical-align: top; width: 227px;\"><span id=\"result_box\" class=\"short_text\" lang=\"fr\" style=\"font-size: 10pt;\">Swiss National Museum, Painting roof soffit<\/span><\/td>\n<td style=\"vertical-align: top; width: 248px;\"><span style=\"font-size: 10pt;\">Material analysis<\/span><\/td>\n<\/tr>\n<\/tbody>\n<\/table>\n","protected":false},"excerpt":{"rendered":"<p>Already realised projects in the canton of Z\u00fcrich\u00a0(click on the picture): &nbsp; Abstract Venue\/date Object Topic D\u00e4ttlikon 12.7.13 295.02 Protestant Kirche Material analysis Rheinau 19.9.12 252.01 Abbey church, painted ceiling Salt analysis St\u00e4fa 11.7.13 296.01 Haus zur Farb Paint analysis Winterthur 9.4.10 143.01 Technikumstrasse 68 Material analysis Winterthur 11.9.12 251.01 District court Evidence of surface &hellip; <a href=\"https:\/\/conservation-science.ch\/?page_id=40041&#038;lang=en\" class=\"more-link\">Continuer la lecture de <span class=\"screen-reader-text\">ZH (Z\u00fcrich)<\/span><\/a><\/p>\n","protected":false},"author":4,"featured_media":0,"parent":39868,"menu_order":30,"comment_status":"closed","ping_status":"closed","template":"","meta":{"footnotes":""},"class_list":["post-40041","page","type-page","status-publish","hentry"],"yoast_head":"<!-- This site is optimized with the Yoast SEO plugin v27.2 - https:\/\/yoast.com\/product\/yoast-seo-wordpress\/ -->\n<title>ZH (Z\u00fcrich) - Bl\u00e4uer - Conservation - Science<\/title>\n<meta name=\"robots\" content=\"index, follow, max-snippet:-1, max-image-preview:large, max-video-preview:-1\" \/>\n<link rel=\"canonical\" href=\"https:\/\/conservation-science.ch\/?page_id=40041&lang=en\" \/>\n<meta property=\"og:locale\" content=\"fr_FR\" \/>\n<meta property=\"og:type\" content=\"article\" \/>\n<meta property=\"og:title\" content=\"ZH (Z\u00fcrich) - Bl\u00e4uer - Conservation - Science\" \/>\n<meta property=\"og:description\" content=\"Already realised projects in the canton of Z\u00fcrich\u00a0(click on the picture): &nbsp; Abstract Venue\/date Object Topic D\u00e4ttlikon 12.7.13 295.02 Protestant Kirche Material analysis Rheinau 19.9.12 252.01 Abbey church, painted ceiling Salt analysis St\u00e4fa 11.7.13 296.01 Haus zur Farb Paint analysis Winterthur 9.4.10 143.01 Technikumstrasse 68 Material analysis Winterthur 11.9.12 251.01 District court Evidence of surface &hellip; Continuer la lecture de ZH (Z\u00fcrich)\" \/>\n<meta property=\"og:url\" content=\"https:\/\/conservation-science.ch\/?page_id=40041&amp;lang=en\" \/>\n<meta property=\"og:site_name\" content=\"Bl\u00e4uer - Conservation - Science\" \/>\n<meta property=\"article:modified_time\" content=\"2024-11-16T15:46:47+00:00\" \/>\n<meta property=\"og:image\" content=\"https:\/\/csc-sarl.ch\/wp-content\/uploads\/2018\/06\/zh_029502_large60px.jpg\" \/>\n<meta name=\"twitter:card\" content=\"summary_large_image\" \/>\n<script type=\"application\/ld+json\" class=\"yoast-schema-graph\">{\"@context\":\"https:\/\/schema.org\",\"@graph\":[{\"@type\":\"WebPage\",\"@id\":\"https:\/\/conservation-science.ch\/?page_id=40041&lang=en\",\"url\":\"https:\/\/conservation-science.ch\/?page_id=40041&lang=en\",\"name\":\"ZH (Z\u00fcrich) - Bl\u00e4uer - Conservation - Science\",\"isPartOf\":{\"@id\":\"https:\/\/conservation-science.ch\/#website\"},\"primaryImageOfPage\":{\"@id\":\"https:\/\/conservation-science.ch\/?page_id=40041&lang=en#primaryimage\"},\"image\":{\"@id\":\"https:\/\/conservation-science.ch\/?page_id=40041&lang=en#primaryimage\"},\"thumbnailUrl\":\"https:\/\/csc-sarl.ch\/wp-content\/uploads\/2018\/06\/zh_029502_large60px.jpg\",\"datePublished\":\"2024-11-16T12:18:41+00:00\",\"dateModified\":\"2024-11-16T15:46:47+00:00\",\"breadcrumb\":{\"@id\":\"https:\/\/conservation-science.ch\/?page_id=40041&lang=en#breadcrumb\"},\"inLanguage\":\"fr-FR\",\"potentialAction\":[{\"@type\":\"ReadAction\",\"target\":[\"https:\/\/conservation-science.ch\/?page_id=40041&lang=en\"]}]},{\"@type\":\"ImageObject\",\"inLanguage\":\"fr-FR\",\"@id\":\"https:\/\/conservation-science.ch\/?page_id=40041&lang=en#primaryimage\",\"url\":\"https:\/\/csc-sarl.ch\/wp-content\/uploads\/2018\/06\/zh_029502_large60px.jpg\",\"contentUrl\":\"https:\/\/csc-sarl.ch\/wp-content\/uploads\/2018\/06\/zh_029502_large60px.jpg\"},{\"@type\":\"BreadcrumbList\",\"@id\":\"https:\/\/conservation-science.ch\/?page_id=40041&lang=en#breadcrumb\",\"itemListElement\":[{\"@type\":\"ListItem\",\"position\":1,\"name\":\"Accueil\",\"item\":\"https:\/\/conservation-science.ch\/\"},{\"@type\":\"ListItem\",\"position\":2,\"name\":\"Studies &#038; investigations\",\"item\":\"https:\/\/conservation-science.ch\/?page_id=39827&lang=en\"},{\"@type\":\"ListItem\",\"position\":3,\"name\":\"Switzerland\",\"item\":\"https:\/\/conservation-science.ch\/?page_id=39868&lang=en\"},{\"@type\":\"ListItem\",\"position\":4,\"name\":\"ZH (Z\u00fcrich)\"}]},{\"@type\":\"WebSite\",\"@id\":\"https:\/\/conservation-science.ch\/#website\",\"url\":\"https:\/\/conservation-science.ch\/\",\"name\":\"CSC - Conservation - Sciences\",\"description\":\"Transmission de connaissances dans le domaine des sciences de la conservation du patrimoine b\u00e2ti\",\"potentialAction\":[{\"@type\":\"SearchAction\",\"target\":{\"@type\":\"EntryPoint\",\"urlTemplate\":\"https:\/\/conservation-science.ch\/?s={search_term_string}\"},\"query-input\":{\"@type\":\"PropertyValueSpecification\",\"valueRequired\":true,\"valueName\":\"search_term_string\"}}],\"inLanguage\":\"fr-FR\"}]}<\/script>\n<!-- \/ Yoast SEO plugin. -->","yoast_head_json":{"title":"ZH (Z\u00fcrich) - Bl\u00e4uer - Conservation - Science","robots":{"index":"index","follow":"follow","max-snippet":"max-snippet:-1","max-image-preview":"max-image-preview:large","max-video-preview":"max-video-preview:-1"},"canonical":"https:\/\/conservation-science.ch\/?page_id=40041&lang=en","og_locale":"fr_FR","og_type":"article","og_title":"ZH (Z\u00fcrich) - Bl\u00e4uer - Conservation - Science","og_description":"Already realised projects in the canton of Z\u00fcrich\u00a0(click on the picture): &nbsp; Abstract Venue\/date Object Topic D\u00e4ttlikon 12.7.13 295.02 Protestant Kirche Material analysis Rheinau 19.9.12 252.01 Abbey church, painted ceiling Salt analysis St\u00e4fa 11.7.13 296.01 Haus zur Farb Paint analysis Winterthur 9.4.10 143.01 Technikumstrasse 68 Material analysis Winterthur 11.9.12 251.01 District court Evidence of surface &hellip; Continuer la lecture de ZH (Z\u00fcrich)","og_url":"https:\/\/conservation-science.ch\/?page_id=40041&lang=en","og_site_name":"Bl\u00e4uer - Conservation - Science","article_modified_time":"2024-11-16T15:46:47+00:00","og_image":[{"url":"https:\/\/csc-sarl.ch\/wp-content\/uploads\/2018\/06\/zh_029502_large60px.jpg","type":"","width":"","height":""}],"twitter_card":"summary_large_image","schema":{"@context":"https:\/\/schema.org","@graph":[{"@type":"WebPage","@id":"https:\/\/conservation-science.ch\/?page_id=40041&lang=en","url":"https:\/\/conservation-science.ch\/?page_id=40041&lang=en","name":"ZH (Z\u00fcrich) - Bl\u00e4uer - Conservation - Science","isPartOf":{"@id":"https:\/\/conservation-science.ch\/#website"},"primaryImageOfPage":{"@id":"https:\/\/conservation-science.ch\/?page_id=40041&lang=en#primaryimage"},"image":{"@id":"https:\/\/conservation-science.ch\/?page_id=40041&lang=en#primaryimage"},"thumbnailUrl":"https:\/\/csc-sarl.ch\/wp-content\/uploads\/2018\/06\/zh_029502_large60px.jpg","datePublished":"2024-11-16T12:18:41+00:00","dateModified":"2024-11-16T15:46:47+00:00","breadcrumb":{"@id":"https:\/\/conservation-science.ch\/?page_id=40041&lang=en#breadcrumb"},"inLanguage":"fr-FR","potentialAction":[{"@type":"ReadAction","target":["https:\/\/conservation-science.ch\/?page_id=40041&lang=en"]}]},{"@type":"ImageObject","inLanguage":"fr-FR","@id":"https:\/\/conservation-science.ch\/?page_id=40041&lang=en#primaryimage","url":"https:\/\/csc-sarl.ch\/wp-content\/uploads\/2018\/06\/zh_029502_large60px.jpg","contentUrl":"https:\/\/csc-sarl.ch\/wp-content\/uploads\/2018\/06\/zh_029502_large60px.jpg"},{"@type":"BreadcrumbList","@id":"https:\/\/conservation-science.ch\/?page_id=40041&lang=en#breadcrumb","itemListElement":[{"@type":"ListItem","position":1,"name":"Accueil","item":"https:\/\/conservation-science.ch\/"},{"@type":"ListItem","position":2,"name":"Studies &#038; investigations","item":"https:\/\/conservation-science.ch\/?page_id=39827&lang=en"},{"@type":"ListItem","position":3,"name":"Switzerland","item":"https:\/\/conservation-science.ch\/?page_id=39868&lang=en"},{"@type":"ListItem","position":4,"name":"ZH (Z\u00fcrich)"}]},{"@type":"WebSite","@id":"https:\/\/conservation-science.ch\/#website","url":"https:\/\/conservation-science.ch\/","name":"CSC - Conservation - Sciences","description":"Transmission de connaissances dans le domaine des sciences de la conservation du patrimoine b\u00e2ti","potentialAction":[{"@type":"SearchAction","target":{"@type":"EntryPoint","urlTemplate":"https:\/\/conservation-science.ch\/?s={search_term_string}"},"query-input":{"@type":"PropertyValueSpecification","valueRequired":true,"valueName":"search_term_string"}}],"inLanguage":"fr-FR"}]}},"_links":{"self":[{"href":"https:\/\/conservation-science.ch\/index.php?rest_route=\/wp\/v2\/pages\/40041","targetHints":{"allow":["GET"]}}],"collection":[{"href":"https:\/\/conservation-science.ch\/index.php?rest_route=\/wp\/v2\/pages"}],"about":[{"href":"https:\/\/conservation-science.ch\/index.php?rest_route=\/wp\/v2\/types\/page"}],"author":[{"embeddable":true,"href":"https:\/\/conservation-science.ch\/index.php?rest_route=\/wp\/v2\/users\/4"}],"replies":[{"embeddable":true,"href":"https:\/\/conservation-science.ch\/index.php?rest_route=%2Fwp%2Fv2%2Fcomments&post=40041"}],"version-history":[{"count":1,"href":"https:\/\/conservation-science.ch\/index.php?rest_route=\/wp\/v2\/pages\/40041\/revisions"}],"predecessor-version":[{"id":40042,"href":"https:\/\/conservation-science.ch\/index.php?rest_route=\/wp\/v2\/pages\/40041\/revisions\/40042"}],"up":[{"embeddable":true,"href":"https:\/\/conservation-science.ch\/index.php?rest_route=\/wp\/v2\/pages\/39868"}],"wp:attachment":[{"href":"https:\/\/conservation-science.ch\/index.php?rest_route=%2Fwp%2Fv2%2Fmedia&parent=40041"}],"curies":[{"name":"wp","href":"https:\/\/api.w.org\/{rel}","templated":true}]}}