{"id":40034,"date":"2024-11-16T13:17:24","date_gmt":"2024-11-16T12:17:24","guid":{"rendered":"https:\/\/conservation-science.ch\/?page_id=40034"},"modified":"2024-11-16T16:44:09","modified_gmt":"2024-11-16T15:44:09","slug":"zug","status":"publish","type":"page","link":"https:\/\/conservation-science.ch\/?page_id=40034&lang=de","title":{"rendered":"ZG (Zug)"},"content":{"rendered":"<p><strong>Im Kanton Zug durchgef\u00fchrte Projekte (aufs Bild klicken):<\/strong><\/p>\n<p>&nbsp;<\/p>\n<table border=\"2\" width=\"580\" cellpadding=\"2\">\n<tbody>\n<tr>\n<td><strong>Res\u00fcmee<\/strong><\/td>\n<td><strong>Ort\/Datum<\/strong><\/td>\n<td><strong>Objekt<\/strong><\/td>\n<td><strong>Thema\u00a0<\/strong><\/td>\n<\/tr>\n<tr>\n<td style=\"vertical-align: top;\"><a href=\"https:\/\/csc-sarl.ch\/wp-content\/uploads\/2018\/06\/a_0018_03.pdf\" target=\"_self\" rel=\"noopener\"><img decoding=\"async\" class=\"rex_image\" src=\"https:\/\/csc-sarl.ch\/wp-content\/uploads\/2018\/06\/zg_001803_large60px.jpg\" alt=\"[Keine\u00a0Beschreibung\u00a0eingegeben]\" ismap=\"ismap\" \/><br \/>\n<\/a><\/td>\n<td style=\"vertical-align: top;\"><span style=\"font-size: 10pt;\">H\u00fcnenberg<\/span><br \/>\n<span style=\"font-size: 10pt;\">6.6.07<\/span><\/td>\n<td style=\"vertical-align: top;\"><span style=\"font-size: 10pt;\">Burgruine<\/span><\/td>\n<td style=\"vertical-align: top;\"><span style=\"font-size: 10pt;\">Sandsteinauswahl f\u00fcr Mauerkrone<\/span><\/td>\n<\/tr>\n<tr>\n<td style=\"vertical-align: top;\"><a href=\"https:\/\/csc-sarl.ch\/wp-content\/uploads\/2018\/06\/a_0018_01.pdf\" target=\"_self\" rel=\"noopener\"><img decoding=\"async\" class=\"rex_image\" src=\"https:\/\/csc-sarl.ch\/wp-content\/uploads\/2018\/06\/zg_001801_large60px.jpg\" alt=\"[Keine\u00a0Beschreibung\u00a0eingegeben]\" ismap=\"ismap\" \/><\/a><\/td>\n<td style=\"vertical-align: top;\"><span style=\"font-size: 10pt;\">H\u00fcnenberg<\/span><br \/>\n<span style=\"font-size: 10pt;\">29.6.07<\/span><\/td>\n<td style=\"vertical-align: top;\"><span style=\"font-size: 10pt;\">Burgruine<\/span><\/td>\n<td style=\"vertical-align: top;\"><span style=\"font-size: 10pt;\">Untersuchung des historischen M\u00f6rtels<\/span><\/td>\n<\/tr>\n<tr>\n<td style=\"vertical-align: top;\"><a href=\"https:\/\/csc-sarl.ch\/wp-content\/uploads\/2018\/06\/a_0018_02.pdf\" target=\"_self\" rel=\"noopener\"><img decoding=\"async\" class=\"rex_image\" src=\"https:\/\/csc-sarl.ch\/wp-content\/uploads\/2018\/06\/zg_001802_large60px.jpg\" alt=\"[Keine\u00a0Beschreibung\u00a0eingegeben]\" ismap=\"ismap\" \/><\/a><\/td>\n<td style=\"vertical-align: top;\"><span style=\"font-size: 10pt;\">H\u00fcnenberg<\/span><br \/>\n<span style=\"font-size: 10pt;\">6.6.07<\/span><\/td>\n<td style=\"vertical-align: top;\"><span style=\"font-size: 10pt;\">Burgruine<\/span><\/td>\n<td style=\"vertical-align: top;\"><span style=\"font-size: 10pt;\">Salzgehalte von Frischm\u00f6rteln<\/span><\/td>\n<\/tr>\n<\/tbody>\n<\/table>\n","protected":false},"excerpt":{"rendered":"<p>Im Kanton Zug durchgef\u00fchrte Projekte (aufs Bild klicken): &nbsp; Res\u00fcmee Ort\/Datum Objekt Thema\u00a0 H\u00fcnenberg 6.6.07 Burgruine Sandsteinauswahl f\u00fcr Mauerkrone H\u00fcnenberg 29.6.07 Burgruine Untersuchung des historischen M\u00f6rtels H\u00fcnenberg 6.6.07 Burgruine Salzgehalte von Frischm\u00f6rteln<\/p>\n","protected":false},"author":4,"featured_media":0,"parent":39867,"menu_order":28,"comment_status":"closed","ping_status":"closed","template":"","meta":{"footnotes":""},"class_list":["post-40034","page","type-page","status-publish","hentry"],"yoast_head":"<!-- This site is optimized with the Yoast SEO plugin v27.2 - https:\/\/yoast.com\/product\/yoast-seo-wordpress\/ -->\n<title>ZG (Zug) - Bl\u00e4uer - Conservation - Science<\/title>\n<meta name=\"robots\" content=\"index, follow, max-snippet:-1, max-image-preview:large, max-video-preview:-1\" \/>\n<link rel=\"canonical\" href=\"https:\/\/conservation-science.ch\/?page_id=40034&lang=de\" \/>\n<meta property=\"og:locale\" content=\"fr_FR\" \/>\n<meta property=\"og:type\" content=\"article\" \/>\n<meta property=\"og:title\" content=\"ZG (Zug) - Bl\u00e4uer - Conservation - Science\" \/>\n<meta property=\"og:description\" content=\"Im Kanton Zug durchgef\u00fchrte Projekte (aufs Bild klicken): &nbsp; Res\u00fcmee Ort\/Datum Objekt Thema\u00a0 H\u00fcnenberg 6.6.07 Burgruine Sandsteinauswahl f\u00fcr Mauerkrone H\u00fcnenberg 29.6.07 Burgruine Untersuchung des historischen M\u00f6rtels H\u00fcnenberg 6.6.07 Burgruine Salzgehalte von Frischm\u00f6rteln\" \/>\n<meta property=\"og:url\" content=\"https:\/\/conservation-science.ch\/?page_id=40034&amp;lang=de\" \/>\n<meta property=\"og:site_name\" content=\"Bl\u00e4uer - Conservation - Science\" \/>\n<meta property=\"article:modified_time\" content=\"2024-11-16T15:44:09+00:00\" \/>\n<meta property=\"og:image\" content=\"https:\/\/csc-sarl.ch\/wp-content\/uploads\/2018\/06\/zg_001803_large60px.jpg\" \/>\n<meta name=\"twitter:card\" content=\"summary_large_image\" \/>\n<script type=\"application\/ld+json\" class=\"yoast-schema-graph\">{\"@context\":\"https:\/\/schema.org\",\"@graph\":[{\"@type\":\"WebPage\",\"@id\":\"https:\/\/conservation-science.ch\/?page_id=40034&lang=de\",\"url\":\"https:\/\/conservation-science.ch\/?page_id=40034&lang=de\",\"name\":\"ZG (Zug) - Bl\u00e4uer - Conservation - Science\",\"isPartOf\":{\"@id\":\"https:\/\/conservation-science.ch\/#website\"},\"primaryImageOfPage\":{\"@id\":\"https:\/\/conservation-science.ch\/?page_id=40034&lang=de#primaryimage\"},\"image\":{\"@id\":\"https:\/\/conservation-science.ch\/?page_id=40034&lang=de#primaryimage\"},\"thumbnailUrl\":\"https:\/\/csc-sarl.ch\/wp-content\/uploads\/2018\/06\/zg_001803_large60px.jpg\",\"datePublished\":\"2024-11-16T12:17:24+00:00\",\"dateModified\":\"2024-11-16T15:44:09+00:00\",\"breadcrumb\":{\"@id\":\"https:\/\/conservation-science.ch\/?page_id=40034&lang=de#breadcrumb\"},\"inLanguage\":\"fr-FR\",\"potentialAction\":[{\"@type\":\"ReadAction\",\"target\":[\"https:\/\/conservation-science.ch\/?page_id=40034&lang=de\"]}]},{\"@type\":\"ImageObject\",\"inLanguage\":\"fr-FR\",\"@id\":\"https:\/\/conservation-science.ch\/?page_id=40034&lang=de#primaryimage\",\"url\":\"https:\/\/csc-sarl.ch\/wp-content\/uploads\/2018\/06\/zg_001803_large60px.jpg\",\"contentUrl\":\"https:\/\/csc-sarl.ch\/wp-content\/uploads\/2018\/06\/zg_001803_large60px.jpg\"},{\"@type\":\"BreadcrumbList\",\"@id\":\"https:\/\/conservation-science.ch\/?page_id=40034&lang=de#breadcrumb\",\"itemListElement\":[{\"@type\":\"ListItem\",\"position\":1,\"name\":\"Accueil\",\"item\":\"https:\/\/conservation-science.ch\/\"},{\"@type\":\"ListItem\",\"position\":2,\"name\":\"Studien \/ Expertisen\",\"item\":\"https:\/\/conservation-science.ch\/?page_id=39826&lang=de\"},{\"@type\":\"ListItem\",\"position\":3,\"name\":\"Schweiz\",\"item\":\"https:\/\/conservation-science.ch\/?page_id=39867&lang=de\"},{\"@type\":\"ListItem\",\"position\":4,\"name\":\"ZG (Zug)\"}]},{\"@type\":\"WebSite\",\"@id\":\"https:\/\/conservation-science.ch\/#website\",\"url\":\"https:\/\/conservation-science.ch\/\",\"name\":\"CSC - Conservation - Sciences\",\"description\":\"Transmission de connaissances dans le domaine des sciences de la conservation du patrimoine b\u00e2ti\",\"potentialAction\":[{\"@type\":\"SearchAction\",\"target\":{\"@type\":\"EntryPoint\",\"urlTemplate\":\"https:\/\/conservation-science.ch\/?s={search_term_string}\"},\"query-input\":{\"@type\":\"PropertyValueSpecification\",\"valueRequired\":true,\"valueName\":\"search_term_string\"}}],\"inLanguage\":\"fr-FR\"}]}<\/script>\n<!-- \/ Yoast SEO plugin. -->","yoast_head_json":{"title":"ZG (Zug) - Bl\u00e4uer - Conservation - Science","robots":{"index":"index","follow":"follow","max-snippet":"max-snippet:-1","max-image-preview":"max-image-preview:large","max-video-preview":"max-video-preview:-1"},"canonical":"https:\/\/conservation-science.ch\/?page_id=40034&lang=de","og_locale":"fr_FR","og_type":"article","og_title":"ZG (Zug) - Bl\u00e4uer - Conservation - Science","og_description":"Im Kanton Zug durchgef\u00fchrte Projekte (aufs Bild klicken): &nbsp; Res\u00fcmee Ort\/Datum Objekt Thema\u00a0 H\u00fcnenberg 6.6.07 Burgruine Sandsteinauswahl f\u00fcr Mauerkrone H\u00fcnenberg 29.6.07 Burgruine Untersuchung des historischen M\u00f6rtels H\u00fcnenberg 6.6.07 Burgruine Salzgehalte von Frischm\u00f6rteln","og_url":"https:\/\/conservation-science.ch\/?page_id=40034&lang=de","og_site_name":"Bl\u00e4uer - Conservation - Science","article_modified_time":"2024-11-16T15:44:09+00:00","og_image":[{"url":"https:\/\/csc-sarl.ch\/wp-content\/uploads\/2018\/06\/zg_001803_large60px.jpg","type":"","width":"","height":""}],"twitter_card":"summary_large_image","schema":{"@context":"https:\/\/schema.org","@graph":[{"@type":"WebPage","@id":"https:\/\/conservation-science.ch\/?page_id=40034&lang=de","url":"https:\/\/conservation-science.ch\/?page_id=40034&lang=de","name":"ZG (Zug) - Bl\u00e4uer - Conservation - Science","isPartOf":{"@id":"https:\/\/conservation-science.ch\/#website"},"primaryImageOfPage":{"@id":"https:\/\/conservation-science.ch\/?page_id=40034&lang=de#primaryimage"},"image":{"@id":"https:\/\/conservation-science.ch\/?page_id=40034&lang=de#primaryimage"},"thumbnailUrl":"https:\/\/csc-sarl.ch\/wp-content\/uploads\/2018\/06\/zg_001803_large60px.jpg","datePublished":"2024-11-16T12:17:24+00:00","dateModified":"2024-11-16T15:44:09+00:00","breadcrumb":{"@id":"https:\/\/conservation-science.ch\/?page_id=40034&lang=de#breadcrumb"},"inLanguage":"fr-FR","potentialAction":[{"@type":"ReadAction","target":["https:\/\/conservation-science.ch\/?page_id=40034&lang=de"]}]},{"@type":"ImageObject","inLanguage":"fr-FR","@id":"https:\/\/conservation-science.ch\/?page_id=40034&lang=de#primaryimage","url":"https:\/\/csc-sarl.ch\/wp-content\/uploads\/2018\/06\/zg_001803_large60px.jpg","contentUrl":"https:\/\/csc-sarl.ch\/wp-content\/uploads\/2018\/06\/zg_001803_large60px.jpg"},{"@type":"BreadcrumbList","@id":"https:\/\/conservation-science.ch\/?page_id=40034&lang=de#breadcrumb","itemListElement":[{"@type":"ListItem","position":1,"name":"Accueil","item":"https:\/\/conservation-science.ch\/"},{"@type":"ListItem","position":2,"name":"Studien \/ Expertisen","item":"https:\/\/conservation-science.ch\/?page_id=39826&lang=de"},{"@type":"ListItem","position":3,"name":"Schweiz","item":"https:\/\/conservation-science.ch\/?page_id=39867&lang=de"},{"@type":"ListItem","position":4,"name":"ZG (Zug)"}]},{"@type":"WebSite","@id":"https:\/\/conservation-science.ch\/#website","url":"https:\/\/conservation-science.ch\/","name":"CSC - Conservation - Sciences","description":"Transmission de connaissances dans le domaine des sciences de la conservation du patrimoine b\u00e2ti","potentialAction":[{"@type":"SearchAction","target":{"@type":"EntryPoint","urlTemplate":"https:\/\/conservation-science.ch\/?s={search_term_string}"},"query-input":{"@type":"PropertyValueSpecification","valueRequired":true,"valueName":"search_term_string"}}],"inLanguage":"fr-FR"}]}},"_links":{"self":[{"href":"https:\/\/conservation-science.ch\/index.php?rest_route=\/wp\/v2\/pages\/40034","targetHints":{"allow":["GET"]}}],"collection":[{"href":"https:\/\/conservation-science.ch\/index.php?rest_route=\/wp\/v2\/pages"}],"about":[{"href":"https:\/\/conservation-science.ch\/index.php?rest_route=\/wp\/v2\/types\/page"}],"author":[{"embeddable":true,"href":"https:\/\/conservation-science.ch\/index.php?rest_route=\/wp\/v2\/users\/4"}],"replies":[{"embeddable":true,"href":"https:\/\/conservation-science.ch\/index.php?rest_route=%2Fwp%2Fv2%2Fcomments&post=40034"}],"version-history":[{"count":1,"href":"https:\/\/conservation-science.ch\/index.php?rest_route=\/wp\/v2\/pages\/40034\/revisions"}],"predecessor-version":[{"id":40036,"href":"https:\/\/conservation-science.ch\/index.php?rest_route=\/wp\/v2\/pages\/40034\/revisions\/40036"}],"up":[{"embeddable":true,"href":"https:\/\/conservation-science.ch\/index.php?rest_route=\/wp\/v2\/pages\/39867"}],"wp:attachment":[{"href":"https:\/\/conservation-science.ch\/index.php?rest_route=%2Fwp%2Fv2%2Fmedia&parent=40034"}],"curies":[{"name":"wp","href":"https:\/\/api.w.org\/{rel}","templated":true}]}}