{"id":39980,"date":"2024-11-16T13:06:10","date_gmt":"2024-11-16T12:06:10","guid":{"rendered":"https:\/\/conservation-science.ch\/?page_id=39980"},"modified":"2024-11-16T16:43:24","modified_gmt":"2024-11-16T15:43:24","slug":"st-gallen","status":"publish","type":"page","link":"https:\/\/conservation-science.ch\/?page_id=39980&lang=de","title":{"rendered":"SG (St. Gallen)"},"content":{"rendered":"<p><strong>Im Kanton St. Gallen durchgef\u00fchrte Projekte\u00a0(aufs Bild klicken):<\/strong><\/p>\n<p>&nbsp;<\/p>\n<table style=\"width: 700px;\" border=\"2\" width=\"580\" cellpadding=\"2\">\n<tbody>\n<tr>\n<td style=\"width: 103px;\"><strong>Res\u00fcmee<\/strong><\/td>\n<td style=\"width: 120px;\"><strong>Ort\/Datum<br \/>\n<\/strong><\/td>\n<td style=\"width: 207px;\"><strong>Objekt<br \/>\n<\/strong><\/td>\n<td style=\"width: 270px;\"><strong>Thema\u00a0<\/strong><\/td>\n<\/tr>\n<tr>\n<td style=\"vertical-align: top; width: 103px;\" valign=\"top\"><a href=\"https:\/\/csc-sarl.ch\/wp-content\/uploads\/2018\/06\/a_0049_01.pdf\" target=\"_self\" rel=\"noopener\"><img decoding=\"async\" class=\"rex_image\" src=\"https:\/\/csc-sarl.ch\/wp-content\/uploads\/2018\/06\/sg_004901_large60px.jpg\" alt=\"[Keine Beschreibung eingegeben]\" ismap=\"ismap\" \/><\/a><\/td>\n<td style=\"vertical-align: top; width: 120px;\" valign=\"top\"><span style=\"font-size: 10pt;\">Bollingen<\/span><br \/>\n<span style=\"font-size: 10pt;\">9.5.08<\/span><br \/>\n<span style=\"font-size: 10pt;\">49.01<\/span><\/td>\n<td style=\"vertical-align: top; width: 207px;\" valign=\"top\"><span style=\"font-size: 10pt;\">Kloster Wurmsbach<\/span><\/td>\n<td style=\"vertical-align: top; width: 270px;\" valign=\"top\"><span style=\"font-size: 10pt;\">Salzanalysen<\/span><\/td>\n<\/tr>\n<tr>\n<td style=\"vertical-align: top; width: 103px;\" valign=\"top\"><a href=\"https:\/\/csc-sarl.ch\/wp-content\/uploads\/2018\/06\/a_0294_01.pdf\" target=\"_self\" rel=\"noopener\"><img decoding=\"async\" class=\"rex_image\" src=\"https:\/\/csc-sarl.ch\/wp-content\/uploads\/2018\/06\/sg_029401_large60px.jpg\" alt=\"\" ismap=\"ismap\" \/><\/a><\/td>\n<td style=\"vertical-align: top; width: 120px;\" valign=\"top\"><span style=\"font-size: 10pt;\">Gossau<\/span><br \/>\n<span style=\"font-size: 10pt;\">7.8.13<\/span><br \/>\n<span style=\"font-size: 10pt;\">294.01<\/span><\/td>\n<td style=\"vertical-align: top; width: 207px;\" valign=\"top\"><span style=\"font-size: 10pt;\">Banhof, Perrondach<\/span><\/td>\n<td style=\"vertical-align: top; width: 270px;\" valign=\"top\"><span style=\"font-size: 10pt;\">Untersuchungen zum Malschichtaufbau<\/span><\/td>\n<\/tr>\n<tr>\n<td style=\"vertical-align: top; width: 103px;\" valign=\"top\"><a href=\"https:\/\/conservation-science.ch\/a_0106_01\/\"><img loading=\"lazy\" decoding=\"async\" class=\"rex_image alignnone\" src=\"https:\/\/csc-sarl.ch\/wp-content\/uploads\/2018\/06\/sg_010601_large60px.jpg\" alt=\"[Keine Beschreibung eingegeben]\" ismap=\"ismap\" width=\"60\" height=\"40\" \/><\/a><\/td>\n<td style=\"vertical-align: top; width: 120px;\" valign=\"top\"><span style=\"font-size: 10pt;\">Pf\u00e4fers<\/span><br \/>\n<span style=\"font-size: 10pt;\">24.8.09<\/span><br \/>\n<span style=\"font-size: 10pt;\">106.01<\/span><\/td>\n<td style=\"vertical-align: top; width: 207px;\" valign=\"top\"><span style=\"font-size: 10pt;\">Kapelle St. Georg<\/span><\/td>\n<td style=\"vertical-align: top; width: 270px;\" valign=\"top\"><span style=\"font-size: 10pt;\">Feuchtegehalts- und Salzanalysen<\/span><\/td>\n<\/tr>\n<tr>\n<td style=\"vertical-align: top; width: 103px;\" valign=\"top\"><a href=\"https:\/\/csc-sarl.ch\/wp-content\/uploads\/2018\/06\/a_0059_01.pdf\" target=\"_self\" rel=\"noopener\"><img decoding=\"async\" class=\"rex_image\" src=\"https:\/\/csc-sarl.ch\/wp-content\/uploads\/2018\/06\/sg_005901_large60px.jpg\" alt=\"[Keine Beschreibung eingegeben]\" ismap=\"ismap\" \/><\/a><\/td>\n<td style=\"vertical-align: top; width: 120px;\" valign=\"top\"><span style=\"font-size: 10pt;\">St Gall<\/span><br \/>\n<span style=\"font-size: 10pt;\">27.10.06<\/span><br \/>\n<span style=\"font-size: 10pt;\">59.01<\/span><\/td>\n<td style=\"vertical-align: top; width: 207px;\" valign=\"top\"><span style=\"font-size: 10pt;\">Regierungsgeb\u00e4ude, Rundturm<\/span><\/td>\n<td style=\"vertical-align: top; width: 270px;\" valign=\"top\"><span style=\"font-size: 10pt;\">Beurteilung der Schadensentwicklung und Gef\u00e4hrdung<\/span><\/td>\n<\/tr>\n<tr>\n<td style=\"vertical-align: top; width: 103px;\" valign=\"top\"><a href=\"https:\/\/csc-sarl.ch\/wp-content\/uploads\/2018\/06\/a_0059_02.pdf\" target=\"_self\" rel=\"noopener\"><img decoding=\"async\" class=\"rex_image\" src=\"https:\/\/csc-sarl.ch\/wp-content\/uploads\/2018\/06\/sg_005902.jpg\" alt=\"[Keine Beschreibung eingegeben]\" ismap=\"ismap\" \/><\/a><\/td>\n<td style=\"vertical-align: top; width: 120px;\" valign=\"top\"><span style=\"font-size: 10pt;\">St Gall<\/span><br \/>\n<span style=\"font-size: 10pt;\">18.9.10<\/span><br \/>\n<span style=\"font-size: 10pt;\">59.02<\/span><\/td>\n<td style=\"vertical-align: top; width: 207px;\" valign=\"top\"><span style=\"font-size: 10pt;\">Regierungsgeb\u00e4ude, Rundturm<\/span><\/td>\n<td style=\"vertical-align: top; width: 270px;\" valign=\"top\"><span style=\"font-size: 10pt;\">Materialanalysen<\/span><\/td>\n<\/tr>\n<tr>\n<td style=\"vertical-align: top; width: 103px;\" valign=\"top\"><a href=\"https:\/\/csc-sarl.ch\/wp-content\/uploads\/2018\/06\/a_0111_01.pdf\" target=\"_self\" rel=\"noopener\"><img decoding=\"async\" class=\"rex_image\" src=\"https:\/\/csc-sarl.ch\/wp-content\/uploads\/2018\/06\/sg_011101_large60px.jpg\" alt=\"[Keine Beschreibung eingegeben]\" ismap=\"ismap\" \/><\/a><\/td>\n<td style=\"vertical-align: top; width: 120px;\" valign=\"top\"><span style=\"font-size: 10pt;\">Sch\u00e4nis<\/span><br \/>\n<span style=\"font-size: 10pt;\">18.8.09<\/span><br \/>\n<span style=\"font-size: 10pt;\">111.01<\/span><\/td>\n<td style=\"vertical-align: top; width: 207px;\" valign=\"top\"><span style=\"font-size: 10pt;\">Pfarrkirche St. Sebastian<\/span><\/td>\n<td style=\"vertical-align: top; width: 270px;\" valign=\"top\"><span style=\"font-size: 10pt;\">Salzanalysen<\/span><\/td>\n<\/tr>\n<tr>\n<td style=\"vertical-align: top; width: 103px;\" valign=\"top\"><a href=\"https:\/\/csc-sarl.ch\/wp-content\/uploads\/2018\/06\/a_0286_01.pdf\" target=\"_self\" rel=\"noopener\"><img decoding=\"async\" class=\"rex_image\" src=\"https:\/\/csc-sarl.ch\/wp-content\/uploads\/2018\/06\/sg_028601_large60px.jpg\" alt=\"\" ismap=\"ismap\" \/><\/a><\/td>\n<td style=\"vertical-align: top; width: 120px;\" valign=\"top\"><span style=\"font-size: 10pt;\">Valens<\/span><br \/>\n<span style=\"font-size: 10pt;\">29.4.13<\/span><br \/>\n<span style=\"font-size: 10pt;\">286.01<\/span><\/td>\n<td style=\"vertical-align: top; width: 207px;\" valign=\"top\"><span style=\"font-size: 10pt;\">Pfarrkirche<\/span><\/td>\n<td style=\"vertical-align: top; width: 270px;\" valign=\"top\"><span style=\"font-size: 10pt;\">Materialanalysen<\/span><\/td>\n<\/tr>\n<\/tbody>\n<\/table>\n","protected":false},"excerpt":{"rendered":"<p>Im Kanton St. Gallen durchgef\u00fchrte Projekte\u00a0(aufs Bild klicken): &nbsp; Res\u00fcmee Ort\/Datum Objekt Thema\u00a0 Bollingen 9.5.08 49.01 Kloster Wurmsbach Salzanalysen Gossau 7.8.13 294.01 Banhof, Perrondach Untersuchungen zum Malschichtaufbau Pf\u00e4fers 24.8.09 106.01 Kapelle St. Georg Feuchtegehalts- und Salzanalysen St Gall 27.10.06 59.01 Regierungsgeb\u00e4ude, Rundturm Beurteilung der Schadensentwicklung und Gef\u00e4hrdung St Gall 18.9.10 59.02 Regierungsgeb\u00e4ude, Rundturm Materialanalysen Sch\u00e4nis &hellip; <a href=\"https:\/\/conservation-science.ch\/?page_id=39980&#038;lang=de\" class=\"more-link\">Continuer la lecture de <span class=\"screen-reader-text\">SG (St. Gallen)<\/span><\/a><\/p>\n","protected":false},"author":4,"featured_media":0,"parent":39867,"menu_order":14,"comment_status":"closed","ping_status":"closed","template":"","meta":{"footnotes":""},"class_list":["post-39980","page","type-page","status-publish","hentry"],"yoast_head":"<!-- This site is optimized with the Yoast SEO plugin v27.2 - https:\/\/yoast.com\/product\/yoast-seo-wordpress\/ -->\n<title>SG (St. Gallen) - Bl\u00e4uer - Conservation - Science<\/title>\n<meta name=\"robots\" content=\"index, follow, max-snippet:-1, max-image-preview:large, max-video-preview:-1\" \/>\n<link rel=\"canonical\" href=\"https:\/\/conservation-science.ch\/?page_id=39980&lang=de\" \/>\n<meta property=\"og:locale\" content=\"fr_FR\" \/>\n<meta property=\"og:type\" content=\"article\" \/>\n<meta property=\"og:title\" content=\"SG (St. Gallen) - Bl\u00e4uer - Conservation - Science\" \/>\n<meta property=\"og:description\" content=\"Im Kanton St. Gallen durchgef\u00fchrte Projekte\u00a0(aufs Bild klicken): &nbsp; Res\u00fcmee Ort\/Datum Objekt Thema\u00a0 Bollingen 9.5.08 49.01 Kloster Wurmsbach Salzanalysen Gossau 7.8.13 294.01 Banhof, Perrondach Untersuchungen zum Malschichtaufbau Pf\u00e4fers 24.8.09 106.01 Kapelle St. Georg Feuchtegehalts- und Salzanalysen St Gall 27.10.06 59.01 Regierungsgeb\u00e4ude, Rundturm Beurteilung der Schadensentwicklung und Gef\u00e4hrdung St Gall 18.9.10 59.02 Regierungsgeb\u00e4ude, Rundturm Materialanalysen Sch\u00e4nis &hellip; Continuer la lecture de SG (St. Gallen)\" \/>\n<meta property=\"og:url\" content=\"https:\/\/conservation-science.ch\/?page_id=39980&amp;lang=de\" \/>\n<meta property=\"og:site_name\" content=\"Bl\u00e4uer - Conservation - Science\" \/>\n<meta property=\"article:modified_time\" content=\"2024-11-16T15:43:24+00:00\" \/>\n<meta property=\"og:image\" content=\"https:\/\/csc-sarl.ch\/wp-content\/uploads\/2018\/06\/sg_004901_large60px.jpg\" \/>\n<meta name=\"twitter:card\" content=\"summary_large_image\" \/>\n<meta name=\"twitter:label1\" content=\"Dur\u00e9e de lecture estim\u00e9e\" \/>\n\t<meta name=\"twitter:data1\" content=\"2 minutes\" \/>\n<script type=\"application\/ld+json\" class=\"yoast-schema-graph\">{\"@context\":\"https:\/\/schema.org\",\"@graph\":[{\"@type\":\"WebPage\",\"@id\":\"https:\/\/conservation-science.ch\/?page_id=39980&lang=de\",\"url\":\"https:\/\/conservation-science.ch\/?page_id=39980&lang=de\",\"name\":\"SG (St. Gallen) - Bl\u00e4uer - Conservation - Science\",\"isPartOf\":{\"@id\":\"https:\/\/conservation-science.ch\/#website\"},\"primaryImageOfPage\":{\"@id\":\"https:\/\/conservation-science.ch\/?page_id=39980&lang=de#primaryimage\"},\"image\":{\"@id\":\"https:\/\/conservation-science.ch\/?page_id=39980&lang=de#primaryimage\"},\"thumbnailUrl\":\"https:\/\/csc-sarl.ch\/wp-content\/uploads\/2018\/06\/sg_004901_large60px.jpg\",\"datePublished\":\"2024-11-16T12:06:10+00:00\",\"dateModified\":\"2024-11-16T15:43:24+00:00\",\"breadcrumb\":{\"@id\":\"https:\/\/conservation-science.ch\/?page_id=39980&lang=de#breadcrumb\"},\"inLanguage\":\"fr-FR\",\"potentialAction\":[{\"@type\":\"ReadAction\",\"target\":[\"https:\/\/conservation-science.ch\/?page_id=39980&lang=de\"]}]},{\"@type\":\"ImageObject\",\"inLanguage\":\"fr-FR\",\"@id\":\"https:\/\/conservation-science.ch\/?page_id=39980&lang=de#primaryimage\",\"url\":\"https:\/\/csc-sarl.ch\/wp-content\/uploads\/2018\/06\/sg_004901_large60px.jpg\",\"contentUrl\":\"https:\/\/csc-sarl.ch\/wp-content\/uploads\/2018\/06\/sg_004901_large60px.jpg\"},{\"@type\":\"BreadcrumbList\",\"@id\":\"https:\/\/conservation-science.ch\/?page_id=39980&lang=de#breadcrumb\",\"itemListElement\":[{\"@type\":\"ListItem\",\"position\":1,\"name\":\"Accueil\",\"item\":\"https:\/\/conservation-science.ch\/\"},{\"@type\":\"ListItem\",\"position\":2,\"name\":\"Studien \/ Expertisen\",\"item\":\"https:\/\/conservation-science.ch\/?page_id=39826&lang=de\"},{\"@type\":\"ListItem\",\"position\":3,\"name\":\"Schweiz\",\"item\":\"https:\/\/conservation-science.ch\/?page_id=39867&lang=de\"},{\"@type\":\"ListItem\",\"position\":4,\"name\":\"SG (St. Gallen)\"}]},{\"@type\":\"WebSite\",\"@id\":\"https:\/\/conservation-science.ch\/#website\",\"url\":\"https:\/\/conservation-science.ch\/\",\"name\":\"CSC - Conservation - Sciences\",\"description\":\"Transmission de connaissances dans le domaine des sciences de la conservation du patrimoine b\u00e2ti\",\"potentialAction\":[{\"@type\":\"SearchAction\",\"target\":{\"@type\":\"EntryPoint\",\"urlTemplate\":\"https:\/\/conservation-science.ch\/?s={search_term_string}\"},\"query-input\":{\"@type\":\"PropertyValueSpecification\",\"valueRequired\":true,\"valueName\":\"search_term_string\"}}],\"inLanguage\":\"fr-FR\"}]}<\/script>\n<!-- \/ Yoast SEO plugin. -->","yoast_head_json":{"title":"SG (St. Gallen) - Bl\u00e4uer - Conservation - Science","robots":{"index":"index","follow":"follow","max-snippet":"max-snippet:-1","max-image-preview":"max-image-preview:large","max-video-preview":"max-video-preview:-1"},"canonical":"https:\/\/conservation-science.ch\/?page_id=39980&lang=de","og_locale":"fr_FR","og_type":"article","og_title":"SG (St. Gallen) - Bl\u00e4uer - Conservation - Science","og_description":"Im Kanton St. Gallen durchgef\u00fchrte Projekte\u00a0(aufs Bild klicken): &nbsp; Res\u00fcmee Ort\/Datum Objekt Thema\u00a0 Bollingen 9.5.08 49.01 Kloster Wurmsbach Salzanalysen Gossau 7.8.13 294.01 Banhof, Perrondach Untersuchungen zum Malschichtaufbau Pf\u00e4fers 24.8.09 106.01 Kapelle St. Georg Feuchtegehalts- und Salzanalysen St Gall 27.10.06 59.01 Regierungsgeb\u00e4ude, Rundturm Beurteilung der Schadensentwicklung und Gef\u00e4hrdung St Gall 18.9.10 59.02 Regierungsgeb\u00e4ude, Rundturm Materialanalysen Sch\u00e4nis &hellip; Continuer la lecture de SG (St. Gallen)","og_url":"https:\/\/conservation-science.ch\/?page_id=39980&lang=de","og_site_name":"Bl\u00e4uer - Conservation - Science","article_modified_time":"2024-11-16T15:43:24+00:00","og_image":[{"url":"https:\/\/csc-sarl.ch\/wp-content\/uploads\/2018\/06\/sg_004901_large60px.jpg","type":"","width":"","height":""}],"twitter_card":"summary_large_image","twitter_misc":{"Dur\u00e9e de lecture estim\u00e9e":"2 minutes"},"schema":{"@context":"https:\/\/schema.org","@graph":[{"@type":"WebPage","@id":"https:\/\/conservation-science.ch\/?page_id=39980&lang=de","url":"https:\/\/conservation-science.ch\/?page_id=39980&lang=de","name":"SG (St. Gallen) - Bl\u00e4uer - Conservation - Science","isPartOf":{"@id":"https:\/\/conservation-science.ch\/#website"},"primaryImageOfPage":{"@id":"https:\/\/conservation-science.ch\/?page_id=39980&lang=de#primaryimage"},"image":{"@id":"https:\/\/conservation-science.ch\/?page_id=39980&lang=de#primaryimage"},"thumbnailUrl":"https:\/\/csc-sarl.ch\/wp-content\/uploads\/2018\/06\/sg_004901_large60px.jpg","datePublished":"2024-11-16T12:06:10+00:00","dateModified":"2024-11-16T15:43:24+00:00","breadcrumb":{"@id":"https:\/\/conservation-science.ch\/?page_id=39980&lang=de#breadcrumb"},"inLanguage":"fr-FR","potentialAction":[{"@type":"ReadAction","target":["https:\/\/conservation-science.ch\/?page_id=39980&lang=de"]}]},{"@type":"ImageObject","inLanguage":"fr-FR","@id":"https:\/\/conservation-science.ch\/?page_id=39980&lang=de#primaryimage","url":"https:\/\/csc-sarl.ch\/wp-content\/uploads\/2018\/06\/sg_004901_large60px.jpg","contentUrl":"https:\/\/csc-sarl.ch\/wp-content\/uploads\/2018\/06\/sg_004901_large60px.jpg"},{"@type":"BreadcrumbList","@id":"https:\/\/conservation-science.ch\/?page_id=39980&lang=de#breadcrumb","itemListElement":[{"@type":"ListItem","position":1,"name":"Accueil","item":"https:\/\/conservation-science.ch\/"},{"@type":"ListItem","position":2,"name":"Studien \/ Expertisen","item":"https:\/\/conservation-science.ch\/?page_id=39826&lang=de"},{"@type":"ListItem","position":3,"name":"Schweiz","item":"https:\/\/conservation-science.ch\/?page_id=39867&lang=de"},{"@type":"ListItem","position":4,"name":"SG (St. Gallen)"}]},{"@type":"WebSite","@id":"https:\/\/conservation-science.ch\/#website","url":"https:\/\/conservation-science.ch\/","name":"CSC - Conservation - Sciences","description":"Transmission de connaissances dans le domaine des sciences de la conservation du patrimoine b\u00e2ti","potentialAction":[{"@type":"SearchAction","target":{"@type":"EntryPoint","urlTemplate":"https:\/\/conservation-science.ch\/?s={search_term_string}"},"query-input":{"@type":"PropertyValueSpecification","valueRequired":true,"valueName":"search_term_string"}}],"inLanguage":"fr-FR"}]}},"_links":{"self":[{"href":"https:\/\/conservation-science.ch\/index.php?rest_route=\/wp\/v2\/pages\/39980","targetHints":{"allow":["GET"]}}],"collection":[{"href":"https:\/\/conservation-science.ch\/index.php?rest_route=\/wp\/v2\/pages"}],"about":[{"href":"https:\/\/conservation-science.ch\/index.php?rest_route=\/wp\/v2\/types\/page"}],"author":[{"embeddable":true,"href":"https:\/\/conservation-science.ch\/index.php?rest_route=\/wp\/v2\/users\/4"}],"replies":[{"embeddable":true,"href":"https:\/\/conservation-science.ch\/index.php?rest_route=%2Fwp%2Fv2%2Fcomments&post=39980"}],"version-history":[{"count":1,"href":"https:\/\/conservation-science.ch\/index.php?rest_route=\/wp\/v2\/pages\/39980\/revisions"}],"predecessor-version":[{"id":39984,"href":"https:\/\/conservation-science.ch\/index.php?rest_route=\/wp\/v2\/pages\/39980\/revisions\/39984"}],"up":[{"embeddable":true,"href":"https:\/\/conservation-science.ch\/index.php?rest_route=\/wp\/v2\/pages\/39867"}],"wp:attachment":[{"href":"https:\/\/conservation-science.ch\/index.php?rest_route=%2Fwp%2Fv2%2Fmedia&parent=39980"}],"curies":[{"name":"wp","href":"https:\/\/api.w.org\/{rel}","templated":true}]}}