{"id":39956,"date":"2024-11-16T13:00:51","date_gmt":"2024-11-16T12:00:51","guid":{"rendered":"https:\/\/conservation-science.ch\/?page_id=39956"},"modified":"2024-11-16T16:43:05","modified_gmt":"2024-11-16T15:43:05","slug":"luzern","status":"publish","type":"page","link":"https:\/\/conservation-science.ch\/?page_id=39956&lang=de","title":{"rendered":"LU (Luzern)"},"content":{"rendered":"<p><strong>Im Kanton Luzern durchgef\u00fchrte Projekte<\/strong><strong>:<\/strong><br \/>\n<strong><br \/>\n<\/strong><\/p>\n<ul>\n<li>im Stadt Luzern\u00a0durchgef\u00fchrte Projekte;<\/li>\n<li>andere <a href=\"#kanton\">im\u00a0Kanton Luzern<\/a> durchgef\u00fchrte Projekte.<\/li>\n<\/ul>\n<p>&nbsp;<\/p>\n<p><strong>Im Stadt Luzern durchgef\u00fchrte Projekte\u00a0(aufs Bild klicken):<\/strong><\/p>\n<p>&nbsp;<\/p>\n<table style=\"width: 698px; height: 624px;\" border=\"2\" width=\"580\" cellpadding=\"2\">\n<tbody>\n<tr style=\"height: 24px;\">\n<td style=\"width: 113px; height: 24px;\"><strong>Res\u00fcmee<\/strong><\/td>\n<td style=\"width: 103px; height: 24px;\"><strong>Ort<br \/>\n<\/strong><\/td>\n<td style=\"width: 172px; height: 24px;\"><strong>Objekt<br \/>\n<\/strong><\/td>\n<td style=\"width: 310px; height: 24px;\"><strong>Thema\u00a0<\/strong><\/td>\n<\/tr>\n<tr style=\"height: 75px;\">\n<td style=\"width: 113px; height: 75px;\"><a href=\"https:\/\/csc-sarl.ch\/wp-content\/uploads\/2018\/06\/a_0136_01.pdf\" target=\"_self\" rel=\"noopener\"><img decoding=\"async\" class=\"rex_image\" src=\"https:\/\/csc-sarl.ch\/wp-content\/uploads\/2018\/06\/lu_013601_large60px.jpg\" alt=\"[Keine Beschreibung eingegeben]\" ismap=\"ismap\" \/><\/a><\/td>\n<td style=\"vertical-align: top; width: 103px; height: 75px;\"><span style=\"font-size: 10pt;\">Luzern<\/span><br \/>\n<span style=\"font-size: 10pt;\">10.2.10<\/span><br \/>\n<span style=\"font-size: 10pt;\">136.01<\/span><\/td>\n<td style=\"vertical-align: top; width: 172px; height: 75px;\"><span style=\"font-size: 10pt;\">B\u00e2timent des Finances<\/span><\/td>\n<td style=\"vertical-align: top; width: 310px; height: 75px;\"><span style=\"font-size: 10pt;\">Conservation du sol en gr\u00e8s<\/span><\/td>\n<\/tr>\n<tr style=\"height: 75px;\">\n<td style=\"width: 113px; height: 75px;\"><a href=\"https:\/\/csc-sarl.ch\/wp-content\/uploads\/2018\/06\/a_0091_01.pdf\" target=\"_self\" rel=\"noopener\"><img decoding=\"async\" class=\"rex_image\" src=\"https:\/\/csc-sarl.ch\/wp-content\/uploads\/2018\/06\/lu_009101_large60px.jpg\" alt=\"[Keine Beschreibung eingegeben]\" ismap=\"ismap\" \/><\/a><\/td>\n<td style=\"vertical-align: top; width: 103px; height: 75px;\"><span style=\"font-size: 10pt;\">Luzern<\/span><br \/>\n<span style=\"font-size: 10pt;\">9.7.09<\/span><br \/>\n<span style=\"font-size: 10pt;\">91.01<\/span><\/td>\n<td style=\"vertical-align: top; width: 172px; height: 75px;\"><span style=\"font-size: 10pt;\">Konservatorium, Dreilinden<\/span><\/td>\n<td style=\"width: 310px; height: 75px; vertical-align: top;\"><span style=\"font-size: 10pt;\">Studie zu Zustand und Gef\u00e4hrdung und Beratung zu den M\u00f6glichkeiten zur Erhaltung<\/span><\/td>\n<\/tr>\n<tr style=\"height: 75px;\">\n<td style=\"width: 113px; height: 75px;\"><a href=\"https:\/\/csc-sarl.ch\/wp-content\/uploads\/2018\/06\/a_0091_02.pdf\" target=\"_self\" rel=\"noopener\"><img decoding=\"async\" class=\"rex_image\" src=\"https:\/\/csc-sarl.ch\/wp-content\/uploads\/2018\/06\/lu_009102_large60px.jpg\" alt=\"[Keine Beschreibung eingegeben]\" ismap=\"ismap\" \/><\/a><\/td>\n<td style=\"vertical-align: top; width: 103px; height: 75px;\"><span style=\"font-size: 10pt;\">Luzern<\/span><br \/>\n<span style=\"font-size: 10pt;\">9.7.09<\/span><br \/>\n<span style=\"font-size: 10pt;\">91.02<\/span><\/td>\n<td style=\"vertical-align: top; width: 172px; height: 75px;\"><span style=\"font-size: 10pt;\">Konservatorium, Dreilinden<\/span><\/td>\n<td style=\"width: 310px; height: 75px; vertical-align: top;\"><span style=\"font-size: 10pt;\">Materialanalysen\u00a0<\/span><\/td>\n<\/tr>\n<tr style=\"height: 75px;\">\n<td style=\"width: 113px; height: 75px;\"><a href=\"https:\/\/csc-sarl.ch\/wp-content\/uploads\/2018\/06\/a_0157_01.pdf\" target=\"_self\" rel=\"noopener\"><img decoding=\"async\" class=\"rex_image\" src=\"https:\/\/csc-sarl.ch\/wp-content\/uploads\/2018\/06\/lu_015701_large60px.jpg\" alt=\"\" ismap=\"ismap\" \/><\/a><\/td>\n<td style=\"vertical-align: top; width: 103px; height: 75px;\"><span style=\"font-size: 10pt;\">Luzern<\/span><br \/>\n<span style=\"font-size: 10pt;\">20.9.11<\/span><br \/>\n<span style=\"font-size: 10pt;\">157.01<\/span><\/td>\n<td style=\"vertical-align: top; width: 172px; height: 75px;\"><span style=\"font-size: 10pt;\">Hofkirche\u00a0\u00a0<\/span><\/td>\n<td style=\"vertical-align: top; width: 310px; height: 75px;\"><span style=\"font-size: 10pt;\">Materialanalysen\u00a0\u00a0<\/span><\/td>\n<\/tr>\n<tr style=\"height: 75px;\">\n<td style=\"width: 113px; height: 75px;\"><a href=\"https:\/\/csc-sarl.ch\/wp-content\/uploads\/2018\/06\/a_0113_02.pdf\" target=\"_self\" rel=\"noopener\"><img decoding=\"async\" class=\"rex_image\" src=\"https:\/\/csc-sarl.ch\/wp-content\/uploads\/2018\/06\/lu_011301_large60px.jpg\" alt=\"[Keine Beschreibung eingegeben]\" ismap=\"ismap\" \/><\/a><\/td>\n<td style=\"vertical-align: top; width: 103px; height: 75px;\"><span style=\"font-size: 10pt;\">Luzern<\/span><br \/>\n<span style=\"font-size: 10pt;\">28.10.09<\/span><br \/>\n<span style=\"font-size: 10pt;\">113.02<\/span><\/td>\n<td style=\"vertical-align: top; width: 172px; height: 75px;\"><span style=\"font-size: 10pt;\">Rathaus\u00a0<\/span><\/td>\n<td style=\"vertical-align: top; width: 310px; height: 75px;\"><span style=\"font-size: 10pt;\">Auswirkungen von Geranienschmuck auf die Sandsteinfassade<\/span><\/td>\n<\/tr>\n<tr style=\"height: 75px;\">\n<td style=\"width: 113px; height: 75px;\"><a href=\"https:\/\/csc-sarl.ch\/wp-content\/uploads\/2018\/06\/a_0030_01.pdf\" target=\"_self\" rel=\"noopener\"><img decoding=\"async\" class=\"rex_image\" src=\"https:\/\/csc-sarl.ch\/wp-content\/uploads\/2018\/06\/lu_003001_large60px.jpg\" alt=\"[Keine Beschreibung eingegeben]\" ismap=\"ismap\" \/><\/a><\/td>\n<td style=\"vertical-align: top; width: 103px; height: 75px;\"><span style=\"font-size: 10pt;\">Luzern<\/span><br \/>\n<span style=\"font-size: 10pt;\">13.5.08<\/span><br \/>\n<span style=\"font-size: 10pt;\">30.01<\/span><\/td>\n<td style=\"vertical-align: top; width: 172px; height: 75px;\"><span style=\"font-size: 10pt;\">L\u00f6wendenkmal\u00a0<\/span><\/td>\n<td style=\"vertical-align: top; width: 310px; height: 75px;\"><span style=\"font-size: 10pt;\">Studie zu den Auswirkungen einer Wiederherstellung des Wasserfalles<\/span><\/td>\n<\/tr>\n<tr style=\"height: 75px;\">\n<td style=\"width: 113px; height: 75px;\"><a href=\"https:\/\/csc-sarl.ch\/wp-content\/uploads\/2018\/06\/a_0030_02.pdf\" target=\"_self\" rel=\"noopener\"><img decoding=\"async\" class=\"rex_image\" src=\"https:\/\/csc-sarl.ch\/wp-content\/uploads\/2018\/06\/lu_003002_large60px.jpg\" alt=\"[Keine Beschreibung eingegeben]\" ismap=\"ismap\" \/><\/a><\/td>\n<td style=\"vertical-align: top; width: 103px; height: 75px;\"><span style=\"font-size: 10pt;\">Luzern<\/span><br \/>\n<span style=\"font-size: 10pt;\">13.3.09<\/span><br \/>\n<span style=\"font-size: 10pt;\">30.02<\/span><\/td>\n<td style=\"vertical-align: top; width: 172px; height: 75px;\"><span style=\"font-size: 10pt;\">L\u00f6wendenkmal\u00a0<\/span><\/td>\n<td style=\"vertical-align: top; width: 310px; height: 75px;\"><span style=\"font-size: 10pt;\">Argumente f\u00fcr oder gegen eine Schutzbeschichtung<\/span><\/td>\n<\/tr>\n<tr style=\"height: 75px;\">\n<td style=\"width: 113px; height: 75px;\"><a href=\"https:\/\/csc-sarl.ch\/wp-content\/uploads\/2018\/06\/a_0081_01.pdf\" target=\"_self\" rel=\"noopener\"><img decoding=\"async\" class=\"rex_image\" src=\"https:\/\/csc-sarl.ch\/wp-content\/uploads\/2018\/06\/lu_008101_large60px.jpg\" alt=\"[Keine Beschreibung eingegeben]\" ismap=\"ismap\" \/><\/a><\/td>\n<td style=\"vertical-align: top; width: 103px; height: 75px;\"><span style=\"font-size: 10pt;\">Luzern<\/span><br \/>\n<span style=\"font-size: 10pt;\">4.2.09<\/span><br \/>\n<span style=\"font-size: 10pt;\">81.01<\/span><\/td>\n<td style=\"vertical-align: top; width: 172px; height: 75px;\"><span style=\"font-size: 10pt;\">Musikpavillon<\/span><\/td>\n<td style=\"vertical-align: top; width: 310px; height: 75px;\"><span style=\"font-size: 10pt;\">Analyse von hellen Schleiern auf den Mosaiksteinen<\/span><\/td>\n<\/tr>\n<\/tbody>\n<\/table>\n<p><a name=\"kanton\"><\/a><\/p>\n<p><strong>Im Kanton Luzern durchgef\u00fchrte Projekte<\/strong><\/p>\n<table style=\"width: 700px;\" border=\"2\" width=\"580\" cellpadding=\"2\">\n<tbody>\n<tr>\n<td style=\"width: 103px;\"><strong>Res\u00fcmee<\/strong><\/td>\n<td style=\"width: 104px;\"><strong>Ort<br \/>\n<\/strong><\/td>\n<td style=\"width: 199px;\"><strong>Objekt<br \/>\n<\/strong><\/td>\n<td style=\"width: 294px;\"><strong>Thema\u00a0<\/strong><\/td>\n<\/tr>\n<tr>\n<td style=\"width: 103px;\" valign=\"top\"><a href=\"https:\/\/csc-sarl.ch\/wp-content\/uploads\/2018\/06\/a_0067_01.pdf\" target=\"_self\" rel=\"noopener\"><img decoding=\"async\" class=\"rex_image\" src=\"https:\/\/csc-sarl.ch\/wp-content\/uploads\/2018\/06\/lu_006701_large60px.jpg\" alt=\"[Keine Beschreibung eingegeben]\" ismap=\"ismap\" \/><\/a><\/td>\n<td style=\"vertical-align: top; width: 104px;\" valign=\"top\"><span style=\"font-size: 10pt;\">Ettiswil<\/span><br \/>\n<span style=\"font-size: 10pt;\">15.9.08<\/span><br \/>\n<span style=\"font-size: 10pt;\">67.01<\/span><\/td>\n<td style=\"vertical-align: top; width: 199px;\" valign=\"top\"><span style=\"font-size: 10pt;\">Katholische Kirche<\/span><\/td>\n<td style=\"vertical-align: top; width: 294px;\" valign=\"top\"><span style=\"font-size: 10pt;\">Untersuchung von weissen Schleiern<\/span><\/td>\n<\/tr>\n<tr>\n<td style=\"width: 103px;\" valign=\"top\"><a href=\"https:\/\/csc-sarl.ch\/wp-content\/uploads\/2018\/06\/a_0373_01.pdf\" target=\"_self\" rel=\"noopener\"><img decoding=\"async\" class=\"rex_image\" src=\"https:\/\/csc-sarl.ch\/wp-content\/uploads\/2018\/06\/lu_037301.jpg\" alt=\"[Keine Beschreibung eingegeben]\" ismap=\"ismap\" \/><\/a><\/td>\n<td style=\"vertical-align: top; width: 104px;\" valign=\"top\"><span style=\"font-size: 10pt;\">Hohenrain<\/span><br \/>\n<span style=\"font-size: 10pt;\">12.5.15<\/span><br \/>\n<span style=\"font-size: 10pt;\">373.01<\/span><\/td>\n<td style=\"vertical-align: top; width: 199px;\" valign=\"top\"><span style=\"font-size: 10pt;\">Lieli, Burgruine N\u00fcnegg<\/span><\/td>\n<td style=\"vertical-align: top; width: 294px;\" valign=\"top\"><span style=\"font-size: 10pt;\">Quantitative Salzanalysen<\/span><\/td>\n<\/tr>\n<tr>\n<td style=\"width: 103px;\" valign=\"top\"><a href=\"https:\/\/csc-sarl.ch\/wp-content\/uploads\/2018\/06\/a_0224_01.pdf\" target=\"_self\" rel=\"noopener\"><img decoding=\"async\" class=\"rex_image\" src=\"https:\/\/csc-sarl.ch\/wp-content\/uploads\/2018\/06\/lu_022401_large60px.jpg\" alt=\"\" ismap=\"ismap\" \/><\/a><\/td>\n<td style=\"vertical-align: top; width: 104px;\" valign=\"top\"><span style=\"font-size: 10pt;\">M\u00fcswangen<\/span><br \/>\n<span style=\"font-size: 10pt;\">31.1.12<\/span><br \/>\n<span style=\"font-size: 10pt;\">224.01<\/span><\/td>\n<td style=\"vertical-align: top; width: 199px;\" valign=\"top\"><span style=\"font-size: 10pt;\">Kirche<\/span><\/td>\n<td style=\"vertical-align: top; width: 294px;\" valign=\"top\"><span style=\"font-size: 10pt;\">Beratung zur Konservierung der Westfassade<\/span><\/td>\n<\/tr>\n<tr>\n<td style=\"width: 103px;\" valign=\"top\"><a href=\"https:\/\/csc-sarl.ch\/wp-content\/uploads\/2018\/06\/a_0230_01.pdf\" target=\"_self\" rel=\"noopener\"><img decoding=\"async\" class=\"rex_image\" src=\"https:\/\/csc-sarl.ch\/wp-content\/uploads\/2018\/06\/lu_023001_large60px.jpg\" alt=\"\" ismap=\"ismap\" \/><\/a><\/td>\n<td style=\"vertical-align: top; width: 104px;\" valign=\"top\"><span style=\"font-size: 10pt;\">Sursee<\/span><br \/>\n<span style=\"font-size: 10pt;\">18.4.12<\/span><br \/>\n<span style=\"font-size: 10pt;\">230.01<\/span><\/td>\n<td style=\"vertical-align: top; width: 199px;\" valign=\"top\"><span style=\"font-size: 10pt;\">Oberstadt 26<\/span><\/td>\n<td style=\"vertical-align: top; width: 294px;\" valign=\"top\"><span style=\"font-size: 10pt;\">Untersuchungen zum Malschichtaufbau<\/span><\/td>\n<\/tr>\n<\/tbody>\n<\/table>\n","protected":false},"excerpt":{"rendered":"<p>Im Kanton Luzern durchgef\u00fchrte Projekte: im Stadt Luzern\u00a0durchgef\u00fchrte Projekte; andere im\u00a0Kanton Luzern durchgef\u00fchrte Projekte. &nbsp; Im Stadt Luzern durchgef\u00fchrte Projekte\u00a0(aufs Bild klicken): &nbsp; Res\u00fcmee Ort Objekt Thema\u00a0 Luzern 10.2.10 136.01 B\u00e2timent des Finances Conservation du sol en gr\u00e8s Luzern 9.7.09 91.01 Konservatorium, Dreilinden Studie zu Zustand und Gef\u00e4hrdung und Beratung zu den M\u00f6glichkeiten zur Erhaltung &hellip; <a href=\"https:\/\/conservation-science.ch\/?page_id=39956&#038;lang=de\" class=\"more-link\">Continuer la lecture de <span class=\"screen-reader-text\">LU (Luzern)<\/span><\/a><\/p>\n","protected":false},"author":4,"featured_media":0,"parent":39867,"menu_order":8,"comment_status":"closed","ping_status":"closed","template":"","meta":{"footnotes":""},"class_list":["post-39956","page","type-page","status-publish","hentry"],"yoast_head":"<!-- This site is optimized with the Yoast SEO plugin v27.2 - https:\/\/yoast.com\/product\/yoast-seo-wordpress\/ -->\n<title>LU (Luzern) - Bl\u00e4uer - Conservation - Science<\/title>\n<meta name=\"robots\" content=\"index, follow, max-snippet:-1, max-image-preview:large, max-video-preview:-1\" \/>\n<link rel=\"canonical\" href=\"https:\/\/conservation-science.ch\/?page_id=39956&lang=de\" \/>\n<meta property=\"og:locale\" content=\"fr_FR\" \/>\n<meta property=\"og:type\" content=\"article\" \/>\n<meta property=\"og:title\" content=\"LU (Luzern) - Bl\u00e4uer - Conservation - Science\" \/>\n<meta property=\"og:description\" content=\"Im Kanton Luzern durchgef\u00fchrte Projekte: im Stadt Luzern\u00a0durchgef\u00fchrte Projekte; andere im\u00a0Kanton Luzern durchgef\u00fchrte Projekte. &nbsp; Im Stadt Luzern durchgef\u00fchrte Projekte\u00a0(aufs Bild klicken): &nbsp; Res\u00fcmee Ort Objekt Thema\u00a0 Luzern 10.2.10 136.01 B\u00e2timent des Finances Conservation du sol en gr\u00e8s Luzern 9.7.09 91.01 Konservatorium, Dreilinden Studie zu Zustand und Gef\u00e4hrdung und Beratung zu den M\u00f6glichkeiten zur Erhaltung &hellip; Continuer la lecture de LU (Luzern)\" \/>\n<meta property=\"og:url\" content=\"https:\/\/conservation-science.ch\/?page_id=39956&amp;lang=de\" \/>\n<meta property=\"og:site_name\" content=\"Bl\u00e4uer - Conservation - Science\" \/>\n<meta property=\"article:modified_time\" content=\"2024-11-16T15:43:05+00:00\" \/>\n<meta property=\"og:image\" content=\"https:\/\/csc-sarl.ch\/wp-content\/uploads\/2018\/06\/lu_013601_large60px.jpg\" \/>\n<meta name=\"twitter:card\" content=\"summary_large_image\" \/>\n<script type=\"application\/ld+json\" class=\"yoast-schema-graph\">{\"@context\":\"https:\/\/schema.org\",\"@graph\":[{\"@type\":\"WebPage\",\"@id\":\"https:\/\/conservation-science.ch\/?page_id=39956&lang=de\",\"url\":\"https:\/\/conservation-science.ch\/?page_id=39956&lang=de\",\"name\":\"LU (Luzern) - Bl\u00e4uer - Conservation - Science\",\"isPartOf\":{\"@id\":\"https:\/\/conservation-science.ch\/#website\"},\"primaryImageOfPage\":{\"@id\":\"https:\/\/conservation-science.ch\/?page_id=39956&lang=de#primaryimage\"},\"image\":{\"@id\":\"https:\/\/conservation-science.ch\/?page_id=39956&lang=de#primaryimage\"},\"thumbnailUrl\":\"https:\/\/csc-sarl.ch\/wp-content\/uploads\/2018\/06\/lu_013601_large60px.jpg\",\"datePublished\":\"2024-11-16T12:00:51+00:00\",\"dateModified\":\"2024-11-16T15:43:05+00:00\",\"breadcrumb\":{\"@id\":\"https:\/\/conservation-science.ch\/?page_id=39956&lang=de#breadcrumb\"},\"inLanguage\":\"fr-FR\",\"potentialAction\":[{\"@type\":\"ReadAction\",\"target\":[\"https:\/\/conservation-science.ch\/?page_id=39956&lang=de\"]}]},{\"@type\":\"ImageObject\",\"inLanguage\":\"fr-FR\",\"@id\":\"https:\/\/conservation-science.ch\/?page_id=39956&lang=de#primaryimage\",\"url\":\"https:\/\/csc-sarl.ch\/wp-content\/uploads\/2018\/06\/lu_013601_large60px.jpg\",\"contentUrl\":\"https:\/\/csc-sarl.ch\/wp-content\/uploads\/2018\/06\/lu_013601_large60px.jpg\"},{\"@type\":\"BreadcrumbList\",\"@id\":\"https:\/\/conservation-science.ch\/?page_id=39956&lang=de#breadcrumb\",\"itemListElement\":[{\"@type\":\"ListItem\",\"position\":1,\"name\":\"Accueil\",\"item\":\"https:\/\/conservation-science.ch\/\"},{\"@type\":\"ListItem\",\"position\":2,\"name\":\"Studien \/ Expertisen\",\"item\":\"https:\/\/conservation-science.ch\/?page_id=39826&lang=de\"},{\"@type\":\"ListItem\",\"position\":3,\"name\":\"Schweiz\",\"item\":\"https:\/\/conservation-science.ch\/?page_id=39867&lang=de\"},{\"@type\":\"ListItem\",\"position\":4,\"name\":\"LU (Luzern)\"}]},{\"@type\":\"WebSite\",\"@id\":\"https:\/\/conservation-science.ch\/#website\",\"url\":\"https:\/\/conservation-science.ch\/\",\"name\":\"CSC - Conservation - Sciences\",\"description\":\"Transmission de connaissances dans le domaine des sciences de la conservation du patrimoine b\u00e2ti\",\"potentialAction\":[{\"@type\":\"SearchAction\",\"target\":{\"@type\":\"EntryPoint\",\"urlTemplate\":\"https:\/\/conservation-science.ch\/?s={search_term_string}\"},\"query-input\":{\"@type\":\"PropertyValueSpecification\",\"valueRequired\":true,\"valueName\":\"search_term_string\"}}],\"inLanguage\":\"fr-FR\"}]}<\/script>\n<!-- \/ Yoast SEO plugin. -->","yoast_head_json":{"title":"LU (Luzern) - Bl\u00e4uer - Conservation - Science","robots":{"index":"index","follow":"follow","max-snippet":"max-snippet:-1","max-image-preview":"max-image-preview:large","max-video-preview":"max-video-preview:-1"},"canonical":"https:\/\/conservation-science.ch\/?page_id=39956&lang=de","og_locale":"fr_FR","og_type":"article","og_title":"LU (Luzern) - Bl\u00e4uer - Conservation - Science","og_description":"Im Kanton Luzern durchgef\u00fchrte Projekte: im Stadt Luzern\u00a0durchgef\u00fchrte Projekte; andere im\u00a0Kanton Luzern durchgef\u00fchrte Projekte. &nbsp; Im Stadt Luzern durchgef\u00fchrte Projekte\u00a0(aufs Bild klicken): &nbsp; Res\u00fcmee Ort Objekt Thema\u00a0 Luzern 10.2.10 136.01 B\u00e2timent des Finances Conservation du sol en gr\u00e8s Luzern 9.7.09 91.01 Konservatorium, Dreilinden Studie zu Zustand und Gef\u00e4hrdung und Beratung zu den M\u00f6glichkeiten zur Erhaltung &hellip; Continuer la lecture de LU (Luzern)","og_url":"https:\/\/conservation-science.ch\/?page_id=39956&lang=de","og_site_name":"Bl\u00e4uer - Conservation - Science","article_modified_time":"2024-11-16T15:43:05+00:00","og_image":[{"url":"https:\/\/csc-sarl.ch\/wp-content\/uploads\/2018\/06\/lu_013601_large60px.jpg","type":"","width":"","height":""}],"twitter_card":"summary_large_image","schema":{"@context":"https:\/\/schema.org","@graph":[{"@type":"WebPage","@id":"https:\/\/conservation-science.ch\/?page_id=39956&lang=de","url":"https:\/\/conservation-science.ch\/?page_id=39956&lang=de","name":"LU (Luzern) - Bl\u00e4uer - Conservation - Science","isPartOf":{"@id":"https:\/\/conservation-science.ch\/#website"},"primaryImageOfPage":{"@id":"https:\/\/conservation-science.ch\/?page_id=39956&lang=de#primaryimage"},"image":{"@id":"https:\/\/conservation-science.ch\/?page_id=39956&lang=de#primaryimage"},"thumbnailUrl":"https:\/\/csc-sarl.ch\/wp-content\/uploads\/2018\/06\/lu_013601_large60px.jpg","datePublished":"2024-11-16T12:00:51+00:00","dateModified":"2024-11-16T15:43:05+00:00","breadcrumb":{"@id":"https:\/\/conservation-science.ch\/?page_id=39956&lang=de#breadcrumb"},"inLanguage":"fr-FR","potentialAction":[{"@type":"ReadAction","target":["https:\/\/conservation-science.ch\/?page_id=39956&lang=de"]}]},{"@type":"ImageObject","inLanguage":"fr-FR","@id":"https:\/\/conservation-science.ch\/?page_id=39956&lang=de#primaryimage","url":"https:\/\/csc-sarl.ch\/wp-content\/uploads\/2018\/06\/lu_013601_large60px.jpg","contentUrl":"https:\/\/csc-sarl.ch\/wp-content\/uploads\/2018\/06\/lu_013601_large60px.jpg"},{"@type":"BreadcrumbList","@id":"https:\/\/conservation-science.ch\/?page_id=39956&lang=de#breadcrumb","itemListElement":[{"@type":"ListItem","position":1,"name":"Accueil","item":"https:\/\/conservation-science.ch\/"},{"@type":"ListItem","position":2,"name":"Studien \/ Expertisen","item":"https:\/\/conservation-science.ch\/?page_id=39826&lang=de"},{"@type":"ListItem","position":3,"name":"Schweiz","item":"https:\/\/conservation-science.ch\/?page_id=39867&lang=de"},{"@type":"ListItem","position":4,"name":"LU (Luzern)"}]},{"@type":"WebSite","@id":"https:\/\/conservation-science.ch\/#website","url":"https:\/\/conservation-science.ch\/","name":"CSC - Conservation - Sciences","description":"Transmission de connaissances dans le domaine des sciences de la conservation du patrimoine b\u00e2ti","potentialAction":[{"@type":"SearchAction","target":{"@type":"EntryPoint","urlTemplate":"https:\/\/conservation-science.ch\/?s={search_term_string}"},"query-input":{"@type":"PropertyValueSpecification","valueRequired":true,"valueName":"search_term_string"}}],"inLanguage":"fr-FR"}]}},"_links":{"self":[{"href":"https:\/\/conservation-science.ch\/index.php?rest_route=\/wp\/v2\/pages\/39956","targetHints":{"allow":["GET"]}}],"collection":[{"href":"https:\/\/conservation-science.ch\/index.php?rest_route=\/wp\/v2\/pages"}],"about":[{"href":"https:\/\/conservation-science.ch\/index.php?rest_route=\/wp\/v2\/types\/page"}],"author":[{"embeddable":true,"href":"https:\/\/conservation-science.ch\/index.php?rest_route=\/wp\/v2\/users\/4"}],"replies":[{"embeddable":true,"href":"https:\/\/conservation-science.ch\/index.php?rest_route=%2Fwp%2Fv2%2Fcomments&post=39956"}],"version-history":[{"count":1,"href":"https:\/\/conservation-science.ch\/index.php?rest_route=\/wp\/v2\/pages\/39956\/revisions"}],"predecessor-version":[{"id":39960,"href":"https:\/\/conservation-science.ch\/index.php?rest_route=\/wp\/v2\/pages\/39956\/revisions\/39960"}],"up":[{"embeddable":true,"href":"https:\/\/conservation-science.ch\/index.php?rest_route=\/wp\/v2\/pages\/39867"}],"wp:attachment":[{"href":"https:\/\/conservation-science.ch\/index.php?rest_route=%2Fwp%2Fv2%2Fmedia&parent=39956"}],"curies":[{"name":"wp","href":"https:\/\/api.w.org\/{rel}","templated":true}]}}