{"id":39951,"date":"2024-11-16T12:59:21","date_gmt":"2024-11-16T11:59:21","guid":{"rendered":"https:\/\/conservation-science.ch\/?page_id=39951"},"modified":"2024-11-16T12:59:21","modified_gmt":"2024-11-16T11:59:21","slug":"graubunden-other-sites-gr","status":"publish","type":"page","link":"https:\/\/conservation-science.ch\/?page_id=39951&lang=en","title":{"rendered":"Graub\u00fcnden &#8211; Other sites GR"},"content":{"rendered":"<p><strong>Already realised projects in the canton of\u00a0Graub\u00fcnden\u00a0(click on the picture):<\/strong><\/p>\n<p>&nbsp;<\/p>\n<table style=\"height: 1057px;\" border=\"2\" width=\"580\" cellpadding=\"2\">\n<tbody>\n<tr>\n<td style=\"width: 97px;\"><strong>Abstract<br \/>\n<\/strong><\/td>\n<td style=\"width: 127px;\"><strong>Venue\/date<\/strong><\/td>\n<td style=\"width: 155px;\"><strong>Object<\/strong><\/td>\n<td style=\"width: 320px;\"><strong>Topic<\/strong><\/td>\n<\/tr>\n<tr style=\"height: 72px;\">\n<td style=\"height: 72px; width: 97px;\" valign=\"top\"><a href=\"https:\/\/csc-sarl.ch\/wp-content\/uploads\/2018\/06\/a_0068_01.pdf\" target=\"_self\" rel=\"noopener\"><img decoding=\"async\" class=\"rex_image\" src=\"https:\/\/csc-sarl.ch\/wp-content\/uploads\/2018\/06\/gr_006801_large60px.jpg\" alt=\"[Keine Beschreibung eingegeben]\" ismap=\"ismap\" \/><\/a><\/td>\n<td style=\"height: 72px; vertical-align: top; width: 127px;\" valign=\"top\"><span style=\"font-size: 10pt;\">Avers-Cr\u00f6t<\/span><br \/>\n<span style=\"font-size: 10pt;\">22.9.08<\/span><br \/>\n<span style=\"font-size: 10pt;\">68.01<\/span><\/td>\n<td style=\"height: 72px; vertical-align: top; width: 155px;\" valign=\"top\"><span style=\"font-size: 10pt;\">Stainst\u00e4g bridge<\/span><\/td>\n<td style=\"height: 72px; vertical-align: top; width: 320px;\" valign=\"top\"><span style=\"font-size: 10pt;\">Recommandation for a mortar<\/span><\/td>\n<\/tr>\n<tr style=\"height: 72px;\">\n<td style=\"height: 72px; width: 97px;\" valign=\"top\"><a href=\"https:\/\/csc-sarl.ch\/wp-content\/uploads\/2018\/06\/a_0098_01.pdf\" target=\"_self\" rel=\"noopener\"><img decoding=\"async\" class=\"rex_image\" src=\"https:\/\/csc-sarl.ch\/wp-content\/uploads\/2018\/06\/gr_009801_large60px.jpg\" alt=\"[Keine Beschreibung eingegeben]\" ismap=\"ismap\" \/><\/a><\/td>\n<td style=\"height: 72px; vertical-align: top; width: 127px;\" valign=\"top\"><span style=\"font-size: 10pt;\">Berg\u00fcn<\/span><br \/>\n<span style=\"font-size: 10pt;\">20.7.09<\/span><br \/>\n<span style=\"font-size: 10pt;\">98.01<\/span><\/td>\n<td style=\"height: 72px; vertical-align: top; width: 155px;\" valign=\"top\"><span style=\"font-size: 10pt;\">Evang. church<\/span><\/td>\n<td style=\"height: 72px; vertical-align: top; width: 320px;\" valign=\"top\"><span style=\"font-size: 10pt;\">Salt analysis<\/span><\/td>\n<\/tr>\n<tr style=\"height: 72px;\">\n<td style=\"height: 72px; width: 97px;\" valign=\"top\"><a href=\"https:\/\/csc-sarl.ch\/wp-content\/uploads\/2018\/06\/a_0132_01.pdf\" target=\"_self\" rel=\"noopener\"><img decoding=\"async\" class=\"rex_image\" src=\"https:\/\/csc-sarl.ch\/wp-content\/uploads\/2018\/06\/gr_013201_large60px.jpg\" alt=\"[Keine Beschreibung eingegeben]\" ismap=\"ismap\" \/><\/a><\/td>\n<td style=\"height: 72px; vertical-align: top; width: 127px;\" valign=\"top\"><span style=\"font-size: 10pt;\">Berg\u00fcn<\/span><br \/>\n<span style=\"font-size: 10pt;\">19.11.09<\/span><br \/>\n<span style=\"font-size: 10pt;\">132.01<\/span><\/td>\n<td style=\"height: 72px; vertical-align: top; width: 155px;\" valign=\"top\"><span style=\"font-size: 10pt;\">Evang. church<\/span><\/td>\n<td style=\"height: 72px; vertical-align: top; width: 320px;\" valign=\"top\"><span style=\"font-size: 10pt;\">Pigment analysis<\/span><\/td>\n<\/tr>\n<tr style=\"height: 72px;\">\n<td style=\"height: 72px; width: 97px;\" valign=\"top\"><a href=\"https:\/\/csc-sarl.ch\/wp-content\/uploads\/2018\/06\/a_0406_01.pdf\" target=\"_self\" rel=\"noopener\"><img decoding=\"async\" class=\"rex_image\" src=\"https:\/\/csc-sarl.ch\/wp-content\/uploads\/2018\/06\/gr_040601.jpg\" alt=\"[Keine Beschreibung eingegeben]\" ismap=\"ismap\" \/><\/a><\/td>\n<td style=\"height: 72px; vertical-align: top; width: 127px;\" valign=\"top\"><span style=\"font-size: 10pt;\">Davos<\/span><br \/>\n<span style=\"font-size: 10pt;\">15.9.15<\/span><br \/>\n<span style=\"font-size: 10pt;\">406.01<\/span><\/td>\n<td style=\"height: 72px; vertical-align: top; width: 155px;\" valign=\"top\"><span style=\"font-size: 10pt;\">Valsana&rsquo;s house<\/span><\/td>\n<td style=\"height: 72px; vertical-align: top; width: 320px;\" valign=\"top\"><span style=\"font-size: 10pt;\">Material analysis<\/span><\/td>\n<\/tr>\n<tr style=\"height: 72px;\">\n<td style=\"height: 72px; width: 97px;\" valign=\"top\"><a href=\"https:\/\/csc-sarl.ch\/wp-content\/uploads\/2018\/06\/a_0166_01.pdf\" target=\"_self\" rel=\"noopener\"><img decoding=\"async\" class=\"rex_image\" src=\"https:\/\/csc-sarl.ch\/wp-content\/uploads\/2018\/06\/gr_016601.jpg\" alt=\"[Keine Beschreibung eingegeben]\" ismap=\"ismap\" \/><\/a><\/td>\n<td style=\"height: 72px; vertical-align: top; width: 127px;\" valign=\"top\"><span style=\"font-size: 10pt;\">Filisur<\/span><br \/>\n<span style=\"font-size: 10pt;\">25.10.10<\/span><br \/>\n<span style=\"font-size: 10pt;\">166.01<\/span><\/td>\n<td style=\"height: 72px; vertical-align: top; width: 155px;\" valign=\"top\"><span style=\"font-size: 10pt;\">Projer&rsquo;s house<\/span><\/td>\n<td style=\"height: 72px; vertical-align: top; width: 320px;\" valign=\"top\"><span style=\"font-size: 10pt;\">Polychromy analysis<\/span><\/td>\n<\/tr>\n<tr style=\"height: 72px;\">\n<td style=\"height: 72px; width: 97px;\" valign=\"top\"><a href=\"https:\/\/csc-sarl.ch\/wp-content\/uploads\/2018\/06\/a_0016_02.pdf\" target=\"_self\" rel=\"noopener\"><img decoding=\"async\" class=\"rex_image\" src=\"https:\/\/csc-sarl.ch\/wp-content\/uploads\/2018\/06\/gr_001602.jpg\" alt=\"[Keine Beschreibung eingegeben]\" ismap=\"ismap\" \/><\/a><\/td>\n<td style=\"height: 72px; vertical-align: top; width: 127px;\" valign=\"top\"><span style=\"font-size: 10pt;\">Furstenau<\/span><br \/>\n<span style=\"font-size: 10pt;\">14.12.10<\/span><br \/>\n<span style=\"font-size: 10pt;\">16.02<\/span><\/td>\n<td style=\"height: 72px; vertical-align: top; width: 155px;\" valign=\"top\"><span style=\"font-size: 10pt;\">Stoffelhaus<\/span><\/td>\n<td style=\"height: 72px; vertical-align: top; width: 320px;\" valign=\"top\"><span style=\"font-size: 10pt;\">Modern painting analysis<\/span><\/td>\n<\/tr>\n<tr style=\"height: 72px;\">\n<td style=\"height: 72px; width: 97px;\" valign=\"top\"><a href=\"https:\/\/conservation-science.ch\/a_0317_01\/\"><img loading=\"lazy\" decoding=\"async\" class=\"rex_image alignnone\" src=\"https:\/\/csc-sarl.ch\/wp-content\/uploads\/2018\/06\/gr_031701.jpg\" alt=\"[Keine Beschreibung eingegeben]\" ismap=\"ismap\" width=\"60\" height=\"40\" \/><\/a><\/td>\n<td style=\"height: 72px; vertical-align: top; width: 127px;\" valign=\"top\"><span style=\"font-size: 10pt;\">Illanz<\/span><br \/>\n<span style=\"font-size: 10pt;\">20.1.14<\/span><br \/>\n<span style=\"font-size: 10pt;\">317.01<\/span><\/td>\n<td style=\"height: 72px; vertical-align: top; width: 155px;\" valign=\"top\"><span style=\"font-size: 10pt;\">Klosterhof<\/span><\/td>\n<td style=\"height: 72px; vertical-align: top; width: 320px;\" valign=\"top\"><span style=\"font-size: 10pt;\">Analysis of efflorescence<\/span><\/td>\n<\/tr>\n<tr style=\"height: 72px;\">\n<td style=\"height: 72px; width: 97px;\" valign=\"top\"><a href=\"https:\/\/conservation-science.ch\/a_0287_01\/\"><img loading=\"lazy\" decoding=\"async\" class=\"rex_image alignnone\" src=\"https:\/\/csc-sarl.ch\/wp-content\/uploads\/2018\/06\/gr_028701_large60px.jpg\" alt=\"\" ismap=\"ismap\" width=\"60\" height=\"36\" \/><\/a><\/td>\n<td style=\"height: 72px; vertical-align: top; width: 127px;\" valign=\"top\"><span style=\"font-size: 10pt;\">Rh\u00e4z\u00fcns<\/span><br \/>\n<span style=\"font-size: 10pt;\">13.5.13<\/span><br \/>\n<span style=\"font-size: 10pt;\">287.01<\/span><\/td>\n<td style=\"height: 72px; vertical-align: top; width: 155px;\" valign=\"top\"><span style=\"font-size: 10pt;\">Castel<\/span><\/td>\n<td style=\"height: 72px; vertical-align: top; width: 320px;\" valign=\"top\"><span style=\"font-size: 10pt;\">Quantitative salt analysis<\/span><\/td>\n<\/tr>\n<tr style=\"height: 72px;\">\n<td style=\"height: 72px; width: 97px;\" valign=\"top\"><a href=\"https:\/\/csc-sarl.ch\/wp-content\/uploads\/2018\/06\/a_0210_01.pdf\" target=\"_self\" rel=\"noopener\"><img decoding=\"async\" class=\"rex_image\" src=\"https:\/\/csc-sarl.ch\/wp-content\/uploads\/2018\/06\/gr_021001_large60px.jpg\" alt=\"\" ismap=\"ismap\" \/><\/a><\/td>\n<td style=\"height: 72px; vertical-align: top; width: 127px;\" valign=\"top\"><span style=\"font-size: 10pt;\">Rueun<\/span><br \/>\n<span style=\"font-size: 10pt;\">7.11.11<\/span><br \/>\n<span style=\"font-size: 10pt;\">210.01<\/span><\/td>\n<td style=\"height: 72px; vertical-align: top; width: 155px;\" valign=\"top\"><span style=\"font-size: 10pt;\">St. Nikolaus chapel<\/span><\/td>\n<td style=\"height: 72px; vertical-align: top; width: 320px;\" valign=\"top\"><span style=\"font-size: 10pt;\">Material analysis<\/span><\/td>\n<\/tr>\n<tr style=\"height: 72px;\">\n<td style=\"height: 72px; width: 97px;\" valign=\"top\"><a href=\"https:\/\/csc-sarl.ch\/wp-content\/uploads\/2018\/06\/a_0210_02.pdf\" target=\"_self\" rel=\"noopener\"><img decoding=\"async\" class=\"rex_image\" src=\"https:\/\/csc-sarl.ch\/wp-content\/uploads\/2018\/06\/gr_021002_large60px.jpg\" alt=\"\" ismap=\"ismap\" \/><\/a><\/td>\n<td style=\"height: 72px; vertical-align: top; width: 127px;\" valign=\"top\"><span style=\"font-size: 10pt;\">Rueun<\/span><br \/>\n<span style=\"font-size: 10pt;\">14.1.13<\/span><br \/>\n<span style=\"font-size: 10pt;\">210.02<\/span><\/td>\n<td style=\"height: 72px; vertical-align: top; width: 155px;\" valign=\"top\"><span style=\"font-size: 10pt;\">St. Nikolaus chapel<\/span><\/td>\n<td style=\"height: 72px; vertical-align: top; width: 320px;\" valign=\"top\"><span style=\"font-size: 10pt;\">Climate monitoring, 2011-2012<\/span><\/td>\n<\/tr>\n<tr style=\"height: 72px;\">\n<td style=\"height: 72px; width: 97px;\" valign=\"top\"><a href=\"https:\/\/csc-sarl.ch\/wp-content\/uploads\/2018\/06\/a_0210_03.pdf\" target=\"_self\" rel=\"noopener\"><img decoding=\"async\" class=\"rex_image\" src=\"https:\/\/csc-sarl.ch\/wp-content\/uploads\/2018\/06\/gr_021003.jpg\" alt=\"[Keine Beschreibung eingegeben]\" ismap=\"ismap\" \/><\/a><\/td>\n<td style=\"height: 72px; vertical-align: top; width: 127px;\" valign=\"top\"><span style=\"font-size: 10pt;\">Rueun<\/span><br \/>\n<span style=\"font-size: 10pt;\">9.1.15<\/span><br \/>\n<span style=\"font-size: 10pt;\">210.03<\/span><\/td>\n<td style=\"height: 72px; vertical-align: top; width: 155px;\" valign=\"top\"><span style=\"font-size: 10pt;\">St. Nikolaus chapel<\/span><\/td>\n<td style=\"height: 72px; vertical-align: top; width: 320px;\" valign=\"top\"><span style=\"font-size: 10pt;\">Climate monitoring, 2013-2014<\/span><\/td>\n<\/tr>\n<tr style=\"height: 72px;\">\n<td style=\"height: 72px; width: 97px;\" valign=\"top\"><a href=\"https:\/\/csc-sarl.ch\/wp-content\/uploads\/2018\/06\/a_0176_02.pdf\" target=\"_self\" rel=\"noopener\"><img decoding=\"async\" class=\"rex_image\" src=\"https:\/\/csc-sarl.ch\/wp-content\/uploads\/2018\/06\/gr_017602.jpg\" alt=\"[Keine Beschreibung eingegeben]\" ismap=\"ismap\" \/><\/a><\/td>\n<td style=\"height: 72px; vertical-align: top; width: 127px;\" valign=\"top\"><span style=\"font-size: 10pt;\">Poschiavo<\/span><br \/>\n<span style=\"font-size: 10pt;\">21.7.14<\/span><br \/>\n<span style=\"font-size: 10pt;\">176.02<\/span><\/td>\n<td style=\"height: 72px; vertical-align: top; width: 155px;\" valign=\"top\"><span style=\"font-size: 10pt;\">Evang. church<\/span><\/td>\n<td style=\"height: 72px; vertical-align: top; width: 320px;\" valign=\"top\"><span style=\"font-size: 10pt;\">Salt analysis<\/span><\/td>\n<\/tr>\n<tr style=\"height: 97px;\">\n<td style=\"height: 97px; width: 97px;\" valign=\"top\"><a href=\"https:\/\/csc-sarl.ch\/wp-content\/uploads\/2018\/06\/a_0191_01.pdf\" target=\"_self\" rel=\"noopener\"><img decoding=\"async\" class=\"rex_image\" src=\"https:\/\/csc-sarl.ch\/wp-content\/uploads\/2018\/06\/gr_019101.jpg\" alt=\"[Keine Beschreibung eingegeben]\" ismap=\"ismap\" \/><\/a><\/td>\n<td style=\"height: 97px; vertical-align: top; width: 127px;\" valign=\"top\"><span style=\"font-size: 10pt;\">Safien Platz<\/span><br \/>\n<span style=\"font-size: 10pt;\">3.03.11<\/span><br \/>\n<span style=\"font-size: 10pt;\">191.01<\/span><\/td>\n<td style=\"height: 97px; vertical-align: top; width: 155px;\" valign=\"top\"><span style=\"font-size: 10pt;\">Church<\/span><\/td>\n<td style=\"height: 97px; vertical-align: top; width: 320px;\" valign=\"top\"><span style=\"font-size: 10pt;\">Render analysis<\/span><\/td>\n<\/tr>\n<tr style=\"height: 72px;\">\n<td style=\"height: 72px; width: 97px;\" valign=\"top\"><a href=\"https:\/\/csc-sarl.ch\/wp-content\/uploads\/2018\/06\/a_0131_01.pdf\" target=\"_self\" rel=\"noopener\"><img decoding=\"async\" class=\"rex_image\" src=\"https:\/\/csc-sarl.ch\/wp-content\/uploads\/2018\/06\/gr_013101_large60px.jpg\" alt=\"[Keine Beschreibung eingegeben]\" ismap=\"ismap\" \/><\/a><\/td>\n<td style=\"height: 72px; vertical-align: top; width: 127px;\" valign=\"top\"><span style=\"font-size: 10pt;\">Stuls<\/span><br \/>\n<span style=\"font-size: 10pt;\">19.11.09<\/span><br \/>\n<span style=\"font-size: 10pt;\">131.01<\/span><\/td>\n<td style=\"height: 72px; vertical-align: top; width: 155px;\" valign=\"top\"><span style=\"font-size: 10pt;\">Evang. church<\/span><\/td>\n<td style=\"height: 72px; vertical-align: top; width: 320px;\" valign=\"top\"><span style=\"font-size: 10pt;\">Pigment analysis<\/span><\/td>\n<\/tr>\n<\/tbody>\n<\/table>\n","protected":false},"excerpt":{"rendered":"<p>Already realised projects in the canton of\u00a0Graub\u00fcnden\u00a0(click on the picture): &nbsp; Abstract Venue\/date Object Topic Avers-Cr\u00f6t 22.9.08 68.01 Stainst\u00e4g bridge Recommandation for a mortar Berg\u00fcn 20.7.09 98.01 Evang. church Salt analysis Berg\u00fcn 19.11.09 132.01 Evang. church Pigment analysis Davos 15.9.15 406.01 Valsana&rsquo;s house Material analysis Filisur 25.10.10 166.01 Projer&rsquo;s house Polychromy analysis Furstenau 14.12.10 16.02 &hellip; <a href=\"https:\/\/conservation-science.ch\/?page_id=39951&#038;lang=en\" class=\"more-link\">Continuer la lecture de <span class=\"screen-reader-text\">Graub\u00fcnden &#8211; Other sites GR<\/span><\/a><\/p>\n","protected":false},"author":4,"featured_media":0,"parent":39929,"menu_order":4,"comment_status":"closed","ping_status":"closed","template":"","meta":{"footnotes":""},"class_list":["post-39951","page","type-page","status-publish","hentry"],"yoast_head":"<!-- This site is optimized with the Yoast SEO plugin v27.2 - https:\/\/yoast.com\/product\/yoast-seo-wordpress\/ -->\n<title>Graub\u00fcnden - Other sites GR - Bl\u00e4uer - Conservation - Science<\/title>\n<meta name=\"robots\" content=\"index, follow, max-snippet:-1, max-image-preview:large, max-video-preview:-1\" \/>\n<link rel=\"canonical\" href=\"https:\/\/conservation-science.ch\/?page_id=39951&lang=en\" \/>\n<meta property=\"og:locale\" content=\"fr_FR\" \/>\n<meta property=\"og:type\" content=\"article\" \/>\n<meta property=\"og:title\" content=\"Graub\u00fcnden - Other sites GR - Bl\u00e4uer - Conservation - Science\" \/>\n<meta property=\"og:description\" content=\"Already realised projects in the canton of\u00a0Graub\u00fcnden\u00a0(click on the picture): &nbsp; Abstract Venue\/date Object Topic Avers-Cr\u00f6t 22.9.08 68.01 Stainst\u00e4g bridge Recommandation for a mortar Berg\u00fcn 20.7.09 98.01 Evang. church Salt analysis Berg\u00fcn 19.11.09 132.01 Evang. church Pigment analysis Davos 15.9.15 406.01 Valsana&rsquo;s house Material analysis Filisur 25.10.10 166.01 Projer&rsquo;s house Polychromy analysis Furstenau 14.12.10 16.02 &hellip; Continuer la lecture de Graub\u00fcnden &#8211; Other sites GR\" \/>\n<meta property=\"og:url\" content=\"https:\/\/conservation-science.ch\/?page_id=39951&amp;lang=en\" \/>\n<meta property=\"og:site_name\" content=\"Bl\u00e4uer - Conservation - Science\" \/>\n<meta property=\"og:image\" content=\"https:\/\/csc-sarl.ch\/wp-content\/uploads\/2018\/06\/gr_006801_large60px.jpg\" \/>\n<meta name=\"twitter:card\" content=\"summary_large_image\" \/>\n<meta name=\"twitter:label1\" content=\"Dur\u00e9e de lecture estim\u00e9e\" \/>\n\t<meta name=\"twitter:data1\" content=\"4 minutes\" \/>\n<script type=\"application\/ld+json\" class=\"yoast-schema-graph\">{\"@context\":\"https:\/\/schema.org\",\"@graph\":[{\"@type\":\"WebPage\",\"@id\":\"https:\/\/conservation-science.ch\/?page_id=39951&lang=en\",\"url\":\"https:\/\/conservation-science.ch\/?page_id=39951&lang=en\",\"name\":\"Graub\u00fcnden - Other sites GR - Bl\u00e4uer - Conservation - Science\",\"isPartOf\":{\"@id\":\"https:\/\/conservation-science.ch\/#website\"},\"primaryImageOfPage\":{\"@id\":\"https:\/\/conservation-science.ch\/?page_id=39951&lang=en#primaryimage\"},\"image\":{\"@id\":\"https:\/\/conservation-science.ch\/?page_id=39951&lang=en#primaryimage\"},\"thumbnailUrl\":\"https:\/\/csc-sarl.ch\/wp-content\/uploads\/2018\/06\/gr_006801_large60px.jpg\",\"datePublished\":\"2024-11-16T11:59:21+00:00\",\"breadcrumb\":{\"@id\":\"https:\/\/conservation-science.ch\/?page_id=39951&lang=en#breadcrumb\"},\"inLanguage\":\"fr-FR\",\"potentialAction\":[{\"@type\":\"ReadAction\",\"target\":[\"https:\/\/conservation-science.ch\/?page_id=39951&lang=en\"]}]},{\"@type\":\"ImageObject\",\"inLanguage\":\"fr-FR\",\"@id\":\"https:\/\/conservation-science.ch\/?page_id=39951&lang=en#primaryimage\",\"url\":\"https:\/\/csc-sarl.ch\/wp-content\/uploads\/2018\/06\/gr_006801_large60px.jpg\",\"contentUrl\":\"https:\/\/csc-sarl.ch\/wp-content\/uploads\/2018\/06\/gr_006801_large60px.jpg\"},{\"@type\":\"BreadcrumbList\",\"@id\":\"https:\/\/conservation-science.ch\/?page_id=39951&lang=en#breadcrumb\",\"itemListElement\":[{\"@type\":\"ListItem\",\"position\":1,\"name\":\"Accueil\",\"item\":\"https:\/\/conservation-science.ch\/\"},{\"@type\":\"ListItem\",\"position\":2,\"name\":\"Studies &#038; investigations\",\"item\":\"https:\/\/conservation-science.ch\/?page_id=39827&lang=en\"},{\"@type\":\"ListItem\",\"position\":3,\"name\":\"Switzerland\",\"item\":\"https:\/\/conservation-science.ch\/?page_id=39868&lang=en\"},{\"@type\":\"ListItem\",\"position\":4,\"name\":\"GR (Graub\u00fcnden)\",\"item\":\"https:\/\/conservation-science.ch\/?page_id=39929&lang=en\"},{\"@type\":\"ListItem\",\"position\":5,\"name\":\"Graub\u00fcnden &#8211; Other sites GR\"}]},{\"@type\":\"WebSite\",\"@id\":\"https:\/\/conservation-science.ch\/#website\",\"url\":\"https:\/\/conservation-science.ch\/\",\"name\":\"CSC - Conservation - Sciences\",\"description\":\"Transmission de connaissances dans le domaine des sciences de la conservation du patrimoine b\u00e2ti\",\"potentialAction\":[{\"@type\":\"SearchAction\",\"target\":{\"@type\":\"EntryPoint\",\"urlTemplate\":\"https:\/\/conservation-science.ch\/?s={search_term_string}\"},\"query-input\":{\"@type\":\"PropertyValueSpecification\",\"valueRequired\":true,\"valueName\":\"search_term_string\"}}],\"inLanguage\":\"fr-FR\"}]}<\/script>\n<!-- \/ Yoast SEO plugin. -->","yoast_head_json":{"title":"Graub\u00fcnden - Other sites GR - Bl\u00e4uer - Conservation - Science","robots":{"index":"index","follow":"follow","max-snippet":"max-snippet:-1","max-image-preview":"max-image-preview:large","max-video-preview":"max-video-preview:-1"},"canonical":"https:\/\/conservation-science.ch\/?page_id=39951&lang=en","og_locale":"fr_FR","og_type":"article","og_title":"Graub\u00fcnden - Other sites GR - Bl\u00e4uer - Conservation - Science","og_description":"Already realised projects in the canton of\u00a0Graub\u00fcnden\u00a0(click on the picture): &nbsp; Abstract Venue\/date Object Topic Avers-Cr\u00f6t 22.9.08 68.01 Stainst\u00e4g bridge Recommandation for a mortar Berg\u00fcn 20.7.09 98.01 Evang. church Salt analysis Berg\u00fcn 19.11.09 132.01 Evang. church Pigment analysis Davos 15.9.15 406.01 Valsana&rsquo;s house Material analysis Filisur 25.10.10 166.01 Projer&rsquo;s house Polychromy analysis Furstenau 14.12.10 16.02 &hellip; Continuer la lecture de Graub\u00fcnden &#8211; Other sites GR","og_url":"https:\/\/conservation-science.ch\/?page_id=39951&lang=en","og_site_name":"Bl\u00e4uer - Conservation - Science","og_image":[{"url":"https:\/\/csc-sarl.ch\/wp-content\/uploads\/2018\/06\/gr_006801_large60px.jpg","type":"","width":"","height":""}],"twitter_card":"summary_large_image","twitter_misc":{"Dur\u00e9e de lecture estim\u00e9e":"4 minutes"},"schema":{"@context":"https:\/\/schema.org","@graph":[{"@type":"WebPage","@id":"https:\/\/conservation-science.ch\/?page_id=39951&lang=en","url":"https:\/\/conservation-science.ch\/?page_id=39951&lang=en","name":"Graub\u00fcnden - Other sites GR - Bl\u00e4uer - Conservation - Science","isPartOf":{"@id":"https:\/\/conservation-science.ch\/#website"},"primaryImageOfPage":{"@id":"https:\/\/conservation-science.ch\/?page_id=39951&lang=en#primaryimage"},"image":{"@id":"https:\/\/conservation-science.ch\/?page_id=39951&lang=en#primaryimage"},"thumbnailUrl":"https:\/\/csc-sarl.ch\/wp-content\/uploads\/2018\/06\/gr_006801_large60px.jpg","datePublished":"2024-11-16T11:59:21+00:00","breadcrumb":{"@id":"https:\/\/conservation-science.ch\/?page_id=39951&lang=en#breadcrumb"},"inLanguage":"fr-FR","potentialAction":[{"@type":"ReadAction","target":["https:\/\/conservation-science.ch\/?page_id=39951&lang=en"]}]},{"@type":"ImageObject","inLanguage":"fr-FR","@id":"https:\/\/conservation-science.ch\/?page_id=39951&lang=en#primaryimage","url":"https:\/\/csc-sarl.ch\/wp-content\/uploads\/2018\/06\/gr_006801_large60px.jpg","contentUrl":"https:\/\/csc-sarl.ch\/wp-content\/uploads\/2018\/06\/gr_006801_large60px.jpg"},{"@type":"BreadcrumbList","@id":"https:\/\/conservation-science.ch\/?page_id=39951&lang=en#breadcrumb","itemListElement":[{"@type":"ListItem","position":1,"name":"Accueil","item":"https:\/\/conservation-science.ch\/"},{"@type":"ListItem","position":2,"name":"Studies &#038; investigations","item":"https:\/\/conservation-science.ch\/?page_id=39827&lang=en"},{"@type":"ListItem","position":3,"name":"Switzerland","item":"https:\/\/conservation-science.ch\/?page_id=39868&lang=en"},{"@type":"ListItem","position":4,"name":"GR (Graub\u00fcnden)","item":"https:\/\/conservation-science.ch\/?page_id=39929&lang=en"},{"@type":"ListItem","position":5,"name":"Graub\u00fcnden &#8211; Other sites GR"}]},{"@type":"WebSite","@id":"https:\/\/conservation-science.ch\/#website","url":"https:\/\/conservation-science.ch\/","name":"CSC - Conservation - Sciences","description":"Transmission de connaissances dans le domaine des sciences de la conservation du patrimoine b\u00e2ti","potentialAction":[{"@type":"SearchAction","target":{"@type":"EntryPoint","urlTemplate":"https:\/\/conservation-science.ch\/?s={search_term_string}"},"query-input":{"@type":"PropertyValueSpecification","valueRequired":true,"valueName":"search_term_string"}}],"inLanguage":"fr-FR"}]}},"_links":{"self":[{"href":"https:\/\/conservation-science.ch\/index.php?rest_route=\/wp\/v2\/pages\/39951","targetHints":{"allow":["GET"]}}],"collection":[{"href":"https:\/\/conservation-science.ch\/index.php?rest_route=\/wp\/v2\/pages"}],"about":[{"href":"https:\/\/conservation-science.ch\/index.php?rest_route=\/wp\/v2\/types\/page"}],"author":[{"embeddable":true,"href":"https:\/\/conservation-science.ch\/index.php?rest_route=\/wp\/v2\/users\/4"}],"replies":[{"embeddable":true,"href":"https:\/\/conservation-science.ch\/index.php?rest_route=%2Fwp%2Fv2%2Fcomments&post=39951"}],"version-history":[{"count":1,"href":"https:\/\/conservation-science.ch\/index.php?rest_route=\/wp\/v2\/pages\/39951\/revisions"}],"predecessor-version":[{"id":39954,"href":"https:\/\/conservation-science.ch\/index.php?rest_route=\/wp\/v2\/pages\/39951\/revisions\/39954"}],"up":[{"embeddable":true,"href":"https:\/\/conservation-science.ch\/index.php?rest_route=\/wp\/v2\/pages\/39929"}],"wp:attachment":[{"href":"https:\/\/conservation-science.ch\/index.php?rest_route=%2Fwp%2Fv2%2Fmedia&parent=39951"}],"curies":[{"name":"wp","href":"https:\/\/api.w.org\/{rel}","templated":true}]}}