{"id":39939,"date":"2024-11-16T12:49:16","date_gmt":"2024-11-16T11:49:16","guid":{"rendered":"https:\/\/conservation-science.ch\/?page_id=39939"},"modified":"2024-11-16T12:49:16","modified_gmt":"2024-11-16T11:49:16","slug":"mustair","status":"publish","type":"page","link":"https:\/\/conservation-science.ch\/?page_id=39939&lang=en","title":{"rendered":"M\u00fcstair"},"content":{"rendered":"<p><strong>Already realised projects in M\u00fcstair (GR)\u00a0(click on the picture):<\/strong><\/p>\n<p>&nbsp;<\/p>\n<table style=\"width: 699px;\" border=\"2\" width=\"580\" cellpadding=\"2\">\n<tbody>\n<tr>\n<td style=\"width: 97px;\"><strong>Abstract<br \/>\n<\/strong><\/td>\n<td style=\"width: 127px;\"><strong>Venue\/date<\/strong><\/td>\n<td style=\"width: 250px;\"><strong>Object<\/strong><\/td>\n<td style=\"width: 225px;\"><strong>Topic<\/strong><\/td>\n<\/tr>\n<tr>\n<td style=\"vertical-align: top; width: 97px;\" valign=\"top\"><a href=\"https:\/\/csc-sarl.ch\/wp-content\/uploads\/2018\/06\/a_0020_01.pdf\" target=\"_self\" rel=\"noopener\"><img decoding=\"async\" class=\"rex_image\" src=\"https:\/\/csc-sarl.ch\/wp-content\/uploads\/2018\/06\/gr_002001_large60px.jpg\" alt=\"[Keine Beschreibung eingegeben]\" ismap=\"ismap\" \/><\/a><\/td>\n<td style=\"vertical-align: top; width: 127px;\" valign=\"top\" width=\"\" height=\"40\"><span style=\"font-size: 10pt;\">M\u00fcstair<\/span><br \/>\n<span style=\"font-size: 10pt;\">21.5.07<\/span><br \/>\n<span style=\"font-size: 10pt;\">20.01<\/span><\/td>\n<td style=\"vertical-align: top; width: 250px;\" valign=\"top\"><span style=\"font-size: 10pt;\">Early Middle Ages sculpted stones (Flechtwerksteine)<\/span><\/td>\n<td style=\"vertical-align: top; width: 225px;\" valign=\"top\"><span style=\"font-size: 10pt;\">Search for traces of polychromy<\/span><\/td>\n<\/tr>\n<tr>\n<td style=\"vertical-align: top; width: 97px;\" valign=\"top\"><a href=\"https:\/\/csc-sarl.ch\/wp-content\/uploads\/2018\/06\/a_0029_01.pdf\" target=\"_self\" rel=\"noopener\"><img decoding=\"async\" class=\"rex_image\" src=\"https:\/\/csc-sarl.ch\/wp-content\/uploads\/2018\/06\/gr_002901_large60px.jpg\" alt=\"[Keine Beschreibung eingegeben]\" ismap=\"ismap\" \/><\/a><\/td>\n<td style=\"vertical-align: top; width: 127px;\" valign=\"top\" width=\"\" height=\"40\"><span style=\"font-size: 10pt;\">M\u00fcstair<\/span><br \/>\n<span style=\"font-size: 10pt;\">5.12.07<\/span><br \/>\n<span style=\"font-size: 10pt;\">29.01<\/span><\/td>\n<td style=\"vertical-align: top; width: 250px;\" valign=\"top\"><span style=\"font-size: 10pt;\">Chapel of the Holy Cross (Heiligkreuzkapelle)<\/span><\/td>\n<td style=\"vertical-align: top; width: 225px;\" valign=\"top\"><span style=\"font-size: 10pt;\">Material analysis<\/span><\/td>\n<\/tr>\n<tr>\n<td style=\"vertical-align: top; width: 97px;\" valign=\"top\"><a href=\"https:\/\/csc-sarl.ch\/wp-content\/uploads\/2018\/06\/a_0123_01.pdf\" target=\"_self\" rel=\"noopener\"><img decoding=\"async\" class=\"rex_image\" src=\"https:\/\/csc-sarl.ch\/wp-content\/uploads\/2018\/06\/gr_012301_large60px.jpg\" alt=\"[Keine Beschreibung eingegeben]\" ismap=\"ismap\" \/><\/a><\/td>\n<td style=\"vertical-align: top; width: 127px;\" valign=\"top\"><span style=\"font-size: 10pt;\">M\u00fcstair<\/span><br \/>\n<span style=\"font-size: 10pt;\">11.3.10<\/span><br \/>\n<span style=\"font-size: 10pt;\">123.01<\/span><\/td>\n<td style=\"vertical-align: top; width: 250px;\" valign=\"top\"><span style=\"font-size: 10pt;\">Chapel of the Holy Cross (Heiligkreuzkapelle)<\/span><\/td>\n<td style=\"vertical-align: top; width: 225px;\" valign=\"top\"><span style=\"font-size: 10pt;\">Material analysis<\/span><\/td>\n<\/tr>\n<tr>\n<td style=\"vertical-align: top; width: 97px;\" valign=\"top\"><a href=\"https:\/\/csc-sarl.ch\/wp-content\/uploads\/2018\/06\/a_0123_02.pdf\" target=\"_self\" rel=\"noopener\"><img decoding=\"async\" class=\"rex_image\" src=\"https:\/\/csc-sarl.ch\/wp-content\/uploads\/2018\/06\/gr_012302_large60px.jpg\" alt=\"[Keine Beschreibung eingegeben]\" ismap=\"ismap\" \/><\/a><\/td>\n<td style=\"vertical-align: top; width: 127px;\" valign=\"top\"><span style=\"font-size: 10pt;\">M\u00fcstair<\/span><br \/>\n<span style=\"font-size: 10pt;\">23.3.10<\/span><br \/>\n<span style=\"font-size: 10pt;\">123.02<\/span><\/td>\n<td style=\"vertical-align: top; width: 250px;\" valign=\"top\"><span style=\"font-size: 10pt;\">Chapel of the Holy Cross (Heiligkreuzkapelle)<\/span><\/td>\n<td style=\"vertical-align: top; width: 225px;\" valign=\"top\"><span style=\"font-size: 10pt;\">Material analysis<\/span><\/td>\n<\/tr>\n<tr>\n<td style=\"vertical-align: top; width: 97px;\" valign=\"top\"><a href=\"https:\/\/csc-sarl.ch\/wp-content\/uploads\/2018\/06\/a_0175_01.pdf\" target=\"_self\" rel=\"noopener\"><img decoding=\"async\" class=\"rex_image\" src=\"https:\/\/csc-sarl.ch\/wp-content\/uploads\/2018\/06\/gr_017501.jpg\" alt=\"[Keine Beschreibung eingegeben]\" ismap=\"ismap\" \/><\/a><\/td>\n<td style=\"vertical-align: top; width: 127px;\" valign=\"top\"><span style=\"font-size: 10pt;\">M\u00fcstair<\/span><br \/>\n<span style=\"font-size: 10pt;\">10.12.10<\/span><br \/>\n<span style=\"font-size: 10pt;\">175.01<\/span><\/td>\n<td style=\"vertical-align: top; width: 250px;\" valign=\"top\"><span style=\"font-size: 10pt;\">Chapel of the Holy Cross (Heiligkreuzkapelle) basement<\/span><\/td>\n<td style=\"vertical-align: top; width: 225px;\" valign=\"top\"><span style=\"font-size: 10pt;\">Material analysis<\/span><\/td>\n<\/tr>\n<tr>\n<td style=\"vertical-align: top; width: 97px;\" valign=\"top\"><a href=\"https:\/\/csc-sarl.ch\/wp-content\/uploads\/2018\/06\/a_0029_03.pdf\" target=\"_self\" rel=\"noopener\"><img decoding=\"async\" class=\"rex_image\" src=\"https:\/\/csc-sarl.ch\/wp-content\/uploads\/2018\/06\/gr_002903_large60px.jpg\" alt=\"\" ismap=\"ismap\" \/><\/a><\/td>\n<td style=\"vertical-align: top; width: 127px;\" valign=\"top\"><span style=\"font-size: 10pt;\">M\u00fcstair<\/span><br \/>\n<span style=\"font-size: 10pt;\">9.5.12<\/span><br \/>\n<span style=\"font-size: 10pt;\">29.03<\/span><\/td>\n<td style=\"vertical-align: top; width: 250px;\" valign=\"top\"><span style=\"font-size: 10pt;\">Chapel of the Holy Cross (Heiligkreuzkapelle), ground floor<\/span><\/td>\n<td style=\"vertical-align: top; width: 225px;\" valign=\"top\"><span style=\"font-size: 10pt;\">Analysis of paint layers and advice for the conservation<br \/>\n<\/span><\/td>\n<\/tr>\n<tr>\n<td style=\"vertical-align: top; width: 97px;\" valign=\"top\"><a href=\"https:\/\/csc-sarl.ch\/wp-content\/uploads\/2018\/06\/a_0123_04.pdf\" target=\"_self\" rel=\"noopener\"><img decoding=\"async\" class=\"rex_image\" src=\"https:\/\/csc-sarl.ch\/wp-content\/uploads\/2018\/06\/gr_012304_large60px.jpg\" alt=\"\" ismap=\"ismap\" \/><\/a><\/td>\n<td style=\"vertical-align: top; width: 127px;\" valign=\"top\"><span style=\"font-size: 10pt;\">M\u00fcstair<\/span><br \/>\n<span style=\"font-size: 10pt;\">9.5.12<\/span><br \/>\n<span style=\"font-size: 10pt;\">123.04<\/span><\/td>\n<td style=\"vertical-align: top; width: 250px;\" valign=\"top\"><span style=\"font-size: 10pt;\">Chapel of the Holy Cross (Heiligkreuzkapelle), fa\u00e7ades<\/span><\/td>\n<td style=\"vertical-align: top; width: 225px;\" valign=\"top\"><span style=\"font-size: 10pt;\">Material analysis<\/span><\/td>\n<\/tr>\n<tr>\n<td style=\"vertical-align: top; width: 97px;\" valign=\"top\"><a href=\"https:\/\/csc-sarl.ch\/wp-content\/uploads\/2018\/06\/a_0123_06.pdf\" target=\"_self\" rel=\"noopener\"><img decoding=\"async\" class=\"rex_image\" src=\"https:\/\/csc-sarl.ch\/wp-content\/uploads\/2018\/06\/gr_012306_large60px.jpg\" alt=\"\" ismap=\"ismap\" \/><\/a><\/td>\n<td style=\"vertical-align: top; width: 127px;\" valign=\"top\"><span style=\"font-size: 10pt;\">M\u00fcstair<\/span><br \/>\n<span style=\"font-size: 10pt;\">9.5.12<\/span><br \/>\n<span style=\"font-size: 10pt;\">123.06<\/span><\/td>\n<td style=\"vertical-align: top; width: 250px;\" valign=\"top\"><span style=\"font-size: 10pt;\">Chapel of the Holy Cross (Heiligkreuzkapelle)<\/span><\/td>\n<td style=\"vertical-align: top; width: 225px;\" valign=\"top\"><span style=\"font-size: 10pt;\">Blackening of a lead pigment<\/span><\/td>\n<\/tr>\n<\/tbody>\n<\/table>\n","protected":false},"excerpt":{"rendered":"<p>Already realised projects in M\u00fcstair (GR)\u00a0(click on the picture): &nbsp; Abstract Venue\/date Object Topic M\u00fcstair 21.5.07 20.01 Early Middle Ages sculpted stones (Flechtwerksteine) Search for traces of polychromy M\u00fcstair 5.12.07 29.01 Chapel of the Holy Cross (Heiligkreuzkapelle) Material analysis M\u00fcstair 11.3.10 123.01 Chapel of the Holy Cross (Heiligkreuzkapelle) Material analysis M\u00fcstair 23.3.10 123.02 Chapel of &hellip; <a href=\"https:\/\/conservation-science.ch\/?page_id=39939&#038;lang=en\" class=\"more-link\">Continuer la lecture de <span class=\"screen-reader-text\">M\u00fcstair<\/span><\/a><\/p>\n","protected":false},"author":4,"featured_media":0,"parent":39929,"menu_order":2,"comment_status":"closed","ping_status":"closed","template":"","meta":{"footnotes":""},"class_list":["post-39939","page","type-page","status-publish","hentry"],"yoast_head":"<!-- This site is optimized with the Yoast SEO plugin v27.2 - https:\/\/yoast.com\/product\/yoast-seo-wordpress\/ -->\n<title>M\u00fcstair - Bl\u00e4uer - Conservation - Science<\/title>\n<meta name=\"robots\" content=\"index, follow, max-snippet:-1, max-image-preview:large, max-video-preview:-1\" \/>\n<link rel=\"canonical\" href=\"https:\/\/conservation-science.ch\/?page_id=39939&lang=en\" \/>\n<meta property=\"og:locale\" content=\"fr_FR\" \/>\n<meta property=\"og:type\" content=\"article\" \/>\n<meta property=\"og:title\" content=\"M\u00fcstair - Bl\u00e4uer - Conservation - Science\" \/>\n<meta property=\"og:description\" content=\"Already realised projects in M\u00fcstair (GR)\u00a0(click on the picture): &nbsp; Abstract Venue\/date Object Topic M\u00fcstair 21.5.07 20.01 Early Middle Ages sculpted stones (Flechtwerksteine) Search for traces of polychromy M\u00fcstair 5.12.07 29.01 Chapel of the Holy Cross (Heiligkreuzkapelle) Material analysis M\u00fcstair 11.3.10 123.01 Chapel of the Holy Cross (Heiligkreuzkapelle) Material analysis M\u00fcstair 23.3.10 123.02 Chapel of &hellip; Continuer la lecture de M\u00fcstair\" \/>\n<meta property=\"og:url\" content=\"https:\/\/conservation-science.ch\/?page_id=39939&amp;lang=en\" \/>\n<meta property=\"og:site_name\" content=\"Bl\u00e4uer - Conservation - Science\" \/>\n<meta property=\"og:image\" content=\"https:\/\/csc-sarl.ch\/wp-content\/uploads\/2018\/06\/gr_002001_large60px.jpg\" \/>\n<meta name=\"twitter:card\" content=\"summary_large_image\" \/>\n<meta name=\"twitter:label1\" content=\"Dur\u00e9e de lecture estim\u00e9e\" \/>\n\t<meta name=\"twitter:data1\" content=\"3 minutes\" \/>\n<script type=\"application\/ld+json\" class=\"yoast-schema-graph\">{\"@context\":\"https:\/\/schema.org\",\"@graph\":[{\"@type\":\"WebPage\",\"@id\":\"https:\/\/conservation-science.ch\/?page_id=39939&lang=en\",\"url\":\"https:\/\/conservation-science.ch\/?page_id=39939&lang=en\",\"name\":\"M\u00fcstair - Bl\u00e4uer - Conservation - Science\",\"isPartOf\":{\"@id\":\"https:\/\/conservation-science.ch\/#website\"},\"primaryImageOfPage\":{\"@id\":\"https:\/\/conservation-science.ch\/?page_id=39939&lang=en#primaryimage\"},\"image\":{\"@id\":\"https:\/\/conservation-science.ch\/?page_id=39939&lang=en#primaryimage\"},\"thumbnailUrl\":\"https:\/\/csc-sarl.ch\/wp-content\/uploads\/2018\/06\/gr_002001_large60px.jpg\",\"datePublished\":\"2024-11-16T11:49:16+00:00\",\"breadcrumb\":{\"@id\":\"https:\/\/conservation-science.ch\/?page_id=39939&lang=en#breadcrumb\"},\"inLanguage\":\"fr-FR\",\"potentialAction\":[{\"@type\":\"ReadAction\",\"target\":[\"https:\/\/conservation-science.ch\/?page_id=39939&lang=en\"]}]},{\"@type\":\"ImageObject\",\"inLanguage\":\"fr-FR\",\"@id\":\"https:\/\/conservation-science.ch\/?page_id=39939&lang=en#primaryimage\",\"url\":\"https:\/\/csc-sarl.ch\/wp-content\/uploads\/2018\/06\/gr_002001_large60px.jpg\",\"contentUrl\":\"https:\/\/csc-sarl.ch\/wp-content\/uploads\/2018\/06\/gr_002001_large60px.jpg\"},{\"@type\":\"BreadcrumbList\",\"@id\":\"https:\/\/conservation-science.ch\/?page_id=39939&lang=en#breadcrumb\",\"itemListElement\":[{\"@type\":\"ListItem\",\"position\":1,\"name\":\"Accueil\",\"item\":\"https:\/\/conservation-science.ch\/\"},{\"@type\":\"ListItem\",\"position\":2,\"name\":\"Studies &#038; investigations\",\"item\":\"https:\/\/conservation-science.ch\/?page_id=39827&lang=en\"},{\"@type\":\"ListItem\",\"position\":3,\"name\":\"Switzerland\",\"item\":\"https:\/\/conservation-science.ch\/?page_id=39868&lang=en\"},{\"@type\":\"ListItem\",\"position\":4,\"name\":\"GR (Graub\u00fcnden)\",\"item\":\"https:\/\/conservation-science.ch\/?page_id=39929&lang=en\"},{\"@type\":\"ListItem\",\"position\":5,\"name\":\"M\u00fcstair\"}]},{\"@type\":\"WebSite\",\"@id\":\"https:\/\/conservation-science.ch\/#website\",\"url\":\"https:\/\/conservation-science.ch\/\",\"name\":\"CSC - Conservation - Sciences\",\"description\":\"Transmission de connaissances dans le domaine des sciences de la conservation du patrimoine b\u00e2ti\",\"potentialAction\":[{\"@type\":\"SearchAction\",\"target\":{\"@type\":\"EntryPoint\",\"urlTemplate\":\"https:\/\/conservation-science.ch\/?s={search_term_string}\"},\"query-input\":{\"@type\":\"PropertyValueSpecification\",\"valueRequired\":true,\"valueName\":\"search_term_string\"}}],\"inLanguage\":\"fr-FR\"}]}<\/script>\n<!-- \/ Yoast SEO plugin. -->","yoast_head_json":{"title":"M\u00fcstair - Bl\u00e4uer - Conservation - Science","robots":{"index":"index","follow":"follow","max-snippet":"max-snippet:-1","max-image-preview":"max-image-preview:large","max-video-preview":"max-video-preview:-1"},"canonical":"https:\/\/conservation-science.ch\/?page_id=39939&lang=en","og_locale":"fr_FR","og_type":"article","og_title":"M\u00fcstair - Bl\u00e4uer - Conservation - Science","og_description":"Already realised projects in M\u00fcstair (GR)\u00a0(click on the picture): &nbsp; Abstract Venue\/date Object Topic M\u00fcstair 21.5.07 20.01 Early Middle Ages sculpted stones (Flechtwerksteine) Search for traces of polychromy M\u00fcstair 5.12.07 29.01 Chapel of the Holy Cross (Heiligkreuzkapelle) Material analysis M\u00fcstair 11.3.10 123.01 Chapel of the Holy Cross (Heiligkreuzkapelle) Material analysis M\u00fcstair 23.3.10 123.02 Chapel of &hellip; Continuer la lecture de M\u00fcstair","og_url":"https:\/\/conservation-science.ch\/?page_id=39939&lang=en","og_site_name":"Bl\u00e4uer - Conservation - Science","og_image":[{"url":"https:\/\/csc-sarl.ch\/wp-content\/uploads\/2018\/06\/gr_002001_large60px.jpg","type":"","width":"","height":""}],"twitter_card":"summary_large_image","twitter_misc":{"Dur\u00e9e de lecture estim\u00e9e":"3 minutes"},"schema":{"@context":"https:\/\/schema.org","@graph":[{"@type":"WebPage","@id":"https:\/\/conservation-science.ch\/?page_id=39939&lang=en","url":"https:\/\/conservation-science.ch\/?page_id=39939&lang=en","name":"M\u00fcstair - Bl\u00e4uer - Conservation - Science","isPartOf":{"@id":"https:\/\/conservation-science.ch\/#website"},"primaryImageOfPage":{"@id":"https:\/\/conservation-science.ch\/?page_id=39939&lang=en#primaryimage"},"image":{"@id":"https:\/\/conservation-science.ch\/?page_id=39939&lang=en#primaryimage"},"thumbnailUrl":"https:\/\/csc-sarl.ch\/wp-content\/uploads\/2018\/06\/gr_002001_large60px.jpg","datePublished":"2024-11-16T11:49:16+00:00","breadcrumb":{"@id":"https:\/\/conservation-science.ch\/?page_id=39939&lang=en#breadcrumb"},"inLanguage":"fr-FR","potentialAction":[{"@type":"ReadAction","target":["https:\/\/conservation-science.ch\/?page_id=39939&lang=en"]}]},{"@type":"ImageObject","inLanguage":"fr-FR","@id":"https:\/\/conservation-science.ch\/?page_id=39939&lang=en#primaryimage","url":"https:\/\/csc-sarl.ch\/wp-content\/uploads\/2018\/06\/gr_002001_large60px.jpg","contentUrl":"https:\/\/csc-sarl.ch\/wp-content\/uploads\/2018\/06\/gr_002001_large60px.jpg"},{"@type":"BreadcrumbList","@id":"https:\/\/conservation-science.ch\/?page_id=39939&lang=en#breadcrumb","itemListElement":[{"@type":"ListItem","position":1,"name":"Accueil","item":"https:\/\/conservation-science.ch\/"},{"@type":"ListItem","position":2,"name":"Studies &#038; investigations","item":"https:\/\/conservation-science.ch\/?page_id=39827&lang=en"},{"@type":"ListItem","position":3,"name":"Switzerland","item":"https:\/\/conservation-science.ch\/?page_id=39868&lang=en"},{"@type":"ListItem","position":4,"name":"GR (Graub\u00fcnden)","item":"https:\/\/conservation-science.ch\/?page_id=39929&lang=en"},{"@type":"ListItem","position":5,"name":"M\u00fcstair"}]},{"@type":"WebSite","@id":"https:\/\/conservation-science.ch\/#website","url":"https:\/\/conservation-science.ch\/","name":"CSC - Conservation - Sciences","description":"Transmission de connaissances dans le domaine des sciences de la conservation du patrimoine b\u00e2ti","potentialAction":[{"@type":"SearchAction","target":{"@type":"EntryPoint","urlTemplate":"https:\/\/conservation-science.ch\/?s={search_term_string}"},"query-input":{"@type":"PropertyValueSpecification","valueRequired":true,"valueName":"search_term_string"}}],"inLanguage":"fr-FR"}]}},"_links":{"self":[{"href":"https:\/\/conservation-science.ch\/index.php?rest_route=\/wp\/v2\/pages\/39939","targetHints":{"allow":["GET"]}}],"collection":[{"href":"https:\/\/conservation-science.ch\/index.php?rest_route=\/wp\/v2\/pages"}],"about":[{"href":"https:\/\/conservation-science.ch\/index.php?rest_route=\/wp\/v2\/types\/page"}],"author":[{"embeddable":true,"href":"https:\/\/conservation-science.ch\/index.php?rest_route=\/wp\/v2\/users\/4"}],"replies":[{"embeddable":true,"href":"https:\/\/conservation-science.ch\/index.php?rest_route=%2Fwp%2Fv2%2Fcomments&post=39939"}],"version-history":[{"count":1,"href":"https:\/\/conservation-science.ch\/index.php?rest_route=\/wp\/v2\/pages\/39939\/revisions"}],"predecessor-version":[{"id":39942,"href":"https:\/\/conservation-science.ch\/index.php?rest_route=\/wp\/v2\/pages\/39939\/revisions\/39942"}],"up":[{"embeddable":true,"href":"https:\/\/conservation-science.ch\/index.php?rest_route=\/wp\/v2\/pages\/39929"}],"wp:attachment":[{"href":"https:\/\/conservation-science.ch\/index.php?rest_route=%2Fwp%2Fv2%2Fmedia&parent=39939"}],"curies":[{"name":"wp","href":"https:\/\/api.w.org\/{rel}","templated":true}]}}