{"id":39905,"date":"2024-11-16T12:31:57","date_gmt":"2024-11-16T11:31:57","guid":{"rendered":"https:\/\/conservation-science.ch\/?page_id=39905"},"modified":"2024-11-16T16:42:32","modified_gmt":"2024-11-16T15:42:32","slug":"basel-stadt","status":"publish","type":"page","link":"https:\/\/conservation-science.ch\/?page_id=39905&lang=de","title":{"rendered":"BS (Basel-Stadt)"},"content":{"rendered":"<p><strong>Im Kanton Basel-Stadt durchgef\u00fchrte Projekte<\/strong><strong>:<\/strong><\/p>\n<p>&nbsp;<\/p>\n<ul>\n<li>am Basler M\u00fcnster durchgef\u00fchrte Projekte;<\/li>\n<li>am <a href=\"#spalentor\">Spalentor <\/a>durchgef\u00fchrte Projekte;<\/li>\n<li>andere <a href=\"#kanton\">im Kanton Basel-Stadt <\/a>durchgef\u00fchrte Projekte.<\/li>\n<\/ul>\n<p>&nbsp;<\/p>\n<p><strong>Am Basler M\u00fcnster durchgef\u00fchrte Projekte (aufs Bild klicken):<\/strong><\/p>\n<table style=\"width: 581px;\" border=\"2\" width=\"580\" cellpadding=\"2\">\n<tbody>\n<tr>\n<td style=\"width: 107px;\"><span style=\"font-size: 10pt;\"><strong>Res\u00fcmee<\/strong><\/span><\/td>\n<td style=\"width: 135px;\"><span style=\"font-size: 10pt;\"><strong>Ort\/Datum<br \/>\n<\/strong><\/span><\/td>\n<td style=\"width: 100px;\"><span style=\"font-size: 10pt;\"><strong>Objekt<br \/>\n<\/strong><\/span><\/td>\n<td style=\"width: 239px;\"><span style=\"font-size: 10pt;\"><strong>Thema<\/strong><\/span><\/td>\n<\/tr>\n<tr>\n<td style=\"vertical-align: top; width: 107px;\" width=\"58\" height=\"\"><span style=\"font-size: 10pt;\"><a href=\"https:\/\/conservation-science.ch\/a_0048_02-4\/\" target=\"_self\" rel=\"noopener\"><img decoding=\"async\" class=\"rex_image\" src=\"https:\/\/csc-sarl.ch\/wp-content\/uploads\/2018\/06\/bs_004802_large60px.jpg\" alt=\"[Keine Beschreibung eingegeben]\" ismap=\"ismap\" \/><\/a><\/span><\/td>\n<td style=\"vertical-align: top; width: 135px;\"><span style=\"font-size: 10pt;\">Basel<\/span><br \/>\n<span style=\"font-size: 10pt;\">16.12.08<\/span><br \/>\n<span style=\"font-size: 10pt;\">48.02<\/span><\/td>\n<td style=\"vertical-align: top; width: 100px;\"><span style=\"font-size: 10pt;\">M\u00fcnster<\/span><\/td>\n<td style=\"width: 239px; vertical-align: top;\"><span style=\"font-size: 10pt;\">Klimamessungen 2006 bis Mai 2008<\/span><\/td>\n<\/tr>\n<tr>\n<td style=\"vertical-align: top; width: 107px;\"><span style=\"font-size: 10pt;\"><a href=\"https:\/\/csc-sarl.ch\/wp-content\/uploads\/2018\/06\/a_0048_03.pdf\" target=\"_self\" rel=\"noopener\"><img decoding=\"async\" class=\"rex_image\" src=\"https:\/\/csc-sarl.ch\/wp-content\/uploads\/2018\/06\/bs_004803_large60px.jpg\" alt=\"[Keine Beschreibung eingegeben]\" ismap=\"ismap\" \/><\/a><\/span><\/td>\n<td style=\"vertical-align: top; width: 135px;\">Basel<br \/>\n<span style=\"font-size: 10pt;\">9.12.09<\/span><br \/>\n<span style=\"font-size: 10pt;\">48.03<\/span><\/td>\n<td style=\"vertical-align: top; width: 100px;\">M\u00fcnster<br \/>\n<span style=\"font-size: 10pt;\">(Krypta)<\/span><\/td>\n<td style=\"width: 239px;\"><span style=\"font-size: 10pt;\">Innenklimamessungen 2008-2009; Klima- und Schadensentwicklung in der Krypta<\/span><\/td>\n<\/tr>\n<tr>\n<td style=\"vertical-align: top; width: 107px;\"><span style=\"font-size: 10pt;\"><a href=\"https:\/\/conservation-science.ch\/wp-content\/uploads\/2018\/06\/r0014_01d_bs_be_fr_vd_4kt-1.pdf\"><img loading=\"lazy\" decoding=\"async\" class=\"rex_image alignnone\" src=\"https:\/\/csc-sarl.ch\/wp-content\/uploads\/2018\/06\/be_bs_fr_vd_001401_large60px.jpg\" alt=\"[Keine Beschreibung eingegeben]\" ismap=\"ismap\" width=\"60\" height=\"30\" \/><\/a><\/span><\/td>\n<td style=\"vertical-align: top; width: 135px;\">Basel<br \/>\n<span style=\"font-size: 10pt;\">Bern<\/span><br \/>\n<span style=\"font-size: 10pt;\">Freiburg<\/span><br \/>\n<span style=\"font-size: 10pt;\">Lausanne<\/span><br \/>\n<span style=\"font-size: 10pt;\">25.2.09\/ 14.01<\/span><\/td>\n<td style=\"vertical-align: top; width: 100px;\"><span style=\"font-size: 10pt;\">M\u00fcnster<\/span><\/td>\n<td style=\"vertical-align: top; width: 239px;\"><span style=\"font-size: 10pt;\">Forschungs und Entwicklungs Projekt<br \/>\nBericht: <a href=\"https:\/\/csc-sarl.ch\/wp-content\/uploads\/2018\/06\/r0014_01d_bs_be_fr_vd_4kt.pdf\"><img loading=\"lazy\" decoding=\"async\" class=\"rex_image alignnone\" src=\"https:\/\/csc-sarl.ch\/wp-content\/uploads\/2018\/06\/logoacrobatptt.jpg\" alt=\"[Keine Beschreibung eingegeben]\" ismap=\"ismap\" width=\"57\" height=\"43\" \/><\/a><\/span><\/td>\n<\/tr>\n<tr>\n<td style=\"vertical-align: top; width: 107px;\"><span style=\"font-size: 10pt;\"><a href=\"https:\/\/csc-sarl.ch\/wp-content\/uploads\/2018\/06\/a_0087_01.pdf\" target=\"_self\" rel=\"noopener\"><img decoding=\"async\" class=\"rex_image\" src=\"https:\/\/csc-sarl.ch\/wp-content\/uploads\/2018\/06\/bs_008701.jpg\" alt=\"[Keine Beschreibung eingegeben]\" ismap=\"ismap\" \/><\/a><\/span><\/td>\n<td style=\"vertical-align: top; width: 135px;\">Basel<br \/>\n<span style=\"font-size: 10pt;\">14.12.10<\/span><br \/>\n<span style=\"font-size: 10pt;\">87.01<\/span><\/td>\n<td style=\"vertical-align: top; width: 100px;\"><span style=\"font-size: 10pt;\">M\u00fcnster<\/span><\/td>\n<td style=\"vertical-align: top; width: 239px;\"><span style=\"font-size: 10pt;\">Verf\u00e4rbungen an M\u00f6rtelerg\u00e4nzungen<\/span><\/td>\n<\/tr>\n<tr>\n<td style=\"vertical-align: top; width: 107px;\"><span style=\"font-size: 10pt;\"><a href=\"https:\/\/csc-sarl.ch\/wp-content\/uploads\/2018\/06\/a_0355_01.pdf\" target=\"_self\" rel=\"noopener\"><img decoding=\"async\" class=\"rex_image\" src=\"https:\/\/csc-sarl.ch\/wp-content\/uploads\/2018\/06\/bs_035501.jpg\" alt=\"[Keine Beschreibung eingegeben]\" ismap=\"ismap\" \/><\/a><\/span><\/td>\n<td style=\"vertical-align: top; width: 135px;\"><span style=\"font-size: 10pt;\">Basel<\/span><br \/>\n<span style=\"font-size: 10pt;\">29.7.14<\/span><br \/>\n<span style=\"font-size: 10pt;\">355.01<\/span><\/td>\n<td style=\"vertical-align: top; width: 100px;\"><span style=\"font-size: 10pt;\">M\u00fcnster<\/span><\/td>\n<td style=\"vertical-align: top; width: 239px;\"><span style=\"font-size: 10pt;\">Analyse eines Fugenm\u00f6rtels<\/span><\/td>\n<\/tr>\n<\/tbody>\n<\/table>\n<p>&nbsp;<\/p>\n<p><a name=\"spalentor\"><\/a><\/p>\n<p><strong>Am Spalentor durchgef\u00fchrte Projekte<\/strong><strong>:<\/strong><\/p>\n<table style=\"width: 581px;\" border=\"2\" width=\"580\" cellpadding=\"2\">\n<tbody>\n<tr>\n<td style=\"width: 108px;\"><span style=\"font-size: 10pt;\"><strong>Res\u00fcmee<\/strong><\/span><\/td>\n<td style=\"width: 123px;\"><span style=\"font-size: 10pt;\"><strong>Ort\/Datum<br \/>\n<\/strong><\/span><\/td>\n<td style=\"width: 107px;\"><span style=\"font-size: 10pt;\"><strong>Objekt<br \/>\n<\/strong><\/span><\/td>\n<td style=\"width: 243px; vertical-align: top;\"><span style=\"font-size: 10pt;\"><strong>Thema<\/strong><\/span><\/td>\n<\/tr>\n<tr>\n<td style=\"vertical-align: top; width: 108px;\"><span style=\"font-size: 10pt;\"><a href=\"https:\/\/csc-sarl.ch\/wp-content\/uploads\/2018\/06\/a_0194_01.pdf\" target=\"_self\" rel=\"noopener\"><img decoding=\"async\" class=\"rex_image\" src=\"https:\/\/csc-sarl.ch\/wp-content\/uploads\/2018\/06\/bs_019401.jpg\" alt=\"[Keine Beschreibung eingegeben]\" ismap=\"ismap\" \/><\/a><\/span><\/td>\n<td style=\"vertical-align: top; width: 123px;\">Basel<br \/>\n<span style=\"font-size: 10pt;\">27.07.11<\/span><br \/>\n<span style=\"font-size: 10pt;\">194.01<\/span><\/td>\n<td style=\"vertical-align: top; width: 107px;\"><span style=\"font-size: 10pt;\">Spalentor <\/span><\/td>\n<td style=\"width: 243px; vertical-align: top;\">Material- und Schadenskartierung<\/td>\n<\/tr>\n<tr>\n<td style=\"vertical-align: top; width: 108px;\"><span style=\"font-size: 10pt;\"><a href=\"https:\/\/csc-sarl.ch\/wp-content\/uploads\/2018\/06\/a_0233_01.pdf\" target=\"_self\" rel=\"noopener\"><img decoding=\"async\" class=\"rex_image\" src=\"https:\/\/csc-sarl.ch\/wp-content\/uploads\/2018\/06\/bs_023301_large60px.jpg\" alt=\"[Keine Beschreibung eingegeben]\" ismap=\"ismap\" \/><\/a><\/span><\/td>\n<td style=\"vertical-align: top; width: 123px;\">Basel<br \/>\n<span style=\"font-size: 10pt;\">4.4.12<\/span><br \/>\n<span style=\"font-size: 10pt;\">233.01<\/span><\/td>\n<td style=\"vertical-align: top; width: 107px;\"><span style=\"font-size: 10pt;\">Spalentor <\/span><\/td>\n<td style=\"width: 243px; vertical-align: top;\">Untersuchungen zum Malschichtaufbau<\/td>\n<\/tr>\n<tr>\n<td style=\"vertical-align: top; width: 108px;\"><span style=\"font-size: 10pt;\"><a href=\"https:\/\/csc-sarl.ch\/wp-content\/uploads\/2018\/06\/a_0233_02.pdf\" target=\"_self\" rel=\"noopener\"><img decoding=\"async\" class=\"rex_image\" src=\"https:\/\/csc-sarl.ch\/wp-content\/uploads\/2018\/06\/bs_023302_large60px.jpg\" alt=\"[Keine Beschreibung eingegeben]\" ismap=\"ismap\" \/><\/a><\/span><\/td>\n<td style=\"vertical-align: top; width: 123px;\">Basel<br \/>\n<span style=\"font-size: 10pt;\">20.8.13<\/span><br \/>\n<span style=\"font-size: 10pt;\">233.02<\/span><\/td>\n<td style=\"vertical-align: top; width: 107px;\"><span style=\"font-size: 10pt;\">Spalentor <\/span><\/td>\n<td style=\"vertical-align: top; width: 243px;\"><span style=\"font-size: 10pt;\">Untersuchungen zum Malschichtaufbau<\/span><\/td>\n<\/tr>\n<tr>\n<td style=\"vertical-align: top; width: 108px;\"><span style=\"font-size: 10pt;\"><a href=\"https:\/\/csc-sarl.ch\/wp-content\/uploads\/2018\/06\/a_0233_03.pdf\" target=\"_self\" rel=\"noopener\"><img decoding=\"async\" class=\"rex_image\" src=\"https:\/\/csc-sarl.ch\/wp-content\/uploads\/2018\/06\/bs_023303_large60px.jpg\" alt=\"[Keine Beschreibung eingegeben]\" ismap=\"ismap\" \/><\/a><\/span><\/td>\n<td style=\"vertical-align: top; width: 123px;\">Basel<br \/>\n<span style=\"font-size: 10pt;\">23.10.13<\/span><br \/>\n<span style=\"font-size: 10pt;\">233.03<\/span><\/td>\n<td style=\"vertical-align: top; width: 107px;\"><span style=\"font-size: 10pt;\">Spalentor <\/span><\/td>\n<td style=\"vertical-align: top; width: 243px;\"><span style=\"font-size: 10pt;\">Untersuchungen zum Malschichtaufbau<\/span><\/td>\n<\/tr>\n<\/tbody>\n<\/table>\n<p>&nbsp;<\/p>\n<p><a name=\"kanton\"><\/a><\/p>\n<p><strong>Im Kanton Basel-Stadt durchgef\u00fchrte Projekte:<\/strong><\/p>\n<table style=\"width: 580px;\" border=\"2\" width=\"580\" cellpadding=\"2\">\n<tbody>\n<tr>\n<td style=\"width: 105px;\"><span style=\"font-size: 10pt;\"><strong>Res\u00fcmee<\/strong><\/span><\/td>\n<td style=\"width: 131px;\"><span style=\"font-size: 10pt;\"><strong>Ort\/Datum<br \/>\n<\/strong><\/span><\/td>\n<td style=\"width: 188px;\"><span style=\"font-size: 10pt;\"><strong>Objekt<br \/>\n<\/strong><\/span><\/td>\n<td style=\"width: 156px;\"><span style=\"font-size: 10pt;\"><strong>Thema<\/strong><\/span><\/td>\n<\/tr>\n<tr>\n<td style=\"width: 105px; vertical-align: top;\"><span style=\"font-size: 10pt;\"><a href=\"https:\/\/csc-sarl.ch\/wp-content\/uploads\/2018\/06\/a_0208_01.pdf\" target=\"_self\" rel=\"noopener\"><img decoding=\"async\" class=\"rex_image\" src=\"https:\/\/csc-sarl.ch\/wp-content\/uploads\/2018\/06\/bs_020801.jpg\" alt=\"[Keine Beschreibung eingegeben]\" ismap=\"ismap\" \/><\/a><\/span><\/td>\n<td style=\"width: 131px; vertical-align: top;\">Basel<br \/>\n<span style=\"font-size: 10pt;\">7.07.11<\/span><br \/>\n<span style=\"font-size: 10pt;\">208.01<\/span><\/td>\n<td style=\"width: 188px; vertical-align: top;\"><span style=\"font-size: 10pt;\">\u00ab\u00a0Maria mit Kind\u00a0\u00bb<br \/>\nFigur<\/span><\/td>\n<td style=\"width: 156px; vertical-align: top;\"><span style=\"font-size: 10pt;\">Materialbestimmung<\/span><\/td>\n<\/tr>\n<tr>\n<td style=\"width: 105px; vertical-align: top;\"><span style=\"font-size: 10pt;\"><a href=\"https:\/\/conservation-science.ch\/a_0324_01\/\" target=\"_self\" rel=\"noopener\"><img decoding=\"async\" class=\"rex_image\" src=\"https:\/\/csc-sarl.ch\/wp-content\/uploads\/2018\/06\/bs_032401.jpg\" alt=\"[Keine Beschreibung eingegeben]\" ismap=\"ismap\" \/><\/a><\/span><\/td>\n<td style=\"width: 131px; vertical-align: top;\">Basel<br \/>\n<span style=\"font-size: 10pt;\">17.2.14<\/span><br \/>\n<span style=\"font-size: 10pt;\">324.01<\/span><\/td>\n<td style=\"width: 188px; vertical-align: top;\"><span style=\"font-size: 10pt;\">Restaurant Zoo<\/span><\/td>\n<td style=\"width: 156px; vertical-align: top;\"><span style=\"font-size: 10pt;\">Analyse von Materialproben<\/span><\/td>\n<\/tr>\n<tr>\n<td style=\"width: 105px; vertical-align: top;\"><span style=\"font-size: 10pt;\"><a href=\"https:\/\/conservation-science.ch\/a_0325_01\/\" target=\"_self\" rel=\"noopener\"><img decoding=\"async\" class=\"rex_image\" src=\"https:\/\/csc-sarl.ch\/wp-content\/uploads\/2018\/06\/bs_032501.jpg\" alt=\"[Keine Beschreibung eingegeben]\" ismap=\"ismap\" \/><\/a><\/span><\/td>\n<td style=\"width: 131px; vertical-align: top;\">Basel<br \/>\n<span style=\"font-size: 10pt;\">4.3.14<\/span><br \/>\n<span style=\"font-size: 10pt;\">325.01<\/span><\/td>\n<td style=\"width: 188px; vertical-align: top;\"><span style=\"font-size: 10pt;\">Bruderholzschulhaus<\/span><\/td>\n<td style=\"width: 156px; vertical-align: top;\"><span style=\"font-size: 10pt;\">Analyse von Materialproben<\/span><\/td>\n<\/tr>\n<tr>\n<td style=\"width: 105px; vertical-align: top;\"><span style=\"font-size: 10pt;\"><a href=\"https:\/\/conservation-science.ch\/a_0394_01\/\" target=\"_self\" rel=\"noopener\"><img decoding=\"async\" class=\"rex_image\" src=\"https:\/\/csc-sarl.ch\/wp-content\/uploads\/2018\/06\/bs_039401.jpg\" alt=\"\" ismap=\"ismap\" \/><\/a><\/span><\/td>\n<td style=\"width: 131px; vertical-align: top;\">Basel<br \/>\n<span style=\"font-size: 10pt;\">25.6.15<\/span><br \/>\n<span style=\"font-size: 10pt;\">394.01<\/span><\/td>\n<td style=\"width: 188px; vertical-align: top;\"><span style=\"font-size: 10pt;\">Elisabethenstrasse 53<\/span><\/td>\n<td style=\"width: 156px; vertical-align: top;\"><span style=\"font-size: 10pt;\">Analyse der Schichtenabfolge<\/span><\/td>\n<\/tr>\n<tr>\n<td style=\"width: 105px; vertical-align: top;\"><span style=\"font-size: 10pt;\"><a href=\"https:\/\/csc-sarl.ch\/wp-content\/uploads\/2018\/06\/a_0395_01.pdf\" target=\"_self\" rel=\"noopener\"><img decoding=\"async\" class=\"rex_image\" src=\"https:\/\/csc-sarl.ch\/wp-content\/uploads\/2018\/06\/bs_039501.jpg\" alt=\"[Keine Beschreibung eingegeben]\" ismap=\"ismap\" \/><\/a><\/span><\/td>\n<td style=\"width: 131px; vertical-align: top;\">Basel<br \/>\n<span style=\"font-size: 10pt;\">28.7.15<\/span><br \/>\n<span style=\"font-size: 10pt;\">395.01<\/span><\/td>\n<td style=\"width: 188px; vertical-align: top;\"><span style=\"font-size: 10pt;\">Holbeinstrasse 28 Kirche St. Marien<\/span><\/td>\n<td style=\"width: 156px; vertical-align: top;\"><span style=\"font-size: 10pt;\">Nachweis einer fr\u00fcheren Oberfl\u00e4chenbehandlung<\/span><\/td>\n<\/tr>\n<tr>\n<td style=\"width: 105px; vertical-align: top;\"><span style=\"font-size: 10pt;\"><a href=\"https:\/\/csc-sarl.ch\/wp-content\/uploads\/2018\/06\/a_0454_01.pdf\" target=\"_self\" rel=\"noopener\"><img decoding=\"async\" class=\"rex_image\" src=\"https:\/\/csc-sarl.ch\/wp-content\/uploads\/2018\/06\/bs_basel_a0454-01.jpg\" alt=\"[Keine Beschreibung eingegeben]\" ismap=\"ismap\" \/><\/a><\/span><\/td>\n<td style=\"width: 131px; vertical-align: top;\">Basel<br \/>\n<span style=\"font-size: 10pt;\">28.9.16<\/span><br \/>\n<span style=\"font-size: 10pt;\">454.01<\/span><\/td>\n<td style=\"width: 188px; vertical-align: top;\"><span style=\"font-size: 10pt;\">Liebespaare H. St\u00f6cklin<\/span><\/td>\n<td style=\"width: 156px; vertical-align: top;\"><span style=\"font-size: 10pt;\">Analyse von Materialproben<\/span><\/td>\n<\/tr>\n<\/tbody>\n<\/table>\n","protected":false},"excerpt":{"rendered":"<p>Im Kanton Basel-Stadt durchgef\u00fchrte Projekte: &nbsp; am Basler M\u00fcnster durchgef\u00fchrte Projekte; am Spalentor durchgef\u00fchrte Projekte; andere im Kanton Basel-Stadt durchgef\u00fchrte Projekte. &nbsp; Am Basler M\u00fcnster durchgef\u00fchrte Projekte (aufs Bild klicken): Res\u00fcmee Ort\/Datum Objekt Thema Basel 16.12.08 48.02 M\u00fcnster Klimamessungen 2006 bis Mai 2008 Basel 9.12.09 48.03 M\u00fcnster (Krypta) Innenklimamessungen 2008-2009; Klima- und Schadensentwicklung in der &hellip; <a href=\"https:\/\/conservation-science.ch\/?page_id=39905&#038;lang=de\" class=\"more-link\">Continuer la lecture de <span class=\"screen-reader-text\">BS (Basel-Stadt)<\/span><\/a><\/p>\n","protected":false},"author":4,"featured_media":0,"parent":39867,"menu_order":4,"comment_status":"closed","ping_status":"closed","template":"","meta":{"footnotes":""},"class_list":["post-39905","page","type-page","status-publish","hentry"],"yoast_head":"<!-- This site is optimized with the Yoast SEO plugin v27.2 - https:\/\/yoast.com\/product\/yoast-seo-wordpress\/ -->\n<title>BS (Basel-Stadt) - Bl\u00e4uer - Conservation - Science<\/title>\n<meta name=\"robots\" content=\"index, follow, max-snippet:-1, max-image-preview:large, max-video-preview:-1\" \/>\n<link rel=\"canonical\" href=\"https:\/\/conservation-science.ch\/?page_id=39905&lang=de\" \/>\n<meta property=\"og:locale\" content=\"fr_FR\" \/>\n<meta property=\"og:type\" content=\"article\" \/>\n<meta property=\"og:title\" content=\"BS (Basel-Stadt) - Bl\u00e4uer - Conservation - Science\" \/>\n<meta property=\"og:description\" content=\"Im Kanton Basel-Stadt durchgef\u00fchrte Projekte: &nbsp; am Basler M\u00fcnster durchgef\u00fchrte Projekte; am Spalentor durchgef\u00fchrte Projekte; andere im Kanton Basel-Stadt durchgef\u00fchrte Projekte. &nbsp; Am Basler M\u00fcnster durchgef\u00fchrte Projekte (aufs Bild klicken): Res\u00fcmee Ort\/Datum Objekt Thema Basel 16.12.08 48.02 M\u00fcnster Klimamessungen 2006 bis Mai 2008 Basel 9.12.09 48.03 M\u00fcnster (Krypta) Innenklimamessungen 2008-2009; Klima- und Schadensentwicklung in der &hellip; Continuer la lecture de BS (Basel-Stadt)\" \/>\n<meta property=\"og:url\" content=\"https:\/\/conservation-science.ch\/?page_id=39905&amp;lang=de\" \/>\n<meta property=\"og:site_name\" content=\"Bl\u00e4uer - Conservation - Science\" \/>\n<meta property=\"article:modified_time\" content=\"2024-11-16T15:42:32+00:00\" \/>\n<meta property=\"og:image\" content=\"https:\/\/csc-sarl.ch\/wp-content\/uploads\/2018\/06\/bs_004802_large60px.jpg\" \/>\n<meta name=\"twitter:card\" content=\"summary_large_image\" \/>\n<meta name=\"twitter:label1\" content=\"Dur\u00e9e de lecture estim\u00e9e\" \/>\n\t<meta name=\"twitter:data1\" content=\"5 minutes\" \/>\n<script type=\"application\/ld+json\" class=\"yoast-schema-graph\">{\"@context\":\"https:\/\/schema.org\",\"@graph\":[{\"@type\":\"WebPage\",\"@id\":\"https:\/\/conservation-science.ch\/?page_id=39905&lang=de\",\"url\":\"https:\/\/conservation-science.ch\/?page_id=39905&lang=de\",\"name\":\"BS (Basel-Stadt) - Bl\u00e4uer - Conservation - Science\",\"isPartOf\":{\"@id\":\"https:\/\/conservation-science.ch\/#website\"},\"primaryImageOfPage\":{\"@id\":\"https:\/\/conservation-science.ch\/?page_id=39905&lang=de#primaryimage\"},\"image\":{\"@id\":\"https:\/\/conservation-science.ch\/?page_id=39905&lang=de#primaryimage\"},\"thumbnailUrl\":\"https:\/\/csc-sarl.ch\/wp-content\/uploads\/2018\/06\/bs_004802_large60px.jpg\",\"datePublished\":\"2024-11-16T11:31:57+00:00\",\"dateModified\":\"2024-11-16T15:42:32+00:00\",\"breadcrumb\":{\"@id\":\"https:\/\/conservation-science.ch\/?page_id=39905&lang=de#breadcrumb\"},\"inLanguage\":\"fr-FR\",\"potentialAction\":[{\"@type\":\"ReadAction\",\"target\":[\"https:\/\/conservation-science.ch\/?page_id=39905&lang=de\"]}]},{\"@type\":\"ImageObject\",\"inLanguage\":\"fr-FR\",\"@id\":\"https:\/\/conservation-science.ch\/?page_id=39905&lang=de#primaryimage\",\"url\":\"https:\/\/csc-sarl.ch\/wp-content\/uploads\/2018\/06\/bs_004802_large60px.jpg\",\"contentUrl\":\"https:\/\/csc-sarl.ch\/wp-content\/uploads\/2018\/06\/bs_004802_large60px.jpg\"},{\"@type\":\"BreadcrumbList\",\"@id\":\"https:\/\/conservation-science.ch\/?page_id=39905&lang=de#breadcrumb\",\"itemListElement\":[{\"@type\":\"ListItem\",\"position\":1,\"name\":\"Accueil\",\"item\":\"https:\/\/conservation-science.ch\/\"},{\"@type\":\"ListItem\",\"position\":2,\"name\":\"Studien \/ Expertisen\",\"item\":\"https:\/\/conservation-science.ch\/?page_id=39826&lang=de\"},{\"@type\":\"ListItem\",\"position\":3,\"name\":\"Schweiz\",\"item\":\"https:\/\/conservation-science.ch\/?page_id=39867&lang=de\"},{\"@type\":\"ListItem\",\"position\":4,\"name\":\"BS (Basel-Stadt)\"}]},{\"@type\":\"WebSite\",\"@id\":\"https:\/\/conservation-science.ch\/#website\",\"url\":\"https:\/\/conservation-science.ch\/\",\"name\":\"CSC - Conservation - Sciences\",\"description\":\"Transmission de connaissances dans le domaine des sciences de la conservation du patrimoine b\u00e2ti\",\"potentialAction\":[{\"@type\":\"SearchAction\",\"target\":{\"@type\":\"EntryPoint\",\"urlTemplate\":\"https:\/\/conservation-science.ch\/?s={search_term_string}\"},\"query-input\":{\"@type\":\"PropertyValueSpecification\",\"valueRequired\":true,\"valueName\":\"search_term_string\"}}],\"inLanguage\":\"fr-FR\"}]}<\/script>\n<!-- \/ Yoast SEO plugin. -->","yoast_head_json":{"title":"BS (Basel-Stadt) - Bl\u00e4uer - Conservation - Science","robots":{"index":"index","follow":"follow","max-snippet":"max-snippet:-1","max-image-preview":"max-image-preview:large","max-video-preview":"max-video-preview:-1"},"canonical":"https:\/\/conservation-science.ch\/?page_id=39905&lang=de","og_locale":"fr_FR","og_type":"article","og_title":"BS (Basel-Stadt) - Bl\u00e4uer - Conservation - Science","og_description":"Im Kanton Basel-Stadt durchgef\u00fchrte Projekte: &nbsp; am Basler M\u00fcnster durchgef\u00fchrte Projekte; am Spalentor durchgef\u00fchrte Projekte; andere im Kanton Basel-Stadt durchgef\u00fchrte Projekte. &nbsp; Am Basler M\u00fcnster durchgef\u00fchrte Projekte (aufs Bild klicken): Res\u00fcmee Ort\/Datum Objekt Thema Basel 16.12.08 48.02 M\u00fcnster Klimamessungen 2006 bis Mai 2008 Basel 9.12.09 48.03 M\u00fcnster (Krypta) Innenklimamessungen 2008-2009; Klima- und Schadensentwicklung in der &hellip; Continuer la lecture de BS (Basel-Stadt)","og_url":"https:\/\/conservation-science.ch\/?page_id=39905&lang=de","og_site_name":"Bl\u00e4uer - Conservation - Science","article_modified_time":"2024-11-16T15:42:32+00:00","og_image":[{"url":"https:\/\/csc-sarl.ch\/wp-content\/uploads\/2018\/06\/bs_004802_large60px.jpg","type":"","width":"","height":""}],"twitter_card":"summary_large_image","twitter_misc":{"Dur\u00e9e de lecture estim\u00e9e":"5 minutes"},"schema":{"@context":"https:\/\/schema.org","@graph":[{"@type":"WebPage","@id":"https:\/\/conservation-science.ch\/?page_id=39905&lang=de","url":"https:\/\/conservation-science.ch\/?page_id=39905&lang=de","name":"BS (Basel-Stadt) - Bl\u00e4uer - Conservation - Science","isPartOf":{"@id":"https:\/\/conservation-science.ch\/#website"},"primaryImageOfPage":{"@id":"https:\/\/conservation-science.ch\/?page_id=39905&lang=de#primaryimage"},"image":{"@id":"https:\/\/conservation-science.ch\/?page_id=39905&lang=de#primaryimage"},"thumbnailUrl":"https:\/\/csc-sarl.ch\/wp-content\/uploads\/2018\/06\/bs_004802_large60px.jpg","datePublished":"2024-11-16T11:31:57+00:00","dateModified":"2024-11-16T15:42:32+00:00","breadcrumb":{"@id":"https:\/\/conservation-science.ch\/?page_id=39905&lang=de#breadcrumb"},"inLanguage":"fr-FR","potentialAction":[{"@type":"ReadAction","target":["https:\/\/conservation-science.ch\/?page_id=39905&lang=de"]}]},{"@type":"ImageObject","inLanguage":"fr-FR","@id":"https:\/\/conservation-science.ch\/?page_id=39905&lang=de#primaryimage","url":"https:\/\/csc-sarl.ch\/wp-content\/uploads\/2018\/06\/bs_004802_large60px.jpg","contentUrl":"https:\/\/csc-sarl.ch\/wp-content\/uploads\/2018\/06\/bs_004802_large60px.jpg"},{"@type":"BreadcrumbList","@id":"https:\/\/conservation-science.ch\/?page_id=39905&lang=de#breadcrumb","itemListElement":[{"@type":"ListItem","position":1,"name":"Accueil","item":"https:\/\/conservation-science.ch\/"},{"@type":"ListItem","position":2,"name":"Studien \/ Expertisen","item":"https:\/\/conservation-science.ch\/?page_id=39826&lang=de"},{"@type":"ListItem","position":3,"name":"Schweiz","item":"https:\/\/conservation-science.ch\/?page_id=39867&lang=de"},{"@type":"ListItem","position":4,"name":"BS (Basel-Stadt)"}]},{"@type":"WebSite","@id":"https:\/\/conservation-science.ch\/#website","url":"https:\/\/conservation-science.ch\/","name":"CSC - Conservation - Sciences","description":"Transmission de connaissances dans le domaine des sciences de la conservation du patrimoine b\u00e2ti","potentialAction":[{"@type":"SearchAction","target":{"@type":"EntryPoint","urlTemplate":"https:\/\/conservation-science.ch\/?s={search_term_string}"},"query-input":{"@type":"PropertyValueSpecification","valueRequired":true,"valueName":"search_term_string"}}],"inLanguage":"fr-FR"}]}},"_links":{"self":[{"href":"https:\/\/conservation-science.ch\/index.php?rest_route=\/wp\/v2\/pages\/39905","targetHints":{"allow":["GET"]}}],"collection":[{"href":"https:\/\/conservation-science.ch\/index.php?rest_route=\/wp\/v2\/pages"}],"about":[{"href":"https:\/\/conservation-science.ch\/index.php?rest_route=\/wp\/v2\/types\/page"}],"author":[{"embeddable":true,"href":"https:\/\/conservation-science.ch\/index.php?rest_route=\/wp\/v2\/users\/4"}],"replies":[{"embeddable":true,"href":"https:\/\/conservation-science.ch\/index.php?rest_route=%2Fwp%2Fv2%2Fcomments&post=39905"}],"version-history":[{"count":1,"href":"https:\/\/conservation-science.ch\/index.php?rest_route=\/wp\/v2\/pages\/39905\/revisions"}],"predecessor-version":[{"id":39907,"href":"https:\/\/conservation-science.ch\/index.php?rest_route=\/wp\/v2\/pages\/39905\/revisions\/39907"}],"up":[{"embeddable":true,"href":"https:\/\/conservation-science.ch\/index.php?rest_route=\/wp\/v2\/pages\/39867"}],"wp:attachment":[{"href":"https:\/\/conservation-science.ch\/index.php?rest_route=%2Fwp%2Fv2%2Fmedia&parent=39905"}],"curies":[{"name":"wp","href":"https:\/\/api.w.org\/{rel}","templated":true}]}}