{"id":39893,"date":"2024-11-16T12:28:21","date_gmt":"2024-11-16T11:28:21","guid":{"rendered":"https:\/\/conservation-science.ch\/?page_id=39893"},"modified":"2024-11-16T16:42:20","modified_gmt":"2024-11-16T15:42:20","slug":"aargau","status":"publish","type":"page","link":"https:\/\/conservation-science.ch\/?page_id=39893&lang=de","title":{"rendered":"AG (Aargau)"},"content":{"rendered":"<p><strong>Im Kanton Aargau durchgef\u00fchrte Projekte (aufs Bild klicken):<\/strong><\/p>\n<p>&nbsp;<\/p>\n<table border=\"1\" width=\"580\" cellpadding=\"2\">\n<tbody>\n<tr>\n<td><span style=\"font-size: 10pt;\"><strong>Res\u00fcmee<br \/>\n<\/strong><\/span><\/td>\n<td><span style=\"font-size: 10pt;\"><strong>Ort\/Datum<\/strong><\/span><\/td>\n<td><span style=\"font-size: 10pt;\"><strong>Objekt<\/strong><\/span><\/td>\n<td><span style=\"font-size: 10pt;\"><strong>Thema<\/strong><\/span><\/td>\n<\/tr>\n<tr>\n<td style=\"vertical-align: top;\"><span style=\"font-size: 10pt;\"><a href=\"https:\/\/conservation-science.ch\/a_0308_01\/\" target=\"_self\" rel=\"noopener\"><img decoding=\"async\" class=\"rex_image\" src=\"https:\/\/csc-sarl.ch\/wp-content\/uploads\/2018\/06\/ag_030801_large60px.jpg\" alt=\"[Keine Beschreibung eingegeben]\" ismap=\"ismap\" \/><\/a><\/span><\/td>\n<td style=\"vertical-align: top;\"><span style=\"font-size: 10pt;\">Aarau 28.10.13<\/span><br \/>\n<span style=\"font-size: 10pt;\">308.01<\/span><\/td>\n<td style=\"vertical-align: top;\"><span style=\"font-size: 10pt;\">Vordere Vorstadt 9<\/span><\/td>\n<td style=\"vertical-align: top; text-align: left;\"><span style=\"font-size: 10pt;\">Analyse von Malschiertstratigrafie und Polychromie<\/span><\/td>\n<\/tr>\n<tr>\n<td style=\"vertical-align: top;\"><span style=\"font-size: 10pt;\"><a href=\"https:\/\/csc-sarl.ch\/wp-content\/uploads\/2018\/06\/a_0047_01.pdf\" target=\"_self\" rel=\"noopener\"><img decoding=\"async\" class=\"rex_image\" src=\"https:\/\/csc-sarl.ch\/wp-content\/uploads\/2018\/06\/ag_004701_large60px.jpg\" alt=\"[Keine Beschreibung eingegeben]\" ismap=\"ismap\" \/><\/a><\/span><\/td>\n<td style=\"vertical-align: top;\"><span style=\"font-size: 10pt;\">Boswil<\/span><br \/>\n<span style=\"font-size: 10pt;\">20.3.08<\/span><br \/>\n<span style=\"font-size: 10pt;\">47.01<\/span><\/td>\n<td style=\"vertical-align: top;\"><span style=\"font-size: 10pt;\">Martinsfigur<\/span><\/td>\n<td style=\"vertical-align: top; text-align: left;\"><span style=\"font-size: 10pt;\">Analyse: Materialbestimmung Sandstein<\/span><\/td>\n<\/tr>\n<tr>\n<td style=\"vertical-align: top;\"><span style=\"font-size: 10pt;\"><a href=\"https:\/\/csc-sarl.ch\/wp-content\/uploads\/2018\/06\/a_0044_01.pdf\" target=\"_self\" rel=\"noopener\"><img decoding=\"async\" class=\"rex_image\" src=\"https:\/\/csc-sarl.ch\/wp-content\/uploads\/2018\/06\/ag_004401_large60px.jpg\" alt=\"[Keine Beschreibung eingegeben]\" ismap=\"ismap\" \/><\/a><\/span><\/td>\n<td style=\"vertical-align: top;\"><span style=\"font-size: 10pt;\">Gr\u00e4nichen<\/span><br \/>\n<span style=\"font-size: 10pt;\">14.3.08<\/span><br \/>\n<span style=\"font-size: 10pt;\">44.01<\/span><\/td>\n<td style=\"vertical-align: top;\"><span style=\"font-size: 10pt;\">Schloss Liebegg, Grabplatten<\/span><\/td>\n<td style=\"vertical-align: top; text-align: left;\"><span style=\"font-size: 10pt;\">Analyse des Salzgehaltes und der Gef\u00e4hrdung durch l\u00f6sliche Salz<\/span><\/td>\n<\/tr>\n<tr>\n<td style=\"vertical-align: top;\"><a href=\"https:\/\/csc-sarl.ch\/wp-content\/uploads\/2018\/06\/a_0348_01.pdf\" target=\"_self\" rel=\"noopener\"><img decoding=\"async\" class=\"rex_image\" src=\"https:\/\/csc-sarl.ch\/wp-content\/uploads\/2018\/06\/ag_034801.jpg\" alt=\"[Keine Beschreibung eingegeben]\" ismap=\"ismap\" \/><\/a><\/td>\n<td style=\"vertical-align: top;\"><span style=\"font-size: 10pt;\">Muri<\/span><br \/>\n<span style=\"font-size: 10pt;\">22.6.15<\/span><br \/>\n<span style=\"font-size: 10pt;\">348.01<\/span><\/td>\n<td style=\"vertical-align: top;\"><span style=\"font-size: 10pt;\">Klosterkirche<\/span><\/td>\n<td style=\"vertical-align: top; text-align: left;\"><span style=\"font-size: 10pt;\">Material- und Salzanalysen<\/span><\/td>\n<\/tr>\n<tr>\n<td style=\"vertical-align: top;\"><span style=\"font-size: 10pt;\"><a href=\"https:\/\/csc-sarl.ch\/wp-content\/uploads\/2018\/06\/a_0397_01.pdf\" target=\"_self\" rel=\"noopener\"><img decoding=\"async\" class=\"rex_image\" src=\"https:\/\/csc-sarl.ch\/wp-content\/uploads\/2018\/06\/ag_039701.jpg\" alt=\"[Keine Beschreibung eingegeben]\" ismap=\"ismap\" \/><\/a><\/span><\/td>\n<td style=\"vertical-align: top;\"><span style=\"font-size: 10pt;\">Oberentfelden<\/span><br \/>\n<span style=\"font-size: 10pt;\">20.7.15<\/span><br \/>\n<span style=\"font-size: 10pt;\">397.01<\/span><\/td>\n<td style=\"vertical-align: top;\"><span style=\"font-size: 10pt;\">Schulhaus<\/span><\/td>\n<td style=\"vertical-align: top;\"><span style=\"font-size: 10pt;\">Analyse einer Probe des Sgraffitoputzes<\/span><\/td>\n<\/tr>\n<tr>\n<td style=\"vertical-align: top;\"><span style=\"font-size: 10pt;\"><a href=\"https:\/\/csc-sarl.ch\/wp-content\/uploads\/2018\/06\/a_0060_01.pdf\" target=\"_self\" rel=\"noopener\"><img decoding=\"async\" class=\"rex_image\" src=\"https:\/\/csc-sarl.ch\/wp-content\/uploads\/2018\/06\/ag_006001_large60px.jpg\" alt=\"[Keine Beschreibung eingegeben]\" ismap=\"ismap\" \/><\/a><\/span><\/td>\n<td style=\"vertical-align: top;\"><span style=\"font-size: 10pt;\">Wildegg<\/span><br \/>\n<span style=\"font-size: 10pt;\">23.7.08<\/span><br \/>\n<span style=\"font-size: 10pt;\">60.01<\/span><\/td>\n<td style=\"vertical-align: top;\"><span style=\"font-size: 10pt;\">Schloss<\/span><\/td>\n<td style=\"vertical-align: top;\"><span style=\"font-size: 10pt;\">Salzanalysen<\/span><\/td>\n<\/tr>\n<tr>\n<td style=\"vertical-align: top;\"><span style=\"font-size: 10pt;\"><a href=\"https:\/\/csc-sarl.ch\/wp-content\/uploads\/2018\/06\/a_0078_01.pdf\" target=\"_self\" rel=\"noopener\"><img decoding=\"async\" class=\"rex_image\" src=\"https:\/\/csc-sarl.ch\/wp-content\/uploads\/2018\/06\/ag_007801_large60px.jpg\" alt=\"[Keine Beschreibung eingegeben]\" ismap=\"ismap\" \/><\/a><\/span><\/td>\n<td style=\"vertical-align: top;\"><span style=\"font-size: 10pt;\">Windisch<\/span><br \/>\n<span style=\"font-size: 10pt;\">8.12.08<\/span><br \/>\n<span style=\"font-size: 10pt;\">78.01<\/span><\/td>\n<td style=\"vertical-align: top;\"><span style=\"font-size: 10pt;\">Katholische Kirche<\/span><\/td>\n<td style=\"vertical-align: top;\"><span style=\"font-size: 10pt;\">Beurteilung der Fassadenerneuerung<\/span><\/td>\n<\/tr>\n<tr>\n<td style=\"vertical-align: top;\"><span style=\"font-size: 10pt;\"><a href=\"https:\/\/csc-sarl.ch\/wp-content\/uploads\/2018\/06\/a_0092_01.pdf\"><img loading=\"lazy\" decoding=\"async\" class=\"alignnone size-full wp-image-29667\" src=\"https:\/\/csc-sarl.ch\/wp-content\/uploads\/2018\/06\/logoacrobatptt.jpg\" alt=\"\" width=\"57\" height=\"43\" \/><\/a><\/span><\/td>\n<td style=\"vertical-align: top;\"><span style=\"font-size: 10pt;\">Windisch<\/span><br \/>\n<span style=\"font-size: 10pt;\">14.4.09<\/span><br \/>\n<span style=\"font-size: 10pt;\">92.01<\/span><\/td>\n<td style=\"vertical-align: top;\"><span style=\"font-size: 10pt;\">Roemische Legionaerskueche<\/span><\/td>\n<td style=\"vertical-align: top;\"><span style=\"font-size: 10pt;\">Salzanalyse<\/span><\/td>\n<\/tr>\n<\/tbody>\n<\/table>\n<p>&nbsp;<\/p>\n","protected":false},"excerpt":{"rendered":"<p>Im Kanton Aargau durchgef\u00fchrte Projekte (aufs Bild klicken): &nbsp; Res\u00fcmee Ort\/Datum Objekt Thema Aarau 28.10.13 308.01 Vordere Vorstadt 9 Analyse von Malschiertstratigrafie und Polychromie Boswil 20.3.08 47.01 Martinsfigur Analyse: Materialbestimmung Sandstein Gr\u00e4nichen 14.3.08 44.01 Schloss Liebegg, Grabplatten Analyse des Salzgehaltes und der Gef\u00e4hrdung durch l\u00f6sliche Salz Muri 22.6.15 348.01 Klosterkirche Material- und Salzanalysen Oberentfelden 20.7.15 &hellip; <a href=\"https:\/\/conservation-science.ch\/?page_id=39893&#038;lang=de\" class=\"more-link\">Continuer la lecture de <span class=\"screen-reader-text\">AG (Aargau)<\/span><\/a><\/p>\n","protected":false},"author":4,"featured_media":0,"parent":39867,"menu_order":1,"comment_status":"closed","ping_status":"closed","template":"","meta":{"footnotes":""},"class_list":["post-39893","page","type-page","status-publish","hentry"],"yoast_head":"<!-- This site is optimized with the Yoast SEO plugin v27.2 - https:\/\/yoast.com\/product\/yoast-seo-wordpress\/ -->\n<title>AG (Aargau) - Bl\u00e4uer - Conservation - Science<\/title>\n<meta name=\"robots\" content=\"index, follow, max-snippet:-1, max-image-preview:large, max-video-preview:-1\" \/>\n<link rel=\"canonical\" href=\"https:\/\/conservation-science.ch\/?page_id=39893&lang=de\" \/>\n<meta property=\"og:locale\" content=\"fr_FR\" \/>\n<meta property=\"og:type\" content=\"article\" \/>\n<meta property=\"og:title\" content=\"AG (Aargau) - Bl\u00e4uer - Conservation - Science\" \/>\n<meta property=\"og:description\" content=\"Im Kanton Aargau durchgef\u00fchrte Projekte (aufs Bild klicken): &nbsp; Res\u00fcmee Ort\/Datum Objekt Thema Aarau 28.10.13 308.01 Vordere Vorstadt 9 Analyse von Malschiertstratigrafie und Polychromie Boswil 20.3.08 47.01 Martinsfigur Analyse: Materialbestimmung Sandstein Gr\u00e4nichen 14.3.08 44.01 Schloss Liebegg, Grabplatten Analyse des Salzgehaltes und der Gef\u00e4hrdung durch l\u00f6sliche Salz Muri 22.6.15 348.01 Klosterkirche Material- und Salzanalysen Oberentfelden 20.7.15 &hellip; Continuer la lecture de AG (Aargau)\" \/>\n<meta property=\"og:url\" content=\"https:\/\/conservation-science.ch\/?page_id=39893&amp;lang=de\" \/>\n<meta property=\"og:site_name\" content=\"Bl\u00e4uer - Conservation - Science\" \/>\n<meta property=\"article:modified_time\" content=\"2024-11-16T15:42:20+00:00\" \/>\n<meta property=\"og:image\" content=\"https:\/\/csc-sarl.ch\/wp-content\/uploads\/2018\/06\/ag_030801_large60px.jpg\" \/>\n<meta name=\"twitter:card\" content=\"summary_large_image\" \/>\n<script type=\"application\/ld+json\" class=\"yoast-schema-graph\">{\"@context\":\"https:\/\/schema.org\",\"@graph\":[{\"@type\":\"WebPage\",\"@id\":\"https:\/\/conservation-science.ch\/?page_id=39893&lang=de\",\"url\":\"https:\/\/conservation-science.ch\/?page_id=39893&lang=de\",\"name\":\"AG (Aargau) - Bl\u00e4uer - Conservation - Science\",\"isPartOf\":{\"@id\":\"https:\/\/conservation-science.ch\/#website\"},\"primaryImageOfPage\":{\"@id\":\"https:\/\/conservation-science.ch\/?page_id=39893&lang=de#primaryimage\"},\"image\":{\"@id\":\"https:\/\/conservation-science.ch\/?page_id=39893&lang=de#primaryimage\"},\"thumbnailUrl\":\"https:\/\/csc-sarl.ch\/wp-content\/uploads\/2018\/06\/ag_030801_large60px.jpg\",\"datePublished\":\"2024-11-16T11:28:21+00:00\",\"dateModified\":\"2024-11-16T15:42:20+00:00\",\"breadcrumb\":{\"@id\":\"https:\/\/conservation-science.ch\/?page_id=39893&lang=de#breadcrumb\"},\"inLanguage\":\"fr-FR\",\"potentialAction\":[{\"@type\":\"ReadAction\",\"target\":[\"https:\/\/conservation-science.ch\/?page_id=39893&lang=de\"]}]},{\"@type\":\"ImageObject\",\"inLanguage\":\"fr-FR\",\"@id\":\"https:\/\/conservation-science.ch\/?page_id=39893&lang=de#primaryimage\",\"url\":\"https:\/\/csc-sarl.ch\/wp-content\/uploads\/2018\/06\/ag_030801_large60px.jpg\",\"contentUrl\":\"https:\/\/csc-sarl.ch\/wp-content\/uploads\/2018\/06\/ag_030801_large60px.jpg\"},{\"@type\":\"BreadcrumbList\",\"@id\":\"https:\/\/conservation-science.ch\/?page_id=39893&lang=de#breadcrumb\",\"itemListElement\":[{\"@type\":\"ListItem\",\"position\":1,\"name\":\"Accueil\",\"item\":\"https:\/\/conservation-science.ch\/\"},{\"@type\":\"ListItem\",\"position\":2,\"name\":\"Studien \/ Expertisen\",\"item\":\"https:\/\/conservation-science.ch\/?page_id=39826&lang=de\"},{\"@type\":\"ListItem\",\"position\":3,\"name\":\"Schweiz\",\"item\":\"https:\/\/conservation-science.ch\/?page_id=39867&lang=de\"},{\"@type\":\"ListItem\",\"position\":4,\"name\":\"AG (Aargau)\"}]},{\"@type\":\"WebSite\",\"@id\":\"https:\/\/conservation-science.ch\/#website\",\"url\":\"https:\/\/conservation-science.ch\/\",\"name\":\"CSC - Conservation - Sciences\",\"description\":\"Transmission de connaissances dans le domaine des sciences de la conservation du patrimoine b\u00e2ti\",\"potentialAction\":[{\"@type\":\"SearchAction\",\"target\":{\"@type\":\"EntryPoint\",\"urlTemplate\":\"https:\/\/conservation-science.ch\/?s={search_term_string}\"},\"query-input\":{\"@type\":\"PropertyValueSpecification\",\"valueRequired\":true,\"valueName\":\"search_term_string\"}}],\"inLanguage\":\"fr-FR\"}]}<\/script>\n<!-- \/ Yoast SEO plugin. -->","yoast_head_json":{"title":"AG (Aargau) - Bl\u00e4uer - Conservation - Science","robots":{"index":"index","follow":"follow","max-snippet":"max-snippet:-1","max-image-preview":"max-image-preview:large","max-video-preview":"max-video-preview:-1"},"canonical":"https:\/\/conservation-science.ch\/?page_id=39893&lang=de","og_locale":"fr_FR","og_type":"article","og_title":"AG (Aargau) - Bl\u00e4uer - Conservation - Science","og_description":"Im Kanton Aargau durchgef\u00fchrte Projekte (aufs Bild klicken): &nbsp; Res\u00fcmee Ort\/Datum Objekt Thema Aarau 28.10.13 308.01 Vordere Vorstadt 9 Analyse von Malschiertstratigrafie und Polychromie Boswil 20.3.08 47.01 Martinsfigur Analyse: Materialbestimmung Sandstein Gr\u00e4nichen 14.3.08 44.01 Schloss Liebegg, Grabplatten Analyse des Salzgehaltes und der Gef\u00e4hrdung durch l\u00f6sliche Salz Muri 22.6.15 348.01 Klosterkirche Material- und Salzanalysen Oberentfelden 20.7.15 &hellip; Continuer la lecture de AG (Aargau)","og_url":"https:\/\/conservation-science.ch\/?page_id=39893&lang=de","og_site_name":"Bl\u00e4uer - Conservation - Science","article_modified_time":"2024-11-16T15:42:20+00:00","og_image":[{"url":"https:\/\/csc-sarl.ch\/wp-content\/uploads\/2018\/06\/ag_030801_large60px.jpg","type":"","width":"","height":""}],"twitter_card":"summary_large_image","schema":{"@context":"https:\/\/schema.org","@graph":[{"@type":"WebPage","@id":"https:\/\/conservation-science.ch\/?page_id=39893&lang=de","url":"https:\/\/conservation-science.ch\/?page_id=39893&lang=de","name":"AG (Aargau) - Bl\u00e4uer - Conservation - Science","isPartOf":{"@id":"https:\/\/conservation-science.ch\/#website"},"primaryImageOfPage":{"@id":"https:\/\/conservation-science.ch\/?page_id=39893&lang=de#primaryimage"},"image":{"@id":"https:\/\/conservation-science.ch\/?page_id=39893&lang=de#primaryimage"},"thumbnailUrl":"https:\/\/csc-sarl.ch\/wp-content\/uploads\/2018\/06\/ag_030801_large60px.jpg","datePublished":"2024-11-16T11:28:21+00:00","dateModified":"2024-11-16T15:42:20+00:00","breadcrumb":{"@id":"https:\/\/conservation-science.ch\/?page_id=39893&lang=de#breadcrumb"},"inLanguage":"fr-FR","potentialAction":[{"@type":"ReadAction","target":["https:\/\/conservation-science.ch\/?page_id=39893&lang=de"]}]},{"@type":"ImageObject","inLanguage":"fr-FR","@id":"https:\/\/conservation-science.ch\/?page_id=39893&lang=de#primaryimage","url":"https:\/\/csc-sarl.ch\/wp-content\/uploads\/2018\/06\/ag_030801_large60px.jpg","contentUrl":"https:\/\/csc-sarl.ch\/wp-content\/uploads\/2018\/06\/ag_030801_large60px.jpg"},{"@type":"BreadcrumbList","@id":"https:\/\/conservation-science.ch\/?page_id=39893&lang=de#breadcrumb","itemListElement":[{"@type":"ListItem","position":1,"name":"Accueil","item":"https:\/\/conservation-science.ch\/"},{"@type":"ListItem","position":2,"name":"Studien \/ Expertisen","item":"https:\/\/conservation-science.ch\/?page_id=39826&lang=de"},{"@type":"ListItem","position":3,"name":"Schweiz","item":"https:\/\/conservation-science.ch\/?page_id=39867&lang=de"},{"@type":"ListItem","position":4,"name":"AG (Aargau)"}]},{"@type":"WebSite","@id":"https:\/\/conservation-science.ch\/#website","url":"https:\/\/conservation-science.ch\/","name":"CSC - Conservation - Sciences","description":"Transmission de connaissances dans le domaine des sciences de la conservation du patrimoine b\u00e2ti","potentialAction":[{"@type":"SearchAction","target":{"@type":"EntryPoint","urlTemplate":"https:\/\/conservation-science.ch\/?s={search_term_string}"},"query-input":{"@type":"PropertyValueSpecification","valueRequired":true,"valueName":"search_term_string"}}],"inLanguage":"fr-FR"}]}},"_links":{"self":[{"href":"https:\/\/conservation-science.ch\/index.php?rest_route=\/wp\/v2\/pages\/39893","targetHints":{"allow":["GET"]}}],"collection":[{"href":"https:\/\/conservation-science.ch\/index.php?rest_route=\/wp\/v2\/pages"}],"about":[{"href":"https:\/\/conservation-science.ch\/index.php?rest_route=\/wp\/v2\/types\/page"}],"author":[{"embeddable":true,"href":"https:\/\/conservation-science.ch\/index.php?rest_route=\/wp\/v2\/users\/4"}],"replies":[{"embeddable":true,"href":"https:\/\/conservation-science.ch\/index.php?rest_route=%2Fwp%2Fv2%2Fcomments&post=39893"}],"version-history":[{"count":1,"href":"https:\/\/conservation-science.ch\/index.php?rest_route=\/wp\/v2\/pages\/39893\/revisions"}],"predecessor-version":[{"id":39895,"href":"https:\/\/conservation-science.ch\/index.php?rest_route=\/wp\/v2\/pages\/39893\/revisions\/39895"}],"up":[{"embeddable":true,"href":"https:\/\/conservation-science.ch\/index.php?rest_route=\/wp\/v2\/pages\/39867"}],"wp:attachment":[{"href":"https:\/\/conservation-science.ch\/index.php?rest_route=%2Fwp%2Fv2%2Fmedia&parent=39893"}],"curies":[{"name":"wp","href":"https:\/\/api.w.org\/{rel}","templated":true}]}}