{"id":39881,"date":"2024-11-16T12:25:03","date_gmt":"2024-11-16T11:25:03","guid":{"rendered":"https:\/\/conservation-science.ch\/?page_id=39881"},"modified":"2024-11-16T12:25:03","modified_gmt":"2024-11-16T11:25:03","slug":"bern-stadt","status":"publish","type":"page","link":"https:\/\/conservation-science.ch\/?page_id=39881&lang=de","title":{"rendered":"Bern &#8211; Stadt"},"content":{"rendered":"<p>Andere in der Stadt Bern durchgef\u00fchrte Projekte\u00a0<strong>(aufs Bild klicken)<\/strong><strong>:<\/strong><\/p>\n<table border=\"2\" width=\"580\" cellpadding=\"2\">\n<tbody>\n<tr>\n<td valign=\"top\"><strong>Res\u00fcmee<br \/>\n<\/strong><\/td>\n<td valign=\"top\"><strong>Ort\/Datum<\/strong><\/td>\n<td valign=\"top\"><strong>Objekt<\/strong><\/td>\n<td valign=\"top\"><strong>Thema<\/strong><\/td>\n<\/tr>\n<tr>\n<td valign=\"top\"><a href=\"https:\/\/csc-sarl.ch\/wp-content\/uploads\/2018\/06\/a_0042_01.pdf\" target=\"_self\" rel=\"noopener\"><img decoding=\"async\" src=\"https:\/\/csc-sarl.ch\/wp-content\/uploads\/2018\/06\/be_004201_large60px.jpg\" alt=\"[Keine Beschreibung eingegeben]\" ismap=\"ismap\" \/><\/a><\/td>\n<td valign=\"top\">Bern<br \/>\n3.3.08<br \/>\n42.01<\/td>\n<td valign=\"top\">Schloss Holligen<\/td>\n<td valign=\"top\">Untersuchung einer Verputzprobe<\/td>\n<\/tr>\n<tr>\n<td valign=\"top\"><a href=\"https:\/\/csc-sarl.ch\/wp-content\/uploads\/2018\/06\/a_0042_02.pdf\" target=\"_self\" rel=\"noopener\"><img decoding=\"async\" src=\"https:\/\/csc-sarl.ch\/wp-content\/uploads\/2018\/06\/be_004202_large60px.jpg\" alt=\"[Keine\u00a0Beschreibung\u00a0eingegeben]\" ismap=\"ismap\" \/><\/a><\/td>\n<td valign=\"top\">Bern<br \/>\n16.2.10<br \/>\n42.02<\/td>\n<td valign=\"top\">Schloss Holligen<\/td>\n<td valign=\"top\">Beratung zur Konservierung<\/td>\n<\/tr>\n<tr>\n<td valign=\"top\"><a href=\"https:\/\/csc-sarl.ch\/wp-content\/uploads\/2018\/06\/a_0043_01.pdf\" target=\"_self\" rel=\"noopener\"><img decoding=\"async\" src=\"https:\/\/csc-sarl.ch\/wp-content\/uploads\/2018\/06\/be_004301_large60px.jpg\" alt=\"[Keine Beschreibung eingegeben]\" ismap=\"ismap\" \/><\/a><\/td>\n<td valign=\"top\">Bern<br \/>\n28.3.08<br \/>\n43.01<\/td>\n<td valign=\"top\">Ufermauer Altenberg<\/td>\n<td valign=\"top\">Mitarbeit bei der Zustandsaufnahme<\/td>\n<\/tr>\n<tr>\n<td valign=\"top\"><a href=\"https:\/\/csc-sarl.ch\/wp-content\/uploads\/2018\/06\/a_0054_01.pdf\" target=\"_self\" rel=\"noopener\"><img decoding=\"async\" src=\"https:\/\/csc-sarl.ch\/wp-content\/uploads\/2018\/06\/be_005401_large60px.jpg\" alt=\"[Keine Beschreibung eingegeben]\" ismap=\"ismap\" \/><\/a><\/td>\n<td valign=\"top\">Bern<br \/>\n28.5.08<br \/>\n54.01<\/td>\n<td valign=\"top\">Kl\u00f6sterlistutz, St\u00fctzmauer<\/td>\n<td valign=\"top\">Mithilfe bei des Zustandserfassung<\/td>\n<\/tr>\n<tr>\n<td valign=\"top\"><a href=\"https:\/\/csc-sarl.ch\/wp-content\/uploads\/2018\/06\/a_0066_01.pdf\" target=\"_self\" rel=\"noopener\"><img decoding=\"async\" src=\"https:\/\/csc-sarl.ch\/wp-content\/uploads\/2018\/06\/be_006601_large60px.jpg\" alt=\"[Keine Beschreibung eingegeben]\" ismap=\"ismap\" \/><\/a><\/td>\n<td valign=\"top\">Bern<br \/>\n29.9.08<br \/>\n66.01<\/td>\n<td valign=\"top\">Bundeshaus St\u00fctzmauer<\/td>\n<td valign=\"top\">Mithilfe bei der Zustandserfassung<\/td>\n<\/tr>\n<tr>\n<td valign=\"top\"><a href=\"https:\/\/csc-sarl.ch\/wp-content\/uploads\/2018\/06\/a_0097_01.pdf\" target=\"_self\" rel=\"noopener\"><img decoding=\"async\" src=\"https:\/\/csc-sarl.ch\/wp-content\/uploads\/2018\/06\/be_009701_large60px.jpg\" alt=\"[Keine Beschreibung eingegeben]\" ismap=\"ismap\" \/><\/a><\/td>\n<td valign=\"top\">Bern<br \/>\n9.6.09<br \/>\n97.01<\/td>\n<td valign=\"top\">St\u00fcrler-Haus<\/td>\n<td valign=\"top\">Salzanalysen<\/td>\n<\/tr>\n<tr>\n<td valign=\"top\"><a href=\"https:\/\/csc-sarl.ch\/wp-content\/uploads\/2018\/06\/a_0202_03.pdf\" target=\"_self\" rel=\"noopener\"><img decoding=\"async\" src=\"https:\/\/csc-sarl.ch\/wp-content\/uploads\/2018\/06\/be_020203.jpg\" alt=\"[Keine\u00a0Beschreibung\u00a0eingegeben]\" ismap=\"ismap\" \/><\/a><\/td>\n<td valign=\"top\">Bern<br \/>\n24.9.15<br \/>\n202.03<\/td>\n<td valign=\"top\">Haus Beatrice von Watterwyl, Gef\u00e4ngnisturm<\/td>\n<td valign=\"top\">Feuchte- und Salzprobleme, Analyse und Vorschlag<\/td>\n<\/tr>\n<tr>\n<td valign=\"top\"><a href=\"https:\/\/csc-sarl.ch\/wp-content\/uploads\/2018\/06\/a_0239_01.pdf\" target=\"_self\" rel=\"noopener\"><img decoding=\"async\" src=\"https:\/\/csc-sarl.ch\/wp-content\/uploads\/2018\/06\/be_023901_large60px.jpg\" alt=\"[Keine\u00a0Beschreibung\u00a0eingegeben]\" ismap=\"ismap\" \/><\/a><\/td>\n<td valign=\"top\">Bern<br \/>\n26.4.12<br \/>\n239.01<\/td>\n<td valign=\"top\">Rathaus<\/td>\n<td valign=\"top\"><span id=\"result_box\" lang=\"de\">Nachweis einer fr\u00fcheren Oberfl\u00e4chen-behandlung<\/span><\/td>\n<\/tr>\n<tr>\n<td valign=\"top\"><a href=\"https:\/\/conservation-science.ch\/a_0316_01\/\" target=\"_self\" rel=\"noopener\"><img decoding=\"async\" src=\"https:\/\/csc-sarl.ch\/wp-content\/uploads\/2018\/06\/be_031601.jpg\" alt=\"[Keine\u00a0Beschreibung\u00a0eingegeben]\" ismap=\"ismap\" \/><\/a><\/td>\n<td valign=\"top\">Bern<br \/>\n20.1.14<br \/>\n316.01<\/td>\n<td valign=\"top\">Burgerbibliothek, Gew\u00f6lbekeller<\/td>\n<td valign=\"top\">Salzanalysen und Massnahmen-empfehlungen<\/td>\n<\/tr>\n<tr>\n<td valign=\"top\"><a href=\"https:\/\/csc-sarl.ch\/wp-content\/uploads\/2018\/06\/a_0364_01.pdf\" target=\"_self\" rel=\"noopener\"><img decoding=\"async\" src=\"https:\/\/csc-sarl.ch\/wp-content\/uploads\/2018\/06\/be_036401.jpg\" alt=\"[Keine\u00a0Beschreibung\u00a0eingegeben]\" ismap=\"ismap\" \/><\/a><\/td>\n<td valign=\"top\">Bern<br \/>\n3.10.14<br \/>\n364.01<\/td>\n<td valign=\"top\">Stadttheater, Fassaden<\/td>\n<td valign=\"top\">Beratung zu den Konservierungs-massnahmen<\/td>\n<\/tr>\n<tr>\n<td valign=\"top\"><a href=\"https:\/\/csc-sarl.ch\/wp-content\/uploads\/2018\/06\/a_0369_01.pdf\" target=\"_self\" rel=\"noopener\"><img decoding=\"async\" src=\"https:\/\/csc-sarl.ch\/wp-content\/uploads\/2018\/06\/be_036901.jpg\" alt=\"[Keine\u00a0Beschreibung\u00a0eingegeben]\" ismap=\"ismap\" \/><\/a><\/td>\n<td valign=\"top\">Bern<br \/>\n11.11.14<br \/>\n369.01<\/td>\n<td valign=\"top\">Historisches Museum &#8211; Glasierte Baukeramik<\/td>\n<td valign=\"top\">Analysen von Salzausbl\u00fchungen<\/td>\n<\/tr>\n<tr>\n<td valign=\"top\"><a href=\"https:\/\/csc-sarl.ch\/wp-content\/uploads\/2018\/06\/a_0389_01.pdf\" target=\"_self\" rel=\"noopener\"><img decoding=\"async\" src=\"https:\/\/csc-sarl.ch\/wp-content\/uploads\/2018\/06\/be_038901.jpg\" alt=\"[Keine\u00a0Beschreibung\u00a0eingegeben]\" ismap=\"ismap\" \/><\/a><\/td>\n<td valign=\"top\">Bern<br \/>\n13.4.15<br \/>\n389.01<\/td>\n<td valign=\"top\">Universit\u00e4re Psychiatrische Dienste, Althaus St\u00f6ckli<\/td>\n<td valign=\"top\">Salzverwitterung der Fassaden<\/td>\n<\/tr>\n<tr>\n<td valign=\"top\"><a href=\"https:\/\/csc-sarl.ch\/wp-content\/uploads\/2018\/06\/a_0439_01.pdf\" target=\"_self\" rel=\"noopener\"><img decoding=\"async\" src=\"https:\/\/csc-sarl.ch\/wp-content\/uploads\/2018\/06\/be_043901.jpg\" alt=\"[Keine\u00a0Beschreibung\u00a0eingegeben]\" ismap=\"ismap\" \/><\/a><\/td>\n<td valign=\"top\">Bern<br \/>\n11.5.16<br \/>\n439.01<\/td>\n<td valign=\"top\">Universit\u00e4re Psychiatrische Dienste, Unteres Haus<\/td>\n<td valign=\"top\">Salzanalyse und Beratung zur Konservierung<\/td>\n<\/tr>\n<\/tbody>\n<\/table>\n","protected":false},"excerpt":{"rendered":"<p>Andere in der Stadt Bern durchgef\u00fchrte Projekte\u00a0(aufs Bild klicken): Res\u00fcmee Ort\/Datum Objekt Thema Bern 3.3.08 42.01 Schloss Holligen Untersuchung einer Verputzprobe Bern 16.2.10 42.02 Schloss Holligen Beratung zur Konservierung Bern 28.3.08 43.01 Ufermauer Altenberg Mitarbeit bei der Zustandsaufnahme Bern 28.5.08 54.01 Kl\u00f6sterlistutz, St\u00fctzmauer Mithilfe bei des Zustandserfassung Bern 29.9.08 66.01 Bundeshaus St\u00fctzmauer Mithilfe bei der &hellip; <a href=\"https:\/\/conservation-science.ch\/?page_id=39881&#038;lang=de\" class=\"more-link\">Continuer la lecture de <span class=\"screen-reader-text\">Bern &#8211; Stadt<\/span><\/a><\/p>\n","protected":false},"author":4,"featured_media":0,"parent":39871,"menu_order":2,"comment_status":"closed","ping_status":"closed","template":"","meta":{"footnotes":""},"class_list":["post-39881","page","type-page","status-publish","hentry"],"yoast_head":"<!-- This site is optimized with the Yoast SEO plugin v27.2 - https:\/\/yoast.com\/product\/yoast-seo-wordpress\/ -->\n<title>Bern - Stadt - Bl\u00e4uer - Conservation - Science<\/title>\n<meta name=\"robots\" content=\"index, follow, max-snippet:-1, max-image-preview:large, max-video-preview:-1\" \/>\n<link rel=\"canonical\" href=\"https:\/\/conservation-science.ch\/?page_id=39881&lang=de\" \/>\n<meta property=\"og:locale\" content=\"fr_FR\" \/>\n<meta property=\"og:type\" content=\"article\" \/>\n<meta property=\"og:title\" content=\"Bern - Stadt - Bl\u00e4uer - Conservation - Science\" \/>\n<meta property=\"og:description\" content=\"Andere in der Stadt Bern durchgef\u00fchrte Projekte\u00a0(aufs Bild klicken): Res\u00fcmee Ort\/Datum Objekt Thema Bern 3.3.08 42.01 Schloss Holligen Untersuchung einer Verputzprobe Bern 16.2.10 42.02 Schloss Holligen Beratung zur Konservierung Bern 28.3.08 43.01 Ufermauer Altenberg Mitarbeit bei der Zustandsaufnahme Bern 28.5.08 54.01 Kl\u00f6sterlistutz, St\u00fctzmauer Mithilfe bei des Zustandserfassung Bern 29.9.08 66.01 Bundeshaus St\u00fctzmauer Mithilfe bei der &hellip; Continuer la lecture de Bern &#8211; Stadt\" \/>\n<meta property=\"og:url\" content=\"https:\/\/conservation-science.ch\/?page_id=39881&amp;lang=de\" \/>\n<meta property=\"og:site_name\" content=\"Bl\u00e4uer - Conservation - Science\" \/>\n<meta property=\"og:image\" content=\"https:\/\/csc-sarl.ch\/wp-content\/uploads\/2018\/06\/be_004201_large60px.jpg\" \/>\n<meta name=\"twitter:card\" content=\"summary_large_image\" \/>\n<meta name=\"twitter:label1\" content=\"Dur\u00e9e de lecture estim\u00e9e\" \/>\n\t<meta name=\"twitter:data1\" content=\"4 minutes\" \/>\n<script type=\"application\/ld+json\" class=\"yoast-schema-graph\">{\"@context\":\"https:\/\/schema.org\",\"@graph\":[{\"@type\":\"WebPage\",\"@id\":\"https:\/\/conservation-science.ch\/?page_id=39881&lang=de\",\"url\":\"https:\/\/conservation-science.ch\/?page_id=39881&lang=de\",\"name\":\"Bern - Stadt - Bl\u00e4uer - Conservation - Science\",\"isPartOf\":{\"@id\":\"https:\/\/conservation-science.ch\/#website\"},\"primaryImageOfPage\":{\"@id\":\"https:\/\/conservation-science.ch\/?page_id=39881&lang=de#primaryimage\"},\"image\":{\"@id\":\"https:\/\/conservation-science.ch\/?page_id=39881&lang=de#primaryimage\"},\"thumbnailUrl\":\"https:\/\/csc-sarl.ch\/wp-content\/uploads\/2018\/06\/be_004201_large60px.jpg\",\"datePublished\":\"2024-11-16T11:25:03+00:00\",\"breadcrumb\":{\"@id\":\"https:\/\/conservation-science.ch\/?page_id=39881&lang=de#breadcrumb\"},\"inLanguage\":\"fr-FR\",\"potentialAction\":[{\"@type\":\"ReadAction\",\"target\":[\"https:\/\/conservation-science.ch\/?page_id=39881&lang=de\"]}]},{\"@type\":\"ImageObject\",\"inLanguage\":\"fr-FR\",\"@id\":\"https:\/\/conservation-science.ch\/?page_id=39881&lang=de#primaryimage\",\"url\":\"https:\/\/csc-sarl.ch\/wp-content\/uploads\/2018\/06\/be_004201_large60px.jpg\",\"contentUrl\":\"https:\/\/csc-sarl.ch\/wp-content\/uploads\/2018\/06\/be_004201_large60px.jpg\"},{\"@type\":\"BreadcrumbList\",\"@id\":\"https:\/\/conservation-science.ch\/?page_id=39881&lang=de#breadcrumb\",\"itemListElement\":[{\"@type\":\"ListItem\",\"position\":1,\"name\":\"Accueil\",\"item\":\"https:\/\/conservation-science.ch\/\"},{\"@type\":\"ListItem\",\"position\":2,\"name\":\"Studien \/ Expertisen\",\"item\":\"https:\/\/conservation-science.ch\/?page_id=39826&lang=de\"},{\"@type\":\"ListItem\",\"position\":3,\"name\":\"Schweiz\",\"item\":\"https:\/\/conservation-science.ch\/?page_id=39867&lang=de\"},{\"@type\":\"ListItem\",\"position\":4,\"name\":\"BE (Bern)\",\"item\":\"https:\/\/conservation-science.ch\/?page_id=39871&lang=de\"},{\"@type\":\"ListItem\",\"position\":5,\"name\":\"Bern &#8211; Stadt\"}]},{\"@type\":\"WebSite\",\"@id\":\"https:\/\/conservation-science.ch\/#website\",\"url\":\"https:\/\/conservation-science.ch\/\",\"name\":\"CSC - Conservation - Sciences\",\"description\":\"Transmission de connaissances dans le domaine des sciences de la conservation du patrimoine b\u00e2ti\",\"potentialAction\":[{\"@type\":\"SearchAction\",\"target\":{\"@type\":\"EntryPoint\",\"urlTemplate\":\"https:\/\/conservation-science.ch\/?s={search_term_string}\"},\"query-input\":{\"@type\":\"PropertyValueSpecification\",\"valueRequired\":true,\"valueName\":\"search_term_string\"}}],\"inLanguage\":\"fr-FR\"}]}<\/script>\n<!-- \/ Yoast SEO plugin. -->","yoast_head_json":{"title":"Bern - Stadt - Bl\u00e4uer - Conservation - Science","robots":{"index":"index","follow":"follow","max-snippet":"max-snippet:-1","max-image-preview":"max-image-preview:large","max-video-preview":"max-video-preview:-1"},"canonical":"https:\/\/conservation-science.ch\/?page_id=39881&lang=de","og_locale":"fr_FR","og_type":"article","og_title":"Bern - Stadt - Bl\u00e4uer - Conservation - Science","og_description":"Andere in der Stadt Bern durchgef\u00fchrte Projekte\u00a0(aufs Bild klicken): Res\u00fcmee Ort\/Datum Objekt Thema Bern 3.3.08 42.01 Schloss Holligen Untersuchung einer Verputzprobe Bern 16.2.10 42.02 Schloss Holligen Beratung zur Konservierung Bern 28.3.08 43.01 Ufermauer Altenberg Mitarbeit bei der Zustandsaufnahme Bern 28.5.08 54.01 Kl\u00f6sterlistutz, St\u00fctzmauer Mithilfe bei des Zustandserfassung Bern 29.9.08 66.01 Bundeshaus St\u00fctzmauer Mithilfe bei der &hellip; Continuer la lecture de Bern &#8211; Stadt","og_url":"https:\/\/conservation-science.ch\/?page_id=39881&lang=de","og_site_name":"Bl\u00e4uer - Conservation - Science","og_image":[{"url":"https:\/\/csc-sarl.ch\/wp-content\/uploads\/2018\/06\/be_004201_large60px.jpg","type":"","width":"","height":""}],"twitter_card":"summary_large_image","twitter_misc":{"Dur\u00e9e de lecture estim\u00e9e":"4 minutes"},"schema":{"@context":"https:\/\/schema.org","@graph":[{"@type":"WebPage","@id":"https:\/\/conservation-science.ch\/?page_id=39881&lang=de","url":"https:\/\/conservation-science.ch\/?page_id=39881&lang=de","name":"Bern - Stadt - Bl\u00e4uer - Conservation - Science","isPartOf":{"@id":"https:\/\/conservation-science.ch\/#website"},"primaryImageOfPage":{"@id":"https:\/\/conservation-science.ch\/?page_id=39881&lang=de#primaryimage"},"image":{"@id":"https:\/\/conservation-science.ch\/?page_id=39881&lang=de#primaryimage"},"thumbnailUrl":"https:\/\/csc-sarl.ch\/wp-content\/uploads\/2018\/06\/be_004201_large60px.jpg","datePublished":"2024-11-16T11:25:03+00:00","breadcrumb":{"@id":"https:\/\/conservation-science.ch\/?page_id=39881&lang=de#breadcrumb"},"inLanguage":"fr-FR","potentialAction":[{"@type":"ReadAction","target":["https:\/\/conservation-science.ch\/?page_id=39881&lang=de"]}]},{"@type":"ImageObject","inLanguage":"fr-FR","@id":"https:\/\/conservation-science.ch\/?page_id=39881&lang=de#primaryimage","url":"https:\/\/csc-sarl.ch\/wp-content\/uploads\/2018\/06\/be_004201_large60px.jpg","contentUrl":"https:\/\/csc-sarl.ch\/wp-content\/uploads\/2018\/06\/be_004201_large60px.jpg"},{"@type":"BreadcrumbList","@id":"https:\/\/conservation-science.ch\/?page_id=39881&lang=de#breadcrumb","itemListElement":[{"@type":"ListItem","position":1,"name":"Accueil","item":"https:\/\/conservation-science.ch\/"},{"@type":"ListItem","position":2,"name":"Studien \/ Expertisen","item":"https:\/\/conservation-science.ch\/?page_id=39826&lang=de"},{"@type":"ListItem","position":3,"name":"Schweiz","item":"https:\/\/conservation-science.ch\/?page_id=39867&lang=de"},{"@type":"ListItem","position":4,"name":"BE (Bern)","item":"https:\/\/conservation-science.ch\/?page_id=39871&lang=de"},{"@type":"ListItem","position":5,"name":"Bern &#8211; Stadt"}]},{"@type":"WebSite","@id":"https:\/\/conservation-science.ch\/#website","url":"https:\/\/conservation-science.ch\/","name":"CSC - Conservation - Sciences","description":"Transmission de connaissances dans le domaine des sciences de la conservation du patrimoine b\u00e2ti","potentialAction":[{"@type":"SearchAction","target":{"@type":"EntryPoint","urlTemplate":"https:\/\/conservation-science.ch\/?s={search_term_string}"},"query-input":{"@type":"PropertyValueSpecification","valueRequired":true,"valueName":"search_term_string"}}],"inLanguage":"fr-FR"}]}},"_links":{"self":[{"href":"https:\/\/conservation-science.ch\/index.php?rest_route=\/wp\/v2\/pages\/39881","targetHints":{"allow":["GET"]}}],"collection":[{"href":"https:\/\/conservation-science.ch\/index.php?rest_route=\/wp\/v2\/pages"}],"about":[{"href":"https:\/\/conservation-science.ch\/index.php?rest_route=\/wp\/v2\/types\/page"}],"author":[{"embeddable":true,"href":"https:\/\/conservation-science.ch\/index.php?rest_route=\/wp\/v2\/users\/4"}],"replies":[{"embeddable":true,"href":"https:\/\/conservation-science.ch\/index.php?rest_route=%2Fwp%2Fv2%2Fcomments&post=39881"}],"version-history":[{"count":1,"href":"https:\/\/conservation-science.ch\/index.php?rest_route=\/wp\/v2\/pages\/39881\/revisions"}],"predecessor-version":[{"id":39883,"href":"https:\/\/conservation-science.ch\/index.php?rest_route=\/wp\/v2\/pages\/39881\/revisions\/39883"}],"up":[{"embeddable":true,"href":"https:\/\/conservation-science.ch\/index.php?rest_route=\/wp\/v2\/pages\/39871"}],"wp:attachment":[{"href":"https:\/\/conservation-science.ch\/index.php?rest_route=%2Fwp%2Fv2%2Fmedia&parent=39881"}],"curies":[{"name":"wp","href":"https:\/\/api.w.org\/{rel}","templated":true}]}}