{"id":39821,"date":"2024-09-05T10:57:03","date_gmt":"2024-09-05T08:57:03","guid":{"rendered":"https:\/\/conservation-science.ch\/?page_id=39821"},"modified":"2024-09-05T10:57:03","modified_gmt":"2024-09-05T08:57:03","slug":"tropfentest-1-teil","status":"publish","type":"page","link":"https:\/\/conservation-science.ch\/?page_id=39821&lang=de","title":{"rendered":"Tropfentest, 1. Teil"},"content":{"rendered":"<p style=\"text-align: justify;\"><strong>Wie bestimmen, ob ein Material hydrophob ist oder nicht: Tropfentest, 1. Teil<\/strong><br \/>\nbevor ein Anstrich, ein Verputz oder ein Flickm\u00f6rtel aufgebracht wir, ist es wichtig zu wissen, ob die zu behandelnde Oberfl\u00e4che fr\u00fcher einmal hydrophobiert worden ist oder ob das zu reparierende Material hydrophob ist.<br \/>\nDefinitionsgem\u00e4ss liebt ein hydrophobes Material Wasser nicht: es st\u00f6sst es ab.<br \/>\nPraktisch bedeutet dies, dass ein auf die hydrophobe\/hydrophobierte Oberfl\u00e4che aufgebrachter Wassertropfen, sich \u00ab\u00a0weigert\u00a0\u00bb haften zu bleiben: auf horizontalen Oberfl\u00e4chen formt er eine Kugel und auf geneigten rollt er ab.<br \/>\nZum Bestimmen ob eine Oberfl\u00e4che hydrophob ist gen\u00fcgt es deshalb den unten beschreibenen Tropfentest zu machen.<br \/>\n(Achtung: der Test eigent sich selbstverst\u00e4ndlich nur f\u00fcr Materialoberfl\u00e4chen die gegen Wasser unempfindlich sind)<\/p>\n<p style=\"text-align: justify;\"><strong>1 &#8211; Zum aufbringen des Tropfens<\/strong><br \/>\nbringen Sie einen kleinen Tropfen vorsichtig in Kontakt mit der Oberfl\u00e4che des zu testenden Materials<\/p>\n<table border=\"0\" width=\"580\" align=\"center\">\n<tbody>\n<tr>\n<td style=\"vertical-align: top;\" align=\"center\" width=\"\" height=\"\"><img decoding=\"async\" class=\"rex_image\" src=\"https:\/\/csc-sarl.ch\/wp-content\/uploads\/2018\/06\/surface_horiz.jpg\" alt=\"[Keine Beschreibung eingegeben]\" ismap=\"ismap\" \/><br \/>\nhorizontale Oberfl\u00e4che<\/td>\n<td style=\"vertical-align: top;\" align=\"center\" valign=\"bottom\" width=\"\" height=\"\"><img loading=\"lazy\" decoding=\"async\" class=\"alignnone wp-image-29842\" src=\"https:\/\/csc-sarl.ch\/wp-content\/uploads\/2018\/06\/surface_vertic.jpg\" alt=\"\" width=\"268\" height=\"198\" \/><br \/>\nvertikale Oberfl\u00e4che<\/td>\n<\/tr>\n<\/tbody>\n<\/table>\n<p style=\"text-align: justify;\"><strong>2 &#8211; Falls das Material hydrophob ist<\/strong><br \/>\nformt der Tropfen eine mehr oder weniger abgeflachte Kugel (die auf stark schr\u00e4gen oder gar vertikalen Oberfl\u00e4chen abrollt)<\/p>\n<table border=\"0\" width=\"580\" align=\"center\">\n<tbody>\n<tr>\n<td style=\"vertical-align: top;\" align=\"center\" valign=\"bottom\" width=\"\" height=\"\"><img decoding=\"async\" class=\"rex_image\" src=\"https:\/\/csc-sarl.ch\/wp-content\/uploads\/2018\/06\/hydrophob_fort.jpg\" alt=\"[Keine Beschreibung eingegeben]\" ismap=\"ismap\" \/><br \/>\nstark hydrophobe Obrefl\u00e4che<\/td>\n<td style=\"vertical-align: top;\" align=\"center\" valign=\"bottom\" width=\"\" height=\"\"><img decoding=\"async\" class=\"rex_image\" src=\"https:\/\/csc-sarl.ch\/wp-content\/uploads\/2018\/06\/hydrophob_faible.jpg\" alt=\"[Keine Beschreibung eingegeben]\" ismap=\"ismap\" \/><br \/>\netwas weniger stark hydrophobe Oberfl\u00e4che<\/td>\n<\/tr>\n<\/tbody>\n<\/table>\n<p style=\"text-align: justify;\"><strong>3 &#8211; Falls das Material nicht hydrophob ist<\/strong><br \/>\n&#8211; netzt der Tropfen die Oberfl\u00e4che und wird, falls das Material por\u00f6s ist (a), gleichzeitig mehr oder weniger schnell aufgesaugt ;<br \/>\n&#8211; wenn das Material nicht por\u00f6s ist, breitet sich der Tropfen auf seiner Oberfl\u00e4che aus und netzt sie ohne aufgesaugt zu werden (b). Durch die Verdunstung verschwindet der Tropfen mit der Zeit langsam.<\/p>\n<table border=\"0\" width=\"580\" align=\"center\">\n<tbody>\n<tr>\n<td align=\"center\" valign=\"bottom\" width=\"\" height=\"\"><img decoding=\"async\" class=\"rex_image\" src=\"https:\/\/csc-sarl.ch\/wp-content\/uploads\/2018\/06\/nonhydrophporx.jpg\" alt=\"[Keine Beschreibung eingegeben]\" ismap=\"ismap\" \/><br \/>\n(a) nicht hydrophobes, por\u00f6ses, kapillaraktives Material<\/td>\n<td style=\"vertical-align: top;\" align=\"center\" valign=\"bottom\" width=\"\" height=\"\"><img decoding=\"async\" class=\"rex_image\" src=\"https:\/\/csc-sarl.ch\/wp-content\/uploads\/2018\/06\/nonhydrophnonporx.jpg\" alt=\"[Keine Beschreibung eingegeben]\" ismap=\"ismap\" \/><br \/>\n(b) nicht hydrophobes, nicht por\u00f6ses Material<\/td>\n<\/tr>\n<\/tbody>\n<\/table>\n<p>&nbsp;<\/p>\n<p style=\"text-align: justify;\"><em><strong><span style=\"color: #996600;\">Tropfentest, Fortsetzung :<\/span>\u00a0<\/strong>in unserem n\u00e4chsten Kniff werden wir erkl\u00e4ren wie \u00fcberpr\u00fcft werden kann, ob eine Oberfl\u00e4chenbehandlung einen dichten, nicht por\u00f6sen Film bildet oder ob er die Oberfl\u00e4che \u00ab\u00a0nur\u00a0\u00bb wasserabstossend macht ohen die Poren zu verstopfen&#8230;<\/em><\/p>\n","protected":false},"excerpt":{"rendered":"<p>Wie bestimmen, ob ein Material hydrophob ist oder nicht: Tropfentest, 1. Teil bevor ein Anstrich, ein Verputz oder ein Flickm\u00f6rtel aufgebracht wir, ist es wichtig zu wissen, ob die zu behandelnde Oberfl\u00e4che fr\u00fcher einmal hydrophobiert worden ist oder ob das zu reparierende Material hydrophob ist. Definitionsgem\u00e4ss liebt ein hydrophobes Material Wasser nicht: es st\u00f6sst es &hellip; <a href=\"https:\/\/conservation-science.ch\/?page_id=39821&#038;lang=de\" class=\"more-link\">Continuer la lecture de <span class=\"screen-reader-text\">Tropfentest, 1. Teil<\/span><\/a><\/p>\n","protected":false},"author":4,"featured_media":0,"parent":39772,"menu_order":10,"comment_status":"closed","ping_status":"closed","template":"","meta":{"footnotes":""},"class_list":["post-39821","page","type-page","status-publish","hentry"],"yoast_head":"<!-- This site is optimized with the Yoast SEO plugin v27.2 - https:\/\/yoast.com\/product\/yoast-seo-wordpress\/ -->\n<title>Tropfentest, 1. Teil - Bl\u00e4uer - Conservation - Science<\/title>\n<meta name=\"robots\" content=\"index, follow, max-snippet:-1, max-image-preview:large, max-video-preview:-1\" \/>\n<link rel=\"canonical\" href=\"https:\/\/conservation-science.ch\/?page_id=39821&lang=de\" \/>\n<meta property=\"og:locale\" content=\"fr_FR\" \/>\n<meta property=\"og:type\" content=\"article\" \/>\n<meta property=\"og:title\" content=\"Tropfentest, 1. Teil - Bl\u00e4uer - Conservation - Science\" \/>\n<meta property=\"og:description\" content=\"Wie bestimmen, ob ein Material hydrophob ist oder nicht: Tropfentest, 1. Teil bevor ein Anstrich, ein Verputz oder ein Flickm\u00f6rtel aufgebracht wir, ist es wichtig zu wissen, ob die zu behandelnde Oberfl\u00e4che fr\u00fcher einmal hydrophobiert worden ist oder ob das zu reparierende Material hydrophob ist. Definitionsgem\u00e4ss liebt ein hydrophobes Material Wasser nicht: es st\u00f6sst es &hellip; Continuer la lecture de Tropfentest, 1. Teil\" \/>\n<meta property=\"og:url\" content=\"https:\/\/conservation-science.ch\/?page_id=39821&amp;lang=de\" \/>\n<meta property=\"og:site_name\" content=\"Bl\u00e4uer - Conservation - Science\" \/>\n<meta property=\"og:image\" content=\"https:\/\/csc-sarl.ch\/wp-content\/uploads\/2018\/06\/surface_horiz.jpg\" \/>\n<meta name=\"twitter:card\" content=\"summary_large_image\" \/>\n<script type=\"application\/ld+json\" class=\"yoast-schema-graph\">{\"@context\":\"https:\/\/schema.org\",\"@graph\":[{\"@type\":\"WebPage\",\"@id\":\"https:\/\/conservation-science.ch\/?page_id=39821&lang=de\",\"url\":\"https:\/\/conservation-science.ch\/?page_id=39821&lang=de\",\"name\":\"Tropfentest, 1. Teil - Bl\u00e4uer - Conservation - Science\",\"isPartOf\":{\"@id\":\"https:\/\/conservation-science.ch\/#website\"},\"primaryImageOfPage\":{\"@id\":\"https:\/\/conservation-science.ch\/?page_id=39821&lang=de#primaryimage\"},\"image\":{\"@id\":\"https:\/\/conservation-science.ch\/?page_id=39821&lang=de#primaryimage\"},\"thumbnailUrl\":\"https:\/\/csc-sarl.ch\/wp-content\/uploads\/2018\/06\/surface_horiz.jpg\",\"datePublished\":\"2024-09-05T08:57:03+00:00\",\"breadcrumb\":{\"@id\":\"https:\/\/conservation-science.ch\/?page_id=39821&lang=de#breadcrumb\"},\"inLanguage\":\"fr-FR\",\"potentialAction\":[{\"@type\":\"ReadAction\",\"target\":[\"https:\/\/conservation-science.ch\/?page_id=39821&lang=de\"]}]},{\"@type\":\"ImageObject\",\"inLanguage\":\"fr-FR\",\"@id\":\"https:\/\/conservation-science.ch\/?page_id=39821&lang=de#primaryimage\",\"url\":\"https:\/\/csc-sarl.ch\/wp-content\/uploads\/2018\/06\/surface_horiz.jpg\",\"contentUrl\":\"https:\/\/csc-sarl.ch\/wp-content\/uploads\/2018\/06\/surface_horiz.jpg\"},{\"@type\":\"BreadcrumbList\",\"@id\":\"https:\/\/conservation-science.ch\/?page_id=39821&lang=de#breadcrumb\",\"itemListElement\":[{\"@type\":\"ListItem\",\"position\":1,\"name\":\"Accueil\",\"item\":\"https:\/\/conservation-science.ch\/\"},{\"@type\":\"ListItem\",\"position\":2,\"name\":\"Kniffe\",\"item\":\"https:\/\/conservation-science.ch\/?page_id=39768&lang=de\"},{\"@type\":\"ListItem\",\"position\":3,\"name\":\"Unsere archivierten Kniffe\",\"item\":\"https:\/\/conservation-science.ch\/?page_id=39772&lang=de\"},{\"@type\":\"ListItem\",\"position\":4,\"name\":\"Tropfentest, 1. Teil\"}]},{\"@type\":\"WebSite\",\"@id\":\"https:\/\/conservation-science.ch\/#website\",\"url\":\"https:\/\/conservation-science.ch\/\",\"name\":\"CSC - Conservation - Sciences\",\"description\":\"Transmission de connaissances dans le domaine des sciences de la conservation du patrimoine b\u00e2ti\",\"potentialAction\":[{\"@type\":\"SearchAction\",\"target\":{\"@type\":\"EntryPoint\",\"urlTemplate\":\"https:\/\/conservation-science.ch\/?s={search_term_string}\"},\"query-input\":{\"@type\":\"PropertyValueSpecification\",\"valueRequired\":true,\"valueName\":\"search_term_string\"}}],\"inLanguage\":\"fr-FR\"}]}<\/script>\n<!-- \/ Yoast SEO plugin. -->","yoast_head_json":{"title":"Tropfentest, 1. Teil - Bl\u00e4uer - Conservation - Science","robots":{"index":"index","follow":"follow","max-snippet":"max-snippet:-1","max-image-preview":"max-image-preview:large","max-video-preview":"max-video-preview:-1"},"canonical":"https:\/\/conservation-science.ch\/?page_id=39821&lang=de","og_locale":"fr_FR","og_type":"article","og_title":"Tropfentest, 1. Teil - Bl\u00e4uer - Conservation - Science","og_description":"Wie bestimmen, ob ein Material hydrophob ist oder nicht: Tropfentest, 1. Teil bevor ein Anstrich, ein Verputz oder ein Flickm\u00f6rtel aufgebracht wir, ist es wichtig zu wissen, ob die zu behandelnde Oberfl\u00e4che fr\u00fcher einmal hydrophobiert worden ist oder ob das zu reparierende Material hydrophob ist. Definitionsgem\u00e4ss liebt ein hydrophobes Material Wasser nicht: es st\u00f6sst es &hellip; Continuer la lecture de Tropfentest, 1. Teil","og_url":"https:\/\/conservation-science.ch\/?page_id=39821&lang=de","og_site_name":"Bl\u00e4uer - Conservation - Science","og_image":[{"url":"https:\/\/csc-sarl.ch\/wp-content\/uploads\/2018\/06\/surface_horiz.jpg","type":"","width":"","height":""}],"twitter_card":"summary_large_image","schema":{"@context":"https:\/\/schema.org","@graph":[{"@type":"WebPage","@id":"https:\/\/conservation-science.ch\/?page_id=39821&lang=de","url":"https:\/\/conservation-science.ch\/?page_id=39821&lang=de","name":"Tropfentest, 1. Teil - Bl\u00e4uer - Conservation - Science","isPartOf":{"@id":"https:\/\/conservation-science.ch\/#website"},"primaryImageOfPage":{"@id":"https:\/\/conservation-science.ch\/?page_id=39821&lang=de#primaryimage"},"image":{"@id":"https:\/\/conservation-science.ch\/?page_id=39821&lang=de#primaryimage"},"thumbnailUrl":"https:\/\/csc-sarl.ch\/wp-content\/uploads\/2018\/06\/surface_horiz.jpg","datePublished":"2024-09-05T08:57:03+00:00","breadcrumb":{"@id":"https:\/\/conservation-science.ch\/?page_id=39821&lang=de#breadcrumb"},"inLanguage":"fr-FR","potentialAction":[{"@type":"ReadAction","target":["https:\/\/conservation-science.ch\/?page_id=39821&lang=de"]}]},{"@type":"ImageObject","inLanguage":"fr-FR","@id":"https:\/\/conservation-science.ch\/?page_id=39821&lang=de#primaryimage","url":"https:\/\/csc-sarl.ch\/wp-content\/uploads\/2018\/06\/surface_horiz.jpg","contentUrl":"https:\/\/csc-sarl.ch\/wp-content\/uploads\/2018\/06\/surface_horiz.jpg"},{"@type":"BreadcrumbList","@id":"https:\/\/conservation-science.ch\/?page_id=39821&lang=de#breadcrumb","itemListElement":[{"@type":"ListItem","position":1,"name":"Accueil","item":"https:\/\/conservation-science.ch\/"},{"@type":"ListItem","position":2,"name":"Kniffe","item":"https:\/\/conservation-science.ch\/?page_id=39768&lang=de"},{"@type":"ListItem","position":3,"name":"Unsere archivierten Kniffe","item":"https:\/\/conservation-science.ch\/?page_id=39772&lang=de"},{"@type":"ListItem","position":4,"name":"Tropfentest, 1. Teil"}]},{"@type":"WebSite","@id":"https:\/\/conservation-science.ch\/#website","url":"https:\/\/conservation-science.ch\/","name":"CSC - Conservation - Sciences","description":"Transmission de connaissances dans le domaine des sciences de la conservation du patrimoine b\u00e2ti","potentialAction":[{"@type":"SearchAction","target":{"@type":"EntryPoint","urlTemplate":"https:\/\/conservation-science.ch\/?s={search_term_string}"},"query-input":{"@type":"PropertyValueSpecification","valueRequired":true,"valueName":"search_term_string"}}],"inLanguage":"fr-FR"}]}},"_links":{"self":[{"href":"https:\/\/conservation-science.ch\/index.php?rest_route=\/wp\/v2\/pages\/39821","targetHints":{"allow":["GET"]}}],"collection":[{"href":"https:\/\/conservation-science.ch\/index.php?rest_route=\/wp\/v2\/pages"}],"about":[{"href":"https:\/\/conservation-science.ch\/index.php?rest_route=\/wp\/v2\/types\/page"}],"author":[{"embeddable":true,"href":"https:\/\/conservation-science.ch\/index.php?rest_route=\/wp\/v2\/users\/4"}],"replies":[{"embeddable":true,"href":"https:\/\/conservation-science.ch\/index.php?rest_route=%2Fwp%2Fv2%2Fcomments&post=39821"}],"version-history":[{"count":1,"href":"https:\/\/conservation-science.ch\/index.php?rest_route=\/wp\/v2\/pages\/39821\/revisions"}],"predecessor-version":[{"id":39823,"href":"https:\/\/conservation-science.ch\/index.php?rest_route=\/wp\/v2\/pages\/39821\/revisions\/39823"}],"up":[{"embeddable":true,"href":"https:\/\/conservation-science.ch\/index.php?rest_route=\/wp\/v2\/pages\/39772"}],"wp:attachment":[{"href":"https:\/\/conservation-science.ch\/index.php?rest_route=%2Fwp%2Fv2%2Fmedia&parent=39821"}],"curies":[{"name":"wp","href":"https:\/\/api.w.org\/{rel}","templated":true}]}}