{"id":39812,"date":"2024-09-05T10:54:22","date_gmt":"2024-09-05T08:54:22","guid":{"rendered":"https:\/\/conservation-science.ch\/?page_id=39812"},"modified":"2024-09-05T10:54:22","modified_gmt":"2024-09-05T08:54:22","slug":"tonmineralien","status":"publish","type":"page","link":"https:\/\/conservation-science.ch\/?page_id=39812&lang=de","title":{"rendered":"Tonmineralien?"},"content":{"rendered":"<p style=\"text-align: justify;\"><strong>Ein Geologen Trick&#8230;<\/strong><br \/>\nWenn ein trockenes Material viel Ton enth\u00e4lt, saugt es sich an der Zunge fest<br \/>\n(wegen der hohen Affinit\u00e4t dieser Mineralien bez\u00fcglich des Wassers)<\/p>\n<p>&nbsp;<\/p>\n<p><img loading=\"lazy\" decoding=\"async\" class=\"rex_image aligncenter\" src=\"https:\/\/csc-sarl.ch\/wp-content\/uploads\/2018\/06\/cecilia_langue_argiles_580px.jpg\" alt=\"[Keine Beschreibung eingegeben]\" ismap=\"ismap\" width=\"368\" height=\"293\" \/><\/p>\n<p><em>Danke sch\u00f6n Cecilia&#8230;<\/em><\/p>\n","protected":false},"excerpt":{"rendered":"<p>Ein Geologen Trick&#8230; Wenn ein trockenes Material viel Ton enth\u00e4lt, saugt es sich an der Zunge fest (wegen der hohen Affinit\u00e4t dieser Mineralien bez\u00fcglich des Wassers) &nbsp; Danke sch\u00f6n Cecilia&#8230;<\/p>\n","protected":false},"author":4,"featured_media":0,"parent":39772,"menu_order":8,"comment_status":"closed","ping_status":"closed","template":"","meta":{"footnotes":""},"class_list":["post-39812","page","type-page","status-publish","hentry"],"yoast_head":"<!-- This site is optimized with the Yoast SEO plugin v27.2 - https:\/\/yoast.com\/product\/yoast-seo-wordpress\/ -->\n<title>Tonmineralien? - Bl\u00e4uer - Conservation - Science<\/title>\n<meta name=\"robots\" content=\"index, follow, max-snippet:-1, max-image-preview:large, max-video-preview:-1\" \/>\n<link rel=\"canonical\" href=\"https:\/\/conservation-science.ch\/?page_id=39812&lang=de\" \/>\n<meta property=\"og:locale\" content=\"fr_FR\" \/>\n<meta property=\"og:type\" content=\"article\" \/>\n<meta property=\"og:title\" content=\"Tonmineralien? - Bl\u00e4uer - Conservation - Science\" \/>\n<meta property=\"og:description\" content=\"Ein Geologen Trick&#8230; Wenn ein trockenes Material viel Ton enth\u00e4lt, saugt es sich an der Zunge fest (wegen der hohen Affinit\u00e4t dieser Mineralien bez\u00fcglich des Wassers) &nbsp; Danke sch\u00f6n Cecilia&#8230;\" \/>\n<meta property=\"og:url\" content=\"https:\/\/conservation-science.ch\/?page_id=39812&amp;lang=de\" \/>\n<meta property=\"og:site_name\" content=\"Bl\u00e4uer - Conservation - Science\" \/>\n<meta property=\"og:image\" content=\"https:\/\/csc-sarl.ch\/wp-content\/uploads\/2018\/06\/cecilia_langue_argiles_580px.jpg\" \/>\n<meta name=\"twitter:card\" content=\"summary_large_image\" \/>\n<script type=\"application\/ld+json\" class=\"yoast-schema-graph\">{\"@context\":\"https:\/\/schema.org\",\"@graph\":[{\"@type\":\"WebPage\",\"@id\":\"https:\/\/conservation-science.ch\/?page_id=39812&lang=de\",\"url\":\"https:\/\/conservation-science.ch\/?page_id=39812&lang=de\",\"name\":\"Tonmineralien? - Bl\u00e4uer - Conservation - Science\",\"isPartOf\":{\"@id\":\"https:\/\/conservation-science.ch\/#website\"},\"primaryImageOfPage\":{\"@id\":\"https:\/\/conservation-science.ch\/?page_id=39812&lang=de#primaryimage\"},\"image\":{\"@id\":\"https:\/\/conservation-science.ch\/?page_id=39812&lang=de#primaryimage\"},\"thumbnailUrl\":\"https:\/\/csc-sarl.ch\/wp-content\/uploads\/2018\/06\/cecilia_langue_argiles_580px.jpg\",\"datePublished\":\"2024-09-05T08:54:22+00:00\",\"breadcrumb\":{\"@id\":\"https:\/\/conservation-science.ch\/?page_id=39812&lang=de#breadcrumb\"},\"inLanguage\":\"fr-FR\",\"potentialAction\":[{\"@type\":\"ReadAction\",\"target\":[\"https:\/\/conservation-science.ch\/?page_id=39812&lang=de\"]}]},{\"@type\":\"ImageObject\",\"inLanguage\":\"fr-FR\",\"@id\":\"https:\/\/conservation-science.ch\/?page_id=39812&lang=de#primaryimage\",\"url\":\"https:\/\/csc-sarl.ch\/wp-content\/uploads\/2018\/06\/cecilia_langue_argiles_580px.jpg\",\"contentUrl\":\"https:\/\/csc-sarl.ch\/wp-content\/uploads\/2018\/06\/cecilia_langue_argiles_580px.jpg\"},{\"@type\":\"BreadcrumbList\",\"@id\":\"https:\/\/conservation-science.ch\/?page_id=39812&lang=de#breadcrumb\",\"itemListElement\":[{\"@type\":\"ListItem\",\"position\":1,\"name\":\"Accueil\",\"item\":\"https:\/\/conservation-science.ch\/\"},{\"@type\":\"ListItem\",\"position\":2,\"name\":\"Kniffe\",\"item\":\"https:\/\/conservation-science.ch\/?page_id=39768&lang=de\"},{\"@type\":\"ListItem\",\"position\":3,\"name\":\"Unsere archivierten Kniffe\",\"item\":\"https:\/\/conservation-science.ch\/?page_id=39772&lang=de\"},{\"@type\":\"ListItem\",\"position\":4,\"name\":\"Tonmineralien?\"}]},{\"@type\":\"WebSite\",\"@id\":\"https:\/\/conservation-science.ch\/#website\",\"url\":\"https:\/\/conservation-science.ch\/\",\"name\":\"CSC - Conservation - Sciences\",\"description\":\"Transmission de connaissances dans le domaine des sciences de la conservation du patrimoine b\u00e2ti\",\"potentialAction\":[{\"@type\":\"SearchAction\",\"target\":{\"@type\":\"EntryPoint\",\"urlTemplate\":\"https:\/\/conservation-science.ch\/?s={search_term_string}\"},\"query-input\":{\"@type\":\"PropertyValueSpecification\",\"valueRequired\":true,\"valueName\":\"search_term_string\"}}],\"inLanguage\":\"fr-FR\"}]}<\/script>\n<!-- \/ Yoast SEO plugin. -->","yoast_head_json":{"title":"Tonmineralien? - Bl\u00e4uer - Conservation - Science","robots":{"index":"index","follow":"follow","max-snippet":"max-snippet:-1","max-image-preview":"max-image-preview:large","max-video-preview":"max-video-preview:-1"},"canonical":"https:\/\/conservation-science.ch\/?page_id=39812&lang=de","og_locale":"fr_FR","og_type":"article","og_title":"Tonmineralien? - Bl\u00e4uer - Conservation - Science","og_description":"Ein Geologen Trick&#8230; Wenn ein trockenes Material viel Ton enth\u00e4lt, saugt es sich an der Zunge fest (wegen der hohen Affinit\u00e4t dieser Mineralien bez\u00fcglich des Wassers) &nbsp; Danke sch\u00f6n Cecilia&#8230;","og_url":"https:\/\/conservation-science.ch\/?page_id=39812&lang=de","og_site_name":"Bl\u00e4uer - Conservation - Science","og_image":[{"url":"https:\/\/csc-sarl.ch\/wp-content\/uploads\/2018\/06\/cecilia_langue_argiles_580px.jpg","type":"","width":"","height":""}],"twitter_card":"summary_large_image","schema":{"@context":"https:\/\/schema.org","@graph":[{"@type":"WebPage","@id":"https:\/\/conservation-science.ch\/?page_id=39812&lang=de","url":"https:\/\/conservation-science.ch\/?page_id=39812&lang=de","name":"Tonmineralien? - Bl\u00e4uer - Conservation - Science","isPartOf":{"@id":"https:\/\/conservation-science.ch\/#website"},"primaryImageOfPage":{"@id":"https:\/\/conservation-science.ch\/?page_id=39812&lang=de#primaryimage"},"image":{"@id":"https:\/\/conservation-science.ch\/?page_id=39812&lang=de#primaryimage"},"thumbnailUrl":"https:\/\/csc-sarl.ch\/wp-content\/uploads\/2018\/06\/cecilia_langue_argiles_580px.jpg","datePublished":"2024-09-05T08:54:22+00:00","breadcrumb":{"@id":"https:\/\/conservation-science.ch\/?page_id=39812&lang=de#breadcrumb"},"inLanguage":"fr-FR","potentialAction":[{"@type":"ReadAction","target":["https:\/\/conservation-science.ch\/?page_id=39812&lang=de"]}]},{"@type":"ImageObject","inLanguage":"fr-FR","@id":"https:\/\/conservation-science.ch\/?page_id=39812&lang=de#primaryimage","url":"https:\/\/csc-sarl.ch\/wp-content\/uploads\/2018\/06\/cecilia_langue_argiles_580px.jpg","contentUrl":"https:\/\/csc-sarl.ch\/wp-content\/uploads\/2018\/06\/cecilia_langue_argiles_580px.jpg"},{"@type":"BreadcrumbList","@id":"https:\/\/conservation-science.ch\/?page_id=39812&lang=de#breadcrumb","itemListElement":[{"@type":"ListItem","position":1,"name":"Accueil","item":"https:\/\/conservation-science.ch\/"},{"@type":"ListItem","position":2,"name":"Kniffe","item":"https:\/\/conservation-science.ch\/?page_id=39768&lang=de"},{"@type":"ListItem","position":3,"name":"Unsere archivierten Kniffe","item":"https:\/\/conservation-science.ch\/?page_id=39772&lang=de"},{"@type":"ListItem","position":4,"name":"Tonmineralien?"}]},{"@type":"WebSite","@id":"https:\/\/conservation-science.ch\/#website","url":"https:\/\/conservation-science.ch\/","name":"CSC - Conservation - Sciences","description":"Transmission de connaissances dans le domaine des sciences de la conservation du patrimoine b\u00e2ti","potentialAction":[{"@type":"SearchAction","target":{"@type":"EntryPoint","urlTemplate":"https:\/\/conservation-science.ch\/?s={search_term_string}"},"query-input":{"@type":"PropertyValueSpecification","valueRequired":true,"valueName":"search_term_string"}}],"inLanguage":"fr-FR"}]}},"_links":{"self":[{"href":"https:\/\/conservation-science.ch\/index.php?rest_route=\/wp\/v2\/pages\/39812","targetHints":{"allow":["GET"]}}],"collection":[{"href":"https:\/\/conservation-science.ch\/index.php?rest_route=\/wp\/v2\/pages"}],"about":[{"href":"https:\/\/conservation-science.ch\/index.php?rest_route=\/wp\/v2\/types\/page"}],"author":[{"embeddable":true,"href":"https:\/\/conservation-science.ch\/index.php?rest_route=\/wp\/v2\/users\/4"}],"replies":[{"embeddable":true,"href":"https:\/\/conservation-science.ch\/index.php?rest_route=%2Fwp%2Fv2%2Fcomments&post=39812"}],"version-history":[{"count":1,"href":"https:\/\/conservation-science.ch\/index.php?rest_route=\/wp\/v2\/pages\/39812\/revisions"}],"predecessor-version":[{"id":39814,"href":"https:\/\/conservation-science.ch\/index.php?rest_route=\/wp\/v2\/pages\/39812\/revisions\/39814"}],"up":[{"embeddable":true,"href":"https:\/\/conservation-science.ch\/index.php?rest_route=\/wp\/v2\/pages\/39772"}],"wp:attachment":[{"href":"https:\/\/conservation-science.ch\/index.php?rest_route=%2Fwp%2Fv2%2Fmedia&parent=39812"}],"curies":[{"name":"wp","href":"https:\/\/api.w.org\/{rel}","templated":true}]}}