{"id":39800,"date":"2024-09-05T10:51:33","date_gmt":"2024-09-05T08:51:33","guid":{"rendered":"https:\/\/conservation-science.ch\/?page_id=39800"},"modified":"2024-09-05T10:51:33","modified_gmt":"2024-09-05T08:51:33","slug":"pierre-jaune-von-neuenburg-oder-von-hauterive","status":"publish","type":"page","link":"https:\/\/conservation-science.ch\/?page_id=39800&lang=de","title":{"rendered":"Pierre jaune von Neuenburg (oder von Hauterive)"},"content":{"rendered":"<h6><span style=\"color: #996633;\"><strong>EINIGE KNIFFE ZUM ERKENNEN DES &#8230;<\/strong><\/span><\/h6>\n<p><span style=\"font-size: large;\">PIERRE JAUNE\u00a0 VON NEUENBURG (ODER VON\u00a0<\/span><span style=\"color: #996633;\"><strong><span style=\"font-size: large;\">HAUTERIVE<\/span><\/strong><\/span><span style=\"color: #996633;\"><strong><span style=\"font-size: large;\">)<\/span><\/strong><\/span><\/p>\n<p style=\"text-align: justify;\"><em>Die hier zusammengestellten Informationen stellen eine ausgew\u00e4hlte Zusammenfassung einer Studie dar, welche durch das \u00ab\u00a0Laboratoire de Conservation de la Pierre (EPFL)\u00a0\u00bb und danach durch das Expert-Center f\u00fcr Denkmalpflege in Lausanne,\u00a0in Zusammenarbeit mit der Universit\u00e4t Neuenburg \u00fcber mehrere Jahre hinweg f\u00fcr den Kanton Neuenburg\u00a0 durchgef\u00fchrt wurde.<br \/>\nDiese Studie sowie weitergehende, den Pierre Jaune betreffende Informationen stehen auf der <a href=\"https:\/\/www.ne.ch\/autorites\/DJSC\/SCNE\/patrimoine\/pierre-jaune\/Pages\/accueil.aspx\">Internetseite des Kantons Neuenburg<\/a><\/em><\/p>\n<p><img loading=\"lazy\" decoding=\"async\" class=\"size-full wp-image-29815 aligncenter\" src=\"https:\/\/csc-sarl.ch\/wp-content\/uploads\/2018\/06\/astuce_pierrejaune_couleurbandeau.jpg\" alt=\"\" width=\"580\" height=\"87\" \/><\/p>\n<table border=\"0\" width=\"100%\">\n<tbody>\n<tr>\n<td style=\"width: 25.9897%;\" valign=\"top\" width=\"150\" height=\"\"><span style=\"font-size: 10pt;\"><strong>Geologische Definition<\/strong> <\/span><\/td>\n<td style=\"width: 74.0103%; text-align: justify;\" valign=\"top\" width=\"\" height=\"\"><span style=\"font-size: 10pt;\">Der Pierre Jaune von Neuenburg ist gleichzeitig ein oolithischer und ein bioklastischer Kalkstein (nach der\u00a0<a href=\"https:\/\/csc-sarl.ch\/wp-content\/uploads\/2018\/06\/classificationdesroches_br_100305_deutsch.pdf\">Klassifikation der Gesteine<\/a>, ist dies ein sediment\u00e4res \/ chemisches UND biochemisches \/ biodetritisches UND chemisches, Karbonatgestein). Er besteht aus Kalktr\u00fcmmern, die durch eine, ebenfalls aus Kalk bestehende, Phase zementiert werden.\u00a0<\/span><\/td>\n<\/tr>\n<tr>\n<td style=\"width: 25.9897%;\" valign=\"top\" width=\"\" height=\"\"><span style=\"font-size: 10pt;\"><strong>Farbe und Struktur<\/strong><\/span><\/td>\n<td style=\"width: 74.0103%; text-align: justify;\" valign=\"top\"><span style=\"font-size: 10pt;\">Je nach urspr\u00fcnglicher Zusammensetzung des Gesteins, seiner Struktur und seiner geologischen Geschichte, sind die eisenreichen Mineralien im Pierre Jaune mehr oder weniger oxidiert. Seine unterschiedlichen F\u00e4rbungen (hellgelb, ockergelb, golden, ins Violett gehend, r\u00f6tlich, bl\u00e4ulich, gr\u00fcnlich\u2026) und Strukturen geben diesem Stein sein \u00ab\u00a0<a href=\"https:\/\/conservation-science.ch\/wp-content\/uploads\/2018\/06\/astuce_pierrejaune_couleurmurartificiel.jpg\">lebendiges<\/a>\u00a0\u00bb Aussehen.<\/span><\/td>\n<\/tr>\n<tr>\n<td style=\"width: 25.9897%;\" valign=\"top\" width=\"\" height=\"\"><span style=\"font-size: 10pt;\"><strong>S\u00e4uretest<\/strong><\/span><\/td>\n<td style=\"width: 74.0103%; text-align: justify;\" valign=\"top\"><span style=\"font-size: 10pt;\">Calcit (CaCO3), wichtigstes Mineral der Kalksteine, reagiert mit verd\u00fcnnter Salzs\u00e4ure (HCl 10%, entspricht 2.87 M). Bei dieser Reaktion entsteht CO2-Gas, welches an die Luft abgegeben wird, was am Sprudeln erkennbar ist.<br \/>\nErgebnis des HCl-Tests auf einem Pierre Jaune:\u00a0<a href=\"https:\/\/csc-sarl.ch\/wp-content\/uploads\/2018\/06\/ne_pierrejaune_testhcl_100303_002.avi\" target=\"_self\" rel=\"noopener\"><img decoding=\"async\" class=\"rex_image\" src=\"https:\/\/csc-sarl.ch\/wp-content\/uploads\/2018\/06\/cameravideo.jpg\" alt=\"[Keine Beschreibung eingegeben]\" ismap=\"ismap\" \/><\/a>\u00a0(3.5Mo)<br \/>\n<\/span><\/td>\n<\/tr>\n<tr>\n<td style=\"width: 25.9897%;\" align=\"right\" valign=\"top\" width=\"\" height=\"\"><span style=\"font-size: 10pt;\"><em><strong>Achtung !!!<\/strong><\/em><\/span><\/td>\n<td style=\"width: 74.0103%; text-align: justify;\" valign=\"top\"><span style=\"font-size: 10pt;\"><em>An einem Geb\u00e4ude oder einer Statue, kann der S\u00e4uretest nur selten und h\u00f6chstens an nicht sichtbaren Fl\u00e4chen durchgef\u00fchrt werden! In jedem Fall eine Flasche Wasser zum Sp\u00fclen und Stoppen der Reaktion bereithalten.<\/em><\/span><\/td>\n<\/tr>\n<\/tbody>\n<\/table>\n<table style=\"width: 99.1394%;\" border=\"0\" width=\"100%\">\n<tbody>\n<tr>\n<td style=\"width: 25.4733%;\" valign=\"top\" width=\"150\" height=\"\"><strong>Identifk<\/strong><strong>ation<br \/>\nder Bestandteile<\/strong><\/td>\n<td style=\"width: 55.4217%; text-align: justify; vertical-align: top;\" valign=\"top\" width=\"\" height=\"\"><span style=\"font-size: 10pt;\"><strong>Ooide:<\/strong>\u00a0gelb-beige, kugelige K\u00f6rner von etwa 1mm Durchmesser, die oft mehr oder weniger weggel\u00f6st sind.<br \/>\nF\u00fcr Weiteres zu oolitischen Kalken:<br \/>\n<a href=\"http:\/\/objectif-terre.unil.ch\/index.php?id=2880\" target=\"_blank\" rel=\"noopener\">http:\/\/objectif-terre.unil.ch\/index.php?id=2880<\/a><\/span><\/td>\n<td style=\"width: 18.2444%; vertical-align: top;\" valign=\"top\"><a href=\"https:\/\/csc-sarl.ch\/wp-content\/uploads\/2018\/06\/astuce_pierrejaune_faciesoolitiqueetbioclastique.jpg\"><img loading=\"lazy\" decoding=\"async\" class=\"alignnone size-full wp-image-29819\" src=\"https:\/\/csc-sarl.ch\/wp-content\/uploads\/2018\/06\/ne_pierrejaune_faciespjne17_100303_002_2_ptt.jpg\" alt=\"\" width=\"80\" height=\"80\" \/><\/a><\/td>\n<\/tr>\n<tr>\n<td style=\"width: 25.4733%;\" valign=\"top\"><\/td>\n<td style=\"width: 55.4217%; text-align: justify; vertical-align: top;\" valign=\"top\" width=\"\" height=\"\"><span style=\"font-size: 10pt;\"><strong>Bioklasten:<\/strong>\u00a0Tr\u00fcmmer von Schalen von\u00a0<a href=\"http:\/\/fr.wikipedia.org\/wiki\/Lamellibranches\" target=\"_blank\" rel=\"noopener\">Lamellibranchiaten\u00a0<\/a>und\u00a0<a href=\"http:\/\/fr.wikipedia.org\/wiki\/Brachiopodes\" target=\"_blank\" rel=\"noopener\">Brachiopoden<\/a>, Bruchst\u00fccke von\u00a0<a href=\"http:\/\/fr.wikipedia.org\/wiki\/%C3%89chinoderme\" target=\"_blank\" rel=\"noopener\">Echinodermien<\/a>,\u00a0\u00a0<a href=\"http:\/\/fr.wikipedia.org\/wiki\/Ectoprocte\" target=\"_blank\" rel=\"noopener\">Bryozoen<\/a>,\u00a0<a href=\"http:\/\/fr.wikipedia.org\/wiki\/Foraminif%C3%A8res\" target=\"_blank\" rel=\"noopener\">Foraminiferen\u00a0<\/a>und Frassg\u00e4nge von\u00a0<a href=\"http:\/\/fr.wikipedia.org\/wiki\/Annelida\" target=\"_blank\" rel=\"noopener\">Anneliden<\/a>.<\/span><\/td>\n<td style=\"width: 18.2444%; vertical-align: top;\" valign=\"top\"><a href=\"https:\/\/conservation-science.ch\/wp-content\/uploads\/2018\/06\/astuce_pierrejaune_faciesbioclastique_terrierannelides.jpg\"><img loading=\"lazy\" decoding=\"async\" class=\"alignnone size-full wp-image-29818\" src=\"https:\/\/csc-sarl.ch\/wp-content\/uploads\/2018\/06\/pj_macro_wet_0002_bis_2_80px.jpg\" alt=\"\" width=\"80\" height=\"80\" \/><\/a><\/p>\n<p>&nbsp;<\/td>\n<\/tr>\n<\/tbody>\n<\/table>\n<table style=\"width: 100%;\" border=\"0\" width=\"100%\">\n<tbody>\n<tr>\n<td style=\"width: 14.1136%;\" valign=\"top\" width=\"150\" height=\"\"><span style=\"font-size: 10pt;\"><strong>Physikalische und mechanische Eigenschaften des Baumaterials<\/strong>\u00a0 <\/span><\/td>\n<td style=\"width: 85.8863%; text-align: justify;\" valign=\"top\" width=\"\" height=\"\"><span style=\"font-size: 10pt;\">Es w\u00e4re unsinnig typische Werte f\u00fcr ein so heterogenes Material wie den Pierre Jaune geben zu wollen, aber anhand von Messungen von Steinen von Bauwerken, k\u00f6nnen wir doch sagen, dass an Bauten verwendeter Pierre Jaune mittel- bis hochpor\u00f6s ist (Gesamtporosit\u00e4t zwischen 11 und 21Volumen-%). Trotz seiner manchmal grossen Porosit\u00e4t, nimmt er Wasser durch kapillares Saugen nur schwer auf (spezifischer kapillarer Wasseraufnahmekoeffizient zwischen 1 und 11 mg \/ cm\u00b2. \u00bd Min; linearer kapillarer Wasseraufnahmekoeffizient zwischen 0,1 und 0,4 cm \/ min \u00bd). Diese Kinetik des kapillaren Saugens resultiert in einer geringen F\u00fcllung des Porenvolumens (Hirschwald-Koeffizienten zwischen 6 und 25 Vol-%), was, einen nat\u00fcrlichen Schutz des Pierre Jaune vor Frostsch\u00e4den bedeutet, Schutz, der durch eine schnelle und effektive Trocknung noch verst\u00e4rkt wird.<br \/>\nSeine gute Druckfestigkeit (zwischen 10 und 23 N\/mm2) , seine sehr geringe hygrische (zwischen 0,2 und 0,7 mm \/ m in 72h) sowie thermische Dilatation (zwischen 3,4 und 11 x 10-6 mm \/ mm.\u00b0C bis 70 \u00b0C) sind alles technische Eigenschaften, welche die hohe Dauerhaftigkeit dieses Steins erkl\u00e4ren.<br \/>\nAllerdings zeigen Beobachtungen, dass der Pierre Jaune relativ empfindlich gegen\u00fcber der Salzverwitterung ist, was wahrscheinlich erkl\u00e4rt, warum die Sockel von Geb\u00e4uden aus Pierre Jaune oft aus hartem und dichtem Steinmaterial bestehen.<br \/>\n<\/span><\/td>\n<\/tr>\n<tr>\n<td style=\"width: 14.1136%;\" valign=\"top\" width=\"\" height=\"\"><span style=\"font-size: 10pt;\"><strong>H\u00e4ufigste Verwitterungsformen<\/strong>\u00a0<\/span><\/td>\n<td style=\"width: 85.8863%; text-align: justify;\" valign=\"top\"><span style=\"font-size: 10pt;\">Die Beobachtung an zahlreichen Geb\u00e4uden aus Pierre Jaune zeigt, dass die am h\u00e4ufigsten vorkommenden Verwitterungsformen eher eine \u00e4sthetische als konstruktive Ver\u00e4nderungen darstellen, wie zum Beispiel die braune Patina, welche sich auf allen Fassadenelementen bildet, die nicht direkt der auslaugenden Wirkung des Regens ausgesetzt sind (<a href=\"https:\/\/conservation-science.ch\/astuce_pierrejaune_placeduport2_01\/\">Beispiel<\/a>).\u00a0<\/span><\/td>\n<\/tr>\n<\/tbody>\n<\/table>\n","protected":false},"excerpt":{"rendered":"<p>EINIGE KNIFFE ZUM ERKENNEN DES &#8230; PIERRE JAUNE\u00a0 VON NEUENBURG (ODER VON\u00a0HAUTERIVE) Die hier zusammengestellten Informationen stellen eine ausgew\u00e4hlte Zusammenfassung einer Studie dar, welche durch das \u00ab\u00a0Laboratoire de Conservation de la Pierre (EPFL)\u00a0\u00bb und danach durch das Expert-Center f\u00fcr Denkmalpflege in Lausanne,\u00a0in Zusammenarbeit mit der Universit\u00e4t Neuenburg \u00fcber mehrere Jahre hinweg f\u00fcr den Kanton Neuenburg\u00a0 &hellip; <a href=\"https:\/\/conservation-science.ch\/?page_id=39800&#038;lang=de\" class=\"more-link\">Continuer la lecture de <span class=\"screen-reader-text\">Pierre jaune von Neuenburg (oder von Hauterive)<\/span><\/a><\/p>\n","protected":false},"author":4,"featured_media":0,"parent":39772,"menu_order":6,"comment_status":"closed","ping_status":"closed","template":"","meta":{"footnotes":""},"class_list":["post-39800","page","type-page","status-publish","hentry"],"yoast_head":"<!-- This site is optimized with the Yoast SEO plugin v27.2 - https:\/\/yoast.com\/product\/yoast-seo-wordpress\/ -->\n<title>Pierre jaune von Neuenburg (oder von Hauterive) - Bl\u00e4uer - Conservation - Science<\/title>\n<meta name=\"robots\" content=\"index, follow, max-snippet:-1, max-image-preview:large, max-video-preview:-1\" \/>\n<link rel=\"canonical\" href=\"https:\/\/conservation-science.ch\/?page_id=39800&lang=de\" \/>\n<meta property=\"og:locale\" content=\"fr_FR\" \/>\n<meta property=\"og:type\" content=\"article\" \/>\n<meta property=\"og:title\" content=\"Pierre jaune von Neuenburg (oder von Hauterive) - Bl\u00e4uer - Conservation - Science\" \/>\n<meta property=\"og:description\" content=\"EINIGE KNIFFE ZUM ERKENNEN DES &#8230; PIERRE JAUNE\u00a0 VON NEUENBURG (ODER VON\u00a0HAUTERIVE) Die hier zusammengestellten Informationen stellen eine ausgew\u00e4hlte Zusammenfassung einer Studie dar, welche durch das \u00ab\u00a0Laboratoire de Conservation de la Pierre (EPFL)\u00a0\u00bb und danach durch das Expert-Center f\u00fcr Denkmalpflege in Lausanne,\u00a0in Zusammenarbeit mit der Universit\u00e4t Neuenburg \u00fcber mehrere Jahre hinweg f\u00fcr den Kanton Neuenburg\u00a0 &hellip; Continuer la lecture de Pierre jaune von Neuenburg (oder von Hauterive)\" \/>\n<meta property=\"og:url\" content=\"https:\/\/conservation-science.ch\/?page_id=39800&amp;lang=de\" \/>\n<meta property=\"og:site_name\" content=\"Bl\u00e4uer - Conservation - Science\" \/>\n<meta property=\"og:image\" content=\"https:\/\/csc-sarl.ch\/wp-content\/uploads\/2018\/06\/astuce_pierrejaune_couleurbandeau.jpg\" \/>\n<meta name=\"twitter:card\" content=\"summary_large_image\" \/>\n<meta name=\"twitter:label1\" content=\"Dur\u00e9e de lecture estim\u00e9e\" \/>\n\t<meta name=\"twitter:data1\" content=\"4 minutes\" \/>\n<script type=\"application\/ld+json\" class=\"yoast-schema-graph\">{\"@context\":\"https:\/\/schema.org\",\"@graph\":[{\"@type\":\"WebPage\",\"@id\":\"https:\/\/conservation-science.ch\/?page_id=39800&lang=de\",\"url\":\"https:\/\/conservation-science.ch\/?page_id=39800&lang=de\",\"name\":\"Pierre jaune von Neuenburg (oder von Hauterive) - Bl\u00e4uer - Conservation - Science\",\"isPartOf\":{\"@id\":\"https:\/\/conservation-science.ch\/#website\"},\"primaryImageOfPage\":{\"@id\":\"https:\/\/conservation-science.ch\/?page_id=39800&lang=de#primaryimage\"},\"image\":{\"@id\":\"https:\/\/conservation-science.ch\/?page_id=39800&lang=de#primaryimage\"},\"thumbnailUrl\":\"https:\/\/csc-sarl.ch\/wp-content\/uploads\/2018\/06\/astuce_pierrejaune_couleurbandeau.jpg\",\"datePublished\":\"2024-09-05T08:51:33+00:00\",\"breadcrumb\":{\"@id\":\"https:\/\/conservation-science.ch\/?page_id=39800&lang=de#breadcrumb\"},\"inLanguage\":\"fr-FR\",\"potentialAction\":[{\"@type\":\"ReadAction\",\"target\":[\"https:\/\/conservation-science.ch\/?page_id=39800&lang=de\"]}]},{\"@type\":\"ImageObject\",\"inLanguage\":\"fr-FR\",\"@id\":\"https:\/\/conservation-science.ch\/?page_id=39800&lang=de#primaryimage\",\"url\":\"https:\/\/csc-sarl.ch\/wp-content\/uploads\/2018\/06\/astuce_pierrejaune_couleurbandeau.jpg\",\"contentUrl\":\"https:\/\/csc-sarl.ch\/wp-content\/uploads\/2018\/06\/astuce_pierrejaune_couleurbandeau.jpg\"},{\"@type\":\"BreadcrumbList\",\"@id\":\"https:\/\/conservation-science.ch\/?page_id=39800&lang=de#breadcrumb\",\"itemListElement\":[{\"@type\":\"ListItem\",\"position\":1,\"name\":\"Accueil\",\"item\":\"https:\/\/conservation-science.ch\/\"},{\"@type\":\"ListItem\",\"position\":2,\"name\":\"Kniffe\",\"item\":\"https:\/\/conservation-science.ch\/?page_id=39768&lang=de\"},{\"@type\":\"ListItem\",\"position\":3,\"name\":\"Unsere archivierten Kniffe\",\"item\":\"https:\/\/conservation-science.ch\/?page_id=39772&lang=de\"},{\"@type\":\"ListItem\",\"position\":4,\"name\":\"Pierre jaune von Neuenburg (oder von Hauterive)\"}]},{\"@type\":\"WebSite\",\"@id\":\"https:\/\/conservation-science.ch\/#website\",\"url\":\"https:\/\/conservation-science.ch\/\",\"name\":\"CSC - Conservation - Sciences\",\"description\":\"Transmission de connaissances dans le domaine des sciences de la conservation du patrimoine b\u00e2ti\",\"potentialAction\":[{\"@type\":\"SearchAction\",\"target\":{\"@type\":\"EntryPoint\",\"urlTemplate\":\"https:\/\/conservation-science.ch\/?s={search_term_string}\"},\"query-input\":{\"@type\":\"PropertyValueSpecification\",\"valueRequired\":true,\"valueName\":\"search_term_string\"}}],\"inLanguage\":\"fr-FR\"}]}<\/script>\n<!-- \/ Yoast SEO plugin. -->","yoast_head_json":{"title":"Pierre jaune von Neuenburg (oder von Hauterive) - Bl\u00e4uer - Conservation - Science","robots":{"index":"index","follow":"follow","max-snippet":"max-snippet:-1","max-image-preview":"max-image-preview:large","max-video-preview":"max-video-preview:-1"},"canonical":"https:\/\/conservation-science.ch\/?page_id=39800&lang=de","og_locale":"fr_FR","og_type":"article","og_title":"Pierre jaune von Neuenburg (oder von Hauterive) - Bl\u00e4uer - Conservation - Science","og_description":"EINIGE KNIFFE ZUM ERKENNEN DES &#8230; PIERRE JAUNE\u00a0 VON NEUENBURG (ODER VON\u00a0HAUTERIVE) Die hier zusammengestellten Informationen stellen eine ausgew\u00e4hlte Zusammenfassung einer Studie dar, welche durch das \u00ab\u00a0Laboratoire de Conservation de la Pierre (EPFL)\u00a0\u00bb und danach durch das Expert-Center f\u00fcr Denkmalpflege in Lausanne,\u00a0in Zusammenarbeit mit der Universit\u00e4t Neuenburg \u00fcber mehrere Jahre hinweg f\u00fcr den Kanton Neuenburg\u00a0 &hellip; Continuer la lecture de Pierre jaune von Neuenburg (oder von Hauterive)","og_url":"https:\/\/conservation-science.ch\/?page_id=39800&lang=de","og_site_name":"Bl\u00e4uer - Conservation - Science","og_image":[{"url":"https:\/\/csc-sarl.ch\/wp-content\/uploads\/2018\/06\/astuce_pierrejaune_couleurbandeau.jpg","type":"","width":"","height":""}],"twitter_card":"summary_large_image","twitter_misc":{"Dur\u00e9e de lecture estim\u00e9e":"4 minutes"},"schema":{"@context":"https:\/\/schema.org","@graph":[{"@type":"WebPage","@id":"https:\/\/conservation-science.ch\/?page_id=39800&lang=de","url":"https:\/\/conservation-science.ch\/?page_id=39800&lang=de","name":"Pierre jaune von Neuenburg (oder von Hauterive) - Bl\u00e4uer - Conservation - Science","isPartOf":{"@id":"https:\/\/conservation-science.ch\/#website"},"primaryImageOfPage":{"@id":"https:\/\/conservation-science.ch\/?page_id=39800&lang=de#primaryimage"},"image":{"@id":"https:\/\/conservation-science.ch\/?page_id=39800&lang=de#primaryimage"},"thumbnailUrl":"https:\/\/csc-sarl.ch\/wp-content\/uploads\/2018\/06\/astuce_pierrejaune_couleurbandeau.jpg","datePublished":"2024-09-05T08:51:33+00:00","breadcrumb":{"@id":"https:\/\/conservation-science.ch\/?page_id=39800&lang=de#breadcrumb"},"inLanguage":"fr-FR","potentialAction":[{"@type":"ReadAction","target":["https:\/\/conservation-science.ch\/?page_id=39800&lang=de"]}]},{"@type":"ImageObject","inLanguage":"fr-FR","@id":"https:\/\/conservation-science.ch\/?page_id=39800&lang=de#primaryimage","url":"https:\/\/csc-sarl.ch\/wp-content\/uploads\/2018\/06\/astuce_pierrejaune_couleurbandeau.jpg","contentUrl":"https:\/\/csc-sarl.ch\/wp-content\/uploads\/2018\/06\/astuce_pierrejaune_couleurbandeau.jpg"},{"@type":"BreadcrumbList","@id":"https:\/\/conservation-science.ch\/?page_id=39800&lang=de#breadcrumb","itemListElement":[{"@type":"ListItem","position":1,"name":"Accueil","item":"https:\/\/conservation-science.ch\/"},{"@type":"ListItem","position":2,"name":"Kniffe","item":"https:\/\/conservation-science.ch\/?page_id=39768&lang=de"},{"@type":"ListItem","position":3,"name":"Unsere archivierten Kniffe","item":"https:\/\/conservation-science.ch\/?page_id=39772&lang=de"},{"@type":"ListItem","position":4,"name":"Pierre jaune von Neuenburg (oder von Hauterive)"}]},{"@type":"WebSite","@id":"https:\/\/conservation-science.ch\/#website","url":"https:\/\/conservation-science.ch\/","name":"CSC - Conservation - Sciences","description":"Transmission de connaissances dans le domaine des sciences de la conservation du patrimoine b\u00e2ti","potentialAction":[{"@type":"SearchAction","target":{"@type":"EntryPoint","urlTemplate":"https:\/\/conservation-science.ch\/?s={search_term_string}"},"query-input":{"@type":"PropertyValueSpecification","valueRequired":true,"valueName":"search_term_string"}}],"inLanguage":"fr-FR"}]}},"_links":{"self":[{"href":"https:\/\/conservation-science.ch\/index.php?rest_route=\/wp\/v2\/pages\/39800","targetHints":{"allow":["GET"]}}],"collection":[{"href":"https:\/\/conservation-science.ch\/index.php?rest_route=\/wp\/v2\/pages"}],"about":[{"href":"https:\/\/conservation-science.ch\/index.php?rest_route=\/wp\/v2\/types\/page"}],"author":[{"embeddable":true,"href":"https:\/\/conservation-science.ch\/index.php?rest_route=\/wp\/v2\/users\/4"}],"replies":[{"embeddable":true,"href":"https:\/\/conservation-science.ch\/index.php?rest_route=%2Fwp%2Fv2%2Fcomments&post=39800"}],"version-history":[{"count":1,"href":"https:\/\/conservation-science.ch\/index.php?rest_route=\/wp\/v2\/pages\/39800\/revisions"}],"predecessor-version":[{"id":39801,"href":"https:\/\/conservation-science.ch\/index.php?rest_route=\/wp\/v2\/pages\/39800\/revisions\/39801"}],"up":[{"embeddable":true,"href":"https:\/\/conservation-science.ch\/index.php?rest_route=\/wp\/v2\/pages\/39772"}],"wp:attachment":[{"href":"https:\/\/conservation-science.ch\/index.php?rest_route=%2Fwp%2Fv2%2Fmedia&parent=39800"}],"curies":[{"name":"wp","href":"https:\/\/api.w.org\/{rel}","templated":true}]}}