{"id":39795,"date":"2024-09-05T10:49:21","date_gmt":"2024-09-05T08:49:21","guid":{"rendered":"https:\/\/conservation-science.ch\/?page_id=39795"},"modified":"2024-09-05T10:49:21","modified_gmt":"2024-09-05T08:49:21","slug":"zur-herkunft-von-feuchtigkeitsflecken","status":"publish","type":"page","link":"https:\/\/conservation-science.ch\/?page_id=39795&lang=de","title":{"rendered":"Zur Herkunft von Feuchtigkeitsflecken&#8230;"},"content":{"rendered":"<h6><strong>Zur Herkunft von Feuchtigkeitsflecken&#8230;<\/strong><\/h6>\n<table width=\"561\">\n<tbody>\n<tr>\n<td style=\"width: 131px; vertical-align: top;\" width=\"\"><a href=\"https:\/\/csc-sarl.ch\/wp-content\/uploads\/2018\/06\/astuce_090422_chateau_aileromane_gd.jpg\"><img loading=\"lazy\" decoding=\"async\" class=\"alignnone wp-image-29808\" src=\"https:\/\/csc-sarl.ch\/wp-content\/uploads\/2018\/06\/astuce_090422_chateau_aileromane_haut90.jpg\" alt=\"\" width=\"104\" height=\"110\" \/><\/a><\/td>\n<td style=\"text-align: justify; width: 450px; vertical-align: top;\" width=\"\">An Bauwerken beobachtbare \u00ab\u00a0Feuchtigkeitsflecken\u201c werden klassischerweise mit Einsickerungen oder kapillarem Grundfeuchteaufstieg erkl\u00e4rt, beides Erscheinungen welche das Vorhandensein von grossen Mengen an fl\u00fcssigem Wasser in der \u201efeuchten Zone\u201c bedingen.<br \/>\nIn der Mehrzahl der F\u00e4lle spielen jedoch hygroskopische Salze (wie Chloride* oder Nitrate**), die imstande sind einfach und in grossen Mengen Wasserdampf aus feuchter Umgebungsluft aufzunehmen, eine ausschlaggebende Rolle.<\/td>\n<\/tr>\n<\/tbody>\n<\/table>\n<table width=\"561\">\n<tbody>\n<tr>\n<td style=\"text-align: justify; width: 446px; vertical-align: top;\">Wenn solche Salze in den Baumaterialien vorhanden sind, f\u00fchrt dies zu einer ver\u00e4nderten Wechselbeziehung zwischen der Lichtrefelktion an der Oberfl\u00e4che des salzhaltigen, por\u00f6sen Materials, indem die Salze das Material dunkel oder, \u201efeucht\u201c erscheinen lassen.<br \/>\nDie Mengen an Wasser und Salzen, welche n\u00f6tig sind, um diese optischen T\u00e4uschungen zu erzeugen, h\u00e4ngt von der Art der Salze ab, aber die Menge an Wasserdampf in der Luft, auch bei \u00ab\u00a0trockenen\u00a0\u00bb Verh\u00e4ltnissen, ist h\u00e4ufig ausreichend. Messger\u00e4te zur zerst\u00f6rungsfreien Feuchtemessung, in der Regel empfindlich auf Salze, sind selten in der Lage, zwischen diesen (obwohl \u00e4sthetisch st\u00f6renden) \u00ab\u00a0gutartigen\u00a0\u00bb F\u00e4llen und den F\u00e4llen von effektivem Wasserinfiltration oder Grundfeuchteaufstieg zu unterscheiden, aber bereits wenige Laboruntersuchungen k\u00f6nnen diese Unsicherheit einfach und sicher beseitigen.<\/td>\n<td style=\"width: 134px; vertical-align: top;\"><a href=\"https:\/\/csc-sarl.ch\/wp-content\/uploads\/2018\/06\/astuce_notredame_fr_20070705_gd.jpg\"><img loading=\"lazy\" decoding=\"async\" class=\"alignnone wp-image-29812 size-full\" src=\"https:\/\/csc-sarl.ch\/wp-content\/uploads\/2018\/06\/astuce_notredame_fr_20070705_haut90-1.jpg\" alt=\"\" width=\"121\" height=\"90\" \/><\/a><\/p>\n<p>&nbsp;<\/p>\n<p><a href=\"https:\/\/csc-sarl.ch\/wp-content\/uploads\/2018\/06\/astuce_montherontemple_2001_gd.jpg\"><img loading=\"lazy\" decoding=\"async\" class=\"alignnone wp-image-29806\" src=\"https:\/\/csc-sarl.ch\/wp-content\/uploads\/2018\/06\/astuce_montherontemple_2001_haut90.jpg\" alt=\"\" width=\"121\" height=\"96\" \/><\/a><\/td>\n<\/tr>\n<\/tbody>\n<\/table>\n<table width=\"561\">\n<tbody>\n<tr>\n<td style=\"width: 127px; vertical-align: top;\"><a href=\"https:\/\/csc-sarl.ch\/wp-content\/uploads\/2018\/06\/astuce_kaysersberg_gd.jpg\"><img loading=\"lazy\" decoding=\"async\" class=\"alignnone wp-image-29805 size-full\" src=\"https:\/\/csc-sarl.ch\/wp-content\/uploads\/2018\/06\/astuce_kaysersberg_haut90.jpg\" alt=\"\" width=\"96\" height=\"90\" \/><\/a><\/p>\n<p>&nbsp;<\/p>\n<p><a href=\"https:\/\/csc-sarl.ch\/wp-content\/uploads\/2018\/06\/astuce_nacl_mgcl2_calcsavonniere_090706_gd.jpg\"><img loading=\"lazy\" decoding=\"async\" class=\"alignnone wp-image-29804 size-full\" src=\"https:\/\/csc-sarl.ch\/wp-content\/uploads\/2018\/06\/astuce_nacl_mgcl2_calcsavonniere_090706_larg100.jpg\" alt=\"\" width=\"100\" height=\"75\" \/><\/a><\/td>\n<td style=\"width: 454px; vertical-align: top;\"><span style=\"color: #993300;\"><strong><em>Folglich<\/em><\/strong><\/span> empfehlen wir, vor der Durchf\u00fchrung von schwerwiegenden Interventionen, wie dem Einbauen einer Drainage oder jeglicher Absperrmassnahmen gegen den kapillaren Grundfeuchteaufstieg, die effektiv im Mauerwerk vorhandene Wassermenge messen zu lassen und gegebenenfalls auch die vorhandenen Salze zu analysieren.<\/p>\n<p>* Chloride k\u00f6nnen beispielsweise aus der winterlichen Tausalzstreuung stammen;<br \/>\n** Nitrate k\u00f6nnen aus F\u00e4kalien z.B. von Tieren oder von D\u00fcnger herkommen.<\/td>\n<\/tr>\n<\/tbody>\n<\/table>\n","protected":false},"excerpt":{"rendered":"<p>Zur Herkunft von Feuchtigkeitsflecken&#8230; An Bauwerken beobachtbare \u00ab\u00a0Feuchtigkeitsflecken\u201c werden klassischerweise mit Einsickerungen oder kapillarem Grundfeuchteaufstieg erkl\u00e4rt, beides Erscheinungen welche das Vorhandensein von grossen Mengen an fl\u00fcssigem Wasser in der \u201efeuchten Zone\u201c bedingen. In der Mehrzahl der F\u00e4lle spielen jedoch hygroskopische Salze (wie Chloride* oder Nitrate**), die imstande sind einfach und in grossen Mengen Wasserdampf aus &hellip; <a href=\"https:\/\/conservation-science.ch\/?page_id=39795&#038;lang=de\" class=\"more-link\">Continuer la lecture de <span class=\"screen-reader-text\">Zur Herkunft von Feuchtigkeitsflecken&#8230;<\/span><\/a><\/p>\n","protected":false},"author":4,"featured_media":0,"parent":39772,"menu_order":5,"comment_status":"closed","ping_status":"closed","template":"","meta":{"footnotes":""},"class_list":["post-39795","page","type-page","status-publish","hentry"],"yoast_head":"<!-- This site is optimized with the Yoast SEO plugin v27.2 - https:\/\/yoast.com\/product\/yoast-seo-wordpress\/ -->\n<title>Zur Herkunft von Feuchtigkeitsflecken... - Bl\u00e4uer - Conservation - Science<\/title>\n<meta name=\"robots\" content=\"index, follow, max-snippet:-1, max-image-preview:large, max-video-preview:-1\" \/>\n<link rel=\"canonical\" href=\"https:\/\/conservation-science.ch\/?page_id=39795&lang=de\" \/>\n<meta property=\"og:locale\" content=\"fr_FR\" \/>\n<meta property=\"og:type\" content=\"article\" \/>\n<meta property=\"og:title\" content=\"Zur Herkunft von Feuchtigkeitsflecken... - Bl\u00e4uer - Conservation - Science\" \/>\n<meta property=\"og:description\" content=\"Zur Herkunft von Feuchtigkeitsflecken&#8230; An Bauwerken beobachtbare \u00ab\u00a0Feuchtigkeitsflecken\u201c werden klassischerweise mit Einsickerungen oder kapillarem Grundfeuchteaufstieg erkl\u00e4rt, beides Erscheinungen welche das Vorhandensein von grossen Mengen an fl\u00fcssigem Wasser in der \u201efeuchten Zone\u201c bedingen. In der Mehrzahl der F\u00e4lle spielen jedoch hygroskopische Salze (wie Chloride* oder Nitrate**), die imstande sind einfach und in grossen Mengen Wasserdampf aus &hellip; Continuer la lecture de Zur Herkunft von Feuchtigkeitsflecken&#8230;\" \/>\n<meta property=\"og:url\" content=\"https:\/\/conservation-science.ch\/?page_id=39795&amp;lang=de\" \/>\n<meta property=\"og:site_name\" content=\"Bl\u00e4uer - Conservation - Science\" \/>\n<meta property=\"og:image\" content=\"https:\/\/csc-sarl.ch\/wp-content\/uploads\/2018\/06\/astuce_090422_chateau_aileromane_haut90.jpg\" \/>\n<meta name=\"twitter:card\" content=\"summary_large_image\" \/>\n<script type=\"application\/ld+json\" class=\"yoast-schema-graph\">{\"@context\":\"https:\/\/schema.org\",\"@graph\":[{\"@type\":\"WebPage\",\"@id\":\"https:\/\/conservation-science.ch\/?page_id=39795&lang=de\",\"url\":\"https:\/\/conservation-science.ch\/?page_id=39795&lang=de\",\"name\":\"Zur Herkunft von Feuchtigkeitsflecken... - Bl\u00e4uer - Conservation - Science\",\"isPartOf\":{\"@id\":\"https:\/\/conservation-science.ch\/#website\"},\"primaryImageOfPage\":{\"@id\":\"https:\/\/conservation-science.ch\/?page_id=39795&lang=de#primaryimage\"},\"image\":{\"@id\":\"https:\/\/conservation-science.ch\/?page_id=39795&lang=de#primaryimage\"},\"thumbnailUrl\":\"https:\/\/csc-sarl.ch\/wp-content\/uploads\/2018\/06\/astuce_090422_chateau_aileromane_haut90.jpg\",\"datePublished\":\"2024-09-05T08:49:21+00:00\",\"breadcrumb\":{\"@id\":\"https:\/\/conservation-science.ch\/?page_id=39795&lang=de#breadcrumb\"},\"inLanguage\":\"fr-FR\",\"potentialAction\":[{\"@type\":\"ReadAction\",\"target\":[\"https:\/\/conservation-science.ch\/?page_id=39795&lang=de\"]}]},{\"@type\":\"ImageObject\",\"inLanguage\":\"fr-FR\",\"@id\":\"https:\/\/conservation-science.ch\/?page_id=39795&lang=de#primaryimage\",\"url\":\"https:\/\/csc-sarl.ch\/wp-content\/uploads\/2018\/06\/astuce_090422_chateau_aileromane_haut90.jpg\",\"contentUrl\":\"https:\/\/csc-sarl.ch\/wp-content\/uploads\/2018\/06\/astuce_090422_chateau_aileromane_haut90.jpg\"},{\"@type\":\"BreadcrumbList\",\"@id\":\"https:\/\/conservation-science.ch\/?page_id=39795&lang=de#breadcrumb\",\"itemListElement\":[{\"@type\":\"ListItem\",\"position\":1,\"name\":\"Accueil\",\"item\":\"https:\/\/conservation-science.ch\/\"},{\"@type\":\"ListItem\",\"position\":2,\"name\":\"Kniffe\",\"item\":\"https:\/\/conservation-science.ch\/?page_id=39768&lang=de\"},{\"@type\":\"ListItem\",\"position\":3,\"name\":\"Unsere archivierten Kniffe\",\"item\":\"https:\/\/conservation-science.ch\/?page_id=39772&lang=de\"},{\"@type\":\"ListItem\",\"position\":4,\"name\":\"Zur Herkunft von Feuchtigkeitsflecken&#8230;\"}]},{\"@type\":\"WebSite\",\"@id\":\"https:\/\/conservation-science.ch\/#website\",\"url\":\"https:\/\/conservation-science.ch\/\",\"name\":\"CSC - Conservation - Sciences\",\"description\":\"Transmission de connaissances dans le domaine des sciences de la conservation du patrimoine b\u00e2ti\",\"potentialAction\":[{\"@type\":\"SearchAction\",\"target\":{\"@type\":\"EntryPoint\",\"urlTemplate\":\"https:\/\/conservation-science.ch\/?s={search_term_string}\"},\"query-input\":{\"@type\":\"PropertyValueSpecification\",\"valueRequired\":true,\"valueName\":\"search_term_string\"}}],\"inLanguage\":\"fr-FR\"}]}<\/script>\n<!-- \/ Yoast SEO plugin. -->","yoast_head_json":{"title":"Zur Herkunft von Feuchtigkeitsflecken... - Bl\u00e4uer - Conservation - Science","robots":{"index":"index","follow":"follow","max-snippet":"max-snippet:-1","max-image-preview":"max-image-preview:large","max-video-preview":"max-video-preview:-1"},"canonical":"https:\/\/conservation-science.ch\/?page_id=39795&lang=de","og_locale":"fr_FR","og_type":"article","og_title":"Zur Herkunft von Feuchtigkeitsflecken... - Bl\u00e4uer - Conservation - Science","og_description":"Zur Herkunft von Feuchtigkeitsflecken&#8230; An Bauwerken beobachtbare \u00ab\u00a0Feuchtigkeitsflecken\u201c werden klassischerweise mit Einsickerungen oder kapillarem Grundfeuchteaufstieg erkl\u00e4rt, beides Erscheinungen welche das Vorhandensein von grossen Mengen an fl\u00fcssigem Wasser in der \u201efeuchten Zone\u201c bedingen. In der Mehrzahl der F\u00e4lle spielen jedoch hygroskopische Salze (wie Chloride* oder Nitrate**), die imstande sind einfach und in grossen Mengen Wasserdampf aus &hellip; Continuer la lecture de Zur Herkunft von Feuchtigkeitsflecken&#8230;","og_url":"https:\/\/conservation-science.ch\/?page_id=39795&lang=de","og_site_name":"Bl\u00e4uer - Conservation - Science","og_image":[{"url":"https:\/\/csc-sarl.ch\/wp-content\/uploads\/2018\/06\/astuce_090422_chateau_aileromane_haut90.jpg","type":"","width":"","height":""}],"twitter_card":"summary_large_image","schema":{"@context":"https:\/\/schema.org","@graph":[{"@type":"WebPage","@id":"https:\/\/conservation-science.ch\/?page_id=39795&lang=de","url":"https:\/\/conservation-science.ch\/?page_id=39795&lang=de","name":"Zur Herkunft von Feuchtigkeitsflecken... - Bl\u00e4uer - Conservation - Science","isPartOf":{"@id":"https:\/\/conservation-science.ch\/#website"},"primaryImageOfPage":{"@id":"https:\/\/conservation-science.ch\/?page_id=39795&lang=de#primaryimage"},"image":{"@id":"https:\/\/conservation-science.ch\/?page_id=39795&lang=de#primaryimage"},"thumbnailUrl":"https:\/\/csc-sarl.ch\/wp-content\/uploads\/2018\/06\/astuce_090422_chateau_aileromane_haut90.jpg","datePublished":"2024-09-05T08:49:21+00:00","breadcrumb":{"@id":"https:\/\/conservation-science.ch\/?page_id=39795&lang=de#breadcrumb"},"inLanguage":"fr-FR","potentialAction":[{"@type":"ReadAction","target":["https:\/\/conservation-science.ch\/?page_id=39795&lang=de"]}]},{"@type":"ImageObject","inLanguage":"fr-FR","@id":"https:\/\/conservation-science.ch\/?page_id=39795&lang=de#primaryimage","url":"https:\/\/csc-sarl.ch\/wp-content\/uploads\/2018\/06\/astuce_090422_chateau_aileromane_haut90.jpg","contentUrl":"https:\/\/csc-sarl.ch\/wp-content\/uploads\/2018\/06\/astuce_090422_chateau_aileromane_haut90.jpg"},{"@type":"BreadcrumbList","@id":"https:\/\/conservation-science.ch\/?page_id=39795&lang=de#breadcrumb","itemListElement":[{"@type":"ListItem","position":1,"name":"Accueil","item":"https:\/\/conservation-science.ch\/"},{"@type":"ListItem","position":2,"name":"Kniffe","item":"https:\/\/conservation-science.ch\/?page_id=39768&lang=de"},{"@type":"ListItem","position":3,"name":"Unsere archivierten Kniffe","item":"https:\/\/conservation-science.ch\/?page_id=39772&lang=de"},{"@type":"ListItem","position":4,"name":"Zur Herkunft von Feuchtigkeitsflecken&#8230;"}]},{"@type":"WebSite","@id":"https:\/\/conservation-science.ch\/#website","url":"https:\/\/conservation-science.ch\/","name":"CSC - Conservation - Sciences","description":"Transmission de connaissances dans le domaine des sciences de la conservation du patrimoine b\u00e2ti","potentialAction":[{"@type":"SearchAction","target":{"@type":"EntryPoint","urlTemplate":"https:\/\/conservation-science.ch\/?s={search_term_string}"},"query-input":{"@type":"PropertyValueSpecification","valueRequired":true,"valueName":"search_term_string"}}],"inLanguage":"fr-FR"}]}},"_links":{"self":[{"href":"https:\/\/conservation-science.ch\/index.php?rest_route=\/wp\/v2\/pages\/39795","targetHints":{"allow":["GET"]}}],"collection":[{"href":"https:\/\/conservation-science.ch\/index.php?rest_route=\/wp\/v2\/pages"}],"about":[{"href":"https:\/\/conservation-science.ch\/index.php?rest_route=\/wp\/v2\/types\/page"}],"author":[{"embeddable":true,"href":"https:\/\/conservation-science.ch\/index.php?rest_route=\/wp\/v2\/users\/4"}],"replies":[{"embeddable":true,"href":"https:\/\/conservation-science.ch\/index.php?rest_route=%2Fwp%2Fv2%2Fcomments&post=39795"}],"version-history":[{"count":1,"href":"https:\/\/conservation-science.ch\/index.php?rest_route=\/wp\/v2\/pages\/39795\/revisions"}],"predecessor-version":[{"id":39797,"href":"https:\/\/conservation-science.ch\/index.php?rest_route=\/wp\/v2\/pages\/39795\/revisions\/39797"}],"up":[{"embeddable":true,"href":"https:\/\/conservation-science.ch\/index.php?rest_route=\/wp\/v2\/pages\/39772"}],"wp:attachment":[{"href":"https:\/\/conservation-science.ch\/index.php?rest_route=%2Fwp%2Fv2%2Fmedia&parent=39795"}],"curies":[{"name":"wp","href":"https:\/\/api.w.org\/{rel}","templated":true}]}}