{"id":39791,"date":"2024-09-05T10:48:02","date_gmt":"2024-09-05T08:48:02","guid":{"rendered":"https:\/\/conservation-science.ch\/?page_id=39791"},"modified":"2024-09-05T10:48:02","modified_gmt":"2024-09-05T08:48:02","slug":"schnelle-identifikation-der-herkunft-von-salzausbluehungen-mit-hilfe-von-ph-papier-ph-1-14","status":"publish","type":"page","link":"https:\/\/conservation-science.ch\/?page_id=39791&lang=de","title":{"rendered":"Schnelle Identifikation der Herkunft von Salzausbl\u00fchungen mit Hilfe von pH-Papier (pH 1-14)"},"content":{"rendered":"<p style=\"text-align: justify;\">Alkalische Salzausbl\u00fchungen am Bauwerk (pH &gt; 8) stammen immer aus alkalischen Baumaterialien (oder von Restaurierungs\/ Konservierungsmaterialien), wie Zement, hydraulischer Kalk oder Wasser Glas (Schaffer, 1932 ; Arnold, 1985).<br \/>\nWenn also eine pH-Messung mittels pH-Papier an einer Salzausbl\u00fchung am Bau oder im Labor einen alkalischen Wert ergibt (pH &gt; 8), ist die Suche nach der Salzquelle schnell in die richtige Richtung gelenkt. Ergibt die pH-Messung dagegen einen neutralen oder sauren Wert (\u00a0\u2264 8) kann die Quelle der l\u00f6slichen Salze erst nach aufw\u00e4ndigeren Analysen gefunden werden und selbst die vorg\u00e4ngig erw\u00e4hnten alkalischen Baumaterialien k\u00f6nnen nicht ausgeschlossen werden.<\/p>\n<p>&nbsp;<\/p>\n<p><img loading=\"lazy\" decoding=\"async\" class=\"alignnone wp-image-29802\" src=\"https:\/\/csc-sarl.ch\/wp-content\/uploads\/2018\/06\/papierphinsitu_ptt.jpg\" alt=\"\" width=\"177\" height=\"143\" \/>\u00a0\u00a0 \u00a0 \u00a0\u00a0 \u00a0\u00a0\u00a0\u00a0\u00a0\u00a0\u00a0 <img loading=\"lazy\" decoding=\"async\" class=\"alignnone size-full wp-image-29801\" src=\"https:\/\/csc-sarl.ch\/wp-content\/uploads\/2018\/06\/papierphlabo_ptt.jpg\" alt=\"\" width=\"200\" height=\"131\" \/><\/p>\n<table width=\"561\">\n<tbody>\n<tr>\n<td style=\"width: 273px;\" width=\"\"><span style=\"font-size: 10pt;\"><strong>In situ Messung:\u00a0<\/strong><br \/>\n&#8211; pH-Papier befeuchten<br \/>\n&#8211; an die Ausbl\u00fchungen halten oder reiben<br \/>\n&#8211; Wert ablesen<\/span><\/td>\n<td style=\"width: 307px;\" width=\"\"><span style=\"font-size: 10pt;\"><strong>Labormessung:<\/strong><br \/>\n&#8211; Salze in einem Wassertropfen aufl\u00f6sen<br \/>\n&#8211; pH-Papier in den Tropfen halten<br \/>\n&#8211; Wert ablesen<\/span><\/td>\n<\/tr>\n<\/tbody>\n<\/table>\n<p style=\"text-align: justify;\"><span style=\"font-size: 10pt;\">Arnold, A. (1985). \u00ab\u00a0Moderne alkalische Baustoffe und die Probleme bei der Konservierung von Denkm\u00e4lern.\u00a0\u00bb Natursteinkonservierung, Arbeitshefte des Bayerischen Landesamtes f\u00fcr Denkmalpflege, 31, 152-162.\u00a0\u00a0<\/span><\/p>\n<p style=\"text-align: justify;\"><span style=\"font-size: 10pt;\">Schaffer, R. J. (1932). \u00ab\u00a0The Weathering of Natural Building Stones.\u00a0\u00bb Facsimile of the 1932 edition , published by Construction Research communications Ltd, by permission of Building Research Establishment Ltd.<\/span><\/p>\n","protected":false},"excerpt":{"rendered":"<p>Alkalische Salzausbl\u00fchungen am Bauwerk (pH &gt; 8) stammen immer aus alkalischen Baumaterialien (oder von Restaurierungs\/ Konservierungsmaterialien), wie Zement, hydraulischer Kalk oder Wasser Glas (Schaffer, 1932 ; Arnold, 1985). Wenn also eine pH-Messung mittels pH-Papier an einer Salzausbl\u00fchung am Bau oder im Labor einen alkalischen Wert ergibt (pH &gt; 8), ist die Suche nach der Salzquelle &hellip; <a href=\"https:\/\/conservation-science.ch\/?page_id=39791&#038;lang=de\" class=\"more-link\">Continuer la lecture de <span class=\"screen-reader-text\">Schnelle Identifikation der Herkunft von Salzausbl\u00fchungen mit Hilfe von pH-Papier (pH 1-14)<\/span><\/a><\/p>\n","protected":false},"author":4,"featured_media":0,"parent":39772,"menu_order":4,"comment_status":"closed","ping_status":"closed","template":"","meta":{"footnotes":""},"class_list":["post-39791","page","type-page","status-publish","hentry"],"yoast_head":"<!-- This site is optimized with the Yoast SEO plugin v27.2 - https:\/\/yoast.com\/product\/yoast-seo-wordpress\/ -->\n<title>Schnelle Identifikation der Herkunft von Salzausbl\u00fchungen mit Hilfe von pH-Papier (pH 1-14) - Bl\u00e4uer - Conservation - Science<\/title>\n<meta name=\"robots\" content=\"index, follow, max-snippet:-1, max-image-preview:large, max-video-preview:-1\" \/>\n<link rel=\"canonical\" href=\"https:\/\/conservation-science.ch\/?page_id=39791&lang=de\" \/>\n<meta property=\"og:locale\" content=\"fr_FR\" \/>\n<meta property=\"og:type\" content=\"article\" \/>\n<meta property=\"og:title\" content=\"Schnelle Identifikation der Herkunft von Salzausbl\u00fchungen mit Hilfe von pH-Papier (pH 1-14) - Bl\u00e4uer - Conservation - Science\" \/>\n<meta property=\"og:description\" content=\"Alkalische Salzausbl\u00fchungen am Bauwerk (pH &gt; 8) stammen immer aus alkalischen Baumaterialien (oder von Restaurierungs\/ Konservierungsmaterialien), wie Zement, hydraulischer Kalk oder Wasser Glas (Schaffer, 1932 ; Arnold, 1985). Wenn also eine pH-Messung mittels pH-Papier an einer Salzausbl\u00fchung am Bau oder im Labor einen alkalischen Wert ergibt (pH &gt; 8), ist die Suche nach der Salzquelle &hellip; Continuer la lecture de Schnelle Identifikation der Herkunft von Salzausbl\u00fchungen mit Hilfe von pH-Papier (pH 1-14)\" \/>\n<meta property=\"og:url\" content=\"https:\/\/conservation-science.ch\/?page_id=39791&amp;lang=de\" \/>\n<meta property=\"og:site_name\" content=\"Bl\u00e4uer - Conservation - Science\" \/>\n<meta property=\"og:image\" content=\"https:\/\/csc-sarl.ch\/wp-content\/uploads\/2018\/06\/papierphinsitu_ptt.jpg\" \/>\n<meta name=\"twitter:card\" content=\"summary_large_image\" \/>\n<script type=\"application\/ld+json\" class=\"yoast-schema-graph\">{\"@context\":\"https:\/\/schema.org\",\"@graph\":[{\"@type\":\"WebPage\",\"@id\":\"https:\/\/conservation-science.ch\/?page_id=39791&lang=de\",\"url\":\"https:\/\/conservation-science.ch\/?page_id=39791&lang=de\",\"name\":\"Schnelle Identifikation der Herkunft von Salzausbl\u00fchungen mit Hilfe von pH-Papier (pH 1-14) - Bl\u00e4uer - Conservation - Science\",\"isPartOf\":{\"@id\":\"https:\/\/conservation-science.ch\/#website\"},\"primaryImageOfPage\":{\"@id\":\"https:\/\/conservation-science.ch\/?page_id=39791&lang=de#primaryimage\"},\"image\":{\"@id\":\"https:\/\/conservation-science.ch\/?page_id=39791&lang=de#primaryimage\"},\"thumbnailUrl\":\"https:\/\/csc-sarl.ch\/wp-content\/uploads\/2018\/06\/papierphinsitu_ptt.jpg\",\"datePublished\":\"2024-09-05T08:48:02+00:00\",\"breadcrumb\":{\"@id\":\"https:\/\/conservation-science.ch\/?page_id=39791&lang=de#breadcrumb\"},\"inLanguage\":\"fr-FR\",\"potentialAction\":[{\"@type\":\"ReadAction\",\"target\":[\"https:\/\/conservation-science.ch\/?page_id=39791&lang=de\"]}]},{\"@type\":\"ImageObject\",\"inLanguage\":\"fr-FR\",\"@id\":\"https:\/\/conservation-science.ch\/?page_id=39791&lang=de#primaryimage\",\"url\":\"https:\/\/csc-sarl.ch\/wp-content\/uploads\/2018\/06\/papierphinsitu_ptt.jpg\",\"contentUrl\":\"https:\/\/csc-sarl.ch\/wp-content\/uploads\/2018\/06\/papierphinsitu_ptt.jpg\"},{\"@type\":\"BreadcrumbList\",\"@id\":\"https:\/\/conservation-science.ch\/?page_id=39791&lang=de#breadcrumb\",\"itemListElement\":[{\"@type\":\"ListItem\",\"position\":1,\"name\":\"Accueil\",\"item\":\"https:\/\/conservation-science.ch\/\"},{\"@type\":\"ListItem\",\"position\":2,\"name\":\"Kniffe\",\"item\":\"https:\/\/conservation-science.ch\/?page_id=39768&lang=de\"},{\"@type\":\"ListItem\",\"position\":3,\"name\":\"Unsere archivierten Kniffe\",\"item\":\"https:\/\/conservation-science.ch\/?page_id=39772&lang=de\"},{\"@type\":\"ListItem\",\"position\":4,\"name\":\"Schnelle Identifikation der Herkunft von Salzausbl\u00fchungen mit Hilfe von pH-Papier (pH 1-14)\"}]},{\"@type\":\"WebSite\",\"@id\":\"https:\/\/conservation-science.ch\/#website\",\"url\":\"https:\/\/conservation-science.ch\/\",\"name\":\"CSC - Conservation - Sciences\",\"description\":\"Transmission de connaissances dans le domaine des sciences de la conservation du patrimoine b\u00e2ti\",\"potentialAction\":[{\"@type\":\"SearchAction\",\"target\":{\"@type\":\"EntryPoint\",\"urlTemplate\":\"https:\/\/conservation-science.ch\/?s={search_term_string}\"},\"query-input\":{\"@type\":\"PropertyValueSpecification\",\"valueRequired\":true,\"valueName\":\"search_term_string\"}}],\"inLanguage\":\"fr-FR\"}]}<\/script>\n<!-- \/ Yoast SEO plugin. -->","yoast_head_json":{"title":"Schnelle Identifikation der Herkunft von Salzausbl\u00fchungen mit Hilfe von pH-Papier (pH 1-14) - Bl\u00e4uer - Conservation - Science","robots":{"index":"index","follow":"follow","max-snippet":"max-snippet:-1","max-image-preview":"max-image-preview:large","max-video-preview":"max-video-preview:-1"},"canonical":"https:\/\/conservation-science.ch\/?page_id=39791&lang=de","og_locale":"fr_FR","og_type":"article","og_title":"Schnelle Identifikation der Herkunft von Salzausbl\u00fchungen mit Hilfe von pH-Papier (pH 1-14) - Bl\u00e4uer - Conservation - Science","og_description":"Alkalische Salzausbl\u00fchungen am Bauwerk (pH &gt; 8) stammen immer aus alkalischen Baumaterialien (oder von Restaurierungs\/ Konservierungsmaterialien), wie Zement, hydraulischer Kalk oder Wasser Glas (Schaffer, 1932 ; Arnold, 1985). Wenn also eine pH-Messung mittels pH-Papier an einer Salzausbl\u00fchung am Bau oder im Labor einen alkalischen Wert ergibt (pH &gt; 8), ist die Suche nach der Salzquelle &hellip; Continuer la lecture de Schnelle Identifikation der Herkunft von Salzausbl\u00fchungen mit Hilfe von pH-Papier (pH 1-14)","og_url":"https:\/\/conservation-science.ch\/?page_id=39791&lang=de","og_site_name":"Bl\u00e4uer - Conservation - Science","og_image":[{"url":"https:\/\/csc-sarl.ch\/wp-content\/uploads\/2018\/06\/papierphinsitu_ptt.jpg","type":"","width":"","height":""}],"twitter_card":"summary_large_image","schema":{"@context":"https:\/\/schema.org","@graph":[{"@type":"WebPage","@id":"https:\/\/conservation-science.ch\/?page_id=39791&lang=de","url":"https:\/\/conservation-science.ch\/?page_id=39791&lang=de","name":"Schnelle Identifikation der Herkunft von Salzausbl\u00fchungen mit Hilfe von pH-Papier (pH 1-14) - Bl\u00e4uer - Conservation - Science","isPartOf":{"@id":"https:\/\/conservation-science.ch\/#website"},"primaryImageOfPage":{"@id":"https:\/\/conservation-science.ch\/?page_id=39791&lang=de#primaryimage"},"image":{"@id":"https:\/\/conservation-science.ch\/?page_id=39791&lang=de#primaryimage"},"thumbnailUrl":"https:\/\/csc-sarl.ch\/wp-content\/uploads\/2018\/06\/papierphinsitu_ptt.jpg","datePublished":"2024-09-05T08:48:02+00:00","breadcrumb":{"@id":"https:\/\/conservation-science.ch\/?page_id=39791&lang=de#breadcrumb"},"inLanguage":"fr-FR","potentialAction":[{"@type":"ReadAction","target":["https:\/\/conservation-science.ch\/?page_id=39791&lang=de"]}]},{"@type":"ImageObject","inLanguage":"fr-FR","@id":"https:\/\/conservation-science.ch\/?page_id=39791&lang=de#primaryimage","url":"https:\/\/csc-sarl.ch\/wp-content\/uploads\/2018\/06\/papierphinsitu_ptt.jpg","contentUrl":"https:\/\/csc-sarl.ch\/wp-content\/uploads\/2018\/06\/papierphinsitu_ptt.jpg"},{"@type":"BreadcrumbList","@id":"https:\/\/conservation-science.ch\/?page_id=39791&lang=de#breadcrumb","itemListElement":[{"@type":"ListItem","position":1,"name":"Accueil","item":"https:\/\/conservation-science.ch\/"},{"@type":"ListItem","position":2,"name":"Kniffe","item":"https:\/\/conservation-science.ch\/?page_id=39768&lang=de"},{"@type":"ListItem","position":3,"name":"Unsere archivierten Kniffe","item":"https:\/\/conservation-science.ch\/?page_id=39772&lang=de"},{"@type":"ListItem","position":4,"name":"Schnelle Identifikation der Herkunft von Salzausbl\u00fchungen mit Hilfe von pH-Papier (pH 1-14)"}]},{"@type":"WebSite","@id":"https:\/\/conservation-science.ch\/#website","url":"https:\/\/conservation-science.ch\/","name":"CSC - Conservation - Sciences","description":"Transmission de connaissances dans le domaine des sciences de la conservation du patrimoine b\u00e2ti","potentialAction":[{"@type":"SearchAction","target":{"@type":"EntryPoint","urlTemplate":"https:\/\/conservation-science.ch\/?s={search_term_string}"},"query-input":{"@type":"PropertyValueSpecification","valueRequired":true,"valueName":"search_term_string"}}],"inLanguage":"fr-FR"}]}},"_links":{"self":[{"href":"https:\/\/conservation-science.ch\/index.php?rest_route=\/wp\/v2\/pages\/39791","targetHints":{"allow":["GET"]}}],"collection":[{"href":"https:\/\/conservation-science.ch\/index.php?rest_route=\/wp\/v2\/pages"}],"about":[{"href":"https:\/\/conservation-science.ch\/index.php?rest_route=\/wp\/v2\/types\/page"}],"author":[{"embeddable":true,"href":"https:\/\/conservation-science.ch\/index.php?rest_route=\/wp\/v2\/users\/4"}],"replies":[{"embeddable":true,"href":"https:\/\/conservation-science.ch\/index.php?rest_route=%2Fwp%2Fv2%2Fcomments&post=39791"}],"version-history":[{"count":1,"href":"https:\/\/conservation-science.ch\/index.php?rest_route=\/wp\/v2\/pages\/39791\/revisions"}],"predecessor-version":[{"id":39793,"href":"https:\/\/conservation-science.ch\/index.php?rest_route=\/wp\/v2\/pages\/39791\/revisions\/39793"}],"up":[{"embeddable":true,"href":"https:\/\/conservation-science.ch\/index.php?rest_route=\/wp\/v2\/pages\/39772"}],"wp:attachment":[{"href":"https:\/\/conservation-science.ch\/index.php?rest_route=%2Fwp%2Fv2%2Fmedia&parent=39791"}],"curies":[{"name":"wp","href":"https:\/\/api.w.org\/{rel}","templated":true}]}}