{"id":39763,"date":"2024-09-05T10:39:02","date_gmt":"2024-09-05T08:39:02","guid":{"rendered":"https:\/\/conservation-science.ch\/?page_id=39763"},"modified":"2024-11-16T21:41:32","modified_gmt":"2024-11-16T20:41:32","slug":"geological-tours-in-cities","status":"publish","type":"page","link":"https:\/\/conservation-science.ch\/?page_id=39763&lang=en","title":{"rendered":"Geological tours in cities"},"content":{"rendered":"<table class=\"style1\" style=\"height: 630px;\" border=\"0\" width=\"93%\">\n<tbody>\n<tr style=\"height: 48px;\">\n<td style=\"height: 48px;\" valign=\"top\">Tours already taking place in French (please <a href=\"mailto:csc@conservation-science.ch\">contact<\/a> us if you would like to take a tour in English):<\/td>\n<td style=\"height: 48px;\" valign=\"top\"><\/td>\n<\/tr>\n<tr style=\"height: 319px;\">\n<td style=\"height: 320px;\" valign=\"top\" width=\"270\" height=\"\"><span style=\"color: #993300;\"><strong><a href=\"\/wp-content\/uploads\/2018\/06\/flyervisitefribourg_120312_avlogos_sansreperes.pdf\">FRIBOURG<\/a> pierre \u00e0 pierre<\/strong><\/span><strong><br \/>\n<\/strong><img loading=\"lazy\" decoding=\"async\" class=\"alignnone size-full wp-image-29052\" src=\"https:\/\/csc-sarl.ch\/wp-content\/uploads\/2018\/06\/flyervisitefribourg_110614_p1_150px.jpg\" alt=\"\" width=\"150\" height=\"106\" \/><strong>visite g\u00e9ologique de la ville<\/strong>renseignements et r\u00e9servation via CSC :<br \/>\nt\u00e9l. 026 422 12 44 ou e-mail <a href=\"mailto:csc@conservation-science.ch\">csc@&#8230;<\/a><\/td>\n<td style=\"height: 320px;\" valign=\"top\" width=\"270\" height=\"\"><a href=\"\/wp-content\/uploads\/2018\/06\/flyervisiteneuchatel_120312_avlogos_sansreperes.pdf\"><strong>NEUCH\u00c2TEL<\/strong><\/a><strong>, une pierre jaune dans la ville<br \/>\n<\/strong><a href=\"https:\/\/csc-sarl.ch\/wp-content\/uploads\/2018\/06\/flyervisiteneuchatel_120312_avlogos_sansreperes.pdf\"><img loading=\"lazy\" decoding=\"async\" class=\"alignnone size-full wp-image-29049\" src=\"https:\/\/csc-sarl.ch\/wp-content\/uploads\/2018\/06\/flyervisiteneuchatel_110614_p1_150px.jpg\" alt=\"\" width=\"150\" height=\"106\" \/><\/a><strong>visite g\u00e9ologique de la ville<\/strong><br \/>\nrenseignements et r\u00e9servation via CSC :<br \/>\nt\u00e9l. 026 422 12 44 ou e-mail <a href=\"mailto:csc@conservation-science.ch\">csc@&#8230;<\/a><\/td>\n<\/tr>\n<tr style=\"height: 263px;\">\n<td style=\"height: 263px;\" valign=\"top\" width=\"\" height=\"\"><span style=\"color: #993300;\"><strong>ESTAVAYER-LE-LAC<\/strong><\/span><br \/>\n<strong>visite g\u00e9ologique de la ville<\/strong><img loading=\"lazy\" decoding=\"async\" class=\"alignnone size-full wp-image-29050\" src=\"https:\/\/csc-sarl.ch\/wp-content\/uploads\/2018\/06\/fr_estavayerlelac_gdrue35_110707_094_120pxlarge.jpg\" alt=\"\" width=\"120\" height=\"88\" \/>renseignements et r\u00e9servation via l&rsquo;Office du tourisme :<br \/>\nt\u00e9l. 026 663 12 37 ou e-mail <a href=\"mailto:tourisme@estavayer-payerne.ch\">tourisme@estav&#8230;<\/a><br \/>\nou via CSC :<br \/>\nt\u00e9l. 026 422 12 44 ou e-mail <a href=\"mailto:csc@conservation-science.ch\">csc@&#8230;<\/a><\/td>\n<td style=\"height: 263px;\" valign=\"top\" width=\"\" height=\"\"><\/td>\n<\/tr>\n<\/tbody>\n<\/table>\n<table class=\"style1\" border=\"0\" width=\"93%\">\n<tbody>\n<tr>\n<td><\/td>\n<\/tr>\n<\/tbody>\n<\/table>\n<table class=\"style1\" border=\"0\" width=\"93%\">\n<tbody>\n<tr>\n<td>If you are interested in a geological tour in another Swiss city, <a href=\"mailto:csc@conservation-science.ch\">please contact us<\/a>.<\/td>\n<\/tr>\n<\/tbody>\n<\/table>\n<table class=\"style1\" style=\"height: 240px;\" border=\"0\" width=\"540\">\n<tbody>\n<tr style=\"height: 54px;\">\n<td style=\"width: 125.267px; height: 54px;\" align=\"center\" height=\"\"><img loading=\"lazy\" decoding=\"async\" class=\"alignnone size-full wp-image-29048\" src=\"https:\/\/csc-sarl.ch\/wp-content\/uploads\/2018\/06\/terre_50px.gif\" alt=\"\" width=\"50\" height=\"49\" \/><\/td>\n<td style=\"width: 534.733px; height: 54px;\">If you are interested in geology:<\/td>\n<\/tr>\n<tr style=\"height: 100px;\">\n<td style=\"width: 125.267px; height: 100px;\"><img loading=\"lazy\" decoding=\"async\" class=\"alignnone size-full wp-image-29047\" src=\"https:\/\/csc-sarl.ch\/wp-content\/uploads\/2018\/06\/t.basset_120pxlarge.jpg\" alt=\"\" width=\"120\" height=\"81\" \/><\/td>\n<td style=\"width: 534.733px; text-align: justify; height: 100px;\"><span style=\"color: #000000;\"><a style=\"color: #000000;\" href=\"http:\/\/www.thierrybasset.ch\/site\/\" target=\"_blank\" rel=\"noopener\"><span class=\"hps\">For more popularized <\/span><span id=\"result_box\" lang=\"en\"><span class=\"hps\">geological<\/span> <\/span><span id=\"result_box\" lang=\"en\"><span class=\"hps\">activities<\/span> <span class=\"hps atn\">(<\/span>discovery days, excursions, <span class=\"hps\">trips<\/span>,&#8230;) <span class=\"hps\">we recommend that you<\/span> <span class=\"hps\">visit<\/span> <span class=\"hps\">the website of the geologist<\/span> <span class=\"hps\">Thierry<\/span> <span class=\"hps\">Basset (french)<\/span>:<br \/>\n<\/span><\/a><a style=\"color: #000000;\" href=\"http:\/\/www.thierrybasset.ch\/site\/\" target=\"_blank\" rel=\"noopener\">www.thierrybasset.ch<\/a><\/span><\/td>\n<\/tr>\n<tr style=\"height: 86px;\">\n<td style=\"width: 125.267px; height: 86px;\" valign=\"top\" height=\"\"><img loading=\"lazy\" decoding=\"async\" class=\"alignnone size-full wp-image-29046\" src=\"https:\/\/csc-sarl.ch\/wp-content\/uploads\/2018\/06\/d.b.williams_gd_120px_large.jpg\" alt=\"\" width=\"120\" height=\"81\" \/><\/td>\n<td style=\"width: 534.733px; text-align: justify; height: 86px;\"><span style=\"color: #000000;\"><a style=\"color: #000000;\" href=\"http:\/\/geologywriter.com\/\" target=\"_blank\" rel=\"noopener\">About the urban geology, do not miss the website of David B. Williams (english): <\/a><\/span><a href=\"http:\/\/geologywriter.com\/\" target=\"_blank\" rel=\"noopener\"><span style=\"color: #000000;\">http:\/\/geologywriter.com\/<\/span><\/a><\/td>\n<\/tr>\n<\/tbody>\n<\/table>\n","protected":false},"excerpt":{"rendered":"<p>Tours already taking place in French (please contact us if you would like to take a tour in English): FRIBOURG pierre \u00e0 pierre visite g\u00e9ologique de la villerenseignements et r\u00e9servation via CSC : t\u00e9l. 026 422 12 44 ou e-mail csc@&#8230; NEUCH\u00c2TEL, une pierre jaune dans la ville visite g\u00e9ologique de la ville renseignements et &hellip; <a href=\"https:\/\/conservation-science.ch\/?page_id=39763&#038;lang=en\" class=\"more-link\">Continuer la lecture de <span class=\"screen-reader-text\">Geological tours in cities<\/span><\/a><\/p>\n","protected":false},"author":4,"featured_media":0,"parent":39638,"menu_order":4,"comment_status":"closed","ping_status":"closed","template":"","meta":{"footnotes":""},"class_list":["post-39763","page","type-page","status-publish","hentry"],"yoast_head":"<!-- This site is optimized with the Yoast SEO plugin v27.2 - https:\/\/yoast.com\/product\/yoast-seo-wordpress\/ -->\n<title>Geological tours in cities - Bl\u00e4uer - Conservation - Science<\/title>\n<meta name=\"robots\" content=\"index, follow, max-snippet:-1, max-image-preview:large, max-video-preview:-1\" \/>\n<link rel=\"canonical\" href=\"https:\/\/conservation-science.ch\/?page_id=39763&lang=en\" \/>\n<meta property=\"og:locale\" content=\"fr_FR\" \/>\n<meta property=\"og:type\" content=\"article\" \/>\n<meta property=\"og:title\" content=\"Geological tours in cities - Bl\u00e4uer - Conservation - Science\" \/>\n<meta property=\"og:description\" content=\"Tours already taking place in French (please contact us if you would like to take a tour in English): FRIBOURG pierre \u00e0 pierre visite g\u00e9ologique de la villerenseignements et r\u00e9servation via CSC : t\u00e9l. 026 422 12 44 ou e-mail csc@&#8230; NEUCH\u00c2TEL, une pierre jaune dans la ville visite g\u00e9ologique de la ville renseignements et &hellip; Continuer la lecture de Geological tours in cities\" \/>\n<meta property=\"og:url\" content=\"https:\/\/conservation-science.ch\/?page_id=39763&amp;lang=en\" \/>\n<meta property=\"og:site_name\" content=\"Bl\u00e4uer - Conservation - Science\" \/>\n<meta property=\"article:modified_time\" content=\"2024-11-16T20:41:32+00:00\" \/>\n<meta property=\"og:image\" content=\"https:\/\/csc-sarl.ch\/wp-content\/uploads\/2018\/06\/flyervisitefribourg_110614_p1_150px.jpg\" \/>\n<meta name=\"twitter:card\" content=\"summary_large_image\" \/>\n<meta name=\"twitter:label1\" content=\"Dur\u00e9e de lecture estim\u00e9e\" \/>\n\t<meta name=\"twitter:data1\" content=\"3 minutes\" \/>\n<script type=\"application\/ld+json\" class=\"yoast-schema-graph\">{\"@context\":\"https:\/\/schema.org\",\"@graph\":[{\"@type\":\"WebPage\",\"@id\":\"https:\/\/conservation-science.ch\/?page_id=39763&lang=en\",\"url\":\"https:\/\/conservation-science.ch\/?page_id=39763&lang=en\",\"name\":\"Geological tours in cities - Bl\u00e4uer - Conservation - Science\",\"isPartOf\":{\"@id\":\"https:\/\/conservation-science.ch\/#website\"},\"primaryImageOfPage\":{\"@id\":\"https:\/\/conservation-science.ch\/?page_id=39763&lang=en#primaryimage\"},\"image\":{\"@id\":\"https:\/\/conservation-science.ch\/?page_id=39763&lang=en#primaryimage\"},\"thumbnailUrl\":\"https:\/\/csc-sarl.ch\/wp-content\/uploads\/2018\/06\/flyervisitefribourg_110614_p1_150px.jpg\",\"datePublished\":\"2024-09-05T08:39:02+00:00\",\"dateModified\":\"2024-11-16T20:41:32+00:00\",\"breadcrumb\":{\"@id\":\"https:\/\/conservation-science.ch\/?page_id=39763&lang=en#breadcrumb\"},\"inLanguage\":\"fr-FR\",\"potentialAction\":[{\"@type\":\"ReadAction\",\"target\":[\"https:\/\/conservation-science.ch\/?page_id=39763&lang=en\"]}]},{\"@type\":\"ImageObject\",\"inLanguage\":\"fr-FR\",\"@id\":\"https:\/\/conservation-science.ch\/?page_id=39763&lang=en#primaryimage\",\"url\":\"https:\/\/csc-sarl.ch\/wp-content\/uploads\/2018\/06\/flyervisitefribourg_110614_p1_150px.jpg\",\"contentUrl\":\"https:\/\/csc-sarl.ch\/wp-content\/uploads\/2018\/06\/flyervisitefribourg_110614_p1_150px.jpg\"},{\"@type\":\"BreadcrumbList\",\"@id\":\"https:\/\/conservation-science.ch\/?page_id=39763&lang=en#breadcrumb\",\"itemListElement\":[{\"@type\":\"ListItem\",\"position\":1,\"name\":\"Accueil\",\"item\":\"https:\/\/conservation-science.ch\/\"},{\"@type\":\"ListItem\",\"position\":2,\"name\":\"Activity\",\"item\":\"https:\/\/conservation-science.ch\/?page_id=39638&lang=en\"},{\"@type\":\"ListItem\",\"position\":3,\"name\":\"Geological tours in cities\"}]},{\"@type\":\"WebSite\",\"@id\":\"https:\/\/conservation-science.ch\/#website\",\"url\":\"https:\/\/conservation-science.ch\/\",\"name\":\"CSC - Conservation - Sciences\",\"description\":\"Transmission de connaissances dans le domaine des sciences de la conservation du patrimoine b\u00e2ti\",\"potentialAction\":[{\"@type\":\"SearchAction\",\"target\":{\"@type\":\"EntryPoint\",\"urlTemplate\":\"https:\/\/conservation-science.ch\/?s={search_term_string}\"},\"query-input\":{\"@type\":\"PropertyValueSpecification\",\"valueRequired\":true,\"valueName\":\"search_term_string\"}}],\"inLanguage\":\"fr-FR\"}]}<\/script>\n<!-- \/ Yoast SEO plugin. -->","yoast_head_json":{"title":"Geological tours in cities - Bl\u00e4uer - Conservation - Science","robots":{"index":"index","follow":"follow","max-snippet":"max-snippet:-1","max-image-preview":"max-image-preview:large","max-video-preview":"max-video-preview:-1"},"canonical":"https:\/\/conservation-science.ch\/?page_id=39763&lang=en","og_locale":"fr_FR","og_type":"article","og_title":"Geological tours in cities - Bl\u00e4uer - Conservation - Science","og_description":"Tours already taking place in French (please contact us if you would like to take a tour in English): FRIBOURG pierre \u00e0 pierre visite g\u00e9ologique de la villerenseignements et r\u00e9servation via CSC : t\u00e9l. 026 422 12 44 ou e-mail csc@&#8230; NEUCH\u00c2TEL, une pierre jaune dans la ville visite g\u00e9ologique de la ville renseignements et &hellip; Continuer la lecture de Geological tours in cities","og_url":"https:\/\/conservation-science.ch\/?page_id=39763&lang=en","og_site_name":"Bl\u00e4uer - Conservation - Science","article_modified_time":"2024-11-16T20:41:32+00:00","og_image":[{"url":"https:\/\/csc-sarl.ch\/wp-content\/uploads\/2018\/06\/flyervisitefribourg_110614_p1_150px.jpg","type":"","width":"","height":""}],"twitter_card":"summary_large_image","twitter_misc":{"Dur\u00e9e de lecture estim\u00e9e":"3 minutes"},"schema":{"@context":"https:\/\/schema.org","@graph":[{"@type":"WebPage","@id":"https:\/\/conservation-science.ch\/?page_id=39763&lang=en","url":"https:\/\/conservation-science.ch\/?page_id=39763&lang=en","name":"Geological tours in cities - Bl\u00e4uer - Conservation - Science","isPartOf":{"@id":"https:\/\/conservation-science.ch\/#website"},"primaryImageOfPage":{"@id":"https:\/\/conservation-science.ch\/?page_id=39763&lang=en#primaryimage"},"image":{"@id":"https:\/\/conservation-science.ch\/?page_id=39763&lang=en#primaryimage"},"thumbnailUrl":"https:\/\/csc-sarl.ch\/wp-content\/uploads\/2018\/06\/flyervisitefribourg_110614_p1_150px.jpg","datePublished":"2024-09-05T08:39:02+00:00","dateModified":"2024-11-16T20:41:32+00:00","breadcrumb":{"@id":"https:\/\/conservation-science.ch\/?page_id=39763&lang=en#breadcrumb"},"inLanguage":"fr-FR","potentialAction":[{"@type":"ReadAction","target":["https:\/\/conservation-science.ch\/?page_id=39763&lang=en"]}]},{"@type":"ImageObject","inLanguage":"fr-FR","@id":"https:\/\/conservation-science.ch\/?page_id=39763&lang=en#primaryimage","url":"https:\/\/csc-sarl.ch\/wp-content\/uploads\/2018\/06\/flyervisitefribourg_110614_p1_150px.jpg","contentUrl":"https:\/\/csc-sarl.ch\/wp-content\/uploads\/2018\/06\/flyervisitefribourg_110614_p1_150px.jpg"},{"@type":"BreadcrumbList","@id":"https:\/\/conservation-science.ch\/?page_id=39763&lang=en#breadcrumb","itemListElement":[{"@type":"ListItem","position":1,"name":"Accueil","item":"https:\/\/conservation-science.ch\/"},{"@type":"ListItem","position":2,"name":"Activity","item":"https:\/\/conservation-science.ch\/?page_id=39638&lang=en"},{"@type":"ListItem","position":3,"name":"Geological tours in cities"}]},{"@type":"WebSite","@id":"https:\/\/conservation-science.ch\/#website","url":"https:\/\/conservation-science.ch\/","name":"CSC - Conservation - Sciences","description":"Transmission de connaissances dans le domaine des sciences de la conservation du patrimoine b\u00e2ti","potentialAction":[{"@type":"SearchAction","target":{"@type":"EntryPoint","urlTemplate":"https:\/\/conservation-science.ch\/?s={search_term_string}"},"query-input":{"@type":"PropertyValueSpecification","valueRequired":true,"valueName":"search_term_string"}}],"inLanguage":"fr-FR"}]}},"_links":{"self":[{"href":"https:\/\/conservation-science.ch\/index.php?rest_route=\/wp\/v2\/pages\/39763","targetHints":{"allow":["GET"]}}],"collection":[{"href":"https:\/\/conservation-science.ch\/index.php?rest_route=\/wp\/v2\/pages"}],"about":[{"href":"https:\/\/conservation-science.ch\/index.php?rest_route=\/wp\/v2\/types\/page"}],"author":[{"embeddable":true,"href":"https:\/\/conservation-science.ch\/index.php?rest_route=\/wp\/v2\/users\/4"}],"replies":[{"embeddable":true,"href":"https:\/\/conservation-science.ch\/index.php?rest_route=%2Fwp%2Fv2%2Fcomments&post=39763"}],"version-history":[{"count":3,"href":"https:\/\/conservation-science.ch\/index.php?rest_route=\/wp\/v2\/pages\/39763\/revisions"}],"predecessor-version":[{"id":40504,"href":"https:\/\/conservation-science.ch\/index.php?rest_route=\/wp\/v2\/pages\/39763\/revisions\/40504"}],"up":[{"embeddable":true,"href":"https:\/\/conservation-science.ch\/index.php?rest_route=\/wp\/v2\/pages\/39638"}],"wp:attachment":[{"href":"https:\/\/conservation-science.ch\/index.php?rest_route=%2Fwp%2Fv2%2Fmedia&parent=39763"}],"curies":[{"name":"wp","href":"https:\/\/api.w.org\/{rel}","templated":true}]}}