{"id":39758,"date":"2024-09-05T10:33:14","date_gmt":"2024-09-05T08:33:14","guid":{"rendered":"https:\/\/conservation-science.ch\/?page_id=39758"},"modified":"2024-11-16T21:36:01","modified_gmt":"2024-11-16T20:36:01","slug":"feuchte-flecken","status":"publish","type":"page","link":"https:\/\/conservation-science.ch\/?page_id=39758&lang=de","title":{"rendered":"Feuchte Flecken"},"content":{"rendered":"<p>2011 &#8211; Matthieu Fuscien, Student im MAS- Studiengang \u00ab\u00a0Conservation du patrimoine\u00a0\u00bb (<a href=\"http:\/\/www.unige.ch\/lettres\/armus\/istar\/pages\/page.php?id=41\" target=\"_blank\" rel=\"noopener\">UNIGE<\/a>) hat sein Diplompraktikum in unserem Labor absolviert. Er hat <strong><span style=\"color: #996600;\">die Feuchteflecken<\/span><\/strong> studiert, welche an vielen historischen Bauten zu beobachten sind. Diese Studie, die sich einerseits auf die Beobachtung von Fallbeispielen in der Stadt Freiburg und andererseits auf Laborexperimente abst\u00fctzt, hat einmal mehr erlaubt zu zeigen, dass sich die Feuchteflecken allein durch die Anwesenheit von hygroskopischen Salzen (Chloride, Nitrate) erkl\u00e4ren lassen (<a href=\"\/de\/kniffe\/unsere-archivierten-kniffe\/zur-herkunft-von-feuchtigkeitsflecken\/\">siehe unsere archivierten Kniffe<\/a>).<\/p>\n<p style=\"text-align: justify;\">Der experimentelle Teil der Studie hat gezeigt, dass wenn die Baumaterialien mit hygroskopischen Salzen verseucht sind und die relative Luftfeuchtigkeit der Umgebung hoch bleibt, in den Poren der Materialien allein durch zwei t\u00e4glich Temperaturschwankungen fl\u00fcssiges Wasser (qualifiziert als kapillares Wasser) entstehen kann, indem Wasserdampf aus der Umgebungsluft aufgenommen wird.<\/p>\n<p>Die Arbeit, sie wird derzeit \u00fcberarbeitet, wird hier demn\u00e4chst zug\u00e4nglich sein. In der Zwischenzeit k\u00f6nnen Sie einige Ausschnitte konsultieren:<\/p>\n<p><strong>Die in der Stadt Freiburg studierten Geb\u00e4ude:<\/strong><\/p>\n<p>&nbsp;<\/p>\n<p><img loading=\"lazy\" decoding=\"async\" class=\"alignnone wp-image-29758\" src=\"https:\/\/csc-sarl.ch\/wp-content\/uploads\/2018\/06\/100731_fr_portette_br_150px.jpg\" alt=\"\" width=\"177\" height=\"113\" \/> <img loading=\"lazy\" decoding=\"async\" class=\"alignnone wp-image-29759\" src=\"https:\/\/csc-sarl.ch\/wp-content\/uploads\/2018\/06\/100731_fr_rueposte1_br_150px.jpg\" alt=\"\" width=\"167\" height=\"111\" \/> <img loading=\"lazy\" decoding=\"async\" class=\"alignnone wp-image-29760\" src=\"https:\/\/csc-sarl.ch\/wp-content\/uploads\/2018\/06\/fr_fr_nd_131109xb_150px.jpg\" alt=\"\" width=\"143\" height=\"108\" \/><\/p>\n<p><strong>Einige Ausz\u00fcge aus dem experimentellen Teil in franz\u00f6sisch auf <a href=\"\/activites\/recherche-appliquee\/taches-humides\/\">Seite \u00ab\u00a0taches humides\u00a0\u00bb<\/a><\/strong><\/p>\n","protected":false},"excerpt":{"rendered":"<p>2011 &#8211; Matthieu Fuscien, Student im MAS- Studiengang \u00ab\u00a0Conservation du patrimoine\u00a0\u00bb (UNIGE) hat sein Diplompraktikum in unserem Labor absolviert. Er hat die Feuchteflecken studiert, welche an vielen historischen Bauten zu beobachten sind. Diese Studie, die sich einerseits auf die Beobachtung von Fallbeispielen in der Stadt Freiburg und andererseits auf Laborexperimente abst\u00fctzt, hat einmal mehr erlaubt &hellip; <a href=\"https:\/\/conservation-science.ch\/?page_id=39758&#038;lang=de\" class=\"more-link\">Continuer la lecture de <span class=\"screen-reader-text\">Feuchte Flecken<\/span><\/a><\/p>\n","protected":false},"author":4,"featured_media":0,"parent":39749,"menu_order":2,"comment_status":"closed","ping_status":"closed","template":"","meta":{"footnotes":""},"class_list":["post-39758","page","type-page","status-publish","hentry"],"yoast_head":"<!-- This site is optimized with the Yoast SEO plugin v27.2 - https:\/\/yoast.com\/product\/yoast-seo-wordpress\/ -->\n<title>Feuchte Flecken - Bl\u00e4uer - Conservation - Science<\/title>\n<meta name=\"robots\" content=\"index, follow, max-snippet:-1, max-image-preview:large, max-video-preview:-1\" \/>\n<link rel=\"canonical\" href=\"https:\/\/conservation-science.ch\/?page_id=39758&lang=de\" \/>\n<meta property=\"og:locale\" content=\"fr_FR\" \/>\n<meta property=\"og:type\" content=\"article\" \/>\n<meta property=\"og:title\" content=\"Feuchte Flecken - Bl\u00e4uer - Conservation - Science\" \/>\n<meta property=\"og:description\" content=\"2011 &#8211; Matthieu Fuscien, Student im MAS- Studiengang \u00ab\u00a0Conservation du patrimoine\u00a0\u00bb (UNIGE) hat sein Diplompraktikum in unserem Labor absolviert. Er hat die Feuchteflecken studiert, welche an vielen historischen Bauten zu beobachten sind. Diese Studie, die sich einerseits auf die Beobachtung von Fallbeispielen in der Stadt Freiburg und andererseits auf Laborexperimente abst\u00fctzt, hat einmal mehr erlaubt &hellip; Continuer la lecture de Feuchte Flecken\" \/>\n<meta property=\"og:url\" content=\"https:\/\/conservation-science.ch\/?page_id=39758&amp;lang=de\" \/>\n<meta property=\"og:site_name\" content=\"Bl\u00e4uer - Conservation - Science\" \/>\n<meta property=\"article:modified_time\" content=\"2024-11-16T20:36:01+00:00\" \/>\n<meta property=\"og:image\" content=\"https:\/\/csc-sarl.ch\/wp-content\/uploads\/2018\/06\/100731_fr_portette_br_150px.jpg\" \/>\n<meta name=\"twitter:card\" content=\"summary_large_image\" \/>\n<meta name=\"twitter:label1\" content=\"Dur\u00e9e de lecture estim\u00e9e\" \/>\n\t<meta name=\"twitter:data1\" content=\"2 minutes\" \/>\n<script type=\"application\/ld+json\" class=\"yoast-schema-graph\">{\"@context\":\"https:\/\/schema.org\",\"@graph\":[{\"@type\":\"WebPage\",\"@id\":\"https:\/\/conservation-science.ch\/?page_id=39758&lang=de\",\"url\":\"https:\/\/conservation-science.ch\/?page_id=39758&lang=de\",\"name\":\"Feuchte Flecken - Bl\u00e4uer - Conservation - Science\",\"isPartOf\":{\"@id\":\"https:\/\/conservation-science.ch\/#website\"},\"primaryImageOfPage\":{\"@id\":\"https:\/\/conservation-science.ch\/?page_id=39758&lang=de#primaryimage\"},\"image\":{\"@id\":\"https:\/\/conservation-science.ch\/?page_id=39758&lang=de#primaryimage\"},\"thumbnailUrl\":\"https:\/\/csc-sarl.ch\/wp-content\/uploads\/2018\/06\/100731_fr_portette_br_150px.jpg\",\"datePublished\":\"2024-09-05T08:33:14+00:00\",\"dateModified\":\"2024-11-16T20:36:01+00:00\",\"breadcrumb\":{\"@id\":\"https:\/\/conservation-science.ch\/?page_id=39758&lang=de#breadcrumb\"},\"inLanguage\":\"fr-FR\",\"potentialAction\":[{\"@type\":\"ReadAction\",\"target\":[\"https:\/\/conservation-science.ch\/?page_id=39758&lang=de\"]}]},{\"@type\":\"ImageObject\",\"inLanguage\":\"fr-FR\",\"@id\":\"https:\/\/conservation-science.ch\/?page_id=39758&lang=de#primaryimage\",\"url\":\"https:\/\/csc-sarl.ch\/wp-content\/uploads\/2018\/06\/100731_fr_portette_br_150px.jpg\",\"contentUrl\":\"https:\/\/csc-sarl.ch\/wp-content\/uploads\/2018\/06\/100731_fr_portette_br_150px.jpg\"},{\"@type\":\"BreadcrumbList\",\"@id\":\"https:\/\/conservation-science.ch\/?page_id=39758&lang=de#breadcrumb\",\"itemListElement\":[{\"@type\":\"ListItem\",\"position\":1,\"name\":\"Accueil\",\"item\":\"https:\/\/conservation-science.ch\/\"},{\"@type\":\"ListItem\",\"position\":2,\"name\":\"Aktivit\u00e4ten\",\"item\":\"https:\/\/conservation-science.ch\/?page_id=39637&lang=de\"},{\"@type\":\"ListItem\",\"position\":3,\"name\":\"Angewandte Forschung\",\"item\":\"https:\/\/conservation-science.ch\/?page_id=39749&lang=de\"},{\"@type\":\"ListItem\",\"position\":4,\"name\":\"Feuchte Flecken\"}]},{\"@type\":\"WebSite\",\"@id\":\"https:\/\/conservation-science.ch\/#website\",\"url\":\"https:\/\/conservation-science.ch\/\",\"name\":\"CSC - Conservation - Sciences\",\"description\":\"Transmission de connaissances dans le domaine des sciences de la conservation du patrimoine b\u00e2ti\",\"potentialAction\":[{\"@type\":\"SearchAction\",\"target\":{\"@type\":\"EntryPoint\",\"urlTemplate\":\"https:\/\/conservation-science.ch\/?s={search_term_string}\"},\"query-input\":{\"@type\":\"PropertyValueSpecification\",\"valueRequired\":true,\"valueName\":\"search_term_string\"}}],\"inLanguage\":\"fr-FR\"}]}<\/script>\n<!-- \/ Yoast SEO plugin. -->","yoast_head_json":{"title":"Feuchte Flecken - Bl\u00e4uer - Conservation - Science","robots":{"index":"index","follow":"follow","max-snippet":"max-snippet:-1","max-image-preview":"max-image-preview:large","max-video-preview":"max-video-preview:-1"},"canonical":"https:\/\/conservation-science.ch\/?page_id=39758&lang=de","og_locale":"fr_FR","og_type":"article","og_title":"Feuchte Flecken - Bl\u00e4uer - Conservation - Science","og_description":"2011 &#8211; Matthieu Fuscien, Student im MAS- Studiengang \u00ab\u00a0Conservation du patrimoine\u00a0\u00bb (UNIGE) hat sein Diplompraktikum in unserem Labor absolviert. Er hat die Feuchteflecken studiert, welche an vielen historischen Bauten zu beobachten sind. Diese Studie, die sich einerseits auf die Beobachtung von Fallbeispielen in der Stadt Freiburg und andererseits auf Laborexperimente abst\u00fctzt, hat einmal mehr erlaubt &hellip; Continuer la lecture de Feuchte Flecken","og_url":"https:\/\/conservation-science.ch\/?page_id=39758&lang=de","og_site_name":"Bl\u00e4uer - Conservation - Science","article_modified_time":"2024-11-16T20:36:01+00:00","og_image":[{"url":"https:\/\/csc-sarl.ch\/wp-content\/uploads\/2018\/06\/100731_fr_portette_br_150px.jpg","type":"","width":"","height":""}],"twitter_card":"summary_large_image","twitter_misc":{"Dur\u00e9e de lecture estim\u00e9e":"2 minutes"},"schema":{"@context":"https:\/\/schema.org","@graph":[{"@type":"WebPage","@id":"https:\/\/conservation-science.ch\/?page_id=39758&lang=de","url":"https:\/\/conservation-science.ch\/?page_id=39758&lang=de","name":"Feuchte Flecken - Bl\u00e4uer - Conservation - Science","isPartOf":{"@id":"https:\/\/conservation-science.ch\/#website"},"primaryImageOfPage":{"@id":"https:\/\/conservation-science.ch\/?page_id=39758&lang=de#primaryimage"},"image":{"@id":"https:\/\/conservation-science.ch\/?page_id=39758&lang=de#primaryimage"},"thumbnailUrl":"https:\/\/csc-sarl.ch\/wp-content\/uploads\/2018\/06\/100731_fr_portette_br_150px.jpg","datePublished":"2024-09-05T08:33:14+00:00","dateModified":"2024-11-16T20:36:01+00:00","breadcrumb":{"@id":"https:\/\/conservation-science.ch\/?page_id=39758&lang=de#breadcrumb"},"inLanguage":"fr-FR","potentialAction":[{"@type":"ReadAction","target":["https:\/\/conservation-science.ch\/?page_id=39758&lang=de"]}]},{"@type":"ImageObject","inLanguage":"fr-FR","@id":"https:\/\/conservation-science.ch\/?page_id=39758&lang=de#primaryimage","url":"https:\/\/csc-sarl.ch\/wp-content\/uploads\/2018\/06\/100731_fr_portette_br_150px.jpg","contentUrl":"https:\/\/csc-sarl.ch\/wp-content\/uploads\/2018\/06\/100731_fr_portette_br_150px.jpg"},{"@type":"BreadcrumbList","@id":"https:\/\/conservation-science.ch\/?page_id=39758&lang=de#breadcrumb","itemListElement":[{"@type":"ListItem","position":1,"name":"Accueil","item":"https:\/\/conservation-science.ch\/"},{"@type":"ListItem","position":2,"name":"Aktivit\u00e4ten","item":"https:\/\/conservation-science.ch\/?page_id=39637&lang=de"},{"@type":"ListItem","position":3,"name":"Angewandte Forschung","item":"https:\/\/conservation-science.ch\/?page_id=39749&lang=de"},{"@type":"ListItem","position":4,"name":"Feuchte Flecken"}]},{"@type":"WebSite","@id":"https:\/\/conservation-science.ch\/#website","url":"https:\/\/conservation-science.ch\/","name":"CSC - Conservation - Sciences","description":"Transmission de connaissances dans le domaine des sciences de la conservation du patrimoine b\u00e2ti","potentialAction":[{"@type":"SearchAction","target":{"@type":"EntryPoint","urlTemplate":"https:\/\/conservation-science.ch\/?s={search_term_string}"},"query-input":{"@type":"PropertyValueSpecification","valueRequired":true,"valueName":"search_term_string"}}],"inLanguage":"fr-FR"}]}},"_links":{"self":[{"href":"https:\/\/conservation-science.ch\/index.php?rest_route=\/wp\/v2\/pages\/39758","targetHints":{"allow":["GET"]}}],"collection":[{"href":"https:\/\/conservation-science.ch\/index.php?rest_route=\/wp\/v2\/pages"}],"about":[{"href":"https:\/\/conservation-science.ch\/index.php?rest_route=\/wp\/v2\/types\/page"}],"author":[{"embeddable":true,"href":"https:\/\/conservation-science.ch\/index.php?rest_route=\/wp\/v2\/users\/4"}],"replies":[{"embeddable":true,"href":"https:\/\/conservation-science.ch\/index.php?rest_route=%2Fwp%2Fv2%2Fcomments&post=39758"}],"version-history":[{"count":3,"href":"https:\/\/conservation-science.ch\/index.php?rest_route=\/wp\/v2\/pages\/39758\/revisions"}],"predecessor-version":[{"id":40495,"href":"https:\/\/conservation-science.ch\/index.php?rest_route=\/wp\/v2\/pages\/39758\/revisions\/40495"}],"up":[{"embeddable":true,"href":"https:\/\/conservation-science.ch\/index.php?rest_route=\/wp\/v2\/pages\/39749"}],"wp:attachment":[{"href":"https:\/\/conservation-science.ch\/index.php?rest_route=%2Fwp%2Fv2%2Fmedia&parent=39758"}],"curies":[{"name":"wp","href":"https:\/\/api.w.org\/{rel}","templated":true}]}}