{"id":39753,"date":"2024-09-05T10:31:13","date_gmt":"2024-09-05T08:31:13","guid":{"rendered":"https:\/\/conservation-science.ch\/?page_id=39753"},"modified":"2024-11-16T21:24:55","modified_gmt":"2024-11-16T20:24:55","slug":"nachkontrolle-von-festigung","status":"publish","type":"page","link":"https:\/\/conservation-science.ch\/?page_id=39753&lang=de","title":{"rendered":"Nachkontrolle von Festigung"},"content":{"rendered":"<p style=\"text-align: justify;\">2007 &#8211; 2009: Wir haben ein Forschungs- und Entwicklungsprojekt zum Thema<strong> <span style=\"color: #996600;\">Kontrolle und \u00dcberwachung von Festigungsbehandlungen<\/span><\/strong> f\u00fcr die M\u00fcnster von Basel, Bern, Fribourg und Lausanne abgeschlossen. Dabei pr\u00fcften wir f\u00fcr diese vier Institutionen, die mit der Problematik der Konsolidierung verschiedener Sandsteine konfrontiert sind, die Entwicklung von Methoden zur In-situ-Messung, zur einfachen Anpassung der Festigungen an jeden Einzelfall sowie die Kontrolle ihrer Auswirkungen im Verlaufe der Zeit. Auf der Grundlage einer Literaturstudie, haben wir hierf\u00fcr das Mikrowellen-Feuchtemessger\u00e4t MOIST 200B von hf sensor ausgew\u00e4hlt. Die Ergebnisse dieser Messtechnik erwiesen sich aber leider als, f\u00fcr unseren Bedarf, viel zu zuf\u00e4llig.<br \/>\n<strong>Wir danken den Verantwortlichen der Kathedralen von <a href=\"https:\/\/www.baslermuenster.ch\/bauwerk\/baugeschichte\" target=\"_blank\" rel=\"noopener\">Basel<\/a>, <a href=\"http:\/\/www.bernermuensterstiftung.ch\/aktuell\/aktuell.php\" target=\"_blank\" rel=\"noopener\">Bern<\/a>, Fribourg und <a href=\"http:\/\/www.patrimoine.vd.ch\/cathedrale-de-lausanne\/accueil\/\" target=\"_blank\" rel=\"noopener\">Lausanne<\/a> herzlich <\/strong>f\u00fcr ihre Unterst\u00fctzung w\u00e4hrend des Projekts und daf\u00fcr, dass sie einverstanden sind, dass der vollst\u00e4ndige Bericht dieser <a href=\"\/wp-content\/uploads\/2018\/06\/r0014_01d_bs_be_fr_vd_4kt.pdf?25,23\">Studie hier frei<\/a> zug\u00e4nglich ist.<\/p>\n<p><strong>E<\/strong>inige Bilder des Projekts:<\/p>\n<table style=\"border-collapse: collapse; width: 100%;\" border=\"1\">\n<tbody>\n<tr>\n<td style=\"width: 33.3333%;\"><a href=\"\/wp-content\/uploads\/2018\/06\/4kt_echbeavant_grand.jpg\"><img loading=\"lazy\" decoding=\"async\" class=\"alignnone size-full wp-image-29736\" src=\"https:\/\/csc-sarl.ch\/wp-content\/uploads\/2018\/06\/4kt_echbeavant_petit.jpg\" alt=\"\" width=\"243\" height=\"142\" \/><\/a><\/td>\n<td style=\"width: 33.3333%;\"><a href=\"\/wp-content\/uploads\/2018\/06\/4kt_moistechsecs_grand.jpg\"><img loading=\"lazy\" decoding=\"async\" class=\"alignnone size-full wp-image-29737\" src=\"https:\/\/csc-sarl.ch\/wp-content\/uploads\/2018\/06\/4kt_moistechsecs_petit.jpg\" alt=\"\" width=\"214\" height=\"142\" \/><\/a><\/td>\n<td style=\"width: 33.3333%;\"><a href=\"\/wp-content\/uploads\/2018\/06\/4kt_consolidation_grand.jpg\"><img loading=\"lazy\" decoding=\"async\" class=\"alignnone size-full wp-image-29738\" src=\"https:\/\/csc-sarl.ch\/wp-content\/uploads\/2018\/06\/4kt_consolidation_petit.jpg\" alt=\"\" width=\"120\" height=\"142\" \/><\/a><\/td>\n<\/tr>\n<tr>\n<td style=\"width: 33.3333%;\"><a href=\"\/wp-content\/uploads\/2018\/06\/4kt_pdtimbibition_grand.jpg\"><img loading=\"lazy\" decoding=\"async\" class=\"alignnone size-full wp-image-29739\" src=\"https:\/\/csc-sarl.ch\/wp-content\/uploads\/2018\/06\/4kt_pdtimbibition_petit.jpg\" alt=\"\" width=\"191\" height=\"142\" \/><\/a><\/td>\n<td style=\"width: 33.3333%;\"><img loading=\"lazy\" decoding=\"async\" class=\"alignnone size-full wp-image-29740\" src=\"https:\/\/csc-sarl.ch\/wp-content\/uploads\/2018\/06\/4ktmoistpdtconsolidation_petit.jpg\" alt=\"\" width=\"195\" height=\"142\" \/><\/td>\n<td style=\"width: 33.3333%;\"><a href=\"\/wp-content\/uploads\/2018\/06\/4ktechbsmaapr_s_grand.jpg\"><img loading=\"lazy\" decoding=\"async\" class=\"alignnone size-full wp-image-29741\" src=\"https:\/\/csc-sarl.ch\/wp-content\/uploads\/2018\/06\/4ktechbsmaapr_s_petit.jpg\" alt=\"\" width=\"264\" height=\"135\" \/><\/a><\/td>\n<\/tr>\n<tr>\n<td style=\"width: 33.3333%;\"><a href=\"\/wp-content\/uploads\/2018\/06\/4kt_echbeapr_s_grand.jpg\"><img loading=\"lazy\" decoding=\"async\" class=\"alignnone size-full wp-image-29742\" src=\"https:\/\/csc-sarl.ch\/wp-content\/uploads\/2018\/06\/4kt_echbeapr_s_petit.jpg\" alt=\"\" width=\"249\" height=\"135\" \/><\/a><\/td>\n<td style=\"width: 33.3333%;\"><a href=\"\/wp-content\/uploads\/2018\/06\/4kt_echvdapr_s_grand.jpg\"><img loading=\"lazy\" decoding=\"async\" class=\"alignnone size-full wp-image-29743\" src=\"https:\/\/csc-sarl.ch\/wp-content\/uploads\/2018\/06\/4kt_echvdapr_s_petit.jpg\" alt=\"\" width=\"226\" height=\"135\" \/><\/a><\/td>\n<td style=\"width: 33.3333%;\"><a href=\"\/wp-content\/uploads\/2018\/06\/4kt_echfrapr_s_grand.jpg\"><img loading=\"lazy\" decoding=\"async\" class=\"alignnone size-full wp-image-29744\" src=\"https:\/\/csc-sarl.ch\/wp-content\/uploads\/2018\/06\/4kt_echfrapr_s_petit.jpg\" alt=\"\" width=\"249\" height=\"135\" \/><\/a><\/td>\n<\/tr>\n<\/tbody>\n<\/table>\n<p>&nbsp;<\/p>\n","protected":false},"excerpt":{"rendered":"<p>2007 &#8211; 2009: Wir haben ein Forschungs- und Entwicklungsprojekt zum Thema Kontrolle und \u00dcberwachung von Festigungsbehandlungen f\u00fcr die M\u00fcnster von Basel, Bern, Fribourg und Lausanne abgeschlossen. Dabei pr\u00fcften wir f\u00fcr diese vier Institutionen, die mit der Problematik der Konsolidierung verschiedener Sandsteine konfrontiert sind, die Entwicklung von Methoden zur In-situ-Messung, zur einfachen Anpassung der Festigungen an &hellip; <a href=\"https:\/\/conservation-science.ch\/?page_id=39753&#038;lang=de\" class=\"more-link\">Continuer la lecture de <span class=\"screen-reader-text\">Nachkontrolle von Festigung<\/span><\/a><\/p>\n","protected":false},"author":4,"featured_media":0,"parent":39749,"menu_order":1,"comment_status":"closed","ping_status":"closed","template":"","meta":{"footnotes":""},"class_list":["post-39753","page","type-page","status-publish","hentry"],"yoast_head":"<!-- This site is optimized with the Yoast SEO plugin v27.2 - https:\/\/yoast.com\/product\/yoast-seo-wordpress\/ -->\n<title>Nachkontrolle von Festigung - Bl\u00e4uer - Conservation - Science<\/title>\n<meta name=\"robots\" content=\"index, follow, max-snippet:-1, max-image-preview:large, max-video-preview:-1\" \/>\n<link rel=\"canonical\" href=\"https:\/\/conservation-science.ch\/?page_id=39753&lang=de\" \/>\n<meta property=\"og:locale\" content=\"fr_FR\" \/>\n<meta property=\"og:type\" content=\"article\" \/>\n<meta property=\"og:title\" content=\"Nachkontrolle von Festigung - Bl\u00e4uer - Conservation - Science\" \/>\n<meta property=\"og:description\" content=\"2007 &#8211; 2009: Wir haben ein Forschungs- und Entwicklungsprojekt zum Thema Kontrolle und \u00dcberwachung von Festigungsbehandlungen f\u00fcr die M\u00fcnster von Basel, Bern, Fribourg und Lausanne abgeschlossen. Dabei pr\u00fcften wir f\u00fcr diese vier Institutionen, die mit der Problematik der Konsolidierung verschiedener Sandsteine konfrontiert sind, die Entwicklung von Methoden zur In-situ-Messung, zur einfachen Anpassung der Festigungen an &hellip; Continuer la lecture de Nachkontrolle von Festigung\" \/>\n<meta property=\"og:url\" content=\"https:\/\/conservation-science.ch\/?page_id=39753&amp;lang=de\" \/>\n<meta property=\"og:site_name\" content=\"Bl\u00e4uer - Conservation - Science\" \/>\n<meta property=\"article:modified_time\" content=\"2024-11-16T20:24:55+00:00\" \/>\n<meta property=\"og:image\" content=\"https:\/\/csc-sarl.ch\/wp-content\/uploads\/2018\/06\/4kt_echbeavant_petit.jpg\" \/>\n<meta name=\"twitter:card\" content=\"summary_large_image\" \/>\n<meta name=\"twitter:label1\" content=\"Dur\u00e9e de lecture estim\u00e9e\" \/>\n\t<meta name=\"twitter:data1\" content=\"3 minutes\" \/>\n<script type=\"application\/ld+json\" class=\"yoast-schema-graph\">{\"@context\":\"https:\/\/schema.org\",\"@graph\":[{\"@type\":\"WebPage\",\"@id\":\"https:\/\/conservation-science.ch\/?page_id=39753&lang=de\",\"url\":\"https:\/\/conservation-science.ch\/?page_id=39753&lang=de\",\"name\":\"Nachkontrolle von Festigung - Bl\u00e4uer - Conservation - Science\",\"isPartOf\":{\"@id\":\"https:\/\/conservation-science.ch\/#website\"},\"primaryImageOfPage\":{\"@id\":\"https:\/\/conservation-science.ch\/?page_id=39753&lang=de#primaryimage\"},\"image\":{\"@id\":\"https:\/\/conservation-science.ch\/?page_id=39753&lang=de#primaryimage\"},\"thumbnailUrl\":\"https:\/\/csc-sarl.ch\/wp-content\/uploads\/2018\/06\/4kt_echbeavant_petit.jpg\",\"datePublished\":\"2024-09-05T08:31:13+00:00\",\"dateModified\":\"2024-11-16T20:24:55+00:00\",\"breadcrumb\":{\"@id\":\"https:\/\/conservation-science.ch\/?page_id=39753&lang=de#breadcrumb\"},\"inLanguage\":\"fr-FR\",\"potentialAction\":[{\"@type\":\"ReadAction\",\"target\":[\"https:\/\/conservation-science.ch\/?page_id=39753&lang=de\"]}]},{\"@type\":\"ImageObject\",\"inLanguage\":\"fr-FR\",\"@id\":\"https:\/\/conservation-science.ch\/?page_id=39753&lang=de#primaryimage\",\"url\":\"https:\/\/csc-sarl.ch\/wp-content\/uploads\/2018\/06\/4kt_echbeavant_petit.jpg\",\"contentUrl\":\"https:\/\/csc-sarl.ch\/wp-content\/uploads\/2018\/06\/4kt_echbeavant_petit.jpg\"},{\"@type\":\"BreadcrumbList\",\"@id\":\"https:\/\/conservation-science.ch\/?page_id=39753&lang=de#breadcrumb\",\"itemListElement\":[{\"@type\":\"ListItem\",\"position\":1,\"name\":\"Accueil\",\"item\":\"https:\/\/conservation-science.ch\/\"},{\"@type\":\"ListItem\",\"position\":2,\"name\":\"Aktivit\u00e4ten\",\"item\":\"https:\/\/conservation-science.ch\/?page_id=39637&lang=de\"},{\"@type\":\"ListItem\",\"position\":3,\"name\":\"Angewandte Forschung\",\"item\":\"https:\/\/conservation-science.ch\/?page_id=39749&lang=de\"},{\"@type\":\"ListItem\",\"position\":4,\"name\":\"Nachkontrolle von Festigung\"}]},{\"@type\":\"WebSite\",\"@id\":\"https:\/\/conservation-science.ch\/#website\",\"url\":\"https:\/\/conservation-science.ch\/\",\"name\":\"CSC - Conservation - Sciences\",\"description\":\"Transmission de connaissances dans le domaine des sciences de la conservation du patrimoine b\u00e2ti\",\"potentialAction\":[{\"@type\":\"SearchAction\",\"target\":{\"@type\":\"EntryPoint\",\"urlTemplate\":\"https:\/\/conservation-science.ch\/?s={search_term_string}\"},\"query-input\":{\"@type\":\"PropertyValueSpecification\",\"valueRequired\":true,\"valueName\":\"search_term_string\"}}],\"inLanguage\":\"fr-FR\"}]}<\/script>\n<!-- \/ Yoast SEO plugin. -->","yoast_head_json":{"title":"Nachkontrolle von Festigung - Bl\u00e4uer - Conservation - Science","robots":{"index":"index","follow":"follow","max-snippet":"max-snippet:-1","max-image-preview":"max-image-preview:large","max-video-preview":"max-video-preview:-1"},"canonical":"https:\/\/conservation-science.ch\/?page_id=39753&lang=de","og_locale":"fr_FR","og_type":"article","og_title":"Nachkontrolle von Festigung - Bl\u00e4uer - Conservation - Science","og_description":"2007 &#8211; 2009: Wir haben ein Forschungs- und Entwicklungsprojekt zum Thema Kontrolle und \u00dcberwachung von Festigungsbehandlungen f\u00fcr die M\u00fcnster von Basel, Bern, Fribourg und Lausanne abgeschlossen. Dabei pr\u00fcften wir f\u00fcr diese vier Institutionen, die mit der Problematik der Konsolidierung verschiedener Sandsteine konfrontiert sind, die Entwicklung von Methoden zur In-situ-Messung, zur einfachen Anpassung der Festigungen an &hellip; Continuer la lecture de Nachkontrolle von Festigung","og_url":"https:\/\/conservation-science.ch\/?page_id=39753&lang=de","og_site_name":"Bl\u00e4uer - Conservation - Science","article_modified_time":"2024-11-16T20:24:55+00:00","og_image":[{"url":"https:\/\/csc-sarl.ch\/wp-content\/uploads\/2018\/06\/4kt_echbeavant_petit.jpg","type":"","width":"","height":""}],"twitter_card":"summary_large_image","twitter_misc":{"Dur\u00e9e de lecture estim\u00e9e":"3 minutes"},"schema":{"@context":"https:\/\/schema.org","@graph":[{"@type":"WebPage","@id":"https:\/\/conservation-science.ch\/?page_id=39753&lang=de","url":"https:\/\/conservation-science.ch\/?page_id=39753&lang=de","name":"Nachkontrolle von Festigung - Bl\u00e4uer - Conservation - Science","isPartOf":{"@id":"https:\/\/conservation-science.ch\/#website"},"primaryImageOfPage":{"@id":"https:\/\/conservation-science.ch\/?page_id=39753&lang=de#primaryimage"},"image":{"@id":"https:\/\/conservation-science.ch\/?page_id=39753&lang=de#primaryimage"},"thumbnailUrl":"https:\/\/csc-sarl.ch\/wp-content\/uploads\/2018\/06\/4kt_echbeavant_petit.jpg","datePublished":"2024-09-05T08:31:13+00:00","dateModified":"2024-11-16T20:24:55+00:00","breadcrumb":{"@id":"https:\/\/conservation-science.ch\/?page_id=39753&lang=de#breadcrumb"},"inLanguage":"fr-FR","potentialAction":[{"@type":"ReadAction","target":["https:\/\/conservation-science.ch\/?page_id=39753&lang=de"]}]},{"@type":"ImageObject","inLanguage":"fr-FR","@id":"https:\/\/conservation-science.ch\/?page_id=39753&lang=de#primaryimage","url":"https:\/\/csc-sarl.ch\/wp-content\/uploads\/2018\/06\/4kt_echbeavant_petit.jpg","contentUrl":"https:\/\/csc-sarl.ch\/wp-content\/uploads\/2018\/06\/4kt_echbeavant_petit.jpg"},{"@type":"BreadcrumbList","@id":"https:\/\/conservation-science.ch\/?page_id=39753&lang=de#breadcrumb","itemListElement":[{"@type":"ListItem","position":1,"name":"Accueil","item":"https:\/\/conservation-science.ch\/"},{"@type":"ListItem","position":2,"name":"Aktivit\u00e4ten","item":"https:\/\/conservation-science.ch\/?page_id=39637&lang=de"},{"@type":"ListItem","position":3,"name":"Angewandte Forschung","item":"https:\/\/conservation-science.ch\/?page_id=39749&lang=de"},{"@type":"ListItem","position":4,"name":"Nachkontrolle von Festigung"}]},{"@type":"WebSite","@id":"https:\/\/conservation-science.ch\/#website","url":"https:\/\/conservation-science.ch\/","name":"CSC - Conservation - Sciences","description":"Transmission de connaissances dans le domaine des sciences de la conservation du patrimoine b\u00e2ti","potentialAction":[{"@type":"SearchAction","target":{"@type":"EntryPoint","urlTemplate":"https:\/\/conservation-science.ch\/?s={search_term_string}"},"query-input":{"@type":"PropertyValueSpecification","valueRequired":true,"valueName":"search_term_string"}}],"inLanguage":"fr-FR"}]}},"_links":{"self":[{"href":"https:\/\/conservation-science.ch\/index.php?rest_route=\/wp\/v2\/pages\/39753","targetHints":{"allow":["GET"]}}],"collection":[{"href":"https:\/\/conservation-science.ch\/index.php?rest_route=\/wp\/v2\/pages"}],"about":[{"href":"https:\/\/conservation-science.ch\/index.php?rest_route=\/wp\/v2\/types\/page"}],"author":[{"embeddable":true,"href":"https:\/\/conservation-science.ch\/index.php?rest_route=\/wp\/v2\/users\/4"}],"replies":[{"embeddable":true,"href":"https:\/\/conservation-science.ch\/index.php?rest_route=%2Fwp%2Fv2%2Fcomments&post=39753"}],"version-history":[{"count":3,"href":"https:\/\/conservation-science.ch\/index.php?rest_route=\/wp\/v2\/pages\/39753\/revisions"}],"predecessor-version":[{"id":40489,"href":"https:\/\/conservation-science.ch\/index.php?rest_route=\/wp\/v2\/pages\/39753\/revisions\/40489"}],"up":[{"embeddable":true,"href":"https:\/\/conservation-science.ch\/index.php?rest_route=\/wp\/v2\/pages\/39749"}],"wp:attachment":[{"href":"https:\/\/conservation-science.ch\/index.php?rest_route=%2Fwp%2Fv2%2Fmedia&parent=39753"}],"curies":[{"name":"wp","href":"https:\/\/api.w.org\/{rel}","templated":true}]}}