{"id":39749,"date":"2024-09-05T10:29:22","date_gmt":"2024-09-05T08:29:22","guid":{"rendered":"https:\/\/conservation-science.ch\/?page_id=39749"},"modified":"2024-11-16T21:20:25","modified_gmt":"2024-11-16T20:20:25","slug":"angewandte-forschung","status":"publish","type":"page","link":"https:\/\/conservation-science.ch\/?page_id=39749&lang=de","title":{"rendered":"Angewandte Forschung"},"content":{"rendered":"<p style=\"text-align: justify;\">In der Regel interessieren wir uns f\u00fcr petrophysikalische Vorg\u00e4nge (Benetzbarkeit, Kapillarit\u00e4t, Trocknung, Dampfdiffusion), welche bei der Konservierung von Steinen und M\u00f6rteln eine Rolle spielen oder bei ihrer Verwitterung ablaufen (<a href=\"\/de\/publikationen\/\">siehe Publikationen<\/a>).<\/p>\n<table class=\"style1\" border=\"0\" width=\"555\" align=\"center\">\n<tbody>\n<tr>\n<td><strong>\u00a02011<\/strong><\/td>\n<\/tr>\n<tr>\n<td>\n<ul>\n<li style=\"text-align: justify;\"><a href=\"\/de\/aktivitaeten\/angewandte-forschung\/feuchte-flecken\/\">Feuchte Flecken<\/a>: Fallstudien in Fribourg und experimenteller Ansatz; Matthew Fuscien Praktikum (Denkmalpflege MAS &#8211; Master Advanced Study &#8211; , UNIGE)<\/li>\n<\/ul>\n<\/td>\n<\/tr>\n<tr>\n<td><strong>2007-2009<\/strong><\/td>\n<\/tr>\n<tr>\n<td>\n<ul>\n<li style=\"text-align: justify;\"><a href=\"\/de\/aktivitaeten\/angewandte-forschung\/nachkontrolle-von-festigung\/\">Nachkontrolle von Festigungsmassnahmen<\/a>; Projekt f\u00fcr die M\u00fcnster von Basel und Bern, und die Kathedralen von Fribourg und Lausanne<\/li>\n<\/ul>\n<\/td>\n<\/tr>\n<\/tbody>\n<\/table>\n","protected":false},"excerpt":{"rendered":"<p>In der Regel interessieren wir uns f\u00fcr petrophysikalische Vorg\u00e4nge (Benetzbarkeit, Kapillarit\u00e4t, Trocknung, Dampfdiffusion), welche bei der Konservierung von Steinen und M\u00f6rteln eine Rolle spielen oder bei ihrer Verwitterung ablaufen (siehe Publikationen). \u00a02011 Feuchte Flecken: Fallstudien in Fribourg und experimenteller Ansatz; Matthew Fuscien Praktikum (Denkmalpflege MAS &#8211; Master Advanced Study &#8211; , UNIGE) 2007-2009 Nachkontrolle von &hellip; <a href=\"https:\/\/conservation-science.ch\/?page_id=39749&#038;lang=de\" class=\"more-link\">Continuer la lecture de <span class=\"screen-reader-text\">Angewandte Forschung<\/span><\/a><\/p>\n","protected":false},"author":4,"featured_media":0,"parent":39637,"menu_order":3,"comment_status":"closed","ping_status":"closed","template":"","meta":{"footnotes":""},"class_list":["post-39749","page","type-page","status-publish","hentry"],"yoast_head":"<!-- This site is optimized with the Yoast SEO plugin v27.2 - https:\/\/yoast.com\/product\/yoast-seo-wordpress\/ -->\n<title>Angewandte Forschung - Bl\u00e4uer - Conservation - Science<\/title>\n<meta name=\"robots\" content=\"index, follow, max-snippet:-1, max-image-preview:large, max-video-preview:-1\" \/>\n<link rel=\"canonical\" href=\"https:\/\/conservation-science.ch\/?page_id=39749&lang=de\" \/>\n<meta property=\"og:locale\" content=\"fr_FR\" \/>\n<meta property=\"og:type\" content=\"article\" \/>\n<meta property=\"og:title\" content=\"Angewandte Forschung - Bl\u00e4uer - Conservation - Science\" \/>\n<meta property=\"og:description\" content=\"In der Regel interessieren wir uns f\u00fcr petrophysikalische Vorg\u00e4nge (Benetzbarkeit, Kapillarit\u00e4t, Trocknung, Dampfdiffusion), welche bei der Konservierung von Steinen und M\u00f6rteln eine Rolle spielen oder bei ihrer Verwitterung ablaufen (siehe Publikationen). \u00a02011 Feuchte Flecken: Fallstudien in Fribourg und experimenteller Ansatz; Matthew Fuscien Praktikum (Denkmalpflege MAS &#8211; Master Advanced Study &#8211; , UNIGE) 2007-2009 Nachkontrolle von &hellip; Continuer la lecture de Angewandte Forschung\" \/>\n<meta property=\"og:url\" content=\"https:\/\/conservation-science.ch\/?page_id=39749&amp;lang=de\" \/>\n<meta property=\"og:site_name\" content=\"Bl\u00e4uer - Conservation - Science\" \/>\n<meta property=\"article:modified_time\" content=\"2024-11-16T20:20:25+00:00\" \/>\n<meta name=\"twitter:card\" content=\"summary_large_image\" \/>\n<meta name=\"twitter:label1\" content=\"Dur\u00e9e de lecture estim\u00e9e\" \/>\n\t<meta name=\"twitter:data1\" content=\"1 minute\" \/>\n<script type=\"application\/ld+json\" class=\"yoast-schema-graph\">{\"@context\":\"https:\/\/schema.org\",\"@graph\":[{\"@type\":\"WebPage\",\"@id\":\"https:\/\/conservation-science.ch\/?page_id=39749&lang=de\",\"url\":\"https:\/\/conservation-science.ch\/?page_id=39749&lang=de\",\"name\":\"Angewandte Forschung - Bl\u00e4uer - Conservation - Science\",\"isPartOf\":{\"@id\":\"https:\/\/conservation-science.ch\/#website\"},\"datePublished\":\"2024-09-05T08:29:22+00:00\",\"dateModified\":\"2024-11-16T20:20:25+00:00\",\"breadcrumb\":{\"@id\":\"https:\/\/conservation-science.ch\/?page_id=39749&lang=de#breadcrumb\"},\"inLanguage\":\"fr-FR\",\"potentialAction\":[{\"@type\":\"ReadAction\",\"target\":[\"https:\/\/conservation-science.ch\/?page_id=39749&lang=de\"]}]},{\"@type\":\"BreadcrumbList\",\"@id\":\"https:\/\/conservation-science.ch\/?page_id=39749&lang=de#breadcrumb\",\"itemListElement\":[{\"@type\":\"ListItem\",\"position\":1,\"name\":\"Accueil\",\"item\":\"https:\/\/conservation-science.ch\/\"},{\"@type\":\"ListItem\",\"position\":2,\"name\":\"Aktivit\u00e4ten\",\"item\":\"https:\/\/conservation-science.ch\/?page_id=39637&lang=de\"},{\"@type\":\"ListItem\",\"position\":3,\"name\":\"Angewandte Forschung\"}]},{\"@type\":\"WebSite\",\"@id\":\"https:\/\/conservation-science.ch\/#website\",\"url\":\"https:\/\/conservation-science.ch\/\",\"name\":\"CSC - Conservation - Sciences\",\"description\":\"Transmission de connaissances dans le domaine des sciences de la conservation du patrimoine b\u00e2ti\",\"potentialAction\":[{\"@type\":\"SearchAction\",\"target\":{\"@type\":\"EntryPoint\",\"urlTemplate\":\"https:\/\/conservation-science.ch\/?s={search_term_string}\"},\"query-input\":{\"@type\":\"PropertyValueSpecification\",\"valueRequired\":true,\"valueName\":\"search_term_string\"}}],\"inLanguage\":\"fr-FR\"}]}<\/script>\n<!-- \/ Yoast SEO plugin. -->","yoast_head_json":{"title":"Angewandte Forschung - Bl\u00e4uer - Conservation - Science","robots":{"index":"index","follow":"follow","max-snippet":"max-snippet:-1","max-image-preview":"max-image-preview:large","max-video-preview":"max-video-preview:-1"},"canonical":"https:\/\/conservation-science.ch\/?page_id=39749&lang=de","og_locale":"fr_FR","og_type":"article","og_title":"Angewandte Forschung - Bl\u00e4uer - Conservation - Science","og_description":"In der Regel interessieren wir uns f\u00fcr petrophysikalische Vorg\u00e4nge (Benetzbarkeit, Kapillarit\u00e4t, Trocknung, Dampfdiffusion), welche bei der Konservierung von Steinen und M\u00f6rteln eine Rolle spielen oder bei ihrer Verwitterung ablaufen (siehe Publikationen). \u00a02011 Feuchte Flecken: Fallstudien in Fribourg und experimenteller Ansatz; Matthew Fuscien Praktikum (Denkmalpflege MAS &#8211; Master Advanced Study &#8211; , UNIGE) 2007-2009 Nachkontrolle von &hellip; Continuer la lecture de Angewandte Forschung","og_url":"https:\/\/conservation-science.ch\/?page_id=39749&lang=de","og_site_name":"Bl\u00e4uer - Conservation - Science","article_modified_time":"2024-11-16T20:20:25+00:00","twitter_card":"summary_large_image","twitter_misc":{"Dur\u00e9e de lecture estim\u00e9e":"1 minute"},"schema":{"@context":"https:\/\/schema.org","@graph":[{"@type":"WebPage","@id":"https:\/\/conservation-science.ch\/?page_id=39749&lang=de","url":"https:\/\/conservation-science.ch\/?page_id=39749&lang=de","name":"Angewandte Forschung - Bl\u00e4uer - Conservation - Science","isPartOf":{"@id":"https:\/\/conservation-science.ch\/#website"},"datePublished":"2024-09-05T08:29:22+00:00","dateModified":"2024-11-16T20:20:25+00:00","breadcrumb":{"@id":"https:\/\/conservation-science.ch\/?page_id=39749&lang=de#breadcrumb"},"inLanguage":"fr-FR","potentialAction":[{"@type":"ReadAction","target":["https:\/\/conservation-science.ch\/?page_id=39749&lang=de"]}]},{"@type":"BreadcrumbList","@id":"https:\/\/conservation-science.ch\/?page_id=39749&lang=de#breadcrumb","itemListElement":[{"@type":"ListItem","position":1,"name":"Accueil","item":"https:\/\/conservation-science.ch\/"},{"@type":"ListItem","position":2,"name":"Aktivit\u00e4ten","item":"https:\/\/conservation-science.ch\/?page_id=39637&lang=de"},{"@type":"ListItem","position":3,"name":"Angewandte Forschung"}]},{"@type":"WebSite","@id":"https:\/\/conservation-science.ch\/#website","url":"https:\/\/conservation-science.ch\/","name":"CSC - Conservation - Sciences","description":"Transmission de connaissances dans le domaine des sciences de la conservation du patrimoine b\u00e2ti","potentialAction":[{"@type":"SearchAction","target":{"@type":"EntryPoint","urlTemplate":"https:\/\/conservation-science.ch\/?s={search_term_string}"},"query-input":{"@type":"PropertyValueSpecification","valueRequired":true,"valueName":"search_term_string"}}],"inLanguage":"fr-FR"}]}},"_links":{"self":[{"href":"https:\/\/conservation-science.ch\/index.php?rest_route=\/wp\/v2\/pages\/39749","targetHints":{"allow":["GET"]}}],"collection":[{"href":"https:\/\/conservation-science.ch\/index.php?rest_route=\/wp\/v2\/pages"}],"about":[{"href":"https:\/\/conservation-science.ch\/index.php?rest_route=\/wp\/v2\/types\/page"}],"author":[{"embeddable":true,"href":"https:\/\/conservation-science.ch\/index.php?rest_route=\/wp\/v2\/users\/4"}],"replies":[{"embeddable":true,"href":"https:\/\/conservation-science.ch\/index.php?rest_route=%2Fwp%2Fv2%2Fcomments&post=39749"}],"version-history":[{"count":3,"href":"https:\/\/conservation-science.ch\/index.php?rest_route=\/wp\/v2\/pages\/39749\/revisions"}],"predecessor-version":[{"id":40483,"href":"https:\/\/conservation-science.ch\/index.php?rest_route=\/wp\/v2\/pages\/39749\/revisions\/40483"}],"up":[{"embeddable":true,"href":"https:\/\/conservation-science.ch\/index.php?rest_route=\/wp\/v2\/pages\/39637"}],"wp:attachment":[{"href":"https:\/\/conservation-science.ch\/index.php?rest_route=%2Fwp%2Fv2%2Fmedia&parent=39749"}],"curies":[{"name":"wp","href":"https:\/\/api.w.org\/{rel}","templated":true}]}}