{"id":39741,"date":"2024-09-05T10:22:51","date_gmt":"2024-09-05T08:22:51","guid":{"rendered":"https:\/\/conservation-science.ch\/?page_id=39741"},"modified":"2024-11-16T20:22:22","modified_gmt":"2024-11-16T19:22:22","slug":"unsere-methoden","status":"publish","type":"page","link":"https:\/\/conservation-science.ch\/?page_id=39741&lang=de","title":{"rendered":"Unsere Methoden"},"content":{"rendered":"\r\n<h5 class=\"wp-block-heading\">Beobachtung<\/h5>\r\n\r\n\r\n\r\n<ul class=\"wp-block-list\">\r\n<li>Beobachtung<\/li>\r\n<li>Einfache Feldtests<\/li>\r\n<li>Mobile R\u00f6ntgenfluoreszenzanalyse (XRF)<\/li>\r\n<\/ul>\r\n\r\n\r\n\r\n<h5 class=\"wp-block-heading\">LAborMethoden<\/h5>\r\n\r\n\r\n\r\n<ul class=\"wp-block-list\">\r\n<li>Lichtmikroskopie<\/li>\r\n<li><a href=\"\/de\/aktivitaeten\/unsere-methoden\/infrarotspektroskopie-ftir\/\">Infrarotspektroskopie (FTIR Spektroskopie)<\/a><\/li>\r\n<li>Mikrochemie<\/li>\r\n<li>Petrophysikalische Analysen (Porosit\u00e4t, Kapillarit\u00e4t, Trocknungsgeschwindigkeit)<\/li>\r\n<li>Analyse bausch\u00e4dlicher Salze (qualitativ und quantitativ)<\/li>\r\n<\/ul>","protected":false},"excerpt":{"rendered":"<p>Beobachtung Beobachtung Einfache Feldtests Mobile R\u00f6ntgenfluoreszenzanalyse (XRF) LAborMethoden Lichtmikroskopie Infrarotspektroskopie (FTIR Spektroskopie) Mikrochemie Petrophysikalische Analysen (Porosit\u00e4t, Kapillarit\u00e4t, Trocknungsgeschwindigkeit) Analyse bausch\u00e4dlicher Salze (qualitativ und quantitativ)<\/p>\n","protected":false},"author":4,"featured_media":0,"parent":39637,"menu_order":2,"comment_status":"closed","ping_status":"closed","template":"","meta":{"footnotes":""},"class_list":["post-39741","page","type-page","status-publish","hentry"],"yoast_head":"<!-- This site is optimized with the Yoast SEO plugin v27.2 - https:\/\/yoast.com\/product\/yoast-seo-wordpress\/ -->\n<title>Unsere Methoden - Bl\u00e4uer - Conservation - Science<\/title>\n<meta name=\"robots\" content=\"index, follow, max-snippet:-1, max-image-preview:large, max-video-preview:-1\" \/>\n<link rel=\"canonical\" href=\"https:\/\/conservation-science.ch\/?page_id=39741&lang=de\" \/>\n<meta property=\"og:locale\" content=\"fr_FR\" \/>\n<meta property=\"og:type\" content=\"article\" \/>\n<meta property=\"og:title\" content=\"Unsere Methoden - Bl\u00e4uer - Conservation - Science\" \/>\n<meta property=\"og:description\" content=\"Beobachtung Beobachtung Einfache Feldtests Mobile R\u00f6ntgenfluoreszenzanalyse (XRF) LAborMethoden Lichtmikroskopie Infrarotspektroskopie (FTIR Spektroskopie) Mikrochemie Petrophysikalische Analysen (Porosit\u00e4t, Kapillarit\u00e4t, Trocknungsgeschwindigkeit) Analyse bausch\u00e4dlicher Salze (qualitativ und quantitativ)\" \/>\n<meta property=\"og:url\" content=\"https:\/\/conservation-science.ch\/?page_id=39741&amp;lang=de\" \/>\n<meta property=\"og:site_name\" content=\"Bl\u00e4uer - Conservation - Science\" \/>\n<meta property=\"article:modified_time\" content=\"2024-11-16T19:22:22+00:00\" \/>\n<meta name=\"twitter:card\" content=\"summary_large_image\" \/>\n<meta name=\"twitter:label1\" content=\"Dur\u00e9e de lecture estim\u00e9e\" \/>\n\t<meta name=\"twitter:data1\" content=\"1 minute\" \/>\n<script type=\"application\/ld+json\" class=\"yoast-schema-graph\">{\"@context\":\"https:\/\/schema.org\",\"@graph\":[{\"@type\":\"WebPage\",\"@id\":\"https:\/\/conservation-science.ch\/?page_id=39741&lang=de\",\"url\":\"https:\/\/conservation-science.ch\/?page_id=39741&lang=de\",\"name\":\"Unsere Methoden - Bl\u00e4uer - Conservation - Science\",\"isPartOf\":{\"@id\":\"https:\/\/conservation-science.ch\/#website\"},\"datePublished\":\"2024-09-05T08:22:51+00:00\",\"dateModified\":\"2024-11-16T19:22:22+00:00\",\"breadcrumb\":{\"@id\":\"https:\/\/conservation-science.ch\/?page_id=39741&lang=de#breadcrumb\"},\"inLanguage\":\"fr-FR\",\"potentialAction\":[{\"@type\":\"ReadAction\",\"target\":[\"https:\/\/conservation-science.ch\/?page_id=39741&lang=de\"]}]},{\"@type\":\"BreadcrumbList\",\"@id\":\"https:\/\/conservation-science.ch\/?page_id=39741&lang=de#breadcrumb\",\"itemListElement\":[{\"@type\":\"ListItem\",\"position\":1,\"name\":\"Accueil\",\"item\":\"https:\/\/conservation-science.ch\/\"},{\"@type\":\"ListItem\",\"position\":2,\"name\":\"Aktivit\u00e4ten\",\"item\":\"https:\/\/conservation-science.ch\/?page_id=39637&lang=de\"},{\"@type\":\"ListItem\",\"position\":3,\"name\":\"Unsere Methoden\"}]},{\"@type\":\"WebSite\",\"@id\":\"https:\/\/conservation-science.ch\/#website\",\"url\":\"https:\/\/conservation-science.ch\/\",\"name\":\"CSC - Conservation - Sciences\",\"description\":\"Transmission de connaissances dans le domaine des sciences de la conservation du patrimoine b\u00e2ti\",\"potentialAction\":[{\"@type\":\"SearchAction\",\"target\":{\"@type\":\"EntryPoint\",\"urlTemplate\":\"https:\/\/conservation-science.ch\/?s={search_term_string}\"},\"query-input\":{\"@type\":\"PropertyValueSpecification\",\"valueRequired\":true,\"valueName\":\"search_term_string\"}}],\"inLanguage\":\"fr-FR\"}]}<\/script>\n<!-- \/ Yoast SEO plugin. -->","yoast_head_json":{"title":"Unsere Methoden - Bl\u00e4uer - Conservation - Science","robots":{"index":"index","follow":"follow","max-snippet":"max-snippet:-1","max-image-preview":"max-image-preview:large","max-video-preview":"max-video-preview:-1"},"canonical":"https:\/\/conservation-science.ch\/?page_id=39741&lang=de","og_locale":"fr_FR","og_type":"article","og_title":"Unsere Methoden - Bl\u00e4uer - Conservation - Science","og_description":"Beobachtung Beobachtung Einfache Feldtests Mobile R\u00f6ntgenfluoreszenzanalyse (XRF) LAborMethoden Lichtmikroskopie Infrarotspektroskopie (FTIR Spektroskopie) Mikrochemie Petrophysikalische Analysen (Porosit\u00e4t, Kapillarit\u00e4t, Trocknungsgeschwindigkeit) Analyse bausch\u00e4dlicher Salze (qualitativ und quantitativ)","og_url":"https:\/\/conservation-science.ch\/?page_id=39741&lang=de","og_site_name":"Bl\u00e4uer - Conservation - Science","article_modified_time":"2024-11-16T19:22:22+00:00","twitter_card":"summary_large_image","twitter_misc":{"Dur\u00e9e de lecture estim\u00e9e":"1 minute"},"schema":{"@context":"https:\/\/schema.org","@graph":[{"@type":"WebPage","@id":"https:\/\/conservation-science.ch\/?page_id=39741&lang=de","url":"https:\/\/conservation-science.ch\/?page_id=39741&lang=de","name":"Unsere Methoden - Bl\u00e4uer - Conservation - Science","isPartOf":{"@id":"https:\/\/conservation-science.ch\/#website"},"datePublished":"2024-09-05T08:22:51+00:00","dateModified":"2024-11-16T19:22:22+00:00","breadcrumb":{"@id":"https:\/\/conservation-science.ch\/?page_id=39741&lang=de#breadcrumb"},"inLanguage":"fr-FR","potentialAction":[{"@type":"ReadAction","target":["https:\/\/conservation-science.ch\/?page_id=39741&lang=de"]}]},{"@type":"BreadcrumbList","@id":"https:\/\/conservation-science.ch\/?page_id=39741&lang=de#breadcrumb","itemListElement":[{"@type":"ListItem","position":1,"name":"Accueil","item":"https:\/\/conservation-science.ch\/"},{"@type":"ListItem","position":2,"name":"Aktivit\u00e4ten","item":"https:\/\/conservation-science.ch\/?page_id=39637&lang=de"},{"@type":"ListItem","position":3,"name":"Unsere Methoden"}]},{"@type":"WebSite","@id":"https:\/\/conservation-science.ch\/#website","url":"https:\/\/conservation-science.ch\/","name":"CSC - Conservation - Sciences","description":"Transmission de connaissances dans le domaine des sciences de la conservation du patrimoine b\u00e2ti","potentialAction":[{"@type":"SearchAction","target":{"@type":"EntryPoint","urlTemplate":"https:\/\/conservation-science.ch\/?s={search_term_string}"},"query-input":{"@type":"PropertyValueSpecification","valueRequired":true,"valueName":"search_term_string"}}],"inLanguage":"fr-FR"}]}},"_links":{"self":[{"href":"https:\/\/conservation-science.ch\/index.php?rest_route=\/wp\/v2\/pages\/39741","targetHints":{"allow":["GET"]}}],"collection":[{"href":"https:\/\/conservation-science.ch\/index.php?rest_route=\/wp\/v2\/pages"}],"about":[{"href":"https:\/\/conservation-science.ch\/index.php?rest_route=\/wp\/v2\/types\/page"}],"author":[{"embeddable":true,"href":"https:\/\/conservation-science.ch\/index.php?rest_route=\/wp\/v2\/users\/4"}],"replies":[{"embeddable":true,"href":"https:\/\/conservation-science.ch\/index.php?rest_route=%2Fwp%2Fv2%2Fcomments&post=39741"}],"version-history":[{"count":2,"href":"https:\/\/conservation-science.ch\/index.php?rest_route=\/wp\/v2\/pages\/39741\/revisions"}],"predecessor-version":[{"id":40449,"href":"https:\/\/conservation-science.ch\/index.php?rest_route=\/wp\/v2\/pages\/39741\/revisions\/40449"}],"up":[{"embeddable":true,"href":"https:\/\/conservation-science.ch\/index.php?rest_route=\/wp\/v2\/pages\/39637"}],"wp:attachment":[{"href":"https:\/\/conservation-science.ch\/index.php?rest_route=%2Fwp%2Fv2%2Fmedia&parent=39741"}],"curies":[{"name":"wp","href":"https:\/\/api.w.org\/{rel}","templated":true}]}}