{"id":39732,"date":"2024-09-05T10:18:59","date_gmt":"2024-09-05T08:18:59","guid":{"rendered":"https:\/\/conservation-science.ch\/?page_id=39732"},"modified":"2024-09-05T10:18:59","modified_gmt":"2024-09-05T08:18:59","slug":"petrophysik-von-baustoffen","status":"publish","type":"page","link":"https:\/\/conservation-science.ch\/?page_id=39732&lang=de","title":{"rendered":"Petrophysik von Baustoffen"},"content":{"rendered":"<p style=\"text-align: justify;\">Kursleiterinnen: Dr. Bl\u00e4uer Christine, Dr. Rousset B\u00e9n\u00e9dicte<br \/>\nBlockkurs in\u00a0 Archaeometrie: 26-27 April 2007.<br \/>\nZielpublikum: Fortgeschrittene Studierende oder andere interessierte Personen<br \/>\nKurssprache: Englisch\/Franz\u00f6sisch<\/p>\n<p style=\"text-align: justify;\"><strong>Petrophysik von Baustoffen &#8211; Zusammenfassung<\/strong><br \/>\nDie petrophysikalischen Eigenschaften der por\u00f6sen Baumaterialien bestimmen ihre F\u00e4higkeit Wasser in fl\u00fcssigem oder gasf\u00f6rmigem Zustand mit ihrer Umgebung auszutauschen. Deshalb spielen, abgesehen von den Umgebungsbedingungen, die petrophysikalischen Eigenschaften eine sehr wichtige Rolle f\u00fcr die Haltbarkeit der Materialien, f\u00fcr die Verwitterungsformen die sie ausbilden sowie f\u00fcr die Auswirkung von Konservierungsmitteln und Methoden, welche an ihnen verwendet werden.<br \/>\nNach einer Auffrischung der Theorie, schlagen wir in diesem Kurs vor, die Ein- und Auswirkungen der Petrophysik im Beriech der Konservierung von por\u00f6sen Baustoffen, mittels praktischen Kursen im Kurslokal gefolgt von Beobachtungen von konkreten F\u00e4llen an Objekten der Stadt Freiburg zu erlernen.<\/p>\n","protected":false},"excerpt":{"rendered":"<p>Kursleiterinnen: Dr. Bl\u00e4uer Christine, Dr. Rousset B\u00e9n\u00e9dicte Blockkurs in\u00a0 Archaeometrie: 26-27 April 2007. Zielpublikum: Fortgeschrittene Studierende oder andere interessierte Personen Kurssprache: Englisch\/Franz\u00f6sisch Petrophysik von Baustoffen &#8211; Zusammenfassung Die petrophysikalischen Eigenschaften der por\u00f6sen Baumaterialien bestimmen ihre F\u00e4higkeit Wasser in fl\u00fcssigem oder gasf\u00f6rmigem Zustand mit ihrer Umgebung auszutauschen. Deshalb spielen, abgesehen von den Umgebungsbedingungen, die petrophysikalischen Eigenschaften &hellip; <a href=\"https:\/\/conservation-science.ch\/?page_id=39732&#038;lang=de\" class=\"more-link\">Continuer la lecture de <span class=\"screen-reader-text\">Petrophysik von Baustoffen<\/span><\/a><\/p>\n","protected":false},"author":4,"featured_media":0,"parent":39680,"menu_order":3,"comment_status":"closed","ping_status":"closed","template":"","meta":{"footnotes":""},"class_list":["post-39732","page","type-page","status-publish","hentry"],"yoast_head":"<!-- This site is optimized with the Yoast SEO plugin v27.2 - https:\/\/yoast.com\/product\/yoast-seo-wordpress\/ -->\n<title>Petrophysik von Baustoffen - Bl\u00e4uer - Conservation - Science<\/title>\n<meta name=\"robots\" content=\"index, follow, max-snippet:-1, max-image-preview:large, max-video-preview:-1\" \/>\n<link rel=\"canonical\" href=\"https:\/\/conservation-science.ch\/?page_id=39732&lang=de\" \/>\n<meta property=\"og:locale\" content=\"fr_FR\" \/>\n<meta property=\"og:type\" content=\"article\" \/>\n<meta property=\"og:title\" content=\"Petrophysik von Baustoffen - Bl\u00e4uer - Conservation - Science\" \/>\n<meta property=\"og:description\" content=\"Kursleiterinnen: Dr. Bl\u00e4uer Christine, Dr. Rousset B\u00e9n\u00e9dicte Blockkurs in\u00a0 Archaeometrie: 26-27 April 2007. Zielpublikum: Fortgeschrittene Studierende oder andere interessierte Personen Kurssprache: Englisch\/Franz\u00f6sisch Petrophysik von Baustoffen &#8211; Zusammenfassung Die petrophysikalischen Eigenschaften der por\u00f6sen Baumaterialien bestimmen ihre F\u00e4higkeit Wasser in fl\u00fcssigem oder gasf\u00f6rmigem Zustand mit ihrer Umgebung auszutauschen. Deshalb spielen, abgesehen von den Umgebungsbedingungen, die petrophysikalischen Eigenschaften &hellip; Continuer la lecture de Petrophysik von Baustoffen\" \/>\n<meta property=\"og:url\" content=\"https:\/\/conservation-science.ch\/?page_id=39732&amp;lang=de\" \/>\n<meta property=\"og:site_name\" content=\"Bl\u00e4uer - Conservation - Science\" \/>\n<meta name=\"twitter:card\" content=\"summary_large_image\" \/>\n<script type=\"application\/ld+json\" class=\"yoast-schema-graph\">{\"@context\":\"https:\/\/schema.org\",\"@graph\":[{\"@type\":\"WebPage\",\"@id\":\"https:\/\/conservation-science.ch\/?page_id=39732&lang=de\",\"url\":\"https:\/\/conservation-science.ch\/?page_id=39732&lang=de\",\"name\":\"Petrophysik von Baustoffen - Bl\u00e4uer - Conservation - Science\",\"isPartOf\":{\"@id\":\"https:\/\/conservation-science.ch\/#website\"},\"datePublished\":\"2024-09-05T08:18:59+00:00\",\"breadcrumb\":{\"@id\":\"https:\/\/conservation-science.ch\/?page_id=39732&lang=de#breadcrumb\"},\"inLanguage\":\"fr-FR\",\"potentialAction\":[{\"@type\":\"ReadAction\",\"target\":[\"https:\/\/conservation-science.ch\/?page_id=39732&lang=de\"]}]},{\"@type\":\"BreadcrumbList\",\"@id\":\"https:\/\/conservation-science.ch\/?page_id=39732&lang=de#breadcrumb\",\"itemListElement\":[{\"@type\":\"ListItem\",\"position\":1,\"name\":\"Accueil\",\"item\":\"https:\/\/conservation-science.ch\/\"},{\"@type\":\"ListItem\",\"position\":2,\"name\":\"Aktivit\u00e4ten\",\"item\":\"https:\/\/conservation-science.ch\/?page_id=39637&lang=de\"},{\"@type\":\"ListItem\",\"position\":3,\"name\":\"Lehre und Ausbildung\",\"item\":\"https:\/\/conservation-science.ch\/?page_id=39680&lang=de\"},{\"@type\":\"ListItem\",\"position\":4,\"name\":\"Petrophysik von Baustoffen\"}]},{\"@type\":\"WebSite\",\"@id\":\"https:\/\/conservation-science.ch\/#website\",\"url\":\"https:\/\/conservation-science.ch\/\",\"name\":\"CSC - Conservation - Sciences\",\"description\":\"Transmission de connaissances dans le domaine des sciences de la conservation du patrimoine b\u00e2ti\",\"potentialAction\":[{\"@type\":\"SearchAction\",\"target\":{\"@type\":\"EntryPoint\",\"urlTemplate\":\"https:\/\/conservation-science.ch\/?s={search_term_string}\"},\"query-input\":{\"@type\":\"PropertyValueSpecification\",\"valueRequired\":true,\"valueName\":\"search_term_string\"}}],\"inLanguage\":\"fr-FR\"}]}<\/script>\n<!-- \/ Yoast SEO plugin. -->","yoast_head_json":{"title":"Petrophysik von Baustoffen - Bl\u00e4uer - Conservation - Science","robots":{"index":"index","follow":"follow","max-snippet":"max-snippet:-1","max-image-preview":"max-image-preview:large","max-video-preview":"max-video-preview:-1"},"canonical":"https:\/\/conservation-science.ch\/?page_id=39732&lang=de","og_locale":"fr_FR","og_type":"article","og_title":"Petrophysik von Baustoffen - Bl\u00e4uer - Conservation - Science","og_description":"Kursleiterinnen: Dr. Bl\u00e4uer Christine, Dr. Rousset B\u00e9n\u00e9dicte Blockkurs in\u00a0 Archaeometrie: 26-27 April 2007. Zielpublikum: Fortgeschrittene Studierende oder andere interessierte Personen Kurssprache: Englisch\/Franz\u00f6sisch Petrophysik von Baustoffen &#8211; Zusammenfassung Die petrophysikalischen Eigenschaften der por\u00f6sen Baumaterialien bestimmen ihre F\u00e4higkeit Wasser in fl\u00fcssigem oder gasf\u00f6rmigem Zustand mit ihrer Umgebung auszutauschen. Deshalb spielen, abgesehen von den Umgebungsbedingungen, die petrophysikalischen Eigenschaften &hellip; Continuer la lecture de Petrophysik von Baustoffen","og_url":"https:\/\/conservation-science.ch\/?page_id=39732&lang=de","og_site_name":"Bl\u00e4uer - Conservation - Science","twitter_card":"summary_large_image","schema":{"@context":"https:\/\/schema.org","@graph":[{"@type":"WebPage","@id":"https:\/\/conservation-science.ch\/?page_id=39732&lang=de","url":"https:\/\/conservation-science.ch\/?page_id=39732&lang=de","name":"Petrophysik von Baustoffen - Bl\u00e4uer - Conservation - Science","isPartOf":{"@id":"https:\/\/conservation-science.ch\/#website"},"datePublished":"2024-09-05T08:18:59+00:00","breadcrumb":{"@id":"https:\/\/conservation-science.ch\/?page_id=39732&lang=de#breadcrumb"},"inLanguage":"fr-FR","potentialAction":[{"@type":"ReadAction","target":["https:\/\/conservation-science.ch\/?page_id=39732&lang=de"]}]},{"@type":"BreadcrumbList","@id":"https:\/\/conservation-science.ch\/?page_id=39732&lang=de#breadcrumb","itemListElement":[{"@type":"ListItem","position":1,"name":"Accueil","item":"https:\/\/conservation-science.ch\/"},{"@type":"ListItem","position":2,"name":"Aktivit\u00e4ten","item":"https:\/\/conservation-science.ch\/?page_id=39637&lang=de"},{"@type":"ListItem","position":3,"name":"Lehre und Ausbildung","item":"https:\/\/conservation-science.ch\/?page_id=39680&lang=de"},{"@type":"ListItem","position":4,"name":"Petrophysik von Baustoffen"}]},{"@type":"WebSite","@id":"https:\/\/conservation-science.ch\/#website","url":"https:\/\/conservation-science.ch\/","name":"CSC - Conservation - Sciences","description":"Transmission de connaissances dans le domaine des sciences de la conservation du patrimoine b\u00e2ti","potentialAction":[{"@type":"SearchAction","target":{"@type":"EntryPoint","urlTemplate":"https:\/\/conservation-science.ch\/?s={search_term_string}"},"query-input":{"@type":"PropertyValueSpecification","valueRequired":true,"valueName":"search_term_string"}}],"inLanguage":"fr-FR"}]}},"_links":{"self":[{"href":"https:\/\/conservation-science.ch\/index.php?rest_route=\/wp\/v2\/pages\/39732","targetHints":{"allow":["GET"]}}],"collection":[{"href":"https:\/\/conservation-science.ch\/index.php?rest_route=\/wp\/v2\/pages"}],"about":[{"href":"https:\/\/conservation-science.ch\/index.php?rest_route=\/wp\/v2\/types\/page"}],"author":[{"embeddable":true,"href":"https:\/\/conservation-science.ch\/index.php?rest_route=\/wp\/v2\/users\/4"}],"replies":[{"embeddable":true,"href":"https:\/\/conservation-science.ch\/index.php?rest_route=%2Fwp%2Fv2%2Fcomments&post=39732"}],"version-history":[{"count":1,"href":"https:\/\/conservation-science.ch\/index.php?rest_route=\/wp\/v2\/pages\/39732\/revisions"}],"predecessor-version":[{"id":39734,"href":"https:\/\/conservation-science.ch\/index.php?rest_route=\/wp\/v2\/pages\/39732\/revisions\/39734"}],"up":[{"embeddable":true,"href":"https:\/\/conservation-science.ch\/index.php?rest_route=\/wp\/v2\/pages\/39680"}],"wp:attachment":[{"href":"https:\/\/conservation-science.ch\/index.php?rest_route=%2Fwp%2Fv2%2Fmedia&parent=39732"}],"curies":[{"name":"wp","href":"https:\/\/api.w.org\/{rel}","templated":true}]}}