{"id":39719,"date":"2024-09-05T10:14:17","date_gmt":"2024-09-05T08:14:17","guid":{"rendered":"https:\/\/conservation-science.ch\/?page_id=39719"},"modified":"2024-11-16T21:13:31","modified_gmt":"2024-11-16T20:13:31","slug":"stones-and-mortars","status":"publish","type":"page","link":"https:\/\/conservation-science.ch\/?page_id=39719&lang=en","title":{"rendered":"Stones and Mortars"},"content":{"rendered":"<p style=\"text-align: justify;\">Nachdiplomstudiengang Denkmalpflege und Umnutzung;\u00a0<strong>Modul D5 Steine und M\u00f6rtel<\/strong>; Berner Fachhochschule Hochschule f\u00fcr Architektur, Bau und Holz HSB; Burgdorf, Biel<br \/>\n<a href=\"https:\/\/www.ahb.bfh.ch\/de\/home\/bfh-ahb\/events\/detailview\/news\/detail\/News\/modul-steine-und-moertel-d5.html\" target=\"_blank\" rel=\"noopener\">Link for inscription details<\/a><\/p>\n<p><strong>Aim of Modul D5; Steine und M\u00f6rtel<\/strong>:<br \/>\nRecognise the relationships and interdependences between properties of the materials, their exposition to the environment, their deterioration forms and possibilities to conserve them.<\/p>\n<p>Please see <a href=\"\/activites\/enseignement-et-formations\/pierres-et-mortiers\/\">French<\/a> or <a href=\"\/de\/aktivitaeten\/lehre-und-ausbildung\/steine-und-moertel\/\">German<\/a> versions for more detail.<\/p>\n","protected":false},"excerpt":{"rendered":"<p>Nachdiplomstudiengang Denkmalpflege und Umnutzung;\u00a0Modul D5 Steine und M\u00f6rtel; Berner Fachhochschule Hochschule f\u00fcr Architektur, Bau und Holz HSB; Burgdorf, Biel Link for inscription details Aim of Modul D5; Steine und M\u00f6rtel: Recognise the relationships and interdependences between properties of the materials, their exposition to the environment, their deterioration forms and possibilities to conserve them. Please see &hellip; <a href=\"https:\/\/conservation-science.ch\/?page_id=39719&#038;lang=en\" class=\"more-link\">Continuer la lecture de <span class=\"screen-reader-text\">Stones and Mortars<\/span><\/a><\/p>\n","protected":false},"author":4,"featured_media":0,"parent":39681,"menu_order":2,"comment_status":"closed","ping_status":"closed","template":"","meta":{"footnotes":""},"class_list":["post-39719","page","type-page","status-publish","hentry"],"yoast_head":"<!-- This site is optimized with the Yoast SEO plugin v27.2 - https:\/\/yoast.com\/product\/yoast-seo-wordpress\/ -->\n<title>Stones and Mortars - Bl\u00e4uer - Conservation - Science<\/title>\n<meta name=\"robots\" content=\"index, follow, max-snippet:-1, max-image-preview:large, max-video-preview:-1\" \/>\n<link rel=\"canonical\" href=\"https:\/\/conservation-science.ch\/?page_id=39719&lang=en\" \/>\n<meta property=\"og:locale\" content=\"fr_FR\" \/>\n<meta property=\"og:type\" content=\"article\" \/>\n<meta property=\"og:title\" content=\"Stones and Mortars - Bl\u00e4uer - Conservation - Science\" \/>\n<meta property=\"og:description\" content=\"Nachdiplomstudiengang Denkmalpflege und Umnutzung;\u00a0Modul D5 Steine und M\u00f6rtel; Berner Fachhochschule Hochschule f\u00fcr Architektur, Bau und Holz HSB; Burgdorf, Biel Link for inscription details Aim of Modul D5; Steine und M\u00f6rtel: Recognise the relationships and interdependences between properties of the materials, their exposition to the environment, their deterioration forms and possibilities to conserve them. Please see &hellip; Continuer la lecture de Stones and Mortars\" \/>\n<meta property=\"og:url\" content=\"https:\/\/conservation-science.ch\/?page_id=39719&amp;lang=en\" \/>\n<meta property=\"og:site_name\" content=\"Bl\u00e4uer - Conservation - Science\" \/>\n<meta property=\"article:modified_time\" content=\"2024-11-16T20:13:31+00:00\" \/>\n<meta name=\"twitter:card\" content=\"summary_large_image\" \/>\n<meta name=\"twitter:label1\" content=\"Dur\u00e9e de lecture estim\u00e9e\" \/>\n\t<meta name=\"twitter:data1\" content=\"1 minute\" \/>\n<script type=\"application\/ld+json\" class=\"yoast-schema-graph\">{\"@context\":\"https:\/\/schema.org\",\"@graph\":[{\"@type\":\"WebPage\",\"@id\":\"https:\/\/conservation-science.ch\/?page_id=39719&lang=en\",\"url\":\"https:\/\/conservation-science.ch\/?page_id=39719&lang=en\",\"name\":\"Stones and Mortars - Bl\u00e4uer - Conservation - Science\",\"isPartOf\":{\"@id\":\"https:\/\/conservation-science.ch\/#website\"},\"datePublished\":\"2024-09-05T08:14:17+00:00\",\"dateModified\":\"2024-11-16T20:13:31+00:00\",\"breadcrumb\":{\"@id\":\"https:\/\/conservation-science.ch\/?page_id=39719&lang=en#breadcrumb\"},\"inLanguage\":\"fr-FR\",\"potentialAction\":[{\"@type\":\"ReadAction\",\"target\":[\"https:\/\/conservation-science.ch\/?page_id=39719&lang=en\"]}]},{\"@type\":\"BreadcrumbList\",\"@id\":\"https:\/\/conservation-science.ch\/?page_id=39719&lang=en#breadcrumb\",\"itemListElement\":[{\"@type\":\"ListItem\",\"position\":1,\"name\":\"Accueil\",\"item\":\"https:\/\/conservation-science.ch\/\"},{\"@type\":\"ListItem\",\"position\":2,\"name\":\"Activity\",\"item\":\"https:\/\/conservation-science.ch\/?page_id=39638&lang=en\"},{\"@type\":\"ListItem\",\"position\":3,\"name\":\"Teaching &#038; training\",\"item\":\"https:\/\/conservation-science.ch\/?page_id=39681&lang=en\"},{\"@type\":\"ListItem\",\"position\":4,\"name\":\"Stones and Mortars\"}]},{\"@type\":\"WebSite\",\"@id\":\"https:\/\/conservation-science.ch\/#website\",\"url\":\"https:\/\/conservation-science.ch\/\",\"name\":\"CSC - Conservation - Sciences\",\"description\":\"Transmission de connaissances dans le domaine des sciences de la conservation du patrimoine b\u00e2ti\",\"potentialAction\":[{\"@type\":\"SearchAction\",\"target\":{\"@type\":\"EntryPoint\",\"urlTemplate\":\"https:\/\/conservation-science.ch\/?s={search_term_string}\"},\"query-input\":{\"@type\":\"PropertyValueSpecification\",\"valueRequired\":true,\"valueName\":\"search_term_string\"}}],\"inLanguage\":\"fr-FR\"}]}<\/script>\n<!-- \/ Yoast SEO plugin. -->","yoast_head_json":{"title":"Stones and Mortars - Bl\u00e4uer - Conservation - Science","robots":{"index":"index","follow":"follow","max-snippet":"max-snippet:-1","max-image-preview":"max-image-preview:large","max-video-preview":"max-video-preview:-1"},"canonical":"https:\/\/conservation-science.ch\/?page_id=39719&lang=en","og_locale":"fr_FR","og_type":"article","og_title":"Stones and Mortars - Bl\u00e4uer - Conservation - Science","og_description":"Nachdiplomstudiengang Denkmalpflege und Umnutzung;\u00a0Modul D5 Steine und M\u00f6rtel; Berner Fachhochschule Hochschule f\u00fcr Architektur, Bau und Holz HSB; Burgdorf, Biel Link for inscription details Aim of Modul D5; Steine und M\u00f6rtel: Recognise the relationships and interdependences between properties of the materials, their exposition to the environment, their deterioration forms and possibilities to conserve them. Please see &hellip; Continuer la lecture de Stones and Mortars","og_url":"https:\/\/conservation-science.ch\/?page_id=39719&lang=en","og_site_name":"Bl\u00e4uer - Conservation - Science","article_modified_time":"2024-11-16T20:13:31+00:00","twitter_card":"summary_large_image","twitter_misc":{"Dur\u00e9e de lecture estim\u00e9e":"1 minute"},"schema":{"@context":"https:\/\/schema.org","@graph":[{"@type":"WebPage","@id":"https:\/\/conservation-science.ch\/?page_id=39719&lang=en","url":"https:\/\/conservation-science.ch\/?page_id=39719&lang=en","name":"Stones and Mortars - Bl\u00e4uer - Conservation - Science","isPartOf":{"@id":"https:\/\/conservation-science.ch\/#website"},"datePublished":"2024-09-05T08:14:17+00:00","dateModified":"2024-11-16T20:13:31+00:00","breadcrumb":{"@id":"https:\/\/conservation-science.ch\/?page_id=39719&lang=en#breadcrumb"},"inLanguage":"fr-FR","potentialAction":[{"@type":"ReadAction","target":["https:\/\/conservation-science.ch\/?page_id=39719&lang=en"]}]},{"@type":"BreadcrumbList","@id":"https:\/\/conservation-science.ch\/?page_id=39719&lang=en#breadcrumb","itemListElement":[{"@type":"ListItem","position":1,"name":"Accueil","item":"https:\/\/conservation-science.ch\/"},{"@type":"ListItem","position":2,"name":"Activity","item":"https:\/\/conservation-science.ch\/?page_id=39638&lang=en"},{"@type":"ListItem","position":3,"name":"Teaching &#038; training","item":"https:\/\/conservation-science.ch\/?page_id=39681&lang=en"},{"@type":"ListItem","position":4,"name":"Stones and Mortars"}]},{"@type":"WebSite","@id":"https:\/\/conservation-science.ch\/#website","url":"https:\/\/conservation-science.ch\/","name":"CSC - Conservation - Sciences","description":"Transmission de connaissances dans le domaine des sciences de la conservation du patrimoine b\u00e2ti","potentialAction":[{"@type":"SearchAction","target":{"@type":"EntryPoint","urlTemplate":"https:\/\/conservation-science.ch\/?s={search_term_string}"},"query-input":{"@type":"PropertyValueSpecification","valueRequired":true,"valueName":"search_term_string"}}],"inLanguage":"fr-FR"}]}},"_links":{"self":[{"href":"https:\/\/conservation-science.ch\/index.php?rest_route=\/wp\/v2\/pages\/39719","targetHints":{"allow":["GET"]}}],"collection":[{"href":"https:\/\/conservation-science.ch\/index.php?rest_route=\/wp\/v2\/pages"}],"about":[{"href":"https:\/\/conservation-science.ch\/index.php?rest_route=\/wp\/v2\/types\/page"}],"author":[{"embeddable":true,"href":"https:\/\/conservation-science.ch\/index.php?rest_route=\/wp\/v2\/users\/4"}],"replies":[{"embeddable":true,"href":"https:\/\/conservation-science.ch\/index.php?rest_route=%2Fwp%2Fv2%2Fcomments&post=39719"}],"version-history":[{"count":3,"href":"https:\/\/conservation-science.ch\/index.php?rest_route=\/wp\/v2\/pages\/39719\/revisions"}],"predecessor-version":[{"id":40479,"href":"https:\/\/conservation-science.ch\/index.php?rest_route=\/wp\/v2\/pages\/39719\/revisions\/40479"}],"up":[{"embeddable":true,"href":"https:\/\/conservation-science.ch\/index.php?rest_route=\/wp\/v2\/pages\/39681"}],"wp:attachment":[{"href":"https:\/\/conservation-science.ch\/index.php?rest_route=%2Fwp%2Fv2%2Fmedia&parent=39719"}],"curies":[{"name":"wp","href":"https:\/\/api.w.org\/{rel}","templated":true}]}}