{"id":39718,"date":"2024-09-05T10:13:51","date_gmt":"2024-09-05T08:13:51","guid":{"rendered":"https:\/\/conservation-science.ch\/?page_id=39718"},"modified":"2024-11-16T21:12:19","modified_gmt":"2024-11-16T20:12:19","slug":"steine-und-moertel","status":"publish","type":"page","link":"https:\/\/conservation-science.ch\/?page_id=39718&lang=de","title":{"rendered":"Steine und M\u00f6rtel"},"content":{"rendered":"<p style=\"text-align: justify;\">Nachdiplomstudiengang Denkmalpflege und Umnutzung;\u00a0<strong>Modul D5 Steine und M\u00f6rtel<\/strong>; Berner Fachhochschule Hochschule f\u00fcr Architektur, Bau und Holz HSB; Burgdorf, Biel<br \/>\n<a href=\"https:\/\/www.ahb.bfh.ch\/de\/home\/bfh-ahb\/events\/detailview\/news\/detail\/News\/modul-steine-und-moertel-d5.html\" target=\"_blank\" rel=\"noopener\">Details dazu<\/a><\/p>\n<p style=\"text-align: justify;\"><strong>Lernziel Modul D5; Steine und M\u00f6rtel<\/strong>:<br \/>\nErkennen der Zusammenh\u00e4nge und Abh\u00e4ngigkeiten zwischen Materialeigenschaften, Exposition, Verwitterungsformen und Konservierungsm\u00f6glichkeiten.<\/p>\n<p>&nbsp;<\/p>\n<p><strong>Details:<\/strong><\/p>\n<p><a href=\"\/de\/aktivitaeten\/lehre-und-ausbildung\/steine-und-moertel\/2014-steine-und-moertel\/\">2014<\/a><\/p>\n<p><a href=\"\/de\/aktivitaeten\/lehre-und-ausbildung\/steine-und-moertel\/2011-steine-und-moertel\/\">2011<\/a><\/p>\n<p><a href=\"\/de\/aktivitaeten\/lehre-und-ausbildung\/steine-und-moertel\/2008-steine-und-moertel\/\">2008<\/a><\/p>\n<p>&nbsp;<\/p>\n<p><strong>Lerninhalt:<\/strong><br \/>\nEs werden drei generelle Fragestellungen angegangen:<\/p>\n<p style=\"text-align: justify;\"><em>1. Wie, wo und warum verwittern Steine und M\u00f6rtel?<\/em><br \/>\nDie Verwitterung von Baustoffen ist material- und\/oder expositionsabh\u00e4ngig. Die Zusammenh\u00e4nge zwischen Materialeigenschaften (Porosit\u00e4t, chemische Zusammensetzung, etc.), Exposition (Beregnung, unvertr\u00e4gliche Nachbarmaterialien, etc.) und Verwitterungsformen werden anhand von praktischen \u00dcbungen erarbeitet.<\/p>\n<p style=\"text-align: justify;\"><em>2.Welche Steine und M\u00f6rtel wurden im Laufe der Zeit an Bauten verwendet?<\/em><br \/>\nDas Verhalten eines M\u00f6rtels oder Putzes am Bau oder bez\u00fcglich Konservierungsm\u00f6glichkeiten wird bestimmt von seiner Zusammensetzung (Bindemittel, Zuschlag) und der Art wie er bearbeitet wurde (Brennen, L\u00f6schen, Mischen, etc.). Besprochen werden die verschiedenen M\u00f6rtelbindemittel (Kalk, Dolomit, Gips, hydraulische und latent hydraulische) und Zuschlagstoffe (Sand, Bims, Stroh, etc.), sowie die Zusammenh\u00e4nge zwischen der Verarbeitung und den Eigenschaften der erh\u00e4rteten M\u00f6rtel.<br \/>\nDie h\u00e4ufigsten an Bauten verwendeten Gesteine (Kalksteine, Marmore, Sandsteine, Granite, Gneise, Schiefer) werden vorgestellt (Chemische Zusammensetzung, physikalische Eigenschaften, Art und Ort der Verwendung, etc.), wobei der Schwerpunkt auf Fragen der Verwitterungsbest\u00e4ndigkeit und Konservierbarkeit der verschiedenen Gesteinstypen liegt.<br \/>\nEine Exkursion bietet Gelegenheit die verschiedenen Baumaterialien am Objekt zu beobachten, sowie typische Schadensituationen und Konservierungen zu zeigen.<\/p>\n<p style=\"text-align: justify;\"><em>3. Wie k\u00f6nnen Steine und M\u00f6rtel vor der Verwitterung gesch\u00fctzt oder konserviert\/restauriert werden?<\/em><br \/>\nHier geht es vor allem darum zu erfassen, bei welchen Materialien welche Konservierungsmethoden erfolgversprechend sein k\u00f6nnen. Es sollen und k\u00f6nnen im Kurs nicht alle Konservierungsmethoden zu Sprache kommen, aber die grunds\u00e4tzlichen Prinzipien auf denen die meisten Methoden basieren werden diskutiert.<\/p>\n","protected":false},"excerpt":{"rendered":"<p>Nachdiplomstudiengang Denkmalpflege und Umnutzung;\u00a0Modul D5 Steine und M\u00f6rtel; Berner Fachhochschule Hochschule f\u00fcr Architektur, Bau und Holz HSB; Burgdorf, Biel Details dazu Lernziel Modul D5; Steine und M\u00f6rtel: Erkennen der Zusammenh\u00e4nge und Abh\u00e4ngigkeiten zwischen Materialeigenschaften, Exposition, Verwitterungsformen und Konservierungsm\u00f6glichkeiten. &nbsp; Details: 2014 2011 2008 &nbsp; Lerninhalt: Es werden drei generelle Fragestellungen angegangen: 1. Wie, wo und &hellip; <a href=\"https:\/\/conservation-science.ch\/?page_id=39718&#038;lang=de\" class=\"more-link\">Continuer la lecture de <span class=\"screen-reader-text\">Steine und M\u00f6rtel<\/span><\/a><\/p>\n","protected":false},"author":4,"featured_media":0,"parent":39680,"menu_order":2,"comment_status":"closed","ping_status":"closed","template":"","meta":{"footnotes":""},"class_list":["post-39718","page","type-page","status-publish","hentry"],"yoast_head":"<!-- This site is optimized with the Yoast SEO plugin v27.2 - https:\/\/yoast.com\/product\/yoast-seo-wordpress\/ -->\n<title>Steine und M\u00f6rtel - Bl\u00e4uer - Conservation - Science<\/title>\n<meta name=\"robots\" content=\"index, follow, max-snippet:-1, max-image-preview:large, max-video-preview:-1\" \/>\n<link rel=\"canonical\" href=\"https:\/\/conservation-science.ch\/?page_id=39718&lang=de\" \/>\n<meta property=\"og:locale\" content=\"fr_FR\" \/>\n<meta property=\"og:type\" content=\"article\" \/>\n<meta property=\"og:title\" content=\"Steine und M\u00f6rtel - Bl\u00e4uer - Conservation - Science\" \/>\n<meta property=\"og:description\" content=\"Nachdiplomstudiengang Denkmalpflege und Umnutzung;\u00a0Modul D5 Steine und M\u00f6rtel; Berner Fachhochschule Hochschule f\u00fcr Architektur, Bau und Holz HSB; Burgdorf, Biel Details dazu Lernziel Modul D5; Steine und M\u00f6rtel: Erkennen der Zusammenh\u00e4nge und Abh\u00e4ngigkeiten zwischen Materialeigenschaften, Exposition, Verwitterungsformen und Konservierungsm\u00f6glichkeiten. &nbsp; Details: 2014 2011 2008 &nbsp; Lerninhalt: Es werden drei generelle Fragestellungen angegangen: 1. Wie, wo und &hellip; Continuer la lecture de Steine und M\u00f6rtel\" \/>\n<meta property=\"og:url\" content=\"https:\/\/conservation-science.ch\/?page_id=39718&amp;lang=de\" \/>\n<meta property=\"og:site_name\" content=\"Bl\u00e4uer - Conservation - Science\" \/>\n<meta property=\"article:modified_time\" content=\"2024-11-16T20:12:19+00:00\" \/>\n<meta name=\"twitter:card\" content=\"summary_large_image\" \/>\n<meta name=\"twitter:label1\" content=\"Dur\u00e9e de lecture estim\u00e9e\" \/>\n\t<meta name=\"twitter:data1\" content=\"2 minutes\" \/>\n<script type=\"application\/ld+json\" class=\"yoast-schema-graph\">{\"@context\":\"https:\/\/schema.org\",\"@graph\":[{\"@type\":\"WebPage\",\"@id\":\"https:\/\/conservation-science.ch\/?page_id=39718&lang=de\",\"url\":\"https:\/\/conservation-science.ch\/?page_id=39718&lang=de\",\"name\":\"Steine und M\u00f6rtel - Bl\u00e4uer - Conservation - Science\",\"isPartOf\":{\"@id\":\"https:\/\/conservation-science.ch\/#website\"},\"datePublished\":\"2024-09-05T08:13:51+00:00\",\"dateModified\":\"2024-11-16T20:12:19+00:00\",\"breadcrumb\":{\"@id\":\"https:\/\/conservation-science.ch\/?page_id=39718&lang=de#breadcrumb\"},\"inLanguage\":\"fr-FR\",\"potentialAction\":[{\"@type\":\"ReadAction\",\"target\":[\"https:\/\/conservation-science.ch\/?page_id=39718&lang=de\"]}]},{\"@type\":\"BreadcrumbList\",\"@id\":\"https:\/\/conservation-science.ch\/?page_id=39718&lang=de#breadcrumb\",\"itemListElement\":[{\"@type\":\"ListItem\",\"position\":1,\"name\":\"Accueil\",\"item\":\"https:\/\/conservation-science.ch\/\"},{\"@type\":\"ListItem\",\"position\":2,\"name\":\"Aktivit\u00e4ten\",\"item\":\"https:\/\/conservation-science.ch\/?page_id=39637&lang=de\"},{\"@type\":\"ListItem\",\"position\":3,\"name\":\"Lehre und Ausbildung\",\"item\":\"https:\/\/conservation-science.ch\/?page_id=39680&lang=de\"},{\"@type\":\"ListItem\",\"position\":4,\"name\":\"Steine und M\u00f6rtel\"}]},{\"@type\":\"WebSite\",\"@id\":\"https:\/\/conservation-science.ch\/#website\",\"url\":\"https:\/\/conservation-science.ch\/\",\"name\":\"CSC - Conservation - Sciences\",\"description\":\"Transmission de connaissances dans le domaine des sciences de la conservation du patrimoine b\u00e2ti\",\"potentialAction\":[{\"@type\":\"SearchAction\",\"target\":{\"@type\":\"EntryPoint\",\"urlTemplate\":\"https:\/\/conservation-science.ch\/?s={search_term_string}\"},\"query-input\":{\"@type\":\"PropertyValueSpecification\",\"valueRequired\":true,\"valueName\":\"search_term_string\"}}],\"inLanguage\":\"fr-FR\"}]}<\/script>\n<!-- \/ Yoast SEO plugin. -->","yoast_head_json":{"title":"Steine und M\u00f6rtel - Bl\u00e4uer - Conservation - Science","robots":{"index":"index","follow":"follow","max-snippet":"max-snippet:-1","max-image-preview":"max-image-preview:large","max-video-preview":"max-video-preview:-1"},"canonical":"https:\/\/conservation-science.ch\/?page_id=39718&lang=de","og_locale":"fr_FR","og_type":"article","og_title":"Steine und M\u00f6rtel - Bl\u00e4uer - Conservation - Science","og_description":"Nachdiplomstudiengang Denkmalpflege und Umnutzung;\u00a0Modul D5 Steine und M\u00f6rtel; Berner Fachhochschule Hochschule f\u00fcr Architektur, Bau und Holz HSB; Burgdorf, Biel Details dazu Lernziel Modul D5; Steine und M\u00f6rtel: Erkennen der Zusammenh\u00e4nge und Abh\u00e4ngigkeiten zwischen Materialeigenschaften, Exposition, Verwitterungsformen und Konservierungsm\u00f6glichkeiten. &nbsp; Details: 2014 2011 2008 &nbsp; Lerninhalt: Es werden drei generelle Fragestellungen angegangen: 1. Wie, wo und &hellip; Continuer la lecture de Steine und M\u00f6rtel","og_url":"https:\/\/conservation-science.ch\/?page_id=39718&lang=de","og_site_name":"Bl\u00e4uer - Conservation - Science","article_modified_time":"2024-11-16T20:12:19+00:00","twitter_card":"summary_large_image","twitter_misc":{"Dur\u00e9e de lecture estim\u00e9e":"2 minutes"},"schema":{"@context":"https:\/\/schema.org","@graph":[{"@type":"WebPage","@id":"https:\/\/conservation-science.ch\/?page_id=39718&lang=de","url":"https:\/\/conservation-science.ch\/?page_id=39718&lang=de","name":"Steine und M\u00f6rtel - Bl\u00e4uer - Conservation - Science","isPartOf":{"@id":"https:\/\/conservation-science.ch\/#website"},"datePublished":"2024-09-05T08:13:51+00:00","dateModified":"2024-11-16T20:12:19+00:00","breadcrumb":{"@id":"https:\/\/conservation-science.ch\/?page_id=39718&lang=de#breadcrumb"},"inLanguage":"fr-FR","potentialAction":[{"@type":"ReadAction","target":["https:\/\/conservation-science.ch\/?page_id=39718&lang=de"]}]},{"@type":"BreadcrumbList","@id":"https:\/\/conservation-science.ch\/?page_id=39718&lang=de#breadcrumb","itemListElement":[{"@type":"ListItem","position":1,"name":"Accueil","item":"https:\/\/conservation-science.ch\/"},{"@type":"ListItem","position":2,"name":"Aktivit\u00e4ten","item":"https:\/\/conservation-science.ch\/?page_id=39637&lang=de"},{"@type":"ListItem","position":3,"name":"Lehre und Ausbildung","item":"https:\/\/conservation-science.ch\/?page_id=39680&lang=de"},{"@type":"ListItem","position":4,"name":"Steine und M\u00f6rtel"}]},{"@type":"WebSite","@id":"https:\/\/conservation-science.ch\/#website","url":"https:\/\/conservation-science.ch\/","name":"CSC - Conservation - Sciences","description":"Transmission de connaissances dans le domaine des sciences de la conservation du patrimoine b\u00e2ti","potentialAction":[{"@type":"SearchAction","target":{"@type":"EntryPoint","urlTemplate":"https:\/\/conservation-science.ch\/?s={search_term_string}"},"query-input":{"@type":"PropertyValueSpecification","valueRequired":true,"valueName":"search_term_string"}}],"inLanguage":"fr-FR"}]}},"_links":{"self":[{"href":"https:\/\/conservation-science.ch\/index.php?rest_route=\/wp\/v2\/pages\/39718","targetHints":{"allow":["GET"]}}],"collection":[{"href":"https:\/\/conservation-science.ch\/index.php?rest_route=\/wp\/v2\/pages"}],"about":[{"href":"https:\/\/conservation-science.ch\/index.php?rest_route=\/wp\/v2\/types\/page"}],"author":[{"embeddable":true,"href":"https:\/\/conservation-science.ch\/index.php?rest_route=\/wp\/v2\/users\/4"}],"replies":[{"embeddable":true,"href":"https:\/\/conservation-science.ch\/index.php?rest_route=%2Fwp%2Fv2%2Fcomments&post=39718"}],"version-history":[{"count":3,"href":"https:\/\/conservation-science.ch\/index.php?rest_route=\/wp\/v2\/pages\/39718\/revisions"}],"predecessor-version":[{"id":40477,"href":"https:\/\/conservation-science.ch\/index.php?rest_route=\/wp\/v2\/pages\/39718\/revisions\/40477"}],"up":[{"embeddable":true,"href":"https:\/\/conservation-science.ch\/index.php?rest_route=\/wp\/v2\/pages\/39680"}],"wp:attachment":[{"href":"https:\/\/conservation-science.ch\/index.php?rest_route=%2Fwp%2Fv2%2Fmedia&parent=39718"}],"curies":[{"name":"wp","href":"https:\/\/api.w.org\/{rel}","templated":true}]}}