{"id":39685,"date":"2024-09-05T10:01:58","date_gmt":"2024-09-05T08:01:58","guid":{"rendered":"https:\/\/conservation-science.ch\/?page_id=39685"},"modified":"2024-11-16T20:47:32","modified_gmt":"2024-11-16T19:47:32","slug":"materials-and-conservation-of-heritage","status":"publish","type":"page","link":"https:\/\/conservation-science.ch\/?page_id=39685&lang=en","title":{"rendered":"Materials and conservation of heritage"},"content":{"rendered":"<p style=\"text-align: justify;\"><strong>Mat\u00e9riaux pierreux et conservation du patrimoine b\u00e2ti \/ Stone materials and conservation of the built heritage<\/strong><\/p>\n<p>Responsible teaching staff: Dr. Rousset B\u00e9n\u00e9dicte<\/p>\n<p style=\"text-align: justify;\"><strong>Content<\/strong><\/p>\n<ol>\n<li style=\"text-align: justify;\">INTRODUCTION ON THE CONSERVATION OF THE CULTURAL HERITAGE: History of the Swiss cultural heritage, history and ethics of conservation, examples.<\/li>\n<li style=\"text-align: justify;\">THE USE OF STONE IN BUILT CULTURAL HERITAGE: Mineralogy, petrography, practical exercises to identify the 3 rock families, physical and mechanical parameters of stones, measurements of these parameters. Consequences on the use and degradation of building stones.<\/li>\n<li>MORTARS.<\/li>\n<li>MATERIALS AND METHODS OF CONSERVATION.<\/li>\n<li style=\"text-align: justify;\">CASE STUDIES: Visits in Lausanne, examination on a case study.<\/li>\n<\/ol>\n<p>&nbsp;<\/p>\n<p><strong>Details (in French on German):<\/strong><\/p>\n<ul>\n<li><a href=\"\/en\/activity\/teaching-training\/materials-and-conservation-of-heritage\/2016-2017-stony-materials\/\">2016-2017<\/a><\/li>\n<li><a href=\"\/en\/activity\/teaching-training\/materials-and-conservation-of-heritage\/2015-2016-stony-materials\/\">2015-2016<\/a><\/li>\n<li><a href=\"\/en\/activity\/teaching-training\/materials-and-conservation-of-heritage\/2014-2015-stony-materials\/\">2014-2015<\/a><\/li>\n<li><a href=\"\/en\/activity\/teaching-training\/materials-and-conservation-of-heritage\/2013-2014-stony-materials\/\">2013-2014<\/a><\/li>\n<li><a href=\"\/en\/activity\/teaching-training\/materials-and-conservation-of-heritage\/2012-2013-stony-materials\/\">2012-2013<\/a><\/li>\n<li><a href=\"\/en\/activity\/teaching-training\/materials-and-conservation-of-heritage\/2011-2012-stony-materials\/\">2011-2012<\/a><\/li>\n<\/ul>\n<p>&nbsp;<\/p>\n","protected":false},"excerpt":{"rendered":"<p>Mat\u00e9riaux pierreux et conservation du patrimoine b\u00e2ti \/ Stone materials and conservation of the built heritage Responsible teaching staff: Dr. Rousset B\u00e9n\u00e9dicte Content INTRODUCTION ON THE CONSERVATION OF THE CULTURAL HERITAGE: History of the Swiss cultural heritage, history and ethics of conservation, examples. THE USE OF STONE IN BUILT CULTURAL HERITAGE: Mineralogy, petrography, practical exercises &hellip; <a href=\"https:\/\/conservation-science.ch\/?page_id=39685&#038;lang=en\" class=\"more-link\">Continuer la lecture de <span class=\"screen-reader-text\">Materials and conservation of heritage<\/span><\/a><\/p>\n","protected":false},"author":4,"featured_media":0,"parent":39681,"menu_order":1,"comment_status":"closed","ping_status":"closed","template":"","meta":{"footnotes":""},"class_list":["post-39685","page","type-page","status-publish","hentry"],"yoast_head":"<!-- This site is optimized with the Yoast SEO plugin v27.2 - https:\/\/yoast.com\/product\/yoast-seo-wordpress\/ -->\n<title>Materials and conservation of heritage - Bl\u00e4uer - Conservation - Science<\/title>\n<meta name=\"robots\" content=\"index, follow, max-snippet:-1, max-image-preview:large, max-video-preview:-1\" \/>\n<link rel=\"canonical\" href=\"https:\/\/conservation-science.ch\/?page_id=39685&lang=en\" \/>\n<meta property=\"og:locale\" content=\"fr_FR\" \/>\n<meta property=\"og:type\" content=\"article\" \/>\n<meta property=\"og:title\" content=\"Materials and conservation of heritage - Bl\u00e4uer - Conservation - Science\" \/>\n<meta property=\"og:description\" content=\"Mat\u00e9riaux pierreux et conservation du patrimoine b\u00e2ti \/ Stone materials and conservation of the built heritage Responsible teaching staff: Dr. Rousset B\u00e9n\u00e9dicte Content INTRODUCTION ON THE CONSERVATION OF THE CULTURAL HERITAGE: History of the Swiss cultural heritage, history and ethics of conservation, examples. THE USE OF STONE IN BUILT CULTURAL HERITAGE: Mineralogy, petrography, practical exercises &hellip; Continuer la lecture de Materials and conservation of heritage\" \/>\n<meta property=\"og:url\" content=\"https:\/\/conservation-science.ch\/?page_id=39685&amp;lang=en\" \/>\n<meta property=\"og:site_name\" content=\"Bl\u00e4uer - Conservation - Science\" \/>\n<meta property=\"article:modified_time\" content=\"2024-11-16T19:47:32+00:00\" \/>\n<meta name=\"twitter:card\" content=\"summary_large_image\" \/>\n<meta name=\"twitter:label1\" content=\"Dur\u00e9e de lecture estim\u00e9e\" \/>\n\t<meta name=\"twitter:data1\" content=\"1 minute\" \/>\n<script type=\"application\/ld+json\" class=\"yoast-schema-graph\">{\"@context\":\"https:\/\/schema.org\",\"@graph\":[{\"@type\":\"WebPage\",\"@id\":\"https:\/\/conservation-science.ch\/?page_id=39685&lang=en\",\"url\":\"https:\/\/conservation-science.ch\/?page_id=39685&lang=en\",\"name\":\"Materials and conservation of heritage - Bl\u00e4uer - Conservation - Science\",\"isPartOf\":{\"@id\":\"https:\/\/conservation-science.ch\/#website\"},\"datePublished\":\"2024-09-05T08:01:58+00:00\",\"dateModified\":\"2024-11-16T19:47:32+00:00\",\"breadcrumb\":{\"@id\":\"https:\/\/conservation-science.ch\/?page_id=39685&lang=en#breadcrumb\"},\"inLanguage\":\"fr-FR\",\"potentialAction\":[{\"@type\":\"ReadAction\",\"target\":[\"https:\/\/conservation-science.ch\/?page_id=39685&lang=en\"]}]},{\"@type\":\"BreadcrumbList\",\"@id\":\"https:\/\/conservation-science.ch\/?page_id=39685&lang=en#breadcrumb\",\"itemListElement\":[{\"@type\":\"ListItem\",\"position\":1,\"name\":\"Accueil\",\"item\":\"https:\/\/conservation-science.ch\/\"},{\"@type\":\"ListItem\",\"position\":2,\"name\":\"Activity\",\"item\":\"https:\/\/conservation-science.ch\/?page_id=39638&lang=en\"},{\"@type\":\"ListItem\",\"position\":3,\"name\":\"Teaching &#038; training\",\"item\":\"https:\/\/conservation-science.ch\/?page_id=39681&lang=en\"},{\"@type\":\"ListItem\",\"position\":4,\"name\":\"Materials and conservation of heritage\"}]},{\"@type\":\"WebSite\",\"@id\":\"https:\/\/conservation-science.ch\/#website\",\"url\":\"https:\/\/conservation-science.ch\/\",\"name\":\"CSC - Conservation - Sciences\",\"description\":\"Transmission de connaissances dans le domaine des sciences de la conservation du patrimoine b\u00e2ti\",\"potentialAction\":[{\"@type\":\"SearchAction\",\"target\":{\"@type\":\"EntryPoint\",\"urlTemplate\":\"https:\/\/conservation-science.ch\/?s={search_term_string}\"},\"query-input\":{\"@type\":\"PropertyValueSpecification\",\"valueRequired\":true,\"valueName\":\"search_term_string\"}}],\"inLanguage\":\"fr-FR\"}]}<\/script>\n<!-- \/ Yoast SEO plugin. -->","yoast_head_json":{"title":"Materials and conservation of heritage - Bl\u00e4uer - Conservation - Science","robots":{"index":"index","follow":"follow","max-snippet":"max-snippet:-1","max-image-preview":"max-image-preview:large","max-video-preview":"max-video-preview:-1"},"canonical":"https:\/\/conservation-science.ch\/?page_id=39685&lang=en","og_locale":"fr_FR","og_type":"article","og_title":"Materials and conservation of heritage - Bl\u00e4uer - Conservation - Science","og_description":"Mat\u00e9riaux pierreux et conservation du patrimoine b\u00e2ti \/ Stone materials and conservation of the built heritage Responsible teaching staff: Dr. Rousset B\u00e9n\u00e9dicte Content INTRODUCTION ON THE CONSERVATION OF THE CULTURAL HERITAGE: History of the Swiss cultural heritage, history and ethics of conservation, examples. THE USE OF STONE IN BUILT CULTURAL HERITAGE: Mineralogy, petrography, practical exercises &hellip; Continuer la lecture de Materials and conservation of heritage","og_url":"https:\/\/conservation-science.ch\/?page_id=39685&lang=en","og_site_name":"Bl\u00e4uer - Conservation - Science","article_modified_time":"2024-11-16T19:47:32+00:00","twitter_card":"summary_large_image","twitter_misc":{"Dur\u00e9e de lecture estim\u00e9e":"1 minute"},"schema":{"@context":"https:\/\/schema.org","@graph":[{"@type":"WebPage","@id":"https:\/\/conservation-science.ch\/?page_id=39685&lang=en","url":"https:\/\/conservation-science.ch\/?page_id=39685&lang=en","name":"Materials and conservation of heritage - Bl\u00e4uer - Conservation - Science","isPartOf":{"@id":"https:\/\/conservation-science.ch\/#website"},"datePublished":"2024-09-05T08:01:58+00:00","dateModified":"2024-11-16T19:47:32+00:00","breadcrumb":{"@id":"https:\/\/conservation-science.ch\/?page_id=39685&lang=en#breadcrumb"},"inLanguage":"fr-FR","potentialAction":[{"@type":"ReadAction","target":["https:\/\/conservation-science.ch\/?page_id=39685&lang=en"]}]},{"@type":"BreadcrumbList","@id":"https:\/\/conservation-science.ch\/?page_id=39685&lang=en#breadcrumb","itemListElement":[{"@type":"ListItem","position":1,"name":"Accueil","item":"https:\/\/conservation-science.ch\/"},{"@type":"ListItem","position":2,"name":"Activity","item":"https:\/\/conservation-science.ch\/?page_id=39638&lang=en"},{"@type":"ListItem","position":3,"name":"Teaching &#038; training","item":"https:\/\/conservation-science.ch\/?page_id=39681&lang=en"},{"@type":"ListItem","position":4,"name":"Materials and conservation of heritage"}]},{"@type":"WebSite","@id":"https:\/\/conservation-science.ch\/#website","url":"https:\/\/conservation-science.ch\/","name":"CSC - Conservation - Sciences","description":"Transmission de connaissances dans le domaine des sciences de la conservation du patrimoine b\u00e2ti","potentialAction":[{"@type":"SearchAction","target":{"@type":"EntryPoint","urlTemplate":"https:\/\/conservation-science.ch\/?s={search_term_string}"},"query-input":{"@type":"PropertyValueSpecification","valueRequired":true,"valueName":"search_term_string"}}],"inLanguage":"fr-FR"}]}},"_links":{"self":[{"href":"https:\/\/conservation-science.ch\/index.php?rest_route=\/wp\/v2\/pages\/39685","targetHints":{"allow":["GET"]}}],"collection":[{"href":"https:\/\/conservation-science.ch\/index.php?rest_route=\/wp\/v2\/pages"}],"about":[{"href":"https:\/\/conservation-science.ch\/index.php?rest_route=\/wp\/v2\/types\/page"}],"author":[{"embeddable":true,"href":"https:\/\/conservation-science.ch\/index.php?rest_route=\/wp\/v2\/users\/4"}],"replies":[{"embeddable":true,"href":"https:\/\/conservation-science.ch\/index.php?rest_route=%2Fwp%2Fv2%2Fcomments&post=39685"}],"version-history":[{"count":3,"href":"https:\/\/conservation-science.ch\/index.php?rest_route=\/wp\/v2\/pages\/39685\/revisions"}],"predecessor-version":[{"id":40463,"href":"https:\/\/conservation-science.ch\/index.php?rest_route=\/wp\/v2\/pages\/39685\/revisions\/40463"}],"up":[{"embeddable":true,"href":"https:\/\/conservation-science.ch\/index.php?rest_route=\/wp\/v2\/pages\/39681"}],"wp:attachment":[{"href":"https:\/\/conservation-science.ch\/index.php?rest_route=%2Fwp%2Fv2%2Fmedia&parent=39685"}],"curies":[{"name":"wp","href":"https:\/\/api.w.org\/{rel}","templated":true}]}}