{"id":39684,"date":"2024-09-05T10:01:26","date_gmt":"2024-09-05T08:01:26","guid":{"rendered":"https:\/\/conservation-science.ch\/?page_id=39684"},"modified":"2024-11-16T20:45:02","modified_gmt":"2024-11-16T19:45:02","slug":"materialien-und-konservierung-von-kulturgut","status":"publish","type":"page","link":"https:\/\/conservation-science.ch\/?page_id=39684&lang=de","title":{"rendered":"Materialien und Konservierung von Kulturgut"},"content":{"rendered":"<p style=\"text-align: justify;\"><strong>Materialien und Konservierung von Kulturgut \/ Stone materials and conservation of the built heritage<\/strong><\/p>\n<p>Kursleiterin: Dr. Rousset B\u00e9n\u00e9dicte<\/p>\n<p><strong>Inhalt<\/strong><\/p>\n<ol>\n<li style=\"text-align: justify;\">EINF\u00dcHRUNG IN DIE KONSERVIERUNG VON GEBAUTEM KULTURGUT: Geschichte der Baukultur in der Schweiz, Geschichte und Ethik der Konservierung, Beispiele<\/li>\n<li style=\"text-align: justify;\">STEINE IN GEBAUTEM KULTURGUT: Mineralogie, Petrografie, Praktikum in der Bestimmung der Gesteinsklassen, physikalische und mechanische Eigenschaften von Gesteinen, Messungen dieser Eigenschaften. Folgen auf die Nutzung und Verwitterung der Steine.<\/li>\n<li style=\"text-align: justify;\">MORTEL<\/li>\n<li style=\"text-align: justify;\">MATERIALIEN UND METHODEN DER KONSERVIERUNG.<\/li>\n<li>FALLSTUDIEN: Besuch in Lausanne, Fallstudie Pr\u00fcfung.<\/li>\n<\/ol>\n<p><strong>Details:<\/strong><\/p>\n<ul>\n<li>2017-2018<\/li>\n<li><a href=\"\/de\/aktivitaeten\/lehre-und-ausbildung\/materialien-und-konservierung-von-kulturgut\/2016-2017-materialien-und-konservierung-von-kulturgut\/\">2016-2017<\/a><\/li>\n<li><a href=\"\/de\/aktivitaeten\/lehre-und-ausbildung\/materialien-und-konservierung-von-kulturgut\/2015-2016-materialien-und-konservierung-von-kulturgut\/\">2015-2016<\/a><\/li>\n<li><a href=\"\/de\/aktivitaeten\/lehre-und-ausbildung\/materialien-und-konservierung-von-kulturgut\/2014-2015-materialien-und-konservierung-von-kulturgut\/\">2014-2015<\/a><\/li>\n<li><a href=\"\/de\/aktivitaeten\/lehre-und-ausbildung\/materialien-und-konservierung-von-kulturgut\/2013-2014-materialien-und-konservierung-von-kulturgut\/\">2013-2014<\/a><\/li>\n<li><a href=\"\/de\/aktivitaeten\/lehre-und-ausbildung\/materialien-und-konservierung-von-kulturgut\/2012-2013-materialien-und-konservierung-von-kulturgut\/\">2012-2013<\/a><\/li>\n<li><a href=\"\/de\/aktivitaeten\/lehre-und-ausbildung\/materialien-und-konservierung-von-kulturgut\/2011-2012-materialien-und-konservierung-von-kulturgut\/\">2011-2012<\/a><\/li>\n<\/ul>\n","protected":false},"excerpt":{"rendered":"<p>Materialien und Konservierung von Kulturgut \/ Stone materials and conservation of the built heritage Kursleiterin: Dr. Rousset B\u00e9n\u00e9dicte Inhalt EINF\u00dcHRUNG IN DIE KONSERVIERUNG VON GEBAUTEM KULTURGUT: Geschichte der Baukultur in der Schweiz, Geschichte und Ethik der Konservierung, Beispiele STEINE IN GEBAUTEM KULTURGUT: Mineralogie, Petrografie, Praktikum in der Bestimmung der Gesteinsklassen, physikalische und mechanische Eigenschaften von &hellip; <a href=\"https:\/\/conservation-science.ch\/?page_id=39684&#038;lang=de\" class=\"more-link\">Continuer la lecture de <span class=\"screen-reader-text\">Materialien und Konservierung von Kulturgut<\/span><\/a><\/p>\n","protected":false},"author":4,"featured_media":0,"parent":39680,"menu_order":1,"comment_status":"closed","ping_status":"closed","template":"","meta":{"footnotes":""},"class_list":["post-39684","page","type-page","status-publish","hentry"],"yoast_head":"<!-- This site is optimized with the Yoast SEO plugin v27.2 - https:\/\/yoast.com\/product\/yoast-seo-wordpress\/ -->\n<title>Materialien und Konservierung von Kulturgut - Bl\u00e4uer - Conservation - Science<\/title>\n<meta name=\"robots\" content=\"index, follow, max-snippet:-1, max-image-preview:large, max-video-preview:-1\" \/>\n<link rel=\"canonical\" href=\"https:\/\/conservation-science.ch\/?page_id=39684&lang=de\" \/>\n<meta property=\"og:locale\" content=\"fr_FR\" \/>\n<meta property=\"og:type\" content=\"article\" \/>\n<meta property=\"og:title\" content=\"Materialien und Konservierung von Kulturgut - Bl\u00e4uer - Conservation - Science\" \/>\n<meta property=\"og:description\" content=\"Materialien und Konservierung von Kulturgut \/ Stone materials and conservation of the built heritage Kursleiterin: Dr. Rousset B\u00e9n\u00e9dicte Inhalt EINF\u00dcHRUNG IN DIE KONSERVIERUNG VON GEBAUTEM KULTURGUT: Geschichte der Baukultur in der Schweiz, Geschichte und Ethik der Konservierung, Beispiele STEINE IN GEBAUTEM KULTURGUT: Mineralogie, Petrografie, Praktikum in der Bestimmung der Gesteinsklassen, physikalische und mechanische Eigenschaften von &hellip; Continuer la lecture de Materialien und Konservierung von Kulturgut\" \/>\n<meta property=\"og:url\" content=\"https:\/\/conservation-science.ch\/?page_id=39684&amp;lang=de\" \/>\n<meta property=\"og:site_name\" content=\"Bl\u00e4uer - Conservation - Science\" \/>\n<meta property=\"article:modified_time\" content=\"2024-11-16T19:45:02+00:00\" \/>\n<meta name=\"twitter:card\" content=\"summary_large_image\" \/>\n<meta name=\"twitter:label1\" content=\"Dur\u00e9e de lecture estim\u00e9e\" \/>\n\t<meta name=\"twitter:data1\" content=\"1 minute\" \/>\n<script type=\"application\/ld+json\" class=\"yoast-schema-graph\">{\"@context\":\"https:\/\/schema.org\",\"@graph\":[{\"@type\":\"WebPage\",\"@id\":\"https:\/\/conservation-science.ch\/?page_id=39684&lang=de\",\"url\":\"https:\/\/conservation-science.ch\/?page_id=39684&lang=de\",\"name\":\"Materialien und Konservierung von Kulturgut - Bl\u00e4uer - Conservation - Science\",\"isPartOf\":{\"@id\":\"https:\/\/conservation-science.ch\/#website\"},\"datePublished\":\"2024-09-05T08:01:26+00:00\",\"dateModified\":\"2024-11-16T19:45:02+00:00\",\"breadcrumb\":{\"@id\":\"https:\/\/conservation-science.ch\/?page_id=39684&lang=de#breadcrumb\"},\"inLanguage\":\"fr-FR\",\"potentialAction\":[{\"@type\":\"ReadAction\",\"target\":[\"https:\/\/conservation-science.ch\/?page_id=39684&lang=de\"]}]},{\"@type\":\"BreadcrumbList\",\"@id\":\"https:\/\/conservation-science.ch\/?page_id=39684&lang=de#breadcrumb\",\"itemListElement\":[{\"@type\":\"ListItem\",\"position\":1,\"name\":\"Accueil\",\"item\":\"https:\/\/conservation-science.ch\/\"},{\"@type\":\"ListItem\",\"position\":2,\"name\":\"Aktivit\u00e4ten\",\"item\":\"https:\/\/conservation-science.ch\/?page_id=39637&lang=de\"},{\"@type\":\"ListItem\",\"position\":3,\"name\":\"Lehre und Ausbildung\",\"item\":\"https:\/\/conservation-science.ch\/?page_id=39680&lang=de\"},{\"@type\":\"ListItem\",\"position\":4,\"name\":\"Materialien und Konservierung von Kulturgut\"}]},{\"@type\":\"WebSite\",\"@id\":\"https:\/\/conservation-science.ch\/#website\",\"url\":\"https:\/\/conservation-science.ch\/\",\"name\":\"CSC - Conservation - Sciences\",\"description\":\"Transmission de connaissances dans le domaine des sciences de la conservation du patrimoine b\u00e2ti\",\"potentialAction\":[{\"@type\":\"SearchAction\",\"target\":{\"@type\":\"EntryPoint\",\"urlTemplate\":\"https:\/\/conservation-science.ch\/?s={search_term_string}\"},\"query-input\":{\"@type\":\"PropertyValueSpecification\",\"valueRequired\":true,\"valueName\":\"search_term_string\"}}],\"inLanguage\":\"fr-FR\"}]}<\/script>\n<!-- \/ Yoast SEO plugin. -->","yoast_head_json":{"title":"Materialien und Konservierung von Kulturgut - Bl\u00e4uer - Conservation - Science","robots":{"index":"index","follow":"follow","max-snippet":"max-snippet:-1","max-image-preview":"max-image-preview:large","max-video-preview":"max-video-preview:-1"},"canonical":"https:\/\/conservation-science.ch\/?page_id=39684&lang=de","og_locale":"fr_FR","og_type":"article","og_title":"Materialien und Konservierung von Kulturgut - Bl\u00e4uer - Conservation - Science","og_description":"Materialien und Konservierung von Kulturgut \/ Stone materials and conservation of the built heritage Kursleiterin: Dr. Rousset B\u00e9n\u00e9dicte Inhalt EINF\u00dcHRUNG IN DIE KONSERVIERUNG VON GEBAUTEM KULTURGUT: Geschichte der Baukultur in der Schweiz, Geschichte und Ethik der Konservierung, Beispiele STEINE IN GEBAUTEM KULTURGUT: Mineralogie, Petrografie, Praktikum in der Bestimmung der Gesteinsklassen, physikalische und mechanische Eigenschaften von &hellip; Continuer la lecture de Materialien und Konservierung von Kulturgut","og_url":"https:\/\/conservation-science.ch\/?page_id=39684&lang=de","og_site_name":"Bl\u00e4uer - Conservation - Science","article_modified_time":"2024-11-16T19:45:02+00:00","twitter_card":"summary_large_image","twitter_misc":{"Dur\u00e9e de lecture estim\u00e9e":"1 minute"},"schema":{"@context":"https:\/\/schema.org","@graph":[{"@type":"WebPage","@id":"https:\/\/conservation-science.ch\/?page_id=39684&lang=de","url":"https:\/\/conservation-science.ch\/?page_id=39684&lang=de","name":"Materialien und Konservierung von Kulturgut - Bl\u00e4uer - Conservation - Science","isPartOf":{"@id":"https:\/\/conservation-science.ch\/#website"},"datePublished":"2024-09-05T08:01:26+00:00","dateModified":"2024-11-16T19:45:02+00:00","breadcrumb":{"@id":"https:\/\/conservation-science.ch\/?page_id=39684&lang=de#breadcrumb"},"inLanguage":"fr-FR","potentialAction":[{"@type":"ReadAction","target":["https:\/\/conservation-science.ch\/?page_id=39684&lang=de"]}]},{"@type":"BreadcrumbList","@id":"https:\/\/conservation-science.ch\/?page_id=39684&lang=de#breadcrumb","itemListElement":[{"@type":"ListItem","position":1,"name":"Accueil","item":"https:\/\/conservation-science.ch\/"},{"@type":"ListItem","position":2,"name":"Aktivit\u00e4ten","item":"https:\/\/conservation-science.ch\/?page_id=39637&lang=de"},{"@type":"ListItem","position":3,"name":"Lehre und Ausbildung","item":"https:\/\/conservation-science.ch\/?page_id=39680&lang=de"},{"@type":"ListItem","position":4,"name":"Materialien und Konservierung von Kulturgut"}]},{"@type":"WebSite","@id":"https:\/\/conservation-science.ch\/#website","url":"https:\/\/conservation-science.ch\/","name":"CSC - Conservation - Sciences","description":"Transmission de connaissances dans le domaine des sciences de la conservation du patrimoine b\u00e2ti","potentialAction":[{"@type":"SearchAction","target":{"@type":"EntryPoint","urlTemplate":"https:\/\/conservation-science.ch\/?s={search_term_string}"},"query-input":{"@type":"PropertyValueSpecification","valueRequired":true,"valueName":"search_term_string"}}],"inLanguage":"fr-FR"}]}},"_links":{"self":[{"href":"https:\/\/conservation-science.ch\/index.php?rest_route=\/wp\/v2\/pages\/39684","targetHints":{"allow":["GET"]}}],"collection":[{"href":"https:\/\/conservation-science.ch\/index.php?rest_route=\/wp\/v2\/pages"}],"about":[{"href":"https:\/\/conservation-science.ch\/index.php?rest_route=\/wp\/v2\/types\/page"}],"author":[{"embeddable":true,"href":"https:\/\/conservation-science.ch\/index.php?rest_route=\/wp\/v2\/users\/4"}],"replies":[{"embeddable":true,"href":"https:\/\/conservation-science.ch\/index.php?rest_route=%2Fwp%2Fv2%2Fcomments&post=39684"}],"version-history":[{"count":3,"href":"https:\/\/conservation-science.ch\/index.php?rest_route=\/wp\/v2\/pages\/39684\/revisions"}],"predecessor-version":[{"id":40461,"href":"https:\/\/conservation-science.ch\/index.php?rest_route=\/wp\/v2\/pages\/39684\/revisions\/40461"}],"up":[{"embeddable":true,"href":"https:\/\/conservation-science.ch\/index.php?rest_route=\/wp\/v2\/pages\/39680"}],"wp:attachment":[{"href":"https:\/\/conservation-science.ch\/index.php?rest_route=%2Fwp%2Fv2%2Fmedia&parent=39684"}],"curies":[{"name":"wp","href":"https:\/\/api.w.org\/{rel}","templated":true}]}}