{"id":39666,"date":"2024-09-05T09:49:43","date_gmt":"2024-09-05T07:49:43","guid":{"rendered":"https:\/\/conservation-science.ch\/?page_id=39666"},"modified":"2024-09-05T09:49:43","modified_gmt":"2024-09-05T07:49:43","slug":"einschaetzung-der-auswirkungen","status":"publish","type":"page","link":"https:\/\/conservation-science.ch\/?page_id=39666&lang=de","title":{"rendered":"Einsch\u00e4tzung der Auswirkungen"},"content":{"rendered":"<p style=\"text-align: justify;\"><strong>Einsch\u00e4tzung der Auswirkungen von Massnahmen<\/strong>: Dank unserer Erfahrung, k\u00f6nnen wir Ihnen aufgrund unserer Beobachtungen und unserer Zustandsanalyse helfen, die Auswirkungen abzusch\u00e4tzen, welche Massnahmen an Ihrem Objekt oder ihrer Anlage haben werden. Dieses wird Ihnen erlauben, Ihre Interventionen gezielt zu w\u00e4hlen und zu optimieren.<\/p>\n","protected":false},"excerpt":{"rendered":"<p>Einsch\u00e4tzung der Auswirkungen von Massnahmen: Dank unserer Erfahrung, k\u00f6nnen wir Ihnen aufgrund unserer Beobachtungen und unserer Zustandsanalyse helfen, die Auswirkungen abzusch\u00e4tzen, welche Massnahmen an Ihrem Objekt oder ihrer Anlage haben werden. Dieses wird Ihnen erlauben, Ihre Interventionen gezielt zu w\u00e4hlen und zu optimieren.<\/p>\n","protected":false},"author":4,"featured_media":0,"parent":39641,"menu_order":7,"comment_status":"closed","ping_status":"closed","template":"","meta":{"footnotes":""},"class_list":["post-39666","page","type-page","status-publish","hentry"],"yoast_head":"<!-- This site is optimized with the Yoast SEO plugin v27.2 - https:\/\/yoast.com\/product\/yoast-seo-wordpress\/ -->\n<title>Einsch\u00e4tzung der Auswirkungen - Bl\u00e4uer - Conservation - Science<\/title>\n<meta name=\"robots\" content=\"index, follow, max-snippet:-1, max-image-preview:large, max-video-preview:-1\" \/>\n<link rel=\"canonical\" href=\"https:\/\/conservation-science.ch\/?page_id=39666&lang=de\" \/>\n<meta property=\"og:locale\" content=\"fr_FR\" \/>\n<meta property=\"og:type\" content=\"article\" \/>\n<meta property=\"og:title\" content=\"Einsch\u00e4tzung der Auswirkungen - Bl\u00e4uer - Conservation - Science\" \/>\n<meta property=\"og:description\" content=\"Einsch\u00e4tzung der Auswirkungen von Massnahmen: Dank unserer Erfahrung, k\u00f6nnen wir Ihnen aufgrund unserer Beobachtungen und unserer Zustandsanalyse helfen, die Auswirkungen abzusch\u00e4tzen, welche Massnahmen an Ihrem Objekt oder ihrer Anlage haben werden. Dieses wird Ihnen erlauben, Ihre Interventionen gezielt zu w\u00e4hlen und zu optimieren.\" \/>\n<meta property=\"og:url\" content=\"https:\/\/conservation-science.ch\/?page_id=39666&amp;lang=de\" \/>\n<meta property=\"og:site_name\" content=\"Bl\u00e4uer - Conservation - Science\" \/>\n<meta name=\"twitter:card\" content=\"summary_large_image\" \/>\n<script type=\"application\/ld+json\" class=\"yoast-schema-graph\">{\"@context\":\"https:\/\/schema.org\",\"@graph\":[{\"@type\":\"WebPage\",\"@id\":\"https:\/\/conservation-science.ch\/?page_id=39666&lang=de\",\"url\":\"https:\/\/conservation-science.ch\/?page_id=39666&lang=de\",\"name\":\"Einsch\u00e4tzung der Auswirkungen - Bl\u00e4uer - Conservation - Science\",\"isPartOf\":{\"@id\":\"https:\/\/conservation-science.ch\/#website\"},\"datePublished\":\"2024-09-05T07:49:43+00:00\",\"breadcrumb\":{\"@id\":\"https:\/\/conservation-science.ch\/?page_id=39666&lang=de#breadcrumb\"},\"inLanguage\":\"fr-FR\",\"potentialAction\":[{\"@type\":\"ReadAction\",\"target\":[\"https:\/\/conservation-science.ch\/?page_id=39666&lang=de\"]}]},{\"@type\":\"BreadcrumbList\",\"@id\":\"https:\/\/conservation-science.ch\/?page_id=39666&lang=de#breadcrumb\",\"itemListElement\":[{\"@type\":\"ListItem\",\"position\":1,\"name\":\"Accueil\",\"item\":\"https:\/\/conservation-science.ch\/\"},{\"@type\":\"ListItem\",\"position\":2,\"name\":\"Aktivit\u00e4ten\",\"item\":\"https:\/\/conservation-science.ch\/?page_id=39637&lang=de\"},{\"@type\":\"ListItem\",\"position\":3,\"name\":\"Gutachten und Beratung\",\"item\":\"https:\/\/conservation-science.ch\/?page_id=39641&lang=de\"},{\"@type\":\"ListItem\",\"position\":4,\"name\":\"Einsch\u00e4tzung der Auswirkungen\"}]},{\"@type\":\"WebSite\",\"@id\":\"https:\/\/conservation-science.ch\/#website\",\"url\":\"https:\/\/conservation-science.ch\/\",\"name\":\"CSC - Conservation - Sciences\",\"description\":\"Transmission de connaissances dans le domaine des sciences de la conservation du patrimoine b\u00e2ti\",\"potentialAction\":[{\"@type\":\"SearchAction\",\"target\":{\"@type\":\"EntryPoint\",\"urlTemplate\":\"https:\/\/conservation-science.ch\/?s={search_term_string}\"},\"query-input\":{\"@type\":\"PropertyValueSpecification\",\"valueRequired\":true,\"valueName\":\"search_term_string\"}}],\"inLanguage\":\"fr-FR\"}]}<\/script>\n<!-- \/ Yoast SEO plugin. -->","yoast_head_json":{"title":"Einsch\u00e4tzung der Auswirkungen - Bl\u00e4uer - Conservation - Science","robots":{"index":"index","follow":"follow","max-snippet":"max-snippet:-1","max-image-preview":"max-image-preview:large","max-video-preview":"max-video-preview:-1"},"canonical":"https:\/\/conservation-science.ch\/?page_id=39666&lang=de","og_locale":"fr_FR","og_type":"article","og_title":"Einsch\u00e4tzung der Auswirkungen - Bl\u00e4uer - Conservation - Science","og_description":"Einsch\u00e4tzung der Auswirkungen von Massnahmen: Dank unserer Erfahrung, k\u00f6nnen wir Ihnen aufgrund unserer Beobachtungen und unserer Zustandsanalyse helfen, die Auswirkungen abzusch\u00e4tzen, welche Massnahmen an Ihrem Objekt oder ihrer Anlage haben werden. Dieses wird Ihnen erlauben, Ihre Interventionen gezielt zu w\u00e4hlen und zu optimieren.","og_url":"https:\/\/conservation-science.ch\/?page_id=39666&lang=de","og_site_name":"Bl\u00e4uer - Conservation - Science","twitter_card":"summary_large_image","schema":{"@context":"https:\/\/schema.org","@graph":[{"@type":"WebPage","@id":"https:\/\/conservation-science.ch\/?page_id=39666&lang=de","url":"https:\/\/conservation-science.ch\/?page_id=39666&lang=de","name":"Einsch\u00e4tzung der Auswirkungen - Bl\u00e4uer - Conservation - Science","isPartOf":{"@id":"https:\/\/conservation-science.ch\/#website"},"datePublished":"2024-09-05T07:49:43+00:00","breadcrumb":{"@id":"https:\/\/conservation-science.ch\/?page_id=39666&lang=de#breadcrumb"},"inLanguage":"fr-FR","potentialAction":[{"@type":"ReadAction","target":["https:\/\/conservation-science.ch\/?page_id=39666&lang=de"]}]},{"@type":"BreadcrumbList","@id":"https:\/\/conservation-science.ch\/?page_id=39666&lang=de#breadcrumb","itemListElement":[{"@type":"ListItem","position":1,"name":"Accueil","item":"https:\/\/conservation-science.ch\/"},{"@type":"ListItem","position":2,"name":"Aktivit\u00e4ten","item":"https:\/\/conservation-science.ch\/?page_id=39637&lang=de"},{"@type":"ListItem","position":3,"name":"Gutachten und Beratung","item":"https:\/\/conservation-science.ch\/?page_id=39641&lang=de"},{"@type":"ListItem","position":4,"name":"Einsch\u00e4tzung der Auswirkungen"}]},{"@type":"WebSite","@id":"https:\/\/conservation-science.ch\/#website","url":"https:\/\/conservation-science.ch\/","name":"CSC - Conservation - Sciences","description":"Transmission de connaissances dans le domaine des sciences de la conservation du patrimoine b\u00e2ti","potentialAction":[{"@type":"SearchAction","target":{"@type":"EntryPoint","urlTemplate":"https:\/\/conservation-science.ch\/?s={search_term_string}"},"query-input":{"@type":"PropertyValueSpecification","valueRequired":true,"valueName":"search_term_string"}}],"inLanguage":"fr-FR"}]}},"_links":{"self":[{"href":"https:\/\/conservation-science.ch\/index.php?rest_route=\/wp\/v2\/pages\/39666","targetHints":{"allow":["GET"]}}],"collection":[{"href":"https:\/\/conservation-science.ch\/index.php?rest_route=\/wp\/v2\/pages"}],"about":[{"href":"https:\/\/conservation-science.ch\/index.php?rest_route=\/wp\/v2\/types\/page"}],"author":[{"embeddable":true,"href":"https:\/\/conservation-science.ch\/index.php?rest_route=\/wp\/v2\/users\/4"}],"replies":[{"embeddable":true,"href":"https:\/\/conservation-science.ch\/index.php?rest_route=%2Fwp%2Fv2%2Fcomments&post=39666"}],"version-history":[{"count":1,"href":"https:\/\/conservation-science.ch\/index.php?rest_route=\/wp\/v2\/pages\/39666\/revisions"}],"predecessor-version":[{"id":39668,"href":"https:\/\/conservation-science.ch\/index.php?rest_route=\/wp\/v2\/pages\/39666\/revisions\/39668"}],"up":[{"embeddable":true,"href":"https:\/\/conservation-science.ch\/index.php?rest_route=\/wp\/v2\/pages\/39641"}],"wp:attachment":[{"href":"https:\/\/conservation-science.ch\/index.php?rest_route=%2Fwp%2Fv2%2Fmedia&parent=39666"}],"curies":[{"name":"wp","href":"https:\/\/api.w.org\/{rel}","templated":true}]}}