{"id":39662,"date":"2024-09-05T09:48:03","date_gmt":"2024-09-05T07:48:03","guid":{"rendered":"https:\/\/conservation-science.ch\/?page_id=39662"},"modified":"2024-09-05T09:48:03","modified_gmt":"2024-09-05T07:48:03","slug":"materialanalyse","status":"publish","type":"page","link":"https:\/\/conservation-science.ch\/?page_id=39662&lang=de","title":{"rendered":"Materialanalyse"},"content":{"rendered":"<p style=\"text-align: justify;\"><strong>Analyse der Materialien<\/strong>: in manchen F\u00e4llen gen\u00fcgt die visuelle Beobachtung nicht, um die Materialien richtig zu bestimmen. Hier f\u00fchren wir Mikroprobennahmen aus, um die anorganischen Materialien (Natursteine, Kunststeine und M\u00f6rtel), Malschichten, Konservierungsmaterialien oder Salzausbl\u00fchungen genauer zu analysieren. In bestimmten F\u00e4llen k\u00f6nnen wir Ihnen auch quantitative oder halbquantitative Analysen von Materialzusammensetzungen anbieten.<\/p>\n<table border=\"0\" align=\"center\">\n<tbody>\n<tr>\n<td>\u00a0<img decoding=\"async\" class=\"rex_image aligncenter\" src=\"https:\/\/csc-sarl.ch\/wp-content\/uploads\/2018\/06\/prestation_analyses.jpg\" alt=\"[Keine\u00a0Beschreibung\u00a0eingegeben]\" ismap=\"ismap\" \/><\/td>\n<\/tr>\n<\/tbody>\n<\/table>\n<table style=\"width: 581px;\" border=\"0\" width=\"561\" align=\"center\">\n<tbody>\n<tr>\n<td style=\"width: 581px;\" align=\"center\" valign=\"middle\" width=\"\" height=\"\">Nachweis der l\u00f6slichen Salze im Polarisationsmikroskop<\/td>\n<\/tr>\n<tr>\n<td style=\"width: 581px;\" align=\"center\" valign=\"middle\" width=\"\" height=\"\">\u00a0Kirche von Vuisternens-devant-Romont, FR, 2007<\/td>\n<\/tr>\n<\/tbody>\n<\/table>\n","protected":false},"excerpt":{"rendered":"<p>Analyse der Materialien: in manchen F\u00e4llen gen\u00fcgt die visuelle Beobachtung nicht, um die Materialien richtig zu bestimmen. Hier f\u00fchren wir Mikroprobennahmen aus, um die anorganischen Materialien (Natursteine, Kunststeine und M\u00f6rtel), Malschichten, Konservierungsmaterialien oder Salzausbl\u00fchungen genauer zu analysieren. In bestimmten F\u00e4llen k\u00f6nnen wir Ihnen auch quantitative oder halbquantitative Analysen von Materialzusammensetzungen anbieten. \u00a0 Nachweis der l\u00f6slichen &hellip; <a href=\"https:\/\/conservation-science.ch\/?page_id=39662&#038;lang=de\" class=\"more-link\">Continuer la lecture de <span class=\"screen-reader-text\">Materialanalyse<\/span><\/a><\/p>\n","protected":false},"author":4,"featured_media":0,"parent":39641,"menu_order":5,"comment_status":"closed","ping_status":"closed","template":"","meta":{"footnotes":""},"class_list":["post-39662","page","type-page","status-publish","hentry"],"yoast_head":"<!-- This site is optimized with the Yoast SEO plugin v27.2 - https:\/\/yoast.com\/product\/yoast-seo-wordpress\/ -->\n<title>Materialanalyse - Bl\u00e4uer - Conservation - Science<\/title>\n<meta name=\"robots\" content=\"index, follow, max-snippet:-1, max-image-preview:large, max-video-preview:-1\" \/>\n<link rel=\"canonical\" href=\"https:\/\/conservation-science.ch\/?page_id=39662&lang=de\" \/>\n<meta property=\"og:locale\" content=\"fr_FR\" \/>\n<meta property=\"og:type\" content=\"article\" \/>\n<meta property=\"og:title\" content=\"Materialanalyse - Bl\u00e4uer - Conservation - Science\" \/>\n<meta property=\"og:description\" content=\"Analyse der Materialien: in manchen F\u00e4llen gen\u00fcgt die visuelle Beobachtung nicht, um die Materialien richtig zu bestimmen. Hier f\u00fchren wir Mikroprobennahmen aus, um die anorganischen Materialien (Natursteine, Kunststeine und M\u00f6rtel), Malschichten, Konservierungsmaterialien oder Salzausbl\u00fchungen genauer zu analysieren. In bestimmten F\u00e4llen k\u00f6nnen wir Ihnen auch quantitative oder halbquantitative Analysen von Materialzusammensetzungen anbieten. \u00a0 Nachweis der l\u00f6slichen &hellip; Continuer la lecture de Materialanalyse\" \/>\n<meta property=\"og:url\" content=\"https:\/\/conservation-science.ch\/?page_id=39662&amp;lang=de\" \/>\n<meta property=\"og:site_name\" content=\"Bl\u00e4uer - Conservation - Science\" \/>\n<meta property=\"og:image\" content=\"https:\/\/csc-sarl.ch\/wp-content\/uploads\/2018\/06\/prestation_analyses.jpg\" \/>\n<meta name=\"twitter:card\" content=\"summary_large_image\" \/>\n<meta name=\"twitter:label1\" content=\"Dur\u00e9e de lecture estim\u00e9e\" \/>\n\t<meta name=\"twitter:data1\" content=\"1 minute\" \/>\n<script type=\"application\/ld+json\" class=\"yoast-schema-graph\">{\"@context\":\"https:\/\/schema.org\",\"@graph\":[{\"@type\":\"WebPage\",\"@id\":\"https:\/\/conservation-science.ch\/?page_id=39662&lang=de\",\"url\":\"https:\/\/conservation-science.ch\/?page_id=39662&lang=de\",\"name\":\"Materialanalyse - Bl\u00e4uer - Conservation - Science\",\"isPartOf\":{\"@id\":\"https:\/\/conservation-science.ch\/#website\"},\"primaryImageOfPage\":{\"@id\":\"https:\/\/conservation-science.ch\/?page_id=39662&lang=de#primaryimage\"},\"image\":{\"@id\":\"https:\/\/conservation-science.ch\/?page_id=39662&lang=de#primaryimage\"},\"thumbnailUrl\":\"https:\/\/csc-sarl.ch\/wp-content\/uploads\/2018\/06\/prestation_analyses.jpg\",\"datePublished\":\"2024-09-05T07:48:03+00:00\",\"breadcrumb\":{\"@id\":\"https:\/\/conservation-science.ch\/?page_id=39662&lang=de#breadcrumb\"},\"inLanguage\":\"fr-FR\",\"potentialAction\":[{\"@type\":\"ReadAction\",\"target\":[\"https:\/\/conservation-science.ch\/?page_id=39662&lang=de\"]}]},{\"@type\":\"ImageObject\",\"inLanguage\":\"fr-FR\",\"@id\":\"https:\/\/conservation-science.ch\/?page_id=39662&lang=de#primaryimage\",\"url\":\"https:\/\/csc-sarl.ch\/wp-content\/uploads\/2018\/06\/prestation_analyses.jpg\",\"contentUrl\":\"https:\/\/csc-sarl.ch\/wp-content\/uploads\/2018\/06\/prestation_analyses.jpg\"},{\"@type\":\"BreadcrumbList\",\"@id\":\"https:\/\/conservation-science.ch\/?page_id=39662&lang=de#breadcrumb\",\"itemListElement\":[{\"@type\":\"ListItem\",\"position\":1,\"name\":\"Accueil\",\"item\":\"https:\/\/conservation-science.ch\/\"},{\"@type\":\"ListItem\",\"position\":2,\"name\":\"Aktivit\u00e4ten\",\"item\":\"https:\/\/conservation-science.ch\/?page_id=39637&lang=de\"},{\"@type\":\"ListItem\",\"position\":3,\"name\":\"Gutachten und Beratung\",\"item\":\"https:\/\/conservation-science.ch\/?page_id=39641&lang=de\"},{\"@type\":\"ListItem\",\"position\":4,\"name\":\"Materialanalyse\"}]},{\"@type\":\"WebSite\",\"@id\":\"https:\/\/conservation-science.ch\/#website\",\"url\":\"https:\/\/conservation-science.ch\/\",\"name\":\"CSC - Conservation - Sciences\",\"description\":\"Transmission de connaissances dans le domaine des sciences de la conservation du patrimoine b\u00e2ti\",\"potentialAction\":[{\"@type\":\"SearchAction\",\"target\":{\"@type\":\"EntryPoint\",\"urlTemplate\":\"https:\/\/conservation-science.ch\/?s={search_term_string}\"},\"query-input\":{\"@type\":\"PropertyValueSpecification\",\"valueRequired\":true,\"valueName\":\"search_term_string\"}}],\"inLanguage\":\"fr-FR\"}]}<\/script>\n<!-- \/ Yoast SEO plugin. -->","yoast_head_json":{"title":"Materialanalyse - Bl\u00e4uer - Conservation - Science","robots":{"index":"index","follow":"follow","max-snippet":"max-snippet:-1","max-image-preview":"max-image-preview:large","max-video-preview":"max-video-preview:-1"},"canonical":"https:\/\/conservation-science.ch\/?page_id=39662&lang=de","og_locale":"fr_FR","og_type":"article","og_title":"Materialanalyse - Bl\u00e4uer - Conservation - Science","og_description":"Analyse der Materialien: in manchen F\u00e4llen gen\u00fcgt die visuelle Beobachtung nicht, um die Materialien richtig zu bestimmen. Hier f\u00fchren wir Mikroprobennahmen aus, um die anorganischen Materialien (Natursteine, Kunststeine und M\u00f6rtel), Malschichten, Konservierungsmaterialien oder Salzausbl\u00fchungen genauer zu analysieren. In bestimmten F\u00e4llen k\u00f6nnen wir Ihnen auch quantitative oder halbquantitative Analysen von Materialzusammensetzungen anbieten. \u00a0 Nachweis der l\u00f6slichen &hellip; Continuer la lecture de Materialanalyse","og_url":"https:\/\/conservation-science.ch\/?page_id=39662&lang=de","og_site_name":"Bl\u00e4uer - Conservation - Science","og_image":[{"url":"https:\/\/csc-sarl.ch\/wp-content\/uploads\/2018\/06\/prestation_analyses.jpg","type":"","width":"","height":""}],"twitter_card":"summary_large_image","twitter_misc":{"Dur\u00e9e de lecture estim\u00e9e":"1 minute"},"schema":{"@context":"https:\/\/schema.org","@graph":[{"@type":"WebPage","@id":"https:\/\/conservation-science.ch\/?page_id=39662&lang=de","url":"https:\/\/conservation-science.ch\/?page_id=39662&lang=de","name":"Materialanalyse - Bl\u00e4uer - Conservation - Science","isPartOf":{"@id":"https:\/\/conservation-science.ch\/#website"},"primaryImageOfPage":{"@id":"https:\/\/conservation-science.ch\/?page_id=39662&lang=de#primaryimage"},"image":{"@id":"https:\/\/conservation-science.ch\/?page_id=39662&lang=de#primaryimage"},"thumbnailUrl":"https:\/\/csc-sarl.ch\/wp-content\/uploads\/2018\/06\/prestation_analyses.jpg","datePublished":"2024-09-05T07:48:03+00:00","breadcrumb":{"@id":"https:\/\/conservation-science.ch\/?page_id=39662&lang=de#breadcrumb"},"inLanguage":"fr-FR","potentialAction":[{"@type":"ReadAction","target":["https:\/\/conservation-science.ch\/?page_id=39662&lang=de"]}]},{"@type":"ImageObject","inLanguage":"fr-FR","@id":"https:\/\/conservation-science.ch\/?page_id=39662&lang=de#primaryimage","url":"https:\/\/csc-sarl.ch\/wp-content\/uploads\/2018\/06\/prestation_analyses.jpg","contentUrl":"https:\/\/csc-sarl.ch\/wp-content\/uploads\/2018\/06\/prestation_analyses.jpg"},{"@type":"BreadcrumbList","@id":"https:\/\/conservation-science.ch\/?page_id=39662&lang=de#breadcrumb","itemListElement":[{"@type":"ListItem","position":1,"name":"Accueil","item":"https:\/\/conservation-science.ch\/"},{"@type":"ListItem","position":2,"name":"Aktivit\u00e4ten","item":"https:\/\/conservation-science.ch\/?page_id=39637&lang=de"},{"@type":"ListItem","position":3,"name":"Gutachten und Beratung","item":"https:\/\/conservation-science.ch\/?page_id=39641&lang=de"},{"@type":"ListItem","position":4,"name":"Materialanalyse"}]},{"@type":"WebSite","@id":"https:\/\/conservation-science.ch\/#website","url":"https:\/\/conservation-science.ch\/","name":"CSC - Conservation - Sciences","description":"Transmission de connaissances dans le domaine des sciences de la conservation du patrimoine b\u00e2ti","potentialAction":[{"@type":"SearchAction","target":{"@type":"EntryPoint","urlTemplate":"https:\/\/conservation-science.ch\/?s={search_term_string}"},"query-input":{"@type":"PropertyValueSpecification","valueRequired":true,"valueName":"search_term_string"}}],"inLanguage":"fr-FR"}]}},"_links":{"self":[{"href":"https:\/\/conservation-science.ch\/index.php?rest_route=\/wp\/v2\/pages\/39662","targetHints":{"allow":["GET"]}}],"collection":[{"href":"https:\/\/conservation-science.ch\/index.php?rest_route=\/wp\/v2\/pages"}],"about":[{"href":"https:\/\/conservation-science.ch\/index.php?rest_route=\/wp\/v2\/types\/page"}],"author":[{"embeddable":true,"href":"https:\/\/conservation-science.ch\/index.php?rest_route=\/wp\/v2\/users\/4"}],"replies":[{"embeddable":true,"href":"https:\/\/conservation-science.ch\/index.php?rest_route=%2Fwp%2Fv2%2Fcomments&post=39662"}],"version-history":[{"count":1,"href":"https:\/\/conservation-science.ch\/index.php?rest_route=\/wp\/v2\/pages\/39662\/revisions"}],"predecessor-version":[{"id":39664,"href":"https:\/\/conservation-science.ch\/index.php?rest_route=\/wp\/v2\/pages\/39662\/revisions\/39664"}],"up":[{"embeddable":true,"href":"https:\/\/conservation-science.ch\/index.php?rest_route=\/wp\/v2\/pages\/39641"}],"wp:attachment":[{"href":"https:\/\/conservation-science.ch\/index.php?rest_route=%2Fwp%2Fv2%2Fmedia&parent=39662"}],"curies":[{"name":"wp","href":"https:\/\/api.w.org\/{rel}","templated":true}]}}