{"id":39658,"date":"2024-09-05T09:46:33","date_gmt":"2024-09-05T07:46:33","guid":{"rendered":"https:\/\/conservation-science.ch\/?page_id=39658"},"modified":"2024-11-16T20:18:15","modified_gmt":"2024-11-16T19:18:15","slug":"messungen","status":"publish","type":"page","link":"https:\/\/conservation-science.ch\/?page_id=39658&lang=de","title":{"rendered":"Messungen"},"content":{"rendered":"<p style=\"text-align: justify;\"><strong>Messungen in situ und im Labor<\/strong>: unsere Zustandsanalyse kann durch in situ Messungen von Oberfl\u00e4cheneigenschaften der Materialien, wie zum Beispiel der <a href=\"\/de\/kniffe\/\">Benetzbarkeit<\/a> oder Kapillarit\u00e4t, erg\u00e4nzt werden.<\/p>\n<p style=\"text-align: justify;\">Wenn Laboranalysen n\u00f6tig sind, f\u00fchren wir die entsprechende Probennahme m\u00f6glichst zerst\u00f6rungsarm aus. An den Proben messen wir Eigenschaften wie Porosit\u00e4t, Geschwindigkeit des kapillaren Saugens und der Trocknung, Dampfdurchl\u00e4ssigkeit oder Wasserabstossung. Die Ergebnisse dieser Tests sind vor allem bedeutsam f\u00fcr den relativen Vergleich mit Nachbarmaterialien oder f\u00fcr den Vergleich der Materialien vor und nach einer Behandlung.<\/p>\n<p style=\"text-align: justify;\">Wenn sich Ihre Fragen insbesondere auf die Klimabedingungen in Ihrem Objekt beziehen, k\u00f6nnen wir dort unsere Klimasonden aufstellen, welche in regelm\u00e4ssigen Zeitabst\u00e4nden Luftfeuchtigkeit und Temperatur aufzeichnen. Aufgrund dieser Daten k\u00f6nnen wir Ihnen bei der <a href=\"\/de\/studien-expertisen\/schweiz\/grisons\/zillis\/\">Anpassung der Raumklimabedingungen<\/a> weiterhelfen.<\/p>\n<table border=\"0\" align=\"center\">\n<tbody>\n<tr>\n<td><img loading=\"lazy\" decoding=\"async\" class=\"size-full wp-image-29701 aligncenter\" src=\"https:\/\/csc-sarl.ch\/wp-content\/uploads\/2018\/06\/prestations_mesures_xrf.jpg\" alt=\"\" width=\"283\" height=\"242\" \/><\/p>\n<p style=\"text-align: center;\">XRF-Messung, M\u00fcnster Bern, 2008<\/p>\n<\/td>\n<\/tr>\n<\/tbody>\n<\/table>\n<table border=\"0\" align=\"center\">\n<tbody>\n<tr>\n<td style=\"text-align: center;\"><\/td>\n<\/tr>\n<\/tbody>\n<\/table>\n<p>&nbsp;<\/p>\n","protected":false},"excerpt":{"rendered":"<p>Messungen in situ und im Labor: unsere Zustandsanalyse kann durch in situ Messungen von Oberfl\u00e4cheneigenschaften der Materialien, wie zum Beispiel der Benetzbarkeit oder Kapillarit\u00e4t, erg\u00e4nzt werden. Wenn Laboranalysen n\u00f6tig sind, f\u00fchren wir die entsprechende Probennahme m\u00f6glichst zerst\u00f6rungsarm aus. An den Proben messen wir Eigenschaften wie Porosit\u00e4t, Geschwindigkeit des kapillaren Saugens und der Trocknung, Dampfdurchl\u00e4ssigkeit oder &hellip; <a href=\"https:\/\/conservation-science.ch\/?page_id=39658&#038;lang=de\" class=\"more-link\">Continuer la lecture de <span class=\"screen-reader-text\">Messungen<\/span><\/a><\/p>\n","protected":false},"author":4,"featured_media":0,"parent":39641,"menu_order":4,"comment_status":"closed","ping_status":"closed","template":"","meta":{"footnotes":""},"class_list":["post-39658","page","type-page","status-publish","hentry"],"yoast_head":"<!-- This site is optimized with the Yoast SEO plugin v27.2 - https:\/\/yoast.com\/product\/yoast-seo-wordpress\/ -->\n<title>Messungen - Bl\u00e4uer - Conservation - Science<\/title>\n<meta name=\"robots\" content=\"index, follow, max-snippet:-1, max-image-preview:large, max-video-preview:-1\" \/>\n<link rel=\"canonical\" href=\"https:\/\/conservation-science.ch\/?page_id=39658&lang=de\" \/>\n<meta property=\"og:locale\" content=\"fr_FR\" \/>\n<meta property=\"og:type\" content=\"article\" \/>\n<meta property=\"og:title\" content=\"Messungen - Bl\u00e4uer - Conservation - Science\" \/>\n<meta property=\"og:description\" content=\"Messungen in situ und im Labor: unsere Zustandsanalyse kann durch in situ Messungen von Oberfl\u00e4cheneigenschaften der Materialien, wie zum Beispiel der Benetzbarkeit oder Kapillarit\u00e4t, erg\u00e4nzt werden. Wenn Laboranalysen n\u00f6tig sind, f\u00fchren wir die entsprechende Probennahme m\u00f6glichst zerst\u00f6rungsarm aus. An den Proben messen wir Eigenschaften wie Porosit\u00e4t, Geschwindigkeit des kapillaren Saugens und der Trocknung, Dampfdurchl\u00e4ssigkeit oder &hellip; Continuer la lecture de Messungen\" \/>\n<meta property=\"og:url\" content=\"https:\/\/conservation-science.ch\/?page_id=39658&amp;lang=de\" \/>\n<meta property=\"og:site_name\" content=\"Bl\u00e4uer - Conservation - Science\" \/>\n<meta property=\"article:modified_time\" content=\"2024-11-16T19:18:15+00:00\" \/>\n<meta property=\"og:image\" content=\"https:\/\/csc-sarl.ch\/wp-content\/uploads\/2018\/06\/prestations_mesures_xrf.jpg\" \/>\n<meta name=\"twitter:card\" content=\"summary_large_image\" \/>\n<meta name=\"twitter:label1\" content=\"Dur\u00e9e de lecture estim\u00e9e\" \/>\n\t<meta name=\"twitter:data1\" content=\"1 minute\" \/>\n<script type=\"application\/ld+json\" class=\"yoast-schema-graph\">{\"@context\":\"https:\/\/schema.org\",\"@graph\":[{\"@type\":\"WebPage\",\"@id\":\"https:\/\/conservation-science.ch\/?page_id=39658&lang=de\",\"url\":\"https:\/\/conservation-science.ch\/?page_id=39658&lang=de\",\"name\":\"Messungen - Bl\u00e4uer - Conservation - Science\",\"isPartOf\":{\"@id\":\"https:\/\/conservation-science.ch\/#website\"},\"primaryImageOfPage\":{\"@id\":\"https:\/\/conservation-science.ch\/?page_id=39658&lang=de#primaryimage\"},\"image\":{\"@id\":\"https:\/\/conservation-science.ch\/?page_id=39658&lang=de#primaryimage\"},\"thumbnailUrl\":\"https:\/\/csc-sarl.ch\/wp-content\/uploads\/2018\/06\/prestations_mesures_xrf.jpg\",\"datePublished\":\"2024-09-05T07:46:33+00:00\",\"dateModified\":\"2024-11-16T19:18:15+00:00\",\"breadcrumb\":{\"@id\":\"https:\/\/conservation-science.ch\/?page_id=39658&lang=de#breadcrumb\"},\"inLanguage\":\"fr-FR\",\"potentialAction\":[{\"@type\":\"ReadAction\",\"target\":[\"https:\/\/conservation-science.ch\/?page_id=39658&lang=de\"]}]},{\"@type\":\"ImageObject\",\"inLanguage\":\"fr-FR\",\"@id\":\"https:\/\/conservation-science.ch\/?page_id=39658&lang=de#primaryimage\",\"url\":\"https:\/\/csc-sarl.ch\/wp-content\/uploads\/2018\/06\/prestations_mesures_xrf.jpg\",\"contentUrl\":\"https:\/\/csc-sarl.ch\/wp-content\/uploads\/2018\/06\/prestations_mesures_xrf.jpg\"},{\"@type\":\"BreadcrumbList\",\"@id\":\"https:\/\/conservation-science.ch\/?page_id=39658&lang=de#breadcrumb\",\"itemListElement\":[{\"@type\":\"ListItem\",\"position\":1,\"name\":\"Accueil\",\"item\":\"https:\/\/conservation-science.ch\/\"},{\"@type\":\"ListItem\",\"position\":2,\"name\":\"Aktivit\u00e4ten\",\"item\":\"https:\/\/conservation-science.ch\/?page_id=39637&lang=de\"},{\"@type\":\"ListItem\",\"position\":3,\"name\":\"Gutachten und Beratung\",\"item\":\"https:\/\/conservation-science.ch\/?page_id=39641&lang=de\"},{\"@type\":\"ListItem\",\"position\":4,\"name\":\"Messungen\"}]},{\"@type\":\"WebSite\",\"@id\":\"https:\/\/conservation-science.ch\/#website\",\"url\":\"https:\/\/conservation-science.ch\/\",\"name\":\"CSC - Conservation - Sciences\",\"description\":\"Transmission de connaissances dans le domaine des sciences de la conservation du patrimoine b\u00e2ti\",\"potentialAction\":[{\"@type\":\"SearchAction\",\"target\":{\"@type\":\"EntryPoint\",\"urlTemplate\":\"https:\/\/conservation-science.ch\/?s={search_term_string}\"},\"query-input\":{\"@type\":\"PropertyValueSpecification\",\"valueRequired\":true,\"valueName\":\"search_term_string\"}}],\"inLanguage\":\"fr-FR\"}]}<\/script>\n<!-- \/ Yoast SEO plugin. -->","yoast_head_json":{"title":"Messungen - Bl\u00e4uer - Conservation - Science","robots":{"index":"index","follow":"follow","max-snippet":"max-snippet:-1","max-image-preview":"max-image-preview:large","max-video-preview":"max-video-preview:-1"},"canonical":"https:\/\/conservation-science.ch\/?page_id=39658&lang=de","og_locale":"fr_FR","og_type":"article","og_title":"Messungen - Bl\u00e4uer - Conservation - Science","og_description":"Messungen in situ und im Labor: unsere Zustandsanalyse kann durch in situ Messungen von Oberfl\u00e4cheneigenschaften der Materialien, wie zum Beispiel der Benetzbarkeit oder Kapillarit\u00e4t, erg\u00e4nzt werden. Wenn Laboranalysen n\u00f6tig sind, f\u00fchren wir die entsprechende Probennahme m\u00f6glichst zerst\u00f6rungsarm aus. An den Proben messen wir Eigenschaften wie Porosit\u00e4t, Geschwindigkeit des kapillaren Saugens und der Trocknung, Dampfdurchl\u00e4ssigkeit oder &hellip; Continuer la lecture de Messungen","og_url":"https:\/\/conservation-science.ch\/?page_id=39658&lang=de","og_site_name":"Bl\u00e4uer - Conservation - Science","article_modified_time":"2024-11-16T19:18:15+00:00","og_image":[{"url":"https:\/\/csc-sarl.ch\/wp-content\/uploads\/2018\/06\/prestations_mesures_xrf.jpg","type":"","width":"","height":""}],"twitter_card":"summary_large_image","twitter_misc":{"Dur\u00e9e de lecture estim\u00e9e":"1 minute"},"schema":{"@context":"https:\/\/schema.org","@graph":[{"@type":"WebPage","@id":"https:\/\/conservation-science.ch\/?page_id=39658&lang=de","url":"https:\/\/conservation-science.ch\/?page_id=39658&lang=de","name":"Messungen - Bl\u00e4uer - Conservation - Science","isPartOf":{"@id":"https:\/\/conservation-science.ch\/#website"},"primaryImageOfPage":{"@id":"https:\/\/conservation-science.ch\/?page_id=39658&lang=de#primaryimage"},"image":{"@id":"https:\/\/conservation-science.ch\/?page_id=39658&lang=de#primaryimage"},"thumbnailUrl":"https:\/\/csc-sarl.ch\/wp-content\/uploads\/2018\/06\/prestations_mesures_xrf.jpg","datePublished":"2024-09-05T07:46:33+00:00","dateModified":"2024-11-16T19:18:15+00:00","breadcrumb":{"@id":"https:\/\/conservation-science.ch\/?page_id=39658&lang=de#breadcrumb"},"inLanguage":"fr-FR","potentialAction":[{"@type":"ReadAction","target":["https:\/\/conservation-science.ch\/?page_id=39658&lang=de"]}]},{"@type":"ImageObject","inLanguage":"fr-FR","@id":"https:\/\/conservation-science.ch\/?page_id=39658&lang=de#primaryimage","url":"https:\/\/csc-sarl.ch\/wp-content\/uploads\/2018\/06\/prestations_mesures_xrf.jpg","contentUrl":"https:\/\/csc-sarl.ch\/wp-content\/uploads\/2018\/06\/prestations_mesures_xrf.jpg"},{"@type":"BreadcrumbList","@id":"https:\/\/conservation-science.ch\/?page_id=39658&lang=de#breadcrumb","itemListElement":[{"@type":"ListItem","position":1,"name":"Accueil","item":"https:\/\/conservation-science.ch\/"},{"@type":"ListItem","position":2,"name":"Aktivit\u00e4ten","item":"https:\/\/conservation-science.ch\/?page_id=39637&lang=de"},{"@type":"ListItem","position":3,"name":"Gutachten und Beratung","item":"https:\/\/conservation-science.ch\/?page_id=39641&lang=de"},{"@type":"ListItem","position":4,"name":"Messungen"}]},{"@type":"WebSite","@id":"https:\/\/conservation-science.ch\/#website","url":"https:\/\/conservation-science.ch\/","name":"CSC - Conservation - Sciences","description":"Transmission de connaissances dans le domaine des sciences de la conservation du patrimoine b\u00e2ti","potentialAction":[{"@type":"SearchAction","target":{"@type":"EntryPoint","urlTemplate":"https:\/\/conservation-science.ch\/?s={search_term_string}"},"query-input":{"@type":"PropertyValueSpecification","valueRequired":true,"valueName":"search_term_string"}}],"inLanguage":"fr-FR"}]}},"_links":{"self":[{"href":"https:\/\/conservation-science.ch\/index.php?rest_route=\/wp\/v2\/pages\/39658","targetHints":{"allow":["GET"]}}],"collection":[{"href":"https:\/\/conservation-science.ch\/index.php?rest_route=\/wp\/v2\/pages"}],"about":[{"href":"https:\/\/conservation-science.ch\/index.php?rest_route=\/wp\/v2\/types\/page"}],"author":[{"embeddable":true,"href":"https:\/\/conservation-science.ch\/index.php?rest_route=\/wp\/v2\/users\/4"}],"replies":[{"embeddable":true,"href":"https:\/\/conservation-science.ch\/index.php?rest_route=%2Fwp%2Fv2%2Fcomments&post=39658"}],"version-history":[{"count":3,"href":"https:\/\/conservation-science.ch\/index.php?rest_route=\/wp\/v2\/pages\/39658\/revisions"}],"predecessor-version":[{"id":40444,"href":"https:\/\/conservation-science.ch\/index.php?rest_route=\/wp\/v2\/pages\/39658\/revisions\/40444"}],"up":[{"embeddable":true,"href":"https:\/\/conservation-science.ch\/index.php?rest_route=\/wp\/v2\/pages\/39641"}],"wp:attachment":[{"href":"https:\/\/conservation-science.ch\/index.php?rest_route=%2Fwp%2Fv2%2Fmedia&parent=39658"}],"curies":[{"name":"wp","href":"https:\/\/api.w.org\/{rel}","templated":true}]}}