{"id":39645,"date":"2024-09-05T09:37:34","date_gmt":"2024-09-05T07:37:34","guid":{"rendered":"https:\/\/conservation-science.ch\/?page_id=39645"},"modified":"2024-11-16T20:08:00","modified_gmt":"2024-11-16T19:08:00","slug":"beratungen","status":"publish","type":"page","link":"https:\/\/conservation-science.ch\/?page_id=39645&lang=de","title":{"rendered":"Beratungen"},"content":{"rendered":"<p style=\"text-align: justify;\"><strong><span lang=\"DE-CH\">Beratungen<\/span><\/strong><span lang=\"DE-CH\">: unsere Arbeit basiert zu allererst auf einer Untersuchung des Baus oder der Anlage selbst und den sich dort zeigenden Probleme. Unsere Analyse schliesst, wenn immer m\u00f6glich das Studium der vorhandenen Archivalien (Fotografien und Textdokumente) ein. Letztere geben uns \u00fcber die Geschichte des Objektes Auskunft und sind damit ein sehr wichtiges Element zum Verst\u00e4ndnis der beobachteten Ph\u00e4nomene.<\/span><\/p>\n<p><img loading=\"lazy\" decoding=\"async\" class=\"size-full wp-image-28933 aligncenter\" src=\"https:\/\/csc-sarl.ch\/wp-content\/uploads\/2018\/06\/prestations_consultations.jpg\" alt=\"\" width=\"340\" height=\"255\" \/><\/p>\n<p style=\"text-align: left;\"><a href=\"\/de\/studien-expertisen\/\"><em>mehr dazu&#8230;<\/em><\/a><\/p>\n<p>&nbsp;<\/p>\n","protected":false},"excerpt":{"rendered":"<p>Beratungen: unsere Arbeit basiert zu allererst auf einer Untersuchung des Baus oder der Anlage selbst und den sich dort zeigenden Probleme. Unsere Analyse schliesst, wenn immer m\u00f6glich das Studium der vorhandenen Archivalien (Fotografien und Textdokumente) ein. Letztere geben uns \u00fcber die Geschichte des Objektes Auskunft und sind damit ein sehr wichtiges Element zum Verst\u00e4ndnis der &hellip; <a href=\"https:\/\/conservation-science.ch\/?page_id=39645&#038;lang=de\" class=\"more-link\">Continuer la lecture de <span class=\"screen-reader-text\">Beratungen<\/span><\/a><\/p>\n","protected":false},"author":4,"featured_media":0,"parent":39641,"menu_order":1,"comment_status":"closed","ping_status":"closed","template":"","meta":{"footnotes":""},"class_list":["post-39645","page","type-page","status-publish","hentry"],"yoast_head":"<!-- This site is optimized with the Yoast SEO plugin v27.2 - https:\/\/yoast.com\/product\/yoast-seo-wordpress\/ -->\n<title>Beratungen - Bl\u00e4uer - Conservation - Science<\/title>\n<meta name=\"robots\" content=\"index, follow, max-snippet:-1, max-image-preview:large, max-video-preview:-1\" \/>\n<link rel=\"canonical\" href=\"https:\/\/conservation-science.ch\/?page_id=39645&lang=de\" \/>\n<meta property=\"og:locale\" content=\"fr_FR\" \/>\n<meta property=\"og:type\" content=\"article\" \/>\n<meta property=\"og:title\" content=\"Beratungen - Bl\u00e4uer - Conservation - Science\" \/>\n<meta property=\"og:description\" content=\"Beratungen: unsere Arbeit basiert zu allererst auf einer Untersuchung des Baus oder der Anlage selbst und den sich dort zeigenden Probleme. Unsere Analyse schliesst, wenn immer m\u00f6glich das Studium der vorhandenen Archivalien (Fotografien und Textdokumente) ein. Letztere geben uns \u00fcber die Geschichte des Objektes Auskunft und sind damit ein sehr wichtiges Element zum Verst\u00e4ndnis der &hellip; Continuer la lecture de Beratungen\" \/>\n<meta property=\"og:url\" content=\"https:\/\/conservation-science.ch\/?page_id=39645&amp;lang=de\" \/>\n<meta property=\"og:site_name\" content=\"Bl\u00e4uer - Conservation - Science\" \/>\n<meta property=\"article:modified_time\" content=\"2024-11-16T19:08:00+00:00\" \/>\n<meta property=\"og:image\" content=\"https:\/\/csc-sarl.ch\/wp-content\/uploads\/2018\/06\/prestations_consultations.jpg\" \/>\n<meta name=\"twitter:card\" content=\"summary_large_image\" \/>\n<meta name=\"twitter:label1\" content=\"Dur\u00e9e de lecture estim\u00e9e\" \/>\n\t<meta name=\"twitter:data1\" content=\"1 minute\" \/>\n<script type=\"application\/ld+json\" class=\"yoast-schema-graph\">{\"@context\":\"https:\/\/schema.org\",\"@graph\":[{\"@type\":\"WebPage\",\"@id\":\"https:\/\/conservation-science.ch\/?page_id=39645&lang=de\",\"url\":\"https:\/\/conservation-science.ch\/?page_id=39645&lang=de\",\"name\":\"Beratungen - Bl\u00e4uer - Conservation - Science\",\"isPartOf\":{\"@id\":\"https:\/\/conservation-science.ch\/#website\"},\"primaryImageOfPage\":{\"@id\":\"https:\/\/conservation-science.ch\/?page_id=39645&lang=de#primaryimage\"},\"image\":{\"@id\":\"https:\/\/conservation-science.ch\/?page_id=39645&lang=de#primaryimage\"},\"thumbnailUrl\":\"https:\/\/csc-sarl.ch\/wp-content\/uploads\/2018\/06\/prestations_consultations.jpg\",\"datePublished\":\"2024-09-05T07:37:34+00:00\",\"dateModified\":\"2024-11-16T19:08:00+00:00\",\"breadcrumb\":{\"@id\":\"https:\/\/conservation-science.ch\/?page_id=39645&lang=de#breadcrumb\"},\"inLanguage\":\"fr-FR\",\"potentialAction\":[{\"@type\":\"ReadAction\",\"target\":[\"https:\/\/conservation-science.ch\/?page_id=39645&lang=de\"]}]},{\"@type\":\"ImageObject\",\"inLanguage\":\"fr-FR\",\"@id\":\"https:\/\/conservation-science.ch\/?page_id=39645&lang=de#primaryimage\",\"url\":\"https:\/\/csc-sarl.ch\/wp-content\/uploads\/2018\/06\/prestations_consultations.jpg\",\"contentUrl\":\"https:\/\/csc-sarl.ch\/wp-content\/uploads\/2018\/06\/prestations_consultations.jpg\"},{\"@type\":\"BreadcrumbList\",\"@id\":\"https:\/\/conservation-science.ch\/?page_id=39645&lang=de#breadcrumb\",\"itemListElement\":[{\"@type\":\"ListItem\",\"position\":1,\"name\":\"Accueil\",\"item\":\"https:\/\/conservation-science.ch\/\"},{\"@type\":\"ListItem\",\"position\":2,\"name\":\"Aktivit\u00e4ten\",\"item\":\"https:\/\/conservation-science.ch\/?page_id=39637&lang=de\"},{\"@type\":\"ListItem\",\"position\":3,\"name\":\"Gutachten und Beratung\",\"item\":\"https:\/\/conservation-science.ch\/?page_id=39641&lang=de\"},{\"@type\":\"ListItem\",\"position\":4,\"name\":\"Beratungen\"}]},{\"@type\":\"WebSite\",\"@id\":\"https:\/\/conservation-science.ch\/#website\",\"url\":\"https:\/\/conservation-science.ch\/\",\"name\":\"CSC - Conservation - Sciences\",\"description\":\"Transmission de connaissances dans le domaine des sciences de la conservation du patrimoine b\u00e2ti\",\"potentialAction\":[{\"@type\":\"SearchAction\",\"target\":{\"@type\":\"EntryPoint\",\"urlTemplate\":\"https:\/\/conservation-science.ch\/?s={search_term_string}\"},\"query-input\":{\"@type\":\"PropertyValueSpecification\",\"valueRequired\":true,\"valueName\":\"search_term_string\"}}],\"inLanguage\":\"fr-FR\"}]}<\/script>\n<!-- \/ Yoast SEO plugin. -->","yoast_head_json":{"title":"Beratungen - Bl\u00e4uer - Conservation - Science","robots":{"index":"index","follow":"follow","max-snippet":"max-snippet:-1","max-image-preview":"max-image-preview:large","max-video-preview":"max-video-preview:-1"},"canonical":"https:\/\/conservation-science.ch\/?page_id=39645&lang=de","og_locale":"fr_FR","og_type":"article","og_title":"Beratungen - Bl\u00e4uer - Conservation - Science","og_description":"Beratungen: unsere Arbeit basiert zu allererst auf einer Untersuchung des Baus oder der Anlage selbst und den sich dort zeigenden Probleme. Unsere Analyse schliesst, wenn immer m\u00f6glich das Studium der vorhandenen Archivalien (Fotografien und Textdokumente) ein. Letztere geben uns \u00fcber die Geschichte des Objektes Auskunft und sind damit ein sehr wichtiges Element zum Verst\u00e4ndnis der &hellip; Continuer la lecture de Beratungen","og_url":"https:\/\/conservation-science.ch\/?page_id=39645&lang=de","og_site_name":"Bl\u00e4uer - Conservation - Science","article_modified_time":"2024-11-16T19:08:00+00:00","og_image":[{"url":"https:\/\/csc-sarl.ch\/wp-content\/uploads\/2018\/06\/prestations_consultations.jpg","type":"","width":"","height":""}],"twitter_card":"summary_large_image","twitter_misc":{"Dur\u00e9e de lecture estim\u00e9e":"1 minute"},"schema":{"@context":"https:\/\/schema.org","@graph":[{"@type":"WebPage","@id":"https:\/\/conservation-science.ch\/?page_id=39645&lang=de","url":"https:\/\/conservation-science.ch\/?page_id=39645&lang=de","name":"Beratungen - Bl\u00e4uer - Conservation - Science","isPartOf":{"@id":"https:\/\/conservation-science.ch\/#website"},"primaryImageOfPage":{"@id":"https:\/\/conservation-science.ch\/?page_id=39645&lang=de#primaryimage"},"image":{"@id":"https:\/\/conservation-science.ch\/?page_id=39645&lang=de#primaryimage"},"thumbnailUrl":"https:\/\/csc-sarl.ch\/wp-content\/uploads\/2018\/06\/prestations_consultations.jpg","datePublished":"2024-09-05T07:37:34+00:00","dateModified":"2024-11-16T19:08:00+00:00","breadcrumb":{"@id":"https:\/\/conservation-science.ch\/?page_id=39645&lang=de#breadcrumb"},"inLanguage":"fr-FR","potentialAction":[{"@type":"ReadAction","target":["https:\/\/conservation-science.ch\/?page_id=39645&lang=de"]}]},{"@type":"ImageObject","inLanguage":"fr-FR","@id":"https:\/\/conservation-science.ch\/?page_id=39645&lang=de#primaryimage","url":"https:\/\/csc-sarl.ch\/wp-content\/uploads\/2018\/06\/prestations_consultations.jpg","contentUrl":"https:\/\/csc-sarl.ch\/wp-content\/uploads\/2018\/06\/prestations_consultations.jpg"},{"@type":"BreadcrumbList","@id":"https:\/\/conservation-science.ch\/?page_id=39645&lang=de#breadcrumb","itemListElement":[{"@type":"ListItem","position":1,"name":"Accueil","item":"https:\/\/conservation-science.ch\/"},{"@type":"ListItem","position":2,"name":"Aktivit\u00e4ten","item":"https:\/\/conservation-science.ch\/?page_id=39637&lang=de"},{"@type":"ListItem","position":3,"name":"Gutachten und Beratung","item":"https:\/\/conservation-science.ch\/?page_id=39641&lang=de"},{"@type":"ListItem","position":4,"name":"Beratungen"}]},{"@type":"WebSite","@id":"https:\/\/conservation-science.ch\/#website","url":"https:\/\/conservation-science.ch\/","name":"CSC - Conservation - Sciences","description":"Transmission de connaissances dans le domaine des sciences de la conservation du patrimoine b\u00e2ti","potentialAction":[{"@type":"SearchAction","target":{"@type":"EntryPoint","urlTemplate":"https:\/\/conservation-science.ch\/?s={search_term_string}"},"query-input":{"@type":"PropertyValueSpecification","valueRequired":true,"valueName":"search_term_string"}}],"inLanguage":"fr-FR"}]}},"_links":{"self":[{"href":"https:\/\/conservation-science.ch\/index.php?rest_route=\/wp\/v2\/pages\/39645","targetHints":{"allow":["GET"]}}],"collection":[{"href":"https:\/\/conservation-science.ch\/index.php?rest_route=\/wp\/v2\/pages"}],"about":[{"href":"https:\/\/conservation-science.ch\/index.php?rest_route=\/wp\/v2\/types\/page"}],"author":[{"embeddable":true,"href":"https:\/\/conservation-science.ch\/index.php?rest_route=\/wp\/v2\/users\/4"}],"replies":[{"embeddable":true,"href":"https:\/\/conservation-science.ch\/index.php?rest_route=%2Fwp%2Fv2%2Fcomments&post=39645"}],"version-history":[{"count":2,"href":"https:\/\/conservation-science.ch\/index.php?rest_route=\/wp\/v2\/pages\/39645\/revisions"}],"predecessor-version":[{"id":40432,"href":"https:\/\/conservation-science.ch\/index.php?rest_route=\/wp\/v2\/pages\/39645\/revisions\/40432"}],"up":[{"embeddable":true,"href":"https:\/\/conservation-science.ch\/index.php?rest_route=\/wp\/v2\/pages\/39641"}],"wp:attachment":[{"href":"https:\/\/conservation-science.ch\/index.php?rest_route=%2Fwp%2Fv2%2Fmedia&parent=39645"}],"curies":[{"name":"wp","href":"https:\/\/api.w.org\/{rel}","templated":true}]}}