{"id":39637,"date":"2024-09-05T09:19:34","date_gmt":"2024-09-05T07:19:34","guid":{"rendered":"https:\/\/conservation-science.ch\/?page_id=39637"},"modified":"2024-11-16T19:52:37","modified_gmt":"2024-11-16T18:52:37","slug":"aktivitaeten","status":"publish","type":"page","link":"https:\/\/conservation-science.ch\/?page_id=39637&lang=de","title":{"rendered":"Aktivit\u00e4ten"},"content":{"rendered":"<p style=\"text-align: justify;\">Unsere\u00a0<a href=\"\/de\/aktivitaeten\/gutachten-und-beratung\/\">Dienstleistungen<\/a>\u00a0basieren auf Beobachtungen und Analysen des Objektes. Diese Spezialkenntnisse vermitteln wir Ihnen in\u00a0<a href=\"\/de\/aktivitaten\/lehre-und-ausbildung\/\">Kursen<\/a>\u00a0und Vorlesungen im Rahmen von Fachhochschul- und Universit\u00e4tslehrg\u00e4ngen, um Ihnen sachkundige Entscheidungen bei Ihren Restaurierungsvorhaben zu erm\u00f6glichen.<br \/>\nUnsere Fachkenntnisse und Kontakte erlauben es uns, Sie mit\u00a0<a href=\"\/de\/aktivitaten\/angewandte-forschung\/\">angewandten Forschungsprojekten<\/a>\u00a0zu unterst\u00fctzen. Wir k\u00f6nnen Ihnen auch beim Entwurf von Werbematerial, welches dazu dient Ihr Baudenkmal oder Ihre historische Anlage der \u00d6ffentlichkeit zu pr\u00e4sentieren, weiterhelfen.<\/p>\n<h6>Um mehr zu erfahren \u00fcber:<\/h6>\n<table style=\"width: 634px;\" border=\"0\" width=\"500\">\n<tbody>\n<tr style=\"height: 80px;\">\n<td style=\"width: 112px; height: 80px;\" width=\"105\" height=\"\"><img loading=\"lazy\" decoding=\"async\" class=\"alignnone size-full wp-image-28906\" src=\"https:\/\/csc-sarl.ch\/wp-content\/uploads\/2018\/06\/xbmesuresxrf_100px.jpg\" alt=\"\" width=\"100\" height=\"72\" \/><\/td>\n<td style=\"width: 178px; height: 80px;\" width=\"200\" height=\"\"><a href=\"\/de\/aktivitaten\/gutachten-und-beratung\/\">Dienstleistungen<\/a><\/td>\n<td style=\"width: 107px; height: 80px;\"><img loading=\"lazy\" decoding=\"async\" class=\"alignnone size-full wp-image-28904\" src=\"https:\/\/csc-sarl.ch\/wp-content\/uploads\/2018\/06\/extractionselsmatthieufuscien_100px.jpg\" alt=\"\" width=\"100\" height=\"72\" \/><\/td>\n<td style=\"width: 237px; height: 80px;\" width=\"200\" height=\"\"><a href=\"\/de\/aktivitaten\/angewandte-forschung\/\">Forschung<\/a><\/td>\n<\/tr>\n<tr style=\"height: 80px;\">\n<td style=\"width: 112px; height: 80px;\"><img loading=\"lazy\" decoding=\"async\" class=\"alignnone size-full wp-image-28903\" src=\"https:\/\/csc-sarl.ch\/wp-content\/uploads\/2018\/06\/coursburgdorf_100px.jpg\" alt=\"\" width=\"100\" height=\"72\" \/><\/td>\n<td style=\"width: 178px; height: 80px;\"><a href=\"\/de\/aktivitaten\/lehre-und-ausbildung\/\">Lehrt\u00e4tigkeit<\/a><\/td>\n<td style=\"width: 107px; height: 80px;\"><img loading=\"lazy\" decoding=\"async\" class=\"alignnone size-full wp-image-28905\" src=\"https:\/\/csc-sarl.ch\/wp-content\/uploads\/2018\/06\/visiteguideefr2011archeo_100px.jpg\" alt=\"\" width=\"100\" height=\"72\" \/><\/td>\n<td style=\"width: 237px; height: 80px;\"><a href=\"\/de\/aktivitaeten\/geologische-fuehrungen-in-staedten\/\">Geologische F\u00fchrungen<\/a><\/td>\n<\/tr>\n<tr style=\"height: 26px;\">\n<td style=\"width: 112px; height: 26px;\"><\/td>\n<td style=\"width: 178px; height: 26px;\"><\/td>\n<td style=\"width: 107px; height: 26px;\"><\/td>\n<td style=\"width: 237px; height: 26px;\"><\/td>\n<\/tr>\n<\/tbody>\n<\/table>\n","protected":false},"excerpt":{"rendered":"<p>Unsere\u00a0Dienstleistungen\u00a0basieren auf Beobachtungen und Analysen des Objektes. Diese Spezialkenntnisse vermitteln wir Ihnen in\u00a0Kursen\u00a0und Vorlesungen im Rahmen von Fachhochschul- und Universit\u00e4tslehrg\u00e4ngen, um Ihnen sachkundige Entscheidungen bei Ihren Restaurierungsvorhaben zu erm\u00f6glichen. Unsere Fachkenntnisse und Kontakte erlauben es uns, Sie mit\u00a0angewandten Forschungsprojekten\u00a0zu unterst\u00fctzen. Wir k\u00f6nnen Ihnen auch beim Entwurf von Werbematerial, welches dazu dient Ihr Baudenkmal oder Ihre &hellip; <a href=\"https:\/\/conservation-science.ch\/?page_id=39637&#038;lang=de\" class=\"more-link\">Continuer la lecture de <span class=\"screen-reader-text\">Aktivit\u00e4ten<\/span><\/a><\/p>\n","protected":false},"author":4,"featured_media":0,"parent":0,"menu_order":3,"comment_status":"closed","ping_status":"closed","template":"","meta":{"footnotes":""},"class_list":["post-39637","page","type-page","status-publish","hentry"],"yoast_head":"<!-- This site is optimized with the Yoast SEO plugin v27.2 - https:\/\/yoast.com\/product\/yoast-seo-wordpress\/ -->\n<title>Aktivit\u00e4ten - Bl\u00e4uer - Conservation - Science<\/title>\n<meta name=\"robots\" content=\"index, follow, max-snippet:-1, max-image-preview:large, max-video-preview:-1\" \/>\n<link rel=\"canonical\" href=\"https:\/\/conservation-science.ch\/?page_id=39637&lang=de\" \/>\n<meta property=\"og:locale\" content=\"fr_FR\" \/>\n<meta property=\"og:type\" content=\"article\" \/>\n<meta property=\"og:title\" content=\"Aktivit\u00e4ten - Bl\u00e4uer - Conservation - Science\" \/>\n<meta property=\"og:description\" content=\"Unsere\u00a0Dienstleistungen\u00a0basieren auf Beobachtungen und Analysen des Objektes. Diese Spezialkenntnisse vermitteln wir Ihnen in\u00a0Kursen\u00a0und Vorlesungen im Rahmen von Fachhochschul- und Universit\u00e4tslehrg\u00e4ngen, um Ihnen sachkundige Entscheidungen bei Ihren Restaurierungsvorhaben zu erm\u00f6glichen. Unsere Fachkenntnisse und Kontakte erlauben es uns, Sie mit\u00a0angewandten Forschungsprojekten\u00a0zu unterst\u00fctzen. Wir k\u00f6nnen Ihnen auch beim Entwurf von Werbematerial, welches dazu dient Ihr Baudenkmal oder Ihre &hellip; Continuer la lecture de Aktivit\u00e4ten\" \/>\n<meta property=\"og:url\" content=\"https:\/\/conservation-science.ch\/?page_id=39637&amp;lang=de\" \/>\n<meta property=\"og:site_name\" content=\"Bl\u00e4uer - Conservation - Science\" \/>\n<meta property=\"article:modified_time\" content=\"2024-11-16T18:52:37+00:00\" \/>\n<meta property=\"og:image\" content=\"https:\/\/csc-sarl.ch\/wp-content\/uploads\/2018\/06\/xbmesuresxrf_100px.jpg\" \/>\n<meta name=\"twitter:card\" content=\"summary_large_image\" \/>\n<meta name=\"twitter:label1\" content=\"Dur\u00e9e de lecture estim\u00e9e\" \/>\n\t<meta name=\"twitter:data1\" content=\"2 minutes\" \/>\n<script type=\"application\/ld+json\" class=\"yoast-schema-graph\">{\"@context\":\"https:\/\/schema.org\",\"@graph\":[{\"@type\":\"WebPage\",\"@id\":\"https:\/\/conservation-science.ch\/?page_id=39637&lang=de\",\"url\":\"https:\/\/conservation-science.ch\/?page_id=39637&lang=de\",\"name\":\"Aktivit\u00e4ten - Bl\u00e4uer - Conservation - Science\",\"isPartOf\":{\"@id\":\"https:\/\/conservation-science.ch\/#website\"},\"primaryImageOfPage\":{\"@id\":\"https:\/\/conservation-science.ch\/?page_id=39637&lang=de#primaryimage\"},\"image\":{\"@id\":\"https:\/\/conservation-science.ch\/?page_id=39637&lang=de#primaryimage\"},\"thumbnailUrl\":\"https:\/\/csc-sarl.ch\/wp-content\/uploads\/2018\/06\/xbmesuresxrf_100px.jpg\",\"datePublished\":\"2024-09-05T07:19:34+00:00\",\"dateModified\":\"2024-11-16T18:52:37+00:00\",\"breadcrumb\":{\"@id\":\"https:\/\/conservation-science.ch\/?page_id=39637&lang=de#breadcrumb\"},\"inLanguage\":\"fr-FR\",\"potentialAction\":[{\"@type\":\"ReadAction\",\"target\":[\"https:\/\/conservation-science.ch\/?page_id=39637&lang=de\"]}]},{\"@type\":\"ImageObject\",\"inLanguage\":\"fr-FR\",\"@id\":\"https:\/\/conservation-science.ch\/?page_id=39637&lang=de#primaryimage\",\"url\":\"https:\/\/csc-sarl.ch\/wp-content\/uploads\/2018\/06\/xbmesuresxrf_100px.jpg\",\"contentUrl\":\"https:\/\/csc-sarl.ch\/wp-content\/uploads\/2018\/06\/xbmesuresxrf_100px.jpg\"},{\"@type\":\"BreadcrumbList\",\"@id\":\"https:\/\/conservation-science.ch\/?page_id=39637&lang=de#breadcrumb\",\"itemListElement\":[{\"@type\":\"ListItem\",\"position\":1,\"name\":\"Accueil\",\"item\":\"https:\/\/conservation-science.ch\/\"},{\"@type\":\"ListItem\",\"position\":2,\"name\":\"Aktivit\u00e4ten\"}]},{\"@type\":\"WebSite\",\"@id\":\"https:\/\/conservation-science.ch\/#website\",\"url\":\"https:\/\/conservation-science.ch\/\",\"name\":\"CSC - Conservation - Sciences\",\"description\":\"Transmission de connaissances dans le domaine des sciences de la conservation du patrimoine b\u00e2ti\",\"potentialAction\":[{\"@type\":\"SearchAction\",\"target\":{\"@type\":\"EntryPoint\",\"urlTemplate\":\"https:\/\/conservation-science.ch\/?s={search_term_string}\"},\"query-input\":{\"@type\":\"PropertyValueSpecification\",\"valueRequired\":true,\"valueName\":\"search_term_string\"}}],\"inLanguage\":\"fr-FR\"}]}<\/script>\n<!-- \/ Yoast SEO plugin. -->","yoast_head_json":{"title":"Aktivit\u00e4ten - Bl\u00e4uer - Conservation - Science","robots":{"index":"index","follow":"follow","max-snippet":"max-snippet:-1","max-image-preview":"max-image-preview:large","max-video-preview":"max-video-preview:-1"},"canonical":"https:\/\/conservation-science.ch\/?page_id=39637&lang=de","og_locale":"fr_FR","og_type":"article","og_title":"Aktivit\u00e4ten - Bl\u00e4uer - Conservation - Science","og_description":"Unsere\u00a0Dienstleistungen\u00a0basieren auf Beobachtungen und Analysen des Objektes. Diese Spezialkenntnisse vermitteln wir Ihnen in\u00a0Kursen\u00a0und Vorlesungen im Rahmen von Fachhochschul- und Universit\u00e4tslehrg\u00e4ngen, um Ihnen sachkundige Entscheidungen bei Ihren Restaurierungsvorhaben zu erm\u00f6glichen. Unsere Fachkenntnisse und Kontakte erlauben es uns, Sie mit\u00a0angewandten Forschungsprojekten\u00a0zu unterst\u00fctzen. Wir k\u00f6nnen Ihnen auch beim Entwurf von Werbematerial, welches dazu dient Ihr Baudenkmal oder Ihre &hellip; Continuer la lecture de Aktivit\u00e4ten","og_url":"https:\/\/conservation-science.ch\/?page_id=39637&lang=de","og_site_name":"Bl\u00e4uer - Conservation - Science","article_modified_time":"2024-11-16T18:52:37+00:00","og_image":[{"url":"https:\/\/csc-sarl.ch\/wp-content\/uploads\/2018\/06\/xbmesuresxrf_100px.jpg","type":"","width":"","height":""}],"twitter_card":"summary_large_image","twitter_misc":{"Dur\u00e9e de lecture estim\u00e9e":"2 minutes"},"schema":{"@context":"https:\/\/schema.org","@graph":[{"@type":"WebPage","@id":"https:\/\/conservation-science.ch\/?page_id=39637&lang=de","url":"https:\/\/conservation-science.ch\/?page_id=39637&lang=de","name":"Aktivit\u00e4ten - Bl\u00e4uer - Conservation - Science","isPartOf":{"@id":"https:\/\/conservation-science.ch\/#website"},"primaryImageOfPage":{"@id":"https:\/\/conservation-science.ch\/?page_id=39637&lang=de#primaryimage"},"image":{"@id":"https:\/\/conservation-science.ch\/?page_id=39637&lang=de#primaryimage"},"thumbnailUrl":"https:\/\/csc-sarl.ch\/wp-content\/uploads\/2018\/06\/xbmesuresxrf_100px.jpg","datePublished":"2024-09-05T07:19:34+00:00","dateModified":"2024-11-16T18:52:37+00:00","breadcrumb":{"@id":"https:\/\/conservation-science.ch\/?page_id=39637&lang=de#breadcrumb"},"inLanguage":"fr-FR","potentialAction":[{"@type":"ReadAction","target":["https:\/\/conservation-science.ch\/?page_id=39637&lang=de"]}]},{"@type":"ImageObject","inLanguage":"fr-FR","@id":"https:\/\/conservation-science.ch\/?page_id=39637&lang=de#primaryimage","url":"https:\/\/csc-sarl.ch\/wp-content\/uploads\/2018\/06\/xbmesuresxrf_100px.jpg","contentUrl":"https:\/\/csc-sarl.ch\/wp-content\/uploads\/2018\/06\/xbmesuresxrf_100px.jpg"},{"@type":"BreadcrumbList","@id":"https:\/\/conservation-science.ch\/?page_id=39637&lang=de#breadcrumb","itemListElement":[{"@type":"ListItem","position":1,"name":"Accueil","item":"https:\/\/conservation-science.ch\/"},{"@type":"ListItem","position":2,"name":"Aktivit\u00e4ten"}]},{"@type":"WebSite","@id":"https:\/\/conservation-science.ch\/#website","url":"https:\/\/conservation-science.ch\/","name":"CSC - Conservation - Sciences","description":"Transmission de connaissances dans le domaine des sciences de la conservation du patrimoine b\u00e2ti","potentialAction":[{"@type":"SearchAction","target":{"@type":"EntryPoint","urlTemplate":"https:\/\/conservation-science.ch\/?s={search_term_string}"},"query-input":{"@type":"PropertyValueSpecification","valueRequired":true,"valueName":"search_term_string"}}],"inLanguage":"fr-FR"}]}},"_links":{"self":[{"href":"https:\/\/conservation-science.ch\/index.php?rest_route=\/wp\/v2\/pages\/39637","targetHints":{"allow":["GET"]}}],"collection":[{"href":"https:\/\/conservation-science.ch\/index.php?rest_route=\/wp\/v2\/pages"}],"about":[{"href":"https:\/\/conservation-science.ch\/index.php?rest_route=\/wp\/v2\/types\/page"}],"author":[{"embeddable":true,"href":"https:\/\/conservation-science.ch\/index.php?rest_route=\/wp\/v2\/users\/4"}],"replies":[{"embeddable":true,"href":"https:\/\/conservation-science.ch\/index.php?rest_route=%2Fwp%2Fv2%2Fcomments&post=39637"}],"version-history":[{"count":6,"href":"https:\/\/conservation-science.ch\/index.php?rest_route=\/wp\/v2\/pages\/39637\/revisions"}],"predecessor-version":[{"id":40422,"href":"https:\/\/conservation-science.ch\/index.php?rest_route=\/wp\/v2\/pages\/39637\/revisions\/40422"}],"wp:attachment":[{"href":"https:\/\/conservation-science.ch\/index.php?rest_route=%2Fwp%2Fv2%2Fmedia&parent=39637"}],"curies":[{"name":"wp","href":"https:\/\/api.w.org\/{rel}","templated":true}]}}