{"id":39627,"date":"2024-09-05T09:05:39","date_gmt":"2024-09-05T07:05:39","guid":{"rendered":"https:\/\/conservation-science.ch\/?page_id=39627"},"modified":"2024-09-05T09:05:39","modified_gmt":"2024-09-05T07:05:39","slug":"links","status":"publish","type":"page","link":"https:\/\/conservation-science.ch\/?page_id=39627&lang=de","title":{"rendered":"Links"},"content":{"rendered":"<p>Wir schlagen Ihnen vor die folgenden Internetseiten zu besuchen:<\/p>\n<p><strong><span class=\"style2\"> Verfolgen Sie die <\/span><span class=\"style2\">Restaurierungsarbeiten an einigen<br \/>\nschweizerischen Denkm\u00e4lern<\/span> :<\/strong><\/p>\n<table class=\"style1\" style=\"width: 595px;\" border=\"0\" width=\"570\">\n<tbody>\n<tr>\n<td style=\"width: 90px;\"><img loading=\"lazy\" decoding=\"async\" class=\"alignnone size-full wp-image-29011\" src=\"https:\/\/csc-sarl.ch\/wp-content\/uploads\/2018\/06\/muensterbe_80pxhaut-1.jpg\" alt=\"\" width=\"35\" height=\"48\" \/><\/td>\n<td style=\"width: 199px;\" width=\"285\" height=\"\"><a href=\"http:\/\/www.bernermuensterstiftung.ch\/aktuell\/aktuell.php\" target=\"_blank\" rel=\"noopener\">M\u00fcnster Bern<\/a> (D)<\/td>\n<td style=\"width: 83px;\"><img loading=\"lazy\" decoding=\"async\" class=\"alignnone size-full wp-image-29010\" src=\"https:\/\/csc-sarl.ch\/wp-content\/uploads\/2018\/06\/ne_neuchatel_collegiale_090929_001.jpg\" alt=\"\" width=\"35\" height=\"50\" \/><\/td>\n<td style=\"width: 223px;\" width=\"285\" height=\"\"><a href=\"http:\/\/www.restaurationcollegialeneuchatel.ch\/\" target=\"_blank\" rel=\"noopener\">Kollegiatkirche Neuenburg<\/a> (F)<\/td>\n<\/tr>\n<tr>\n<td style=\"width: 90px;\"><img loading=\"lazy\" decoding=\"async\" class=\"alignnone size-full wp-image-29009\" src=\"https:\/\/csc-sarl.ch\/wp-content\/uploads\/2018\/06\/ktlausanne.jpg\" alt=\"\" width=\"35\" height=\"50\" \/><\/td>\n<td style=\"width: 199px;\"><a href=\"http:\/\/www.patrimoine.vd.ch\/cathedrale-de-lausanne\/accueil\/\" target=\"_blank\" rel=\"noopener\">Kathedrale Lausanne<\/a> (F)<\/td>\n<td style=\"width: 83px;\"><img loading=\"lazy\" decoding=\"async\" class=\"alignnone size-full wp-image-29008\" src=\"https:\/\/csc-sarl.ch\/wp-content\/uploads\/2018\/06\/ktbale.jpg\" alt=\"\" width=\"35\" height=\"50\" \/><\/td>\n<td style=\"width: 223px;\"><a href=\"http:\/\/www.baslermuenster.ch\/bauwerk\/baugeschichte\" target=\"_blank\" rel=\"noopener\">M\u00fcnster Basel<\/a><a href=\"http:\/\/www.baslermuenster.ch\/bauwerk\/baugeschichte\" target=\"_blank\" rel=\"noopener\"> (D)<\/a><\/td>\n<\/tr>\n<\/tbody>\n<\/table>\n<p><span class=\"style2\"> Vereinigungen: <\/span><\/p>\n<table class=\"style1\" style=\"width: 600px;\" border=\"0\" width=\"570\">\n<tbody>\n<tr>\n<td style=\"width: 88px;\"><img loading=\"lazy\" decoding=\"async\" class=\"rex_image alignnone\" src=\"https:\/\/csc-sarl.ch\/wp-content\/uploads\/2018\/06\/achiass.jpg\" alt=\"[Keine Beschreibung eingegeben]\" ismap=\"ismap\" width=\"35\" height=\"50\" \/><\/td>\n<td style=\"width: 200px;\" width=\"285\" height=\"\"><a href=\"http:\/\/www.achiassociation.org\/\" target=\"_blank\" rel=\"noopener\">ACHI<\/a> &#8211; Verein der sich der Erhaltung des buddhistischen Erbes im Ladakh widmet (E)<\/td>\n<td style=\"width: 78px;\"><img loading=\"lazy\" decoding=\"async\" class=\"rex_image alignnone\" src=\"https:\/\/csc-sarl.ch\/wp-content\/uploads\/2018\/06\/armp.jpg\" alt=\"[Keine Beschreibung eingegeben]\" ismap=\"ismap\" width=\"35\" height=\"50\" \/><\/td>\n<td style=\"width: 234px;\" width=\"285\" height=\"\"><a href=\"http:\/\/www.armp.ch\/\" target=\"_blank\" rel=\"noopener\">ARMP<\/a> &#8211; Verband des Steingewerbes der franz\u00f6sischen Schweiz (F)<\/td>\n<\/tr>\n<\/tbody>\n<\/table>\n<p><span class=\"style2\"> Glossare, Wikis,&#8230;:<\/span><\/p>\n<table class=\"style1\" style=\"width: 605px;\" border=\"0\" width=\"570\">\n<tbody>\n<tr>\n<td style=\"width: 120px;\"><img decoding=\"async\" class=\"rex_image\" src=\"https:\/\/csc-sarl.ch\/wp-content\/uploads\/2018\/06\/glossaireicomos.jpg\" alt=\"[Keine Beschreibung eingegeben]\" ismap=\"ismap\" \/><\/td>\n<td style=\"width: 199px;\" width=\"285\" height=\"\"><a href=\"http:\/\/international.icomos.org\/publications\/monuments_and_sites\/15\/index.htm\" target=\"_blank\" rel=\"noopener\">ICOMOS-ISCS &#8211; Illustriertes Glossar <\/a>der Verwitterungsformen von Naturstein (F, E, D)<\/td>\n<td style=\"width: 93px;\"><img decoding=\"async\" class=\"rex_image\" src=\"https:\/\/csc-sarl.ch\/wp-content\/uploads\/2018\/06\/saltwiki.jpg\" alt=\"[Keine Beschreibung eingegeben]\" ismap=\"ismap\" \/><\/td>\n<td style=\"width: 193px;\" width=\"285\" height=\"\"><a href=\"http:\/\/www.salzwiki.de\/\" target=\"_blank\" rel=\"noopener\">SalzWiki<\/a> &#8211; Wiki zum Thema \u00ab\u00a0Sch\u00e4den durch Salze\u00a0\u00bb (E, D)<\/td>\n<\/tr>\n<tr>\n<td style=\"width: 120px;\"><img decoding=\"async\" class=\"rex_image\" src=\"https:\/\/csc-sarl.ch\/wp-content\/uploads\/2018\/06\/padfield.jpg\" alt=\"[Keine Beschreibung eingegeben]\" ismap=\"ismap\" \/><\/td>\n<td style=\"width: 199px;\">Alles was Sie schon immer \u00fcber die <a href=\"http:\/\/www.conservationphysics.org\/\" target=\"_blank\" rel=\"noopener\">Beziehung zwischen Bauphysik und musealer Erhaltung<\/a> wissen wollten; von Tim Padfield (E)<\/td>\n<td style=\"width: 93px;\"><img decoding=\"async\" class=\"rex_image\" src=\"https:\/\/csc-sarl.ch\/wp-content\/uploads\/2018\/06\/expoterre.jpg\" alt=\"[Keine Beschreibung eingegeben]\" ismap=\"ismap\" \/><\/td>\n<td style=\"width: 193px;\"><span class=\"alt-edited\">Korn,<\/span> Lehm, Konstruktionen &#8230;<br \/>\nVideo-Serie von <a href=\"https:\/\/vimeo.com\/album\/3264861\/sort:alphabetical\/format:detail\" target=\"_blank\" rel=\"noopener\">Grains de Batisseurs<\/a> (F)<\/td>\n<\/tr>\n<\/tbody>\n<\/table>\n<p><span class=\"style2\"> Alte Steine und Arch\u00e4ologie:<\/span><\/p>\n<table class=\"style1\" style=\"width: 607px;\" border=\"0\" width=\"570\">\n<tbody>\n<tr>\n<td style=\"width: 109px;\"><img decoding=\"async\" class=\"rex_image\" src=\"https:\/\/csc-sarl.ch\/wp-content\/uploads\/2018\/06\/perstoremyr.jpg\" alt=\"[Keine Beschreibung eingegeben]\" ismap=\"ismap\" \/><\/td>\n<td style=\"width: 208px;\" colspan=\"3\" width=\"285\" height=\"\"><a href=\"http:\/\/per-storemyr.net\/\" target=\"_blank\" rel=\"noopener\">Archaeology and Conservation Services<\/a>, Firma von Per Storemyr (E)<\/td>\n<\/tr>\n<\/tbody>\n<\/table>\n<p><span class=\"style2\">Alte Steine und Geologie:<\/span><\/p>\n<table class=\"style1\" style=\"width: 610px;\" border=\"0\" width=\"570\">\n<tbody>\n<tr>\n<td style=\"width: 92px;\"><img decoding=\"async\" class=\"rex_image\" src=\"https:\/\/csc-sarl.ch\/wp-content\/uploads\/2018\/06\/thierrybasset.jpg\" alt=\"[Keine Beschreibung eingegeben]\" ismap=\"ismap\" \/><\/td>\n<td style=\"width: 198px;\" width=\"285\" height=\"\"><a href=\"https:\/\/www.thierrybasset.ch\/\" target=\"_blank\" rel=\"noopener\">Thierry Basset<\/a>, Schweizer Geologe Vulkanologe und erfahrener Popul\u00e4rwissenschaftler, wird Sie von Geologie begeistern! (F)<\/td>\n<td style=\"width: 91px;\"><img decoding=\"async\" class=\"rex_image\" src=\"https:\/\/csc-sarl.ch\/wp-content\/uploads\/2018\/06\/geologywriter.jpg\" alt=\"[Keine Beschreibung eingegeben]\" ismap=\"ismap\" \/><\/td>\n<td style=\"width: 229px; vertical-align: top;\" width=\"285\" height=\"\"><a href=\"http:\/\/geologywriter.com\/about\/\" target=\"_blank\" rel=\"noopener\">David B. Williams<\/a>, amerikanischer Geologe, liest die Geschichte der Erde an Fassaden ab (E)<\/td>\n<\/tr>\n<\/tbody>\n<\/table>\n<p><span class=\"style2\"> Besoin d&rsquo;un hydrog\u00e9ologue ?<\/span><\/p>\n<table class=\"style1\" style=\"width: 618px;\" border=\"0\" width=\"570\">\n<tbody>\n<tr>\n<td style=\"width: 92px;\"><img decoding=\"async\" class=\"rex_image\" src=\"https:\/\/csc-sarl.ch\/wp-content\/uploads\/2018\/06\/boehmgeol.jpg\" alt=\"[Keine Beschreibung eingegeben]\" ismap=\"ismap\" \/><\/td>\n<td style=\"width: 201px;\" width=\"285\" height=\"\"><a href=\"http:\/\/www.boehmgeol.ch\/\" target=\"_blank\" rel=\"noopener\">Christian B\u00f6hm<\/a>, Hydrogeologe im Kanton Graub\u00fcnden (D, I)<\/td>\n<td style=\"width: 14px;\"><\/td>\n<td style=\"width: 311px;\" width=\"285\" height=\"\"><\/td>\n<\/tr>\n<\/tbody>\n<\/table>\n<p><span class=\"style2\"> Wast ist Wissenschaft?<\/span><\/p>\n<table class=\"style1\" style=\"width: 646px;\" border=\"0\" width=\"570\">\n<tbody>\n<tr>\n<td style=\"width: 89px;\"><a href=\"https:\/\/explorable.com\/fr\" target=\"_blank\" rel=\"noopener\"><img loading=\"lazy\" decoding=\"async\" class=\"rex_image aligncenter\" src=\"https:\/\/csc-sarl.ch\/wp-content\/uploads\/2018\/06\/explorable.jpg\" alt=\"[Keine Beschreibung eingegeben]\" ismap=\"ismap\" width=\"66\" height=\"94\" \/><\/a><\/td>\n<td style=\"width: 268px; vertical-align: top;\" width=\"285\" height=\"\"><a href=\"https:\/\/explorable.com\/de\" target=\"_blank\" rel=\"noopener\">Explorable.com<\/a>: Ein \u00c4nf\u00e4ngerkurs zu Schl\u00fcsselkonzepten wissenschaftlicher Methoden, Wissenschaft, Forschung und Entwicklung (E, F, D)<\/td>\n<td style=\"width: 17px;\"><\/td>\n<td style=\"width: 272px;\" width=\"285\" height=\"\"><\/td>\n<\/tr>\n<\/tbody>\n<\/table>\n","protected":false},"excerpt":{"rendered":"<p>Wir schlagen Ihnen vor die folgenden Internetseiten zu besuchen: Verfolgen Sie die Restaurierungsarbeiten an einigen schweizerischen Denkm\u00e4lern : M\u00fcnster Bern (D) Kollegiatkirche Neuenburg (F) Kathedrale Lausanne (F) M\u00fcnster Basel (D) Vereinigungen: ACHI &#8211; Verein der sich der Erhaltung des buddhistischen Erbes im Ladakh widmet (E) ARMP &#8211; Verband des Steingewerbes der franz\u00f6sischen Schweiz (F) Glossare, &hellip; <a href=\"https:\/\/conservation-science.ch\/?page_id=39627&#038;lang=de\" class=\"more-link\">Continuer la lecture de <span class=\"screen-reader-text\">Links<\/span><\/a><\/p>\n","protected":false},"author":4,"featured_media":0,"parent":39529,"menu_order":3,"comment_status":"closed","ping_status":"closed","template":"","meta":{"footnotes":""},"class_list":["post-39627","page","type-page","status-publish","hentry"],"yoast_head":"<!-- This site is optimized with the Yoast SEO plugin v27.2 - https:\/\/yoast.com\/product\/yoast-seo-wordpress\/ -->\n<title>Links - Bl\u00e4uer - Conservation - Science<\/title>\n<meta name=\"robots\" content=\"index, follow, max-snippet:-1, max-image-preview:large, max-video-preview:-1\" \/>\n<link rel=\"canonical\" href=\"https:\/\/conservation-science.ch\/?page_id=39627&lang=de\" \/>\n<meta property=\"og:locale\" content=\"fr_FR\" \/>\n<meta property=\"og:type\" content=\"article\" \/>\n<meta property=\"og:title\" content=\"Links - Bl\u00e4uer - Conservation - Science\" \/>\n<meta property=\"og:description\" content=\"Wir schlagen Ihnen vor die folgenden Internetseiten zu besuchen: Verfolgen Sie die Restaurierungsarbeiten an einigen schweizerischen Denkm\u00e4lern : M\u00fcnster Bern (D) Kollegiatkirche Neuenburg (F) Kathedrale Lausanne (F) M\u00fcnster Basel (D) Vereinigungen: ACHI &#8211; Verein der sich der Erhaltung des buddhistischen Erbes im Ladakh widmet (E) ARMP &#8211; Verband des Steingewerbes der franz\u00f6sischen Schweiz (F) Glossare, &hellip; Continuer la lecture de Links\" \/>\n<meta property=\"og:url\" content=\"https:\/\/conservation-science.ch\/?page_id=39627&amp;lang=de\" \/>\n<meta property=\"og:site_name\" content=\"Bl\u00e4uer - Conservation - Science\" \/>\n<meta property=\"og:image\" content=\"https:\/\/csc-sarl.ch\/wp-content\/uploads\/2018\/06\/muensterbe_80pxhaut-1.jpg\" \/>\n<meta name=\"twitter:card\" content=\"summary_large_image\" \/>\n<script type=\"application\/ld+json\" class=\"yoast-schema-graph\">{\"@context\":\"https:\/\/schema.org\",\"@graph\":[{\"@type\":\"WebPage\",\"@id\":\"https:\/\/conservation-science.ch\/?page_id=39627&lang=de\",\"url\":\"https:\/\/conservation-science.ch\/?page_id=39627&lang=de\",\"name\":\"Links - Bl\u00e4uer - Conservation - Science\",\"isPartOf\":{\"@id\":\"https:\/\/conservation-science.ch\/#website\"},\"primaryImageOfPage\":{\"@id\":\"https:\/\/conservation-science.ch\/?page_id=39627&lang=de#primaryimage\"},\"image\":{\"@id\":\"https:\/\/conservation-science.ch\/?page_id=39627&lang=de#primaryimage\"},\"thumbnailUrl\":\"https:\/\/csc-sarl.ch\/wp-content\/uploads\/2018\/06\/muensterbe_80pxhaut-1.jpg\",\"datePublished\":\"2024-09-05T07:05:39+00:00\",\"breadcrumb\":{\"@id\":\"https:\/\/conservation-science.ch\/?page_id=39627&lang=de#breadcrumb\"},\"inLanguage\":\"fr-FR\",\"potentialAction\":[{\"@type\":\"ReadAction\",\"target\":[\"https:\/\/conservation-science.ch\/?page_id=39627&lang=de\"]}]},{\"@type\":\"ImageObject\",\"inLanguage\":\"fr-FR\",\"@id\":\"https:\/\/conservation-science.ch\/?page_id=39627&lang=de#primaryimage\",\"url\":\"https:\/\/csc-sarl.ch\/wp-content\/uploads\/2018\/06\/muensterbe_80pxhaut-1.jpg\",\"contentUrl\":\"https:\/\/csc-sarl.ch\/wp-content\/uploads\/2018\/06\/muensterbe_80pxhaut-1.jpg\"},{\"@type\":\"BreadcrumbList\",\"@id\":\"https:\/\/conservation-science.ch\/?page_id=39627&lang=de#breadcrumb\",\"itemListElement\":[{\"@type\":\"ListItem\",\"position\":1,\"name\":\"Accueil\",\"item\":\"https:\/\/conservation-science.ch\/\"},{\"@type\":\"ListItem\",\"position\":2,\"name\":\"Home\",\"item\":\"https:\/\/conservation-science.ch\/?page_id=39529&lang=de\"},{\"@type\":\"ListItem\",\"position\":3,\"name\":\"Links\"}]},{\"@type\":\"WebSite\",\"@id\":\"https:\/\/conservation-science.ch\/#website\",\"url\":\"https:\/\/conservation-science.ch\/\",\"name\":\"CSC - Conservation - Sciences\",\"description\":\"Transmission de connaissances dans le domaine des sciences de la conservation du patrimoine b\u00e2ti\",\"potentialAction\":[{\"@type\":\"SearchAction\",\"target\":{\"@type\":\"EntryPoint\",\"urlTemplate\":\"https:\/\/conservation-science.ch\/?s={search_term_string}\"},\"query-input\":{\"@type\":\"PropertyValueSpecification\",\"valueRequired\":true,\"valueName\":\"search_term_string\"}}],\"inLanguage\":\"fr-FR\"}]}<\/script>\n<!-- \/ Yoast SEO plugin. -->","yoast_head_json":{"title":"Links - Bl\u00e4uer - Conservation - Science","robots":{"index":"index","follow":"follow","max-snippet":"max-snippet:-1","max-image-preview":"max-image-preview:large","max-video-preview":"max-video-preview:-1"},"canonical":"https:\/\/conservation-science.ch\/?page_id=39627&lang=de","og_locale":"fr_FR","og_type":"article","og_title":"Links - Bl\u00e4uer - Conservation - Science","og_description":"Wir schlagen Ihnen vor die folgenden Internetseiten zu besuchen: Verfolgen Sie die Restaurierungsarbeiten an einigen schweizerischen Denkm\u00e4lern : M\u00fcnster Bern (D) Kollegiatkirche Neuenburg (F) Kathedrale Lausanne (F) M\u00fcnster Basel (D) Vereinigungen: ACHI &#8211; Verein der sich der Erhaltung des buddhistischen Erbes im Ladakh widmet (E) ARMP &#8211; Verband des Steingewerbes der franz\u00f6sischen Schweiz (F) Glossare, &hellip; Continuer la lecture de Links","og_url":"https:\/\/conservation-science.ch\/?page_id=39627&lang=de","og_site_name":"Bl\u00e4uer - Conservation - Science","og_image":[{"url":"https:\/\/csc-sarl.ch\/wp-content\/uploads\/2018\/06\/muensterbe_80pxhaut-1.jpg","type":"","width":"","height":""}],"twitter_card":"summary_large_image","schema":{"@context":"https:\/\/schema.org","@graph":[{"@type":"WebPage","@id":"https:\/\/conservation-science.ch\/?page_id=39627&lang=de","url":"https:\/\/conservation-science.ch\/?page_id=39627&lang=de","name":"Links - Bl\u00e4uer - Conservation - Science","isPartOf":{"@id":"https:\/\/conservation-science.ch\/#website"},"primaryImageOfPage":{"@id":"https:\/\/conservation-science.ch\/?page_id=39627&lang=de#primaryimage"},"image":{"@id":"https:\/\/conservation-science.ch\/?page_id=39627&lang=de#primaryimage"},"thumbnailUrl":"https:\/\/csc-sarl.ch\/wp-content\/uploads\/2018\/06\/muensterbe_80pxhaut-1.jpg","datePublished":"2024-09-05T07:05:39+00:00","breadcrumb":{"@id":"https:\/\/conservation-science.ch\/?page_id=39627&lang=de#breadcrumb"},"inLanguage":"fr-FR","potentialAction":[{"@type":"ReadAction","target":["https:\/\/conservation-science.ch\/?page_id=39627&lang=de"]}]},{"@type":"ImageObject","inLanguage":"fr-FR","@id":"https:\/\/conservation-science.ch\/?page_id=39627&lang=de#primaryimage","url":"https:\/\/csc-sarl.ch\/wp-content\/uploads\/2018\/06\/muensterbe_80pxhaut-1.jpg","contentUrl":"https:\/\/csc-sarl.ch\/wp-content\/uploads\/2018\/06\/muensterbe_80pxhaut-1.jpg"},{"@type":"BreadcrumbList","@id":"https:\/\/conservation-science.ch\/?page_id=39627&lang=de#breadcrumb","itemListElement":[{"@type":"ListItem","position":1,"name":"Accueil","item":"https:\/\/conservation-science.ch\/"},{"@type":"ListItem","position":2,"name":"Home","item":"https:\/\/conservation-science.ch\/?page_id=39529&lang=de"},{"@type":"ListItem","position":3,"name":"Links"}]},{"@type":"WebSite","@id":"https:\/\/conservation-science.ch\/#website","url":"https:\/\/conservation-science.ch\/","name":"CSC - Conservation - Sciences","description":"Transmission de connaissances dans le domaine des sciences de la conservation du patrimoine b\u00e2ti","potentialAction":[{"@type":"SearchAction","target":{"@type":"EntryPoint","urlTemplate":"https:\/\/conservation-science.ch\/?s={search_term_string}"},"query-input":{"@type":"PropertyValueSpecification","valueRequired":true,"valueName":"search_term_string"}}],"inLanguage":"fr-FR"}]}},"_links":{"self":[{"href":"https:\/\/conservation-science.ch\/index.php?rest_route=\/wp\/v2\/pages\/39627","targetHints":{"allow":["GET"]}}],"collection":[{"href":"https:\/\/conservation-science.ch\/index.php?rest_route=\/wp\/v2\/pages"}],"about":[{"href":"https:\/\/conservation-science.ch\/index.php?rest_route=\/wp\/v2\/types\/page"}],"author":[{"embeddable":true,"href":"https:\/\/conservation-science.ch\/index.php?rest_route=\/wp\/v2\/users\/4"}],"replies":[{"embeddable":true,"href":"https:\/\/conservation-science.ch\/index.php?rest_route=%2Fwp%2Fv2%2Fcomments&post=39627"}],"version-history":[{"count":1,"href":"https:\/\/conservation-science.ch\/index.php?rest_route=\/wp\/v2\/pages\/39627\/revisions"}],"predecessor-version":[{"id":39629,"href":"https:\/\/conservation-science.ch\/index.php?rest_route=\/wp\/v2\/pages\/39627\/revisions\/39629"}],"up":[{"embeddable":true,"href":"https:\/\/conservation-science.ch\/index.php?rest_route=\/wp\/v2\/pages\/39529"}],"wp:attachment":[{"href":"https:\/\/conservation-science.ch\/index.php?rest_route=%2Fwp%2Fv2%2Fmedia&parent=39627"}],"curies":[{"name":"wp","href":"https:\/\/api.w.org\/{rel}","templated":true}]}}