{"id":39529,"date":"2024-06-07T09:52:05","date_gmt":"2024-06-07T07:52:05","guid":{"rendered":"https:\/\/conservation-science.ch\/accueil-deutsch\/"},"modified":"2024-11-16T18:44:42","modified_gmt":"2024-11-16T17:44:42","slug":"home-de","status":"publish","type":"page","link":"https:\/\/conservation-science.ch\/?page_id=39529&lang=de","title":{"rendered":"Home"},"content":{"rendered":"<p>F\u00fcr naturwissenschaftliche Unterst\u00fctzung bei Ihren Konservierungs- und Restaurierungsarbeiten an historischen Bauten wenden Sie sich bitte an das Labor der Berner M\u00fcnsterstiftung (<a href=\"http:\/\/www.bernermuensterstiftung.ch\/aktuell\/aktuell.php\">http:\/\/www.bernermuensterstiftung.ch\/aktuell\/aktuell.php)<\/a><\/p>\n<p><img loading=\"lazy\" decoding=\"async\" class=\"aligncenter wp-image-39246 \" src=\"https:\/\/conservation-science.ch\/wp-content\/uploads\/2019\/01\/0548_KO002_Bb175um_396-1-300x200.jpg\" alt=\"\" width=\"461\" height=\"307\" srcset=\"https:\/\/conservation-science.ch\/wp-content\/uploads\/2019\/01\/0548_KO002_Bb175um_396-1-300x200.jpg 300w, https:\/\/conservation-science.ch\/wp-content\/uploads\/2019\/01\/0548_KO002_Bb175um_396-1.jpg 640w\" sizes=\"auto, (max-width: 461px) 100vw, 461px\" \/><\/p>\n<p style=\"text-align: center;\">Teilweise gebrannter Quarz in einem Kalkspatz eines mittelalterlichen M\u00f6rtels, dessen Bindemittel vermutlich aus Kieselkalk gebrannt wurde.<\/p>\n<p style=\"text-align: center;\">Orange = Quarz, blau bis violett = Reaktions\u00adprodukte von Quarz und Kalk, beige = Binde\u00admittel. Aufnahme im Durchlicht mit gekreuzter Polarisation und \u03bb-Ver\u00adschie\u00adbung.<\/p>\n","protected":false},"excerpt":{"rendered":"<p>F\u00fcr naturwissenschaftliche Unterst\u00fctzung bei Ihren Konservierungs- und Restaurierungsarbeiten an historischen Bauten wenden Sie sich bitte an das Labor der Berner M\u00fcnsterstiftung (http:\/\/www.bernermuensterstiftung.ch\/aktuell\/aktuell.php) Teilweise gebrannter Quarz in einem Kalkspatz eines mittelalterlichen M\u00f6rtels, dessen Bindemittel vermutlich aus Kieselkalk gebrannt wurde. Orange = Quarz, blau bis violett = Reaktions\u00adprodukte von Quarz und Kalk, beige = Binde\u00admittel. Aufnahme im &hellip; <a href=\"https:\/\/conservation-science.ch\/?page_id=39529&#038;lang=de\" class=\"more-link\">Continuer la lecture de <span class=\"screen-reader-text\">Home<\/span><\/a><\/p>\n","protected":false},"author":4,"featured_media":0,"parent":0,"menu_order":0,"comment_status":"closed","ping_status":"closed","template":"","meta":{"footnotes":""},"class_list":["post-39529","page","type-page","status-publish","hentry"],"yoast_head":"<!-- This site is optimized with the Yoast SEO plugin v27.2 - https:\/\/yoast.com\/product\/yoast-seo-wordpress\/ -->\n<title>Home - Bl\u00e4uer - Conservation - Science<\/title>\n<meta name=\"robots\" content=\"index, follow, max-snippet:-1, max-image-preview:large, max-video-preview:-1\" \/>\n<link rel=\"canonical\" href=\"https:\/\/conservation-science.ch\/?page_id=39529&lang=de\" \/>\n<meta property=\"og:locale\" content=\"fr_FR\" \/>\n<meta property=\"og:type\" content=\"article\" \/>\n<meta property=\"og:title\" content=\"Home - Bl\u00e4uer - Conservation - Science\" \/>\n<meta property=\"og:description\" content=\"F\u00fcr naturwissenschaftliche Unterst\u00fctzung bei Ihren Konservierungs- und Restaurierungsarbeiten an historischen Bauten wenden Sie sich bitte an das Labor der Berner M\u00fcnsterstiftung (http:\/\/www.bernermuensterstiftung.ch\/aktuell\/aktuell.php) Teilweise gebrannter Quarz in einem Kalkspatz eines mittelalterlichen M\u00f6rtels, dessen Bindemittel vermutlich aus Kieselkalk gebrannt wurde. Orange = Quarz, blau bis violett = Reaktions\u00adprodukte von Quarz und Kalk, beige = Binde\u00admittel. Aufnahme im &hellip; Continuer la lecture de Home\" \/>\n<meta property=\"og:url\" content=\"https:\/\/conservation-science.ch\/?page_id=39529&amp;lang=de\" \/>\n<meta property=\"og:site_name\" content=\"Bl\u00e4uer - Conservation - Science\" \/>\n<meta property=\"article:modified_time\" content=\"2024-11-16T17:44:42+00:00\" \/>\n<meta property=\"og:image\" content=\"https:\/\/conservation-science.ch\/wp-content\/uploads\/2019\/01\/0548_KO002_Bb175um_396-1-300x200.jpg\" \/>\n<meta name=\"twitter:card\" content=\"summary_large_image\" \/>\n<meta name=\"twitter:label1\" content=\"Dur\u00e9e de lecture estim\u00e9e\" \/>\n\t<meta name=\"twitter:data1\" content=\"1 minute\" \/>\n<script type=\"application\/ld+json\" class=\"yoast-schema-graph\">{\"@context\":\"https:\/\/schema.org\",\"@graph\":[{\"@type\":\"WebPage\",\"@id\":\"https:\/\/conservation-science.ch\/?page_id=39529&lang=de\",\"url\":\"https:\/\/conservation-science.ch\/?page_id=39529&lang=de\",\"name\":\"Home - Bl\u00e4uer - Conservation - Science\",\"isPartOf\":{\"@id\":\"https:\/\/conservation-science.ch\/#website\"},\"primaryImageOfPage\":{\"@id\":\"https:\/\/conservation-science.ch\/?page_id=39529&lang=de#primaryimage\"},\"image\":{\"@id\":\"https:\/\/conservation-science.ch\/?page_id=39529&lang=de#primaryimage\"},\"thumbnailUrl\":\"https:\/\/conservation-science.ch\/wp-content\/uploads\/2019\/01\/0548_KO002_Bb175um_396-1-300x200.jpg\",\"datePublished\":\"2024-06-07T07:52:05+00:00\",\"dateModified\":\"2024-11-16T17:44:42+00:00\",\"breadcrumb\":{\"@id\":\"https:\/\/conservation-science.ch\/?page_id=39529&lang=de#breadcrumb\"},\"inLanguage\":\"fr-FR\",\"potentialAction\":[{\"@type\":\"ReadAction\",\"target\":[\"https:\/\/conservation-science.ch\/?page_id=39529&lang=de\"]}]},{\"@type\":\"ImageObject\",\"inLanguage\":\"fr-FR\",\"@id\":\"https:\/\/conservation-science.ch\/?page_id=39529&lang=de#primaryimage\",\"url\":\"https:\/\/conservation-science.ch\/wp-content\/uploads\/2019\/01\/0548_KO002_Bb175um_396-1.jpg\",\"contentUrl\":\"https:\/\/conservation-science.ch\/wp-content\/uploads\/2019\/01\/0548_KO002_Bb175um_396-1.jpg\",\"width\":640,\"height\":427},{\"@type\":\"BreadcrumbList\",\"@id\":\"https:\/\/conservation-science.ch\/?page_id=39529&lang=de#breadcrumb\",\"itemListElement\":[{\"@type\":\"ListItem\",\"position\":1,\"name\":\"Accueil\",\"item\":\"https:\/\/conservation-science.ch\/\"},{\"@type\":\"ListItem\",\"position\":2,\"name\":\"Home\"}]},{\"@type\":\"WebSite\",\"@id\":\"https:\/\/conservation-science.ch\/#website\",\"url\":\"https:\/\/conservation-science.ch\/\",\"name\":\"CSC - Conservation - Sciences\",\"description\":\"Transmission de connaissances dans le domaine des sciences de la conservation du patrimoine b\u00e2ti\",\"potentialAction\":[{\"@type\":\"SearchAction\",\"target\":{\"@type\":\"EntryPoint\",\"urlTemplate\":\"https:\/\/conservation-science.ch\/?s={search_term_string}\"},\"query-input\":{\"@type\":\"PropertyValueSpecification\",\"valueRequired\":true,\"valueName\":\"search_term_string\"}}],\"inLanguage\":\"fr-FR\"}]}<\/script>\n<!-- \/ Yoast SEO plugin. -->","yoast_head_json":{"title":"Home - Bl\u00e4uer - Conservation - Science","robots":{"index":"index","follow":"follow","max-snippet":"max-snippet:-1","max-image-preview":"max-image-preview:large","max-video-preview":"max-video-preview:-1"},"canonical":"https:\/\/conservation-science.ch\/?page_id=39529&lang=de","og_locale":"fr_FR","og_type":"article","og_title":"Home - Bl\u00e4uer - Conservation - Science","og_description":"F\u00fcr naturwissenschaftliche Unterst\u00fctzung bei Ihren Konservierungs- und Restaurierungsarbeiten an historischen Bauten wenden Sie sich bitte an das Labor der Berner M\u00fcnsterstiftung (http:\/\/www.bernermuensterstiftung.ch\/aktuell\/aktuell.php) Teilweise gebrannter Quarz in einem Kalkspatz eines mittelalterlichen M\u00f6rtels, dessen Bindemittel vermutlich aus Kieselkalk gebrannt wurde. Orange = Quarz, blau bis violett = Reaktions\u00adprodukte von Quarz und Kalk, beige = Binde\u00admittel. Aufnahme im &hellip; Continuer la lecture de Home","og_url":"https:\/\/conservation-science.ch\/?page_id=39529&lang=de","og_site_name":"Bl\u00e4uer - Conservation - Science","article_modified_time":"2024-11-16T17:44:42+00:00","og_image":[{"url":"https:\/\/conservation-science.ch\/wp-content\/uploads\/2019\/01\/0548_KO002_Bb175um_396-1-300x200.jpg","type":"","width":"","height":""}],"twitter_card":"summary_large_image","twitter_misc":{"Dur\u00e9e de lecture estim\u00e9e":"1 minute"},"schema":{"@context":"https:\/\/schema.org","@graph":[{"@type":"WebPage","@id":"https:\/\/conservation-science.ch\/?page_id=39529&lang=de","url":"https:\/\/conservation-science.ch\/?page_id=39529&lang=de","name":"Home - Bl\u00e4uer - Conservation - Science","isPartOf":{"@id":"https:\/\/conservation-science.ch\/#website"},"primaryImageOfPage":{"@id":"https:\/\/conservation-science.ch\/?page_id=39529&lang=de#primaryimage"},"image":{"@id":"https:\/\/conservation-science.ch\/?page_id=39529&lang=de#primaryimage"},"thumbnailUrl":"https:\/\/conservation-science.ch\/wp-content\/uploads\/2019\/01\/0548_KO002_Bb175um_396-1-300x200.jpg","datePublished":"2024-06-07T07:52:05+00:00","dateModified":"2024-11-16T17:44:42+00:00","breadcrumb":{"@id":"https:\/\/conservation-science.ch\/?page_id=39529&lang=de#breadcrumb"},"inLanguage":"fr-FR","potentialAction":[{"@type":"ReadAction","target":["https:\/\/conservation-science.ch\/?page_id=39529&lang=de"]}]},{"@type":"ImageObject","inLanguage":"fr-FR","@id":"https:\/\/conservation-science.ch\/?page_id=39529&lang=de#primaryimage","url":"https:\/\/conservation-science.ch\/wp-content\/uploads\/2019\/01\/0548_KO002_Bb175um_396-1.jpg","contentUrl":"https:\/\/conservation-science.ch\/wp-content\/uploads\/2019\/01\/0548_KO002_Bb175um_396-1.jpg","width":640,"height":427},{"@type":"BreadcrumbList","@id":"https:\/\/conservation-science.ch\/?page_id=39529&lang=de#breadcrumb","itemListElement":[{"@type":"ListItem","position":1,"name":"Accueil","item":"https:\/\/conservation-science.ch\/"},{"@type":"ListItem","position":2,"name":"Home"}]},{"@type":"WebSite","@id":"https:\/\/conservation-science.ch\/#website","url":"https:\/\/conservation-science.ch\/","name":"CSC - Conservation - Sciences","description":"Transmission de connaissances dans le domaine des sciences de la conservation du patrimoine b\u00e2ti","potentialAction":[{"@type":"SearchAction","target":{"@type":"EntryPoint","urlTemplate":"https:\/\/conservation-science.ch\/?s={search_term_string}"},"query-input":{"@type":"PropertyValueSpecification","valueRequired":true,"valueName":"search_term_string"}}],"inLanguage":"fr-FR"}]}},"_links":{"self":[{"href":"https:\/\/conservation-science.ch\/index.php?rest_route=\/wp\/v2\/pages\/39529","targetHints":{"allow":["GET"]}}],"collection":[{"href":"https:\/\/conservation-science.ch\/index.php?rest_route=\/wp\/v2\/pages"}],"about":[{"href":"https:\/\/conservation-science.ch\/index.php?rest_route=\/wp\/v2\/types\/page"}],"author":[{"embeddable":true,"href":"https:\/\/conservation-science.ch\/index.php?rest_route=\/wp\/v2\/users\/4"}],"replies":[{"embeddable":true,"href":"https:\/\/conservation-science.ch\/index.php?rest_route=%2Fwp%2Fv2%2Fcomments&post=39529"}],"version-history":[{"count":3,"href":"https:\/\/conservation-science.ch\/index.php?rest_route=\/wp\/v2\/pages\/39529\/revisions"}],"predecessor-version":[{"id":40394,"href":"https:\/\/conservation-science.ch\/index.php?rest_route=\/wp\/v2\/pages\/39529\/revisions\/40394"}],"wp:attachment":[{"href":"https:\/\/conservation-science.ch\/index.php?rest_route=%2Fwp%2Fv2%2Fmedia&parent=39529"}],"curies":[{"name":"wp","href":"https:\/\/api.w.org\/{rel}","templated":true}]}}