{"id":38478,"date":"2018-07-03T10:13:18","date_gmt":"2018-07-03T08:13:18","guid":{"rendered":"https:\/\/conservation-science.ch\/?page_id=38478"},"modified":"2024-11-16T18:47:31","modified_gmt":"2024-11-16T17:47:31","slug":"actualites","status":"publish","type":"page","link":"https:\/\/conservation-science.ch\/?page_id=38478","title":{"rendered":"Actualit\u00e9s CSC"},"content":{"rendered":"<table class=\"style1\" style=\"height: 286px;\" border=\"0\" width=\"560\" align=\"center\">\n<tbody>\n<tr style=\"height: 24px;\">\n<td style=\"height: 24px;\" align=\"center\" width=\"\" height=\"\"><strong><span style=\"font-size: medium;\">2017<\/span><\/strong><\/td>\n<\/tr>\n<tr style=\"height: 143px;\">\n<td style=\"height: 143px;\"><strong><span style=\"color: #996600;\"><span style=\"font-size: small;\">15.09.2017<\/span><br \/>\n<\/span><\/strong>D\u00e8s le vendredi 15.09.2017 (de 9:00 \u00e0 16:15) Christine Bl\u00e4uer donne son cours \u00ab\u00a0<a href=\"\/activites\/enseignement-et-formations\/pierres-et-mortiers\/\">Steine und M\u00f6rtel<\/a>\u00a0\u00bb (Module 5) \u00e0 la Berner Fachhochschule de Burgdorf. Ce cours aura lieu tous les vendredis jusqu&rsquo;au 13.10.2017 inclus. Le lieu exact sera communiqu\u00e9 ult\u00e9rieurement.<\/td>\n<\/tr>\n<tr style=\"height: 119px;\">\n<td style=\"height: 119px;\"><span style=\"color: #996600; font-size: small;\"><strong>22.09.2017<\/strong><\/span><br \/>\nReprise du cours EPFL \u00ab\u00a0<a href=\"http:\/\/edu.epfl.ch\/coursebook\/fr\/materiaux-pierreux-et-conservation-du-patrimoine-bati-MSE-472\" target=\"_blank\" rel=\"noopener\">Mat\u00e9riaux pierreux et conservation du patrimoine b\u00e2ti<\/a>\u00a0\u00bb le 22.09.2017 13:15 (<a href=\"http:\/\/plan.epfl.ch\/?lang=fr&amp;room=INF+119\" target=\"_blank\" rel=\"noopener\">salle INF119<\/a>), avec la participation de Christine Bl\u00e4uer et de Olivier Fawer (tailleur de pierre). Modalit\u00e9 et frais d&rsquo;inscription : <a href=\"http:\/\/studying.epfl.ch\/page-20634.html\" target=\"_blank\" rel=\"noopener\">EPFL (site Internet) <\/a>ou contacter <a href=\"mailto:rousset@conservation-science.ch\">B\u00e9n\u00e9dicte Rousset.<\/a><\/td>\n<\/tr>\n<\/tbody>\n<\/table>\n<p>&nbsp;<\/p>\n","protected":false},"excerpt":{"rendered":"<p>2017 15.09.2017 D\u00e8s le vendredi 15.09.2017 (de 9:00 \u00e0 16:15) Christine Bl\u00e4uer donne son cours \u00ab\u00a0Steine und M\u00f6rtel\u00a0\u00bb (Module 5) \u00e0 la Berner Fachhochschule de Burgdorf. Ce cours aura lieu tous les vendredis jusqu&rsquo;au 13.10.2017 inclus. Le lieu exact sera communiqu\u00e9 ult\u00e9rieurement. 22.09.2017 Reprise du cours EPFL \u00ab\u00a0Mat\u00e9riaux pierreux et conservation du patrimoine b\u00e2ti\u00a0\u00bb le &hellip; <a href=\"https:\/\/conservation-science.ch\/?page_id=38478\" class=\"more-link\">Continuer la lecture de <span class=\"screen-reader-text\">Actualit\u00e9s CSC<\/span><\/a><\/p>\n","protected":false},"author":1,"featured_media":0,"parent":28756,"menu_order":0,"comment_status":"closed","ping_status":"closed","template":"","meta":{"footnotes":""},"class_list":["post-38478","page","type-page","status-publish","hentry"],"yoast_head":"<!-- This site is optimized with the Yoast SEO plugin v27.2 - https:\/\/yoast.com\/product\/yoast-seo-wordpress\/ -->\n<title>Actualit\u00e9s CSC - Bl\u00e4uer - Conservation - Science<\/title>\n<meta name=\"robots\" content=\"index, follow, max-snippet:-1, max-image-preview:large, max-video-preview:-1\" \/>\n<link rel=\"canonical\" href=\"https:\/\/conservation-science.ch\/?page_id=38478\" \/>\n<meta property=\"og:locale\" content=\"fr_FR\" \/>\n<meta property=\"og:type\" content=\"article\" \/>\n<meta property=\"og:title\" content=\"Actualit\u00e9s CSC - Bl\u00e4uer - Conservation - Science\" \/>\n<meta property=\"og:description\" content=\"2017 15.09.2017 D\u00e8s le vendredi 15.09.2017 (de 9:00 \u00e0 16:15) Christine Bl\u00e4uer donne son cours \u00ab\u00a0Steine und M\u00f6rtel\u00a0\u00bb (Module 5) \u00e0 la Berner Fachhochschule de Burgdorf. Ce cours aura lieu tous les vendredis jusqu&rsquo;au 13.10.2017 inclus. Le lieu exact sera communiqu\u00e9 ult\u00e9rieurement. 22.09.2017 Reprise du cours EPFL \u00ab\u00a0Mat\u00e9riaux pierreux et conservation du patrimoine b\u00e2ti\u00a0\u00bb le &hellip; Continuer la lecture de Actualit\u00e9s CSC\" \/>\n<meta property=\"og:url\" content=\"https:\/\/conservation-science.ch\/?page_id=38478\" \/>\n<meta property=\"og:site_name\" content=\"Bl\u00e4uer - Conservation - Science\" \/>\n<meta property=\"article:modified_time\" content=\"2024-11-16T17:47:31+00:00\" \/>\n<meta name=\"twitter:card\" content=\"summary_large_image\" \/>\n<meta name=\"twitter:label1\" content=\"Dur\u00e9e de lecture estim\u00e9e\" \/>\n\t<meta name=\"twitter:data1\" content=\"1 minute\" \/>\n<script type=\"application\/ld+json\" class=\"yoast-schema-graph\">{\"@context\":\"https:\/\/schema.org\",\"@graph\":[{\"@type\":\"WebPage\",\"@id\":\"https:\/\/conservation-science.ch\/?page_id=38478\",\"url\":\"https:\/\/conservation-science.ch\/?page_id=38478\",\"name\":\"Actualit\u00e9s CSC - Bl\u00e4uer - Conservation - Science\",\"isPartOf\":{\"@id\":\"https:\/\/conservation-science.ch\/#website\"},\"datePublished\":\"2018-07-03T08:13:18+00:00\",\"dateModified\":\"2024-11-16T17:47:31+00:00\",\"breadcrumb\":{\"@id\":\"https:\/\/conservation-science.ch\/?page_id=38478#breadcrumb\"},\"inLanguage\":\"fr-FR\",\"potentialAction\":[{\"@type\":\"ReadAction\",\"target\":[\"https:\/\/conservation-science.ch\/?page_id=38478\"]}]},{\"@type\":\"BreadcrumbList\",\"@id\":\"https:\/\/conservation-science.ch\/?page_id=38478#breadcrumb\",\"itemListElement\":[{\"@type\":\"ListItem\",\"position\":1,\"name\":\"Accueil\",\"item\":\"https:\/\/conservation-science.ch\/\"},{\"@type\":\"ListItem\",\"position\":2,\"name\":\"Accueil\",\"item\":\"https:\/\/conservation-science.ch\/\"},{\"@type\":\"ListItem\",\"position\":3,\"name\":\"Actualit\u00e9s CSC\"}]},{\"@type\":\"WebSite\",\"@id\":\"https:\/\/conservation-science.ch\/#website\",\"url\":\"https:\/\/conservation-science.ch\/\",\"name\":\"CSC - Conservation - Sciences\",\"description\":\"Transmission de connaissances dans le domaine des sciences de la conservation du patrimoine b\u00e2ti\",\"potentialAction\":[{\"@type\":\"SearchAction\",\"target\":{\"@type\":\"EntryPoint\",\"urlTemplate\":\"https:\/\/conservation-science.ch\/?s={search_term_string}\"},\"query-input\":{\"@type\":\"PropertyValueSpecification\",\"valueRequired\":true,\"valueName\":\"search_term_string\"}}],\"inLanguage\":\"fr-FR\"}]}<\/script>\n<!-- \/ Yoast SEO plugin. -->","yoast_head_json":{"title":"Actualit\u00e9s CSC - Bl\u00e4uer - Conservation - Science","robots":{"index":"index","follow":"follow","max-snippet":"max-snippet:-1","max-image-preview":"max-image-preview:large","max-video-preview":"max-video-preview:-1"},"canonical":"https:\/\/conservation-science.ch\/?page_id=38478","og_locale":"fr_FR","og_type":"article","og_title":"Actualit\u00e9s CSC - Bl\u00e4uer - Conservation - Science","og_description":"2017 15.09.2017 D\u00e8s le vendredi 15.09.2017 (de 9:00 \u00e0 16:15) Christine Bl\u00e4uer donne son cours \u00ab\u00a0Steine und M\u00f6rtel\u00a0\u00bb (Module 5) \u00e0 la Berner Fachhochschule de Burgdorf. Ce cours aura lieu tous les vendredis jusqu&rsquo;au 13.10.2017 inclus. Le lieu exact sera communiqu\u00e9 ult\u00e9rieurement. 22.09.2017 Reprise du cours EPFL \u00ab\u00a0Mat\u00e9riaux pierreux et conservation du patrimoine b\u00e2ti\u00a0\u00bb le &hellip; Continuer la lecture de Actualit\u00e9s CSC","og_url":"https:\/\/conservation-science.ch\/?page_id=38478","og_site_name":"Bl\u00e4uer - Conservation - Science","article_modified_time":"2024-11-16T17:47:31+00:00","twitter_card":"summary_large_image","twitter_misc":{"Dur\u00e9e de lecture estim\u00e9e":"1 minute"},"schema":{"@context":"https:\/\/schema.org","@graph":[{"@type":"WebPage","@id":"https:\/\/conservation-science.ch\/?page_id=38478","url":"https:\/\/conservation-science.ch\/?page_id=38478","name":"Actualit\u00e9s CSC - Bl\u00e4uer - Conservation - Science","isPartOf":{"@id":"https:\/\/conservation-science.ch\/#website"},"datePublished":"2018-07-03T08:13:18+00:00","dateModified":"2024-11-16T17:47:31+00:00","breadcrumb":{"@id":"https:\/\/conservation-science.ch\/?page_id=38478#breadcrumb"},"inLanguage":"fr-FR","potentialAction":[{"@type":"ReadAction","target":["https:\/\/conservation-science.ch\/?page_id=38478"]}]},{"@type":"BreadcrumbList","@id":"https:\/\/conservation-science.ch\/?page_id=38478#breadcrumb","itemListElement":[{"@type":"ListItem","position":1,"name":"Accueil","item":"https:\/\/conservation-science.ch\/"},{"@type":"ListItem","position":2,"name":"Accueil","item":"https:\/\/conservation-science.ch\/"},{"@type":"ListItem","position":3,"name":"Actualit\u00e9s CSC"}]},{"@type":"WebSite","@id":"https:\/\/conservation-science.ch\/#website","url":"https:\/\/conservation-science.ch\/","name":"CSC - Conservation - Sciences","description":"Transmission de connaissances dans le domaine des sciences de la conservation du patrimoine b\u00e2ti","potentialAction":[{"@type":"SearchAction","target":{"@type":"EntryPoint","urlTemplate":"https:\/\/conservation-science.ch\/?s={search_term_string}"},"query-input":{"@type":"PropertyValueSpecification","valueRequired":true,"valueName":"search_term_string"}}],"inLanguage":"fr-FR"}]}},"_links":{"self":[{"href":"https:\/\/conservation-science.ch\/index.php?rest_route=\/wp\/v2\/pages\/38478","targetHints":{"allow":["GET"]}}],"collection":[{"href":"https:\/\/conservation-science.ch\/index.php?rest_route=\/wp\/v2\/pages"}],"about":[{"href":"https:\/\/conservation-science.ch\/index.php?rest_route=\/wp\/v2\/types\/page"}],"author":[{"embeddable":true,"href":"https:\/\/conservation-science.ch\/index.php?rest_route=\/wp\/v2\/users\/1"}],"replies":[{"embeddable":true,"href":"https:\/\/conservation-science.ch\/index.php?rest_route=%2Fwp%2Fv2%2Fcomments&post=38478"}],"version-history":[{"count":3,"href":"https:\/\/conservation-science.ch\/index.php?rest_route=\/wp\/v2\/pages\/38478\/revisions"}],"predecessor-version":[{"id":40396,"href":"https:\/\/conservation-science.ch\/index.php?rest_route=\/wp\/v2\/pages\/38478\/revisions\/40396"}],"up":[{"embeddable":true,"href":"https:\/\/conservation-science.ch\/index.php?rest_route=\/wp\/v2\/pages\/28756"}],"wp:attachment":[{"href":"https:\/\/conservation-science.ch\/index.php?rest_route=%2Fwp%2Fv2%2Fmedia&parent=38478"}],"curies":[{"name":"wp","href":"https:\/\/api.w.org\/{rel}","templated":true}]}}