{"id":38039,"date":"2018-06-29T20:26:22","date_gmt":"2018-06-29T18:26:22","guid":{"rendered":"https:\/\/csc-sarl.ch\/?page_id=38039"},"modified":"2024-11-16T16:29:07","modified_gmt":"2024-11-16T15:29:07","slug":"saint-gall","status":"publish","type":"page","link":"https:\/\/conservation-science.ch\/?page_id=38039","title":{"rendered":"SG (Saint-Gall)"},"content":{"rendered":"<p><strong>Projets r\u00e9alis\u00e9s dans le canton de Saint-Gall\u00a0(cliquez sur\u00a0l&rsquo;image\u00a0pour ouvrir le r\u00e9sum\u00e9)\u00a0:<\/strong><\/p>\n<p>&nbsp;<\/p>\n<table style=\"width: 700px;\" border=\"2\" width=\"580\" cellpadding=\"2\">\n<tbody>\n<tr>\n<td style=\"width: 115px;\"><strong>R\u00e9sum\u00e9<\/strong><\/td>\n<td style=\"width: 132px;\"><strong>Lieu\/date<br \/>\n<\/strong><\/td>\n<td style=\"width: 205px;\"><strong>Objet<br \/>\n<\/strong><\/td>\n<td style=\"width: 247px;\"><strong>Th\u00e8me\u00a0<\/strong><\/td>\n<\/tr>\n<tr>\n<td style=\"vertical-align: top; width: 115px;\" valign=\"top\"><a href=\"https:\/\/csc-sarl.ch\/wp-content\/uploads\/2018\/06\/a_0049_01.pdf\" target=\"_self\" rel=\"noopener\"><img decoding=\"async\" class=\"rex_image\" src=\"https:\/\/csc-sarl.ch\/wp-content\/uploads\/2018\/06\/sg_004901_large60px.jpg\" alt=\"[Keine Beschreibung eingegeben]\" ismap=\"ismap\" \/><\/a><\/td>\n<td style=\"vertical-align: top; width: 132px;\" valign=\"top\"><span style=\"font-size: 10pt;\">Bollingen<\/span><br \/>\n<span style=\"font-size: 10pt;\">9.5.08<\/span><br \/>\n<span style=\"font-size: 10pt;\">49.01<\/span><\/td>\n<td style=\"vertical-align: top; width: 205px;\" valign=\"top\"><span style=\"font-size: 10pt;\">Clo\u00eetre Wurmsbach<\/span><\/td>\n<td style=\"vertical-align: top; width: 247px;\" valign=\"top\"><span style=\"font-size: 10pt;\">Analyse de sels<\/span><\/td>\n<\/tr>\n<tr>\n<td style=\"vertical-align: top; width: 115px;\" valign=\"top\"><a href=\"https:\/\/csc-sarl.ch\/wp-content\/uploads\/2018\/06\/a_0294_01.pdf\" target=\"_self\" rel=\"noopener\"><img decoding=\"async\" class=\"rex_image\" src=\"https:\/\/csc-sarl.ch\/wp-content\/uploads\/2018\/06\/sg_029401_large60px.jpg\" alt=\"\" ismap=\"ismap\" \/><\/a><\/td>\n<td style=\"vertical-align: top; width: 132px;\" valign=\"top\"><span style=\"font-size: 10pt;\">Gossau<\/span><br \/>\n<span style=\"font-size: 10pt;\">7.8.13<\/span><br \/>\n<span style=\"font-size: 10pt;\">294.01<\/span><\/td>\n<td style=\"vertical-align: top; width: 205px;\" valign=\"top\"><span style=\"font-size: 10pt;\">Gare, toit du perron<\/span><\/td>\n<td style=\"vertical-align: top; width: 247px;\" valign=\"top\"><span style=\"font-size: 10pt;\">Analyse stratigraphique de peinture<\/span><\/td>\n<\/tr>\n<tr>\n<td style=\"vertical-align: top; width: 115px;\" valign=\"top\"><a href=\"https:\/\/conservation-science.ch\/a_0106_01\/\"><img loading=\"lazy\" decoding=\"async\" class=\"rex_image alignnone\" src=\"https:\/\/csc-sarl.ch\/wp-content\/uploads\/2018\/06\/sg_010601_large60px.jpg\" alt=\"[Keine Beschreibung eingegeben]\" ismap=\"ismap\" width=\"60\" height=\"40\" \/><\/a><\/td>\n<td style=\"vertical-align: top; width: 132px;\" valign=\"top\"><span style=\"font-size: 10pt;\">Pf\u00e4fers<\/span><br \/>\n<span style=\"font-size: 10pt;\">24.8.09<\/span><br \/>\n<span style=\"font-size: 10pt;\">106.01<\/span><\/td>\n<td style=\"vertical-align: top; width: 205px;\" valign=\"top\"><span style=\"font-size: 10pt;\">Chapelle St. Georg<\/span><\/td>\n<td style=\"vertical-align: top; width: 247px;\" valign=\"top\"><span style=\"font-size: 10pt;\">Teneur en eau et analyse de sels<\/span><\/td>\n<\/tr>\n<tr>\n<td style=\"vertical-align: top; width: 115px;\" valign=\"top\"><a href=\"https:\/\/csc-sarl.ch\/wp-content\/uploads\/2018\/06\/a_0059_01.pdf\" target=\"_self\" rel=\"noopener\"><img decoding=\"async\" class=\"rex_image\" src=\"https:\/\/csc-sarl.ch\/wp-content\/uploads\/2018\/06\/sg_005901_large60px.jpg\" alt=\"[Keine Beschreibung eingegeben]\" ismap=\"ismap\" \/><\/a><\/td>\n<td style=\"vertical-align: top; width: 132px;\" valign=\"top\"><span style=\"font-size: 10pt;\">St Gall<\/span><br \/>\n<span style=\"font-size: 10pt;\">27.10.06<\/span><br \/>\n<span style=\"font-size: 10pt;\">59.01<\/span><\/td>\n<td style=\"vertical-align: top; width: 205px;\" valign=\"top\"><span style=\"font-size: 10pt;\">B\u00e2timent gouvernemental, Rundturm<\/span><\/td>\n<td style=\"vertical-align: top; width: 247px;\" valign=\"top\"><span style=\"font-size: 10pt;\">\u00c9valuation des d\u00e9g\u00e2ts et des risques<\/span><\/td>\n<\/tr>\n<tr>\n<td style=\"vertical-align: top; width: 115px;\" valign=\"top\"><a href=\"https:\/\/csc-sarl.ch\/wp-content\/uploads\/2018\/06\/a_0059_02.pdf\" target=\"_self\" rel=\"noopener\"><img decoding=\"async\" class=\"rex_image\" src=\"https:\/\/csc-sarl.ch\/wp-content\/uploads\/2018\/06\/sg_005902.jpg\" alt=\"[Keine Beschreibung eingegeben]\" ismap=\"ismap\" \/><\/a><\/td>\n<td style=\"vertical-align: top; width: 132px;\" valign=\"top\"><span style=\"font-size: 10pt;\">St Gall<\/span><br \/>\n<span style=\"font-size: 10pt;\">18.9.10<\/span><br \/>\n<span style=\"font-size: 10pt;\">59.02<\/span><\/td>\n<td style=\"vertical-align: top; width: 205px;\" valign=\"top\"><span style=\"font-size: 10pt;\">B\u00e2timent gouvernemental, Rundturm<\/span><\/td>\n<td style=\"vertical-align: top; width: 247px;\" valign=\"top\"><span style=\"font-size: 10pt;\">Analyse de mat\u00e9riaux<\/span><\/td>\n<\/tr>\n<tr>\n<td style=\"vertical-align: top; width: 115px;\" valign=\"top\"><a href=\"https:\/\/csc-sarl.ch\/wp-content\/uploads\/2018\/06\/a_0111_01.pdf\" target=\"_self\" rel=\"noopener\"><img decoding=\"async\" class=\"rex_image\" src=\"https:\/\/csc-sarl.ch\/wp-content\/uploads\/2018\/06\/sg_011101_large60px.jpg\" alt=\"[Keine Beschreibung eingegeben]\" ismap=\"ismap\" \/><\/a><\/td>\n<td style=\"vertical-align: top; width: 132px;\" valign=\"top\"><span style=\"font-size: 10pt;\">Sch\u00e4nis<\/span><br \/>\n<span style=\"font-size: 10pt;\">18.8.09<\/span><br \/>\n<span style=\"font-size: 10pt;\">111.01<\/span><\/td>\n<td style=\"vertical-align: top; width: 205px;\" valign=\"top\"><span style=\"font-size: 10pt;\">Eglise paroissiale St Sebastian<\/span><\/td>\n<td style=\"vertical-align: top; width: 247px;\" valign=\"top\"><span style=\"font-size: 10pt;\">Analyse de sels<\/span><\/td>\n<\/tr>\n<tr>\n<td style=\"vertical-align: top; width: 115px;\" valign=\"top\"><a href=\"https:\/\/csc-sarl.ch\/wp-content\/uploads\/2018\/06\/a_0286_01.pdf\" target=\"_self\" rel=\"noopener\"><img decoding=\"async\" class=\"rex_image\" src=\"https:\/\/csc-sarl.ch\/wp-content\/uploads\/2018\/06\/sg_028601_large60px.jpg\" alt=\"\" ismap=\"ismap\" \/><\/a><\/td>\n<td style=\"vertical-align: top; width: 132px;\" valign=\"top\"><span style=\"font-size: 10pt;\">Valens<\/span><br \/>\n<span style=\"font-size: 10pt;\">29.4.13<\/span><br \/>\n<span style=\"font-size: 10pt;\">286.01<\/span><\/td>\n<td style=\"vertical-align: top; width: 205px;\" valign=\"top\"><span style=\"font-size: 10pt;\">Eglise paroissiale<\/span><\/td>\n<td style=\"vertical-align: top; width: 247px;\" valign=\"top\"><span style=\"font-size: 10pt;\">Analyse de mat\u00e9riaux<\/span><\/td>\n<\/tr>\n<\/tbody>\n<\/table>\n","protected":false},"excerpt":{"rendered":"<p>Projets r\u00e9alis\u00e9s dans le canton de Saint-Gall\u00a0(cliquez sur\u00a0l&rsquo;image\u00a0pour ouvrir le r\u00e9sum\u00e9)\u00a0: &nbsp; R\u00e9sum\u00e9 Lieu\/date Objet Th\u00e8me\u00a0 Bollingen 9.5.08 49.01 Clo\u00eetre Wurmsbach Analyse de sels Gossau 7.8.13 294.01 Gare, toit du perron Analyse stratigraphique de peinture Pf\u00e4fers 24.8.09 106.01 Chapelle St. Georg Teneur en eau et analyse de sels St Gall 27.10.06 59.01 B\u00e2timent gouvernemental, Rundturm &hellip; <a href=\"https:\/\/conservation-science.ch\/?page_id=38039\" class=\"more-link\">Continuer la lecture de <span class=\"screen-reader-text\">SG (Saint-Gall)<\/span><\/a><\/p>\n","protected":false},"author":1,"featured_media":0,"parent":30086,"menu_order":14,"comment_status":"closed","ping_status":"closed","template":"","meta":{"footnotes":""},"class_list":["post-38039","page","type-page","status-publish","hentry"],"yoast_head":"<!-- This site is optimized with the Yoast SEO plugin v27.2 - https:\/\/yoast.com\/product\/yoast-seo-wordpress\/ -->\n<title>SG (Saint-Gall) - Bl\u00e4uer - Conservation - Science<\/title>\n<meta name=\"robots\" content=\"index, follow, max-snippet:-1, max-image-preview:large, max-video-preview:-1\" \/>\n<link rel=\"canonical\" href=\"https:\/\/conservation-science.ch\/?page_id=38039\" \/>\n<meta property=\"og:locale\" content=\"fr_FR\" \/>\n<meta property=\"og:type\" content=\"article\" \/>\n<meta property=\"og:title\" content=\"SG (Saint-Gall) - Bl\u00e4uer - Conservation - Science\" \/>\n<meta property=\"og:description\" content=\"Projets r\u00e9alis\u00e9s dans le canton de Saint-Gall\u00a0(cliquez sur\u00a0l&rsquo;image\u00a0pour ouvrir le r\u00e9sum\u00e9)\u00a0: &nbsp; R\u00e9sum\u00e9 Lieu\/date Objet Th\u00e8me\u00a0 Bollingen 9.5.08 49.01 Clo\u00eetre Wurmsbach Analyse de sels Gossau 7.8.13 294.01 Gare, toit du perron Analyse stratigraphique de peinture Pf\u00e4fers 24.8.09 106.01 Chapelle St. Georg Teneur en eau et analyse de sels St Gall 27.10.06 59.01 B\u00e2timent gouvernemental, Rundturm &hellip; Continuer la lecture de SG (Saint-Gall)\" \/>\n<meta property=\"og:url\" content=\"https:\/\/conservation-science.ch\/?page_id=38039\" \/>\n<meta property=\"og:site_name\" content=\"Bl\u00e4uer - Conservation - Science\" \/>\n<meta property=\"article:modified_time\" content=\"2024-11-16T15:29:07+00:00\" \/>\n<meta property=\"og:image\" content=\"https:\/\/csc-sarl.ch\/wp-content\/uploads\/2018\/06\/sg_004901_large60px.jpg\" \/>\n<meta name=\"twitter:card\" content=\"summary_large_image\" \/>\n<script type=\"application\/ld+json\" class=\"yoast-schema-graph\">{\"@context\":\"https:\/\/schema.org\",\"@graph\":[{\"@type\":\"WebPage\",\"@id\":\"https:\/\/conservation-science.ch\/?page_id=38039\",\"url\":\"https:\/\/conservation-science.ch\/?page_id=38039\",\"name\":\"SG (Saint-Gall) - Bl\u00e4uer - Conservation - Science\",\"isPartOf\":{\"@id\":\"https:\/\/conservation-science.ch\/#website\"},\"primaryImageOfPage\":{\"@id\":\"https:\/\/conservation-science.ch\/?page_id=38039#primaryimage\"},\"image\":{\"@id\":\"https:\/\/conservation-science.ch\/?page_id=38039#primaryimage\"},\"thumbnailUrl\":\"https:\/\/csc-sarl.ch\/wp-content\/uploads\/2018\/06\/sg_004901_large60px.jpg\",\"datePublished\":\"2018-06-29T18:26:22+00:00\",\"dateModified\":\"2024-11-16T15:29:07+00:00\",\"breadcrumb\":{\"@id\":\"https:\/\/conservation-science.ch\/?page_id=38039#breadcrumb\"},\"inLanguage\":\"fr-FR\",\"potentialAction\":[{\"@type\":\"ReadAction\",\"target\":[\"https:\/\/conservation-science.ch\/?page_id=38039\"]}]},{\"@type\":\"ImageObject\",\"inLanguage\":\"fr-FR\",\"@id\":\"https:\/\/conservation-science.ch\/?page_id=38039#primaryimage\",\"url\":\"https:\/\/csc-sarl.ch\/wp-content\/uploads\/2018\/06\/sg_004901_large60px.jpg\",\"contentUrl\":\"https:\/\/csc-sarl.ch\/wp-content\/uploads\/2018\/06\/sg_004901_large60px.jpg\"},{\"@type\":\"BreadcrumbList\",\"@id\":\"https:\/\/conservation-science.ch\/?page_id=38039#breadcrumb\",\"itemListElement\":[{\"@type\":\"ListItem\",\"position\":1,\"name\":\"Accueil\",\"item\":\"https:\/\/conservation-science.ch\/\"},{\"@type\":\"ListItem\",\"position\":2,\"name\":\"Accueil\",\"item\":\"https:\/\/conservation-science.ch\/\"},{\"@type\":\"ListItem\",\"position\":3,\"name\":\"Etudes \/ Expertises\",\"item\":\"https:\/\/conservation-science.ch\/?page_id=28915\"},{\"@type\":\"ListItem\",\"position\":4,\"name\":\"Suisse\",\"item\":\"https:\/\/conservation-science.ch\/?page_id=30086\"},{\"@type\":\"ListItem\",\"position\":5,\"name\":\"SG (Saint-Gall)\"}]},{\"@type\":\"WebSite\",\"@id\":\"https:\/\/conservation-science.ch\/#website\",\"url\":\"https:\/\/conservation-science.ch\/\",\"name\":\"CSC - Conservation - Sciences\",\"description\":\"Transmission de connaissances dans le domaine des sciences de la conservation du patrimoine b\u00e2ti\",\"potentialAction\":[{\"@type\":\"SearchAction\",\"target\":{\"@type\":\"EntryPoint\",\"urlTemplate\":\"https:\/\/conservation-science.ch\/?s={search_term_string}\"},\"query-input\":{\"@type\":\"PropertyValueSpecification\",\"valueRequired\":true,\"valueName\":\"search_term_string\"}}],\"inLanguage\":\"fr-FR\"}]}<\/script>\n<!-- \/ Yoast SEO plugin. -->","yoast_head_json":{"title":"SG (Saint-Gall) - Bl\u00e4uer - Conservation - Science","robots":{"index":"index","follow":"follow","max-snippet":"max-snippet:-1","max-image-preview":"max-image-preview:large","max-video-preview":"max-video-preview:-1"},"canonical":"https:\/\/conservation-science.ch\/?page_id=38039","og_locale":"fr_FR","og_type":"article","og_title":"SG (Saint-Gall) - Bl\u00e4uer - Conservation - Science","og_description":"Projets r\u00e9alis\u00e9s dans le canton de Saint-Gall\u00a0(cliquez sur\u00a0l&rsquo;image\u00a0pour ouvrir le r\u00e9sum\u00e9)\u00a0: &nbsp; R\u00e9sum\u00e9 Lieu\/date Objet Th\u00e8me\u00a0 Bollingen 9.5.08 49.01 Clo\u00eetre Wurmsbach Analyse de sels Gossau 7.8.13 294.01 Gare, toit du perron Analyse stratigraphique de peinture Pf\u00e4fers 24.8.09 106.01 Chapelle St. Georg Teneur en eau et analyse de sels St Gall 27.10.06 59.01 B\u00e2timent gouvernemental, Rundturm &hellip; Continuer la lecture de SG (Saint-Gall)","og_url":"https:\/\/conservation-science.ch\/?page_id=38039","og_site_name":"Bl\u00e4uer - Conservation - Science","article_modified_time":"2024-11-16T15:29:07+00:00","og_image":[{"url":"https:\/\/csc-sarl.ch\/wp-content\/uploads\/2018\/06\/sg_004901_large60px.jpg","type":"","width":"","height":""}],"twitter_card":"summary_large_image","schema":{"@context":"https:\/\/schema.org","@graph":[{"@type":"WebPage","@id":"https:\/\/conservation-science.ch\/?page_id=38039","url":"https:\/\/conservation-science.ch\/?page_id=38039","name":"SG (Saint-Gall) - Bl\u00e4uer - Conservation - Science","isPartOf":{"@id":"https:\/\/conservation-science.ch\/#website"},"primaryImageOfPage":{"@id":"https:\/\/conservation-science.ch\/?page_id=38039#primaryimage"},"image":{"@id":"https:\/\/conservation-science.ch\/?page_id=38039#primaryimage"},"thumbnailUrl":"https:\/\/csc-sarl.ch\/wp-content\/uploads\/2018\/06\/sg_004901_large60px.jpg","datePublished":"2018-06-29T18:26:22+00:00","dateModified":"2024-11-16T15:29:07+00:00","breadcrumb":{"@id":"https:\/\/conservation-science.ch\/?page_id=38039#breadcrumb"},"inLanguage":"fr-FR","potentialAction":[{"@type":"ReadAction","target":["https:\/\/conservation-science.ch\/?page_id=38039"]}]},{"@type":"ImageObject","inLanguage":"fr-FR","@id":"https:\/\/conservation-science.ch\/?page_id=38039#primaryimage","url":"https:\/\/csc-sarl.ch\/wp-content\/uploads\/2018\/06\/sg_004901_large60px.jpg","contentUrl":"https:\/\/csc-sarl.ch\/wp-content\/uploads\/2018\/06\/sg_004901_large60px.jpg"},{"@type":"BreadcrumbList","@id":"https:\/\/conservation-science.ch\/?page_id=38039#breadcrumb","itemListElement":[{"@type":"ListItem","position":1,"name":"Accueil","item":"https:\/\/conservation-science.ch\/"},{"@type":"ListItem","position":2,"name":"Accueil","item":"https:\/\/conservation-science.ch\/"},{"@type":"ListItem","position":3,"name":"Etudes \/ Expertises","item":"https:\/\/conservation-science.ch\/?page_id=28915"},{"@type":"ListItem","position":4,"name":"Suisse","item":"https:\/\/conservation-science.ch\/?page_id=30086"},{"@type":"ListItem","position":5,"name":"SG (Saint-Gall)"}]},{"@type":"WebSite","@id":"https:\/\/conservation-science.ch\/#website","url":"https:\/\/conservation-science.ch\/","name":"CSC - Conservation - Sciences","description":"Transmission de connaissances dans le domaine des sciences de la conservation du patrimoine b\u00e2ti","potentialAction":[{"@type":"SearchAction","target":{"@type":"EntryPoint","urlTemplate":"https:\/\/conservation-science.ch\/?s={search_term_string}"},"query-input":{"@type":"PropertyValueSpecification","valueRequired":true,"valueName":"search_term_string"}}],"inLanguage":"fr-FR"}]}},"_links":{"self":[{"href":"https:\/\/conservation-science.ch\/index.php?rest_route=\/wp\/v2\/pages\/38039","targetHints":{"allow":["GET"]}}],"collection":[{"href":"https:\/\/conservation-science.ch\/index.php?rest_route=\/wp\/v2\/pages"}],"about":[{"href":"https:\/\/conservation-science.ch\/index.php?rest_route=\/wp\/v2\/types\/page"}],"author":[{"embeddable":true,"href":"https:\/\/conservation-science.ch\/index.php?rest_route=\/wp\/v2\/users\/1"}],"replies":[{"embeddable":true,"href":"https:\/\/conservation-science.ch\/index.php?rest_route=%2Fwp%2Fv2%2Fcomments&post=38039"}],"version-history":[{"count":7,"href":"https:\/\/conservation-science.ch\/index.php?rest_route=\/wp\/v2\/pages\/38039\/revisions"}],"predecessor-version":[{"id":40154,"href":"https:\/\/conservation-science.ch\/index.php?rest_route=\/wp\/v2\/pages\/38039\/revisions\/40154"}],"up":[{"embeddable":true,"href":"https:\/\/conservation-science.ch\/index.php?rest_route=\/wp\/v2\/pages\/30086"}],"wp:attachment":[{"href":"https:\/\/conservation-science.ch\/index.php?rest_route=%2Fwp%2Fv2%2Fmedia&parent=38039"}],"curies":[{"name":"wp","href":"https:\/\/api.w.org\/{rel}","templated":true}]}}