{"id":37979,"date":"2018-06-29T16:09:36","date_gmt":"2018-06-29T14:09:36","guid":{"rendered":"https:\/\/csc-sarl.ch\/?page_id=37979"},"modified":"2018-12-07T10:48:10","modified_gmt":"2018-12-07T09:48:10","slug":"coire","status":"publish","type":"page","link":"https:\/\/conservation-science.ch\/?page_id=37979","title":{"rendered":"Coire"},"content":{"rendered":"<p><strong>Projets r\u00e9alis\u00e9s \u00e0 Coire (GR) <\/strong><strong> (cliquez sur <\/strong><strong>l&rsquo;image pour ouvrir le r\u00e9sum\u00e9<\/strong><strong>) <\/strong><strong>:<\/strong><\/p>\n<p>&nbsp;<\/p>\n<table border=\"2\" width=\"580\" cellpadding=\"2\">\n<tbody>\n<tr>\n<td style=\"vertical-align: top;\"><strong>R\u00e9sum\u00e9<br \/>\n<\/strong><\/td>\n<td style=\"vertical-align: top;\"><strong>Lieu\/date<\/strong><\/td>\n<td style=\"vertical-align: top;\"><strong>Objet<\/strong><\/td>\n<td style=\"vertical-align: top;\"><strong>Th\u00e8me<\/strong><\/td>\n<\/tr>\n<tr>\n<td style=\"vertical-align: top;\" valign=\"top\"><a href=\"https:\/\/csc-sarl.ch\/wp-content\/uploads\/2018\/06\/a_0074_01.pdf\" target=\"_self\"><img decoding=\"async\" class=\"rex_image\" src=\"https:\/\/csc-sarl.ch\/wp-content\/uploads\/2018\/06\/gr_007401_large60px.jpg\" alt=\"[Keine Beschreibung eingegeben]\" ismap=\"ismap\" \/><\/a><\/td>\n<td style=\"vertical-align: top;\" valign=\"top\"><span style=\"font-size: 10pt;\">Coire<\/span><br \/>\n<span style=\"font-size: 10pt;\">12.11.08<\/span><br \/>\n<span style=\"font-size: 10pt;\">74.01<\/span><\/td>\n<td style=\"vertical-align: top;\" valign=\"top\"><span style=\"font-size: 10pt;\">\u00ab\u00a0Altes Geb\u00e4u\u00a0\u00bb<\/span><\/td>\n<td style=\"vertical-align: top;\" valign=\"top\"><span style=\"font-size: 10pt;\">\u00c9tude du climat interne en relation avec l&rsquo;ameublement et les d\u00e9corations historiques<\/span><\/td>\n<\/tr>\n<tr>\n<td style=\"vertical-align: top;\" valign=\"top\"><a href=\"https:\/\/csc-sarl.ch\/wp-content\/uploads\/2018\/06\/a_0055_01.pdf\" target=\"_self\"><img decoding=\"async\" class=\"rex_image\" src=\"https:\/\/csc-sarl.ch\/wp-content\/uploads\/2018\/06\/gr_005501_large60px.jpg\" alt=\"[Keine Beschreibung eingegeben]\" ismap=\"ismap\" \/><\/a><\/td>\n<td style=\"vertical-align: top;\" valign=\"top\"><span style=\"font-size: 10pt;\">Coire<\/span><br \/>\n<span style=\"font-size: 10pt;\">29.5.08<\/span><br \/>\n<span style=\"font-size: 10pt;\">55.01<\/span><\/td>\n<td style=\"vertical-align: top;\" valign=\"top\"><span style=\"font-size: 10pt;\">\u00ab\u00a0Graues Haus\u00a0\u00bb<\/span><\/td>\n<td style=\"vertical-align: top;\" valign=\"top\"><span style=\"font-size: 10pt;\">Analyse des sels<\/span><\/td>\n<\/tr>\n<tr>\n<td style=\"vertical-align: top;\" valign=\"top\"><a href=\"https:\/\/csc-sarl.ch\/wp-content\/uploads\/2018\/06\/a_0015_01.pdf\" target=\"_self\"><img decoding=\"async\" class=\"rex_image\" src=\"https:\/\/csc-sarl.ch\/wp-content\/uploads\/2018\/06\/gr_001501_large60px.jpg\" alt=\"[Keine Beschreibung eingegeben]\" ismap=\"ismap\" \/><\/a><\/td>\n<td style=\"vertical-align: top;\" valign=\"top\"><span style=\"font-size: 10pt;\">Coire<\/span><br \/>\n<span style=\"font-size: 10pt;\">10.5.07<\/span><br \/>\n<span style=\"font-size: 10pt;\">15.01<\/span><\/td>\n<td style=\"vertical-align: top;\" valign=\"top\"><span style=\"font-size: 10pt;\">Cath\u00e9drale<\/span><\/td>\n<td style=\"vertical-align: top;\" valign=\"top\"><span style=\"font-size: 10pt;\">\u00c9volution du climat interne au cours de l&rsquo;ann\u00e9e 2006<\/span><\/td>\n<\/tr>\n<tr>\n<td style=\"vertical-align: top;\" valign=\"top\"><a href=\"https:\/\/csc-sarl.ch\/wp-content\/uploads\/2018\/06\/a_0015_02.pdf\" target=\"_self\"><img decoding=\"async\" class=\"rex_image\" src=\"https:\/\/csc-sarl.ch\/wp-content\/uploads\/2018\/06\/gr_001502_large60px.jpg\" alt=\"[Keine Beschreibung eingegeben]\" ismap=\"ismap\" \/><\/a><\/td>\n<td style=\"vertical-align: top;\" valign=\"top\"><span style=\"font-size: 10pt;\">Coire<\/span><br \/>\n<span style=\"font-size: 10pt;\">23.1.08<\/span><br \/>\n<span style=\"font-size: 10pt;\">15.02<\/span><\/td>\n<td style=\"vertical-align: top;\" valign=\"top\"><span style=\"font-size: 10pt;\">Cath\u00e9drale<\/span><\/td>\n<td style=\"vertical-align: top;\" valign=\"top\"><span style=\"font-size: 10pt;\">\u00c9volution du climat r\u00e9gnant autour du ma\u00eetre autel en 2007<\/span><\/td>\n<\/tr>\n<tr>\n<td style=\"vertical-align: top;\" valign=\"top\"><a href=\"https:\/\/csc-sarl.ch\/wp-content\/uploads\/2018\/06\/a_0015_03.pdf\" target=\"_self\"><img decoding=\"async\" class=\"rex_image\" src=\"https:\/\/csc-sarl.ch\/wp-content\/uploads\/2018\/06\/gr_001503_large60px.jpg\" alt=\"[Keine Beschreibung eingegeben]\" ismap=\"ismap\" \/><\/a><\/td>\n<td style=\"vertical-align: top;\" valign=\"top\"><span style=\"font-size: 10pt;\">Coire<\/span><br \/>\n<span style=\"font-size: 10pt;\">19.3.08<\/span><br \/>\n<span style=\"font-size: 10pt;\">15.03<\/span><\/td>\n<td style=\"vertical-align: top;\" valign=\"top\"><span style=\"font-size: 10pt;\">Cath\u00e9drale<\/span><\/td>\n<td style=\"vertical-align: top;\" valign=\"top\"><span style=\"font-size: 10pt;\">Impact du climat interne sur les mat\u00e9riaux du ma\u00eetre autel<\/span><\/td>\n<\/tr>\n<tr>\n<td style=\"vertical-align: top;\" valign=\"top\"><a href=\"https:\/\/csc-sarl.ch\/wp-content\/uploads\/2018\/06\/a_0015_04.pdf\" target=\"_self\"><img decoding=\"async\" class=\"rex_image\" src=\"https:\/\/csc-sarl.ch\/wp-content\/uploads\/2018\/06\/gr_001504.jpg\" alt=\"[Keine Beschreibung eingegeben]\" ismap=\"ismap\" \/><\/a><\/td>\n<td style=\"vertical-align: top;\" valign=\"top\"><span style=\"font-size: 10pt;\">Coire<\/span><br \/>\n<span style=\"font-size: 10pt;\">2.2.09<\/span><br \/>\n<span style=\"font-size: 10pt;\">15.04<\/span><\/td>\n<td style=\"vertical-align: top;\" valign=\"top\"><span style=\"font-size: 10pt;\">Cath\u00e9drale<\/span><\/td>\n<td style=\"vertical-align: top;\" valign=\"top\"><span style=\"font-size: 10pt;\">\u00c9volution du climat r\u00e9gnant autour du ma\u00eetre autel en 2008<\/span><\/td>\n<\/tr>\n<tr>\n<td style=\"vertical-align: top;\" valign=\"top\"><a href=\"https:\/\/csc-sarl.ch\/wp-content\/uploads\/2018\/06\/a_0015_05.pdf\" target=\"_self\"><img decoding=\"async\" class=\"rex_image\" src=\"https:\/\/csc-sarl.ch\/wp-content\/uploads\/2018\/06\/gr_001505_large60px.jpg\" alt=\"[Keine Beschreibung eingegeben]\" ismap=\"ismap\" \/><\/a><\/td>\n<td style=\"vertical-align: top;\" valign=\"top\"><span style=\"font-size: 10pt;\">Coire<\/span><br \/>\n<span style=\"font-size: 10pt;\">31.3.10<\/span><br \/>\n<span style=\"font-size: 10pt;\">15.05<\/span><\/td>\n<td style=\"vertical-align: top;\" valign=\"top\"><span style=\"font-size: 10pt;\">Cath\u00e9drale<\/span><\/td>\n<td style=\"vertical-align: top;\" valign=\"top\"><span style=\"font-size: 10pt;\">\u00c9volution du climat r\u00e9gnant autour du ma\u00eetre autel en 2009<\/span><\/td>\n<\/tr>\n<tr>\n<td style=\"vertical-align: top;\" valign=\"top\"><a href=\"https:\/\/csc-sarl.ch\/wp-content\/uploads\/2018\/06\/a_0015_06.pdf\" target=\"_self\"><img decoding=\"async\" class=\"rex_image\" src=\"https:\/\/csc-sarl.ch\/wp-content\/uploads\/2018\/06\/gr_001506.jpg\" alt=\"[Keine Beschreibung eingegeben]\" ismap=\"ismap\" \/><\/a><\/td>\n<td style=\"vertical-align: top;\" valign=\"top\"><span style=\"font-size: 10pt;\">Coire<\/span><br \/>\n<span style=\"font-size: 10pt;\">21.02.11<\/span><br \/>\n<span style=\"font-size: 10pt;\">15.06<\/span><\/td>\n<td style=\"vertical-align: top;\" valign=\"top\"><span style=\"font-size: 10pt;\">Cath\u00e9drale<\/span><\/td>\n<td style=\"vertical-align: top;\" valign=\"top\"><span style=\"font-size: 10pt;\">\u00c9volution du climat r\u00e9gnant autour du ma\u00eetre autel en 2010<\/span><\/td>\n<\/tr>\n<tr>\n<td style=\"vertical-align: top;\" valign=\"top\"><a href=\"https:\/\/csc-sarl.ch\/wp-content\/uploads\/2018\/06\/a_0015_07.pdf\" target=\"_self\"><img decoding=\"async\" class=\"rex_image\" src=\"https:\/\/csc-sarl.ch\/wp-content\/uploads\/2018\/06\/gr_001507_large60px.jpg\" alt=\"\" ismap=\"ismap\" \/><\/a><\/td>\n<td style=\"vertical-align: top;\" valign=\"top\"><span style=\"font-size: 10pt;\">Coire<\/span><br \/>\n<span style=\"font-size: 10pt;\">5.4.12<\/span><br \/>\n<span style=\"font-size: 10pt;\">15.07<\/span><\/td>\n<td style=\"vertical-align: top;\" valign=\"top\"><span style=\"font-size: 10pt;\">Cath\u00e9drale<\/span><\/td>\n<td style=\"vertical-align: top;\" valign=\"top\"><span style=\"font-size: 10pt;\">\u00c9volution du climat r\u00e9gnant autour du ma\u00eetre autel en 2011<\/span><\/td>\n<\/tr>\n<tr>\n<td style=\"vertical-align: top;\" valign=\"top\"><a href=\"https:\/\/csc-sarl.ch\/wp-content\/uploads\/2018\/06\/a_0015_08.pdf\" target=\"_self\"><img decoding=\"async\" class=\"rex_image\" src=\"https:\/\/csc-sarl.ch\/wp-content\/uploads\/2018\/06\/gr_001508_large60px.jpg\" alt=\"\" ismap=\"ismap\" \/><\/a><\/td>\n<td style=\"vertical-align: top;\" valign=\"top\"><span style=\"font-size: 10pt;\">Coire<\/span><br \/>\n<span style=\"font-size: 10pt;\">22.1.13<\/span><br \/>\n<span style=\"font-size: 10pt;\">15.08<\/span><\/td>\n<td style=\"vertical-align: top;\" valign=\"top\"><span style=\"font-size: 10pt;\">Cath\u00e9drale<\/span><\/td>\n<td style=\"vertical-align: top;\" valign=\"top\"><span style=\"font-size: 10pt;\">\u00c9volution du climat r\u00e9gnant autour du ma\u00eetre autel en 2012<\/span><\/td>\n<\/tr>\n<tr>\n<td style=\"vertical-align: top;\" valign=\"top\"><a href=\"https:\/\/csc-sarl.ch\/wp-content\/uploads\/2018\/06\/a_0019_01.pdf\" target=\"_self\"><img decoding=\"async\" class=\"rex_image\" src=\"https:\/\/csc-sarl.ch\/wp-content\/uploads\/2018\/06\/gr_001901_large60px.jpg\" alt=\"[Keine Beschreibung eingegeben]\" ismap=\"ismap\" \/><\/a><\/td>\n<td style=\"vertical-align: top;\" valign=\"top\"><span style=\"font-size: 10pt;\">Coire<\/span><br \/>\n<span style=\"font-size: 10pt;\">25.2.07<\/span><br \/>\n<span style=\"font-size: 10pt;\">19.01<\/span><\/td>\n<td style=\"vertical-align: top;\" valign=\"top\"><span style=\"font-size: 10pt;\">St Stephan<\/span><\/td>\n<td style=\"vertical-align: top;\" valign=\"top\"><span style=\"font-size: 10pt;\">Analyse de sels<\/span><\/td>\n<\/tr>\n<tr>\n<td style=\"vertical-align: top;\" valign=\"top\"><a href=\"https:\/\/csc-sarl.ch\/wp-content\/uploads\/2018\/06\/a_0019_02.pdf\"><img loading=\"lazy\" decoding=\"async\" class=\"rex_image alignnone\" src=\"https:\/\/csc-sarl.ch\/wp-content\/uploads\/2018\/06\/gr_001902_large60px.jpg\" alt=\"[Keine Beschreibung eingegeben]\" ismap=\"ismap\" width=\"60\" height=\"40\" \/><\/a><\/td>\n<td style=\"vertical-align: top;\" valign=\"top\"><span style=\"font-size: 10pt;\">Coire<\/span><br \/>\n<span style=\"font-size: 10pt;\">29.1.10<\/span><br \/>\n<span style=\"font-size: 10pt;\">19.02<\/span><\/td>\n<td style=\"vertical-align: top;\" valign=\"top\"><span style=\"font-size: 10pt;\">St Stephan<\/span><\/td>\n<td style=\"vertical-align: top;\" valign=\"top\"><span style=\"font-size: 10pt;\">Conseils pour l&rsquo;entretien<\/span><\/td>\n<\/tr>\n<tr>\n<td style=\"vertical-align: top;\" valign=\"top\"><a href=\"https:\/\/csc-sarl.ch\/wp-content\/uploads\/2018\/06\/a_0083_01.pdf\" target=\"_self\"><img decoding=\"async\" class=\"rex_image\" src=\"https:\/\/csc-sarl.ch\/wp-content\/uploads\/2018\/06\/gr_008301_large60px.jpg\" alt=\"[Keine Beschreibung eingegeben]\" ismap=\"ismap\" \/><\/a><\/td>\n<td style=\"vertical-align: top;\" valign=\"top\"><span style=\"font-size: 10pt;\">Coire<\/span><br \/>\n<span style=\"font-size: 10pt;\">26.3.09<\/span><br \/>\n<span style=\"font-size: 10pt;\">83.01<\/span><\/td>\n<td style=\"vertical-align: top;\" valign=\"top\"><span style=\"font-size: 10pt;\">St Stephan, sarcophage<\/span><\/td>\n<td style=\"vertical-align: top;\" valign=\"top\"><span style=\"font-size: 10pt;\">Analyse de sels<\/span><\/td>\n<\/tr>\n<\/tbody>\n<\/table>\n","protected":false},"excerpt":{"rendered":"<p>Projets r\u00e9alis\u00e9s \u00e0 Coire (GR) (cliquez sur l&rsquo;image pour ouvrir le r\u00e9sum\u00e9) : &nbsp; R\u00e9sum\u00e9 Lieu\/date Objet Th\u00e8me Coire 12.11.08 74.01 \u00ab\u00a0Altes Geb\u00e4u\u00a0\u00bb \u00c9tude du climat interne en relation avec l&rsquo;ameublement et les d\u00e9corations historiques Coire 29.5.08 55.01 \u00ab\u00a0Graues Haus\u00a0\u00bb Analyse des sels Coire 10.5.07 15.01 Cath\u00e9drale \u00c9volution du climat interne au cours de l&rsquo;ann\u00e9e &hellip; <a href=\"https:\/\/conservation-science.ch\/?page_id=37979\" class=\"more-link\">Continuer la lecture de <span class=\"screen-reader-text\">Coire<\/span><\/a><\/p>\n","protected":false},"author":1,"featured_media":0,"parent":37973,"menu_order":1,"comment_status":"closed","ping_status":"closed","template":"","meta":{"footnotes":""},"class_list":["post-37979","page","type-page","status-publish","hentry"],"yoast_head":"<!-- This site is optimized with the Yoast SEO plugin v27.2 - https:\/\/yoast.com\/product\/yoast-seo-wordpress\/ -->\n<title>Coire - Bl\u00e4uer - Conservation - Science<\/title>\n<meta name=\"robots\" content=\"index, follow, max-snippet:-1, max-image-preview:large, max-video-preview:-1\" \/>\n<link rel=\"canonical\" href=\"https:\/\/conservation-science.ch\/?page_id=37979\" \/>\n<meta property=\"og:locale\" content=\"fr_FR\" \/>\n<meta property=\"og:type\" content=\"article\" \/>\n<meta property=\"og:title\" content=\"Coire - Bl\u00e4uer - Conservation - Science\" \/>\n<meta property=\"og:description\" content=\"Projets r\u00e9alis\u00e9s \u00e0 Coire (GR) (cliquez sur l&rsquo;image pour ouvrir le r\u00e9sum\u00e9) : &nbsp; R\u00e9sum\u00e9 Lieu\/date Objet Th\u00e8me Coire 12.11.08 74.01 \u00ab\u00a0Altes Geb\u00e4u\u00a0\u00bb \u00c9tude du climat interne en relation avec l&rsquo;ameublement et les d\u00e9corations historiques Coire 29.5.08 55.01 \u00ab\u00a0Graues Haus\u00a0\u00bb Analyse des sels Coire 10.5.07 15.01 Cath\u00e9drale \u00c9volution du climat interne au cours de l&rsquo;ann\u00e9e &hellip; Continuer la lecture de Coire\" \/>\n<meta property=\"og:url\" content=\"https:\/\/conservation-science.ch\/?page_id=37979\" \/>\n<meta property=\"og:site_name\" content=\"Bl\u00e4uer - Conservation - Science\" \/>\n<meta property=\"article:modified_time\" content=\"2018-12-07T09:48:10+00:00\" \/>\n<meta property=\"og:image\" content=\"https:\/\/csc-sarl.ch\/wp-content\/uploads\/2018\/06\/gr_007401_large60px.jpg\" \/>\n<meta name=\"twitter:card\" content=\"summary_large_image\" \/>\n<meta name=\"twitter:label1\" content=\"Dur\u00e9e de lecture estim\u00e9e\" \/>\n\t<meta name=\"twitter:data1\" content=\"1 minute\" \/>\n<script type=\"application\/ld+json\" class=\"yoast-schema-graph\">{\"@context\":\"https:\/\/schema.org\",\"@graph\":[{\"@type\":\"WebPage\",\"@id\":\"https:\/\/conservation-science.ch\/?page_id=37979\",\"url\":\"https:\/\/conservation-science.ch\/?page_id=37979\",\"name\":\"Coire - Bl\u00e4uer - Conservation - Science\",\"isPartOf\":{\"@id\":\"https:\/\/conservation-science.ch\/#website\"},\"primaryImageOfPage\":{\"@id\":\"https:\/\/conservation-science.ch\/?page_id=37979#primaryimage\"},\"image\":{\"@id\":\"https:\/\/conservation-science.ch\/?page_id=37979#primaryimage\"},\"thumbnailUrl\":\"https:\/\/csc-sarl.ch\/wp-content\/uploads\/2018\/06\/gr_007401_large60px.jpg\",\"datePublished\":\"2018-06-29T14:09:36+00:00\",\"dateModified\":\"2018-12-07T09:48:10+00:00\",\"breadcrumb\":{\"@id\":\"https:\/\/conservation-science.ch\/?page_id=37979#breadcrumb\"},\"inLanguage\":\"fr-FR\",\"potentialAction\":[{\"@type\":\"ReadAction\",\"target\":[\"https:\/\/conservation-science.ch\/?page_id=37979\"]}]},{\"@type\":\"ImageObject\",\"inLanguage\":\"fr-FR\",\"@id\":\"https:\/\/conservation-science.ch\/?page_id=37979#primaryimage\",\"url\":\"https:\/\/csc-sarl.ch\/wp-content\/uploads\/2018\/06\/gr_007401_large60px.jpg\",\"contentUrl\":\"https:\/\/csc-sarl.ch\/wp-content\/uploads\/2018\/06\/gr_007401_large60px.jpg\"},{\"@type\":\"BreadcrumbList\",\"@id\":\"https:\/\/conservation-science.ch\/?page_id=37979#breadcrumb\",\"itemListElement\":[{\"@type\":\"ListItem\",\"position\":1,\"name\":\"Accueil\",\"item\":\"https:\/\/conservation-science.ch\/\"},{\"@type\":\"ListItem\",\"position\":2,\"name\":\"Accueil\",\"item\":\"https:\/\/conservation-science.ch\/\"},{\"@type\":\"ListItem\",\"position\":3,\"name\":\"Etudes \/ Expertises\",\"item\":\"https:\/\/conservation-science.ch\/?page_id=28915\"},{\"@type\":\"ListItem\",\"position\":4,\"name\":\"Suisse\",\"item\":\"https:\/\/conservation-science.ch\/?page_id=30086\"},{\"@type\":\"ListItem\",\"position\":5,\"name\":\"GR (Grisons)\",\"item\":\"https:\/\/conservation-science.ch\/?page_id=37973\"},{\"@type\":\"ListItem\",\"position\":6,\"name\":\"Coire\"}]},{\"@type\":\"WebSite\",\"@id\":\"https:\/\/conservation-science.ch\/#website\",\"url\":\"https:\/\/conservation-science.ch\/\",\"name\":\"CSC - Conservation - Sciences\",\"description\":\"Transmission de connaissances dans le domaine des sciences de la conservation du patrimoine b\u00e2ti\",\"potentialAction\":[{\"@type\":\"SearchAction\",\"target\":{\"@type\":\"EntryPoint\",\"urlTemplate\":\"https:\/\/conservation-science.ch\/?s={search_term_string}\"},\"query-input\":{\"@type\":\"PropertyValueSpecification\",\"valueRequired\":true,\"valueName\":\"search_term_string\"}}],\"inLanguage\":\"fr-FR\"}]}<\/script>\n<!-- \/ Yoast SEO plugin. -->","yoast_head_json":{"title":"Coire - Bl\u00e4uer - Conservation - Science","robots":{"index":"index","follow":"follow","max-snippet":"max-snippet:-1","max-image-preview":"max-image-preview:large","max-video-preview":"max-video-preview:-1"},"canonical":"https:\/\/conservation-science.ch\/?page_id=37979","og_locale":"fr_FR","og_type":"article","og_title":"Coire - Bl\u00e4uer - Conservation - Science","og_description":"Projets r\u00e9alis\u00e9s \u00e0 Coire (GR) (cliquez sur l&rsquo;image pour ouvrir le r\u00e9sum\u00e9) : &nbsp; R\u00e9sum\u00e9 Lieu\/date Objet Th\u00e8me Coire 12.11.08 74.01 \u00ab\u00a0Altes Geb\u00e4u\u00a0\u00bb \u00c9tude du climat interne en relation avec l&rsquo;ameublement et les d\u00e9corations historiques Coire 29.5.08 55.01 \u00ab\u00a0Graues Haus\u00a0\u00bb Analyse des sels Coire 10.5.07 15.01 Cath\u00e9drale \u00c9volution du climat interne au cours de l&rsquo;ann\u00e9e &hellip; Continuer la lecture de Coire","og_url":"https:\/\/conservation-science.ch\/?page_id=37979","og_site_name":"Bl\u00e4uer - Conservation - Science","article_modified_time":"2018-12-07T09:48:10+00:00","og_image":[{"url":"https:\/\/csc-sarl.ch\/wp-content\/uploads\/2018\/06\/gr_007401_large60px.jpg","type":"","width":"","height":""}],"twitter_card":"summary_large_image","twitter_misc":{"Dur\u00e9e de lecture estim\u00e9e":"1 minute"},"schema":{"@context":"https:\/\/schema.org","@graph":[{"@type":"WebPage","@id":"https:\/\/conservation-science.ch\/?page_id=37979","url":"https:\/\/conservation-science.ch\/?page_id=37979","name":"Coire - Bl\u00e4uer - Conservation - Science","isPartOf":{"@id":"https:\/\/conservation-science.ch\/#website"},"primaryImageOfPage":{"@id":"https:\/\/conservation-science.ch\/?page_id=37979#primaryimage"},"image":{"@id":"https:\/\/conservation-science.ch\/?page_id=37979#primaryimage"},"thumbnailUrl":"https:\/\/csc-sarl.ch\/wp-content\/uploads\/2018\/06\/gr_007401_large60px.jpg","datePublished":"2018-06-29T14:09:36+00:00","dateModified":"2018-12-07T09:48:10+00:00","breadcrumb":{"@id":"https:\/\/conservation-science.ch\/?page_id=37979#breadcrumb"},"inLanguage":"fr-FR","potentialAction":[{"@type":"ReadAction","target":["https:\/\/conservation-science.ch\/?page_id=37979"]}]},{"@type":"ImageObject","inLanguage":"fr-FR","@id":"https:\/\/conservation-science.ch\/?page_id=37979#primaryimage","url":"https:\/\/csc-sarl.ch\/wp-content\/uploads\/2018\/06\/gr_007401_large60px.jpg","contentUrl":"https:\/\/csc-sarl.ch\/wp-content\/uploads\/2018\/06\/gr_007401_large60px.jpg"},{"@type":"BreadcrumbList","@id":"https:\/\/conservation-science.ch\/?page_id=37979#breadcrumb","itemListElement":[{"@type":"ListItem","position":1,"name":"Accueil","item":"https:\/\/conservation-science.ch\/"},{"@type":"ListItem","position":2,"name":"Accueil","item":"https:\/\/conservation-science.ch\/"},{"@type":"ListItem","position":3,"name":"Etudes \/ Expertises","item":"https:\/\/conservation-science.ch\/?page_id=28915"},{"@type":"ListItem","position":4,"name":"Suisse","item":"https:\/\/conservation-science.ch\/?page_id=30086"},{"@type":"ListItem","position":5,"name":"GR (Grisons)","item":"https:\/\/conservation-science.ch\/?page_id=37973"},{"@type":"ListItem","position":6,"name":"Coire"}]},{"@type":"WebSite","@id":"https:\/\/conservation-science.ch\/#website","url":"https:\/\/conservation-science.ch\/","name":"CSC - Conservation - Sciences","description":"Transmission de connaissances dans le domaine des sciences de la conservation du patrimoine b\u00e2ti","potentialAction":[{"@type":"SearchAction","target":{"@type":"EntryPoint","urlTemplate":"https:\/\/conservation-science.ch\/?s={search_term_string}"},"query-input":{"@type":"PropertyValueSpecification","valueRequired":true,"valueName":"search_term_string"}}],"inLanguage":"fr-FR"}]}},"_links":{"self":[{"href":"https:\/\/conservation-science.ch\/index.php?rest_route=\/wp\/v2\/pages\/37979","targetHints":{"allow":["GET"]}}],"collection":[{"href":"https:\/\/conservation-science.ch\/index.php?rest_route=\/wp\/v2\/pages"}],"about":[{"href":"https:\/\/conservation-science.ch\/index.php?rest_route=\/wp\/v2\/types\/page"}],"author":[{"embeddable":true,"href":"https:\/\/conservation-science.ch\/index.php?rest_route=\/wp\/v2\/users\/1"}],"replies":[{"embeddable":true,"href":"https:\/\/conservation-science.ch\/index.php?rest_route=%2Fwp%2Fv2%2Fcomments&post=37979"}],"version-history":[{"count":3,"href":"https:\/\/conservation-science.ch\/index.php?rest_route=\/wp\/v2\/pages\/37979\/revisions"}],"predecessor-version":[{"id":38836,"href":"https:\/\/conservation-science.ch\/index.php?rest_route=\/wp\/v2\/pages\/37979\/revisions\/38836"}],"up":[{"embeddable":true,"href":"https:\/\/conservation-science.ch\/index.php?rest_route=\/wp\/v2\/pages\/37973"}],"wp:attachment":[{"href":"https:\/\/conservation-science.ch\/index.php?rest_route=%2Fwp%2Fv2%2Fmedia&parent=37979"}],"curies":[{"name":"wp","href":"https:\/\/api.w.org\/{rel}","templated":true}]}}