{"id":37977,"date":"2018-06-29T16:06:53","date_gmt":"2018-06-29T14:06:53","guid":{"rendered":"https:\/\/csc-sarl.ch\/?page_id=37977"},"modified":"2018-06-30T15:39:43","modified_gmt":"2018-06-30T13:39:43","slug":"zillis","status":"publish","type":"page","link":"https:\/\/conservation-science.ch\/?page_id=37977","title":{"rendered":"Zillis"},"content":{"rendered":"<p><strong>Projets r\u00e9alis\u00e9s \u00e0 Zillis (GR) (cliquez sur l&rsquo;image pour ouvrir le r\u00e9sum\u00e9) :<\/strong><\/p>\n<p>&nbsp;<\/p>\n<table border=\"2\" width=\"580\" cellpadding=\"2\">\n<tbody>\n<tr>\n<td><strong>R\u00e9sum\u00e9<br \/>\n<\/strong><\/td>\n<td><strong>Lieu\/date<\/strong><\/td>\n<td><strong>Objet<\/strong><\/td>\n<td><strong>Th\u00e8me<\/strong><\/td>\n<\/tr>\n<tr>\n<td style=\"vertical-align: top;\" valign=\"top\"><a href=\"https:\/\/csc-sarl.ch\/wp-content\/uploads\/2018\/06\/a_0027_01.pdf\" target=\"_self\"><img decoding=\"async\" class=\"rex_image\" src=\"https:\/\/csc-sarl.ch\/wp-content\/uploads\/2018\/06\/gr_002701_large60px.jpg\" alt=\"[Keine Beschreibung eingegeben]\" ismap=\"ismap\" \/><\/a><\/td>\n<td style=\"vertical-align: top;\" valign=\"top\"><span style=\"font-size: 10pt;\">Zillis<\/span><br \/>\n<span style=\"font-size: 10pt;\">26.2.08<\/span><br \/>\n<span style=\"font-size: 10pt;\">27.01<\/span><\/td>\n<td style=\"vertical-align: top;\" valign=\"top\"><span style=\"font-size: 10pt;\">\u00c9glise St. Martin<\/span><\/td>\n<td style=\"vertical-align: top;\" valign=\"top\"><span style=\"font-size: 10pt;\">\u00c9volution du climat interne au cours de l&rsquo;ann\u00e9e 2007<\/span><\/td>\n<\/tr>\n<tr>\n<td style=\"vertical-align: top;\" valign=\"top\"><a href=\"https:\/\/csc-sarl.ch\/wp-content\/uploads\/2018\/06\/a_0027_04.pdf\" target=\"_self\"><img decoding=\"async\" class=\"rex_image\" src=\"https:\/\/csc-sarl.ch\/wp-content\/uploads\/2018\/06\/gr_002704_large60px.jpg\" alt=\"[Keine Beschreibung eingegeben]\" ismap=\"ismap\" \/><\/a><\/td>\n<td style=\"vertical-align: top;\" valign=\"top\"><span style=\"font-size: 10pt;\">Zillis<\/span><br \/>\n<span style=\"font-size: 10pt;\">13.2.09<\/span><br \/>\n<span style=\"font-size: 10pt;\">27.04<\/span><\/td>\n<td style=\"vertical-align: top;\" valign=\"top\"><span style=\"font-size: 10pt;\">\u00c9glise St. Martin<\/span><\/td>\n<td style=\"vertical-align: top;\" valign=\"top\"><span style=\"font-size: 10pt;\">\u00c9volution du climat interne au cours de l&rsquo;ann\u00e9e 2008<\/span><\/td>\n<\/tr>\n<tr>\n<td style=\"vertical-align: top;\" valign=\"top\"><a href=\"https:\/\/csc-sarl.ch\/wp-content\/uploads\/2018\/06\/a_0027_05.pdf\" target=\"_self\"><img decoding=\"async\" class=\"rex_image\" src=\"https:\/\/csc-sarl.ch\/wp-content\/uploads\/2018\/06\/gr_002705_large60px.jpg\" alt=\"[Keine Beschreibung eingegeben]\" ismap=\"ismap\" \/><\/a><\/td>\n<td style=\"vertical-align: top;\" valign=\"top\"><span style=\"font-size: 10pt;\">Zillis<\/span><br \/>\n<span style=\"font-size: 10pt;\">20.4.10<\/span><br \/>\n<span style=\"font-size: 10pt;\">27.05<\/span><\/td>\n<td style=\"vertical-align: top;\" valign=\"top\"><span style=\"font-size: 10pt;\">\u00c9glise St. Martin<\/span><\/td>\n<td style=\"vertical-align: top;\" valign=\"top\"><span style=\"font-size: 10pt;\">\u00c9volution du climat interne au cours de l&rsquo;ann\u00e9e 2009<\/span><\/td>\n<\/tr>\n<tr>\n<td style=\"vertical-align: top;\" valign=\"top\"><a href=\"https:\/\/csc-sarl.ch\/wp-content\/uploads\/2018\/06\/a_0027_06.pdf\" target=\"_self\"><img decoding=\"async\" class=\"rex_image\" src=\"https:\/\/csc-sarl.ch\/wp-content\/uploads\/2018\/06\/gr_002706.jpg\" alt=\"[Keine Beschreibung eingegeben]\" ismap=\"ismap\" \/><\/a><\/td>\n<td style=\"vertical-align: top;\" valign=\"top\"><span style=\"font-size: 10pt;\">Zillis<\/span><br \/>\n<span style=\"font-size: 10pt;\">22.03.11<\/span><br \/>\n<span style=\"font-size: 10pt;\">27.06<\/span><\/td>\n<td style=\"vertical-align: top;\" valign=\"top\"><span style=\"font-size: 10pt;\">\u00c9glise St. Martin<\/span><\/td>\n<td style=\"vertical-align: top;\" valign=\"top\"><span style=\"font-size: 10pt;\">\u00c9volution du climat interne au cours de l&rsquo;ann\u00e9e 2010<\/span><\/td>\n<\/tr>\n<tr>\n<td style=\"vertical-align: top;\" valign=\"top\"><a href=\"https:\/\/csc-sarl.ch\/wp-content\/uploads\/2018\/06\/a_0027_07.pdf\" target=\"_self\"><img decoding=\"async\" class=\"rex_image\" src=\"https:\/\/csc-sarl.ch\/wp-content\/uploads\/2018\/06\/gr_002707_large60px.jpg\" alt=\"\" ismap=\"ismap\" \/><\/a><\/td>\n<td style=\"vertical-align: top;\" valign=\"top\"><span style=\"font-size: 10pt;\">Zillis<\/span><br \/>\n<span style=\"font-size: 10pt;\">16.2.12<\/span><br \/>\n<span style=\"font-size: 10pt;\">27.07<\/span><\/td>\n<td style=\"vertical-align: top;\" valign=\"top\"><span style=\"font-size: 10pt;\">\u00c9glise St. Martin<\/span><\/td>\n<td style=\"vertical-align: top;\" valign=\"top\"><span style=\"font-size: 10pt;\">\u00c9volution du climat interne au cours de l&rsquo;ann\u00e9e 2011<\/span><\/td>\n<\/tr>\n<tr>\n<td style=\"vertical-align: top;\" valign=\"top\"><a href=\"https:\/\/csc-sarl.ch\/wp-content\/uploads\/2018\/06\/a_0027_08.pdf\" target=\"_self\"><img decoding=\"async\" class=\"rex_image\" src=\"https:\/\/csc-sarl.ch\/wp-content\/uploads\/2018\/06\/gr_002708_large60px.jpg\" alt=\"\" ismap=\"ismap\" \/><\/a><\/td>\n<td style=\"vertical-align: top;\" valign=\"top\"><span style=\"font-size: 10pt;\">Zillis<\/span><br \/>\n<span style=\"font-size: 10pt;\">27.2.13<\/span><br \/>\n<span style=\"font-size: 10pt;\">27.08<\/span><\/td>\n<td style=\"vertical-align: top;\" valign=\"top\"><span style=\"font-size: 10pt;\">\u00c9glise St. Martin<\/span><\/td>\n<td style=\"vertical-align: top;\" valign=\"top\"><span style=\"font-size: 10pt;\">\u00c9volution du climat interne au cours de l&rsquo;ann\u00e9e 2012<\/span><\/td>\n<\/tr>\n<tr>\n<td style=\"vertical-align: top;\" valign=\"top\"><a href=\"https:\/\/csc-sarl.ch\/wp-content\/uploads\/2018\/06\/a_0027_09.pdf\" target=\"_self\"><img decoding=\"async\" class=\"rex_image\" src=\"https:\/\/csc-sarl.ch\/wp-content\/uploads\/2018\/06\/gr_002709.jpg\" alt=\"[Keine Beschreibung eingegeben]\" ismap=\"ismap\" \/><\/a><\/td>\n<td style=\"vertical-align: top;\" valign=\"top\"><span style=\"font-size: 10pt;\">Zillis<\/span><br \/>\n<span style=\"font-size: 10pt;\">19.2.14<\/span><br \/>\n<span style=\"font-size: 10pt;\">27.09<\/span><\/td>\n<td style=\"vertical-align: top;\" valign=\"top\"><span style=\"font-size: 10pt;\">\u00c9glise St. Martin<\/span><\/td>\n<td style=\"vertical-align: top;\" valign=\"top\"><span style=\"font-size: 10pt;\">\u00c9volution du climat interne au cours de l&rsquo;ann\u00e9e 2013<\/span><\/td>\n<\/tr>\n<tr>\n<td style=\"vertical-align: top;\" valign=\"top\"><a href=\"https:\/\/csc-sarl.ch\/wp-content\/uploads\/2018\/06\/a_0027_10.pdf\" target=\"_self\"><img decoding=\"async\" class=\"rex_image\" src=\"https:\/\/csc-sarl.ch\/wp-content\/uploads\/2018\/06\/gr_002710.jpg\" alt=\"[Keine Beschreibung eingegeben]\" ismap=\"ismap\" \/><\/a><\/td>\n<td style=\"vertical-align: top;\" valign=\"top\"><span style=\"font-size: 10pt;\">Zillis<\/span><br \/>\n<span style=\"font-size: 10pt;\">8.3.15<\/span><br \/>\n<span style=\"font-size: 10pt;\">27.10<\/span><\/td>\n<td style=\"vertical-align: top;\" valign=\"top\"><span style=\"font-size: 10pt;\">\u00c9glise St. Martin<\/span><\/td>\n<td style=\"vertical-align: top;\" valign=\"top\"><span style=\"font-size: 10pt;\">\u00c9volution du climat interne au cours de l&rsquo;ann\u00e9e 2014<\/span><\/td>\n<\/tr>\n<tr>\n<td style=\"vertical-align: top;\" valign=\"top\"><a href=\"https:\/\/csc-sarl.ch\/wp-content\/uploads\/2018\/06\/a_0027_11.pdf\" target=\"_self\"><img decoding=\"async\" class=\"rex_image\" src=\"https:\/\/csc-sarl.ch\/wp-content\/uploads\/2018\/06\/gr_002711.jpg\" alt=\"[Keine Beschreibung eingegeben]\" ismap=\"ismap\" \/><\/a><\/td>\n<td style=\"vertical-align: top;\" valign=\"top\"><span style=\"font-size: 10pt;\">Zillis<\/span><br \/>\n<span style=\"font-size: 10pt;\">11.2.16<\/span><br \/>\n<span style=\"font-size: 10pt;\">27.11<\/span><\/td>\n<td style=\"vertical-align: top;\" valign=\"top\"><span style=\"font-size: 10pt;\">\u00c9glise St. Martin<\/span><\/td>\n<td style=\"vertical-align: top;\" valign=\"top\"><span style=\"font-size: 10pt;\">\u00c9volution du climat interne au cours de l&rsquo;ann\u00e9e 2015<\/span><\/td>\n<\/tr>\n<\/tbody>\n<\/table>\n","protected":false},"excerpt":{"rendered":"<p>Projets r\u00e9alis\u00e9s \u00e0 Zillis (GR) (cliquez sur l&rsquo;image pour ouvrir le r\u00e9sum\u00e9) : &nbsp; R\u00e9sum\u00e9 Lieu\/date Objet Th\u00e8me Zillis 26.2.08 27.01 \u00c9glise St. Martin \u00c9volution du climat interne au cours de l&rsquo;ann\u00e9e 2007 Zillis 13.2.09 27.04 \u00c9glise St. Martin \u00c9volution du climat interne au cours de l&rsquo;ann\u00e9e 2008 Zillis 20.4.10 27.05 \u00c9glise St. Martin \u00c9volution &hellip; <a href=\"https:\/\/conservation-science.ch\/?page_id=37977\" class=\"more-link\">Continuer la lecture de <span class=\"screen-reader-text\">Zillis<\/span><\/a><\/p>\n","protected":false},"author":1,"featured_media":0,"parent":37973,"menu_order":3,"comment_status":"closed","ping_status":"closed","template":"","meta":{"footnotes":""},"class_list":["post-37977","page","type-page","status-publish","hentry"],"yoast_head":"<!-- This site is optimized with the Yoast SEO plugin v27.2 - https:\/\/yoast.com\/product\/yoast-seo-wordpress\/ -->\n<title>Zillis - Bl\u00e4uer - Conservation - Science<\/title>\n<meta name=\"robots\" content=\"index, follow, max-snippet:-1, max-image-preview:large, max-video-preview:-1\" \/>\n<link rel=\"canonical\" href=\"https:\/\/conservation-science.ch\/?page_id=37977\" \/>\n<meta property=\"og:locale\" content=\"fr_FR\" \/>\n<meta property=\"og:type\" content=\"article\" \/>\n<meta property=\"og:title\" content=\"Zillis - Bl\u00e4uer - Conservation - Science\" \/>\n<meta property=\"og:description\" content=\"Projets r\u00e9alis\u00e9s \u00e0 Zillis (GR) (cliquez sur l&rsquo;image pour ouvrir le r\u00e9sum\u00e9) : &nbsp; R\u00e9sum\u00e9 Lieu\/date Objet Th\u00e8me Zillis 26.2.08 27.01 \u00c9glise St. Martin \u00c9volution du climat interne au cours de l&rsquo;ann\u00e9e 2007 Zillis 13.2.09 27.04 \u00c9glise St. Martin \u00c9volution du climat interne au cours de l&rsquo;ann\u00e9e 2008 Zillis 20.4.10 27.05 \u00c9glise St. Martin \u00c9volution &hellip; Continuer la lecture de Zillis\" \/>\n<meta property=\"og:url\" content=\"https:\/\/conservation-science.ch\/?page_id=37977\" \/>\n<meta property=\"og:site_name\" content=\"Bl\u00e4uer - Conservation - Science\" \/>\n<meta property=\"article:modified_time\" content=\"2018-06-30T13:39:43+00:00\" \/>\n<meta property=\"og:image\" content=\"https:\/\/csc-sarl.ch\/wp-content\/uploads\/2018\/06\/gr_002701_large60px.jpg\" \/>\n<meta name=\"twitter:card\" content=\"summary_large_image\" \/>\n<meta name=\"twitter:label1\" content=\"Dur\u00e9e de lecture estim\u00e9e\" \/>\n\t<meta name=\"twitter:data1\" content=\"1 minute\" \/>\n<script type=\"application\/ld+json\" class=\"yoast-schema-graph\">{\"@context\":\"https:\/\/schema.org\",\"@graph\":[{\"@type\":\"WebPage\",\"@id\":\"https:\/\/conservation-science.ch\/?page_id=37977\",\"url\":\"https:\/\/conservation-science.ch\/?page_id=37977\",\"name\":\"Zillis - Bl\u00e4uer - Conservation - Science\",\"isPartOf\":{\"@id\":\"https:\/\/conservation-science.ch\/#website\"},\"primaryImageOfPage\":{\"@id\":\"https:\/\/conservation-science.ch\/?page_id=37977#primaryimage\"},\"image\":{\"@id\":\"https:\/\/conservation-science.ch\/?page_id=37977#primaryimage\"},\"thumbnailUrl\":\"https:\/\/csc-sarl.ch\/wp-content\/uploads\/2018\/06\/gr_002701_large60px.jpg\",\"datePublished\":\"2018-06-29T14:06:53+00:00\",\"dateModified\":\"2018-06-30T13:39:43+00:00\",\"breadcrumb\":{\"@id\":\"https:\/\/conservation-science.ch\/?page_id=37977#breadcrumb\"},\"inLanguage\":\"fr-FR\",\"potentialAction\":[{\"@type\":\"ReadAction\",\"target\":[\"https:\/\/conservation-science.ch\/?page_id=37977\"]}]},{\"@type\":\"ImageObject\",\"inLanguage\":\"fr-FR\",\"@id\":\"https:\/\/conservation-science.ch\/?page_id=37977#primaryimage\",\"url\":\"https:\/\/csc-sarl.ch\/wp-content\/uploads\/2018\/06\/gr_002701_large60px.jpg\",\"contentUrl\":\"https:\/\/csc-sarl.ch\/wp-content\/uploads\/2018\/06\/gr_002701_large60px.jpg\"},{\"@type\":\"BreadcrumbList\",\"@id\":\"https:\/\/conservation-science.ch\/?page_id=37977#breadcrumb\",\"itemListElement\":[{\"@type\":\"ListItem\",\"position\":1,\"name\":\"Accueil\",\"item\":\"https:\/\/conservation-science.ch\/\"},{\"@type\":\"ListItem\",\"position\":2,\"name\":\"Accueil\",\"item\":\"https:\/\/conservation-science.ch\/\"},{\"@type\":\"ListItem\",\"position\":3,\"name\":\"Etudes \/ Expertises\",\"item\":\"https:\/\/conservation-science.ch\/?page_id=28915\"},{\"@type\":\"ListItem\",\"position\":4,\"name\":\"Suisse\",\"item\":\"https:\/\/conservation-science.ch\/?page_id=30086\"},{\"@type\":\"ListItem\",\"position\":5,\"name\":\"GR (Grisons)\",\"item\":\"https:\/\/conservation-science.ch\/?page_id=37973\"},{\"@type\":\"ListItem\",\"position\":6,\"name\":\"Zillis\"}]},{\"@type\":\"WebSite\",\"@id\":\"https:\/\/conservation-science.ch\/#website\",\"url\":\"https:\/\/conservation-science.ch\/\",\"name\":\"CSC - Conservation - Sciences\",\"description\":\"Transmission de connaissances dans le domaine des sciences de la conservation du patrimoine b\u00e2ti\",\"potentialAction\":[{\"@type\":\"SearchAction\",\"target\":{\"@type\":\"EntryPoint\",\"urlTemplate\":\"https:\/\/conservation-science.ch\/?s={search_term_string}\"},\"query-input\":{\"@type\":\"PropertyValueSpecification\",\"valueRequired\":true,\"valueName\":\"search_term_string\"}}],\"inLanguage\":\"fr-FR\"}]}<\/script>\n<!-- \/ Yoast SEO plugin. -->","yoast_head_json":{"title":"Zillis - Bl\u00e4uer - Conservation - Science","robots":{"index":"index","follow":"follow","max-snippet":"max-snippet:-1","max-image-preview":"max-image-preview:large","max-video-preview":"max-video-preview:-1"},"canonical":"https:\/\/conservation-science.ch\/?page_id=37977","og_locale":"fr_FR","og_type":"article","og_title":"Zillis - Bl\u00e4uer - Conservation - Science","og_description":"Projets r\u00e9alis\u00e9s \u00e0 Zillis (GR) (cliquez sur l&rsquo;image pour ouvrir le r\u00e9sum\u00e9) : &nbsp; R\u00e9sum\u00e9 Lieu\/date Objet Th\u00e8me Zillis 26.2.08 27.01 \u00c9glise St. Martin \u00c9volution du climat interne au cours de l&rsquo;ann\u00e9e 2007 Zillis 13.2.09 27.04 \u00c9glise St. Martin \u00c9volution du climat interne au cours de l&rsquo;ann\u00e9e 2008 Zillis 20.4.10 27.05 \u00c9glise St. Martin \u00c9volution &hellip; Continuer la lecture de Zillis","og_url":"https:\/\/conservation-science.ch\/?page_id=37977","og_site_name":"Bl\u00e4uer - Conservation - Science","article_modified_time":"2018-06-30T13:39:43+00:00","og_image":[{"url":"https:\/\/csc-sarl.ch\/wp-content\/uploads\/2018\/06\/gr_002701_large60px.jpg","type":"","width":"","height":""}],"twitter_card":"summary_large_image","twitter_misc":{"Dur\u00e9e de lecture estim\u00e9e":"1 minute"},"schema":{"@context":"https:\/\/schema.org","@graph":[{"@type":"WebPage","@id":"https:\/\/conservation-science.ch\/?page_id=37977","url":"https:\/\/conservation-science.ch\/?page_id=37977","name":"Zillis - Bl\u00e4uer - Conservation - Science","isPartOf":{"@id":"https:\/\/conservation-science.ch\/#website"},"primaryImageOfPage":{"@id":"https:\/\/conservation-science.ch\/?page_id=37977#primaryimage"},"image":{"@id":"https:\/\/conservation-science.ch\/?page_id=37977#primaryimage"},"thumbnailUrl":"https:\/\/csc-sarl.ch\/wp-content\/uploads\/2018\/06\/gr_002701_large60px.jpg","datePublished":"2018-06-29T14:06:53+00:00","dateModified":"2018-06-30T13:39:43+00:00","breadcrumb":{"@id":"https:\/\/conservation-science.ch\/?page_id=37977#breadcrumb"},"inLanguage":"fr-FR","potentialAction":[{"@type":"ReadAction","target":["https:\/\/conservation-science.ch\/?page_id=37977"]}]},{"@type":"ImageObject","inLanguage":"fr-FR","@id":"https:\/\/conservation-science.ch\/?page_id=37977#primaryimage","url":"https:\/\/csc-sarl.ch\/wp-content\/uploads\/2018\/06\/gr_002701_large60px.jpg","contentUrl":"https:\/\/csc-sarl.ch\/wp-content\/uploads\/2018\/06\/gr_002701_large60px.jpg"},{"@type":"BreadcrumbList","@id":"https:\/\/conservation-science.ch\/?page_id=37977#breadcrumb","itemListElement":[{"@type":"ListItem","position":1,"name":"Accueil","item":"https:\/\/conservation-science.ch\/"},{"@type":"ListItem","position":2,"name":"Accueil","item":"https:\/\/conservation-science.ch\/"},{"@type":"ListItem","position":3,"name":"Etudes \/ Expertises","item":"https:\/\/conservation-science.ch\/?page_id=28915"},{"@type":"ListItem","position":4,"name":"Suisse","item":"https:\/\/conservation-science.ch\/?page_id=30086"},{"@type":"ListItem","position":5,"name":"GR (Grisons)","item":"https:\/\/conservation-science.ch\/?page_id=37973"},{"@type":"ListItem","position":6,"name":"Zillis"}]},{"@type":"WebSite","@id":"https:\/\/conservation-science.ch\/#website","url":"https:\/\/conservation-science.ch\/","name":"CSC - Conservation - Sciences","description":"Transmission de connaissances dans le domaine des sciences de la conservation du patrimoine b\u00e2ti","potentialAction":[{"@type":"SearchAction","target":{"@type":"EntryPoint","urlTemplate":"https:\/\/conservation-science.ch\/?s={search_term_string}"},"query-input":{"@type":"PropertyValueSpecification","valueRequired":true,"valueName":"search_term_string"}}],"inLanguage":"fr-FR"}]}},"_links":{"self":[{"href":"https:\/\/conservation-science.ch\/index.php?rest_route=\/wp\/v2\/pages\/37977","targetHints":{"allow":["GET"]}}],"collection":[{"href":"https:\/\/conservation-science.ch\/index.php?rest_route=\/wp\/v2\/pages"}],"about":[{"href":"https:\/\/conservation-science.ch\/index.php?rest_route=\/wp\/v2\/types\/page"}],"author":[{"embeddable":true,"href":"https:\/\/conservation-science.ch\/index.php?rest_route=\/wp\/v2\/users\/1"}],"replies":[{"embeddable":true,"href":"https:\/\/conservation-science.ch\/index.php?rest_route=%2Fwp%2Fv2%2Fcomments&post=37977"}],"version-history":[{"count":2,"href":"https:\/\/conservation-science.ch\/index.php?rest_route=\/wp\/v2\/pages\/37977\/revisions"}],"predecessor-version":[{"id":38255,"href":"https:\/\/conservation-science.ch\/index.php?rest_route=\/wp\/v2\/pages\/37977\/revisions\/38255"}],"up":[{"embeddable":true,"href":"https:\/\/conservation-science.ch\/index.php?rest_route=\/wp\/v2\/pages\/37973"}],"wp:attachment":[{"href":"https:\/\/conservation-science.ch\/index.php?rest_route=%2Fwp%2Fv2%2Fmedia&parent=37977"}],"curies":[{"name":"wp","href":"https:\/\/api.w.org\/{rel}","templated":true}]}}