{"id":37975,"date":"2018-06-29T16:06:17","date_gmt":"2018-06-29T14:06:17","guid":{"rendered":"https:\/\/csc-sarl.ch\/?page_id=37975"},"modified":"2018-06-30T15:01:50","modified_gmt":"2018-06-30T13:01:50","slug":"mustair","status":"publish","type":"page","link":"https:\/\/conservation-science.ch\/?page_id=37975","title":{"rendered":"M\u00fcstair"},"content":{"rendered":"<p><strong>Projets r\u00e9alis\u00e9s \u00e0 M\u00fcstair (GR) <\/strong><strong>(cliquez sur <\/strong><strong>l&rsquo;image pour ouvrir le r\u00e9sum\u00e9<\/strong><strong>) <\/strong><strong>:<\/strong><\/p>\n<p>&nbsp;<\/p>\n<table border=\"2\" width=\"580\" cellpadding=\"2\">\n<tbody>\n<tr>\n<td style=\"vertical-align: top;\" width=\"\" height=\"40\"><strong>R\u00e9sum\u00e9<br \/>\n<\/strong><\/td>\n<td style=\"vertical-align: top;\" width=\"\" height=\"40\"><strong>Lieu\/date<\/strong><\/td>\n<td style=\"vertical-align: top;\"><strong>Objet<\/strong><\/td>\n<td style=\"vertical-align: top;\"><strong>Th\u00e8me<\/strong><\/td>\n<\/tr>\n<tr>\n<td style=\"vertical-align: top;\" valign=\"top\"><a href=\"https:\/\/csc-sarl.ch\/wp-content\/uploads\/2018\/06\/a_0020_01.pdf\" target=\"_self\"><img decoding=\"async\" class=\"rex_image\" src=\"https:\/\/csc-sarl.ch\/wp-content\/uploads\/2018\/06\/gr_002001_large60px.jpg\" alt=\"[Keine Beschreibung eingegeben]\" ismap=\"ismap\" \/><\/a><\/td>\n<td style=\"vertical-align: top;\" valign=\"top\" width=\"\" height=\"40\"><span style=\"font-size: 10pt;\">M\u00fcstair<\/span><br \/>\n<span style=\"font-size: 10pt;\">21.5.07<\/span><br \/>\n<span style=\"font-size: 10pt;\">20.01<\/span><\/td>\n<td style=\"vertical-align: top;\" valign=\"top\"><span style=\"font-size: 10pt;\">Pierres sculpt\u00e9es du Haut Moyen Age (Flechtwerksteine)<\/span><\/td>\n<td style=\"vertical-align: top;\" valign=\"top\"><span style=\"font-size: 10pt;\">Recherche de traces polychromes<\/span><\/td>\n<\/tr>\n<tr>\n<td style=\"vertical-align: top;\" valign=\"top\"><a href=\"https:\/\/csc-sarl.ch\/wp-content\/uploads\/2018\/06\/a_0029_01.pdf\" target=\"_self\"><img decoding=\"async\" class=\"rex_image\" src=\"https:\/\/csc-sarl.ch\/wp-content\/uploads\/2018\/06\/gr_002901_large60px.jpg\" alt=\"[Keine Beschreibung eingegeben]\" ismap=\"ismap\" \/><\/a><\/td>\n<td style=\"vertical-align: top;\" valign=\"top\" width=\"\" height=\"40\"><span style=\"font-size: 10pt;\">M\u00fcstair<\/span><br \/>\n<span style=\"font-size: 10pt;\">5.12.07<\/span><br \/>\n<span style=\"font-size: 10pt;\">29.01<\/span><\/td>\n<td style=\"vertical-align: top;\" valign=\"top\"><span style=\"font-size: 10pt;\">Chapelle Sainte Croix (Heiligkreuzkapelle)<\/span><\/td>\n<td style=\"vertical-align: top;\" valign=\"top\"><span style=\"font-size: 10pt;\">Analyses<\/span><\/td>\n<\/tr>\n<tr>\n<td style=\"vertical-align: top;\" valign=\"top\"><a href=\"https:\/\/csc-sarl.ch\/wp-content\/uploads\/2018\/06\/a_0123_01.pdf\" target=\"_self\"><img decoding=\"async\" class=\"rex_image\" src=\"https:\/\/csc-sarl.ch\/wp-content\/uploads\/2018\/06\/gr_012301_large60px.jpg\" alt=\"[Keine Beschreibung eingegeben]\" ismap=\"ismap\" \/><\/a><\/td>\n<td style=\"vertical-align: top;\" valign=\"top\"><span style=\"font-size: 10pt;\">M\u00fcstair<\/span><br \/>\n<span style=\"font-size: 10pt;\">11.3.10<\/span><br \/>\n<span style=\"font-size: 10pt;\">123.01<\/span><\/td>\n<td style=\"vertical-align: top;\" valign=\"top\"><span style=\"font-size: 10pt;\">Chapelle Sainte Croix (Heiligkreuzkapelle)<\/span><\/td>\n<td style=\"vertical-align: top;\" valign=\"top\"><span style=\"font-size: 10pt;\">Analyses de mortier et de couches picturales<\/span><\/td>\n<\/tr>\n<tr>\n<td style=\"vertical-align: top;\" valign=\"top\"><a href=\"https:\/\/csc-sarl.ch\/wp-content\/uploads\/2018\/06\/a_0123_02.pdf\" target=\"_self\"><img decoding=\"async\" class=\"rex_image\" src=\"https:\/\/csc-sarl.ch\/wp-content\/uploads\/2018\/06\/gr_012302_large60px.jpg\" alt=\"[Keine Beschreibung eingegeben]\" ismap=\"ismap\" \/><\/a><\/td>\n<td style=\"vertical-align: top;\" valign=\"top\"><span style=\"font-size: 10pt;\">M\u00fcstair<\/span><br \/>\n<span style=\"font-size: 10pt;\">23.3.10<\/span><br \/>\n<span style=\"font-size: 10pt;\">123.02<\/span><\/td>\n<td style=\"vertical-align: top;\" valign=\"top\"><span style=\"font-size: 10pt;\">Chapelle Sainte Croix (Heiligkreuzkapelle)<\/span><\/td>\n<td style=\"vertical-align: top;\" valign=\"top\"><span style=\"font-size: 10pt;\">Analyses de couches picturales<\/span><\/td>\n<\/tr>\n<tr>\n<td style=\"vertical-align: top;\" valign=\"top\"><a href=\"https:\/\/csc-sarl.ch\/wp-content\/uploads\/2018\/06\/a_0175_01.pdf\" target=\"_self\"><img decoding=\"async\" class=\"rex_image\" src=\"https:\/\/csc-sarl.ch\/wp-content\/uploads\/2018\/06\/gr_017501.jpg\" alt=\"[Keine Beschreibung eingegeben]\" ismap=\"ismap\" \/><\/a><\/td>\n<td style=\"vertical-align: top;\" valign=\"top\"><span style=\"font-size: 10pt;\">M\u00fcstair<\/span><br \/>\n<span style=\"font-size: 10pt;\">10.12.10<\/span><br \/>\n<span style=\"font-size: 10pt;\">175.01<\/span><\/td>\n<td style=\"vertical-align: top;\" valign=\"top\"><span style=\"font-size: 10pt;\">Chapelle Sainte Croix (Heiligkreuzkapelle), sous-sol<\/span><\/td>\n<td style=\"vertical-align: top;\" valign=\"top\"><span style=\"font-size: 10pt;\">Analyses de couches picturales<\/span><\/td>\n<\/tr>\n<tr>\n<td style=\"vertical-align: top;\" valign=\"top\"><a href=\"https:\/\/csc-sarl.ch\/wp-content\/uploads\/2018\/06\/a_0029_03.pdf\" target=\"_self\"><img decoding=\"async\" class=\"rex_image\" src=\"https:\/\/csc-sarl.ch\/wp-content\/uploads\/2018\/06\/gr_002903_large60px.jpg\" alt=\"\" ismap=\"ismap\" \/><\/a><\/td>\n<td style=\"vertical-align: top;\" valign=\"top\"><span style=\"font-size: 10pt;\">M\u00fcstair<\/span><br \/>\n<span style=\"font-size: 10pt;\">9.5.12<\/span><br \/>\n<span style=\"font-size: 10pt;\">29.03<\/span><\/td>\n<td style=\"vertical-align: top;\" valign=\"top\"><span style=\"font-size: 10pt;\">Chapelle Sainte Croix (Heiligkreuzkapelle), rez-de-chauss\u00e9e<\/span><\/td>\n<td style=\"vertical-align: top;\" valign=\"top\"><span style=\"font-size: 10pt;\">Analyses de couches picturales et conseils pour la conservation<\/span><\/td>\n<\/tr>\n<tr>\n<td style=\"vertical-align: top;\" valign=\"top\"><a href=\"https:\/\/csc-sarl.ch\/wp-content\/uploads\/2018\/06\/a_0123_04.pdf\" target=\"_self\"><img decoding=\"async\" class=\"rex_image\" src=\"https:\/\/csc-sarl.ch\/wp-content\/uploads\/2018\/06\/gr_012304_large60px.jpg\" alt=\"\" ismap=\"ismap\" \/><\/a><\/td>\n<td style=\"vertical-align: top;\" valign=\"top\"><span style=\"font-size: 10pt;\">M\u00fcstair<\/span><br \/>\n<span style=\"font-size: 10pt;\">9.5.12<\/span><br \/>\n<span style=\"font-size: 10pt;\">123.04<\/span><\/td>\n<td style=\"vertical-align: top;\" valign=\"top\"><span style=\"font-size: 10pt;\">Chapelle Sainte Croix (Heiligkreuzkapelle), ext\u00e9rieur<\/span><\/td>\n<td style=\"vertical-align: top;\" valign=\"top\"><span style=\"font-size: 10pt;\">Analyses de couches picturales<\/span><\/td>\n<\/tr>\n<tr>\n<td style=\"vertical-align: top;\" valign=\"top\"><a href=\"https:\/\/csc-sarl.ch\/wp-content\/uploads\/2018\/06\/a_0123_06.pdf\" target=\"_self\"><img decoding=\"async\" class=\"rex_image\" src=\"https:\/\/csc-sarl.ch\/wp-content\/uploads\/2018\/06\/gr_012306_large60px.jpg\" alt=\"\" ismap=\"ismap\" \/><\/a><\/td>\n<td style=\"vertical-align: top;\" valign=\"top\"><span style=\"font-size: 10pt;\">M\u00fcstair<\/span><br \/>\n<span style=\"font-size: 10pt;\">9.5.12<\/span><br \/>\n<span style=\"font-size: 10pt;\">123.06<\/span><\/td>\n<td style=\"vertical-align: top;\" valign=\"top\"><span style=\"font-size: 10pt;\">Chapelle Sainte Croix (Heiligkreuzkapelle)<\/span><\/td>\n<td style=\"vertical-align: top;\" valign=\"top\"><span style=\"font-size: 10pt;\">Noircissement d&rsquo;un pigment au plomb<\/span><\/td>\n<\/tr>\n<\/tbody>\n<\/table>\n","protected":false},"excerpt":{"rendered":"<p>Projets r\u00e9alis\u00e9s \u00e0 M\u00fcstair (GR) (cliquez sur l&rsquo;image pour ouvrir le r\u00e9sum\u00e9) : &nbsp; R\u00e9sum\u00e9 Lieu\/date Objet Th\u00e8me M\u00fcstair 21.5.07 20.01 Pierres sculpt\u00e9es du Haut Moyen Age (Flechtwerksteine) Recherche de traces polychromes M\u00fcstair 5.12.07 29.01 Chapelle Sainte Croix (Heiligkreuzkapelle) Analyses M\u00fcstair 11.3.10 123.01 Chapelle Sainte Croix (Heiligkreuzkapelle) Analyses de mortier et de couches picturales M\u00fcstair &hellip; <a href=\"https:\/\/conservation-science.ch\/?page_id=37975\" class=\"more-link\">Continuer la lecture de <span class=\"screen-reader-text\">M\u00fcstair<\/span><\/a><\/p>\n","protected":false},"author":1,"featured_media":0,"parent":37973,"menu_order":2,"comment_status":"closed","ping_status":"closed","template":"","meta":{"footnotes":""},"class_list":["post-37975","page","type-page","status-publish","hentry"],"yoast_head":"<!-- This site is optimized with the Yoast SEO plugin v27.2 - https:\/\/yoast.com\/product\/yoast-seo-wordpress\/ -->\n<title>M\u00fcstair - Bl\u00e4uer - Conservation - Science<\/title>\n<meta name=\"robots\" content=\"index, follow, max-snippet:-1, max-image-preview:large, max-video-preview:-1\" \/>\n<link rel=\"canonical\" href=\"https:\/\/conservation-science.ch\/?page_id=37975\" \/>\n<meta property=\"og:locale\" content=\"fr_FR\" \/>\n<meta property=\"og:type\" content=\"article\" \/>\n<meta property=\"og:title\" content=\"M\u00fcstair - Bl\u00e4uer - Conservation - Science\" \/>\n<meta property=\"og:description\" content=\"Projets r\u00e9alis\u00e9s \u00e0 M\u00fcstair (GR) (cliquez sur l&rsquo;image pour ouvrir le r\u00e9sum\u00e9) : &nbsp; R\u00e9sum\u00e9 Lieu\/date Objet Th\u00e8me M\u00fcstair 21.5.07 20.01 Pierres sculpt\u00e9es du Haut Moyen Age (Flechtwerksteine) Recherche de traces polychromes M\u00fcstair 5.12.07 29.01 Chapelle Sainte Croix (Heiligkreuzkapelle) Analyses M\u00fcstair 11.3.10 123.01 Chapelle Sainte Croix (Heiligkreuzkapelle) Analyses de mortier et de couches picturales M\u00fcstair &hellip; Continuer la lecture de M\u00fcstair\" \/>\n<meta property=\"og:url\" content=\"https:\/\/conservation-science.ch\/?page_id=37975\" \/>\n<meta property=\"og:site_name\" content=\"Bl\u00e4uer - Conservation - Science\" \/>\n<meta property=\"article:modified_time\" content=\"2018-06-30T13:01:50+00:00\" \/>\n<meta property=\"og:image\" content=\"https:\/\/csc-sarl.ch\/wp-content\/uploads\/2018\/06\/gr_002001_large60px.jpg\" \/>\n<meta name=\"twitter:card\" content=\"summary_large_image\" \/>\n<meta name=\"twitter:label1\" content=\"Dur\u00e9e de lecture estim\u00e9e\" \/>\n\t<meta name=\"twitter:data1\" content=\"1 minute\" \/>\n<script type=\"application\/ld+json\" class=\"yoast-schema-graph\">{\"@context\":\"https:\/\/schema.org\",\"@graph\":[{\"@type\":\"WebPage\",\"@id\":\"https:\/\/conservation-science.ch\/?page_id=37975\",\"url\":\"https:\/\/conservation-science.ch\/?page_id=37975\",\"name\":\"M\u00fcstair - Bl\u00e4uer - Conservation - Science\",\"isPartOf\":{\"@id\":\"https:\/\/conservation-science.ch\/#website\"},\"primaryImageOfPage\":{\"@id\":\"https:\/\/conservation-science.ch\/?page_id=37975#primaryimage\"},\"image\":{\"@id\":\"https:\/\/conservation-science.ch\/?page_id=37975#primaryimage\"},\"thumbnailUrl\":\"https:\/\/csc-sarl.ch\/wp-content\/uploads\/2018\/06\/gr_002001_large60px.jpg\",\"datePublished\":\"2018-06-29T14:06:17+00:00\",\"dateModified\":\"2018-06-30T13:01:50+00:00\",\"breadcrumb\":{\"@id\":\"https:\/\/conservation-science.ch\/?page_id=37975#breadcrumb\"},\"inLanguage\":\"fr-FR\",\"potentialAction\":[{\"@type\":\"ReadAction\",\"target\":[\"https:\/\/conservation-science.ch\/?page_id=37975\"]}]},{\"@type\":\"ImageObject\",\"inLanguage\":\"fr-FR\",\"@id\":\"https:\/\/conservation-science.ch\/?page_id=37975#primaryimage\",\"url\":\"https:\/\/csc-sarl.ch\/wp-content\/uploads\/2018\/06\/gr_002001_large60px.jpg\",\"contentUrl\":\"https:\/\/csc-sarl.ch\/wp-content\/uploads\/2018\/06\/gr_002001_large60px.jpg\"},{\"@type\":\"BreadcrumbList\",\"@id\":\"https:\/\/conservation-science.ch\/?page_id=37975#breadcrumb\",\"itemListElement\":[{\"@type\":\"ListItem\",\"position\":1,\"name\":\"Accueil\",\"item\":\"https:\/\/conservation-science.ch\/\"},{\"@type\":\"ListItem\",\"position\":2,\"name\":\"Accueil\",\"item\":\"https:\/\/conservation-science.ch\/\"},{\"@type\":\"ListItem\",\"position\":3,\"name\":\"Etudes \/ Expertises\",\"item\":\"https:\/\/conservation-science.ch\/?page_id=28915\"},{\"@type\":\"ListItem\",\"position\":4,\"name\":\"Suisse\",\"item\":\"https:\/\/conservation-science.ch\/?page_id=30086\"},{\"@type\":\"ListItem\",\"position\":5,\"name\":\"GR (Grisons)\",\"item\":\"https:\/\/conservation-science.ch\/?page_id=37973\"},{\"@type\":\"ListItem\",\"position\":6,\"name\":\"M\u00fcstair\"}]},{\"@type\":\"WebSite\",\"@id\":\"https:\/\/conservation-science.ch\/#website\",\"url\":\"https:\/\/conservation-science.ch\/\",\"name\":\"CSC - Conservation - Sciences\",\"description\":\"Transmission de connaissances dans le domaine des sciences de la conservation du patrimoine b\u00e2ti\",\"potentialAction\":[{\"@type\":\"SearchAction\",\"target\":{\"@type\":\"EntryPoint\",\"urlTemplate\":\"https:\/\/conservation-science.ch\/?s={search_term_string}\"},\"query-input\":{\"@type\":\"PropertyValueSpecification\",\"valueRequired\":true,\"valueName\":\"search_term_string\"}}],\"inLanguage\":\"fr-FR\"}]}<\/script>\n<!-- \/ Yoast SEO plugin. -->","yoast_head_json":{"title":"M\u00fcstair - Bl\u00e4uer - Conservation - Science","robots":{"index":"index","follow":"follow","max-snippet":"max-snippet:-1","max-image-preview":"max-image-preview:large","max-video-preview":"max-video-preview:-1"},"canonical":"https:\/\/conservation-science.ch\/?page_id=37975","og_locale":"fr_FR","og_type":"article","og_title":"M\u00fcstair - Bl\u00e4uer - Conservation - Science","og_description":"Projets r\u00e9alis\u00e9s \u00e0 M\u00fcstair (GR) (cliquez sur l&rsquo;image pour ouvrir le r\u00e9sum\u00e9) : &nbsp; R\u00e9sum\u00e9 Lieu\/date Objet Th\u00e8me M\u00fcstair 21.5.07 20.01 Pierres sculpt\u00e9es du Haut Moyen Age (Flechtwerksteine) Recherche de traces polychromes M\u00fcstair 5.12.07 29.01 Chapelle Sainte Croix (Heiligkreuzkapelle) Analyses M\u00fcstair 11.3.10 123.01 Chapelle Sainte Croix (Heiligkreuzkapelle) Analyses de mortier et de couches picturales M\u00fcstair &hellip; Continuer la lecture de M\u00fcstair","og_url":"https:\/\/conservation-science.ch\/?page_id=37975","og_site_name":"Bl\u00e4uer - Conservation - Science","article_modified_time":"2018-06-30T13:01:50+00:00","og_image":[{"url":"https:\/\/csc-sarl.ch\/wp-content\/uploads\/2018\/06\/gr_002001_large60px.jpg","type":"","width":"","height":""}],"twitter_card":"summary_large_image","twitter_misc":{"Dur\u00e9e de lecture estim\u00e9e":"1 minute"},"schema":{"@context":"https:\/\/schema.org","@graph":[{"@type":"WebPage","@id":"https:\/\/conservation-science.ch\/?page_id=37975","url":"https:\/\/conservation-science.ch\/?page_id=37975","name":"M\u00fcstair - Bl\u00e4uer - Conservation - Science","isPartOf":{"@id":"https:\/\/conservation-science.ch\/#website"},"primaryImageOfPage":{"@id":"https:\/\/conservation-science.ch\/?page_id=37975#primaryimage"},"image":{"@id":"https:\/\/conservation-science.ch\/?page_id=37975#primaryimage"},"thumbnailUrl":"https:\/\/csc-sarl.ch\/wp-content\/uploads\/2018\/06\/gr_002001_large60px.jpg","datePublished":"2018-06-29T14:06:17+00:00","dateModified":"2018-06-30T13:01:50+00:00","breadcrumb":{"@id":"https:\/\/conservation-science.ch\/?page_id=37975#breadcrumb"},"inLanguage":"fr-FR","potentialAction":[{"@type":"ReadAction","target":["https:\/\/conservation-science.ch\/?page_id=37975"]}]},{"@type":"ImageObject","inLanguage":"fr-FR","@id":"https:\/\/conservation-science.ch\/?page_id=37975#primaryimage","url":"https:\/\/csc-sarl.ch\/wp-content\/uploads\/2018\/06\/gr_002001_large60px.jpg","contentUrl":"https:\/\/csc-sarl.ch\/wp-content\/uploads\/2018\/06\/gr_002001_large60px.jpg"},{"@type":"BreadcrumbList","@id":"https:\/\/conservation-science.ch\/?page_id=37975#breadcrumb","itemListElement":[{"@type":"ListItem","position":1,"name":"Accueil","item":"https:\/\/conservation-science.ch\/"},{"@type":"ListItem","position":2,"name":"Accueil","item":"https:\/\/conservation-science.ch\/"},{"@type":"ListItem","position":3,"name":"Etudes \/ Expertises","item":"https:\/\/conservation-science.ch\/?page_id=28915"},{"@type":"ListItem","position":4,"name":"Suisse","item":"https:\/\/conservation-science.ch\/?page_id=30086"},{"@type":"ListItem","position":5,"name":"GR (Grisons)","item":"https:\/\/conservation-science.ch\/?page_id=37973"},{"@type":"ListItem","position":6,"name":"M\u00fcstair"}]},{"@type":"WebSite","@id":"https:\/\/conservation-science.ch\/#website","url":"https:\/\/conservation-science.ch\/","name":"CSC - Conservation - Sciences","description":"Transmission de connaissances dans le domaine des sciences de la conservation du patrimoine b\u00e2ti","potentialAction":[{"@type":"SearchAction","target":{"@type":"EntryPoint","urlTemplate":"https:\/\/conservation-science.ch\/?s={search_term_string}"},"query-input":{"@type":"PropertyValueSpecification","valueRequired":true,"valueName":"search_term_string"}}],"inLanguage":"fr-FR"}]}},"_links":{"self":[{"href":"https:\/\/conservation-science.ch\/index.php?rest_route=\/wp\/v2\/pages\/37975","targetHints":{"allow":["GET"]}}],"collection":[{"href":"https:\/\/conservation-science.ch\/index.php?rest_route=\/wp\/v2\/pages"}],"about":[{"href":"https:\/\/conservation-science.ch\/index.php?rest_route=\/wp\/v2\/types\/page"}],"author":[{"embeddable":true,"href":"https:\/\/conservation-science.ch\/index.php?rest_route=\/wp\/v2\/users\/1"}],"replies":[{"embeddable":true,"href":"https:\/\/conservation-science.ch\/index.php?rest_route=%2Fwp%2Fv2%2Fcomments&post=37975"}],"version-history":[{"count":2,"href":"https:\/\/conservation-science.ch\/index.php?rest_route=\/wp\/v2\/pages\/37975\/revisions"}],"predecessor-version":[{"id":38229,"href":"https:\/\/conservation-science.ch\/index.php?rest_route=\/wp\/v2\/pages\/37975\/revisions\/38229"}],"up":[{"embeddable":true,"href":"https:\/\/conservation-science.ch\/index.php?rest_route=\/wp\/v2\/pages\/37973"}],"wp:attachment":[{"href":"https:\/\/conservation-science.ch\/index.php?rest_route=%2Fwp%2Fv2%2Fmedia&parent=37975"}],"curies":[{"name":"wp","href":"https:\/\/api.w.org\/{rel}","templated":true}]}}