{"id":37973,"date":"2018-06-29T16:04:13","date_gmt":"2018-06-29T14:04:13","guid":{"rendered":"https:\/\/csc-sarl.ch\/?page_id=37973"},"modified":"2024-11-18T17:20:38","modified_gmt":"2024-11-18T16:20:38","slug":"grisons","status":"publish","type":"page","link":"https:\/\/conservation-science.ch\/?page_id=37973","title":{"rendered":"GR (Grisons)"},"content":{"rendered":"<p><strong>Projets r\u00e9alis\u00e9s dans le canton des Grisons\u00a0<\/strong><strong>:<\/strong><\/p>\n<p>&nbsp;<\/p>\n<ul>\n<li>projets r\u00e9alis\u00e9s\u00a0\u00e0 <a href=\"\/etudes-expertises\/suisse\/grisons\/coire\/\">Coire\u00a0<\/a>;<\/li>\n<li>projets r\u00e9alis\u00e9s\u00a0\u00e0 <a href=\"\/etudes-expertises\/suisse\/grisons\/mustair\/\">M\u00fcstair\u00a0<\/a>;<\/li>\n<li>projets r\u00e9alis\u00e9s\u00a0\u00e0 <a href=\"\/etudes-expertises\/suisse\/grisons\/zillis\/\">Zillis\u00a0<\/a>;<\/li>\n<li>autres projets r\u00e9alis\u00e9s dans le<a href=\"\/etudes-expertises\/suisse\/grisons\/grisons-canton\/\">\u00a0canton des Grisons<\/a>.<\/li>\n<\/ul>\n","protected":false},"excerpt":{"rendered":"<p>Projets r\u00e9alis\u00e9s dans le canton des Grisons\u00a0: &nbsp; projets r\u00e9alis\u00e9s\u00a0\u00e0 Coire\u00a0; projets r\u00e9alis\u00e9s\u00a0\u00e0 M\u00fcstair\u00a0; projets r\u00e9alis\u00e9s\u00a0\u00e0 Zillis\u00a0; autres projets r\u00e9alis\u00e9s dans le\u00a0canton des Grisons.<\/p>\n","protected":false},"author":1,"featured_media":0,"parent":30086,"menu_order":6,"comment_status":"closed","ping_status":"closed","template":"","meta":{"footnotes":""},"class_list":["post-37973","page","type-page","status-publish","hentry"],"yoast_head":"<!-- This site is optimized with the Yoast SEO plugin v27.2 - https:\/\/yoast.com\/product\/yoast-seo-wordpress\/ -->\n<title>GR (Grisons) - Bl\u00e4uer - Conservation - Science<\/title>\n<meta name=\"robots\" content=\"index, follow, max-snippet:-1, max-image-preview:large, max-video-preview:-1\" \/>\n<link rel=\"canonical\" href=\"https:\/\/conservation-science.ch\/?page_id=37973\" \/>\n<meta property=\"og:locale\" content=\"fr_FR\" \/>\n<meta property=\"og:type\" content=\"article\" \/>\n<meta property=\"og:title\" content=\"GR (Grisons) - Bl\u00e4uer - Conservation - Science\" \/>\n<meta property=\"og:description\" content=\"Projets r\u00e9alis\u00e9s dans le canton des Grisons\u00a0: &nbsp; projets r\u00e9alis\u00e9s\u00a0\u00e0 Coire\u00a0; projets r\u00e9alis\u00e9s\u00a0\u00e0 M\u00fcstair\u00a0; projets r\u00e9alis\u00e9s\u00a0\u00e0 Zillis\u00a0; autres projets r\u00e9alis\u00e9s dans le\u00a0canton des Grisons.\" \/>\n<meta property=\"og:url\" content=\"https:\/\/conservation-science.ch\/?page_id=37973\" \/>\n<meta property=\"og:site_name\" content=\"Bl\u00e4uer - Conservation - Science\" \/>\n<meta property=\"article:modified_time\" content=\"2024-11-18T16:20:38+00:00\" \/>\n<meta name=\"twitter:card\" content=\"summary_large_image\" \/>\n<meta name=\"twitter:label1\" content=\"Dur\u00e9e de lecture estim\u00e9e\" \/>\n\t<meta name=\"twitter:data1\" content=\"1 minute\" \/>\n<script type=\"application\/ld+json\" class=\"yoast-schema-graph\">{\"@context\":\"https:\/\/schema.org\",\"@graph\":[{\"@type\":\"WebPage\",\"@id\":\"https:\/\/conservation-science.ch\/?page_id=37973\",\"url\":\"https:\/\/conservation-science.ch\/?page_id=37973\",\"name\":\"GR (Grisons) - Bl\u00e4uer - Conservation - Science\",\"isPartOf\":{\"@id\":\"https:\/\/conservation-science.ch\/#website\"},\"datePublished\":\"2018-06-29T14:04:13+00:00\",\"dateModified\":\"2024-11-18T16:20:38+00:00\",\"breadcrumb\":{\"@id\":\"https:\/\/conservation-science.ch\/?page_id=37973#breadcrumb\"},\"inLanguage\":\"fr-FR\",\"potentialAction\":[{\"@type\":\"ReadAction\",\"target\":[\"https:\/\/conservation-science.ch\/?page_id=37973\"]}]},{\"@type\":\"BreadcrumbList\",\"@id\":\"https:\/\/conservation-science.ch\/?page_id=37973#breadcrumb\",\"itemListElement\":[{\"@type\":\"ListItem\",\"position\":1,\"name\":\"Accueil\",\"item\":\"https:\/\/conservation-science.ch\/\"},{\"@type\":\"ListItem\",\"position\":2,\"name\":\"Accueil\",\"item\":\"https:\/\/conservation-science.ch\/\"},{\"@type\":\"ListItem\",\"position\":3,\"name\":\"Etudes \/ Expertises\",\"item\":\"https:\/\/conservation-science.ch\/?page_id=28915\"},{\"@type\":\"ListItem\",\"position\":4,\"name\":\"Suisse\",\"item\":\"https:\/\/conservation-science.ch\/?page_id=30086\"},{\"@type\":\"ListItem\",\"position\":5,\"name\":\"GR (Grisons)\"}]},{\"@type\":\"WebSite\",\"@id\":\"https:\/\/conservation-science.ch\/#website\",\"url\":\"https:\/\/conservation-science.ch\/\",\"name\":\"CSC - Conservation - Sciences\",\"description\":\"Transmission de connaissances dans le domaine des sciences de la conservation du patrimoine b\u00e2ti\",\"potentialAction\":[{\"@type\":\"SearchAction\",\"target\":{\"@type\":\"EntryPoint\",\"urlTemplate\":\"https:\/\/conservation-science.ch\/?s={search_term_string}\"},\"query-input\":{\"@type\":\"PropertyValueSpecification\",\"valueRequired\":true,\"valueName\":\"search_term_string\"}}],\"inLanguage\":\"fr-FR\"}]}<\/script>\n<!-- \/ Yoast SEO plugin. -->","yoast_head_json":{"title":"GR (Grisons) - Bl\u00e4uer - Conservation - Science","robots":{"index":"index","follow":"follow","max-snippet":"max-snippet:-1","max-image-preview":"max-image-preview:large","max-video-preview":"max-video-preview:-1"},"canonical":"https:\/\/conservation-science.ch\/?page_id=37973","og_locale":"fr_FR","og_type":"article","og_title":"GR (Grisons) - Bl\u00e4uer - Conservation - Science","og_description":"Projets r\u00e9alis\u00e9s dans le canton des Grisons\u00a0: &nbsp; projets r\u00e9alis\u00e9s\u00a0\u00e0 Coire\u00a0; projets r\u00e9alis\u00e9s\u00a0\u00e0 M\u00fcstair\u00a0; projets r\u00e9alis\u00e9s\u00a0\u00e0 Zillis\u00a0; autres projets r\u00e9alis\u00e9s dans le\u00a0canton des Grisons.","og_url":"https:\/\/conservation-science.ch\/?page_id=37973","og_site_name":"Bl\u00e4uer - Conservation - Science","article_modified_time":"2024-11-18T16:20:38+00:00","twitter_card":"summary_large_image","twitter_misc":{"Dur\u00e9e de lecture estim\u00e9e":"1 minute"},"schema":{"@context":"https:\/\/schema.org","@graph":[{"@type":"WebPage","@id":"https:\/\/conservation-science.ch\/?page_id=37973","url":"https:\/\/conservation-science.ch\/?page_id=37973","name":"GR (Grisons) - Bl\u00e4uer - Conservation - Science","isPartOf":{"@id":"https:\/\/conservation-science.ch\/#website"},"datePublished":"2018-06-29T14:04:13+00:00","dateModified":"2024-11-18T16:20:38+00:00","breadcrumb":{"@id":"https:\/\/conservation-science.ch\/?page_id=37973#breadcrumb"},"inLanguage":"fr-FR","potentialAction":[{"@type":"ReadAction","target":["https:\/\/conservation-science.ch\/?page_id=37973"]}]},{"@type":"BreadcrumbList","@id":"https:\/\/conservation-science.ch\/?page_id=37973#breadcrumb","itemListElement":[{"@type":"ListItem","position":1,"name":"Accueil","item":"https:\/\/conservation-science.ch\/"},{"@type":"ListItem","position":2,"name":"Accueil","item":"https:\/\/conservation-science.ch\/"},{"@type":"ListItem","position":3,"name":"Etudes \/ Expertises","item":"https:\/\/conservation-science.ch\/?page_id=28915"},{"@type":"ListItem","position":4,"name":"Suisse","item":"https:\/\/conservation-science.ch\/?page_id=30086"},{"@type":"ListItem","position":5,"name":"GR (Grisons)"}]},{"@type":"WebSite","@id":"https:\/\/conservation-science.ch\/#website","url":"https:\/\/conservation-science.ch\/","name":"CSC - Conservation - Sciences","description":"Transmission de connaissances dans le domaine des sciences de la conservation du patrimoine b\u00e2ti","potentialAction":[{"@type":"SearchAction","target":{"@type":"EntryPoint","urlTemplate":"https:\/\/conservation-science.ch\/?s={search_term_string}"},"query-input":{"@type":"PropertyValueSpecification","valueRequired":true,"valueName":"search_term_string"}}],"inLanguage":"fr-FR"}]}},"_links":{"self":[{"href":"https:\/\/conservation-science.ch\/index.php?rest_route=\/wp\/v2\/pages\/37973","targetHints":{"allow":["GET"]}}],"collection":[{"href":"https:\/\/conservation-science.ch\/index.php?rest_route=\/wp\/v2\/pages"}],"about":[{"href":"https:\/\/conservation-science.ch\/index.php?rest_route=\/wp\/v2\/types\/page"}],"author":[{"embeddable":true,"href":"https:\/\/conservation-science.ch\/index.php?rest_route=\/wp\/v2\/users\/1"}],"replies":[{"embeddable":true,"href":"https:\/\/conservation-science.ch\/index.php?rest_route=%2Fwp%2Fv2%2Fcomments&post=37973"}],"version-history":[{"count":5,"href":"https:\/\/conservation-science.ch\/index.php?rest_route=\/wp\/v2\/pages\/37973\/revisions"}],"predecessor-version":[{"id":40528,"href":"https:\/\/conservation-science.ch\/index.php?rest_route=\/wp\/v2\/pages\/37973\/revisions\/40528"}],"up":[{"embeddable":true,"href":"https:\/\/conservation-science.ch\/index.php?rest_route=\/wp\/v2\/pages\/30086"}],"wp:attachment":[{"href":"https:\/\/conservation-science.ch\/index.php?rest_route=%2Fwp%2Fv2%2Fmedia&parent=37973"}],"curies":[{"name":"wp","href":"https:\/\/api.w.org\/{rel}","templated":true}]}}