{"id":37092,"date":"2018-06-28T00:25:29","date_gmt":"2018-06-27T22:25:29","guid":{"rendered":"https:\/\/csc-sarl.ch\/?page_id=37092"},"modified":"2024-11-16T16:30:09","modified_gmt":"2024-11-16T15:30:09","slug":"allemagne","status":"publish","type":"page","link":"https:\/\/conservation-science.ch\/?page_id=37092","title":{"rendered":"DE &#8211; Allemagne"},"content":{"rendered":"<p><strong>Projets r\u00e9alis\u00e9s en Allemagne <\/strong><strong>(cliquez sur l&rsquo;image pour ouvrir le r\u00e9sum\u00e9) <\/strong><strong>:<\/strong><\/p>\n<table border=\"2\" width=\"580\" cellpadding=\"2\">\n<tbody>\n<tr>\n<td style=\"vertical-align: top;\"><strong>R\u00e9sum\u00e9<\/strong><\/td>\n<td style=\"vertical-align: top;\"><strong>Lieu\/date<br \/>\n<\/strong><\/td>\n<td style=\"vertical-align: top;\"><strong>Objet<br \/>\n<\/strong><\/td>\n<td style=\"vertical-align: top;\"><strong>Th\u00e8me<br \/>\n<\/strong><\/td>\n<\/tr>\n<tr>\n<td style=\"vertical-align: top;\"><a href=\"https:\/\/csc-sarl.ch\/wp-content\/uploads\/2018\/06\/a_0153_01.pdf\" target=\"_self\" rel=\"noopener\"><img decoding=\"async\" class=\"rex_image\" src=\"https:\/\/csc-sarl.ch\/wp-content\/uploads\/2018\/06\/de_015301_large60px.jpg\" alt=\"[Keine Beschreibung eingegeben]\" ismap=\"ismap\" \/><\/a><\/td>\n<td style=\"vertical-align: top;\"><span style=\"font-size: 10pt;\">Br\u00fchl<\/span><br \/>\n<span style=\"font-size: 10pt;\">24.6.10<\/span><br \/>\n<span style=\"font-size: 10pt;\">153.01<\/span><\/td>\n<td style=\"vertical-align: top;\"><span style=\"font-size: 10pt;\">Ch\u00e2teau<\/span><\/td>\n<td style=\"vertical-align: top;\"><span style=\"font-size: 10pt;\">Analyse d&rsquo;un enduit<\/span><\/td>\n<\/tr>\n<tr>\n<td style=\"vertical-align: top;\"><a href=\"https:\/\/csc-sarl.ch\/wp-content\/uploads\/2018\/06\/a_0391_01.pdf\" target=\"_self\" rel=\"noopener\"><img decoding=\"async\" class=\"rex_image\" src=\"https:\/\/csc-sarl.ch\/wp-content\/uploads\/2018\/06\/de_039101.jpg\" alt=\"[Keine Beschreibung eingegeben]\" ismap=\"ismap\" \/><\/a><\/td>\n<td style=\"vertical-align: top;\"><span style=\"font-size: 10pt;\">Eitlbrunn<\/span><br \/>\n<span style=\"font-size: 10pt;\">27.4.15<\/span><br \/>\n<span style=\"font-size: 10pt;\">391.01<\/span><\/td>\n<td style=\"vertical-align: top;\"><span style=\"font-size: 10pt;\">Eglise St Michel<\/span><\/td>\n<td style=\"vertical-align: top;\"><span style=\"font-size: 10pt;\">Analyse de mat\u00e9riaux<\/span><\/td>\n<\/tr>\n<tr>\n<td style=\"vertical-align: top;\"><a href=\"https:\/\/csc-sarl.ch\/wp-content\/uploads\/2018\/06\/a_0326_01.pdf\" target=\"_self\" rel=\"noopener\"><img decoding=\"async\" class=\"rex_image\" src=\"https:\/\/csc-sarl.ch\/wp-content\/uploads\/2018\/06\/de_032601.jpg\" alt=\"[Keine Beschreibung eingegeben]\" ismap=\"ismap\" \/><\/a><\/td>\n<td style=\"vertical-align: top;\"><span style=\"font-size: 10pt;\">Fuchsberg<\/span><br \/>\n<span style=\"font-size: 10pt;\">3.3.14<\/span><br \/>\n<span style=\"font-size: 10pt;\">326.01<\/span><\/td>\n<td style=\"vertical-align: top;\"><span style=\"font-size: 10pt;\">Eglise Saint Jacques<\/span><\/td>\n<td style=\"vertical-align: top;\"><span style=\"font-size: 10pt;\">Analyse de mat\u00e9riaux<\/span><\/td>\n<\/tr>\n<tr>\n<td style=\"vertical-align: top;\"><a href=\"https:\/\/csc-sarl.ch\/wp-content\/uploads\/2018\/06\/a_0393_01.pdf\" target=\"_self\" rel=\"noopener\"><img decoding=\"async\" class=\"rex_image\" src=\"https:\/\/csc-sarl.ch\/wp-content\/uploads\/2018\/06\/de_039301.jpg\" alt=\"[Keine Beschreibung eingegeben]\" ismap=\"ismap\" \/><\/a><\/td>\n<td style=\"vertical-align: top;\"><span style=\"font-size: 10pt;\">Grass bei Regensburg<\/span><br \/>\n<span style=\"font-size: 10pt;\">31.7.15<\/span><br \/>\n<span style=\"font-size: 10pt;\">393.01<\/span><\/td>\n<td style=\"vertical-align: top;\"><span style=\"font-size: 10pt;\">Eglise St Michel<\/span><\/td>\n<td style=\"vertical-align: top;\"><span style=\"font-size: 10pt;\">Analyse de mat\u00e9riaux<\/span><\/td>\n<\/tr>\n<tr>\n<td style=\"vertical-align: top;\"><a href=\"https:\/\/csc-sarl.ch\/wp-content\/uploads\/2018\/06\/a_0096_01.pdf\" target=\"_self\" rel=\"noopener\"><img decoding=\"async\" class=\"rex_image\" src=\"https:\/\/csc-sarl.ch\/wp-content\/uploads\/2018\/06\/de_009601_large60px.jpg\" alt=\"[Keine Beschreibung eingegeben]\" ismap=\"ismap\" \/><\/a><\/td>\n<td style=\"vertical-align: top;\"><span style=\"font-size: 10pt;\">Hemmenhofen<\/span><br \/>\n<span style=\"font-size: 10pt;\">9.6.09<\/span><br \/>\n<span style=\"font-size: 10pt;\">96.01<\/span><\/td>\n<td style=\"vertical-align: top;\"><span style=\"font-size: 10pt;\">Otto-Dix-Haus<\/span><\/td>\n<td style=\"vertical-align: top;\"><span style=\"font-size: 10pt;\">Analyse de sels<\/span><\/td>\n<\/tr>\n<tr>\n<td style=\"vertical-align: top;\"><a href=\"https:\/\/csc-sarl.ch\/wp-content\/uploads\/2018\/06\/a_0096_02.pdf\" target=\"_self\" rel=\"noopener\"><img decoding=\"async\" class=\"rex_image\" src=\"https:\/\/csc-sarl.ch\/wp-content\/uploads\/2018\/06\/de_009602_large60px.jpg\" alt=\"[Keine Beschreibung eingegeben]\" ismap=\"ismap\" \/><\/a><\/td>\n<td style=\"vertical-align: top;\"><span style=\"font-size: 10pt;\">Hemmenhofen<\/span><br \/>\n<span style=\"font-size: 10pt;\">21.9.09<\/span><br \/>\n<span style=\"font-size: 10pt;\">96.02<\/span><\/td>\n<td style=\"vertical-align: top;\"><span style=\"font-size: 10pt;\">Otto-Dix-Haus<\/span><\/td>\n<td style=\"vertical-align: top;\"><span style=\"font-size: 10pt;\">Analyse de sels<\/span><\/td>\n<\/tr>\n<tr>\n<td style=\"vertical-align: top;\"><a href=\"https:\/\/csc-sarl.ch\/wp-content\/uploads\/2018\/06\/a_0201_01.pdf\" target=\"_self\" rel=\"noopener\"><img decoding=\"async\" class=\"rex_image\" src=\"https:\/\/csc-sarl.ch\/wp-content\/uploads\/2018\/06\/de_020101.jpg\" alt=\"[Keine Beschreibung eingegeben]\" ismap=\"ismap\" \/><\/a><\/td>\n<td style=\"vertical-align: top;\"><span style=\"font-size: 10pt;\">Kulmain<\/span><br \/>\n<span style=\"font-size: 10pt;\">8.05.11<\/span><br \/>\n<span style=\"font-size: 10pt;\">201.01<\/span><\/td>\n<td style=\"vertical-align: top;\"><span style=\"font-size: 10pt;\">Eglise<\/span><\/td>\n<td style=\"vertical-align: top;\"><span style=\"font-size: 10pt;\">Analyse d&rsquo;un enduit avec badigeon<\/span><\/td>\n<\/tr>\n<tr>\n<td style=\"vertical-align: top;\"><a href=\"https:\/\/csc-sarl.ch\/wp-content\/uploads\/2018\/06\/a_0277_01.pdf\" target=\"_self\" rel=\"noopener\"><img decoding=\"async\" class=\"rex_image\" src=\"https:\/\/csc-sarl.ch\/wp-content\/uploads\/2018\/06\/de_027701_large60px.jpg\" alt=\"[Keine Beschreibung eingegeben]\" ismap=\"ismap\" \/><\/a><\/td>\n<td style=\"vertical-align: top;\"><span style=\"font-size: 10pt;\">Nagel<\/span><br \/>\n<span style=\"font-size: 10pt;\">12.3.13<\/span><br \/>\n<span style=\"font-size: 10pt;\">277.01<\/span><\/td>\n<td style=\"vertical-align: top;\"><span style=\"font-size: 10pt;\">Eglise Maria Rosenkranzk\u00f6nigin<\/span><\/td>\n<td style=\"vertical-align: top;\"><span style=\"font-size: 10pt;\">Analyse d&rsquo;une peinture de fa\u00e7ade<\/span><\/td>\n<\/tr>\n<tr>\n<td style=\"vertical-align: top;\"><a href=\"https:\/\/csc-sarl.ch\/wp-content\/uploads\/2018\/06\/a_0305_02.pdf\" target=\"_self\" rel=\"noopener\"><img decoding=\"async\" class=\"rex_image\" src=\"https:\/\/csc-sarl.ch\/wp-content\/uploads\/2018\/06\/de_030502.jpg\" alt=\"[Keine Beschreibung eingegeben]\" ismap=\"ismap\" \/><\/a><\/td>\n<td style=\"vertical-align: top;\"><span style=\"font-size: 10pt;\">Nassau<\/span><br \/>\n<span style=\"font-size: 10pt;\">23.7.14<\/span><br \/>\n<span style=\"font-size: 10pt;\">305.02<\/span><\/td>\n<td style=\"vertical-align: top;\"><span style=\"font-size: 10pt;\">Ch\u00e2teau, tour Steinscher<\/span><\/td>\n<td style=\"vertical-align: top;\"><span style=\"font-size: 10pt;\">Analyse de mortier<\/span><\/td>\n<\/tr>\n<tr>\n<td style=\"vertical-align: top;\"><a href=\"https:\/\/csc-sarl.ch\/wp-content\/uploads\/2018\/06\/a_0382_01.pdf\" target=\"_self\" rel=\"noopener\"><img decoding=\"async\" class=\"rex_image\" src=\"https:\/\/csc-sarl.ch\/wp-content\/uploads\/2018\/06\/de_038201.jpg\" alt=\"[Keine Beschreibung eingegeben]\" ismap=\"ismap\" \/><\/a><\/td>\n<td style=\"vertical-align: top;\"><span style=\"font-size: 10pt;\">Neukirchen\/ Hemau<\/span><br \/>\n<span style=\"font-size: 10pt;\">23.2.15<\/span><br \/>\n<span style=\"font-size: 10pt;\">382.01<\/span><\/td>\n<td style=\"vertical-align: top;\"><span style=\"font-size: 10pt;\">Eglise<\/span><\/td>\n<td style=\"vertical-align: top;\"><span style=\"font-size: 10pt;\">Analyse de mat\u00e9riaux<\/span><\/td>\n<\/tr>\n<tr>\n<td style=\"vertical-align: top;\"><a href=\"https:\/\/csc-sarl.ch\/wp-content\/uploads\/2018\/06\/a_0383_01.pdf\" target=\"_self\" rel=\"noopener\"><img decoding=\"async\" class=\"rex_image\" src=\"https:\/\/csc-sarl.ch\/wp-content\/uploads\/2018\/06\/de_038301.jpg\" alt=\"[Keine Beschreibung eingegeben]\" ismap=\"ismap\" \/><\/a><\/td>\n<td style=\"vertical-align: top;\"><span style=\"font-size: 10pt;\">Neukirchen\/ Triftern<\/span><br \/>\n<span style=\"font-size: 10pt;\">16.3.15<\/span><br \/>\n<span style=\"font-size: 10pt;\">383.01<\/span><\/td>\n<td style=\"vertical-align: top;\"><span style=\"font-size: 10pt;\">Eglise<\/span><\/td>\n<td style=\"vertical-align: top;\"><span style=\"font-size: 10pt;\">Analyse de mat\u00e9riaux<\/span><\/td>\n<\/tr>\n<tr>\n<td style=\"vertical-align: top;\"><a href=\"https:\/\/csc-sarl.ch\/wp-content\/uploads\/2018\/06\/a_0062_01.pdf\" target=\"_self\" rel=\"noopener\"><img decoding=\"async\" class=\"rex_image\" src=\"https:\/\/csc-sarl.ch\/wp-content\/uploads\/2018\/06\/de_006201_large60px.jpg\" alt=\"[Keine Beschreibung eingegeben]\" ismap=\"ismap\" \/><\/a><\/td>\n<td style=\"vertical-align: top;\"><span style=\"font-size: 10pt;\">Parsberg<\/span><br \/>\n<span style=\"font-size: 10pt;\">28.12.08<\/span><br \/>\n<span style=\"font-size: 10pt;\">62.01<\/span><\/td>\n<td style=\"vertical-align: top;\"><span style=\"font-size: 10pt;\">\u00c9glise St. Andreas, pierres fun\u00e9raires du choeur<\/span><\/td>\n<td style=\"vertical-align: top;\"><span style=\"font-size: 10pt;\">Mat\u00e9riaux pierreux, sels et conseils de conservation<\/span><\/td>\n<\/tr>\n<tr>\n<td style=\"vertical-align: top;\"><a href=\"https:\/\/csc-sarl.ch\/wp-content\/uploads\/2018\/06\/a_0419_01.pdf\" target=\"_self\" rel=\"noopener\"><img decoding=\"async\" class=\"rex_image\" src=\"https:\/\/csc-sarl.ch\/wp-content\/uploads\/2018\/06\/de_041901.jpg\" alt=\"[Keine Beschreibung eingegeben]\" ismap=\"ismap\" \/><\/a><\/td>\n<td style=\"vertical-align: top;\"><span style=\"font-size: 10pt;\">Raitenhaslach<\/span><br \/>\n<span style=\"font-size: 10pt;\">4.12.15<\/span><br \/>\n<span style=\"font-size: 10pt;\">419.01<\/span><\/td>\n<td style=\"vertical-align: top;\"><span style=\"font-size: 10pt;\">Monast\u00e8re<\/span><\/td>\n<td style=\"vertical-align: top;\"><span style=\"font-size: 10pt;\">Analyse de sels<\/span><\/td>\n<\/tr>\n<tr>\n<td style=\"vertical-align: top;\"><a href=\"https:\/\/csc-sarl.ch\/wp-content\/uploads\/2018\/06\/a_0381_01.pdf\" target=\"_self\" rel=\"noopener\"><img decoding=\"async\" class=\"rex_image\" src=\"https:\/\/csc-sarl.ch\/wp-content\/uploads\/2018\/06\/de_038101.jpg\" alt=\"[Keine Beschreibung eingegeben]\" ismap=\"ismap\" \/><\/a><\/td>\n<td style=\"vertical-align: top;\"><span style=\"font-size: 10pt;\">Schnaittenbach<\/span><br \/>\n<span style=\"font-size: 10pt;\">15.3.15<\/span><br \/>\n<span style=\"font-size: 10pt;\">381.01<\/span><\/td>\n<td style=\"vertical-align: top;\"><span style=\"font-size: 10pt;\">Eglise<\/span><\/td>\n<td style=\"vertical-align: top;\"><span style=\"font-size: 10pt;\">Analyse de mat\u00e9riaux<\/span><\/td>\n<\/tr>\n<tr>\n<td style=\"vertical-align: top;\"><a href=\"https:\/\/csc-sarl.ch\/wp-content\/uploads\/2018\/06\/a_0410_01.pdf\" target=\"_self\" rel=\"noopener\"><img decoding=\"async\" class=\"rex_image\" src=\"https:\/\/csc-sarl.ch\/wp-content\/uploads\/2018\/06\/de_041001.jpg\" alt=\"[Keine Beschreibung eingegeben]\" ismap=\"ismap\" \/><\/a><\/td>\n<td style=\"vertical-align: top;\"><span style=\"font-size: 10pt;\">Schorndorf<\/span><br \/>\n<span style=\"font-size: 10pt;\">5.10.15<\/span><br \/>\n<span style=\"font-size: 10pt;\">410.01<\/span><\/td>\n<td style=\"vertical-align: top;\"><span style=\"font-size: 10pt;\">Eglise Marie immacul\u00e9e<\/span><\/td>\n<td style=\"vertical-align: top;\"><span style=\"font-size: 10pt;\">Analyse de mat\u00e9riaux<\/span><\/td>\n<\/tr>\n<tr>\n<td style=\"vertical-align: top;\"><a href=\"https:\/\/csc-sarl.ch\/wp-content\/uploads\/2018\/06\/a_0410_02.pdf\" target=\"_self\" rel=\"noopener\"><img decoding=\"async\" class=\"rex_image\" src=\"https:\/\/csc-sarl.ch\/wp-content\/uploads\/2018\/06\/de_041002.jpg\" alt=\"[Keine Beschreibung eingegeben]\" ismap=\"ismap\" \/><\/a><\/td>\n<td style=\"vertical-align: top;\"><span style=\"font-size: 10pt;\">Schorndorf<\/span><br \/>\n<span style=\"font-size: 10pt;\">15.12.15<\/span><br \/>\n<span style=\"font-size: 10pt;\">410.02<\/span><\/td>\n<td style=\"vertical-align: top;\"><span style=\"font-size: 10pt;\">Eglise Marie immacul\u00e9e<\/span><\/td>\n<td style=\"vertical-align: top;\"><span style=\"font-size: 10pt;\">Analyse de mat\u00e9riaux<\/span><\/td>\n<\/tr>\n<tr>\n<td style=\"vertical-align: top;\"><a href=\"https:\/\/csc-sarl.ch\/wp-content\/uploads\/2018\/06\/a_0420_01.pdf\" target=\"_self\" rel=\"noopener\"><img decoding=\"async\" class=\"rex_image\" src=\"https:\/\/csc-sarl.ch\/wp-content\/uploads\/2018\/06\/de_042001.jpg\" alt=\"[Keine Beschreibung eingegeben]\" ismap=\"ismap\" \/><\/a><\/td>\n<td style=\"vertical-align: top;\"><span style=\"font-size: 10pt;\">Wallkofen<\/span><br \/>\n<span style=\"font-size: 10pt;\">4.12.15<\/span><br \/>\n<span style=\"font-size: 10pt;\">420.01<\/span><\/td>\n<td style=\"vertical-align: top;\"><span style=\"font-size: 10pt;\">Eglise de l&rsquo;Assomption<\/span><\/td>\n<td style=\"vertical-align: top;\"><span style=\"font-size: 10pt;\">Analyse de mat\u00e9riaux<\/span><\/td>\n<\/tr>\n<tr>\n<td style=\"vertical-align: top;\"><a href=\"https:\/\/csc-sarl.ch\/wp-content\/uploads\/2018\/06\/a_0405_01.pdf\" target=\"_self\" rel=\"noopener\"><img decoding=\"async\" class=\"rex_image\" src=\"https:\/\/csc-sarl.ch\/wp-content\/uploads\/2018\/06\/de_040501.jpg\" alt=\"[Keine Beschreibung eingegeben]\" ismap=\"ismap\" \/><\/a><\/td>\n<td style=\"vertical-align: top;\"><span style=\"font-size: 10pt;\">Wetzelsberg<\/span><br \/>\n<span style=\"font-size: 10pt;\">25.9.15<\/span><br \/>\n<span style=\"font-size: 10pt;\">405.01<\/span><\/td>\n<td style=\"vertical-align: top;\"><span style=\"font-size: 10pt;\">Eglise<\/span><\/td>\n<td style=\"vertical-align: top;\"><span style=\"font-size: 10pt;\">Analyse de sels et de mat\u00e9riaux<\/span><\/td>\n<\/tr>\n<\/tbody>\n<\/table>\n","protected":false},"excerpt":{"rendered":"<p>Projets r\u00e9alis\u00e9s en Allemagne (cliquez sur l&rsquo;image pour ouvrir le r\u00e9sum\u00e9) : R\u00e9sum\u00e9 Lieu\/date Objet Th\u00e8me Br\u00fchl 24.6.10 153.01 Ch\u00e2teau Analyse d&rsquo;un enduit Eitlbrunn 27.4.15 391.01 Eglise St Michel Analyse de mat\u00e9riaux Fuchsberg 3.3.14 326.01 Eglise Saint Jacques Analyse de mat\u00e9riaux Grass bei Regensburg 31.7.15 393.01 Eglise St Michel Analyse de mat\u00e9riaux Hemmenhofen 9.6.09 96.01 &hellip; <a href=\"https:\/\/conservation-science.ch\/?page_id=37092\" class=\"more-link\">Continuer la lecture de <span class=\"screen-reader-text\">DE &#8211; Allemagne<\/span><\/a><\/p>\n","protected":false},"author":1,"featured_media":0,"parent":28915,"menu_order":2,"comment_status":"closed","ping_status":"closed","template":"","meta":{"footnotes":""},"class_list":["post-37092","page","type-page","status-publish","hentry"],"yoast_head":"<!-- This site is optimized with the Yoast SEO plugin v27.2 - https:\/\/yoast.com\/product\/yoast-seo-wordpress\/ -->\n<title>DE - Allemagne - Bl\u00e4uer - Conservation - Science<\/title>\n<meta name=\"robots\" content=\"index, follow, max-snippet:-1, max-image-preview:large, max-video-preview:-1\" \/>\n<link rel=\"canonical\" href=\"https:\/\/conservation-science.ch\/?page_id=37092\" \/>\n<meta property=\"og:locale\" content=\"fr_FR\" \/>\n<meta property=\"og:type\" content=\"article\" \/>\n<meta property=\"og:title\" content=\"DE - Allemagne - Bl\u00e4uer - Conservation - Science\" \/>\n<meta property=\"og:description\" content=\"Projets r\u00e9alis\u00e9s en Allemagne (cliquez sur l&rsquo;image pour ouvrir le r\u00e9sum\u00e9) : R\u00e9sum\u00e9 Lieu\/date Objet Th\u00e8me Br\u00fchl 24.6.10 153.01 Ch\u00e2teau Analyse d&rsquo;un enduit Eitlbrunn 27.4.15 391.01 Eglise St Michel Analyse de mat\u00e9riaux Fuchsberg 3.3.14 326.01 Eglise Saint Jacques Analyse de mat\u00e9riaux Grass bei Regensburg 31.7.15 393.01 Eglise St Michel Analyse de mat\u00e9riaux Hemmenhofen 9.6.09 96.01 &hellip; Continuer la lecture de DE &#8211; Allemagne\" \/>\n<meta property=\"og:url\" content=\"https:\/\/conservation-science.ch\/?page_id=37092\" \/>\n<meta property=\"og:site_name\" content=\"Bl\u00e4uer - Conservation - Science\" \/>\n<meta property=\"article:modified_time\" content=\"2024-11-16T15:30:09+00:00\" \/>\n<meta property=\"og:image\" content=\"https:\/\/csc-sarl.ch\/wp-content\/uploads\/2018\/06\/de_015301_large60px.jpg\" \/>\n<meta name=\"twitter:card\" content=\"summary_large_image\" \/>\n<meta name=\"twitter:label1\" content=\"Dur\u00e9e de lecture estim\u00e9e\" \/>\n\t<meta name=\"twitter:data1\" content=\"1 minute\" \/>\n<script type=\"application\/ld+json\" class=\"yoast-schema-graph\">{\"@context\":\"https:\/\/schema.org\",\"@graph\":[{\"@type\":\"WebPage\",\"@id\":\"https:\/\/conservation-science.ch\/?page_id=37092\",\"url\":\"https:\/\/conservation-science.ch\/?page_id=37092\",\"name\":\"DE - Allemagne - Bl\u00e4uer - Conservation - Science\",\"isPartOf\":{\"@id\":\"https:\/\/conservation-science.ch\/#website\"},\"primaryImageOfPage\":{\"@id\":\"https:\/\/conservation-science.ch\/?page_id=37092#primaryimage\"},\"image\":{\"@id\":\"https:\/\/conservation-science.ch\/?page_id=37092#primaryimage\"},\"thumbnailUrl\":\"https:\/\/csc-sarl.ch\/wp-content\/uploads\/2018\/06\/de_015301_large60px.jpg\",\"datePublished\":\"2018-06-27T22:25:29+00:00\",\"dateModified\":\"2024-11-16T15:30:09+00:00\",\"breadcrumb\":{\"@id\":\"https:\/\/conservation-science.ch\/?page_id=37092#breadcrumb\"},\"inLanguage\":\"fr-FR\",\"potentialAction\":[{\"@type\":\"ReadAction\",\"target\":[\"https:\/\/conservation-science.ch\/?page_id=37092\"]}]},{\"@type\":\"ImageObject\",\"inLanguage\":\"fr-FR\",\"@id\":\"https:\/\/conservation-science.ch\/?page_id=37092#primaryimage\",\"url\":\"https:\/\/csc-sarl.ch\/wp-content\/uploads\/2018\/06\/de_015301_large60px.jpg\",\"contentUrl\":\"https:\/\/csc-sarl.ch\/wp-content\/uploads\/2018\/06\/de_015301_large60px.jpg\"},{\"@type\":\"BreadcrumbList\",\"@id\":\"https:\/\/conservation-science.ch\/?page_id=37092#breadcrumb\",\"itemListElement\":[{\"@type\":\"ListItem\",\"position\":1,\"name\":\"Accueil\",\"item\":\"https:\/\/conservation-science.ch\/\"},{\"@type\":\"ListItem\",\"position\":2,\"name\":\"Accueil\",\"item\":\"https:\/\/conservation-science.ch\/\"},{\"@type\":\"ListItem\",\"position\":3,\"name\":\"Etudes \/ Expertises\",\"item\":\"https:\/\/conservation-science.ch\/?page_id=28915\"},{\"@type\":\"ListItem\",\"position\":4,\"name\":\"DE &#8211; Allemagne\"}]},{\"@type\":\"WebSite\",\"@id\":\"https:\/\/conservation-science.ch\/#website\",\"url\":\"https:\/\/conservation-science.ch\/\",\"name\":\"CSC - Conservation - Sciences\",\"description\":\"Transmission de connaissances dans le domaine des sciences de la conservation du patrimoine b\u00e2ti\",\"potentialAction\":[{\"@type\":\"SearchAction\",\"target\":{\"@type\":\"EntryPoint\",\"urlTemplate\":\"https:\/\/conservation-science.ch\/?s={search_term_string}\"},\"query-input\":{\"@type\":\"PropertyValueSpecification\",\"valueRequired\":true,\"valueName\":\"search_term_string\"}}],\"inLanguage\":\"fr-FR\"}]}<\/script>\n<!-- \/ Yoast SEO plugin. -->","yoast_head_json":{"title":"DE - Allemagne - Bl\u00e4uer - Conservation - Science","robots":{"index":"index","follow":"follow","max-snippet":"max-snippet:-1","max-image-preview":"max-image-preview:large","max-video-preview":"max-video-preview:-1"},"canonical":"https:\/\/conservation-science.ch\/?page_id=37092","og_locale":"fr_FR","og_type":"article","og_title":"DE - Allemagne - Bl\u00e4uer - Conservation - Science","og_description":"Projets r\u00e9alis\u00e9s en Allemagne (cliquez sur l&rsquo;image pour ouvrir le r\u00e9sum\u00e9) : R\u00e9sum\u00e9 Lieu\/date Objet Th\u00e8me Br\u00fchl 24.6.10 153.01 Ch\u00e2teau Analyse d&rsquo;un enduit Eitlbrunn 27.4.15 391.01 Eglise St Michel Analyse de mat\u00e9riaux Fuchsberg 3.3.14 326.01 Eglise Saint Jacques Analyse de mat\u00e9riaux Grass bei Regensburg 31.7.15 393.01 Eglise St Michel Analyse de mat\u00e9riaux Hemmenhofen 9.6.09 96.01 &hellip; Continuer la lecture de DE &#8211; Allemagne","og_url":"https:\/\/conservation-science.ch\/?page_id=37092","og_site_name":"Bl\u00e4uer - Conservation - Science","article_modified_time":"2024-11-16T15:30:09+00:00","og_image":[{"url":"https:\/\/csc-sarl.ch\/wp-content\/uploads\/2018\/06\/de_015301_large60px.jpg","type":"","width":"","height":""}],"twitter_card":"summary_large_image","twitter_misc":{"Dur\u00e9e de lecture estim\u00e9e":"1 minute"},"schema":{"@context":"https:\/\/schema.org","@graph":[{"@type":"WebPage","@id":"https:\/\/conservation-science.ch\/?page_id=37092","url":"https:\/\/conservation-science.ch\/?page_id=37092","name":"DE - Allemagne - Bl\u00e4uer - Conservation - Science","isPartOf":{"@id":"https:\/\/conservation-science.ch\/#website"},"primaryImageOfPage":{"@id":"https:\/\/conservation-science.ch\/?page_id=37092#primaryimage"},"image":{"@id":"https:\/\/conservation-science.ch\/?page_id=37092#primaryimage"},"thumbnailUrl":"https:\/\/csc-sarl.ch\/wp-content\/uploads\/2018\/06\/de_015301_large60px.jpg","datePublished":"2018-06-27T22:25:29+00:00","dateModified":"2024-11-16T15:30:09+00:00","breadcrumb":{"@id":"https:\/\/conservation-science.ch\/?page_id=37092#breadcrumb"},"inLanguage":"fr-FR","potentialAction":[{"@type":"ReadAction","target":["https:\/\/conservation-science.ch\/?page_id=37092"]}]},{"@type":"ImageObject","inLanguage":"fr-FR","@id":"https:\/\/conservation-science.ch\/?page_id=37092#primaryimage","url":"https:\/\/csc-sarl.ch\/wp-content\/uploads\/2018\/06\/de_015301_large60px.jpg","contentUrl":"https:\/\/csc-sarl.ch\/wp-content\/uploads\/2018\/06\/de_015301_large60px.jpg"},{"@type":"BreadcrumbList","@id":"https:\/\/conservation-science.ch\/?page_id=37092#breadcrumb","itemListElement":[{"@type":"ListItem","position":1,"name":"Accueil","item":"https:\/\/conservation-science.ch\/"},{"@type":"ListItem","position":2,"name":"Accueil","item":"https:\/\/conservation-science.ch\/"},{"@type":"ListItem","position":3,"name":"Etudes \/ Expertises","item":"https:\/\/conservation-science.ch\/?page_id=28915"},{"@type":"ListItem","position":4,"name":"DE &#8211; Allemagne"}]},{"@type":"WebSite","@id":"https:\/\/conservation-science.ch\/#website","url":"https:\/\/conservation-science.ch\/","name":"CSC - Conservation - Sciences","description":"Transmission de connaissances dans le domaine des sciences de la conservation du patrimoine b\u00e2ti","potentialAction":[{"@type":"SearchAction","target":{"@type":"EntryPoint","urlTemplate":"https:\/\/conservation-science.ch\/?s={search_term_string}"},"query-input":{"@type":"PropertyValueSpecification","valueRequired":true,"valueName":"search_term_string"}}],"inLanguage":"fr-FR"}]}},"_links":{"self":[{"href":"https:\/\/conservation-science.ch\/index.php?rest_route=\/wp\/v2\/pages\/37092","targetHints":{"allow":["GET"]}}],"collection":[{"href":"https:\/\/conservation-science.ch\/index.php?rest_route=\/wp\/v2\/pages"}],"about":[{"href":"https:\/\/conservation-science.ch\/index.php?rest_route=\/wp\/v2\/types\/page"}],"author":[{"embeddable":true,"href":"https:\/\/conservation-science.ch\/index.php?rest_route=\/wp\/v2\/users\/1"}],"replies":[{"embeddable":true,"href":"https:\/\/conservation-science.ch\/index.php?rest_route=%2Fwp%2Fv2%2Fcomments&post=37092"}],"version-history":[{"count":5,"href":"https:\/\/conservation-science.ch\/index.php?rest_route=\/wp\/v2\/pages\/37092\/revisions"}],"predecessor-version":[{"id":40165,"href":"https:\/\/conservation-science.ch\/index.php?rest_route=\/wp\/v2\/pages\/37092\/revisions\/40165"}],"up":[{"embeddable":true,"href":"https:\/\/conservation-science.ch\/index.php?rest_route=\/wp\/v2\/pages\/28915"}],"wp:attachment":[{"href":"https:\/\/conservation-science.ch\/index.php?rest_route=%2Fwp%2Fv2%2Fmedia&parent=37092"}],"curies":[{"name":"wp","href":"https:\/\/api.w.org\/{rel}","templated":true}]}}