{"id":37076,"date":"2018-06-28T00:22:44","date_gmt":"2018-06-27T22:22:44","guid":{"rendered":"https:\/\/csc-sarl.ch\/?page_id=37076"},"modified":"2024-11-16T16:30:00","modified_gmt":"2024-11-16T15:30:00","slug":"zurich","status":"publish","type":"page","link":"https:\/\/conservation-science.ch\/?page_id=37076","title":{"rendered":"ZH (Zurich)"},"content":{"rendered":"<p><strong>Projets r\u00e9alis\u00e9s dans le canton de Zurich <\/strong><strong>(cliquez sur <\/strong><strong>l&rsquo;image pour ouvrir le r\u00e9sum\u00e9<\/strong><strong>) <\/strong><strong>:<\/strong><\/p>\n<p>&nbsp;<\/p>\n<table border=\"2\" width=\"580\" cellpadding=\"2\">\n<tbody>\n<tr>\n<td style=\"vertical-align: top;\"><strong>Resum\u00e9<\/strong><\/td>\n<td style=\"vertical-align: top;\"><strong>Lieu\/Date<\/strong><\/td>\n<td style=\"vertical-align: top;\"><strong>Objet<br \/>\n<\/strong><\/td>\n<td style=\"vertical-align: top;\"><strong>Th\u00e8me<\/strong><\/td>\n<\/tr>\n<tr>\n<td style=\"vertical-align: top;\"><a href=\"https:\/\/csc-sarl.ch\/wp-content\/uploads\/2018\/06\/a_0295_02.pdf\" target=\"_self\" rel=\"noopener\"><img decoding=\"async\" class=\"rex_image\" src=\"https:\/\/csc-sarl.ch\/wp-content\/uploads\/2018\/06\/zh_029502_large60px.jpg\" alt=\"\" ismap=\"ismap\" \/><\/a><\/td>\n<td style=\"vertical-align: top;\"><span style=\"font-size: 10pt;\">D\u00e4ttlikon<\/span><br \/>\n<span style=\"font-size: 10pt;\">12.7.13<\/span><br \/>\n<span style=\"font-size: 10pt;\">295.02<\/span><\/td>\n<td style=\"vertical-align: top;\"><span style=\"font-size: 10pt;\">Temple<\/span><\/td>\n<td style=\"vertical-align: top;\"><span style=\"font-size: 10pt;\">Analyse de mat\u00e9riaux<\/span><\/td>\n<\/tr>\n<tr>\n<td style=\"vertical-align: top;\"><a href=\"https:\/\/csc-sarl.ch\/wp-content\/uploads\/2018\/06\/a_0252_01.pdf\" target=\"_self\" rel=\"noopener\"><img decoding=\"async\" class=\"rex_image\" src=\"https:\/\/csc-sarl.ch\/wp-content\/uploads\/2018\/06\/zh_025201_large60px.jpg\" alt=\"\" ismap=\"ismap\" \/><\/a><\/td>\n<td style=\"vertical-align: top;\"><span style=\"font-size: 10pt;\">Rheinau<\/span><br \/>\n<span style=\"font-size: 10pt;\">19.9.12<\/span><br \/>\n<span style=\"font-size: 10pt;\">252.01<\/span><\/td>\n<td style=\"vertical-align: top;\"><span style=\"font-size: 10pt;\">Eglise de l&rsquo;abbaye, plafond peint<\/span><\/td>\n<td style=\"vertical-align: top;\"><span style=\"font-size: 10pt;\">Analyse de sels<\/span><\/td>\n<\/tr>\n<tr>\n<td style=\"vertical-align: top;\"><a href=\"https:\/\/csc-sarl.ch\/wp-content\/uploads\/2018\/06\/a_0296_01.pdf\" target=\"_self\" rel=\"noopener\"><img decoding=\"async\" class=\"rex_image\" src=\"https:\/\/csc-sarl.ch\/wp-content\/uploads\/2018\/06\/zh_029601_large60px.jpg\" alt=\"\" ismap=\"ismap\" \/><\/a><\/td>\n<td style=\"vertical-align: top;\"><span style=\"font-size: 10pt;\">St\u00e4fa<\/span><br \/>\n<span style=\"font-size: 10pt;\">11.7.13<\/span><br \/>\n<span style=\"font-size: 10pt;\">296.01<\/span><\/td>\n<td style=\"vertical-align: top;\"><span style=\"font-size: 10pt;\">Haus zur Farb<\/span><\/td>\n<td style=\"vertical-align: top;\"><span style=\"font-size: 10pt;\">Analyse de peinture<\/span><\/td>\n<\/tr>\n<tr>\n<td style=\"vertical-align: top;\"><a href=\"https:\/\/csc-sarl.ch\/wp-content\/uploads\/2018\/06\/a_0143_01.pdf\" target=\"_self\" rel=\"noopener\"><img decoding=\"async\" class=\"rex_image\" src=\"https:\/\/csc-sarl.ch\/wp-content\/uploads\/2018\/06\/zh_014301_large60px.jpg\" alt=\"[Keine Beschreibung eingegeben]\" ismap=\"ismap\" \/><\/a><\/td>\n<td style=\"vertical-align: top;\"><span style=\"font-size: 10pt;\">Winterthur<\/span><br \/>\n<span style=\"font-size: 10pt;\">9.4.10<\/span><br \/>\n<span style=\"font-size: 10pt;\">143.01<\/span><\/td>\n<td style=\"vertical-align: top;\"><span style=\"font-size: 10pt;\">Technikumstrasse 68<\/span><\/td>\n<td style=\"vertical-align: top;\"><span style=\"font-size: 10pt;\">Analyses de mat\u00e9riaux<\/span><\/td>\n<\/tr>\n<tr>\n<td style=\"vertical-align: top;\"><a href=\"https:\/\/csc-sarl.ch\/wp-content\/uploads\/2018\/06\/a_0251_01.pdf\" target=\"_self\" rel=\"noopener\"><img decoding=\"async\" class=\"rex_image\" src=\"https:\/\/csc-sarl.ch\/wp-content\/uploads\/2018\/06\/zh_025101_large60px.jpg\" alt=\"\" ismap=\"ismap\" \/><\/a><\/td>\n<td style=\"vertical-align: top;\"><span style=\"font-size: 10pt;\">Winterthur<\/span><br \/>\n<span style=\"font-size: 10pt;\">11.9.12<\/span><br \/>\n<span style=\"font-size: 10pt;\">251.01<\/span><\/td>\n<td style=\"vertical-align: top;\"><span style=\"font-size: 10pt;\">Tribunal de district<\/span><\/td>\n<td style=\"vertical-align: top;\"><span style=\"font-size: 10pt;\">Mise en \u00e9vidence d&rsquo;un traitement de surface<\/span><\/td>\n<\/tr>\n<tr>\n<td style=\"vertical-align: top;\"><a href=\"https:\/\/csc-sarl.ch\/wp-content\/uploads\/2018\/06\/a_0133_01.pdf\" target=\"_self\" rel=\"noopener\"><img decoding=\"async\" class=\"rex_image\" src=\"https:\/\/csc-sarl.ch\/wp-content\/uploads\/2018\/06\/zh_013301_large60px.jpg\" alt=\"[Keine Beschreibung eingegeben]\" ismap=\"ismap\" \/><\/a><\/td>\n<td style=\"vertical-align: top;\"><span style=\"font-size: 10pt;\">Z\u00fcrich<\/span><br \/>\n<span style=\"font-size: 10pt;\">23.11.09<\/span><br \/>\n<span style=\"font-size: 10pt;\">133.01<\/span><\/td>\n<td style=\"vertical-align: top;\"><span style=\"font-size: 10pt;\">Stadthaus<\/span><\/td>\n<td style=\"vertical-align: top;\"><span style=\"font-size: 10pt;\">Etude du traitement de surface de figurines d\u00e9coratives en gr\u00e8s<\/span><\/td>\n<\/tr>\n<tr>\n<td style=\"vertical-align: top;\"><a href=\"https:\/\/csc-sarl.ch\/wp-content\/uploads\/2018\/06\/a_0196_02.pdf\" target=\"_self\" rel=\"noopener\"><img decoding=\"async\" class=\"rex_image\" src=\"https:\/\/csc-sarl.ch\/wp-content\/uploads\/2018\/06\/zh_019602.jpg\" alt=\"[Keine Beschreibung eingegeben]\" ismap=\"ismap\" \/><\/a><\/td>\n<td style=\"vertical-align: top;\"><span style=\"font-size: 10pt;\">Z\u00fcrich<\/span><br \/>\n<span style=\"font-size: 10pt;\">29.08.11<\/span><br \/>\n<span style=\"font-size: 10pt;\">196.02<\/span><\/td>\n<td style=\"vertical-align: top;\"><span style=\"font-size: 10pt;\">Villa Patumbah<\/span><\/td>\n<td style=\"vertical-align: top;\"><span style=\"font-size: 10pt;\">Analyse de sels quantitative<\/span><\/td>\n<\/tr>\n<tr>\n<td style=\"vertical-align: top;\"><a href=\"https:\/\/csc-sarl.ch\/wp-content\/uploads\/2018\/06\/a_0285_01.pdf\" target=\"_self\" rel=\"noopener\"><img decoding=\"async\" class=\"rex_image\" src=\"https:\/\/csc-sarl.ch\/wp-content\/uploads\/2018\/06\/zh_028501_large60px.jpg\" alt=\"\" ismap=\"ismap\" \/><\/a><\/td>\n<td style=\"vertical-align: top;\"><span style=\"font-size: 10pt;\">Z\u00fcrich<\/span><br \/>\n<span style=\"font-size: 10pt;\">24.4.13<\/span><br \/>\n<span style=\"font-size: 10pt;\">285.01<\/span><\/td>\n<td style=\"vertical-align: top;\"><span style=\"font-size: 10pt;\">Kongresshaus<\/span><\/td>\n<td style=\"vertical-align: top;\"><span style=\"font-size: 10pt;\">Analyse de mat\u00e9riau<\/span><\/td>\n<\/tr>\n<tr>\n<td style=\"vertical-align: top;\"><a href=\"https:\/\/csc-sarl.ch\/wp-content\/uploads\/2018\/06\/a_0297_01.pdf\" target=\"_self\" rel=\"noopener\"><img decoding=\"async\" class=\"rex_image\" src=\"https:\/\/csc-sarl.ch\/wp-content\/uploads\/2018\/06\/zh_029701_large60px.jpg\" alt=\"[Keine Beschreibung eingegeben]\" ismap=\"ismap\" \/><\/a><\/td>\n<td style=\"vertical-align: top;\"><span style=\"font-size: 10pt;\">Z\u00fcrich<\/span><br \/>\n<span style=\"font-size: 10pt;\">26.8.13<\/span><br \/>\n<span style=\"font-size: 10pt;\">297.01<\/span><\/td>\n<td style=\"vertical-align: top;\"><span style=\"font-size: 10pt;\">Z\u00fcri-Leu<\/span><\/td>\n<td style=\"vertical-align: top;\"><span style=\"font-size: 10pt;\">Analyse de sels<\/span><\/td>\n<\/tr>\n<tr>\n<td style=\"vertical-align: top;\"><a href=\"https:\/\/csc-sarl.ch\/wp-content\/uploads\/2018\/06\/a_0396_01.pdf\" target=\"_self\" rel=\"noopener\"><img decoding=\"async\" class=\"rex_image\" src=\"https:\/\/csc-sarl.ch\/wp-content\/uploads\/2018\/06\/zh_039601.jpg\" alt=\"[Keine Beschreibung eingegeben]\" ismap=\"ismap\" \/><\/a><\/td>\n<td style=\"vertical-align: top;\"><span style=\"font-size: 10pt;\">Z\u00fcrich<\/span><br \/>\n<span style=\"font-size: 10pt;\">8.6.15<\/span><br \/>\n<span style=\"font-size: 10pt;\">396.01<\/span><\/td>\n<td style=\"vertical-align: top;\"><span style=\"font-size: 10pt;\">Banhofstr. 57, Warenhaus St. Annahof<\/span><\/td>\n<td style=\"vertical-align: top;\"><span style=\"font-size: 10pt;\">Analyse de mat\u00e9riaux<\/span><\/td>\n<\/tr>\n<tr>\n<td style=\"vertical-align: top;\"><a href=\"https:\/\/csc-sarl.ch\/wp-content\/uploads\/2018\/06\/a_0415_01.pdf\" target=\"_self\" rel=\"noopener\"><img decoding=\"async\" class=\"rex_image\" src=\"https:\/\/csc-sarl.ch\/wp-content\/uploads\/2018\/06\/zh_041501.jpg\" alt=\"[Keine Beschreibung eingegeben]\" ismap=\"ismap\" \/><\/a><\/td>\n<td style=\"vertical-align: top;\"><span style=\"font-size: 10pt;\">Z\u00fcrich<\/span><br \/>\n<span style=\"font-size: 10pt;\">18.4.16<\/span><br \/>\n<span style=\"font-size: 10pt;\">415.01<\/span><\/td>\n<td style=\"vertical-align: top;\"><span style=\"font-size: 10pt;\">Fraum\u00fcnster, clo\u00eetre, fresques Bodmer<\/span><\/td>\n<td style=\"vertical-align: top;\"><span style=\"font-size: 10pt;\">D\u00e9gradation due aux sels<\/span><\/td>\n<\/tr>\n<tr>\n<td style=\"vertical-align: top;\"><a href=\"https:\/\/csc-sarl.ch\/wp-content\/uploads\/2018\/06\/a_0424_01.pdf\" target=\"_self\" rel=\"noopener\"><img decoding=\"async\" class=\"rex_image\" src=\"https:\/\/csc-sarl.ch\/wp-content\/uploads\/2018\/06\/zh_042401.jpg\" alt=\"[Keine Beschreibung eingegeben]\" ismap=\"ismap\" \/><\/a><\/td>\n<td style=\"vertical-align: top;\"><span style=\"font-size: 10pt;\">Z\u00fcrich<\/span><br \/>\n<span style=\"font-size: 10pt;\">18.2.16<\/span><br \/>\n<span style=\"font-size: 10pt;\">424.01<\/span><\/td>\n<td style=\"vertical-align: top;\"><span id=\"result_box\" class=\"short_text\" lang=\"fr\" style=\"font-size: 10pt;\">Mus\u00e9e national suisse, peinture des avants-toits<\/span><\/td>\n<td style=\"vertical-align: top;\"><span style=\"font-size: 10pt;\">Analyse de mat\u00e9riaux<\/span><\/td>\n<\/tr>\n<\/tbody>\n<\/table>\n","protected":false},"excerpt":{"rendered":"<p>Projets r\u00e9alis\u00e9s dans le canton de Zurich (cliquez sur l&rsquo;image pour ouvrir le r\u00e9sum\u00e9) : &nbsp; Resum\u00e9 Lieu\/Date Objet Th\u00e8me D\u00e4ttlikon 12.7.13 295.02 Temple Analyse de mat\u00e9riaux Rheinau 19.9.12 252.01 Eglise de l&rsquo;abbaye, plafond peint Analyse de sels St\u00e4fa 11.7.13 296.01 Haus zur Farb Analyse de peinture Winterthur 9.4.10 143.01 Technikumstrasse 68 Analyses de mat\u00e9riaux &hellip; <a href=\"https:\/\/conservation-science.ch\/?page_id=37076\" class=\"more-link\">Continuer la lecture de <span class=\"screen-reader-text\">ZH (Zurich)<\/span><\/a><\/p>\n","protected":false},"author":1,"featured_media":0,"parent":30086,"menu_order":30,"comment_status":"closed","ping_status":"closed","template":"","meta":{"footnotes":""},"class_list":["post-37076","page","type-page","status-publish","hentry"],"yoast_head":"<!-- This site is optimized with the Yoast SEO plugin v27.2 - https:\/\/yoast.com\/product\/yoast-seo-wordpress\/ -->\n<title>ZH (Zurich) - Bl\u00e4uer - Conservation - Science<\/title>\n<meta name=\"robots\" content=\"index, follow, max-snippet:-1, max-image-preview:large, max-video-preview:-1\" \/>\n<link rel=\"canonical\" href=\"https:\/\/conservation-science.ch\/?page_id=37076\" \/>\n<meta property=\"og:locale\" content=\"fr_FR\" \/>\n<meta property=\"og:type\" content=\"article\" \/>\n<meta property=\"og:title\" content=\"ZH (Zurich) - Bl\u00e4uer - Conservation - Science\" \/>\n<meta property=\"og:description\" content=\"Projets r\u00e9alis\u00e9s dans le canton de Zurich (cliquez sur l&rsquo;image pour ouvrir le r\u00e9sum\u00e9) : &nbsp; Resum\u00e9 Lieu\/Date Objet Th\u00e8me D\u00e4ttlikon 12.7.13 295.02 Temple Analyse de mat\u00e9riaux Rheinau 19.9.12 252.01 Eglise de l&rsquo;abbaye, plafond peint Analyse de sels St\u00e4fa 11.7.13 296.01 Haus zur Farb Analyse de peinture Winterthur 9.4.10 143.01 Technikumstrasse 68 Analyses de mat\u00e9riaux &hellip; Continuer la lecture de ZH (Zurich)\" \/>\n<meta property=\"og:url\" content=\"https:\/\/conservation-science.ch\/?page_id=37076\" \/>\n<meta property=\"og:site_name\" content=\"Bl\u00e4uer - Conservation - Science\" \/>\n<meta property=\"article:modified_time\" content=\"2024-11-16T15:30:00+00:00\" \/>\n<meta property=\"og:image\" content=\"https:\/\/csc-sarl.ch\/wp-content\/uploads\/2018\/06\/zh_029502_large60px.jpg\" \/>\n<meta name=\"twitter:card\" content=\"summary_large_image\" \/>\n<meta name=\"twitter:label1\" content=\"Dur\u00e9e de lecture estim\u00e9e\" \/>\n\t<meta name=\"twitter:data1\" content=\"1 minute\" \/>\n<script type=\"application\/ld+json\" class=\"yoast-schema-graph\">{\"@context\":\"https:\/\/schema.org\",\"@graph\":[{\"@type\":\"WebPage\",\"@id\":\"https:\/\/conservation-science.ch\/?page_id=37076\",\"url\":\"https:\/\/conservation-science.ch\/?page_id=37076\",\"name\":\"ZH (Zurich) - Bl\u00e4uer - Conservation - Science\",\"isPartOf\":{\"@id\":\"https:\/\/conservation-science.ch\/#website\"},\"primaryImageOfPage\":{\"@id\":\"https:\/\/conservation-science.ch\/?page_id=37076#primaryimage\"},\"image\":{\"@id\":\"https:\/\/conservation-science.ch\/?page_id=37076#primaryimage\"},\"thumbnailUrl\":\"https:\/\/csc-sarl.ch\/wp-content\/uploads\/2018\/06\/zh_029502_large60px.jpg\",\"datePublished\":\"2018-06-27T22:22:44+00:00\",\"dateModified\":\"2024-11-16T15:30:00+00:00\",\"breadcrumb\":{\"@id\":\"https:\/\/conservation-science.ch\/?page_id=37076#breadcrumb\"},\"inLanguage\":\"fr-FR\",\"potentialAction\":[{\"@type\":\"ReadAction\",\"target\":[\"https:\/\/conservation-science.ch\/?page_id=37076\"]}]},{\"@type\":\"ImageObject\",\"inLanguage\":\"fr-FR\",\"@id\":\"https:\/\/conservation-science.ch\/?page_id=37076#primaryimage\",\"url\":\"https:\/\/csc-sarl.ch\/wp-content\/uploads\/2018\/06\/zh_029502_large60px.jpg\",\"contentUrl\":\"https:\/\/csc-sarl.ch\/wp-content\/uploads\/2018\/06\/zh_029502_large60px.jpg\"},{\"@type\":\"BreadcrumbList\",\"@id\":\"https:\/\/conservation-science.ch\/?page_id=37076#breadcrumb\",\"itemListElement\":[{\"@type\":\"ListItem\",\"position\":1,\"name\":\"Accueil\",\"item\":\"https:\/\/conservation-science.ch\/\"},{\"@type\":\"ListItem\",\"position\":2,\"name\":\"Accueil\",\"item\":\"https:\/\/conservation-science.ch\/\"},{\"@type\":\"ListItem\",\"position\":3,\"name\":\"Etudes \/ Expertises\",\"item\":\"https:\/\/conservation-science.ch\/?page_id=28915\"},{\"@type\":\"ListItem\",\"position\":4,\"name\":\"Suisse\",\"item\":\"https:\/\/conservation-science.ch\/?page_id=30086\"},{\"@type\":\"ListItem\",\"position\":5,\"name\":\"ZH (Zurich)\"}]},{\"@type\":\"WebSite\",\"@id\":\"https:\/\/conservation-science.ch\/#website\",\"url\":\"https:\/\/conservation-science.ch\/\",\"name\":\"CSC - Conservation - Sciences\",\"description\":\"Transmission de connaissances dans le domaine des sciences de la conservation du patrimoine b\u00e2ti\",\"potentialAction\":[{\"@type\":\"SearchAction\",\"target\":{\"@type\":\"EntryPoint\",\"urlTemplate\":\"https:\/\/conservation-science.ch\/?s={search_term_string}\"},\"query-input\":{\"@type\":\"PropertyValueSpecification\",\"valueRequired\":true,\"valueName\":\"search_term_string\"}}],\"inLanguage\":\"fr-FR\"}]}<\/script>\n<!-- \/ Yoast SEO plugin. -->","yoast_head_json":{"title":"ZH (Zurich) - Bl\u00e4uer - Conservation - Science","robots":{"index":"index","follow":"follow","max-snippet":"max-snippet:-1","max-image-preview":"max-image-preview:large","max-video-preview":"max-video-preview:-1"},"canonical":"https:\/\/conservation-science.ch\/?page_id=37076","og_locale":"fr_FR","og_type":"article","og_title":"ZH (Zurich) - Bl\u00e4uer - Conservation - Science","og_description":"Projets r\u00e9alis\u00e9s dans le canton de Zurich (cliquez sur l&rsquo;image pour ouvrir le r\u00e9sum\u00e9) : &nbsp; Resum\u00e9 Lieu\/Date Objet Th\u00e8me D\u00e4ttlikon 12.7.13 295.02 Temple Analyse de mat\u00e9riaux Rheinau 19.9.12 252.01 Eglise de l&rsquo;abbaye, plafond peint Analyse de sels St\u00e4fa 11.7.13 296.01 Haus zur Farb Analyse de peinture Winterthur 9.4.10 143.01 Technikumstrasse 68 Analyses de mat\u00e9riaux &hellip; Continuer la lecture de ZH (Zurich)","og_url":"https:\/\/conservation-science.ch\/?page_id=37076","og_site_name":"Bl\u00e4uer - Conservation - Science","article_modified_time":"2024-11-16T15:30:00+00:00","og_image":[{"url":"https:\/\/csc-sarl.ch\/wp-content\/uploads\/2018\/06\/zh_029502_large60px.jpg","type":"","width":"","height":""}],"twitter_card":"summary_large_image","twitter_misc":{"Dur\u00e9e de lecture estim\u00e9e":"1 minute"},"schema":{"@context":"https:\/\/schema.org","@graph":[{"@type":"WebPage","@id":"https:\/\/conservation-science.ch\/?page_id=37076","url":"https:\/\/conservation-science.ch\/?page_id=37076","name":"ZH (Zurich) - Bl\u00e4uer - Conservation - Science","isPartOf":{"@id":"https:\/\/conservation-science.ch\/#website"},"primaryImageOfPage":{"@id":"https:\/\/conservation-science.ch\/?page_id=37076#primaryimage"},"image":{"@id":"https:\/\/conservation-science.ch\/?page_id=37076#primaryimage"},"thumbnailUrl":"https:\/\/csc-sarl.ch\/wp-content\/uploads\/2018\/06\/zh_029502_large60px.jpg","datePublished":"2018-06-27T22:22:44+00:00","dateModified":"2024-11-16T15:30:00+00:00","breadcrumb":{"@id":"https:\/\/conservation-science.ch\/?page_id=37076#breadcrumb"},"inLanguage":"fr-FR","potentialAction":[{"@type":"ReadAction","target":["https:\/\/conservation-science.ch\/?page_id=37076"]}]},{"@type":"ImageObject","inLanguage":"fr-FR","@id":"https:\/\/conservation-science.ch\/?page_id=37076#primaryimage","url":"https:\/\/csc-sarl.ch\/wp-content\/uploads\/2018\/06\/zh_029502_large60px.jpg","contentUrl":"https:\/\/csc-sarl.ch\/wp-content\/uploads\/2018\/06\/zh_029502_large60px.jpg"},{"@type":"BreadcrumbList","@id":"https:\/\/conservation-science.ch\/?page_id=37076#breadcrumb","itemListElement":[{"@type":"ListItem","position":1,"name":"Accueil","item":"https:\/\/conservation-science.ch\/"},{"@type":"ListItem","position":2,"name":"Accueil","item":"https:\/\/conservation-science.ch\/"},{"@type":"ListItem","position":3,"name":"Etudes \/ Expertises","item":"https:\/\/conservation-science.ch\/?page_id=28915"},{"@type":"ListItem","position":4,"name":"Suisse","item":"https:\/\/conservation-science.ch\/?page_id=30086"},{"@type":"ListItem","position":5,"name":"ZH (Zurich)"}]},{"@type":"WebSite","@id":"https:\/\/conservation-science.ch\/#website","url":"https:\/\/conservation-science.ch\/","name":"CSC - Conservation - Sciences","description":"Transmission de connaissances dans le domaine des sciences de la conservation du patrimoine b\u00e2ti","potentialAction":[{"@type":"SearchAction","target":{"@type":"EntryPoint","urlTemplate":"https:\/\/conservation-science.ch\/?s={search_term_string}"},"query-input":{"@type":"PropertyValueSpecification","valueRequired":true,"valueName":"search_term_string"}}],"inLanguage":"fr-FR"}]}},"_links":{"self":[{"href":"https:\/\/conservation-science.ch\/index.php?rest_route=\/wp\/v2\/pages\/37076","targetHints":{"allow":["GET"]}}],"collection":[{"href":"https:\/\/conservation-science.ch\/index.php?rest_route=\/wp\/v2\/pages"}],"about":[{"href":"https:\/\/conservation-science.ch\/index.php?rest_route=\/wp\/v2\/types\/page"}],"author":[{"embeddable":true,"href":"https:\/\/conservation-science.ch\/index.php?rest_route=\/wp\/v2\/users\/1"}],"replies":[{"embeddable":true,"href":"https:\/\/conservation-science.ch\/index.php?rest_route=%2Fwp%2Fv2%2Fcomments&post=37076"}],"version-history":[{"count":5,"href":"https:\/\/conservation-science.ch\/index.php?rest_route=\/wp\/v2\/pages\/37076\/revisions"}],"predecessor-version":[{"id":40164,"href":"https:\/\/conservation-science.ch\/index.php?rest_route=\/wp\/v2\/pages\/37076\/revisions\/40164"}],"up":[{"embeddable":true,"href":"https:\/\/conservation-science.ch\/index.php?rest_route=\/wp\/v2\/pages\/30086"}],"wp:attachment":[{"href":"https:\/\/conservation-science.ch\/index.php?rest_route=%2Fwp%2Fv2%2Fmedia&parent=37076"}],"curies":[{"name":"wp","href":"https:\/\/api.w.org\/{rel}","templated":true}]}}