{"id":37074,"date":"2018-06-28T00:21:47","date_gmt":"2018-06-27T22:21:47","guid":{"rendered":"https:\/\/csc-sarl.ch\/?page_id=37074"},"modified":"2024-11-16T16:29:55","modified_gmt":"2024-11-16T15:29:55","slug":"zoug","status":"publish","type":"page","link":"https:\/\/conservation-science.ch\/?page_id=37074","title":{"rendered":"ZG (Zoug)"},"content":{"rendered":"<p><strong>Projets r\u00e9alis\u00e9s dans le canton de Zoug <\/strong><strong> (cliquez sur <\/strong><strong>l&rsquo;image pour ouvrir le r\u00e9sum\u00e9<\/strong><strong>) <\/strong><strong>:<\/strong><\/p>\n<p>&nbsp;<\/p>\n<table border=\"2\" width=\"580\" cellpadding=\"2\">\n<tbody>\n<tr>\n<td><strong>R\u00e9sum\u00e9<\/strong><\/td>\n<td><strong>Lieu\/date<br \/>\n<\/strong><\/td>\n<td><strong>Objet<br \/>\n<\/strong><\/td>\n<td><strong>Th\u00e8me<br \/>\n<\/strong><\/td>\n<\/tr>\n<tr>\n<td style=\"vertical-align: top;\"><a href=\"https:\/\/csc-sarl.ch\/wp-content\/uploads\/2018\/06\/a_0018_03.pdf\" target=\"_self\" rel=\"noopener\"><img decoding=\"async\" class=\"rex_image\" src=\"https:\/\/csc-sarl.ch\/wp-content\/uploads\/2018\/06\/zg_001803_large60px.jpg\" alt=\"[Keine\u00a0Beschreibung\u00a0eingegeben]\" ismap=\"ismap\" \/><br \/>\n<\/a><\/td>\n<td style=\"vertical-align: top;\"><span style=\"font-size: 10pt;\">H\u00fcnenberg<\/span><br \/>\n<span style=\"font-size: 10pt;\">6.6.07<\/span><\/td>\n<td style=\"vertical-align: top;\"><span style=\"font-size: 10pt;\">Ruine du ch\u00e2teau<\/span><\/td>\n<td style=\"vertical-align: top;\"><span style=\"font-size: 10pt;\">Choix du gr\u00e8s pour la couronne des murs<\/span><\/td>\n<\/tr>\n<tr>\n<td style=\"vertical-align: top;\"><a href=\"https:\/\/csc-sarl.ch\/wp-content\/uploads\/2018\/06\/a_0018_01.pdf\" target=\"_self\" rel=\"noopener\"><img decoding=\"async\" class=\"rex_image\" src=\"https:\/\/csc-sarl.ch\/wp-content\/uploads\/2018\/06\/zg_001801_large60px.jpg\" alt=\"[Keine\u00a0Beschreibung\u00a0eingegeben]\" ismap=\"ismap\" \/><\/a><\/td>\n<td style=\"vertical-align: top;\"><span style=\"font-size: 10pt;\">H\u00fcnenberg<\/span><br \/>\n<span style=\"font-size: 10pt;\">29.6.07<\/span><\/td>\n<td style=\"vertical-align: top;\"><span style=\"font-size: 10pt;\">Ruine du ch\u00e2teau<\/span><\/td>\n<td style=\"vertical-align: top;\"><span style=\"font-size: 10pt;\">Analyse du mortier historique<\/span><\/td>\n<\/tr>\n<tr>\n<td style=\"vertical-align: top;\"><a href=\"https:\/\/csc-sarl.ch\/wp-content\/uploads\/2018\/06\/a_0018_02.pdf\" target=\"_self\" rel=\"noopener\"><img decoding=\"async\" class=\"rex_image\" src=\"https:\/\/csc-sarl.ch\/wp-content\/uploads\/2018\/06\/zg_001802_large60px.jpg\" alt=\"[Keine\u00a0Beschreibung\u00a0eingegeben]\" ismap=\"ismap\" \/><\/a><\/td>\n<td style=\"vertical-align: top;\"><span style=\"font-size: 10pt;\">H\u00fcnenberg<\/span><br \/>\n<span style=\"font-size: 10pt;\">6.6.07<\/span><\/td>\n<td style=\"vertical-align: top;\"><span style=\"font-size: 10pt;\">Ruine du ch\u00e2teau<\/span><\/td>\n<td style=\"vertical-align: top;\"><span style=\"font-size: 10pt;\">Contenu en sels des mortiers de r\u00e9paration frais<\/span><\/td>\n<\/tr>\n<\/tbody>\n<\/table>\n","protected":false},"excerpt":{"rendered":"<p>Projets r\u00e9alis\u00e9s dans le canton de Zoug (cliquez sur l&rsquo;image pour ouvrir le r\u00e9sum\u00e9) : &nbsp; R\u00e9sum\u00e9 Lieu\/date Objet Th\u00e8me H\u00fcnenberg 6.6.07 Ruine du ch\u00e2teau Choix du gr\u00e8s pour la couronne des murs H\u00fcnenberg 29.6.07 Ruine du ch\u00e2teau Analyse du mortier historique H\u00fcnenberg 6.6.07 Ruine du ch\u00e2teau Contenu en sels des mortiers de r\u00e9paration frais<\/p>\n","protected":false},"author":1,"featured_media":0,"parent":30086,"menu_order":28,"comment_status":"closed","ping_status":"closed","template":"","meta":{"footnotes":""},"class_list":["post-37074","page","type-page","status-publish","hentry"],"yoast_head":"<!-- This site is optimized with the Yoast SEO plugin v27.2 - https:\/\/yoast.com\/product\/yoast-seo-wordpress\/ -->\n<title>ZG (Zoug) - Bl\u00e4uer - Conservation - Science<\/title>\n<meta name=\"robots\" content=\"index, follow, max-snippet:-1, max-image-preview:large, max-video-preview:-1\" \/>\n<link rel=\"canonical\" href=\"https:\/\/conservation-science.ch\/?page_id=37074\" \/>\n<meta property=\"og:locale\" content=\"fr_FR\" \/>\n<meta property=\"og:type\" content=\"article\" \/>\n<meta property=\"og:title\" content=\"ZG (Zoug) - Bl\u00e4uer - Conservation - Science\" \/>\n<meta property=\"og:description\" content=\"Projets r\u00e9alis\u00e9s dans le canton de Zoug (cliquez sur l&rsquo;image pour ouvrir le r\u00e9sum\u00e9) : &nbsp; R\u00e9sum\u00e9 Lieu\/date Objet Th\u00e8me H\u00fcnenberg 6.6.07 Ruine du ch\u00e2teau Choix du gr\u00e8s pour la couronne des murs H\u00fcnenberg 29.6.07 Ruine du ch\u00e2teau Analyse du mortier historique H\u00fcnenberg 6.6.07 Ruine du ch\u00e2teau Contenu en sels des mortiers de r\u00e9paration frais\" \/>\n<meta property=\"og:url\" content=\"https:\/\/conservation-science.ch\/?page_id=37074\" \/>\n<meta property=\"og:site_name\" content=\"Bl\u00e4uer - Conservation - Science\" \/>\n<meta property=\"article:modified_time\" content=\"2024-11-16T15:29:55+00:00\" \/>\n<meta property=\"og:image\" content=\"https:\/\/csc-sarl.ch\/wp-content\/uploads\/2018\/06\/zg_001803_large60px.jpg\" \/>\n<meta name=\"twitter:card\" content=\"summary_large_image\" \/>\n<script type=\"application\/ld+json\" class=\"yoast-schema-graph\">{\"@context\":\"https:\/\/schema.org\",\"@graph\":[{\"@type\":\"WebPage\",\"@id\":\"https:\/\/conservation-science.ch\/?page_id=37074\",\"url\":\"https:\/\/conservation-science.ch\/?page_id=37074\",\"name\":\"ZG (Zoug) - Bl\u00e4uer - Conservation - Science\",\"isPartOf\":{\"@id\":\"https:\/\/conservation-science.ch\/#website\"},\"primaryImageOfPage\":{\"@id\":\"https:\/\/conservation-science.ch\/?page_id=37074#primaryimage\"},\"image\":{\"@id\":\"https:\/\/conservation-science.ch\/?page_id=37074#primaryimage\"},\"thumbnailUrl\":\"https:\/\/csc-sarl.ch\/wp-content\/uploads\/2018\/06\/zg_001803_large60px.jpg\",\"datePublished\":\"2018-06-27T22:21:47+00:00\",\"dateModified\":\"2024-11-16T15:29:55+00:00\",\"breadcrumb\":{\"@id\":\"https:\/\/conservation-science.ch\/?page_id=37074#breadcrumb\"},\"inLanguage\":\"fr-FR\",\"potentialAction\":[{\"@type\":\"ReadAction\",\"target\":[\"https:\/\/conservation-science.ch\/?page_id=37074\"]}]},{\"@type\":\"ImageObject\",\"inLanguage\":\"fr-FR\",\"@id\":\"https:\/\/conservation-science.ch\/?page_id=37074#primaryimage\",\"url\":\"https:\/\/csc-sarl.ch\/wp-content\/uploads\/2018\/06\/zg_001803_large60px.jpg\",\"contentUrl\":\"https:\/\/csc-sarl.ch\/wp-content\/uploads\/2018\/06\/zg_001803_large60px.jpg\"},{\"@type\":\"BreadcrumbList\",\"@id\":\"https:\/\/conservation-science.ch\/?page_id=37074#breadcrumb\",\"itemListElement\":[{\"@type\":\"ListItem\",\"position\":1,\"name\":\"Accueil\",\"item\":\"https:\/\/conservation-science.ch\/\"},{\"@type\":\"ListItem\",\"position\":2,\"name\":\"Accueil\",\"item\":\"https:\/\/conservation-science.ch\/\"},{\"@type\":\"ListItem\",\"position\":3,\"name\":\"Etudes \/ Expertises\",\"item\":\"https:\/\/conservation-science.ch\/?page_id=28915\"},{\"@type\":\"ListItem\",\"position\":4,\"name\":\"Suisse\",\"item\":\"https:\/\/conservation-science.ch\/?page_id=30086\"},{\"@type\":\"ListItem\",\"position\":5,\"name\":\"ZG (Zoug)\"}]},{\"@type\":\"WebSite\",\"@id\":\"https:\/\/conservation-science.ch\/#website\",\"url\":\"https:\/\/conservation-science.ch\/\",\"name\":\"CSC - Conservation - Sciences\",\"description\":\"Transmission de connaissances dans le domaine des sciences de la conservation du patrimoine b\u00e2ti\",\"potentialAction\":[{\"@type\":\"SearchAction\",\"target\":{\"@type\":\"EntryPoint\",\"urlTemplate\":\"https:\/\/conservation-science.ch\/?s={search_term_string}\"},\"query-input\":{\"@type\":\"PropertyValueSpecification\",\"valueRequired\":true,\"valueName\":\"search_term_string\"}}],\"inLanguage\":\"fr-FR\"}]}<\/script>\n<!-- \/ Yoast SEO plugin. -->","yoast_head_json":{"title":"ZG (Zoug) - Bl\u00e4uer - Conservation - Science","robots":{"index":"index","follow":"follow","max-snippet":"max-snippet:-1","max-image-preview":"max-image-preview:large","max-video-preview":"max-video-preview:-1"},"canonical":"https:\/\/conservation-science.ch\/?page_id=37074","og_locale":"fr_FR","og_type":"article","og_title":"ZG (Zoug) - Bl\u00e4uer - Conservation - Science","og_description":"Projets r\u00e9alis\u00e9s dans le canton de Zoug (cliquez sur l&rsquo;image pour ouvrir le r\u00e9sum\u00e9) : &nbsp; R\u00e9sum\u00e9 Lieu\/date Objet Th\u00e8me H\u00fcnenberg 6.6.07 Ruine du ch\u00e2teau Choix du gr\u00e8s pour la couronne des murs H\u00fcnenberg 29.6.07 Ruine du ch\u00e2teau Analyse du mortier historique H\u00fcnenberg 6.6.07 Ruine du ch\u00e2teau Contenu en sels des mortiers de r\u00e9paration frais","og_url":"https:\/\/conservation-science.ch\/?page_id=37074","og_site_name":"Bl\u00e4uer - Conservation - Science","article_modified_time":"2024-11-16T15:29:55+00:00","og_image":[{"url":"https:\/\/csc-sarl.ch\/wp-content\/uploads\/2018\/06\/zg_001803_large60px.jpg","type":"","width":"","height":""}],"twitter_card":"summary_large_image","schema":{"@context":"https:\/\/schema.org","@graph":[{"@type":"WebPage","@id":"https:\/\/conservation-science.ch\/?page_id=37074","url":"https:\/\/conservation-science.ch\/?page_id=37074","name":"ZG (Zoug) - Bl\u00e4uer - Conservation - Science","isPartOf":{"@id":"https:\/\/conservation-science.ch\/#website"},"primaryImageOfPage":{"@id":"https:\/\/conservation-science.ch\/?page_id=37074#primaryimage"},"image":{"@id":"https:\/\/conservation-science.ch\/?page_id=37074#primaryimage"},"thumbnailUrl":"https:\/\/csc-sarl.ch\/wp-content\/uploads\/2018\/06\/zg_001803_large60px.jpg","datePublished":"2018-06-27T22:21:47+00:00","dateModified":"2024-11-16T15:29:55+00:00","breadcrumb":{"@id":"https:\/\/conservation-science.ch\/?page_id=37074#breadcrumb"},"inLanguage":"fr-FR","potentialAction":[{"@type":"ReadAction","target":["https:\/\/conservation-science.ch\/?page_id=37074"]}]},{"@type":"ImageObject","inLanguage":"fr-FR","@id":"https:\/\/conservation-science.ch\/?page_id=37074#primaryimage","url":"https:\/\/csc-sarl.ch\/wp-content\/uploads\/2018\/06\/zg_001803_large60px.jpg","contentUrl":"https:\/\/csc-sarl.ch\/wp-content\/uploads\/2018\/06\/zg_001803_large60px.jpg"},{"@type":"BreadcrumbList","@id":"https:\/\/conservation-science.ch\/?page_id=37074#breadcrumb","itemListElement":[{"@type":"ListItem","position":1,"name":"Accueil","item":"https:\/\/conservation-science.ch\/"},{"@type":"ListItem","position":2,"name":"Accueil","item":"https:\/\/conservation-science.ch\/"},{"@type":"ListItem","position":3,"name":"Etudes \/ Expertises","item":"https:\/\/conservation-science.ch\/?page_id=28915"},{"@type":"ListItem","position":4,"name":"Suisse","item":"https:\/\/conservation-science.ch\/?page_id=30086"},{"@type":"ListItem","position":5,"name":"ZG (Zoug)"}]},{"@type":"WebSite","@id":"https:\/\/conservation-science.ch\/#website","url":"https:\/\/conservation-science.ch\/","name":"CSC - Conservation - Sciences","description":"Transmission de connaissances dans le domaine des sciences de la conservation du patrimoine b\u00e2ti","potentialAction":[{"@type":"SearchAction","target":{"@type":"EntryPoint","urlTemplate":"https:\/\/conservation-science.ch\/?s={search_term_string}"},"query-input":{"@type":"PropertyValueSpecification","valueRequired":true,"valueName":"search_term_string"}}],"inLanguage":"fr-FR"}]}},"_links":{"self":[{"href":"https:\/\/conservation-science.ch\/index.php?rest_route=\/wp\/v2\/pages\/37074","targetHints":{"allow":["GET"]}}],"collection":[{"href":"https:\/\/conservation-science.ch\/index.php?rest_route=\/wp\/v2\/pages"}],"about":[{"href":"https:\/\/conservation-science.ch\/index.php?rest_route=\/wp\/v2\/types\/page"}],"author":[{"embeddable":true,"href":"https:\/\/conservation-science.ch\/index.php?rest_route=\/wp\/v2\/users\/1"}],"replies":[{"embeddable":true,"href":"https:\/\/conservation-science.ch\/index.php?rest_route=%2Fwp%2Fv2%2Fcomments&post=37074"}],"version-history":[{"count":5,"href":"https:\/\/conservation-science.ch\/index.php?rest_route=\/wp\/v2\/pages\/37074\/revisions"}],"predecessor-version":[{"id":40163,"href":"https:\/\/conservation-science.ch\/index.php?rest_route=\/wp\/v2\/pages\/37074\/revisions\/40163"}],"up":[{"embeddable":true,"href":"https:\/\/conservation-science.ch\/index.php?rest_route=\/wp\/v2\/pages\/30086"}],"wp:attachment":[{"href":"https:\/\/conservation-science.ch\/index.php?rest_route=%2Fwp%2Fv2%2Fmedia&parent=37074"}],"curies":[{"name":"wp","href":"https:\/\/api.w.org\/{rel}","templated":true}]}}