{"id":37062,"date":"2018-06-28T00:15:47","date_gmt":"2018-06-27T22:15:47","guid":{"rendered":"https:\/\/csc-sarl.ch\/?page_id=37062"},"modified":"2024-11-16T16:29:33","modified_gmt":"2024-11-16T15:29:33","slug":"thurgovie","status":"publish","type":"page","link":"https:\/\/conservation-science.ch\/?page_id=37062","title":{"rendered":"TG (Thurgovie)"},"content":{"rendered":"<p><strong>Projets r\u00e9alis\u00e9s dans le canton de Thurgovie <\/strong><strong> (cliquez sur <\/strong><strong>l&rsquo;image<\/strong><strong> pour ouvrir le r\u00e9sum\u00e9) <\/strong><strong>:<\/strong><\/p>\n<p>&nbsp;<\/p>\n<table border=\"2\" width=\"580\" cellpadding=\"2\">\n<tbody>\n<tr>\n<td style=\"vertical-align: top;\"><strong>R\u00e9sum\u00e9<br \/>\n<\/strong><\/td>\n<td style=\"vertical-align: top;\"><strong>Lieu\/date<\/strong><\/td>\n<td style=\"vertical-align: top;\"><strong>Objet<\/strong><\/td>\n<td style=\"vertical-align: top;\"><strong>Th\u00e8me<\/strong><\/td>\n<\/tr>\n<tr>\n<td style=\"vertical-align: top;\"><a href=\"https:\/\/csc-sarl.ch\/wp-content\/uploads\/2018\/06\/a_0374_01.pdf\" target=\"_self\" rel=\"noopener\"><img decoding=\"async\" class=\"rex_image\" src=\"https:\/\/csc-sarl.ch\/wp-content\/uploads\/2018\/06\/tg_037401.jpg\" alt=\"[Keine Beschreibung eingegeben]\" ismap=\"ismap\" \/><\/a><\/td>\n<td style=\"vertical-align: top;\"><span style=\"font-size: 10pt;\">Amlikon<\/span><br \/>\n<span style=\"font-size: 10pt;\">16.1.15<\/span><br \/>\n<span style=\"font-size: 10pt;\">374.01<\/span><\/td>\n<td style=\"vertical-align: top;\"><span style=\"font-size: 10pt;\">Leutmerken, \u00e9glise St. Peter und Paul<\/span><\/td>\n<td style=\"vertical-align: top;\"><span style=\"font-size: 10pt;\">Analyse d&rsquo;une efflorescence de sels<\/span><\/td>\n<\/tr>\n<tr>\n<td style=\"vertical-align: top;\"><a href=\"https:\/\/csc-sarl.ch\/wp-content\/uploads\/2018\/06\/a_0056_01.pdf\" target=\"_self\" rel=\"noopener\"><img decoding=\"async\" class=\"rex_image\" src=\"https:\/\/csc-sarl.ch\/wp-content\/uploads\/2018\/06\/tg_005601_large60px.jpg\" alt=\"[Keine Beschreibung eingegeben]\" ismap=\"ismap\" \/><\/a><\/td>\n<td style=\"vertical-align: top;\"><span style=\"font-size: 10pt;\">Bischofszell<\/span><br \/>\n<span style=\"font-size: 10pt;\">21.7.08<\/span><br \/>\n<span style=\"font-size: 10pt;\">56.01<\/span><\/td>\n<td style=\"vertical-align: top;\"><span style=\"font-size: 10pt;\">Eglise cath. St. Pelagius<\/span><\/td>\n<td style=\"vertical-align: top;\"><span style=\"font-size: 10pt;\">Peinture murales : \u00e9tude du noircissement des restaurations de 1968-71<\/span><\/td>\n<\/tr>\n<tr>\n<td style=\"vertical-align: top;\"><a href=\"https:\/\/csc-sarl.ch\/wp-content\/uploads\/2018\/06\/a_0221_01.pdf\" target=\"_self\" rel=\"noopener\"><img decoding=\"async\" class=\"rex_image\" src=\"https:\/\/csc-sarl.ch\/wp-content\/uploads\/2018\/06\/tg_022101_large60px.jpg\" alt=\"[Keine Beschreibung eingegeben]\" ismap=\"ismap\" \/><\/a><\/td>\n<td style=\"vertical-align: top;\"><span style=\"font-size: 10pt;\">Bischofszell<\/span><br \/>\n<span style=\"font-size: 10pt;\">21.2.12<\/span><br \/>\n<span style=\"font-size: 10pt;\">221.01<\/span><\/td>\n<td style=\"vertical-align: top;\"><span style=\"font-size: 10pt;\">Mus\u00e9e<\/span><\/td>\n<td style=\"vertical-align: top;\"><span style=\"font-size: 10pt;\">Analyse de peintures<\/span><\/td>\n<\/tr>\n<tr>\n<td style=\"vertical-align: top;\"><a href=\"https:\/\/csc-sarl.ch\/wp-content\/uploads\/2018\/06\/a_0229_01.pdf\" target=\"_self\" rel=\"noopener\"><img decoding=\"async\" class=\"rex_image\" src=\"https:\/\/csc-sarl.ch\/wp-content\/uploads\/2018\/06\/tg_022901_large60px.jpg\" alt=\"[Keine Beschreibung eingegeben]\" ismap=\"ismap\" \/><\/a><\/td>\n<td style=\"vertical-align: top;\"><span style=\"font-size: 10pt;\">Bischofszell<\/span><br \/>\n<span style=\"font-size: 10pt;\">26.3.12<\/span><br \/>\n<span style=\"font-size: 10pt;\">229.01<\/span><\/td>\n<td style=\"vertical-align: top;\"><span style=\"font-size: 10pt;\">Maison Pelikan<\/span><\/td>\n<td style=\"vertical-align: top;\"><span style=\"font-size: 10pt;\">Analyse de peintures<\/span><\/td>\n<\/tr>\n<tr>\n<td style=\"vertical-align: top;\"><a href=\"https:\/\/csc-sarl.ch\/wp-content\/uploads\/2018\/06\/a_0367_01.pdf\" target=\"_self\" rel=\"noopener\"><img decoding=\"async\" class=\"rex_image\" src=\"https:\/\/csc-sarl.ch\/wp-content\/uploads\/2018\/06\/tg_036701.jpg\" alt=\"[Keine Beschreibung eingegeben]\" ismap=\"ismap\" \/><\/a><\/td>\n<td style=\"vertical-align: top;\"><span style=\"font-size: 10pt;\">Bischofszell<\/span><br \/>\n<span style=\"font-size: 10pt;\">13.1.15<\/span><br \/>\n<span style=\"font-size: 10pt;\">367.01<\/span><\/td>\n<td style=\"vertical-align: top;\"><span style=\"font-size: 10pt;\">Chorherrenhof<\/span><\/td>\n<td style=\"vertical-align: top;\"><span style=\"font-size: 10pt;\">Analyse de peintures<\/span><\/td>\n<\/tr>\n<tr>\n<td style=\"vertical-align: top;\"><a href=\"https:\/\/csc-sarl.ch\/wp-content\/uploads\/2018\/06\/a_0041_01.pdf\" target=\"_self\" rel=\"noopener\"><img decoding=\"async\" class=\"rex_image\" src=\"https:\/\/csc-sarl.ch\/wp-content\/uploads\/2018\/06\/tg_004101_large60px.jpg\" alt=\"[Keine Beschreibung eingegeben]\" ismap=\"ismap\" \/><\/a><\/td>\n<td style=\"vertical-align: top;\"><span style=\"font-size: 10pt;\">Diessenhofen<\/span><br \/>\n<span style=\"font-size: 10pt;\">3.3.08<\/span><br \/>\n<span style=\"font-size: 10pt;\">41.01<\/span><\/td>\n<td style=\"vertical-align: top;\"><span style=\"font-size: 10pt;\">Flumscheune<\/span><\/td>\n<td style=\"vertical-align: top;\"><span style=\"font-size: 10pt;\">Analyse d&rsquo;un cr\u00e9pi<\/span><\/td>\n<\/tr>\n<tr>\n<td style=\"vertical-align: top;\"><a href=\"https:\/\/csc-sarl.ch\/wp-content\/uploads\/2018\/06\/a_0261_01.pdf\" target=\"_self\" rel=\"noopener\"><img decoding=\"async\" class=\"rex_image\" src=\"https:\/\/csc-sarl.ch\/wp-content\/uploads\/2018\/06\/tg_026101_large60px.jpg\" alt=\"[Keine Beschreibung eingegeben]\" ismap=\"ismap\" \/><\/a><\/td>\n<td style=\"vertical-align: top;\"><span style=\"font-size: 10pt;\">Eschenz<\/span><br \/>\n<span style=\"font-size: 10pt;\">19.12.12<\/span><br \/>\n<span style=\"font-size: 10pt;\">261.01<\/span><\/td>\n<td style=\"vertical-align: top;\"><span style=\"font-size: 10pt;\">Chapelle Insel Werd<\/span><\/td>\n<td style=\"vertical-align: top;\"><span style=\"font-size: 10pt;\">Analyse de peintures<\/span><\/td>\n<\/tr>\n<tr>\n<td style=\"vertical-align: top;\"><a href=\"https:\/\/csc-sarl.ch\/wp-content\/uploads\/2018\/06\/a_0288_01.pdf\" target=\"_self\" rel=\"noopener\"><img decoding=\"async\" class=\"rex_image\" src=\"https:\/\/csc-sarl.ch\/wp-content\/uploads\/2018\/06\/tg_028801_large60px.jpg\" alt=\"[Keine Beschreibung eingegeben]\" ismap=\"ismap\" \/><\/a><\/td>\n<td style=\"vertical-align: top;\"><span style=\"font-size: 10pt;\">Felben-Wellhausen<\/span><br \/>\n<span style=\"font-size: 10pt;\">30.4.13\/ 288.01<\/span><\/td>\n<td style=\"vertical-align: top;\"><span style=\"font-size: 10pt;\">Ch\u00e2teau Wellenberg<\/span><\/td>\n<td style=\"vertical-align: top;\"><span style=\"font-size: 10pt;\">Analyse de peintures<\/span><\/td>\n<\/tr>\n<tr>\n<td style=\"vertical-align: top;\"><a href=\"https:\/\/csc-sarl.ch\/wp-content\/uploads\/2018\/06\/a_0025_01.pdf\" target=\"_self\" rel=\"noopener\"><img decoding=\"async\" class=\"rex_image\" src=\"https:\/\/csc-sarl.ch\/wp-content\/uploads\/2018\/06\/tg_002501_large60px.jpg\" alt=\"[Keine Beschreibung eingegeben]\" ismap=\"ismap\" \/><\/a><\/td>\n<td style=\"vertical-align: top;\"><span style=\"font-size: 10pt;\">Fischingen<\/span><br \/>\n<span style=\"font-size: 10pt;\">18.7.07<\/span><br \/>\n<span style=\"font-size: 10pt;\">25.01<\/span><\/td>\n<td style=\"vertical-align: top;\"><span style=\"font-size: 10pt;\">Clo\u00eetre<\/span><\/td>\n<td style=\"vertical-align: top;\"><span style=\"font-size: 10pt;\">Conseils pour le choix d&rsquo;une peinture pour la r\u00e9fection de la fa\u00e7ade de l&rsquo;aile sud<\/span><\/td>\n<\/tr>\n<tr>\n<td style=\"vertical-align: top;\"><a href=\"https:\/\/conservation-science.ch\/a_0282_03\/\"><img loading=\"lazy\" decoding=\"async\" class=\"rex_image alignnone\" src=\"https:\/\/csc-sarl.ch\/wp-content\/uploads\/2018\/06\/tg_028203.jpg\" alt=\"[Keine Beschreibung eingegeben]\" ismap=\"ismap\" width=\"60\" height=\"34\" \/><\/a><\/td>\n<td style=\"vertical-align: top;\"><span style=\"font-size: 10pt;\">Frauenfeld<\/span><br \/>\n<span style=\"font-size: 10pt;\">19.5.15<\/span><br \/>\n<span style=\"font-size: 10pt;\">282.03<\/span><\/td>\n<td style=\"vertical-align: top;\"><span style=\"font-size: 10pt;\">Eglise cath. St Nicolas<\/span><\/td>\n<td style=\"vertical-align: top;\"><span style=\"font-size: 10pt;\">Analyses et conseils pour les interventions de conservation<\/span><\/td>\n<\/tr>\n<tr>\n<td style=\"vertical-align: top;\"><a href=\"https:\/\/csc-sarl.ch\/wp-content\/uploads\/2018\/06\/a_0282_04.pdf\" target=\"_self\" rel=\"noopener\"><img decoding=\"async\" class=\"rex_image\" src=\"https:\/\/csc-sarl.ch\/wp-content\/uploads\/2018\/06\/tg_028204.jpg\" alt=\"[Keine Beschreibung eingegeben]\" ismap=\"ismap\" \/><\/a><\/td>\n<td style=\"vertical-align: top;\"><span style=\"font-size: 10pt;\">Frauenfeld<\/span><br \/>\n<span style=\"font-size: 10pt;\">28.7.15<\/span><br \/>\n<span style=\"font-size: 10pt;\">282.04<\/span><\/td>\n<td style=\"vertical-align: top;\"><span style=\"font-size: 10pt;\">Eglise cath. St Nicolas<\/span><\/td>\n<td style=\"vertical-align: top;\"><span style=\"font-size: 10pt;\">Analyse de peintures et de sels<\/span><\/td>\n<\/tr>\n<tr>\n<td style=\"vertical-align: top;\"><a href=\"https:\/\/csc-sarl.ch\/wp-content\/uploads\/2018\/06\/a_0264_01.pdf\" target=\"_self\" rel=\"noopener\"><img decoding=\"async\" class=\"rex_image\" src=\"https:\/\/csc-sarl.ch\/wp-content\/uploads\/2018\/06\/tg_026401_large60px.jpg\" alt=\"[Keine Beschreibung eingegeben]\" ismap=\"ismap\" \/><\/a><\/td>\n<td style=\"vertical-align: top;\"><span style=\"font-size: 10pt;\">Gerlikon<\/span><br \/>\n<span style=\"font-size: 10pt;\">28.3.13<\/span><br \/>\n<span style=\"font-size: 10pt;\">264.01<\/span><\/td>\n<td style=\"vertical-align: top;\"><span style=\"font-size: 10pt;\">Chapelle protestante<\/span><\/td>\n<td style=\"vertical-align: top;\"><span style=\"font-size: 10pt;\">Analyse de pigments<\/span><\/td>\n<\/tr>\n<tr>\n<td style=\"vertical-align: top;\"><a href=\"https:\/\/csc-sarl.ch\/wp-content\/uploads\/2018\/06\/a_0040_01.pdf\" target=\"_self\" rel=\"noopener\"><img decoding=\"async\" class=\"rex_image\" src=\"https:\/\/csc-sarl.ch\/wp-content\/uploads\/2018\/06\/tg_004001_large60px.jpg\" alt=\"[Keine Beschreibung eingegeben]\" ismap=\"ismap\" \/><\/a><\/td>\n<td style=\"vertical-align: top;\"><span style=\"font-size: 10pt;\">Ittingen<\/span><br \/>\n<span style=\"font-size: 10pt;\">11.4.08<\/span><br \/>\n<span style=\"font-size: 10pt;\">40.01<\/span><\/td>\n<td style=\"vertical-align: top;\"><span style=\"font-size: 10pt;\">Clo\u00eetre<\/span><\/td>\n<td style=\"vertical-align: top;\"><span style=\"font-size: 10pt;\">\u00c9tude du climat inerne<\/span><\/td>\n<\/tr>\n<tr>\n<td style=\"vertical-align: top;\"><a href=\"https:\/\/csc-sarl.ch\/wp-content\/uploads\/2018\/06\/a_0216_01.pdf\" target=\"_self\" rel=\"noopener\"><img decoding=\"async\" class=\"rex_image\" src=\"https:\/\/csc-sarl.ch\/wp-content\/uploads\/2018\/06\/tg_021601.jpg\" alt=\"[Keine Beschreibung eingegeben]\" ismap=\"ismap\" \/><\/a><\/td>\n<td style=\"vertical-align: top;\"><span style=\"font-size: 10pt;\">Kreuzlingen<\/span><br \/>\n<span style=\"font-size: 10pt;\">16.12.11<\/span><br \/>\n<span style=\"font-size: 10pt;\">216.01<\/span><\/td>\n<td style=\"vertical-align: top;\"><span style=\"font-size: 10pt;\">B\u00e2timent de police, mosa\u00efque de E.J. Mehr<\/span><\/td>\n<td style=\"vertical-align: top;\"><span style=\"font-size: 10pt;\">Investigation sur la technique<\/span><\/td>\n<\/tr>\n<tr>\n<td style=\"vertical-align: top;\"><a href=\"https:\/\/csc-sarl.ch\/wp-content\/uploads\/2018\/06\/a_0331_01.pdf\" target=\"_self\" rel=\"noopener\"><img decoding=\"async\" class=\"rex_image\" src=\"https:\/\/csc-sarl.ch\/wp-content\/uploads\/2018\/06\/tg_033101.jpg\" alt=\"[Keine Beschreibung eingegeben]\" ismap=\"ismap\" \/><\/a><\/td>\n<td style=\"vertical-align: top;\"><span style=\"font-size: 10pt;\">M\u00fcnchwilen<\/span><br \/>\n<span style=\"font-size: 10pt;\">17.3.14<\/span><br \/>\n<span style=\"font-size: 10pt;\">331.01<\/span><\/td>\n<td style=\"vertical-align: top;\"><span style=\"font-size: 10pt;\">Tribunal<\/span><\/td>\n<td style=\"vertical-align: top;\"><span style=\"font-size: 10pt;\">Analyse de mat\u00e9riaux<\/span><\/td>\n<\/tr>\n<tr>\n<td style=\"vertical-align: top;\"><a href=\"https:\/\/csc-sarl.ch\/wp-content\/uploads\/2018\/06\/a_0331_02.pdf\" target=\"_self\" rel=\"noopener\"><img decoding=\"async\" class=\"rex_image\" src=\"https:\/\/csc-sarl.ch\/wp-content\/uploads\/2018\/06\/tg_033102.jpg\" alt=\"[Keine Beschreibung eingegeben]\" ismap=\"ismap\" \/><\/a><\/td>\n<td style=\"vertical-align: top;\"><span style=\"font-size: 10pt;\">M\u00fcnchwilen<\/span><br \/>\n<span style=\"font-size: 10pt;\">23.7.14<\/span><br \/>\n<span style=\"font-size: 10pt;\">331.02<\/span><\/td>\n<td style=\"vertical-align: top;\"><span style=\"font-size: 10pt;\">Tribunal<\/span><\/td>\n<td style=\"vertical-align: top;\"><span style=\"font-size: 10pt;\">Analyse de mat\u00e9riaux<\/span><\/td>\n<\/tr>\n<tr>\n<td style=\"vertical-align: top;\"><a href=\"https:\/\/csc-sarl.ch\/wp-content\/uploads\/2018\/06\/a_0024_01.pdf\" target=\"_self\" rel=\"noopener\"><img decoding=\"async\" class=\"rex_image\" src=\"https:\/\/csc-sarl.ch\/wp-content\/uploads\/2018\/06\/tg_002401_large60px.jpg\" alt=\"[Keine Beschreibung eingegeben]\" ismap=\"ismap\" \/><\/a><\/td>\n<td style=\"vertical-align: top;\"><span style=\"font-size: 10pt;\">Salenstein<\/span><br \/>\n<span style=\"font-size: 10pt;\">2.10.07<\/span><br \/>\n<span style=\"font-size: 10pt;\">24.01<\/span><\/td>\n<td style=\"vertical-align: top;\"><span style=\"font-size: 10pt;\">Ermitage du ch\u00e2teau Arenenberg<\/span><\/td>\n<td style=\"vertical-align: top;\"><span style=\"font-size: 10pt;\">Analyse des mortiers<\/span><\/td>\n<\/tr>\n<tr>\n<td style=\"vertical-align: top;\"><a href=\"https:\/\/csc-sarl.ch\/wp-content\/uploads\/2018\/06\/a_0401_01.pdf\" target=\"_self\" rel=\"noopener\"><img decoding=\"async\" class=\"rex_image\" src=\"https:\/\/csc-sarl.ch\/wp-content\/uploads\/2018\/06\/tg_040101.jpg\" alt=\"[Keine Beschreibung eingegeben]\" ismap=\"ismap\" \/><\/a><\/td>\n<td style=\"vertical-align: top;\"><span style=\"font-size: 10pt;\">Sirnach<\/span><br \/>\n<span style=\"font-size: 10pt;\">31.7.15<\/span><br \/>\n<span style=\"font-size: 10pt;\">401.01<\/span><\/td>\n<td style=\"vertical-align: top;\"><span style=\"font-size: 10pt;\">Ancienne cure<\/span><\/td>\n<td style=\"vertical-align: top;\"><span style=\"font-size: 10pt;\">Analyse de mat\u00e9riaux<\/span><\/td>\n<\/tr>\n<tr>\n<td style=\"vertical-align: top;\"><a href=\"https:\/\/csc-sarl.ch\/wp-content\/uploads\/2018\/06\/a_0246_01.pdf\" target=\"_self\" rel=\"noopener\"><img decoding=\"async\" class=\"rex_image\" src=\"https:\/\/csc-sarl.ch\/wp-content\/uploads\/2018\/06\/tg_024601_large60px.jpg\" alt=\"[Keine Beschreibung eingegeben]\" ismap=\"ismap\" \/><\/a><\/td>\n<td style=\"vertical-align: top;\"><span style=\"font-size: 10pt;\">Steckborn<\/span><br \/>\n<span style=\"font-size: 10pt;\">13.9.12<\/span><br \/>\n<span style=\"font-size: 10pt;\">246.01<\/span><\/td>\n<td style=\"vertical-align: top;\"><span style=\"font-size: 10pt;\">R\u00e9sidence Oberh\u00e4nsli<\/span><\/td>\n<td style=\"vertical-align: top;\"><span style=\"font-size: 10pt;\">Analyse de peintures<\/span><\/td>\n<\/tr>\n<tr>\n<td style=\"vertical-align: top;\"><a href=\"https:\/\/csc-sarl.ch\/wp-content\/uploads\/2018\/06\/a_0306_01.pdf\" target=\"_self\" rel=\"noopener\"><img decoding=\"async\" class=\"rex_image\" src=\"https:\/\/csc-sarl.ch\/wp-content\/uploads\/2018\/06\/tg_030601_large60px.jpg\" alt=\"[Keine Beschreibung eingegeben]\" ismap=\"ismap\" \/><\/a><\/td>\n<td style=\"vertical-align: top;\"><span style=\"font-size: 10pt;\">T\u00e4gerwilen<\/span><br \/>\n<span style=\"font-size: 10pt;\">24.10.13<\/span><br \/>\n<span style=\"font-size: 10pt;\">306.01<\/span><\/td>\n<td style=\"vertical-align: top;\"><span style=\"font-size: 10pt;\">Ch\u00e2teau Castell, carrosse<\/span><\/td>\n<td style=\"vertical-align: top;\"><span style=\"font-size: 10pt;\">Analyse de peintures<\/span><\/td>\n<\/tr>\n<\/tbody>\n<\/table>\n","protected":false},"excerpt":{"rendered":"<p>Projets r\u00e9alis\u00e9s dans le canton de Thurgovie (cliquez sur l&rsquo;image pour ouvrir le r\u00e9sum\u00e9) : &nbsp; R\u00e9sum\u00e9 Lieu\/date Objet Th\u00e8me Amlikon 16.1.15 374.01 Leutmerken, \u00e9glise St. Peter und Paul Analyse d&rsquo;une efflorescence de sels Bischofszell 21.7.08 56.01 Eglise cath. St. Pelagius Peinture murales : \u00e9tude du noircissement des restaurations de 1968-71 Bischofszell 21.2.12 221.01 Mus\u00e9e &hellip; <a href=\"https:\/\/conservation-science.ch\/?page_id=37062\" class=\"more-link\">Continuer la lecture de <span class=\"screen-reader-text\">TG (Thurgovie)<\/span><\/a><\/p>\n","protected":false},"author":1,"featured_media":0,"parent":30086,"menu_order":23,"comment_status":"closed","ping_status":"closed","template":"","meta":{"footnotes":""},"class_list":["post-37062","page","type-page","status-publish","hentry"],"yoast_head":"<!-- This site is optimized with the Yoast SEO plugin v27.2 - https:\/\/yoast.com\/product\/yoast-seo-wordpress\/ -->\n<title>TG (Thurgovie) - Bl\u00e4uer - Conservation - Science<\/title>\n<meta name=\"robots\" content=\"index, follow, max-snippet:-1, max-image-preview:large, max-video-preview:-1\" \/>\n<link rel=\"canonical\" href=\"https:\/\/conservation-science.ch\/?page_id=37062\" \/>\n<meta property=\"og:locale\" content=\"fr_FR\" \/>\n<meta property=\"og:type\" content=\"article\" \/>\n<meta property=\"og:title\" content=\"TG (Thurgovie) - Bl\u00e4uer - Conservation - Science\" \/>\n<meta property=\"og:description\" content=\"Projets r\u00e9alis\u00e9s dans le canton de Thurgovie (cliquez sur l&rsquo;image pour ouvrir le r\u00e9sum\u00e9) : &nbsp; R\u00e9sum\u00e9 Lieu\/date Objet Th\u00e8me Amlikon 16.1.15 374.01 Leutmerken, \u00e9glise St. Peter und Paul Analyse d&rsquo;une efflorescence de sels Bischofszell 21.7.08 56.01 Eglise cath. St. Pelagius Peinture murales : \u00e9tude du noircissement des restaurations de 1968-71 Bischofszell 21.2.12 221.01 Mus\u00e9e &hellip; Continuer la lecture de TG (Thurgovie)\" \/>\n<meta property=\"og:url\" content=\"https:\/\/conservation-science.ch\/?page_id=37062\" \/>\n<meta property=\"og:site_name\" content=\"Bl\u00e4uer - Conservation - Science\" \/>\n<meta property=\"article:modified_time\" content=\"2024-11-16T15:29:33+00:00\" \/>\n<meta property=\"og:image\" content=\"https:\/\/csc-sarl.ch\/wp-content\/uploads\/2018\/06\/tg_037401.jpg\" \/>\n<meta name=\"twitter:card\" content=\"summary_large_image\" \/>\n<meta name=\"twitter:label1\" content=\"Dur\u00e9e de lecture estim\u00e9e\" \/>\n\t<meta name=\"twitter:data1\" content=\"1 minute\" \/>\n<script type=\"application\/ld+json\" class=\"yoast-schema-graph\">{\"@context\":\"https:\/\/schema.org\",\"@graph\":[{\"@type\":\"WebPage\",\"@id\":\"https:\/\/conservation-science.ch\/?page_id=37062\",\"url\":\"https:\/\/conservation-science.ch\/?page_id=37062\",\"name\":\"TG (Thurgovie) - Bl\u00e4uer - Conservation - Science\",\"isPartOf\":{\"@id\":\"https:\/\/conservation-science.ch\/#website\"},\"primaryImageOfPage\":{\"@id\":\"https:\/\/conservation-science.ch\/?page_id=37062#primaryimage\"},\"image\":{\"@id\":\"https:\/\/conservation-science.ch\/?page_id=37062#primaryimage\"},\"thumbnailUrl\":\"https:\/\/csc-sarl.ch\/wp-content\/uploads\/2018\/06\/tg_037401.jpg\",\"datePublished\":\"2018-06-27T22:15:47+00:00\",\"dateModified\":\"2024-11-16T15:29:33+00:00\",\"breadcrumb\":{\"@id\":\"https:\/\/conservation-science.ch\/?page_id=37062#breadcrumb\"},\"inLanguage\":\"fr-FR\",\"potentialAction\":[{\"@type\":\"ReadAction\",\"target\":[\"https:\/\/conservation-science.ch\/?page_id=37062\"]}]},{\"@type\":\"ImageObject\",\"inLanguage\":\"fr-FR\",\"@id\":\"https:\/\/conservation-science.ch\/?page_id=37062#primaryimage\",\"url\":\"https:\/\/csc-sarl.ch\/wp-content\/uploads\/2018\/06\/tg_037401.jpg\",\"contentUrl\":\"https:\/\/csc-sarl.ch\/wp-content\/uploads\/2018\/06\/tg_037401.jpg\"},{\"@type\":\"BreadcrumbList\",\"@id\":\"https:\/\/conservation-science.ch\/?page_id=37062#breadcrumb\",\"itemListElement\":[{\"@type\":\"ListItem\",\"position\":1,\"name\":\"Accueil\",\"item\":\"https:\/\/conservation-science.ch\/\"},{\"@type\":\"ListItem\",\"position\":2,\"name\":\"Accueil\",\"item\":\"https:\/\/conservation-science.ch\/\"},{\"@type\":\"ListItem\",\"position\":3,\"name\":\"Etudes \/ Expertises\",\"item\":\"https:\/\/conservation-science.ch\/?page_id=28915\"},{\"@type\":\"ListItem\",\"position\":4,\"name\":\"Suisse\",\"item\":\"https:\/\/conservation-science.ch\/?page_id=30086\"},{\"@type\":\"ListItem\",\"position\":5,\"name\":\"TG (Thurgovie)\"}]},{\"@type\":\"WebSite\",\"@id\":\"https:\/\/conservation-science.ch\/#website\",\"url\":\"https:\/\/conservation-science.ch\/\",\"name\":\"CSC - Conservation - Sciences\",\"description\":\"Transmission de connaissances dans le domaine des sciences de la conservation du patrimoine b\u00e2ti\",\"potentialAction\":[{\"@type\":\"SearchAction\",\"target\":{\"@type\":\"EntryPoint\",\"urlTemplate\":\"https:\/\/conservation-science.ch\/?s={search_term_string}\"},\"query-input\":{\"@type\":\"PropertyValueSpecification\",\"valueRequired\":true,\"valueName\":\"search_term_string\"}}],\"inLanguage\":\"fr-FR\"}]}<\/script>\n<!-- \/ Yoast SEO plugin. -->","yoast_head_json":{"title":"TG (Thurgovie) - Bl\u00e4uer - Conservation - Science","robots":{"index":"index","follow":"follow","max-snippet":"max-snippet:-1","max-image-preview":"max-image-preview:large","max-video-preview":"max-video-preview:-1"},"canonical":"https:\/\/conservation-science.ch\/?page_id=37062","og_locale":"fr_FR","og_type":"article","og_title":"TG (Thurgovie) - Bl\u00e4uer - Conservation - Science","og_description":"Projets r\u00e9alis\u00e9s dans le canton de Thurgovie (cliquez sur l&rsquo;image pour ouvrir le r\u00e9sum\u00e9) : &nbsp; R\u00e9sum\u00e9 Lieu\/date Objet Th\u00e8me Amlikon 16.1.15 374.01 Leutmerken, \u00e9glise St. Peter und Paul Analyse d&rsquo;une efflorescence de sels Bischofszell 21.7.08 56.01 Eglise cath. St. Pelagius Peinture murales : \u00e9tude du noircissement des restaurations de 1968-71 Bischofszell 21.2.12 221.01 Mus\u00e9e &hellip; Continuer la lecture de TG (Thurgovie)","og_url":"https:\/\/conservation-science.ch\/?page_id=37062","og_site_name":"Bl\u00e4uer - Conservation - Science","article_modified_time":"2024-11-16T15:29:33+00:00","og_image":[{"url":"https:\/\/csc-sarl.ch\/wp-content\/uploads\/2018\/06\/tg_037401.jpg","type":"","width":"","height":""}],"twitter_card":"summary_large_image","twitter_misc":{"Dur\u00e9e de lecture estim\u00e9e":"1 minute"},"schema":{"@context":"https:\/\/schema.org","@graph":[{"@type":"WebPage","@id":"https:\/\/conservation-science.ch\/?page_id=37062","url":"https:\/\/conservation-science.ch\/?page_id=37062","name":"TG (Thurgovie) - Bl\u00e4uer - Conservation - Science","isPartOf":{"@id":"https:\/\/conservation-science.ch\/#website"},"primaryImageOfPage":{"@id":"https:\/\/conservation-science.ch\/?page_id=37062#primaryimage"},"image":{"@id":"https:\/\/conservation-science.ch\/?page_id=37062#primaryimage"},"thumbnailUrl":"https:\/\/csc-sarl.ch\/wp-content\/uploads\/2018\/06\/tg_037401.jpg","datePublished":"2018-06-27T22:15:47+00:00","dateModified":"2024-11-16T15:29:33+00:00","breadcrumb":{"@id":"https:\/\/conservation-science.ch\/?page_id=37062#breadcrumb"},"inLanguage":"fr-FR","potentialAction":[{"@type":"ReadAction","target":["https:\/\/conservation-science.ch\/?page_id=37062"]}]},{"@type":"ImageObject","inLanguage":"fr-FR","@id":"https:\/\/conservation-science.ch\/?page_id=37062#primaryimage","url":"https:\/\/csc-sarl.ch\/wp-content\/uploads\/2018\/06\/tg_037401.jpg","contentUrl":"https:\/\/csc-sarl.ch\/wp-content\/uploads\/2018\/06\/tg_037401.jpg"},{"@type":"BreadcrumbList","@id":"https:\/\/conservation-science.ch\/?page_id=37062#breadcrumb","itemListElement":[{"@type":"ListItem","position":1,"name":"Accueil","item":"https:\/\/conservation-science.ch\/"},{"@type":"ListItem","position":2,"name":"Accueil","item":"https:\/\/conservation-science.ch\/"},{"@type":"ListItem","position":3,"name":"Etudes \/ Expertises","item":"https:\/\/conservation-science.ch\/?page_id=28915"},{"@type":"ListItem","position":4,"name":"Suisse","item":"https:\/\/conservation-science.ch\/?page_id=30086"},{"@type":"ListItem","position":5,"name":"TG (Thurgovie)"}]},{"@type":"WebSite","@id":"https:\/\/conservation-science.ch\/#website","url":"https:\/\/conservation-science.ch\/","name":"CSC - Conservation - Sciences","description":"Transmission de connaissances dans le domaine des sciences de la conservation du patrimoine b\u00e2ti","potentialAction":[{"@type":"SearchAction","target":{"@type":"EntryPoint","urlTemplate":"https:\/\/conservation-science.ch\/?s={search_term_string}"},"query-input":{"@type":"PropertyValueSpecification","valueRequired":true,"valueName":"search_term_string"}}],"inLanguage":"fr-FR"}]}},"_links":{"self":[{"href":"https:\/\/conservation-science.ch\/index.php?rest_route=\/wp\/v2\/pages\/37062","targetHints":{"allow":["GET"]}}],"collection":[{"href":"https:\/\/conservation-science.ch\/index.php?rest_route=\/wp\/v2\/pages"}],"about":[{"href":"https:\/\/conservation-science.ch\/index.php?rest_route=\/wp\/v2\/types\/page"}],"author":[{"embeddable":true,"href":"https:\/\/conservation-science.ch\/index.php?rest_route=\/wp\/v2\/users\/1"}],"replies":[{"embeddable":true,"href":"https:\/\/conservation-science.ch\/index.php?rest_route=%2Fwp%2Fv2%2Fcomments&post=37062"}],"version-history":[{"count":6,"href":"https:\/\/conservation-science.ch\/index.php?rest_route=\/wp\/v2\/pages\/37062\/revisions"}],"predecessor-version":[{"id":40159,"href":"https:\/\/conservation-science.ch\/index.php?rest_route=\/wp\/v2\/pages\/37062\/revisions\/40159"}],"up":[{"embeddable":true,"href":"https:\/\/conservation-science.ch\/index.php?rest_route=\/wp\/v2\/pages\/30086"}],"wp:attachment":[{"href":"https:\/\/conservation-science.ch\/index.php?rest_route=%2Fwp%2Fv2%2Fmedia&parent=37062"}],"curies":[{"name":"wp","href":"https:\/\/api.w.org\/{rel}","templated":true}]}}