{"id":37054,"date":"2018-06-28T00:11:44","date_gmt":"2018-06-27T22:11:44","guid":{"rendered":"https:\/\/csc-sarl.ch\/?page_id=37054"},"modified":"2024-11-16T16:29:12","modified_gmt":"2024-11-16T15:29:12","slug":"schaffhouse","status":"publish","type":"page","link":"https:\/\/conservation-science.ch\/?page_id=37054","title":{"rendered":"SH (Schaffhouse)"},"content":{"rendered":"<p><strong>Projets r\u00e9alis\u00e9s dans le canton de Schaffhouse (cliquez sur l&rsquo;image pour ouvrir le r\u00e9sum\u00e9) :<\/strong><\/p>\n<p>&nbsp;<\/p>\n<table border=\"2\" width=\"580\" cellpadding=\"2\">\n<tbody>\n<tr>\n<td style=\"vertical-align: top;\"><strong>R\u00e9sum\u00e9<\/strong><\/td>\n<td style=\"vertical-align: top;\"><strong>Lieu\/date<br \/>\n<\/strong><\/td>\n<td style=\"vertical-align: top;\"><strong>Objet<br \/>\n<\/strong><\/td>\n<td style=\"vertical-align: top;\"><strong>Th\u00e8me<br \/>\n<\/strong><\/td>\n<\/tr>\n<tr>\n<td style=\"vertical-align: top;\" valign=\"top\"><a href=\"https:\/\/csc-sarl.ch\/wp-content\/uploads\/2018\/06\/a_0240_01.pdf\" target=\"_self\" rel=\"noopener\"><img decoding=\"async\" class=\"rex_image\" src=\"https:\/\/csc-sarl.ch\/wp-content\/uploads\/2018\/06\/sh_024001_large60px.jpg\" alt=\"[Keine Beschreibung eingegeben]\" ismap=\"ismap\" \/><\/a><\/td>\n<td style=\"vertical-align: top;\" valign=\"top\"><span style=\"font-size: 10pt;\">Hallau<\/span><br \/>\n<span style=\"font-size: 10pt;\">22.6.12<\/span><br \/>\n<span style=\"font-size: 10pt;\">240.01<\/span><\/td>\n<td style=\"vertical-align: top;\" valign=\"top\"><span style=\"font-size: 10pt;\">Eglise St Moritz<\/span><\/td>\n<td style=\"vertical-align: top;\" valign=\"top\"><span style=\"font-size: 10pt;\">Analyse de mat\u00e9riaux<\/span><\/td>\n<\/tr>\n<tr>\n<td style=\"vertical-align: top;\" valign=\"top\"><a href=\"https:\/\/csc-sarl.ch\/wp-content\/uploads\/2018\/06\/a_0240_02.pdf\" target=\"_self\" rel=\"noopener\"><img decoding=\"async\" class=\"rex_image\" src=\"https:\/\/csc-sarl.ch\/wp-content\/uploads\/2018\/06\/sh_024002_large60px.jpg\" alt=\"[Keine Beschreibung eingegeben]\" ismap=\"ismap\" \/><\/a><\/td>\n<td style=\"vertical-align: top;\" valign=\"top\"><span style=\"font-size: 10pt;\">Hallau<\/span><br \/>\n<span style=\"font-size: 10pt;\">4.9.12<\/span><br \/>\n<span style=\"font-size: 10pt;\">240.02<\/span><\/td>\n<td style=\"vertical-align: top;\" valign=\"top\"><span style=\"font-size: 10pt;\">Eglise St Moritz<\/span><\/td>\n<td style=\"vertical-align: top;\" valign=\"top\"><span style=\"font-size: 10pt;\">Analyse de peinture<\/span><\/td>\n<\/tr>\n<tr>\n<td style=\"vertical-align: top;\" valign=\"top\"><a href=\"https:\/\/csc-sarl.ch\/wp-content\/uploads\/2018\/06\/a_0240_03.pdf\" target=\"_self\" rel=\"noopener\"><img decoding=\"async\" class=\"rex_image\" src=\"https:\/\/csc-sarl.ch\/wp-content\/uploads\/2018\/06\/sh_024003_large60px.jpg\" alt=\"[Keine Beschreibung eingegeben]\" ismap=\"ismap\" \/><\/a><\/td>\n<td style=\"vertical-align: top;\" valign=\"top\"><span style=\"font-size: 10pt;\">Hallau<\/span><br \/>\n<span style=\"font-size: 10pt;\">12.11.13<\/span><br \/>\n<span style=\"font-size: 10pt;\">240.03<\/span><\/td>\n<td style=\"vertical-align: top;\" valign=\"top\"><span style=\"font-size: 10pt;\">Eglise St Moritz<\/span><\/td>\n<td style=\"vertical-align: top;\" valign=\"top\"><span style=\"font-size: 10pt;\">Analyse de peinture<\/span><\/td>\n<\/tr>\n<tr>\n<td style=\"vertical-align: top;\" valign=\"top\"><a href=\"https:\/\/csc-sarl.ch\/wp-content\/uploads\/2018\/06\/a_0240_04.pdf\" target=\"_self\" rel=\"noopener\"><img decoding=\"async\" class=\"rex_image\" src=\"https:\/\/csc-sarl.ch\/wp-content\/uploads\/2018\/06\/sh_024004.jpg\" alt=\"[Keine Beschreibung eingegeben]\" ismap=\"ismap\" \/><\/a><\/td>\n<td style=\"vertical-align: top;\" valign=\"top\"><span style=\"font-size: 10pt;\">Hallau<\/span><br \/>\n<span style=\"font-size: 10pt;\">29.10.15<\/span><br \/>\n<span style=\"font-size: 10pt;\">240.04<\/span><\/td>\n<td style=\"vertical-align: top;\" valign=\"top\"><span style=\"font-size: 10pt;\">Eglise St Moritz<\/span><\/td>\n<td style=\"vertical-align: top;\" valign=\"top\"><span style=\"font-size: 10pt;\">Analyse d&rsquo;un voile blanc<\/span><\/td>\n<\/tr>\n<tr>\n<td style=\"vertical-align: top;\" valign=\"top\"><a href=\"https:\/\/csc-sarl.ch\/wp-content\/uploads\/2018\/06\/a_0412_01.pdf\" target=\"_self\" rel=\"noopener\"><img decoding=\"async\" class=\"rex_image\" src=\"https:\/\/csc-sarl.ch\/wp-content\/uploads\/2018\/06\/sh_041201.jpg\" alt=\"[Keine Beschreibung eingegeben]\" ismap=\"ismap\" \/><\/a><\/td>\n<td style=\"vertical-align: top;\" valign=\"top\"><span style=\"font-size: 10pt;\">Neuhausen<\/span><br \/>\n<span style=\"font-size: 10pt;\">21.10.15<\/span><br \/>\n<span style=\"font-size: 10pt;\">412.01<\/span><\/td>\n<td style=\"vertical-align: top;\" valign=\"top\"><span style=\"font-size: 10pt;\">Ch\u00e2teau Charlottenfels, aile droite<\/span><\/td>\n<td style=\"vertical-align: top;\" valign=\"top\"><span style=\"font-size: 10pt;\">Analyse de peinture<\/span><\/td>\n<\/tr>\n<tr>\n<td style=\"vertical-align: top;\" valign=\"top\"><a href=\"https:\/\/csc-sarl.ch\/wp-content\/uploads\/2018\/06\/a_0141_01.pdf\" target=\"_self\" rel=\"noopener\"><img decoding=\"async\" class=\"rex_image\" src=\"https:\/\/csc-sarl.ch\/wp-content\/uploads\/2018\/06\/sh_014101_large60px.jpg\" alt=\"[Keine Beschreibung eingegeben]\" ismap=\"ismap\" \/><\/a><\/td>\n<td style=\"vertical-align: top;\" valign=\"top\"><span style=\"font-size: 10pt;\">Neunkirch<\/span><br \/>\n<span style=\"font-size: 10pt;\">16.3.10<\/span><br \/>\n<span style=\"font-size: 10pt;\">141.01<\/span><\/td>\n<td style=\"vertical-align: top;\" valign=\"top\"><span style=\"font-size: 10pt;\">Bergkirche<\/span><\/td>\n<td style=\"vertical-align: top;\" valign=\"top\"><span style=\"font-size: 10pt;\">Analyse de sels<\/span><\/td>\n<\/tr>\n<tr>\n<td style=\"vertical-align: top;\" valign=\"top\"><a href=\"https:\/\/csc-sarl.ch\/wp-content\/uploads\/2018\/06\/a_0238_01.pdf\" target=\"_self\" rel=\"noopener\"><img decoding=\"async\" class=\"rex_image\" src=\"https:\/\/csc-sarl.ch\/wp-content\/uploads\/2018\/06\/sh_023801_large60px.jpg\" alt=\"[Keine Beschreibung eingegeben]\" ismap=\"ismap\" \/><\/a><\/td>\n<td style=\"vertical-align: top;\" valign=\"top\"><span style=\"font-size: 10pt;\">Osterfingen<\/span><br \/>\n<span style=\"font-size: 10pt;\">19.6.12<\/span><br \/>\n<span style=\"font-size: 10pt;\">238.01<\/span><\/td>\n<td style=\"vertical-align: top;\" valign=\"top\"><span style=\"font-size: 10pt;\">Trotte<\/span><\/td>\n<td style=\"vertical-align: top;\" valign=\"top\"><span style=\"font-size: 10pt;\">Analyse de mortier<\/span><\/td>\n<\/tr>\n<tr>\n<td style=\"vertical-align: top;\" valign=\"top\"><a href=\"https:\/\/csc-sarl.ch\/wp-content\/uploads\/2018\/06\/a_0085_01.pdf\" target=\"_self\" rel=\"noopener\"><img decoding=\"async\" class=\"rex_image\" src=\"https:\/\/csc-sarl.ch\/wp-content\/uploads\/2018\/06\/sh_008501_large60px.jpg\" alt=\"[Keine Beschreibung eingegeben]\" ismap=\"ismap\" \/><\/a><\/td>\n<td style=\"vertical-align: top;\" valign=\"top\"><span style=\"font-size: 10pt;\">Schaffhouse<\/span><br \/>\n<span style=\"font-size: 10pt;\">8.2.10<\/span><br \/>\n<span style=\"font-size: 10pt;\">85.01<\/span><\/td>\n<td style=\"vertical-align: top;\" valign=\"top\"><span style=\"font-size: 10pt;\">Clo\u00eetre Allerheiligen, chapelle St Jean<\/span><\/td>\n<td style=\"vertical-align: top;\" valign=\"top\"><span style=\"font-size: 10pt;\">Analyse de mat\u00e9riaux<\/span><\/td>\n<\/tr>\n<tr>\n<td style=\"vertical-align: top;\" valign=\"top\"><a href=\"https:\/\/csc-sarl.ch\/wp-content\/uploads\/2018\/06\/a_0245_01.pdf\" target=\"_self\" rel=\"noopener\"><img decoding=\"async\" class=\"rex_image\" src=\"https:\/\/csc-sarl.ch\/wp-content\/uploads\/2018\/06\/sh_024501_large60px.jpg\" alt=\"[Keine Beschreibung eingegeben]\" ismap=\"ismap\" \/><\/a><\/td>\n<td style=\"vertical-align: top;\" valign=\"top\"><span style=\"font-size: 10pt;\">Schaffhouse<\/span><br \/>\n<span style=\"font-size: 10pt;\">31.8.12<\/span><br \/>\n<span style=\"font-size: 10pt;\">245.01<\/span><\/td>\n<td style=\"vertical-align: top;\" valign=\"top\"><span style=\"font-size: 10pt;\">Zum Luginsland<\/span><\/td>\n<td style=\"vertical-align: top;\" valign=\"top\"><span style=\"font-size: 10pt;\">Analyse de pigments<\/span><\/td>\n<\/tr>\n<tr>\n<td style=\"vertical-align: top;\" valign=\"top\"><a href=\"https:\/\/csc-sarl.ch\/wp-content\/uploads\/2018\/06\/a_0253_01.pdf\" target=\"_self\" rel=\"noopener\"><img decoding=\"async\" class=\"rex_image\" src=\"https:\/\/csc-sarl.ch\/wp-content\/uploads\/2018\/06\/sh_025301_large60px.jpg\" alt=\"[Keine Beschreibung eingegeben]\" ismap=\"ismap\" \/><\/a><\/td>\n<td style=\"vertical-align: top;\" valign=\"top\"><span style=\"font-size: 10pt;\">Schaffhouse<\/span><br \/>\n<span style=\"font-size: 10pt;\">2.10.12<\/span><br \/>\n<span style=\"font-size: 10pt;\">253.01<\/span><\/td>\n<td style=\"vertical-align: top;\" valign=\"top\"><span style=\"font-size: 10pt;\">Munot<\/span><\/td>\n<td style=\"vertical-align: top;\" valign=\"top\"><span style=\"font-size: 10pt;\">Analyse de sels quantitative<\/span><\/td>\n<\/tr>\n<tr>\n<td style=\"vertical-align: top;\" valign=\"top\"><a href=\"https:\/\/csc-sarl.ch\/wp-content\/uploads\/2018\/06\/a_0307_01.pdf\" target=\"_self\" rel=\"noopener\"><img decoding=\"async\" class=\"rex_image\" src=\"https:\/\/csc-sarl.ch\/wp-content\/uploads\/2018\/06\/sh_030701_large60px.jpg\" alt=\"[Keine Beschreibung eingegeben]\" ismap=\"ismap\" \/><\/a><\/td>\n<td style=\"vertical-align: top;\" valign=\"top\"><span style=\"font-size: 10pt;\">Schaffhouse<\/span><br \/>\n<span style=\"font-size: 10pt;\">6.11.13<\/span><br \/>\n<span style=\"font-size: 10pt;\">307.01<\/span><\/td>\n<td style=\"vertical-align: top;\" valign=\"top\"><span style=\"font-size: 10pt;\">Liegenschaft zur oberen Tanne<\/span><\/td>\n<td style=\"vertical-align: top;\" valign=\"top\"><span style=\"font-size: 10pt;\">Analyse de peinture<\/span><\/td>\n<\/tr>\n<tr>\n<td style=\"vertical-align: top;\" valign=\"top\"><a href=\"https:\/\/csc-sarl.ch\/wp-content\/uploads\/2018\/06\/a_0147_02.pdf\" target=\"_self\" rel=\"noopener\"><img decoding=\"async\" class=\"rex_image\" src=\"https:\/\/csc-sarl.ch\/wp-content\/uploads\/2018\/06\/sh_014702_large60px.jpg\" alt=\"[Keine Beschreibung eingegeben]\" ismap=\"ismap\" \/><\/a><\/td>\n<td style=\"vertical-align: top;\" valign=\"top\"><span style=\"font-size: 10pt;\">Stein am Rhein<\/span><br \/>\n<span style=\"font-size: 10pt;\">19.5.10\/ 147.02<\/span><\/td>\n<td style=\"vertical-align: top;\" valign=\"top\"><span style=\"font-size: 10pt;\">Hotel Adler<\/span><\/td>\n<td style=\"vertical-align: top;\" valign=\"top\"><span style=\"font-size: 10pt;\">Analyses de sels<\/span><\/td>\n<\/tr>\n<tr>\n<td style=\"vertical-align: top;\" valign=\"top\"><a href=\"https:\/\/csc-sarl.ch\/wp-content\/uploads\/2018\/06\/a_0147_03.pdf\" target=\"_self\" rel=\"noopener\"><img decoding=\"async\" class=\"rex_image\" src=\"https:\/\/csc-sarl.ch\/wp-content\/uploads\/2018\/06\/sh_014703_large60px.jpg\" alt=\"[Keine Beschreibung eingegeben]\" ismap=\"ismap\" \/><\/a><\/td>\n<td style=\"vertical-align: top;\" valign=\"top\"><span style=\"font-size: 10pt;\">Stein am Rhein<\/span><br \/>\n<span style=\"font-size: 10pt;\">19.5.10\/ 147.03<\/span><\/td>\n<td style=\"vertical-align: top;\" valign=\"top\"><span style=\"font-size: 10pt;\">Obertor<\/span><\/td>\n<td style=\"vertical-align: top;\" valign=\"top\"><span style=\"font-size: 10pt;\">Analyses de sels<\/span><\/td>\n<\/tr>\n<tr>\n<td style=\"vertical-align: top;\" valign=\"top\"><a href=\"https:\/\/csc-sarl.ch\/wp-content\/uploads\/2018\/06\/a_0089_01.pdf\" target=\"_self\" rel=\"noopener\"><img decoding=\"async\" class=\"rex_image\" src=\"https:\/\/csc-sarl.ch\/wp-content\/uploads\/2018\/06\/sh_008901_large60px.jpg\" alt=\"[Keine Beschreibung eingegeben]\" ismap=\"ismap\" \/><\/a><\/td>\n<td style=\"vertical-align: top;\" valign=\"top\"><span style=\"font-size: 10pt;\">Stein am Rhein<\/span><br \/>\n<span style=\"font-size: 10pt;\">9.6.10\/ 89.01<\/span><\/td>\n<td style=\"vertical-align: top;\" valign=\"top\"><span style=\"font-size: 10pt;\">Stadtkirche, chapelle nord<\/span><\/td>\n<td style=\"vertical-align: top;\" valign=\"top\"><span style=\"font-size: 10pt;\">Conseils pour la restauration des peintures murales<\/span><\/td>\n<\/tr>\n<\/tbody>\n<\/table>\n","protected":false},"excerpt":{"rendered":"<p>Projets r\u00e9alis\u00e9s dans le canton de Schaffhouse (cliquez sur l&rsquo;image pour ouvrir le r\u00e9sum\u00e9) : &nbsp; R\u00e9sum\u00e9 Lieu\/date Objet Th\u00e8me Hallau 22.6.12 240.01 Eglise St Moritz Analyse de mat\u00e9riaux Hallau 4.9.12 240.02 Eglise St Moritz Analyse de peinture Hallau 12.11.13 240.03 Eglise St Moritz Analyse de peinture Hallau 29.10.15 240.04 Eglise St Moritz Analyse d&rsquo;un &hellip; <a href=\"https:\/\/conservation-science.ch\/?page_id=37054\" class=\"more-link\">Continuer la lecture de <span class=\"screen-reader-text\">SH (Schaffhouse)<\/span><\/a><\/p>\n","protected":false},"author":1,"featured_media":0,"parent":30086,"menu_order":16,"comment_status":"closed","ping_status":"closed","template":"","meta":{"footnotes":""},"class_list":["post-37054","page","type-page","status-publish","hentry"],"yoast_head":"<!-- This site is optimized with the Yoast SEO plugin v27.2 - https:\/\/yoast.com\/product\/yoast-seo-wordpress\/ -->\n<title>SH (Schaffhouse) - Bl\u00e4uer - Conservation - Science<\/title>\n<meta name=\"robots\" content=\"index, follow, max-snippet:-1, max-image-preview:large, max-video-preview:-1\" \/>\n<link rel=\"canonical\" href=\"https:\/\/conservation-science.ch\/?page_id=37054\" \/>\n<meta property=\"og:locale\" content=\"fr_FR\" \/>\n<meta property=\"og:type\" content=\"article\" \/>\n<meta property=\"og:title\" content=\"SH (Schaffhouse) - Bl\u00e4uer - Conservation - Science\" \/>\n<meta property=\"og:description\" content=\"Projets r\u00e9alis\u00e9s dans le canton de Schaffhouse (cliquez sur l&rsquo;image pour ouvrir le r\u00e9sum\u00e9) : &nbsp; R\u00e9sum\u00e9 Lieu\/date Objet Th\u00e8me Hallau 22.6.12 240.01 Eglise St Moritz Analyse de mat\u00e9riaux Hallau 4.9.12 240.02 Eglise St Moritz Analyse de peinture Hallau 12.11.13 240.03 Eglise St Moritz Analyse de peinture Hallau 29.10.15 240.04 Eglise St Moritz Analyse d&rsquo;un &hellip; Continuer la lecture de SH (Schaffhouse)\" \/>\n<meta property=\"og:url\" content=\"https:\/\/conservation-science.ch\/?page_id=37054\" \/>\n<meta property=\"og:site_name\" content=\"Bl\u00e4uer - Conservation - Science\" \/>\n<meta property=\"article:modified_time\" content=\"2024-11-16T15:29:12+00:00\" \/>\n<meta property=\"og:image\" content=\"https:\/\/csc-sarl.ch\/wp-content\/uploads\/2018\/06\/sh_024001_large60px.jpg\" \/>\n<meta name=\"twitter:card\" content=\"summary_large_image\" \/>\n<meta name=\"twitter:label1\" content=\"Dur\u00e9e de lecture estim\u00e9e\" \/>\n\t<meta name=\"twitter:data1\" content=\"1 minute\" \/>\n<script type=\"application\/ld+json\" class=\"yoast-schema-graph\">{\"@context\":\"https:\/\/schema.org\",\"@graph\":[{\"@type\":\"WebPage\",\"@id\":\"https:\/\/conservation-science.ch\/?page_id=37054\",\"url\":\"https:\/\/conservation-science.ch\/?page_id=37054\",\"name\":\"SH (Schaffhouse) - Bl\u00e4uer - Conservation - Science\",\"isPartOf\":{\"@id\":\"https:\/\/conservation-science.ch\/#website\"},\"primaryImageOfPage\":{\"@id\":\"https:\/\/conservation-science.ch\/?page_id=37054#primaryimage\"},\"image\":{\"@id\":\"https:\/\/conservation-science.ch\/?page_id=37054#primaryimage\"},\"thumbnailUrl\":\"https:\/\/csc-sarl.ch\/wp-content\/uploads\/2018\/06\/sh_024001_large60px.jpg\",\"datePublished\":\"2018-06-27T22:11:44+00:00\",\"dateModified\":\"2024-11-16T15:29:12+00:00\",\"breadcrumb\":{\"@id\":\"https:\/\/conservation-science.ch\/?page_id=37054#breadcrumb\"},\"inLanguage\":\"fr-FR\",\"potentialAction\":[{\"@type\":\"ReadAction\",\"target\":[\"https:\/\/conservation-science.ch\/?page_id=37054\"]}]},{\"@type\":\"ImageObject\",\"inLanguage\":\"fr-FR\",\"@id\":\"https:\/\/conservation-science.ch\/?page_id=37054#primaryimage\",\"url\":\"https:\/\/csc-sarl.ch\/wp-content\/uploads\/2018\/06\/sh_024001_large60px.jpg\",\"contentUrl\":\"https:\/\/csc-sarl.ch\/wp-content\/uploads\/2018\/06\/sh_024001_large60px.jpg\"},{\"@type\":\"BreadcrumbList\",\"@id\":\"https:\/\/conservation-science.ch\/?page_id=37054#breadcrumb\",\"itemListElement\":[{\"@type\":\"ListItem\",\"position\":1,\"name\":\"Accueil\",\"item\":\"https:\/\/conservation-science.ch\/\"},{\"@type\":\"ListItem\",\"position\":2,\"name\":\"Accueil\",\"item\":\"https:\/\/conservation-science.ch\/\"},{\"@type\":\"ListItem\",\"position\":3,\"name\":\"Etudes \/ Expertises\",\"item\":\"https:\/\/conservation-science.ch\/?page_id=28915\"},{\"@type\":\"ListItem\",\"position\":4,\"name\":\"Suisse\",\"item\":\"https:\/\/conservation-science.ch\/?page_id=30086\"},{\"@type\":\"ListItem\",\"position\":5,\"name\":\"SH (Schaffhouse)\"}]},{\"@type\":\"WebSite\",\"@id\":\"https:\/\/conservation-science.ch\/#website\",\"url\":\"https:\/\/conservation-science.ch\/\",\"name\":\"CSC - Conservation - Sciences\",\"description\":\"Transmission de connaissances dans le domaine des sciences de la conservation du patrimoine b\u00e2ti\",\"potentialAction\":[{\"@type\":\"SearchAction\",\"target\":{\"@type\":\"EntryPoint\",\"urlTemplate\":\"https:\/\/conservation-science.ch\/?s={search_term_string}\"},\"query-input\":{\"@type\":\"PropertyValueSpecification\",\"valueRequired\":true,\"valueName\":\"search_term_string\"}}],\"inLanguage\":\"fr-FR\"}]}<\/script>\n<!-- \/ Yoast SEO plugin. -->","yoast_head_json":{"title":"SH (Schaffhouse) - Bl\u00e4uer - Conservation - Science","robots":{"index":"index","follow":"follow","max-snippet":"max-snippet:-1","max-image-preview":"max-image-preview:large","max-video-preview":"max-video-preview:-1"},"canonical":"https:\/\/conservation-science.ch\/?page_id=37054","og_locale":"fr_FR","og_type":"article","og_title":"SH (Schaffhouse) - Bl\u00e4uer - Conservation - Science","og_description":"Projets r\u00e9alis\u00e9s dans le canton de Schaffhouse (cliquez sur l&rsquo;image pour ouvrir le r\u00e9sum\u00e9) : &nbsp; R\u00e9sum\u00e9 Lieu\/date Objet Th\u00e8me Hallau 22.6.12 240.01 Eglise St Moritz Analyse de mat\u00e9riaux Hallau 4.9.12 240.02 Eglise St Moritz Analyse de peinture Hallau 12.11.13 240.03 Eglise St Moritz Analyse de peinture Hallau 29.10.15 240.04 Eglise St Moritz Analyse d&rsquo;un &hellip; Continuer la lecture de SH (Schaffhouse)","og_url":"https:\/\/conservation-science.ch\/?page_id=37054","og_site_name":"Bl\u00e4uer - Conservation - Science","article_modified_time":"2024-11-16T15:29:12+00:00","og_image":[{"url":"https:\/\/csc-sarl.ch\/wp-content\/uploads\/2018\/06\/sh_024001_large60px.jpg","type":"","width":"","height":""}],"twitter_card":"summary_large_image","twitter_misc":{"Dur\u00e9e de lecture estim\u00e9e":"1 minute"},"schema":{"@context":"https:\/\/schema.org","@graph":[{"@type":"WebPage","@id":"https:\/\/conservation-science.ch\/?page_id=37054","url":"https:\/\/conservation-science.ch\/?page_id=37054","name":"SH (Schaffhouse) - Bl\u00e4uer - Conservation - Science","isPartOf":{"@id":"https:\/\/conservation-science.ch\/#website"},"primaryImageOfPage":{"@id":"https:\/\/conservation-science.ch\/?page_id=37054#primaryimage"},"image":{"@id":"https:\/\/conservation-science.ch\/?page_id=37054#primaryimage"},"thumbnailUrl":"https:\/\/csc-sarl.ch\/wp-content\/uploads\/2018\/06\/sh_024001_large60px.jpg","datePublished":"2018-06-27T22:11:44+00:00","dateModified":"2024-11-16T15:29:12+00:00","breadcrumb":{"@id":"https:\/\/conservation-science.ch\/?page_id=37054#breadcrumb"},"inLanguage":"fr-FR","potentialAction":[{"@type":"ReadAction","target":["https:\/\/conservation-science.ch\/?page_id=37054"]}]},{"@type":"ImageObject","inLanguage":"fr-FR","@id":"https:\/\/conservation-science.ch\/?page_id=37054#primaryimage","url":"https:\/\/csc-sarl.ch\/wp-content\/uploads\/2018\/06\/sh_024001_large60px.jpg","contentUrl":"https:\/\/csc-sarl.ch\/wp-content\/uploads\/2018\/06\/sh_024001_large60px.jpg"},{"@type":"BreadcrumbList","@id":"https:\/\/conservation-science.ch\/?page_id=37054#breadcrumb","itemListElement":[{"@type":"ListItem","position":1,"name":"Accueil","item":"https:\/\/conservation-science.ch\/"},{"@type":"ListItem","position":2,"name":"Accueil","item":"https:\/\/conservation-science.ch\/"},{"@type":"ListItem","position":3,"name":"Etudes \/ Expertises","item":"https:\/\/conservation-science.ch\/?page_id=28915"},{"@type":"ListItem","position":4,"name":"Suisse","item":"https:\/\/conservation-science.ch\/?page_id=30086"},{"@type":"ListItem","position":5,"name":"SH (Schaffhouse)"}]},{"@type":"WebSite","@id":"https:\/\/conservation-science.ch\/#website","url":"https:\/\/conservation-science.ch\/","name":"CSC - Conservation - Sciences","description":"Transmission de connaissances dans le domaine des sciences de la conservation du patrimoine b\u00e2ti","potentialAction":[{"@type":"SearchAction","target":{"@type":"EntryPoint","urlTemplate":"https:\/\/conservation-science.ch\/?s={search_term_string}"},"query-input":{"@type":"PropertyValueSpecification","valueRequired":true,"valueName":"search_term_string"}}],"inLanguage":"fr-FR"}]}},"_links":{"self":[{"href":"https:\/\/conservation-science.ch\/index.php?rest_route=\/wp\/v2\/pages\/37054","targetHints":{"allow":["GET"]}}],"collection":[{"href":"https:\/\/conservation-science.ch\/index.php?rest_route=\/wp\/v2\/pages"}],"about":[{"href":"https:\/\/conservation-science.ch\/index.php?rest_route=\/wp\/v2\/types\/page"}],"author":[{"embeddable":true,"href":"https:\/\/conservation-science.ch\/index.php?rest_route=\/wp\/v2\/users\/1"}],"replies":[{"embeddable":true,"href":"https:\/\/conservation-science.ch\/index.php?rest_route=%2Fwp%2Fv2%2Fcomments&post=37054"}],"version-history":[{"count":6,"href":"https:\/\/conservation-science.ch\/index.php?rest_route=\/wp\/v2\/pages\/37054\/revisions"}],"predecessor-version":[{"id":40155,"href":"https:\/\/conservation-science.ch\/index.php?rest_route=\/wp\/v2\/pages\/37054\/revisions\/40155"}],"up":[{"embeddable":true,"href":"https:\/\/conservation-science.ch\/index.php?rest_route=\/wp\/v2\/pages\/30086"}],"wp:attachment":[{"href":"https:\/\/conservation-science.ch\/index.php?rest_route=%2Fwp%2Fv2%2Fmedia&parent=37054"}],"curies":[{"name":"wp","href":"https:\/\/api.w.org\/{rel}","templated":true}]}}