{"id":37043,"date":"2018-06-28T00:06:50","date_gmt":"2018-06-27T22:06:50","guid":{"rendered":"https:\/\/csc-sarl.ch\/?page_id=37043"},"modified":"2024-11-16T16:28:46","modified_gmt":"2024-11-16T15:28:46","slug":"lucerne","status":"publish","type":"page","link":"https:\/\/conservation-science.ch\/?page_id=37043","title":{"rendered":"LU (Lucerne)"},"content":{"rendered":"<p><strong>Projets r\u00e9alis\u00e9s dans le canton de Lucerne <\/strong> <strong>:<\/strong><\/p>\n<p>&nbsp;<\/p>\n<ul>\n<li>projets r\u00e9alis\u00e9s dans la ville de Lucerne ;<\/li>\n<li>autres projets r\u00e9alis\u00e9s dans le <a href=\"#canton\">canton de Lucerne<\/a><\/li>\n<\/ul>\n<p>&nbsp;<\/p>\n<p><strong>Projets r\u00e9alis\u00e9s dans la ville de Lucerne <\/strong><strong>(cliquez sur <\/strong><strong>l&rsquo;image<\/strong><strong> pour ouvrir le r\u00e9sum\u00e9) <\/strong><strong>:<\/strong><\/p>\n<p>&nbsp;<\/p>\n<table border=\"2\" width=\"580\" cellpadding=\"2\">\n<tbody>\n<tr>\n<td><strong>R\u00e9sum\u00e9<\/strong><\/td>\n<td><strong>Lieu<br \/>\n<\/strong><\/td>\n<td><strong>Objet<br \/>\n<\/strong><\/td>\n<td><strong>Th\u00e8me<br \/>\n<\/strong><\/td>\n<\/tr>\n<tr>\n<td><a href=\"https:\/\/csc-sarl.ch\/wp-content\/uploads\/2018\/06\/a_0136_01.pdf\" target=\"_self\" rel=\"noopener\"><img decoding=\"async\" class=\"rex_image\" src=\"https:\/\/csc-sarl.ch\/wp-content\/uploads\/2018\/06\/lu_013601_large60px.jpg\" alt=\"[Keine Beschreibung eingegeben]\" ismap=\"ismap\" \/><\/a><\/td>\n<td style=\"vertical-align: top;\"><span style=\"font-size: 10pt;\">Lucerne<\/span><br \/>\n<span style=\"font-size: 10pt;\">10.2.10<\/span><br \/>\n<span style=\"font-size: 10pt;\">136.01<\/span><\/td>\n<td style=\"vertical-align: top;\"><span style=\"font-size: 10pt;\">B\u00e2timent des Finances<\/span><\/td>\n<td style=\"vertical-align: top;\"><span style=\"font-size: 10pt;\">Conservation du sol en gr\u00e8s<\/span><\/td>\n<\/tr>\n<tr>\n<td><a href=\"https:\/\/csc-sarl.ch\/wp-content\/uploads\/2018\/06\/a_0091_01.pdf\" target=\"_self\" rel=\"noopener\"><img decoding=\"async\" class=\"rex_image\" src=\"https:\/\/csc-sarl.ch\/wp-content\/uploads\/2018\/06\/lu_009101_large60px.jpg\" alt=\"[Keine Beschreibung eingegeben]\" ismap=\"ismap\" \/><\/a><\/td>\n<td style=\"vertical-align: top;\"><span style=\"font-size: 10pt;\">Lucerne<\/span><br \/>\n<span style=\"font-size: 10pt;\">9.7.09<\/span><br \/>\n<span style=\"font-size: 10pt;\">91.01<\/span><\/td>\n<td style=\"vertical-align: top;\"><span style=\"font-size: 10pt;\">Conservatoire, Dreilinden<\/span><\/td>\n<td style=\"vertical-align: top;\"><span style=\"font-size: 10pt;\">Constat d&rsquo;\u00e9tat, \u00e9valuation des risques et conseils pour la conservation<\/span><\/td>\n<\/tr>\n<tr>\n<td><a href=\"https:\/\/csc-sarl.ch\/wp-content\/uploads\/2018\/06\/a_0091_02.pdf\" target=\"_self\" rel=\"noopener\"><img decoding=\"async\" class=\"rex_image\" src=\"https:\/\/csc-sarl.ch\/wp-content\/uploads\/2018\/06\/lu_009102_large60px.jpg\" alt=\"[Keine Beschreibung eingegeben]\" ismap=\"ismap\" \/><\/a><\/td>\n<td style=\"vertical-align: top;\"><span style=\"font-size: 10pt;\">Lucerne<\/span><br \/>\n<span style=\"font-size: 10pt;\">9.7.09<\/span><br \/>\n<span style=\"font-size: 10pt;\">91.02<\/span><\/td>\n<td style=\"vertical-align: top;\"><span style=\"font-size: 10pt;\">Conservatoire, Dreilinden<\/span><\/td>\n<td style=\"vertical-align: top;\"><span style=\"font-size: 10pt;\">Analyse des mat\u00e9riaux<\/span><\/td>\n<\/tr>\n<tr>\n<td><a href=\"https:\/\/csc-sarl.ch\/wp-content\/uploads\/2018\/06\/a_0157_01.pdf\" target=\"_self\" rel=\"noopener\"><img decoding=\"async\" class=\"rex_image\" src=\"https:\/\/csc-sarl.ch\/wp-content\/uploads\/2018\/06\/lu_015701_large60px.jpg\" alt=\"\" ismap=\"ismap\" \/><\/a><\/td>\n<td style=\"vertical-align: top;\"><span style=\"font-size: 10pt;\">Lucerne<\/span><br \/>\n<span style=\"font-size: 10pt;\">20.9.11<\/span><br \/>\n<span style=\"font-size: 10pt;\">157.01<\/span><\/td>\n<td style=\"vertical-align: top;\"><span style=\"font-size: 10pt;\">Eglise<\/span><\/td>\n<td style=\"vertical-align: top;\"><span style=\"font-size: 10pt;\">Analyse de mat\u00e9riaux<\/span><\/td>\n<\/tr>\n<tr>\n<td><a href=\"https:\/\/csc-sarl.ch\/wp-content\/uploads\/2018\/06\/a_0113_02.pdf\" target=\"_self\" rel=\"noopener\"><img decoding=\"async\" class=\"rex_image\" src=\"https:\/\/csc-sarl.ch\/wp-content\/uploads\/2018\/06\/lu_011301_large60px.jpg\" alt=\"[Keine Beschreibung eingegeben]\" ismap=\"ismap\" \/><\/a><\/td>\n<td style=\"vertical-align: top;\"><span style=\"font-size: 10pt;\">Lucerne<\/span><br \/>\n<span style=\"font-size: 10pt;\">28.10.09<\/span><br \/>\n<span style=\"font-size: 10pt;\">113.02<\/span><\/td>\n<td style=\"vertical-align: top;\"><span style=\"font-size: 10pt;\">Hotel de ville<\/span><\/td>\n<td style=\"vertical-align: top;\"><span style=\"font-size: 10pt;\">Influence des g\u00e9raniums sur la conservation des fa\u00e7ades en gr\u00e8s<\/span><\/td>\n<\/tr>\n<tr>\n<td><a href=\"https:\/\/csc-sarl.ch\/wp-content\/uploads\/2018\/06\/a_0030_01.pdf\" target=\"_self\" rel=\"noopener\"><img decoding=\"async\" class=\"rex_image\" src=\"https:\/\/csc-sarl.ch\/wp-content\/uploads\/2018\/06\/lu_003001_large60px.jpg\" alt=\"[Keine Beschreibung eingegeben]\" ismap=\"ismap\" \/><\/a><\/td>\n<td style=\"vertical-align: top;\"><span style=\"font-size: 10pt;\">Lucerne<\/span><br \/>\n<span style=\"font-size: 10pt;\">13.5.08<\/span><br \/>\n<span style=\"font-size: 10pt;\">30.01<\/span><\/td>\n<td style=\"vertical-align: top;\"><span style=\"font-size: 10pt;\">Lion<\/span><\/td>\n<td style=\"vertical-align: top;\"><span style=\"font-size: 10pt;\">Influence de la remise en fonction de la cascade<\/span><\/td>\n<\/tr>\n<tr>\n<td><a href=\"https:\/\/csc-sarl.ch\/wp-content\/uploads\/2018\/06\/a_0030_02.pdf\" target=\"_self\" rel=\"noopener\"><img decoding=\"async\" class=\"rex_image\" src=\"https:\/\/csc-sarl.ch\/wp-content\/uploads\/2018\/06\/lu_003002_large60px.jpg\" alt=\"[Keine Beschreibung eingegeben]\" ismap=\"ismap\" \/><\/a><\/td>\n<td style=\"vertical-align: top;\"><span style=\"font-size: 10pt;\">Lucerne<\/span><br \/>\n<span style=\"font-size: 10pt;\">13.3.09<\/span><br \/>\n<span style=\"font-size: 10pt;\">30.02<\/span><\/td>\n<td style=\"vertical-align: top;\"><span style=\"font-size: 10pt;\">Lion<\/span><\/td>\n<td style=\"vertical-align: top;\"><span style=\"font-size: 10pt;\">Argumentation pour ou contre une couche de protection<\/span><\/td>\n<\/tr>\n<tr>\n<td><a href=\"https:\/\/csc-sarl.ch\/wp-content\/uploads\/2018\/06\/a_0081_01.pdf\" target=\"_self\" rel=\"noopener\"><img decoding=\"async\" class=\"rex_image\" src=\"https:\/\/csc-sarl.ch\/wp-content\/uploads\/2018\/06\/lu_008101_large60px.jpg\" alt=\"[Keine Beschreibung eingegeben]\" ismap=\"ismap\" \/><\/a><\/td>\n<td style=\"vertical-align: top;\"><span style=\"font-size: 10pt;\">Lucerne<\/span><br \/>\n<span style=\"font-size: 10pt;\">4.2.09<\/span><br \/>\n<span style=\"font-size: 10pt;\">81.01<\/span><\/td>\n<td style=\"vertical-align: top;\"><span style=\"font-size: 10pt;\">Pavillon de musique<\/span><\/td>\n<td style=\"vertical-align: top;\"><span style=\"font-size: 10pt;\">Analyse d&rsquo;une d\u00e9gradation de surface de la mosa\u00efque en pierres<\/span><\/td>\n<\/tr>\n<\/tbody>\n<\/table>\n<p><a name=\"canton\"><\/a><\/p>\n<p><strong>Projets r\u00e9alis\u00e9s dans le canton de Lucerne:<\/strong><\/p>\n<table border=\"2\" width=\"580\" cellpadding=\"2\">\n<tbody>\n<tr>\n<td><strong>R\u00e9sum\u00e9<\/strong><\/td>\n<td><strong>Lieu<br \/>\n<\/strong><\/td>\n<td><strong>Objet<br \/>\n<\/strong><\/td>\n<td><strong>Th\u00e8me<br \/>\n<\/strong><\/td>\n<\/tr>\n<tr>\n<td valign=\"top\"><a href=\"https:\/\/csc-sarl.ch\/wp-content\/uploads\/2018\/06\/a_0067_01.pdf\" target=\"_self\" rel=\"noopener\"><img decoding=\"async\" class=\"rex_image\" src=\"https:\/\/csc-sarl.ch\/wp-content\/uploads\/2018\/06\/lu_006701_large60px.jpg\" alt=\"[Keine Beschreibung eingegeben]\" ismap=\"ismap\" \/><\/a><\/td>\n<td style=\"vertical-align: top;\" valign=\"top\"><span style=\"font-size: 10pt;\">Ettiswil<\/span><br \/>\n<span style=\"font-size: 10pt;\">15.9.08<\/span><br \/>\n<span style=\"font-size: 10pt;\">67.01<\/span><\/td>\n<td style=\"vertical-align: top;\" valign=\"top\"><span style=\"font-size: 10pt;\">\u00c9glise catholique<\/span><\/td>\n<td style=\"vertical-align: top;\" valign=\"top\"><span style=\"font-size: 10pt;\">Analyse des voiles blancs<\/span><\/td>\n<\/tr>\n<tr>\n<td valign=\"top\"><a href=\"https:\/\/csc-sarl.ch\/wp-content\/uploads\/2018\/06\/a_0373_01.pdf\" target=\"_self\" rel=\"noopener\"><img decoding=\"async\" class=\"rex_image\" src=\"https:\/\/csc-sarl.ch\/wp-content\/uploads\/2018\/06\/lu_037301.jpg\" alt=\"[Keine Beschreibung eingegeben]\" ismap=\"ismap\" \/><\/a><\/td>\n<td style=\"vertical-align: top;\" valign=\"top\"><span style=\"font-size: 10pt;\">Hohenrain<\/span><br \/>\n<span style=\"font-size: 10pt;\">12.5.15<\/span><br \/>\n<span style=\"font-size: 10pt;\">373.01<\/span><\/td>\n<td style=\"vertical-align: top;\" valign=\"top\"><span style=\"font-size: 10pt;\">Lieli, ruine du ch\u00e2teau N\u00fcnegg<\/span><\/td>\n<td style=\"vertical-align: top;\" valign=\"top\"><span style=\"font-size: 10pt;\">Analyse de sels<\/span><\/td>\n<\/tr>\n<tr>\n<td valign=\"top\"><a href=\"https:\/\/csc-sarl.ch\/wp-content\/uploads\/2018\/06\/a_0224_01.pdf\" target=\"_self\" rel=\"noopener\"><img decoding=\"async\" class=\"rex_image\" src=\"https:\/\/csc-sarl.ch\/wp-content\/uploads\/2018\/06\/lu_022401_large60px.jpg\" alt=\"\" ismap=\"ismap\" \/><\/a><\/td>\n<td style=\"vertical-align: top;\" valign=\"top\"><span style=\"font-size: 10pt;\">M\u00fcswangen<\/span><br \/>\n<span style=\"font-size: 10pt;\">31.1.12<\/span><br \/>\n<span style=\"font-size: 10pt;\">224.01<\/span><\/td>\n<td style=\"vertical-align: top;\" valign=\"top\"><span style=\"font-size: 10pt;\">\u00c9glise<\/span><\/td>\n<td style=\"vertical-align: top;\" valign=\"top\"><span style=\"font-size: 10pt;\">Conseils pour la conservation de la fa\u00e7ade ouest<\/span><\/td>\n<\/tr>\n<tr>\n<td valign=\"top\"><a href=\"https:\/\/csc-sarl.ch\/wp-content\/uploads\/2018\/06\/a_0230_01.pdf\" target=\"_self\" rel=\"noopener\"><img decoding=\"async\" class=\"rex_image\" src=\"https:\/\/csc-sarl.ch\/wp-content\/uploads\/2018\/06\/lu_023001_large60px.jpg\" alt=\"\" ismap=\"ismap\" \/><\/a><\/td>\n<td style=\"vertical-align: top;\" valign=\"top\"><span style=\"font-size: 10pt;\">Sursee<\/span><br \/>\n<span style=\"font-size: 10pt;\">18.4.12<\/span><br \/>\n<span style=\"font-size: 10pt;\">230.01<\/span><\/td>\n<td style=\"vertical-align: top;\" valign=\"top\"><span style=\"font-size: 10pt;\">Oberstadt 26<\/span><\/td>\n<td style=\"vertical-align: top;\" valign=\"top\"><span style=\"font-size: 10pt;\">Analyses de peintures<\/span><\/td>\n<\/tr>\n<\/tbody>\n<\/table>\n","protected":false},"excerpt":{"rendered":"<p>Projets r\u00e9alis\u00e9s dans le canton de Lucerne : &nbsp; projets r\u00e9alis\u00e9s dans la ville de Lucerne ; autres projets r\u00e9alis\u00e9s dans le canton de Lucerne &nbsp; Projets r\u00e9alis\u00e9s dans la ville de Lucerne (cliquez sur l&rsquo;image pour ouvrir le r\u00e9sum\u00e9) : &nbsp; R\u00e9sum\u00e9 Lieu Objet Th\u00e8me Lucerne 10.2.10 136.01 B\u00e2timent des Finances Conservation du sol &hellip; <a href=\"https:\/\/conservation-science.ch\/?page_id=37043\" class=\"more-link\">Continuer la lecture de <span class=\"screen-reader-text\">LU (Lucerne)<\/span><\/a><\/p>\n","protected":false},"author":1,"featured_media":0,"parent":30086,"menu_order":8,"comment_status":"closed","ping_status":"closed","template":"","meta":{"footnotes":""},"class_list":["post-37043","page","type-page","status-publish","hentry"],"yoast_head":"<!-- This site is optimized with the Yoast SEO plugin v27.2 - https:\/\/yoast.com\/product\/yoast-seo-wordpress\/ -->\n<title>LU (Lucerne) - Bl\u00e4uer - Conservation - Science<\/title>\n<meta name=\"robots\" content=\"index, follow, max-snippet:-1, max-image-preview:large, max-video-preview:-1\" \/>\n<link rel=\"canonical\" href=\"https:\/\/conservation-science.ch\/?page_id=37043\" \/>\n<meta property=\"og:locale\" content=\"fr_FR\" \/>\n<meta property=\"og:type\" content=\"article\" \/>\n<meta property=\"og:title\" content=\"LU (Lucerne) - Bl\u00e4uer - Conservation - Science\" \/>\n<meta property=\"og:description\" content=\"Projets r\u00e9alis\u00e9s dans le canton de Lucerne : &nbsp; projets r\u00e9alis\u00e9s dans la ville de Lucerne ; autres projets r\u00e9alis\u00e9s dans le canton de Lucerne &nbsp; Projets r\u00e9alis\u00e9s dans la ville de Lucerne (cliquez sur l&rsquo;image pour ouvrir le r\u00e9sum\u00e9) : &nbsp; R\u00e9sum\u00e9 Lieu Objet Th\u00e8me Lucerne 10.2.10 136.01 B\u00e2timent des Finances Conservation du sol &hellip; Continuer la lecture de LU (Lucerne)\" \/>\n<meta property=\"og:url\" content=\"https:\/\/conservation-science.ch\/?page_id=37043\" \/>\n<meta property=\"og:site_name\" content=\"Bl\u00e4uer - Conservation - Science\" \/>\n<meta property=\"article:modified_time\" content=\"2024-11-16T15:28:46+00:00\" \/>\n<meta property=\"og:image\" content=\"https:\/\/csc-sarl.ch\/wp-content\/uploads\/2018\/06\/lu_013601_large60px.jpg\" \/>\n<meta name=\"twitter:card\" content=\"summary_large_image\" \/>\n<meta name=\"twitter:label1\" content=\"Dur\u00e9e de lecture estim\u00e9e\" \/>\n\t<meta name=\"twitter:data1\" content=\"1 minute\" \/>\n<script type=\"application\/ld+json\" class=\"yoast-schema-graph\">{\"@context\":\"https:\/\/schema.org\",\"@graph\":[{\"@type\":\"WebPage\",\"@id\":\"https:\/\/conservation-science.ch\/?page_id=37043\",\"url\":\"https:\/\/conservation-science.ch\/?page_id=37043\",\"name\":\"LU (Lucerne) - Bl\u00e4uer - Conservation - Science\",\"isPartOf\":{\"@id\":\"https:\/\/conservation-science.ch\/#website\"},\"primaryImageOfPage\":{\"@id\":\"https:\/\/conservation-science.ch\/?page_id=37043#primaryimage\"},\"image\":{\"@id\":\"https:\/\/conservation-science.ch\/?page_id=37043#primaryimage\"},\"thumbnailUrl\":\"https:\/\/csc-sarl.ch\/wp-content\/uploads\/2018\/06\/lu_013601_large60px.jpg\",\"datePublished\":\"2018-06-27T22:06:50+00:00\",\"dateModified\":\"2024-11-16T15:28:46+00:00\",\"breadcrumb\":{\"@id\":\"https:\/\/conservation-science.ch\/?page_id=37043#breadcrumb\"},\"inLanguage\":\"fr-FR\",\"potentialAction\":[{\"@type\":\"ReadAction\",\"target\":[\"https:\/\/conservation-science.ch\/?page_id=37043\"]}]},{\"@type\":\"ImageObject\",\"inLanguage\":\"fr-FR\",\"@id\":\"https:\/\/conservation-science.ch\/?page_id=37043#primaryimage\",\"url\":\"https:\/\/csc-sarl.ch\/wp-content\/uploads\/2018\/06\/lu_013601_large60px.jpg\",\"contentUrl\":\"https:\/\/csc-sarl.ch\/wp-content\/uploads\/2018\/06\/lu_013601_large60px.jpg\"},{\"@type\":\"BreadcrumbList\",\"@id\":\"https:\/\/conservation-science.ch\/?page_id=37043#breadcrumb\",\"itemListElement\":[{\"@type\":\"ListItem\",\"position\":1,\"name\":\"Accueil\",\"item\":\"https:\/\/conservation-science.ch\/\"},{\"@type\":\"ListItem\",\"position\":2,\"name\":\"Accueil\",\"item\":\"https:\/\/conservation-science.ch\/\"},{\"@type\":\"ListItem\",\"position\":3,\"name\":\"Etudes \/ Expertises\",\"item\":\"https:\/\/conservation-science.ch\/?page_id=28915\"},{\"@type\":\"ListItem\",\"position\":4,\"name\":\"Suisse\",\"item\":\"https:\/\/conservation-science.ch\/?page_id=30086\"},{\"@type\":\"ListItem\",\"position\":5,\"name\":\"LU (Lucerne)\"}]},{\"@type\":\"WebSite\",\"@id\":\"https:\/\/conservation-science.ch\/#website\",\"url\":\"https:\/\/conservation-science.ch\/\",\"name\":\"CSC - Conservation - Sciences\",\"description\":\"Transmission de connaissances dans le domaine des sciences de la conservation du patrimoine b\u00e2ti\",\"potentialAction\":[{\"@type\":\"SearchAction\",\"target\":{\"@type\":\"EntryPoint\",\"urlTemplate\":\"https:\/\/conservation-science.ch\/?s={search_term_string}\"},\"query-input\":{\"@type\":\"PropertyValueSpecification\",\"valueRequired\":true,\"valueName\":\"search_term_string\"}}],\"inLanguage\":\"fr-FR\"}]}<\/script>\n<!-- \/ Yoast SEO plugin. -->","yoast_head_json":{"title":"LU (Lucerne) - Bl\u00e4uer - Conservation - Science","robots":{"index":"index","follow":"follow","max-snippet":"max-snippet:-1","max-image-preview":"max-image-preview:large","max-video-preview":"max-video-preview:-1"},"canonical":"https:\/\/conservation-science.ch\/?page_id=37043","og_locale":"fr_FR","og_type":"article","og_title":"LU (Lucerne) - Bl\u00e4uer - Conservation - Science","og_description":"Projets r\u00e9alis\u00e9s dans le canton de Lucerne : &nbsp; projets r\u00e9alis\u00e9s dans la ville de Lucerne ; autres projets r\u00e9alis\u00e9s dans le canton de Lucerne &nbsp; Projets r\u00e9alis\u00e9s dans la ville de Lucerne (cliquez sur l&rsquo;image pour ouvrir le r\u00e9sum\u00e9) : &nbsp; R\u00e9sum\u00e9 Lieu Objet Th\u00e8me Lucerne 10.2.10 136.01 B\u00e2timent des Finances Conservation du sol &hellip; Continuer la lecture de LU (Lucerne)","og_url":"https:\/\/conservation-science.ch\/?page_id=37043","og_site_name":"Bl\u00e4uer - Conservation - Science","article_modified_time":"2024-11-16T15:28:46+00:00","og_image":[{"url":"https:\/\/csc-sarl.ch\/wp-content\/uploads\/2018\/06\/lu_013601_large60px.jpg","type":"","width":"","height":""}],"twitter_card":"summary_large_image","twitter_misc":{"Dur\u00e9e de lecture estim\u00e9e":"1 minute"},"schema":{"@context":"https:\/\/schema.org","@graph":[{"@type":"WebPage","@id":"https:\/\/conservation-science.ch\/?page_id=37043","url":"https:\/\/conservation-science.ch\/?page_id=37043","name":"LU (Lucerne) - Bl\u00e4uer - Conservation - Science","isPartOf":{"@id":"https:\/\/conservation-science.ch\/#website"},"primaryImageOfPage":{"@id":"https:\/\/conservation-science.ch\/?page_id=37043#primaryimage"},"image":{"@id":"https:\/\/conservation-science.ch\/?page_id=37043#primaryimage"},"thumbnailUrl":"https:\/\/csc-sarl.ch\/wp-content\/uploads\/2018\/06\/lu_013601_large60px.jpg","datePublished":"2018-06-27T22:06:50+00:00","dateModified":"2024-11-16T15:28:46+00:00","breadcrumb":{"@id":"https:\/\/conservation-science.ch\/?page_id=37043#breadcrumb"},"inLanguage":"fr-FR","potentialAction":[{"@type":"ReadAction","target":["https:\/\/conservation-science.ch\/?page_id=37043"]}]},{"@type":"ImageObject","inLanguage":"fr-FR","@id":"https:\/\/conservation-science.ch\/?page_id=37043#primaryimage","url":"https:\/\/csc-sarl.ch\/wp-content\/uploads\/2018\/06\/lu_013601_large60px.jpg","contentUrl":"https:\/\/csc-sarl.ch\/wp-content\/uploads\/2018\/06\/lu_013601_large60px.jpg"},{"@type":"BreadcrumbList","@id":"https:\/\/conservation-science.ch\/?page_id=37043#breadcrumb","itemListElement":[{"@type":"ListItem","position":1,"name":"Accueil","item":"https:\/\/conservation-science.ch\/"},{"@type":"ListItem","position":2,"name":"Accueil","item":"https:\/\/conservation-science.ch\/"},{"@type":"ListItem","position":3,"name":"Etudes \/ Expertises","item":"https:\/\/conservation-science.ch\/?page_id=28915"},{"@type":"ListItem","position":4,"name":"Suisse","item":"https:\/\/conservation-science.ch\/?page_id=30086"},{"@type":"ListItem","position":5,"name":"LU (Lucerne)"}]},{"@type":"WebSite","@id":"https:\/\/conservation-science.ch\/#website","url":"https:\/\/conservation-science.ch\/","name":"CSC - Conservation - Sciences","description":"Transmission de connaissances dans le domaine des sciences de la conservation du patrimoine b\u00e2ti","potentialAction":[{"@type":"SearchAction","target":{"@type":"EntryPoint","urlTemplate":"https:\/\/conservation-science.ch\/?s={search_term_string}"},"query-input":{"@type":"PropertyValueSpecification","valueRequired":true,"valueName":"search_term_string"}}],"inLanguage":"fr-FR"}]}},"_links":{"self":[{"href":"https:\/\/conservation-science.ch\/index.php?rest_route=\/wp\/v2\/pages\/37043","targetHints":{"allow":["GET"]}}],"collection":[{"href":"https:\/\/conservation-science.ch\/index.php?rest_route=\/wp\/v2\/pages"}],"about":[{"href":"https:\/\/conservation-science.ch\/index.php?rest_route=\/wp\/v2\/types\/page"}],"author":[{"embeddable":true,"href":"https:\/\/conservation-science.ch\/index.php?rest_route=\/wp\/v2\/users\/1"}],"replies":[{"embeddable":true,"href":"https:\/\/conservation-science.ch\/index.php?rest_route=%2Fwp%2Fv2%2Fcomments&post=37043"}],"version-history":[{"count":11,"href":"https:\/\/conservation-science.ch\/index.php?rest_route=\/wp\/v2\/pages\/37043\/revisions"}],"predecessor-version":[{"id":40150,"href":"https:\/\/conservation-science.ch\/index.php?rest_route=\/wp\/v2\/pages\/37043\/revisions\/40150"}],"up":[{"embeddable":true,"href":"https:\/\/conservation-science.ch\/index.php?rest_route=\/wp\/v2\/pages\/30086"}],"wp:attachment":[{"href":"https:\/\/conservation-science.ch\/index.php?rest_route=%2Fwp%2Fv2%2Fmedia&parent=37043"}],"curies":[{"name":"wp","href":"https:\/\/api.w.org\/{rel}","templated":true}]}}