{"id":37041,"date":"2018-06-28T00:05:29","date_gmt":"2018-06-27T22:05:29","guid":{"rendered":"https:\/\/csc-sarl.ch\/?page_id=37041"},"modified":"2024-11-16T16:28:39","modified_gmt":"2024-11-16T15:28:39","slug":"grisons-canton","status":"publish","type":"page","link":"https:\/\/conservation-science.ch\/?page_id=37041","title":{"rendered":"Grisons &#8211; Canton"},"content":{"rendered":"<p><strong>Projets r\u00e9alis\u00e9s dans le canton des Grisons <\/strong><strong> (cliquez sur <\/strong><strong>l&rsquo;image pour ouvrir le r\u00e9sum\u00e9<\/strong><strong>) <\/strong><strong>:<\/strong><\/p>\n<p>&nbsp;<\/p>\n<table style=\"height: 1057px;\" border=\"2\" width=\"580\" cellpadding=\"2\">\n<tbody>\n<tr style=\"height: 24px;\">\n<td style=\"height: 24px;\"><strong>R\u00e9sum\u00e9<br \/>\n<\/strong><\/td>\n<td style=\"height: 24px;\"><strong>Lieu\/date<\/strong><\/td>\n<td style=\"height: 24px;\"><strong>Objet<\/strong><\/td>\n<td style=\"height: 24px;\"><strong>Th\u00e8me<\/strong><\/td>\n<\/tr>\n<tr style=\"height: 72px;\">\n<td style=\"height: 72px;\" valign=\"top\"><a href=\"https:\/\/csc-sarl.ch\/wp-content\/uploads\/2018\/06\/a_0068_01.pdf\" target=\"_self\" rel=\"noopener\"><img decoding=\"async\" class=\"rex_image\" src=\"https:\/\/csc-sarl.ch\/wp-content\/uploads\/2018\/06\/gr_006801_large60px.jpg\" alt=\"[Keine Beschreibung eingegeben]\" ismap=\"ismap\" \/><\/a><\/td>\n<td style=\"height: 72px; vertical-align: top;\" valign=\"top\"><span style=\"font-size: 10pt;\">Avers-Cr\u00f6t<\/span><br \/>\n<span style=\"font-size: 10pt;\">22.9.08<\/span><br \/>\n<span style=\"font-size: 10pt;\">68.01<\/span><\/td>\n<td style=\"height: 72px; vertical-align: top;\" valign=\"top\"><span style=\"font-size: 10pt;\">Pont Stainst\u00e4g<\/span><\/td>\n<td style=\"height: 72px; vertical-align: top;\" valign=\"top\"><span style=\"font-size: 10pt;\">Recommandations pour l&rsquo;utilisation d&rsquo;un mortier<\/span><\/td>\n<\/tr>\n<tr style=\"height: 72px;\">\n<td style=\"height: 72px;\" valign=\"top\"><a href=\"https:\/\/csc-sarl.ch\/wp-content\/uploads\/2018\/06\/a_0098_01.pdf\" target=\"_self\" rel=\"noopener\"><img decoding=\"async\" class=\"rex_image\" src=\"https:\/\/csc-sarl.ch\/wp-content\/uploads\/2018\/06\/gr_009801_large60px.jpg\" alt=\"[Keine Beschreibung eingegeben]\" ismap=\"ismap\" \/><\/a><\/td>\n<td style=\"height: 72px; vertical-align: top;\" valign=\"top\"><span style=\"font-size: 10pt;\">Berg\u00fcn<\/span><br \/>\n<span style=\"font-size: 10pt;\">20.7.09<\/span><br \/>\n<span style=\"font-size: 10pt;\">98.01<\/span><\/td>\n<td style=\"height: 72px; vertical-align: top;\" valign=\"top\"><span style=\"font-size: 10pt;\">\u00c9glise \u00e9vang\u00e9lique<\/span><\/td>\n<td style=\"height: 72px; vertical-align: top;\" valign=\"top\"><span style=\"font-size: 10pt;\">Analyse de sels<\/span><\/td>\n<\/tr>\n<tr style=\"height: 72px;\">\n<td style=\"height: 72px;\" valign=\"top\"><a href=\"https:\/\/csc-sarl.ch\/wp-content\/uploads\/2018\/06\/a_0132_01.pdf\" target=\"_self\" rel=\"noopener\"><img decoding=\"async\" class=\"rex_image\" src=\"https:\/\/csc-sarl.ch\/wp-content\/uploads\/2018\/06\/gr_013201_large60px.jpg\" alt=\"[Keine Beschreibung eingegeben]\" ismap=\"ismap\" \/><\/a><\/td>\n<td style=\"height: 72px; vertical-align: top;\" valign=\"top\"><span style=\"font-size: 10pt;\">Berg\u00fcn<\/span><br \/>\n<span style=\"font-size: 10pt;\">19.11.09<\/span><br \/>\n<span style=\"font-size: 10pt;\">132.01<\/span><\/td>\n<td style=\"height: 72px; vertical-align: top;\" valign=\"top\"><span style=\"font-size: 10pt;\">\u00c9glise \u00e9vang\u00e9lique<\/span><\/td>\n<td style=\"height: 72px; vertical-align: top;\" valign=\"top\"><span style=\"font-size: 10pt;\">Analyse de pigments<\/span><\/td>\n<\/tr>\n<tr style=\"height: 72px;\">\n<td style=\"height: 72px;\" valign=\"top\"><a href=\"https:\/\/csc-sarl.ch\/wp-content\/uploads\/2018\/06\/a_0406_01.pdf\" target=\"_self\" rel=\"noopener\"><img decoding=\"async\" class=\"rex_image\" src=\"https:\/\/csc-sarl.ch\/wp-content\/uploads\/2018\/06\/gr_040601.jpg\" alt=\"[Keine Beschreibung eingegeben]\" ismap=\"ismap\" \/><\/a><\/td>\n<td style=\"height: 72px; vertical-align: top;\" valign=\"top\"><span style=\"font-size: 10pt;\">Davos<\/span><br \/>\n<span style=\"font-size: 10pt;\">15.9.15<\/span><br \/>\n<span style=\"font-size: 10pt;\">406.01<\/span><\/td>\n<td style=\"height: 72px; vertical-align: top;\" valign=\"top\"><span style=\"font-size: 10pt;\">Maison Valsana<\/span><\/td>\n<td style=\"height: 72px; vertical-align: top;\" valign=\"top\"><span style=\"font-size: 10pt;\">Analyse de mat\u00e9riaux<\/span><\/td>\n<\/tr>\n<tr style=\"height: 72px;\">\n<td style=\"height: 72px;\" valign=\"top\"><a href=\"https:\/\/csc-sarl.ch\/wp-content\/uploads\/2018\/06\/a_0166_01.pdf\" target=\"_self\" rel=\"noopener\"><img decoding=\"async\" class=\"rex_image\" src=\"https:\/\/csc-sarl.ch\/wp-content\/uploads\/2018\/06\/gr_016601.jpg\" alt=\"[Keine Beschreibung eingegeben]\" ismap=\"ismap\" \/><\/a><\/td>\n<td style=\"height: 72px; vertical-align: top;\" valign=\"top\"><span style=\"font-size: 10pt;\">Filisur<\/span><br \/>\n<span style=\"font-size: 10pt;\">25.10.10<\/span><br \/>\n<span style=\"font-size: 10pt;\">166.01<\/span><\/td>\n<td style=\"height: 72px; vertical-align: top;\" valign=\"top\"><span style=\"font-size: 10pt;\">Maison Projer<\/span><\/td>\n<td style=\"height: 72px; vertical-align: top;\" valign=\"top\"><span style=\"font-size: 10pt;\">Analyse de couches picturales<\/span><\/td>\n<\/tr>\n<tr style=\"height: 72px;\">\n<td style=\"height: 72px;\" valign=\"top\"><a href=\"https:\/\/csc-sarl.ch\/wp-content\/uploads\/2018\/06\/a_0016_02.pdf\" target=\"_self\" rel=\"noopener\"><img decoding=\"async\" class=\"rex_image\" src=\"https:\/\/csc-sarl.ch\/wp-content\/uploads\/2018\/06\/gr_001602.jpg\" alt=\"[Keine Beschreibung eingegeben]\" ismap=\"ismap\" \/><\/a><\/td>\n<td style=\"height: 72px; vertical-align: top;\" valign=\"top\"><span style=\"font-size: 10pt;\">Furstenau<\/span><br \/>\n<span style=\"font-size: 10pt;\">14.12.10<\/span><br \/>\n<span style=\"font-size: 10pt;\">16.02<\/span><\/td>\n<td style=\"height: 72px; vertical-align: top;\" valign=\"top\"><span style=\"font-size: 10pt;\">Stoffelhaus<\/span><\/td>\n<td style=\"height: 72px; vertical-align: top;\" valign=\"top\"><span style=\"font-size: 10pt;\">Analyse d&rsquo;une peinture moderne<\/span><\/td>\n<\/tr>\n<tr style=\"height: 72px;\">\n<td style=\"height: 72px;\" valign=\"top\"><a href=\"https:\/\/conservation-science.ch\/a_0317_01\/\"><img loading=\"lazy\" decoding=\"async\" class=\"rex_image alignnone\" src=\"https:\/\/csc-sarl.ch\/wp-content\/uploads\/2018\/06\/gr_031701.jpg\" alt=\"[Keine Beschreibung eingegeben]\" ismap=\"ismap\" width=\"60\" height=\"40\" \/><\/a><\/td>\n<td style=\"height: 72px; vertical-align: top;\" valign=\"top\"><span style=\"font-size: 10pt;\">Illanz<\/span><br \/>\n<span style=\"font-size: 10pt;\">20.1.14<\/span><br \/>\n<span style=\"font-size: 10pt;\">317.01<\/span><\/td>\n<td style=\"height: 72px; vertical-align: top;\" valign=\"top\"><span style=\"font-size: 10pt;\">Klosterhof<\/span><\/td>\n<td style=\"height: 72px; vertical-align: top;\" valign=\"top\"><span style=\"font-size: 10pt;\">Analyse de sels<\/span><\/td>\n<\/tr>\n<tr style=\"height: 72px;\">\n<td style=\"height: 72px;\" valign=\"top\"><a href=\"https:\/\/conservation-science.ch\/a_0287_01\/\"><img loading=\"lazy\" decoding=\"async\" class=\"rex_image alignnone\" src=\"https:\/\/csc-sarl.ch\/wp-content\/uploads\/2018\/06\/gr_028701_large60px.jpg\" alt=\"\" ismap=\"ismap\" width=\"60\" height=\"36\" \/><\/a><\/td>\n<td style=\"height: 72px; vertical-align: top;\" valign=\"top\"><span style=\"font-size: 10pt;\">Rh\u00e4z\u00fcns<\/span><br \/>\n<span style=\"font-size: 10pt;\">13.5.13<\/span><br \/>\n<span style=\"font-size: 10pt;\">287.01<\/span><\/td>\n<td style=\"height: 72px; vertical-align: top;\" valign=\"top\"><span style=\"font-size: 10pt;\">Ch\u00e2teau<\/span><\/td>\n<td style=\"height: 72px; vertical-align: top;\" valign=\"top\"><span style=\"font-size: 10pt;\">Analyse quantitative de sels<\/span><\/td>\n<\/tr>\n<tr style=\"height: 72px;\">\n<td style=\"height: 72px;\" valign=\"top\"><a href=\"https:\/\/csc-sarl.ch\/wp-content\/uploads\/2018\/06\/a_0210_01.pdf\" target=\"_self\" rel=\"noopener\"><img decoding=\"async\" class=\"rex_image\" src=\"https:\/\/csc-sarl.ch\/wp-content\/uploads\/2018\/06\/gr_021001_large60px.jpg\" alt=\"\" ismap=\"ismap\" \/><\/a><\/td>\n<td style=\"height: 72px; vertical-align: top;\" valign=\"top\"><span style=\"font-size: 10pt;\">Rueun<\/span><br \/>\n<span style=\"font-size: 10pt;\">7.11.11<\/span><br \/>\n<span style=\"font-size: 10pt;\">210.01<\/span><\/td>\n<td style=\"height: 72px; vertical-align: top;\" valign=\"top\"><span style=\"font-size: 10pt;\">Chapelle St Nikolaus<\/span><\/td>\n<td style=\"height: 72px; vertical-align: top;\" valign=\"top\"><span style=\"font-size: 10pt;\">Analyse de mat\u00e9riaux<\/span><\/td>\n<\/tr>\n<tr style=\"height: 72px;\">\n<td style=\"height: 72px;\" valign=\"top\"><a href=\"https:\/\/csc-sarl.ch\/wp-content\/uploads\/2018\/06\/a_0210_02.pdf\" target=\"_self\" rel=\"noopener\"><img decoding=\"async\" class=\"rex_image\" src=\"https:\/\/csc-sarl.ch\/wp-content\/uploads\/2018\/06\/gr_021002_large60px.jpg\" alt=\"\" ismap=\"ismap\" \/><\/a><\/td>\n<td style=\"height: 72px; vertical-align: top;\" valign=\"top\"><span style=\"font-size: 10pt;\">Rueun<\/span><br \/>\n<span style=\"font-size: 10pt;\">14.1.13<\/span><br \/>\n<span style=\"font-size: 10pt;\">210.02<\/span><\/td>\n<td style=\"height: 72px; vertical-align: top;\" valign=\"top\"><span style=\"font-size: 10pt;\">Chapelle St Nikolaus<\/span><\/td>\n<td style=\"height: 72px; vertical-align: top;\" valign=\"top\"><span style=\"font-size: 10pt;\">Climat interne 2011-2012<\/span><\/td>\n<\/tr>\n<tr style=\"height: 72px;\">\n<td style=\"height: 72px;\" valign=\"top\"><a href=\"https:\/\/csc-sarl.ch\/wp-content\/uploads\/2018\/06\/a_0210_03.pdf\" target=\"_self\" rel=\"noopener\"><img decoding=\"async\" class=\"rex_image\" src=\"https:\/\/csc-sarl.ch\/wp-content\/uploads\/2018\/06\/gr_021003.jpg\" alt=\"[Keine Beschreibung eingegeben]\" ismap=\"ismap\" \/><\/a><\/td>\n<td style=\"height: 72px; vertical-align: top;\" valign=\"top\"><span style=\"font-size: 10pt;\">Rueun<\/span><br \/>\n<span style=\"font-size: 10pt;\">9.1.15<\/span><br \/>\n<span style=\"font-size: 10pt;\">210.03<\/span><\/td>\n<td style=\"height: 72px; vertical-align: top;\" valign=\"top\"><span style=\"font-size: 10pt;\">Chapelle St Nikolaus<\/span><\/td>\n<td style=\"height: 72px; vertical-align: top;\" valign=\"top\"><span style=\"font-size: 10pt;\">Climat interne 2013-2014<\/span><\/td>\n<\/tr>\n<tr style=\"height: 72px;\">\n<td style=\"height: 72px;\" valign=\"top\"><a href=\"https:\/\/csc-sarl.ch\/wp-content\/uploads\/2018\/06\/a_0176_02.pdf\" target=\"_self\" rel=\"noopener\"><img decoding=\"async\" class=\"rex_image\" src=\"https:\/\/csc-sarl.ch\/wp-content\/uploads\/2018\/06\/gr_017602.jpg\" alt=\"[Keine Beschreibung eingegeben]\" ismap=\"ismap\" \/><\/a><\/td>\n<td style=\"height: 72px; vertical-align: top;\" valign=\"top\"><span style=\"font-size: 10pt;\">Poschiavo<\/span><br \/>\n<span style=\"font-size: 10pt;\">21.7.14<\/span><br \/>\n<span style=\"font-size: 10pt;\">176.02<\/span><\/td>\n<td style=\"height: 72px; vertical-align: top;\" valign=\"top\"><span style=\"font-size: 10pt;\">\u00c9glise \u00e9vang\u00e9lique<\/span><\/td>\n<td style=\"height: 72px; vertical-align: top;\" valign=\"top\"><span style=\"font-size: 10pt;\">Analyse de sels<\/span><\/td>\n<\/tr>\n<tr style=\"height: 97px;\">\n<td style=\"height: 97px;\" valign=\"top\"><a href=\"https:\/\/csc-sarl.ch\/wp-content\/uploads\/2018\/06\/a_0191_01.pdf\" target=\"_self\" rel=\"noopener\"><img decoding=\"async\" class=\"rex_image\" src=\"https:\/\/csc-sarl.ch\/wp-content\/uploads\/2018\/06\/gr_019101.jpg\" alt=\"[Keine Beschreibung eingegeben]\" ismap=\"ismap\" \/><\/a><\/td>\n<td style=\"height: 97px; vertical-align: top;\" valign=\"top\"><span style=\"font-size: 10pt;\">Safien Platz<\/span><br \/>\n<span style=\"font-size: 10pt;\">3.03.11<\/span><br \/>\n<span style=\"font-size: 10pt;\">191.01<\/span><\/td>\n<td style=\"height: 97px; vertical-align: top;\" valign=\"top\"><span style=\"font-size: 10pt;\">Eglise<\/span><\/td>\n<td style=\"height: 97px; vertical-align: top;\" valign=\"top\"><span style=\"font-size: 10pt;\">Analyse d&rsquo;un cr\u00e9pi<\/span><\/td>\n<\/tr>\n<tr style=\"height: 72px;\">\n<td style=\"height: 72px;\" valign=\"top\"><a href=\"https:\/\/csc-sarl.ch\/wp-content\/uploads\/2018\/06\/a_0131_01.pdf\" target=\"_self\" rel=\"noopener\"><img decoding=\"async\" class=\"rex_image\" src=\"https:\/\/csc-sarl.ch\/wp-content\/uploads\/2018\/06\/gr_013101_large60px.jpg\" alt=\"[Keine Beschreibung eingegeben]\" ismap=\"ismap\" \/><\/a><\/td>\n<td style=\"height: 72px; vertical-align: top;\" valign=\"top\"><span style=\"font-size: 10pt;\">Stuls<\/span><br \/>\n<span style=\"font-size: 10pt;\">19.11.09<\/span><br \/>\n<span style=\"font-size: 10pt;\">131.01<\/span><\/td>\n<td style=\"height: 72px; vertical-align: top;\" valign=\"top\"><span style=\"font-size: 10pt;\">\u00c9glise \u00e9vang\u00e9lique<\/span><\/td>\n<td style=\"height: 72px; vertical-align: top;\" valign=\"top\"><span style=\"font-size: 10pt;\">Analyse de pigments<\/span><\/td>\n<\/tr>\n<\/tbody>\n<\/table>\n","protected":false},"excerpt":{"rendered":"<p>Projets r\u00e9alis\u00e9s dans le canton des Grisons (cliquez sur l&rsquo;image pour ouvrir le r\u00e9sum\u00e9) : &nbsp; R\u00e9sum\u00e9 Lieu\/date Objet Th\u00e8me Avers-Cr\u00f6t 22.9.08 68.01 Pont Stainst\u00e4g Recommandations pour l&rsquo;utilisation d&rsquo;un mortier Berg\u00fcn 20.7.09 98.01 \u00c9glise \u00e9vang\u00e9lique Analyse de sels Berg\u00fcn 19.11.09 132.01 \u00c9glise \u00e9vang\u00e9lique Analyse de pigments Davos 15.9.15 406.01 Maison Valsana Analyse de mat\u00e9riaux Filisur &hellip; <a href=\"https:\/\/conservation-science.ch\/?page_id=37041\" class=\"more-link\">Continuer la lecture de <span class=\"screen-reader-text\">Grisons &#8211; Canton<\/span><\/a><\/p>\n","protected":false},"author":1,"featured_media":0,"parent":37973,"menu_order":4,"comment_status":"closed","ping_status":"closed","template":"","meta":{"footnotes":""},"class_list":["post-37041","page","type-page","status-publish","hentry"],"yoast_head":"<!-- This site is optimized with the Yoast SEO plugin v27.2 - https:\/\/yoast.com\/product\/yoast-seo-wordpress\/ -->\n<title>Grisons - Canton - Bl\u00e4uer - Conservation - Science<\/title>\n<meta name=\"robots\" content=\"index, follow, max-snippet:-1, max-image-preview:large, max-video-preview:-1\" \/>\n<link rel=\"canonical\" href=\"https:\/\/conservation-science.ch\/?page_id=37041\" \/>\n<meta property=\"og:locale\" content=\"fr_FR\" \/>\n<meta property=\"og:type\" content=\"article\" \/>\n<meta property=\"og:title\" content=\"Grisons - Canton - Bl\u00e4uer - Conservation - Science\" \/>\n<meta property=\"og:description\" content=\"Projets r\u00e9alis\u00e9s dans le canton des Grisons (cliquez sur l&rsquo;image pour ouvrir le r\u00e9sum\u00e9) : &nbsp; R\u00e9sum\u00e9 Lieu\/date Objet Th\u00e8me Avers-Cr\u00f6t 22.9.08 68.01 Pont Stainst\u00e4g Recommandations pour l&rsquo;utilisation d&rsquo;un mortier Berg\u00fcn 20.7.09 98.01 \u00c9glise \u00e9vang\u00e9lique Analyse de sels Berg\u00fcn 19.11.09 132.01 \u00c9glise \u00e9vang\u00e9lique Analyse de pigments Davos 15.9.15 406.01 Maison Valsana Analyse de mat\u00e9riaux Filisur &hellip; Continuer la lecture de Grisons &#8211; Canton\" \/>\n<meta property=\"og:url\" content=\"https:\/\/conservation-science.ch\/?page_id=37041\" \/>\n<meta property=\"og:site_name\" content=\"Bl\u00e4uer - Conservation - Science\" \/>\n<meta property=\"article:modified_time\" content=\"2024-11-16T15:28:39+00:00\" \/>\n<meta property=\"og:image\" content=\"https:\/\/csc-sarl.ch\/wp-content\/uploads\/2018\/06\/gr_006801_large60px.jpg\" \/>\n<meta name=\"twitter:card\" content=\"summary_large_image\" \/>\n<meta name=\"twitter:label1\" content=\"Dur\u00e9e de lecture estim\u00e9e\" \/>\n\t<meta name=\"twitter:data1\" content=\"1 minute\" \/>\n<script type=\"application\/ld+json\" class=\"yoast-schema-graph\">{\"@context\":\"https:\/\/schema.org\",\"@graph\":[{\"@type\":\"WebPage\",\"@id\":\"https:\/\/conservation-science.ch\/?page_id=37041\",\"url\":\"https:\/\/conservation-science.ch\/?page_id=37041\",\"name\":\"Grisons - Canton - Bl\u00e4uer - Conservation - Science\",\"isPartOf\":{\"@id\":\"https:\/\/conservation-science.ch\/#website\"},\"primaryImageOfPage\":{\"@id\":\"https:\/\/conservation-science.ch\/?page_id=37041#primaryimage\"},\"image\":{\"@id\":\"https:\/\/conservation-science.ch\/?page_id=37041#primaryimage\"},\"thumbnailUrl\":\"https:\/\/csc-sarl.ch\/wp-content\/uploads\/2018\/06\/gr_006801_large60px.jpg\",\"datePublished\":\"2018-06-27T22:05:29+00:00\",\"dateModified\":\"2024-11-16T15:28:39+00:00\",\"breadcrumb\":{\"@id\":\"https:\/\/conservation-science.ch\/?page_id=37041#breadcrumb\"},\"inLanguage\":\"fr-FR\",\"potentialAction\":[{\"@type\":\"ReadAction\",\"target\":[\"https:\/\/conservation-science.ch\/?page_id=37041\"]}]},{\"@type\":\"ImageObject\",\"inLanguage\":\"fr-FR\",\"@id\":\"https:\/\/conservation-science.ch\/?page_id=37041#primaryimage\",\"url\":\"https:\/\/csc-sarl.ch\/wp-content\/uploads\/2018\/06\/gr_006801_large60px.jpg\",\"contentUrl\":\"https:\/\/csc-sarl.ch\/wp-content\/uploads\/2018\/06\/gr_006801_large60px.jpg\"},{\"@type\":\"BreadcrumbList\",\"@id\":\"https:\/\/conservation-science.ch\/?page_id=37041#breadcrumb\",\"itemListElement\":[{\"@type\":\"ListItem\",\"position\":1,\"name\":\"Accueil\",\"item\":\"https:\/\/conservation-science.ch\/\"},{\"@type\":\"ListItem\",\"position\":2,\"name\":\"Accueil\",\"item\":\"https:\/\/conservation-science.ch\/\"},{\"@type\":\"ListItem\",\"position\":3,\"name\":\"Etudes \/ Expertises\",\"item\":\"https:\/\/conservation-science.ch\/?page_id=28915\"},{\"@type\":\"ListItem\",\"position\":4,\"name\":\"Suisse\",\"item\":\"https:\/\/conservation-science.ch\/?page_id=30086\"},{\"@type\":\"ListItem\",\"position\":5,\"name\":\"GR (Grisons)\",\"item\":\"https:\/\/conservation-science.ch\/?page_id=37973\"},{\"@type\":\"ListItem\",\"position\":6,\"name\":\"Grisons &#8211; Canton\"}]},{\"@type\":\"WebSite\",\"@id\":\"https:\/\/conservation-science.ch\/#website\",\"url\":\"https:\/\/conservation-science.ch\/\",\"name\":\"CSC - Conservation - Sciences\",\"description\":\"Transmission de connaissances dans le domaine des sciences de la conservation du patrimoine b\u00e2ti\",\"potentialAction\":[{\"@type\":\"SearchAction\",\"target\":{\"@type\":\"EntryPoint\",\"urlTemplate\":\"https:\/\/conservation-science.ch\/?s={search_term_string}\"},\"query-input\":{\"@type\":\"PropertyValueSpecification\",\"valueRequired\":true,\"valueName\":\"search_term_string\"}}],\"inLanguage\":\"fr-FR\"}]}<\/script>\n<!-- \/ Yoast SEO plugin. -->","yoast_head_json":{"title":"Grisons - Canton - Bl\u00e4uer - Conservation - Science","robots":{"index":"index","follow":"follow","max-snippet":"max-snippet:-1","max-image-preview":"max-image-preview:large","max-video-preview":"max-video-preview:-1"},"canonical":"https:\/\/conservation-science.ch\/?page_id=37041","og_locale":"fr_FR","og_type":"article","og_title":"Grisons - Canton - Bl\u00e4uer - Conservation - Science","og_description":"Projets r\u00e9alis\u00e9s dans le canton des Grisons (cliquez sur l&rsquo;image pour ouvrir le r\u00e9sum\u00e9) : &nbsp; R\u00e9sum\u00e9 Lieu\/date Objet Th\u00e8me Avers-Cr\u00f6t 22.9.08 68.01 Pont Stainst\u00e4g Recommandations pour l&rsquo;utilisation d&rsquo;un mortier Berg\u00fcn 20.7.09 98.01 \u00c9glise \u00e9vang\u00e9lique Analyse de sels Berg\u00fcn 19.11.09 132.01 \u00c9glise \u00e9vang\u00e9lique Analyse de pigments Davos 15.9.15 406.01 Maison Valsana Analyse de mat\u00e9riaux Filisur &hellip; Continuer la lecture de Grisons &#8211; Canton","og_url":"https:\/\/conservation-science.ch\/?page_id=37041","og_site_name":"Bl\u00e4uer - Conservation - Science","article_modified_time":"2024-11-16T15:28:39+00:00","og_image":[{"url":"https:\/\/csc-sarl.ch\/wp-content\/uploads\/2018\/06\/gr_006801_large60px.jpg","type":"","width":"","height":""}],"twitter_card":"summary_large_image","twitter_misc":{"Dur\u00e9e de lecture estim\u00e9e":"1 minute"},"schema":{"@context":"https:\/\/schema.org","@graph":[{"@type":"WebPage","@id":"https:\/\/conservation-science.ch\/?page_id=37041","url":"https:\/\/conservation-science.ch\/?page_id=37041","name":"Grisons - Canton - Bl\u00e4uer - Conservation - Science","isPartOf":{"@id":"https:\/\/conservation-science.ch\/#website"},"primaryImageOfPage":{"@id":"https:\/\/conservation-science.ch\/?page_id=37041#primaryimage"},"image":{"@id":"https:\/\/conservation-science.ch\/?page_id=37041#primaryimage"},"thumbnailUrl":"https:\/\/csc-sarl.ch\/wp-content\/uploads\/2018\/06\/gr_006801_large60px.jpg","datePublished":"2018-06-27T22:05:29+00:00","dateModified":"2024-11-16T15:28:39+00:00","breadcrumb":{"@id":"https:\/\/conservation-science.ch\/?page_id=37041#breadcrumb"},"inLanguage":"fr-FR","potentialAction":[{"@type":"ReadAction","target":["https:\/\/conservation-science.ch\/?page_id=37041"]}]},{"@type":"ImageObject","inLanguage":"fr-FR","@id":"https:\/\/conservation-science.ch\/?page_id=37041#primaryimage","url":"https:\/\/csc-sarl.ch\/wp-content\/uploads\/2018\/06\/gr_006801_large60px.jpg","contentUrl":"https:\/\/csc-sarl.ch\/wp-content\/uploads\/2018\/06\/gr_006801_large60px.jpg"},{"@type":"BreadcrumbList","@id":"https:\/\/conservation-science.ch\/?page_id=37041#breadcrumb","itemListElement":[{"@type":"ListItem","position":1,"name":"Accueil","item":"https:\/\/conservation-science.ch\/"},{"@type":"ListItem","position":2,"name":"Accueil","item":"https:\/\/conservation-science.ch\/"},{"@type":"ListItem","position":3,"name":"Etudes \/ Expertises","item":"https:\/\/conservation-science.ch\/?page_id=28915"},{"@type":"ListItem","position":4,"name":"Suisse","item":"https:\/\/conservation-science.ch\/?page_id=30086"},{"@type":"ListItem","position":5,"name":"GR (Grisons)","item":"https:\/\/conservation-science.ch\/?page_id=37973"},{"@type":"ListItem","position":6,"name":"Grisons &#8211; Canton"}]},{"@type":"WebSite","@id":"https:\/\/conservation-science.ch\/#website","url":"https:\/\/conservation-science.ch\/","name":"CSC - Conservation - Sciences","description":"Transmission de connaissances dans le domaine des sciences de la conservation du patrimoine b\u00e2ti","potentialAction":[{"@type":"SearchAction","target":{"@type":"EntryPoint","urlTemplate":"https:\/\/conservation-science.ch\/?s={search_term_string}"},"query-input":{"@type":"PropertyValueSpecification","valueRequired":true,"valueName":"search_term_string"}}],"inLanguage":"fr-FR"}]}},"_links":{"self":[{"href":"https:\/\/conservation-science.ch\/index.php?rest_route=\/wp\/v2\/pages\/37041","targetHints":{"allow":["GET"]}}],"collection":[{"href":"https:\/\/conservation-science.ch\/index.php?rest_route=\/wp\/v2\/pages"}],"about":[{"href":"https:\/\/conservation-science.ch\/index.php?rest_route=\/wp\/v2\/types\/page"}],"author":[{"embeddable":true,"href":"https:\/\/conservation-science.ch\/index.php?rest_route=\/wp\/v2\/users\/1"}],"replies":[{"embeddable":true,"href":"https:\/\/conservation-science.ch\/index.php?rest_route=%2Fwp%2Fv2%2Fcomments&post=37041"}],"version-history":[{"count":7,"href":"https:\/\/conservation-science.ch\/index.php?rest_route=\/wp\/v2\/pages\/37041\/revisions"}],"predecessor-version":[{"id":40149,"href":"https:\/\/conservation-science.ch\/index.php?rest_route=\/wp\/v2\/pages\/37041\/revisions\/40149"}],"up":[{"embeddable":true,"href":"https:\/\/conservation-science.ch\/index.php?rest_route=\/wp\/v2\/pages\/37973"}],"wp:attachment":[{"href":"https:\/\/conservation-science.ch\/index.php?rest_route=%2Fwp%2Fv2%2Fmedia&parent=37041"}],"curies":[{"name":"wp","href":"https:\/\/api.w.org\/{rel}","templated":true}]}}