{"id":30774,"date":"2018-06-21T09:47:50","date_gmt":"2018-06-21T07:47:50","guid":{"rendered":"https:\/\/objectif-lune.ch\/?page_id=30774"},"modified":"2024-11-16T16:28:17","modified_gmt":"2024-11-16T15:28:17","slug":"geneve","status":"publish","type":"page","link":"https:\/\/conservation-science.ch\/?page_id=30774","title":{"rendered":"GE (Gen\u00e8ve)"},"content":{"rendered":"<p><strong>Projets r\u00e9alis\u00e9s dans le canton de Gen\u00e8ve <\/strong><strong>(cliquez sur <\/strong><strong>l&rsquo;image pour ouvrir le r\u00e9sum\u00e9<\/strong><strong>) <\/strong><strong>:<\/strong><\/p>\n<p>&nbsp;<\/p>\n<table border=\"2\" width=\"580\" cellpadding=\"2\">\n<tbody>\n<tr>\n<td style=\"vertical-align: top;\"><span style=\"font-size: 10pt;\"><strong>R\u00e9sum\u00e9<\/strong><\/span><\/td>\n<td style=\"vertical-align: top;\"><span style=\"font-size: 10pt;\"><strong>Lieu\/date<br \/>\n<\/strong><\/span><\/td>\n<td style=\"vertical-align: top;\"><span style=\"font-size: 10pt;\"><strong>Objet<br \/>\n<\/strong><\/span><\/td>\n<td style=\"vertical-align: top;\"><span style=\"font-size: 10pt;\"><strong>Th\u00e8me<br \/>\n<\/strong><\/span><\/td>\n<\/tr>\n<tr>\n<td style=\"vertical-align: top;\"><span style=\"font-size: 10pt;\"><a href=\"https:\/\/csc-sarl.ch\/wp-content\/uploads\/2018\/06\/a_0053_01.pdf\" target=\"_self\" rel=\"noopener\"><img decoding=\"async\" src=\"https:\/\/csc-sarl.ch\/wp-content\/uploads\/2018\/06\/ge_005301_large60px.jpg\" alt=\"[Keine Beschreibung eingegeben]\" ismap=\"ismap\" \/><\/a><\/span><\/td>\n<td style=\"vertical-align: top;\"><span style=\"font-size: 10pt;\">Gen\u00e8ve<\/span><br \/>\n<span style=\"font-size: 10pt;\">17.7.08<\/span><br \/>\n<span style=\"font-size: 10pt;\">53.01<\/span><\/td>\n<td style=\"vertical-align: top;\"><span style=\"font-size: 10pt;\">Maison des Paons<\/span><\/td>\n<td style=\"vertical-align: top;\"><span style=\"font-size: 10pt;\">Conseils dans le cadre de la r\u00e9fection des fa\u00e7ades<\/span><\/td>\n<\/tr>\n<tr>\n<td style=\"vertical-align: top;\"><span style=\"font-size: 10pt;\"><a href=\"https:\/\/csc-sarl.ch\/wp-content\/uploads\/2018\/06\/a_0063_01.pdf\" target=\"_self\" rel=\"noopener\"><img decoding=\"async\" src=\"https:\/\/csc-sarl.ch\/wp-content\/uploads\/2018\/06\/ge_006301_large60px.jpg\" alt=\"[Keine Beschreibung eingegeben]\" ismap=\"ismap\" \/><\/a><\/span><\/td>\n<td style=\"vertical-align: top;\"><span style=\"font-size: 10pt;\">Gen\u00e8ve<\/span><br \/>\n<span style=\"font-size: 10pt;\">1.10.08<\/span><br \/>\n<span style=\"font-size: 10pt;\">63.01<\/span><\/td>\n<td style=\"vertical-align: top;\"><span style=\"font-size: 10pt;\">Promenade du Pin<\/span><\/td>\n<td style=\"vertical-align: top;\"><span style=\"font-size: 10pt;\">\u00c9tude des d\u00e9collements d&rsquo;une peinture hydrofuge<\/span><\/td>\n<\/tr>\n<tr>\n<td style=\"vertical-align: top;\"><span style=\"font-size: 10pt;\"><a href=\"https:\/\/csc-sarl.ch\/wp-content\/uploads\/2018\/06\/a_0063_02.pdf\" target=\"_self\" rel=\"noopener\"><img decoding=\"async\" src=\"https:\/\/csc-sarl.ch\/wp-content\/uploads\/2018\/06\/ge_006302_large60px.jpg\" alt=\"[Keine Beschreibung eingegeben]\" ismap=\"ismap\" \/><\/a><\/span><\/td>\n<td style=\"vertical-align: top;\"><span style=\"font-size: 10pt;\">Gen\u00e8ve<\/span><br \/>\n<span style=\"font-size: 10pt;\">4.8.10<\/span><br \/>\n<span style=\"font-size: 10pt;\">63.02<\/span><\/td>\n<td style=\"vertical-align: top;\"><span style=\"font-size: 10pt;\">Promenade du Pin<\/span><\/td>\n<td style=\"vertical-align: top;\"><span style=\"font-size: 10pt;\">Constat d&rsquo;\u00e9tat d\u00e9taill\u00e9, conseils<\/span><br \/>\n<span style=\"font-size: 10pt;\">(collaboration avec M. O. Fawer, atelier Lithos, Lausanne)<\/span><\/td>\n<\/tr>\n<tr>\n<td style=\"vertical-align: top;\"><span style=\"font-size: 10pt;\"><a href=\"https:\/\/csc-sarl.ch\/wp-content\/uploads\/2018\/06\/a_0080_01.pdf\" target=\"_self\" rel=\"noopener\"><img decoding=\"async\" src=\"https:\/\/csc-sarl.ch\/wp-content\/uploads\/2018\/06\/ge_008001_large60px.jpg\" alt=\"[Keine Beschreibung eingegeben]\" ismap=\"ismap\" \/><\/a><\/span><\/td>\n<td style=\"vertical-align: top;\"><span style=\"font-size: 10pt;\">Gen\u00e8ve, jardin anglais<\/span><br \/>\n<span style=\"font-size: 10pt;\">19.3.09\/ 80.01<\/span><\/td>\n<td style=\"vertical-align: top;\"><span style=\"font-size: 10pt;\">Pavillon Rustique<\/span><\/td>\n<td style=\"vertical-align: top;\"><span style=\"font-size: 10pt;\">Identification des mat\u00e9riaux cimenteux et conseils relatifs \u00e0 leur r\u00e9fection<\/span><\/td>\n<\/tr>\n<tr>\n<td style=\"vertical-align: top;\"><span style=\"font-size: 10pt;\"><a href=\"https:\/\/csc-sarl.ch\/wp-content\/uploads\/2018\/06\/a_0248_01.pdf\" target=\"_self\" rel=\"noopener\"><img decoding=\"async\" src=\"https:\/\/csc-sarl.ch\/wp-content\/uploads\/2018\/06\/ge_024801_large60px_1.jpg\" alt=\"\" ismap=\"ismap\" \/><\/a><\/span><\/td>\n<td style=\"vertical-align: top;\"><span style=\"font-size: 10pt;\">Gen\u00e8ve<\/span><br \/>\n<span style=\"font-size: 10pt;\">21.12.12<\/span><br \/>\n<span style=\"font-size: 10pt;\">248.01<\/span><\/td>\n<td style=\"vertical-align: top;\"><span style=\"font-size: 10pt;\">Cath\u00e9drale St Pierre<\/span><\/td>\n<td style=\"vertical-align: top;\"><span style=\"font-size: 10pt;\">Analyse de d\u00e9cors peints sur portes en bois<\/span><\/td>\n<\/tr>\n<tr>\n<td style=\"vertical-align: top;\"><span style=\"font-size: 10pt;\"><a href=\"https:\/\/csc-sarl.ch\/wp-content\/uploads\/2018\/06\/a_0275_01.pdf\" target=\"_self\" rel=\"noopener\"><img decoding=\"async\" src=\"https:\/\/csc-sarl.ch\/wp-content\/uploads\/2018\/06\/ge_027501_large60px.jpg\" alt=\"\" ismap=\"ismap\" \/><\/a><\/span><\/td>\n<td style=\"vertical-align: top;\"><span style=\"font-size: 10pt;\">Gen\u00e8ve<\/span><br \/>\n<span style=\"font-size: 10pt;\">20.3.13<\/span><br \/>\n<span style=\"font-size: 10pt;\">275.01<\/span><\/td>\n<td style=\"vertical-align: top;\"><span style=\"font-size: 10pt;\">Th\u00e9\u00e2tre de l&rsquo;Alhambra<\/span><\/td>\n<td style=\"vertical-align: top;\"><span style=\"font-size: 10pt;\">Analyse du mortier de finition (simili-pierre jaune)<\/span><\/td>\n<\/tr>\n<tr>\n<td style=\"vertical-align: top;\"><span style=\"font-size: 10pt;\"><a href=\"https:\/\/csc-sarl.ch\/wp-content\/uploads\/2018\/06\/a_0378_01.pdf\" target=\"_self\" rel=\"noopener\"><img decoding=\"async\" src=\"https:\/\/csc-sarl.ch\/wp-content\/uploads\/2018\/06\/ge_037801.jpg\" alt=\"[Keine Beschreibung eingegeben]\" ismap=\"ismap\" \/><\/a><\/span><\/td>\n<td style=\"vertical-align: top;\"><span style=\"font-size: 10pt;\">Gen\u00e8ve<\/span><br \/>\n<span style=\"font-size: 10pt;\">28.10.15<\/span><br \/>\n<span style=\"font-size: 10pt;\">378.01<\/span><\/td>\n<td style=\"vertical-align: top;\"><span style=\"font-size: 10pt;\">Eglise orthoxe, fa\u00e7ades<\/span><\/td>\n<td style=\"vertical-align: top;\"><span style=\"font-size: 10pt;\">Analyse de peintures<\/span><\/td>\n<\/tr>\n<tr>\n<td style=\"vertical-align: top;\"><span style=\"font-size: 10pt;\"><a href=\"https:\/\/csc-sarl.ch\/wp-content\/uploads\/2018\/06\/a_0379_01.pdf\" target=\"_self\" rel=\"noopener\"><img decoding=\"async\" src=\"https:\/\/csc-sarl.ch\/wp-content\/uploads\/2018\/06\/ge_037901.jpg\" alt=\"[Keine Beschreibung eingegeben]\" ismap=\"ismap\" \/><\/a><\/span><\/td>\n<td style=\"vertical-align: top;\"><span style=\"font-size: 10pt;\">Gen\u00e8ve<\/span><br \/>\n<span style=\"font-size: 10pt;\">13.2.15<\/span><br \/>\n<span style=\"font-size: 10pt;\">379.01<\/span><\/td>\n<td style=\"vertical-align: top;\"><span style=\"font-size: 10pt;\">Maison Tavel, sous-sols et rez-de-chauss\u00e9e<\/span><\/td>\n<td style=\"vertical-align: top;\"><span style=\"font-size: 10pt;\">Alt\u00e9rations r\u00e9currentes : \u00e9valuation de la situation<\/span><\/td>\n<\/tr>\n<tr>\n<td style=\"vertical-align: top;\"><span style=\"font-size: 10pt;\"><a href=\"https:\/\/csc-sarl.ch\/wp-content\/uploads\/2018\/06\/a_0379_02.pdf\" target=\"_self\" rel=\"noopener\"><img decoding=\"async\" src=\"https:\/\/csc-sarl.ch\/wp-content\/uploads\/2018\/06\/ge_037902.jpg\" alt=\"[Keine Beschreibung eingegeben]\" ismap=\"ismap\" \/><\/a><\/span><\/td>\n<td style=\"vertical-align: top;\"><span style=\"font-size: 10pt;\">Gen\u00e8ve<\/span><br \/>\n<span style=\"font-size: 10pt;\">25.6.15<\/span><br \/>\n<span style=\"font-size: 10pt;\">379.02<\/span><\/td>\n<td style=\"vertical-align: top;\"><span style=\"font-size: 10pt;\">Maison Tavel, sous-sols et rez-de-chauss\u00e9e<\/span><\/td>\n<td style=\"vertical-align: top;\"><span style=\"font-size: 10pt;\">Recherche des sels dans les mat\u00e9riaux<\/span><\/td>\n<\/tr>\n<tr>\n<td style=\"vertical-align: top;\"><span style=\"font-size: 10pt;\"><a href=\"https:\/\/csc-sarl.ch\/wp-content\/uploads\/2018\/06\/a_0385_01.pdf\" target=\"_self\" rel=\"noopener\"><img decoding=\"async\" src=\"https:\/\/csc-sarl.ch\/wp-content\/uploads\/2018\/06\/ge_038501.jpg\" alt=\"[Keine Beschreibung eingegeben]\" ismap=\"ismap\" \/><\/a><\/span><\/td>\n<td style=\"vertical-align: top;\"><span style=\"font-size: 10pt;\">Gen\u00e8ve<\/span><br \/>\n<span style=\"font-size: 10pt;\">28.9.15<\/span><br \/>\n<span style=\"font-size: 10pt;\">385.01<\/span><\/td>\n<td style=\"vertical-align: top;\"><span style=\"font-size: 10pt;\">Mus\u00e9e d&rsquo;Histoire des Sciences, sous-sol<\/span><\/td>\n<td style=\"vertical-align: top;\"><span style=\"font-size: 10pt;\">Suivi climatique et analyse de sels<\/span><\/td>\n<\/tr>\n<\/tbody>\n<\/table>\n<p>&nbsp;<\/p>\n","protected":false},"excerpt":{"rendered":"<p>Projets r\u00e9alis\u00e9s dans le canton de Gen\u00e8ve (cliquez sur l&rsquo;image pour ouvrir le r\u00e9sum\u00e9) : &nbsp; R\u00e9sum\u00e9 Lieu\/date Objet Th\u00e8me Gen\u00e8ve 17.7.08 53.01 Maison des Paons Conseils dans le cadre de la r\u00e9fection des fa\u00e7ades Gen\u00e8ve 1.10.08 63.01 Promenade du Pin \u00c9tude des d\u00e9collements d&rsquo;une peinture hydrofuge Gen\u00e8ve 4.8.10 63.02 Promenade du Pin Constat d&rsquo;\u00e9tat &hellip; <a href=\"https:\/\/conservation-science.ch\/?page_id=30774\" class=\"more-link\">Continuer la lecture de <span class=\"screen-reader-text\">GE (Gen\u00e8ve)<\/span><\/a><\/p>\n","protected":false},"author":1,"featured_media":0,"parent":30086,"menu_order":6,"comment_status":"closed","ping_status":"closed","template":"","meta":{"footnotes":""},"class_list":["post-30774","page","type-page","status-publish","hentry"],"yoast_head":"<!-- This site is optimized with the Yoast SEO plugin v27.2 - https:\/\/yoast.com\/product\/yoast-seo-wordpress\/ -->\n<title>GE (Gen\u00e8ve) - Bl\u00e4uer - Conservation - Science<\/title>\n<meta name=\"robots\" content=\"index, follow, max-snippet:-1, max-image-preview:large, max-video-preview:-1\" \/>\n<link rel=\"canonical\" href=\"https:\/\/conservation-science.ch\/?page_id=30774\" \/>\n<meta property=\"og:locale\" content=\"fr_FR\" \/>\n<meta property=\"og:type\" content=\"article\" \/>\n<meta property=\"og:title\" content=\"GE (Gen\u00e8ve) - Bl\u00e4uer - Conservation - Science\" \/>\n<meta property=\"og:description\" content=\"Projets r\u00e9alis\u00e9s dans le canton de Gen\u00e8ve (cliquez sur l&rsquo;image pour ouvrir le r\u00e9sum\u00e9) : &nbsp; R\u00e9sum\u00e9 Lieu\/date Objet Th\u00e8me Gen\u00e8ve 17.7.08 53.01 Maison des Paons Conseils dans le cadre de la r\u00e9fection des fa\u00e7ades Gen\u00e8ve 1.10.08 63.01 Promenade du Pin \u00c9tude des d\u00e9collements d&rsquo;une peinture hydrofuge Gen\u00e8ve 4.8.10 63.02 Promenade du Pin Constat d&rsquo;\u00e9tat &hellip; Continuer la lecture de GE (Gen\u00e8ve)\" \/>\n<meta property=\"og:url\" content=\"https:\/\/conservation-science.ch\/?page_id=30774\" \/>\n<meta property=\"og:site_name\" content=\"Bl\u00e4uer - Conservation - Science\" \/>\n<meta property=\"article:modified_time\" content=\"2024-11-16T15:28:17+00:00\" \/>\n<meta property=\"og:image\" content=\"https:\/\/csc-sarl.ch\/wp-content\/uploads\/2018\/06\/ge_005301_large60px.jpg\" \/>\n<meta name=\"twitter:card\" content=\"summary_large_image\" \/>\n<meta name=\"twitter:label1\" content=\"Dur\u00e9e de lecture estim\u00e9e\" \/>\n\t<meta name=\"twitter:data1\" content=\"1 minute\" \/>\n<script type=\"application\/ld+json\" class=\"yoast-schema-graph\">{\"@context\":\"https:\/\/schema.org\",\"@graph\":[{\"@type\":\"WebPage\",\"@id\":\"https:\/\/conservation-science.ch\/?page_id=30774\",\"url\":\"https:\/\/conservation-science.ch\/?page_id=30774\",\"name\":\"GE (Gen\u00e8ve) - Bl\u00e4uer - Conservation - Science\",\"isPartOf\":{\"@id\":\"https:\/\/conservation-science.ch\/#website\"},\"primaryImageOfPage\":{\"@id\":\"https:\/\/conservation-science.ch\/?page_id=30774#primaryimage\"},\"image\":{\"@id\":\"https:\/\/conservation-science.ch\/?page_id=30774#primaryimage\"},\"thumbnailUrl\":\"https:\/\/csc-sarl.ch\/wp-content\/uploads\/2018\/06\/ge_005301_large60px.jpg\",\"datePublished\":\"2018-06-21T07:47:50+00:00\",\"dateModified\":\"2024-11-16T15:28:17+00:00\",\"breadcrumb\":{\"@id\":\"https:\/\/conservation-science.ch\/?page_id=30774#breadcrumb\"},\"inLanguage\":\"fr-FR\",\"potentialAction\":[{\"@type\":\"ReadAction\",\"target\":[\"https:\/\/conservation-science.ch\/?page_id=30774\"]}]},{\"@type\":\"ImageObject\",\"inLanguage\":\"fr-FR\",\"@id\":\"https:\/\/conservation-science.ch\/?page_id=30774#primaryimage\",\"url\":\"https:\/\/csc-sarl.ch\/wp-content\/uploads\/2018\/06\/ge_005301_large60px.jpg\",\"contentUrl\":\"https:\/\/csc-sarl.ch\/wp-content\/uploads\/2018\/06\/ge_005301_large60px.jpg\"},{\"@type\":\"BreadcrumbList\",\"@id\":\"https:\/\/conservation-science.ch\/?page_id=30774#breadcrumb\",\"itemListElement\":[{\"@type\":\"ListItem\",\"position\":1,\"name\":\"Accueil\",\"item\":\"https:\/\/conservation-science.ch\/\"},{\"@type\":\"ListItem\",\"position\":2,\"name\":\"Accueil\",\"item\":\"https:\/\/conservation-science.ch\/\"},{\"@type\":\"ListItem\",\"position\":3,\"name\":\"Etudes \/ Expertises\",\"item\":\"https:\/\/conservation-science.ch\/?page_id=28915\"},{\"@type\":\"ListItem\",\"position\":4,\"name\":\"Suisse\",\"item\":\"https:\/\/conservation-science.ch\/?page_id=30086\"},{\"@type\":\"ListItem\",\"position\":5,\"name\":\"GE (Gen\u00e8ve)\"}]},{\"@type\":\"WebSite\",\"@id\":\"https:\/\/conservation-science.ch\/#website\",\"url\":\"https:\/\/conservation-science.ch\/\",\"name\":\"CSC - Conservation - Sciences\",\"description\":\"Transmission de connaissances dans le domaine des sciences de la conservation du patrimoine b\u00e2ti\",\"potentialAction\":[{\"@type\":\"SearchAction\",\"target\":{\"@type\":\"EntryPoint\",\"urlTemplate\":\"https:\/\/conservation-science.ch\/?s={search_term_string}\"},\"query-input\":{\"@type\":\"PropertyValueSpecification\",\"valueRequired\":true,\"valueName\":\"search_term_string\"}}],\"inLanguage\":\"fr-FR\"}]}<\/script>\n<!-- \/ Yoast SEO plugin. -->","yoast_head_json":{"title":"GE (Gen\u00e8ve) - Bl\u00e4uer - Conservation - Science","robots":{"index":"index","follow":"follow","max-snippet":"max-snippet:-1","max-image-preview":"max-image-preview:large","max-video-preview":"max-video-preview:-1"},"canonical":"https:\/\/conservation-science.ch\/?page_id=30774","og_locale":"fr_FR","og_type":"article","og_title":"GE (Gen\u00e8ve) - Bl\u00e4uer - Conservation - Science","og_description":"Projets r\u00e9alis\u00e9s dans le canton de Gen\u00e8ve (cliquez sur l&rsquo;image pour ouvrir le r\u00e9sum\u00e9) : &nbsp; R\u00e9sum\u00e9 Lieu\/date Objet Th\u00e8me Gen\u00e8ve 17.7.08 53.01 Maison des Paons Conseils dans le cadre de la r\u00e9fection des fa\u00e7ades Gen\u00e8ve 1.10.08 63.01 Promenade du Pin \u00c9tude des d\u00e9collements d&rsquo;une peinture hydrofuge Gen\u00e8ve 4.8.10 63.02 Promenade du Pin Constat d&rsquo;\u00e9tat &hellip; Continuer la lecture de GE (Gen\u00e8ve)","og_url":"https:\/\/conservation-science.ch\/?page_id=30774","og_site_name":"Bl\u00e4uer - Conservation - Science","article_modified_time":"2024-11-16T15:28:17+00:00","og_image":[{"url":"https:\/\/csc-sarl.ch\/wp-content\/uploads\/2018\/06\/ge_005301_large60px.jpg","type":"","width":"","height":""}],"twitter_card":"summary_large_image","twitter_misc":{"Dur\u00e9e de lecture estim\u00e9e":"1 minute"},"schema":{"@context":"https:\/\/schema.org","@graph":[{"@type":"WebPage","@id":"https:\/\/conservation-science.ch\/?page_id=30774","url":"https:\/\/conservation-science.ch\/?page_id=30774","name":"GE (Gen\u00e8ve) - Bl\u00e4uer - Conservation - Science","isPartOf":{"@id":"https:\/\/conservation-science.ch\/#website"},"primaryImageOfPage":{"@id":"https:\/\/conservation-science.ch\/?page_id=30774#primaryimage"},"image":{"@id":"https:\/\/conservation-science.ch\/?page_id=30774#primaryimage"},"thumbnailUrl":"https:\/\/csc-sarl.ch\/wp-content\/uploads\/2018\/06\/ge_005301_large60px.jpg","datePublished":"2018-06-21T07:47:50+00:00","dateModified":"2024-11-16T15:28:17+00:00","breadcrumb":{"@id":"https:\/\/conservation-science.ch\/?page_id=30774#breadcrumb"},"inLanguage":"fr-FR","potentialAction":[{"@type":"ReadAction","target":["https:\/\/conservation-science.ch\/?page_id=30774"]}]},{"@type":"ImageObject","inLanguage":"fr-FR","@id":"https:\/\/conservation-science.ch\/?page_id=30774#primaryimage","url":"https:\/\/csc-sarl.ch\/wp-content\/uploads\/2018\/06\/ge_005301_large60px.jpg","contentUrl":"https:\/\/csc-sarl.ch\/wp-content\/uploads\/2018\/06\/ge_005301_large60px.jpg"},{"@type":"BreadcrumbList","@id":"https:\/\/conservation-science.ch\/?page_id=30774#breadcrumb","itemListElement":[{"@type":"ListItem","position":1,"name":"Accueil","item":"https:\/\/conservation-science.ch\/"},{"@type":"ListItem","position":2,"name":"Accueil","item":"https:\/\/conservation-science.ch\/"},{"@type":"ListItem","position":3,"name":"Etudes \/ Expertises","item":"https:\/\/conservation-science.ch\/?page_id=28915"},{"@type":"ListItem","position":4,"name":"Suisse","item":"https:\/\/conservation-science.ch\/?page_id=30086"},{"@type":"ListItem","position":5,"name":"GE (Gen\u00e8ve)"}]},{"@type":"WebSite","@id":"https:\/\/conservation-science.ch\/#website","url":"https:\/\/conservation-science.ch\/","name":"CSC - Conservation - Sciences","description":"Transmission de connaissances dans le domaine des sciences de la conservation du patrimoine b\u00e2ti","potentialAction":[{"@type":"SearchAction","target":{"@type":"EntryPoint","urlTemplate":"https:\/\/conservation-science.ch\/?s={search_term_string}"},"query-input":{"@type":"PropertyValueSpecification","valueRequired":true,"valueName":"search_term_string"}}],"inLanguage":"fr-FR"}]}},"_links":{"self":[{"href":"https:\/\/conservation-science.ch\/index.php?rest_route=\/wp\/v2\/pages\/30774","targetHints":{"allow":["GET"]}}],"collection":[{"href":"https:\/\/conservation-science.ch\/index.php?rest_route=\/wp\/v2\/pages"}],"about":[{"href":"https:\/\/conservation-science.ch\/index.php?rest_route=\/wp\/v2\/types\/page"}],"author":[{"embeddable":true,"href":"https:\/\/conservation-science.ch\/index.php?rest_route=\/wp\/v2\/users\/1"}],"replies":[{"embeddable":true,"href":"https:\/\/conservation-science.ch\/index.php?rest_route=%2Fwp%2Fv2%2Fcomments&post=30774"}],"version-history":[{"count":3,"href":"https:\/\/conservation-science.ch\/index.php?rest_route=\/wp\/v2\/pages\/30774\/revisions"}],"predecessor-version":[{"id":40148,"href":"https:\/\/conservation-science.ch\/index.php?rest_route=\/wp\/v2\/pages\/30774\/revisions\/40148"}],"up":[{"embeddable":true,"href":"https:\/\/conservation-science.ch\/index.php?rest_route=\/wp\/v2\/pages\/30086"}],"wp:attachment":[{"href":"https:\/\/conservation-science.ch\/index.php?rest_route=%2Fwp%2Fv2%2Fmedia&parent=30774"}],"curies":[{"name":"wp","href":"https:\/\/api.w.org\/{rel}","templated":true}]}}