{"id":30677,"date":"2018-06-20T18:32:49","date_gmt":"2018-06-20T16:32:49","guid":{"rendered":"https:\/\/objectif-lune.ch\/?page_id=30677"},"modified":"2024-11-16T16:27:59","modified_gmt":"2024-11-16T15:27:59","slug":"bale-ville","status":"publish","type":"page","link":"https:\/\/conservation-science.ch\/?page_id=30677","title":{"rendered":"BS (B\u00e2le ville)"},"content":{"rendered":"<p><strong>Projets r\u00e9alis\u00e9s dans le canton de B\u00e2le ville <\/strong><strong>:<\/strong><\/p>\n<ul>\n<li>projets r\u00e9alis\u00e9s sur la cath\u00e9drale de B\u00e2le ;<\/li>\n<li>projets r\u00e9alis\u00e9s sur la Porte de Spalen;<\/li>\n<li>autres projets r\u00e9alis\u00e9s dans le Canton de B\u00e2le-Ville.<\/li>\n<\/ul>\n<p><strong>Projets r\u00e9alis\u00e9s sur la cath\u00e9drale de B\u00e2le <\/strong><strong>(cliquez sur <\/strong><strong>l&rsquo;image pour ouvrir le r\u00e9sum\u00e9<\/strong><strong>) <\/strong><strong>:<\/strong><\/p>\n<table border=\"2\" width=\"580\" cellpadding=\"2\">\n<tbody>\n<tr>\n<td style=\"vertical-align: top;\" valign=\"top\"><span style=\"font-size: 10pt;\"><strong>R\u00e9sum\u00e9<\/strong><\/span><\/td>\n<td style=\"vertical-align: top;\" valign=\"top\"><span style=\"font-size: 10pt;\"><strong>Lieu\/date<br \/>\n<\/strong><\/span><\/td>\n<td style=\"vertical-align: top;\" valign=\"top\"><span style=\"font-size: 10pt;\"><strong>Objet<br \/>\n<\/strong><\/span><\/td>\n<td style=\"vertical-align: top;\" valign=\"top\"><span style=\"font-size: 10pt;\"><strong>Th\u00e8me<br \/>\n<\/strong><\/span><\/td>\n<\/tr>\n<tr>\n<td style=\"vertical-align: top;\" valign=\"top\" width=\"58\" height=\"\"><span style=\"font-size: 10pt;\"><a href=\"https:\/\/conservation-science.ch\/a_0048_02-4\/\"><img loading=\"lazy\" decoding=\"async\" class=\"rex_image alignnone\" src=\"https:\/\/csc-sarl.ch\/wp-content\/uploads\/2018\/06\/bs_004802_large60px.jpg\" alt=\"[Keine Beschreibung eingegeben]\" ismap=\"ismap\" width=\"60\" height=\"45\" \/><\/a><\/span><\/td>\n<td style=\"vertical-align: top;\" valign=\"top\"><span style=\"font-size: 10pt;\">B\u00e2le<\/span><br \/>\n<span style=\"font-size: 10pt;\">16.12.08<\/span><br \/>\n<span style=\"font-size: 10pt;\">48.02<\/span><\/td>\n<td style=\"vertical-align: top;\" valign=\"top\"><span style=\"font-size: 10pt;\">Cath\u00e9drale<\/span><\/td>\n<td style=\"vertical-align: top;\" valign=\"top\"><span style=\"font-size: 10pt;\">Mesures climatiques de 2006 \u00e0 mai 2008<\/span><\/td>\n<\/tr>\n<tr>\n<td style=\"vertical-align: top;\" valign=\"top\"><span style=\"font-size: 10pt;\"><a href=\"https:\/\/csc-sarl.ch\/wp-content\/uploads\/2018\/06\/a_0048_03.pdf\" target=\"_self\" rel=\"noopener\"><img decoding=\"async\" class=\"rex_image\" src=\"https:\/\/csc-sarl.ch\/wp-content\/uploads\/2018\/06\/bs_004803_large60px.jpg\" alt=\"[Keine Beschreibung eingegeben]\" ismap=\"ismap\" \/><\/a><\/span><\/td>\n<td style=\"vertical-align: top;\" valign=\"top\"><span style=\"font-size: 10pt;\">B\u00e2le<\/span><br \/>\n<span style=\"font-size: 10pt;\">9.12.09<\/span><br \/>\n<span style=\"font-size: 10pt;\">48.03<\/span><\/td>\n<td style=\"vertical-align: top;\" valign=\"top\"><span style=\"font-size: 10pt;\">Cath\u00e9drale<\/span><br \/>\n<span style=\"font-size: 10pt;\">(crypte)<\/span><\/td>\n<td style=\"vertical-align: top;\" valign=\"top\"><span style=\"font-size: 10pt;\">Mesures climatiques 2008-2009 ; climat et d\u00e9gradations dans la crypte<\/span><\/td>\n<\/tr>\n<tr>\n<td style=\"vertical-align: top;\" valign=\"top\"><span style=\"font-size: 10pt;\"><a href=\"https:\/\/csc-sarl.ch\/wp-content\/uploads\/2018\/06\/a_0014_01f_1.pdf\" target=\"_self\" rel=\"noopener\"><img decoding=\"async\" class=\"rex_image\" src=\"https:\/\/csc-sarl.ch\/wp-content\/uploads\/2018\/06\/be_bs_fr_vd_001401_large60px.jpg\" alt=\"[Keine Beschreibung eingegeben]\" ismap=\"ismap\" \/><\/a><\/span><\/td>\n<td style=\"vertical-align: top;\" valign=\"top\"><span style=\"font-size: 10pt;\">B\u00e2le<\/span><br \/>\n<span style=\"font-size: 10pt;\">Berne<\/span><br \/>\n<span style=\"font-size: 10pt;\">Fribourg<\/span><br \/>\n<span style=\"font-size: 10pt;\">Lausanne<\/span><br \/>\n<span style=\"font-size: 10pt;\">25.2.09\/ 14.01<\/span><\/td>\n<td style=\"vertical-align: top;\" valign=\"top\"><span style=\"font-size: 10pt;\">Cath\u00e9drales<\/span><\/td>\n<td style=\"vertical-align: top;\" valign=\"top\"><span style=\"font-size: 10pt;\">Projet de recherche et d\u00e9veloppement<\/span><br \/>\n<span style=\"font-size: 10pt;\">Rapport : <a href=\"https:\/\/csc-sarl.ch\/wp-content\/uploads\/2018\/06\/r0014_01f_bs_be_fr_vd_4kt.pdf\" target=\"_self\" rel=\"noopener\"><img decoding=\"async\" class=\"rex_image\" src=\"https:\/\/csc-sarl.ch\/wp-content\/uploads\/2018\/06\/logoacrobatptt.jpg\" alt=\"[Keine Beschreibung eingegeben]\" ismap=\"ismap\" \/><\/a><\/span><\/td>\n<\/tr>\n<tr>\n<td style=\"vertical-align: top;\" valign=\"top\"><span style=\"font-size: 10pt;\"><a href=\"https:\/\/csc-sarl.ch\/wp-content\/uploads\/2018\/06\/a_0087_01.pdf\" target=\"_self\" rel=\"noopener\"><img decoding=\"async\" class=\"rex_image\" src=\"https:\/\/csc-sarl.ch\/wp-content\/uploads\/2018\/06\/bs_008701.jpg\" alt=\"[Keine Beschreibung eingegeben]\" ismap=\"ismap\" \/><\/a><\/span><\/td>\n<td style=\"vertical-align: top;\" valign=\"top\"><span style=\"font-size: 10pt;\">B\u00e2le<\/span><br \/>\n<span style=\"font-size: 10pt;\">14.12.10<\/span><br \/>\n<span style=\"font-size: 10pt;\">87.01<\/span><\/td>\n<td style=\"vertical-align: top;\" valign=\"top\"><span style=\"font-size: 10pt;\">Cath\u00e9drale<\/span><\/td>\n<td style=\"vertical-align: top;\" valign=\"top\"><span style=\"font-size: 10pt;\">D\u00e9coloration de mortier de ragr\u00e9age<\/span><\/td>\n<\/tr>\n<tr>\n<td style=\"vertical-align: top;\" valign=\"top\"><span style=\"font-size: 10pt;\"><a href=\"https:\/\/csc-sarl.ch\/wp-content\/uploads\/2018\/06\/a_0355_01.pdf\" target=\"_self\" rel=\"noopener\"><img decoding=\"async\" class=\"rex_image\" src=\"https:\/\/csc-sarl.ch\/wp-content\/uploads\/2018\/06\/bs_035501.jpg\" alt=\"[Keine Beschreibung eingegeben]\" ismap=\"ismap\" \/><\/a><\/span><\/td>\n<td style=\"vertical-align: top;\" valign=\"top\"><span style=\"font-size: 10pt;\">Basel<\/span><br \/>\n<span style=\"font-size: 10pt;\">29.7.14<\/span><br \/>\n<span style=\"font-size: 10pt;\">355.01<\/span><\/td>\n<td style=\"vertical-align: top;\" valign=\"top\"><span style=\"font-size: 10pt;\">Cath\u00e9drale<\/span><\/td>\n<td style=\"vertical-align: top;\" valign=\"top\"><span style=\"font-size: 10pt;\">Analyse d&rsquo;un mortier de jointoiement<\/span><\/td>\n<\/tr>\n<\/tbody>\n<\/table>\n<p>&nbsp;<\/p>\n<p><strong>Projets r\u00e9alis\u00e9s sur la porte de Spalen <\/strong><strong>(cliquez sur <\/strong><strong>l&rsquo;image pour ouvrir le r\u00e9sum\u00e9<\/strong><strong>)<\/strong><strong>:<\/strong><\/p>\n<table border=\"2\" width=\"580\" cellpadding=\"2\">\n<tbody>\n<tr>\n<td style=\"vertical-align: top;\" valign=\"top\"><span style=\"font-size: 10pt;\"><strong>R\u00e9sum\u00e9<\/strong><\/span><\/td>\n<td style=\"vertical-align: top;\" valign=\"top\"><span style=\"font-size: 10pt;\"><strong>Lieu\/date<br \/>\n<\/strong><\/span><\/td>\n<td style=\"vertical-align: top;\" valign=\"top\"><span style=\"font-size: 10pt;\"><strong>Objet<br \/>\n<\/strong><\/span><\/td>\n<td style=\"vertical-align: top;\" valign=\"top\"><span style=\"font-size: 10pt;\"><strong>Th\u00e8me<br \/>\n<\/strong><\/span><\/td>\n<\/tr>\n<tr>\n<td style=\"vertical-align: top;\" valign=\"top\"><span style=\"font-size: 10pt;\"><a href=\"https:\/\/csc-sarl.ch\/wp-content\/uploads\/2018\/06\/a_0194_01.pdf\" target=\"_self\" rel=\"noopener\"><img decoding=\"async\" class=\"rex_image\" src=\"https:\/\/csc-sarl.ch\/wp-content\/uploads\/2018\/06\/bs_019401.jpg\" alt=\"[Keine Beschreibung eingegeben]\" ismap=\"ismap\" \/><\/a><\/span><\/td>\n<td style=\"vertical-align: top;\" valign=\"top\"><span style=\"font-size: 10pt;\">B\u00e2le<\/span><br \/>\n<span style=\"font-size: 10pt;\">27.07.11<\/span><br \/>\n<span style=\"font-size: 10pt;\">194.01<\/span><\/td>\n<td style=\"vertical-align: top;\" valign=\"top\"><span style=\"font-size: 10pt;\">Porte de Spalen<\/span><\/td>\n<td style=\"vertical-align: top;\" valign=\"top\"><span style=\"font-size: 10pt;\">Cartographie des mat\u00e9riaux et des d\u00e9gradations<\/span><\/td>\n<\/tr>\n<tr>\n<td style=\"vertical-align: top;\" valign=\"top\"><span style=\"font-size: 10pt;\"><a href=\"https:\/\/csc-sarl.ch\/wp-content\/uploads\/2018\/06\/a_0233_01.pdf\" target=\"_self\" rel=\"noopener\"><img decoding=\"async\" class=\"rex_image\" src=\"https:\/\/csc-sarl.ch\/wp-content\/uploads\/2018\/06\/bs_023301_large60px.jpg\" alt=\"[Keine Beschreibung eingegeben]\" ismap=\"ismap\" \/><\/a><\/span><\/td>\n<td style=\"vertical-align: top;\" valign=\"top\"><span style=\"font-size: 10pt;\">B\u00e2le<\/span><br \/>\n<span style=\"font-size: 10pt;\">4.4.12<\/span><br \/>\n<span style=\"font-size: 10pt;\">233.01<\/span><\/td>\n<td style=\"vertical-align: top;\" valign=\"top\"><span style=\"font-size: 10pt;\">Porte de Spalen<\/span><\/td>\n<td style=\"vertical-align: top;\" valign=\"top\"><span style=\"font-size: 10pt;\">Analyses de polychromies<\/span><\/td>\n<\/tr>\n<tr>\n<td style=\"vertical-align: top;\" valign=\"top\"><span style=\"font-size: 10pt;\"><a href=\"https:\/\/csc-sarl.ch\/wp-content\/uploads\/2018\/06\/a_0233_02.pdf\" target=\"_self\" rel=\"noopener\"><img decoding=\"async\" class=\"rex_image\" src=\"https:\/\/csc-sarl.ch\/wp-content\/uploads\/2018\/06\/bs_023302_large60px.jpg\" alt=\"[Keine Beschreibung eingegeben]\" ismap=\"ismap\" \/><\/a><\/span><\/td>\n<td style=\"vertical-align: top;\" valign=\"top\"><span style=\"font-size: 10pt;\">B\u00e2le<\/span><br \/>\n<span style=\"font-size: 10pt;\">20.8.13<\/span><br \/>\n<span style=\"font-size: 10pt;\">233.02<\/span><\/td>\n<td style=\"vertical-align: top;\" valign=\"top\"><span style=\"font-size: 10pt;\">Porte de Spalen<\/span><\/td>\n<td style=\"vertical-align: top;\" valign=\"top\"><span style=\"font-size: 10pt;\">Analyses de polychromies<\/span><\/td>\n<\/tr>\n<tr>\n<td style=\"vertical-align: top;\" valign=\"top\"><span style=\"font-size: 10pt;\"><a href=\"https:\/\/csc-sarl.ch\/wp-content\/uploads\/2018\/06\/a_0233_03.pdf\" target=\"_self\" rel=\"noopener\"><img decoding=\"async\" class=\"rex_image\" src=\"https:\/\/csc-sarl.ch\/wp-content\/uploads\/2018\/06\/bs_023303_large60px.jpg\" alt=\"[Keine Beschreibung eingegeben]\" ismap=\"ismap\" \/><\/a><\/span><\/td>\n<td style=\"vertical-align: top;\" valign=\"top\"><span style=\"font-size: 10pt;\">B\u00e2le<\/span><br \/>\n<span style=\"font-size: 10pt;\">23.10.13<\/span><br \/>\n<span style=\"font-size: 10pt;\">233.03<\/span><\/td>\n<td style=\"vertical-align: top;\" valign=\"top\"><span style=\"font-size: 10pt;\">Porte de Spalen<\/span><\/td>\n<td style=\"vertical-align: top;\" valign=\"top\"><span style=\"font-size: 10pt;\">Analyses de polychromies<\/span><\/td>\n<\/tr>\n<\/tbody>\n<\/table>\n<p>&nbsp;<\/p>\n<p><strong>Projets r\u00e9alis\u00e9s dans le canton de B\u00e2le ville <\/strong><strong>(cliquez sur <\/strong><strong>l&rsquo;image pour ouvrir le r\u00e9sum\u00e9<\/strong><strong>) <\/strong><strong>:<\/strong><\/p>\n<table border=\"2\" cellpadding=\"2\">\n<tbody>\n<tr>\n<td style=\"width: 82px; vertical-align: top;\" valign=\"top\"><span style=\"font-size: 10pt;\"><strong>R\u00e9sum\u00e9<\/strong><\/span><\/td>\n<td style=\"width: 120px; vertical-align: top;\" valign=\"top\"><span style=\"font-size: 10pt;\"><strong>Lieu\/date<br \/>\n<\/strong><\/span><\/td>\n<td style=\"width: 211px; vertical-align: top;\" valign=\"top\"><span style=\"font-size: 10pt;\"><strong>Objet<br \/>\n<\/strong><\/span><\/td>\n<td style=\"width: 168px; vertical-align: top;\" valign=\"top\"><span style=\"font-size: 10pt;\"><strong>Th\u00e8me<br \/>\n<\/strong><\/span><\/td>\n<\/tr>\n<tr>\n<td style=\"width: 82px; vertical-align: top;\" valign=\"top\"><span style=\"font-size: 10pt;\"><a href=\"https:\/\/csc-sarl.ch\/wp-content\/uploads\/2018\/06\/a_0208_01.pdf\" target=\"_self\" rel=\"noopener\"><img decoding=\"async\" class=\"rex_image\" src=\"https:\/\/csc-sarl.ch\/wp-content\/uploads\/2018\/06\/bs_020801.jpg\" alt=\"[Keine Beschreibung eingegeben]\" ismap=\"ismap\" \/><\/a><\/span><\/td>\n<td style=\"width: 120px; vertical-align: top;\" valign=\"top\"><span style=\"font-size: 10pt;\">B\u00e2le<\/span><br \/>\n<span style=\"font-size: 10pt;\">7.07.11<\/span><br \/>\n<span style=\"font-size: 10pt;\">208.01<\/span><\/td>\n<td style=\"width: 211px; vertical-align: top;\" valign=\"top\"><span style=\"font-size: 10pt;\">Statue de la Vierge<\/span><br \/>\n<span style=\"font-size: 10pt;\">\u00e0 l&rsquo;enfant<\/span><\/td>\n<td style=\"width: 168px; vertical-align: top;\" valign=\"top\"><span style=\"font-size: 10pt;\">Analyse de mat\u00e9riaux<\/span><\/td>\n<\/tr>\n<tr>\n<td style=\"width: 82px; vertical-align: top;\" valign=\"top\"><span style=\"font-size: 10pt;\"><a href=\"https:\/\/conservation-science.ch\/a_0324_01\/\" target=\"_self\" rel=\"noopener\"><img decoding=\"async\" class=\"rex_image\" src=\"https:\/\/csc-sarl.ch\/wp-content\/uploads\/2018\/06\/bs_032401.jpg\" alt=\"[Keine Beschreibung eingegeben]\" ismap=\"ismap\" \/><\/a><\/span><\/td>\n<td style=\"width: 120px; vertical-align: top;\" valign=\"top\"><span style=\"font-size: 10pt;\">B\u00e2le<\/span><br \/>\n<span style=\"font-size: 10pt;\">17.2.14<\/span><br \/>\n<span style=\"font-size: 10pt;\">324.01<\/span><\/td>\n<td style=\"width: 211px; vertical-align: top;\" valign=\"top\"><span style=\"font-size: 10pt;\">Restaurant Zoo<\/span><\/td>\n<td style=\"width: 168px; vertical-align: top;\" valign=\"top\"><span style=\"font-size: 10pt;\">Analyse de mat\u00e9riaux<\/span><\/td>\n<\/tr>\n<tr>\n<td style=\"width: 82px; vertical-align: top;\" valign=\"top\"><span style=\"font-size: 10pt;\"><a href=\" https:\/\/conservation-science.ch\/a_0325_01\/\"><img loading=\"lazy\" decoding=\"async\" class=\"rex_image alignnone\" src=\"https:\/\/csc-sarl.ch\/wp-content\/uploads\/2018\/06\/bs_032501.jpg\" alt=\"[Keine Beschreibung eingegeben]\" ismap=\"ismap\" width=\"60\" height=\"73\" \/><\/a><\/span><\/td>\n<td style=\"width: 120px; vertical-align: top;\" valign=\"top\"><span style=\"font-size: 10pt;\">B\u00e2le<\/span><br \/>\n<span style=\"font-size: 10pt;\">4.3.14<\/span><br \/>\n<span style=\"font-size: 10pt;\">325.01<\/span><\/td>\n<td style=\"width: 211px; vertical-align: top;\" valign=\"top\"><span style=\"font-size: 10pt;\">Ecole Bruderholz<\/span><\/td>\n<td style=\"width: 168px; vertical-align: top;\" valign=\"top\"><span style=\"font-size: 10pt;\">Analyse de mat\u00e9riaux<\/span><\/td>\n<\/tr>\n<tr>\n<td style=\"width: 82px; vertical-align: top;\" valign=\"top\"><span style=\"font-size: 10pt;\"><a href=\"https:\/\/conservation-science.ch\/a_0394_01\/\" target=\"_self\" rel=\"noopener\"><img decoding=\"async\" class=\"rex_image\" src=\"https:\/\/csc-sarl.ch\/wp-content\/uploads\/2018\/06\/bs_039401.jpg\" alt=\"\" ismap=\"ismap\" \/><\/a><\/span><\/td>\n<td style=\"width: 120px; vertical-align: top;\" valign=\"top\"><span style=\"font-size: 10pt;\">B\u00e2le<\/span><br \/>\n<span style=\"font-size: 10pt;\">25.6.15<\/span><br \/>\n<span style=\"font-size: 10pt;\">394.01<\/span><\/td>\n<td style=\"width: 211px; vertical-align: top;\" valign=\"top\"><span style=\"font-size: 10pt;\">Elisabethenstrasse 53<\/span><\/td>\n<td style=\"width: 168px; vertical-align: top;\" valign=\"top\"><span style=\"font-size: 10pt;\">Analyse stratigraphique<\/span><\/td>\n<\/tr>\n<tr>\n<td style=\"width: 82px; vertical-align: top;\" valign=\"top\"><span style=\"font-size: 10pt;\"><a href=\"https:\/\/csc-sarl.ch\/wp-content\/uploads\/2018\/06\/a_0395_01.pdf\" target=\"_self\" rel=\"noopener\"><img decoding=\"async\" class=\"rex_image\" src=\"https:\/\/csc-sarl.ch\/wp-content\/uploads\/2018\/06\/bs_039501.jpg\" alt=\"[Keine Beschreibung eingegeben]\" ismap=\"ismap\" \/><\/a><\/span><\/td>\n<td style=\"width: 120px; vertical-align: top;\" valign=\"top\"><span style=\"font-size: 10pt;\">B\u00e2le<\/span><br \/>\n<span style=\"font-size: 10pt;\">28.7.15<\/span><br \/>\n<span style=\"font-size: 10pt;\">395.01<\/span><\/td>\n<td style=\"width: 211px; vertical-align: top;\" valign=\"top\"><span style=\"font-size: 10pt;\">Holbeinstrasse 28, \u00e9glise Ste Marie<\/span><\/td>\n<td style=\"width: 168px; vertical-align: top;\" valign=\"top\"><span style=\"font-size: 10pt;\">Ancien traitement de surface<\/span><\/td>\n<\/tr>\n<tr>\n<td style=\"width: 82px; vertical-align: top;\" valign=\"top\"><span style=\"font-size: 10pt;\"><a href=\"https:\/\/csc-sarl.ch\/wp-content\/uploads\/2018\/06\/a_0454_01.pdf\" target=\"_self\" rel=\"noopener\"><img decoding=\"async\" class=\"rex_image\" src=\"https:\/\/csc-sarl.ch\/wp-content\/uploads\/2018\/06\/bs_basel_a0454-01.jpg\" alt=\"[Keine Beschreibung eingegeben]\" ismap=\"ismap\" \/><\/a><\/span><\/td>\n<td style=\"width: 120px; vertical-align: top;\" valign=\"top\"><span style=\"font-size: 10pt;\">B\u00e2le<\/span><br \/>\n<span style=\"font-size: 10pt;\">28.9.16<\/span><br \/>\n<span style=\"font-size: 10pt;\">454.01<\/span><\/td>\n<td style=\"width: 211px; vertical-align: top;\" valign=\"top\"><span style=\"font-size: 10pt;\">Liebespaare (<em>Les amants<\/em>) de H. St\u00f6cklin<\/span><\/td>\n<td style=\"width: 168px; vertical-align: top;\" valign=\"top\"><span style=\"font-size: 10pt;\">Analyse de mat\u00e9riaux<\/span><\/td>\n<\/tr>\n<\/tbody>\n<\/table>\n<p>&nbsp;<\/p>\n","protected":false},"excerpt":{"rendered":"<p>Projets r\u00e9alis\u00e9s dans le canton de B\u00e2le ville : projets r\u00e9alis\u00e9s sur la cath\u00e9drale de B\u00e2le ; projets r\u00e9alis\u00e9s sur la Porte de Spalen; autres projets r\u00e9alis\u00e9s dans le Canton de B\u00e2le-Ville. Projets r\u00e9alis\u00e9s sur la cath\u00e9drale de B\u00e2le (cliquez sur l&rsquo;image pour ouvrir le r\u00e9sum\u00e9) : R\u00e9sum\u00e9 Lieu\/date Objet Th\u00e8me B\u00e2le 16.12.08 48.02 Cath\u00e9drale &hellip; <a href=\"https:\/\/conservation-science.ch\/?page_id=30677\" class=\"more-link\">Continuer la lecture de <span class=\"screen-reader-text\">BS (B\u00e2le ville)<\/span><\/a><\/p>\n","protected":false},"author":1,"featured_media":0,"parent":30086,"menu_order":4,"comment_status":"closed","ping_status":"closed","template":"","meta":{"footnotes":""},"class_list":["post-30677","page","type-page","status-publish","hentry"],"yoast_head":"<!-- This site is optimized with the Yoast SEO plugin v27.2 - https:\/\/yoast.com\/product\/yoast-seo-wordpress\/ -->\n<title>BS (B\u00e2le ville) - Bl\u00e4uer - Conservation - Science<\/title>\n<meta name=\"robots\" content=\"index, follow, max-snippet:-1, max-image-preview:large, max-video-preview:-1\" \/>\n<link rel=\"canonical\" href=\"https:\/\/conservation-science.ch\/?page_id=30677\" \/>\n<meta property=\"og:locale\" content=\"fr_FR\" \/>\n<meta property=\"og:type\" content=\"article\" \/>\n<meta property=\"og:title\" content=\"BS (B\u00e2le ville) - Bl\u00e4uer - Conservation - Science\" \/>\n<meta property=\"og:description\" content=\"Projets r\u00e9alis\u00e9s dans le canton de B\u00e2le ville : projets r\u00e9alis\u00e9s sur la cath\u00e9drale de B\u00e2le ; projets r\u00e9alis\u00e9s sur la Porte de Spalen; autres projets r\u00e9alis\u00e9s dans le Canton de B\u00e2le-Ville. Projets r\u00e9alis\u00e9s sur la cath\u00e9drale de B\u00e2le (cliquez sur l&rsquo;image pour ouvrir le r\u00e9sum\u00e9) : R\u00e9sum\u00e9 Lieu\/date Objet Th\u00e8me B\u00e2le 16.12.08 48.02 Cath\u00e9drale &hellip; Continuer la lecture de BS (B\u00e2le ville)\" \/>\n<meta property=\"og:url\" content=\"https:\/\/conservation-science.ch\/?page_id=30677\" \/>\n<meta property=\"og:site_name\" content=\"Bl\u00e4uer - Conservation - Science\" \/>\n<meta property=\"article:modified_time\" content=\"2024-11-16T15:27:59+00:00\" \/>\n<meta property=\"og:image\" content=\"https:\/\/csc-sarl.ch\/wp-content\/uploads\/2018\/06\/bs_004802_large60px.jpg\" \/>\n<meta name=\"twitter:card\" content=\"summary_large_image\" \/>\n<meta name=\"twitter:label1\" content=\"Dur\u00e9e de lecture estim\u00e9e\" \/>\n\t<meta name=\"twitter:data1\" content=\"1 minute\" \/>\n<script type=\"application\/ld+json\" class=\"yoast-schema-graph\">{\"@context\":\"https:\/\/schema.org\",\"@graph\":[{\"@type\":\"WebPage\",\"@id\":\"https:\/\/conservation-science.ch\/?page_id=30677\",\"url\":\"https:\/\/conservation-science.ch\/?page_id=30677\",\"name\":\"BS (B\u00e2le ville) - Bl\u00e4uer - Conservation - Science\",\"isPartOf\":{\"@id\":\"https:\/\/conservation-science.ch\/#website\"},\"primaryImageOfPage\":{\"@id\":\"https:\/\/conservation-science.ch\/?page_id=30677#primaryimage\"},\"image\":{\"@id\":\"https:\/\/conservation-science.ch\/?page_id=30677#primaryimage\"},\"thumbnailUrl\":\"https:\/\/csc-sarl.ch\/wp-content\/uploads\/2018\/06\/bs_004802_large60px.jpg\",\"datePublished\":\"2018-06-20T16:32:49+00:00\",\"dateModified\":\"2024-11-16T15:27:59+00:00\",\"breadcrumb\":{\"@id\":\"https:\/\/conservation-science.ch\/?page_id=30677#breadcrumb\"},\"inLanguage\":\"fr-FR\",\"potentialAction\":[{\"@type\":\"ReadAction\",\"target\":[\"https:\/\/conservation-science.ch\/?page_id=30677\"]}]},{\"@type\":\"ImageObject\",\"inLanguage\":\"fr-FR\",\"@id\":\"https:\/\/conservation-science.ch\/?page_id=30677#primaryimage\",\"url\":\"https:\/\/csc-sarl.ch\/wp-content\/uploads\/2018\/06\/bs_004802_large60px.jpg\",\"contentUrl\":\"https:\/\/csc-sarl.ch\/wp-content\/uploads\/2018\/06\/bs_004802_large60px.jpg\"},{\"@type\":\"BreadcrumbList\",\"@id\":\"https:\/\/conservation-science.ch\/?page_id=30677#breadcrumb\",\"itemListElement\":[{\"@type\":\"ListItem\",\"position\":1,\"name\":\"Accueil\",\"item\":\"https:\/\/conservation-science.ch\/\"},{\"@type\":\"ListItem\",\"position\":2,\"name\":\"Accueil\",\"item\":\"https:\/\/conservation-science.ch\/\"},{\"@type\":\"ListItem\",\"position\":3,\"name\":\"Etudes \/ Expertises\",\"item\":\"https:\/\/conservation-science.ch\/?page_id=28915\"},{\"@type\":\"ListItem\",\"position\":4,\"name\":\"Suisse\",\"item\":\"https:\/\/conservation-science.ch\/?page_id=30086\"},{\"@type\":\"ListItem\",\"position\":5,\"name\":\"BS (B\u00e2le ville)\"}]},{\"@type\":\"WebSite\",\"@id\":\"https:\/\/conservation-science.ch\/#website\",\"url\":\"https:\/\/conservation-science.ch\/\",\"name\":\"CSC - Conservation - Sciences\",\"description\":\"Transmission de connaissances dans le domaine des sciences de la conservation du patrimoine b\u00e2ti\",\"potentialAction\":[{\"@type\":\"SearchAction\",\"target\":{\"@type\":\"EntryPoint\",\"urlTemplate\":\"https:\/\/conservation-science.ch\/?s={search_term_string}\"},\"query-input\":{\"@type\":\"PropertyValueSpecification\",\"valueRequired\":true,\"valueName\":\"search_term_string\"}}],\"inLanguage\":\"fr-FR\"}]}<\/script>\n<!-- \/ Yoast SEO plugin. -->","yoast_head_json":{"title":"BS (B\u00e2le ville) - Bl\u00e4uer - Conservation - Science","robots":{"index":"index","follow":"follow","max-snippet":"max-snippet:-1","max-image-preview":"max-image-preview:large","max-video-preview":"max-video-preview:-1"},"canonical":"https:\/\/conservation-science.ch\/?page_id=30677","og_locale":"fr_FR","og_type":"article","og_title":"BS (B\u00e2le ville) - Bl\u00e4uer - Conservation - Science","og_description":"Projets r\u00e9alis\u00e9s dans le canton de B\u00e2le ville : projets r\u00e9alis\u00e9s sur la cath\u00e9drale de B\u00e2le ; projets r\u00e9alis\u00e9s sur la Porte de Spalen; autres projets r\u00e9alis\u00e9s dans le Canton de B\u00e2le-Ville. Projets r\u00e9alis\u00e9s sur la cath\u00e9drale de B\u00e2le (cliquez sur l&rsquo;image pour ouvrir le r\u00e9sum\u00e9) : R\u00e9sum\u00e9 Lieu\/date Objet Th\u00e8me B\u00e2le 16.12.08 48.02 Cath\u00e9drale &hellip; Continuer la lecture de BS (B\u00e2le ville)","og_url":"https:\/\/conservation-science.ch\/?page_id=30677","og_site_name":"Bl\u00e4uer - Conservation - Science","article_modified_time":"2024-11-16T15:27:59+00:00","og_image":[{"url":"https:\/\/csc-sarl.ch\/wp-content\/uploads\/2018\/06\/bs_004802_large60px.jpg","type":"","width":"","height":""}],"twitter_card":"summary_large_image","twitter_misc":{"Dur\u00e9e de lecture estim\u00e9e":"1 minute"},"schema":{"@context":"https:\/\/schema.org","@graph":[{"@type":"WebPage","@id":"https:\/\/conservation-science.ch\/?page_id=30677","url":"https:\/\/conservation-science.ch\/?page_id=30677","name":"BS (B\u00e2le ville) - Bl\u00e4uer - Conservation - Science","isPartOf":{"@id":"https:\/\/conservation-science.ch\/#website"},"primaryImageOfPage":{"@id":"https:\/\/conservation-science.ch\/?page_id=30677#primaryimage"},"image":{"@id":"https:\/\/conservation-science.ch\/?page_id=30677#primaryimage"},"thumbnailUrl":"https:\/\/csc-sarl.ch\/wp-content\/uploads\/2018\/06\/bs_004802_large60px.jpg","datePublished":"2018-06-20T16:32:49+00:00","dateModified":"2024-11-16T15:27:59+00:00","breadcrumb":{"@id":"https:\/\/conservation-science.ch\/?page_id=30677#breadcrumb"},"inLanguage":"fr-FR","potentialAction":[{"@type":"ReadAction","target":["https:\/\/conservation-science.ch\/?page_id=30677"]}]},{"@type":"ImageObject","inLanguage":"fr-FR","@id":"https:\/\/conservation-science.ch\/?page_id=30677#primaryimage","url":"https:\/\/csc-sarl.ch\/wp-content\/uploads\/2018\/06\/bs_004802_large60px.jpg","contentUrl":"https:\/\/csc-sarl.ch\/wp-content\/uploads\/2018\/06\/bs_004802_large60px.jpg"},{"@type":"BreadcrumbList","@id":"https:\/\/conservation-science.ch\/?page_id=30677#breadcrumb","itemListElement":[{"@type":"ListItem","position":1,"name":"Accueil","item":"https:\/\/conservation-science.ch\/"},{"@type":"ListItem","position":2,"name":"Accueil","item":"https:\/\/conservation-science.ch\/"},{"@type":"ListItem","position":3,"name":"Etudes \/ Expertises","item":"https:\/\/conservation-science.ch\/?page_id=28915"},{"@type":"ListItem","position":4,"name":"Suisse","item":"https:\/\/conservation-science.ch\/?page_id=30086"},{"@type":"ListItem","position":5,"name":"BS (B\u00e2le ville)"}]},{"@type":"WebSite","@id":"https:\/\/conservation-science.ch\/#website","url":"https:\/\/conservation-science.ch\/","name":"CSC - Conservation - Sciences","description":"Transmission de connaissances dans le domaine des sciences de la conservation du patrimoine b\u00e2ti","potentialAction":[{"@type":"SearchAction","target":{"@type":"EntryPoint","urlTemplate":"https:\/\/conservation-science.ch\/?s={search_term_string}"},"query-input":{"@type":"PropertyValueSpecification","valueRequired":true,"valueName":"search_term_string"}}],"inLanguage":"fr-FR"}]}},"_links":{"self":[{"href":"https:\/\/conservation-science.ch\/index.php?rest_route=\/wp\/v2\/pages\/30677","targetHints":{"allow":["GET"]}}],"collection":[{"href":"https:\/\/conservation-science.ch\/index.php?rest_route=\/wp\/v2\/pages"}],"about":[{"href":"https:\/\/conservation-science.ch\/index.php?rest_route=\/wp\/v2\/types\/page"}],"author":[{"embeddable":true,"href":"https:\/\/conservation-science.ch\/index.php?rest_route=\/wp\/v2\/users\/1"}],"replies":[{"embeddable":true,"href":"https:\/\/conservation-science.ch\/index.php?rest_route=%2Fwp%2Fv2%2Fcomments&post=30677"}],"version-history":[{"count":12,"href":"https:\/\/conservation-science.ch\/index.php?rest_route=\/wp\/v2\/pages\/30677\/revisions"}],"predecessor-version":[{"id":40146,"href":"https:\/\/conservation-science.ch\/index.php?rest_route=\/wp\/v2\/pages\/30677\/revisions\/40146"}],"up":[{"embeddable":true,"href":"https:\/\/conservation-science.ch\/index.php?rest_route=\/wp\/v2\/pages\/30086"}],"wp:attachment":[{"href":"https:\/\/conservation-science.ch\/index.php?rest_route=%2Fwp%2Fv2%2Fmedia&parent=30677"}],"curies":[{"name":"wp","href":"https:\/\/api.w.org\/{rel}","templated":true}]}}