{"id":30664,"date":"2018-06-20T13:56:47","date_gmt":"2018-06-20T11:56:47","guid":{"rendered":"https:\/\/objectif-lune.ch\/?page_id=30664"},"modified":"2024-11-16T16:27:53","modified_gmt":"2024-11-16T15:27:53","slug":"bale-campagne","status":"publish","type":"page","link":"https:\/\/conservation-science.ch\/?page_id=30664","title":{"rendered":"BL (B\u00e2le campagne)"},"content":{"rendered":"<p>&nbsp;<\/p>\n<table border=\"2\" width=\"580\" cellpadding=\"2\">\n<tbody>\n<tr>\n<td valign=\"top\"><strong>R\u00e9sum\u00e9<\/strong><\/td>\n<td valign=\"top\"><strong>Lieu\/date<br \/>\n<\/strong><\/td>\n<td valign=\"top\"><strong>Objet<br \/>\n<\/strong><\/td>\n<td valign=\"top\"><strong>Th\u00e8me<br \/>\n<\/strong><\/td>\n<\/tr>\n<tr>\n<td valign=\"top\" width=\"58\" height=\"\"><a href=\"https:\/\/csc-sarl.ch\/wp-content\/uploads\/2018\/06\/a_0006_01.pdf\" target=\"_self\" rel=\"noopener\"><img decoding=\"async\" src=\"https:\/\/csc-sarl.ch\/wp-content\/uploads\/2018\/06\/bl_000601_large60px.jpg\" alt=\"[Keine Beschreibung eingegeben]\" ismap=\"ismap\" \/><\/a><\/td>\n<td valign=\"top\">L\u00e4ufelfingen<br \/>\n16.4.07<br \/>\n6.01<\/td>\n<td valign=\"top\">Ruine du ch\u00e2teau de Homburg<\/td>\n<td valign=\"top\">\u00c9tude des mortiers et des cr\u00e9pis<\/td>\n<\/tr>\n<tr>\n<td valign=\"top\"><a href=\"https:\/\/csc-sarl.ch\/wp-content\/uploads\/2018\/06\/a_0188_01.pdf\" target=\"_self\" rel=\"noopener\"><img decoding=\"async\" src=\"https:\/\/csc-sarl.ch\/wp-content\/uploads\/2018\/06\/bl_018801.jpg\" alt=\"[Keine Beschreibung eingegeben]\" ismap=\"ismap\" \/><\/a><\/td>\n<td valign=\"top\">Blauen<br \/>\n13.4.11<br \/>\n188.01<\/td>\n<td valign=\"top\">Eglise St Martin<\/td>\n<td valign=\"top\">Investigation concernant le noircissement de mat\u00e9riaux de r\u00e9paration<\/td>\n<\/tr>\n<tr>\n<td valign=\"top\"><a href=\"https:\/\/csc-sarl.ch\/wp-content\/uploads\/2018\/06\/a_0199_01.pdf\" target=\"_self\" rel=\"noopener\"><img decoding=\"async\" src=\"https:\/\/csc-sarl.ch\/wp-content\/uploads\/2018\/06\/bl_019901_large60px.jpg\" alt=\"[Keine Beschreibung eingegeben]\" ismap=\"ismap\" \/><\/a><\/td>\n<td valign=\"top\">Gelterkinden<br \/>\n14.2.12<br \/>\n199.01<\/td>\n<td valign=\"top\">Fontaine<\/td>\n<td valign=\"top\">Concept d&rsquo;intervention : conseils<\/td>\n<\/tr>\n<\/tbody>\n<\/table>\n","protected":false},"excerpt":{"rendered":"<p>&nbsp; R\u00e9sum\u00e9 Lieu\/date Objet Th\u00e8me L\u00e4ufelfingen 16.4.07 6.01 Ruine du ch\u00e2teau de Homburg \u00c9tude des mortiers et des cr\u00e9pis Blauen 13.4.11 188.01 Eglise St Martin Investigation concernant le noircissement de mat\u00e9riaux de r\u00e9paration Gelterkinden 14.2.12 199.01 Fontaine Concept d&rsquo;intervention : conseils<\/p>\n","protected":false},"author":1,"featured_media":0,"parent":30086,"menu_order":3,"comment_status":"closed","ping_status":"closed","template":"","meta":{"footnotes":""},"class_list":["post-30664","page","type-page","status-publish","hentry"],"yoast_head":"<!-- This site is optimized with the Yoast SEO plugin v27.2 - https:\/\/yoast.com\/product\/yoast-seo-wordpress\/ -->\n<title>BL (B\u00e2le campagne) - Bl\u00e4uer - Conservation - Science<\/title>\n<meta name=\"robots\" content=\"index, follow, max-snippet:-1, max-image-preview:large, max-video-preview:-1\" \/>\n<link rel=\"canonical\" href=\"https:\/\/conservation-science.ch\/?page_id=30664\" \/>\n<meta property=\"og:locale\" content=\"fr_FR\" \/>\n<meta property=\"og:type\" content=\"article\" \/>\n<meta property=\"og:title\" content=\"BL (B\u00e2le campagne) - Bl\u00e4uer - Conservation - Science\" \/>\n<meta property=\"og:description\" content=\"&nbsp; R\u00e9sum\u00e9 Lieu\/date Objet Th\u00e8me L\u00e4ufelfingen 16.4.07 6.01 Ruine du ch\u00e2teau de Homburg \u00c9tude des mortiers et des cr\u00e9pis Blauen 13.4.11 188.01 Eglise St Martin Investigation concernant le noircissement de mat\u00e9riaux de r\u00e9paration Gelterkinden 14.2.12 199.01 Fontaine Concept d&rsquo;intervention : conseils\" \/>\n<meta property=\"og:url\" content=\"https:\/\/conservation-science.ch\/?page_id=30664\" \/>\n<meta property=\"og:site_name\" content=\"Bl\u00e4uer - Conservation - Science\" \/>\n<meta property=\"article:modified_time\" content=\"2024-11-16T15:27:53+00:00\" \/>\n<meta property=\"og:image\" content=\"https:\/\/csc-sarl.ch\/wp-content\/uploads\/2018\/06\/bl_000601_large60px.jpg\" \/>\n<meta name=\"twitter:card\" content=\"summary_large_image\" \/>\n<script type=\"application\/ld+json\" class=\"yoast-schema-graph\">{\"@context\":\"https:\/\/schema.org\",\"@graph\":[{\"@type\":\"WebPage\",\"@id\":\"https:\/\/conservation-science.ch\/?page_id=30664\",\"url\":\"https:\/\/conservation-science.ch\/?page_id=30664\",\"name\":\"BL (B\u00e2le campagne) - Bl\u00e4uer - Conservation - Science\",\"isPartOf\":{\"@id\":\"https:\/\/conservation-science.ch\/#website\"},\"primaryImageOfPage\":{\"@id\":\"https:\/\/conservation-science.ch\/?page_id=30664#primaryimage\"},\"image\":{\"@id\":\"https:\/\/conservation-science.ch\/?page_id=30664#primaryimage\"},\"thumbnailUrl\":\"https:\/\/csc-sarl.ch\/wp-content\/uploads\/2018\/06\/bl_000601_large60px.jpg\",\"datePublished\":\"2018-06-20T11:56:47+00:00\",\"dateModified\":\"2024-11-16T15:27:53+00:00\",\"breadcrumb\":{\"@id\":\"https:\/\/conservation-science.ch\/?page_id=30664#breadcrumb\"},\"inLanguage\":\"fr-FR\",\"potentialAction\":[{\"@type\":\"ReadAction\",\"target\":[\"https:\/\/conservation-science.ch\/?page_id=30664\"]}]},{\"@type\":\"ImageObject\",\"inLanguage\":\"fr-FR\",\"@id\":\"https:\/\/conservation-science.ch\/?page_id=30664#primaryimage\",\"url\":\"https:\/\/csc-sarl.ch\/wp-content\/uploads\/2018\/06\/bl_000601_large60px.jpg\",\"contentUrl\":\"https:\/\/csc-sarl.ch\/wp-content\/uploads\/2018\/06\/bl_000601_large60px.jpg\"},{\"@type\":\"BreadcrumbList\",\"@id\":\"https:\/\/conservation-science.ch\/?page_id=30664#breadcrumb\",\"itemListElement\":[{\"@type\":\"ListItem\",\"position\":1,\"name\":\"Accueil\",\"item\":\"https:\/\/conservation-science.ch\/\"},{\"@type\":\"ListItem\",\"position\":2,\"name\":\"Accueil\",\"item\":\"https:\/\/conservation-science.ch\/\"},{\"@type\":\"ListItem\",\"position\":3,\"name\":\"Etudes \/ Expertises\",\"item\":\"https:\/\/conservation-science.ch\/?page_id=28915\"},{\"@type\":\"ListItem\",\"position\":4,\"name\":\"Suisse\",\"item\":\"https:\/\/conservation-science.ch\/?page_id=30086\"},{\"@type\":\"ListItem\",\"position\":5,\"name\":\"BL (B\u00e2le campagne)\"}]},{\"@type\":\"WebSite\",\"@id\":\"https:\/\/conservation-science.ch\/#website\",\"url\":\"https:\/\/conservation-science.ch\/\",\"name\":\"CSC - Conservation - Sciences\",\"description\":\"Transmission de connaissances dans le domaine des sciences de la conservation du patrimoine b\u00e2ti\",\"potentialAction\":[{\"@type\":\"SearchAction\",\"target\":{\"@type\":\"EntryPoint\",\"urlTemplate\":\"https:\/\/conservation-science.ch\/?s={search_term_string}\"},\"query-input\":{\"@type\":\"PropertyValueSpecification\",\"valueRequired\":true,\"valueName\":\"search_term_string\"}}],\"inLanguage\":\"fr-FR\"}]}<\/script>\n<!-- \/ Yoast SEO plugin. -->","yoast_head_json":{"title":"BL (B\u00e2le campagne) - Bl\u00e4uer - Conservation - Science","robots":{"index":"index","follow":"follow","max-snippet":"max-snippet:-1","max-image-preview":"max-image-preview:large","max-video-preview":"max-video-preview:-1"},"canonical":"https:\/\/conservation-science.ch\/?page_id=30664","og_locale":"fr_FR","og_type":"article","og_title":"BL (B\u00e2le campagne) - Bl\u00e4uer - Conservation - Science","og_description":"&nbsp; R\u00e9sum\u00e9 Lieu\/date Objet Th\u00e8me L\u00e4ufelfingen 16.4.07 6.01 Ruine du ch\u00e2teau de Homburg \u00c9tude des mortiers et des cr\u00e9pis Blauen 13.4.11 188.01 Eglise St Martin Investigation concernant le noircissement de mat\u00e9riaux de r\u00e9paration Gelterkinden 14.2.12 199.01 Fontaine Concept d&rsquo;intervention : conseils","og_url":"https:\/\/conservation-science.ch\/?page_id=30664","og_site_name":"Bl\u00e4uer - Conservation - Science","article_modified_time":"2024-11-16T15:27:53+00:00","og_image":[{"url":"https:\/\/csc-sarl.ch\/wp-content\/uploads\/2018\/06\/bl_000601_large60px.jpg","type":"","width":"","height":""}],"twitter_card":"summary_large_image","schema":{"@context":"https:\/\/schema.org","@graph":[{"@type":"WebPage","@id":"https:\/\/conservation-science.ch\/?page_id=30664","url":"https:\/\/conservation-science.ch\/?page_id=30664","name":"BL (B\u00e2le campagne) - Bl\u00e4uer - Conservation - Science","isPartOf":{"@id":"https:\/\/conservation-science.ch\/#website"},"primaryImageOfPage":{"@id":"https:\/\/conservation-science.ch\/?page_id=30664#primaryimage"},"image":{"@id":"https:\/\/conservation-science.ch\/?page_id=30664#primaryimage"},"thumbnailUrl":"https:\/\/csc-sarl.ch\/wp-content\/uploads\/2018\/06\/bl_000601_large60px.jpg","datePublished":"2018-06-20T11:56:47+00:00","dateModified":"2024-11-16T15:27:53+00:00","breadcrumb":{"@id":"https:\/\/conservation-science.ch\/?page_id=30664#breadcrumb"},"inLanguage":"fr-FR","potentialAction":[{"@type":"ReadAction","target":["https:\/\/conservation-science.ch\/?page_id=30664"]}]},{"@type":"ImageObject","inLanguage":"fr-FR","@id":"https:\/\/conservation-science.ch\/?page_id=30664#primaryimage","url":"https:\/\/csc-sarl.ch\/wp-content\/uploads\/2018\/06\/bl_000601_large60px.jpg","contentUrl":"https:\/\/csc-sarl.ch\/wp-content\/uploads\/2018\/06\/bl_000601_large60px.jpg"},{"@type":"BreadcrumbList","@id":"https:\/\/conservation-science.ch\/?page_id=30664#breadcrumb","itemListElement":[{"@type":"ListItem","position":1,"name":"Accueil","item":"https:\/\/conservation-science.ch\/"},{"@type":"ListItem","position":2,"name":"Accueil","item":"https:\/\/conservation-science.ch\/"},{"@type":"ListItem","position":3,"name":"Etudes \/ Expertises","item":"https:\/\/conservation-science.ch\/?page_id=28915"},{"@type":"ListItem","position":4,"name":"Suisse","item":"https:\/\/conservation-science.ch\/?page_id=30086"},{"@type":"ListItem","position":5,"name":"BL (B\u00e2le campagne)"}]},{"@type":"WebSite","@id":"https:\/\/conservation-science.ch\/#website","url":"https:\/\/conservation-science.ch\/","name":"CSC - Conservation - Sciences","description":"Transmission de connaissances dans le domaine des sciences de la conservation du patrimoine b\u00e2ti","potentialAction":[{"@type":"SearchAction","target":{"@type":"EntryPoint","urlTemplate":"https:\/\/conservation-science.ch\/?s={search_term_string}"},"query-input":{"@type":"PropertyValueSpecification","valueRequired":true,"valueName":"search_term_string"}}],"inLanguage":"fr-FR"}]}},"_links":{"self":[{"href":"https:\/\/conservation-science.ch\/index.php?rest_route=\/wp\/v2\/pages\/30664","targetHints":{"allow":["GET"]}}],"collection":[{"href":"https:\/\/conservation-science.ch\/index.php?rest_route=\/wp\/v2\/pages"}],"about":[{"href":"https:\/\/conservation-science.ch\/index.php?rest_route=\/wp\/v2\/types\/page"}],"author":[{"embeddable":true,"href":"https:\/\/conservation-science.ch\/index.php?rest_route=\/wp\/v2\/users\/1"}],"replies":[{"embeddable":true,"href":"https:\/\/conservation-science.ch\/index.php?rest_route=%2Fwp%2Fv2%2Fcomments&post=30664"}],"version-history":[{"count":2,"href":"https:\/\/conservation-science.ch\/index.php?rest_route=\/wp\/v2\/pages\/30664\/revisions"}],"predecessor-version":[{"id":40145,"href":"https:\/\/conservation-science.ch\/index.php?rest_route=\/wp\/v2\/pages\/30664\/revisions\/40145"}],"up":[{"embeddable":true,"href":"https:\/\/conservation-science.ch\/index.php?rest_route=\/wp\/v2\/pages\/30086"}],"wp:attachment":[{"href":"https:\/\/conservation-science.ch\/index.php?rest_route=%2Fwp%2Fv2%2Fmedia&parent=30664"}],"curies":[{"name":"wp","href":"https:\/\/api.w.org\/{rel}","templated":true}]}}