{"id":30653,"date":"2018-06-20T13:32:29","date_gmt":"2018-06-20T11:32:29","guid":{"rendered":"https:\/\/objectif-lune.ch\/?page_id=30653"},"modified":"2018-12-05T17:32:30","modified_gmt":"2018-12-05T16:32:30","slug":"berne-canton","status":"publish","type":"page","link":"https:\/\/conservation-science.ch\/?page_id=30653","title":{"rendered":"Berne &#8211; Canton"},"content":{"rendered":"<p><strong>Autres projets r\u00e9alis\u00e9s dans le canton de Berne <\/strong><strong>(cliquez sur <\/strong><strong>l&rsquo;image <\/strong><strong>pour ouvrir le r\u00e9sum\u00e9<\/strong><strong>) <\/strong><strong>: <\/strong><\/p>\n<table border=\"2\" width=\"580\" cellpadding=\"2\">\n<tbody>\n<tr>\n<td valign=\"top\"><span style=\"font-size: 10pt;\"><strong>R\u00e9sum\u00e9<br \/>\n<\/strong><\/span><\/td>\n<td valign=\"top\"><span style=\"font-size: 10pt;\"><strong>Lieu\/date<\/strong><\/span><\/td>\n<td valign=\"top\"><span style=\"font-size: 10pt;\"><strong>Objet<\/strong><\/span><\/td>\n<td valign=\"top\"><span style=\"font-size: 10pt;\"><strong>Th\u00e8me<\/strong><\/span><\/td>\n<\/tr>\n<tr>\n<td valign=\"top\"><span style=\"font-size: 10pt;\"><a href=\"https:\/\/conservation-science.ch\/a_0298_01\/\" target=\"_self\"><img decoding=\"async\" src=\"https:\/\/csc-sarl.ch\/wp-content\/uploads\/2018\/06\/be_029801_large60px.jpg\" alt=\"[Keine Beschreibung eingegeben]\" ismap=\"ismap\" \/><\/a><\/span><\/td>\n<td valign=\"top\"><span style=\"font-size: 10pt;\">Bienne<\/span><br \/>\n<span style=\"font-size: 10pt;\">2.10.13<\/span><br \/>\n<span style=\"font-size: 10pt;\">298.01<\/span><\/td>\n<td valign=\"top\"><span style=\"font-size: 10pt;\">Grotte<\/span><\/td>\n<td valign=\"top\"><span style=\"font-size: 10pt;\">caract\u00e9risation d&rsquo;un mortier<\/span><\/td>\n<\/tr>\n<tr>\n<td valign=\"top\"><span style=\"font-size: 10pt;\"><a href=\"https:\/\/csc-sarl.ch\/wp-content\/uploads\/2018\/06\/a_0220_01.pdf\" target=\"_self\"><img decoding=\"async\" src=\"https:\/\/csc-sarl.ch\/wp-content\/uploads\/2018\/06\/be_022001_large60px.jpg\" alt=\"[Keine Beschreibung eingegeben]\" ismap=\"ismap\" \/><\/a><\/span><\/td>\n<td valign=\"top\"><span style=\"font-size: 10pt;\">Bolligen<\/span><br \/>\n<span style=\"font-size: 10pt;\">21.12.11<\/span><br \/>\n<span style=\"font-size: 10pt;\">220.01<\/span><\/td>\n<td valign=\"top\"><span style=\"font-size: 10pt;\">Wegm\u00fchle<\/span><\/td>\n<td valign=\"top\"><span style=\"font-size: 10pt;\">Analyses et conseils pour la r\u00e9novation<\/span><\/td>\n<\/tr>\n<tr>\n<td valign=\"top\"><span style=\"font-size: 10pt;\"><a href=\"https:\/\/csc-sarl.ch\/wp-content\/uploads\/2018\/06\/a_0234_01.pdf\" target=\"_self\"><img decoding=\"async\" src=\"https:\/\/csc-sarl.ch\/wp-content\/uploads\/2018\/06\/be_023401_large60px.jpg\" alt=\"[Keine Beschreibung eingegeben]\" ismap=\"ismap\" \/><\/a><\/span><\/td>\n<td valign=\"top\"><span style=\"font-size: 10pt;\">B\u00fcmpliz<\/span><br \/>\n<span style=\"font-size: 10pt;\">14.4.12<\/span><br \/>\n<span style=\"font-size: 10pt;\">234.01<\/span><\/td>\n<td valign=\"top\"><span style=\"font-size: 10pt;\">Eglise, salle 7, couche266<\/span><\/td>\n<td valign=\"top\"><span style=\"font-size: 10pt;\">Analyse de mat\u00e9riaux<\/span><\/td>\n<\/tr>\n<tr>\n<td valign=\"top\"><span style=\"font-size: 10pt;\"><a href=\"https:\/\/csc-sarl.ch\/wp-content\/uploads\/2018\/06\/a_0429_01.pdf\" target=\"_self\"><img decoding=\"async\" src=\"https:\/\/csc-sarl.ch\/wp-content\/uploads\/2018\/06\/be_042901.jpg\" alt=\"[Keine Beschreibung eingegeben]\" ismap=\"ismap\" \/><\/a><\/span><\/td>\n<td valign=\"top\"><span style=\"font-size: 10pt;\">Evilard-Leubringen<\/span><br \/>\n<span style=\"font-size: 10pt;\">2.5.16<\/span><br \/>\n<span style=\"font-size: 10pt;\">429.01<\/span><\/td>\n<td valign=\"top\"><span style=\"font-size: 10pt;\">Villa Felsenburg<\/span><\/td>\n<td valign=\"top\"><span style=\"font-size: 10pt;\">Caract\u00e9risation d&rsquo;un mortier<\/span><\/td>\n<\/tr>\n<tr>\n<td valign=\"top\"><span style=\"font-size: 10pt;\"><a href=\"https:\/\/csc-sarl.ch\/wp-content\/uploads\/2018\/06\/a_0409_01.pdf\" target=\"_self\"><img decoding=\"async\" src=\"https:\/\/csc-sarl.ch\/wp-content\/uploads\/2018\/06\/be_040901.jpg\" alt=\"[Keine Beschreibung eingegeben]\" ismap=\"ismap\" \/><\/a><\/span><\/td>\n<td valign=\"top\"><span style=\"font-size: 10pt;\">Gsteig bei Gstaad<\/span><br \/>\n<span style=\"font-size: 10pt;\">24.11.15<\/span><br \/>\n<span style=\"font-size: 10pt;\">409.01<\/span><\/td>\n<td valign=\"top\"><span style=\"font-size: 10pt;\">M\u00fchleg\u00e4ssli 4<\/span><\/td>\n<td valign=\"top\"><span style=\"font-size: 10pt;\">Analyse de mortier<\/span><\/td>\n<\/tr>\n<tr>\n<td valign=\"top\"><span style=\"font-size: 10pt;\"><a href=\"https:\/\/conservation-science.ch\/a_0289_01\/\" target=\"_self\"><img decoding=\"async\" src=\"https:\/\/csc-sarl.ch\/wp-content\/uploads\/2018\/06\/be_028901_large60px.jpg\" alt=\"[Keine Beschreibung eingegeben]\" ismap=\"ismap\" \/><\/a><\/span><\/td>\n<td valign=\"top\"><span style=\"font-size: 10pt;\">G\u00fcmligen<\/span><br \/>\n<span style=\"font-size: 10pt;\">3.5.13<\/span><br \/>\n<span style=\"font-size: 10pt;\">289.01<\/span><\/td>\n<td valign=\"top\"><span style=\"font-size: 10pt;\">Hofgut<\/span><\/td>\n<td valign=\"top\"><span style=\"font-size: 10pt;\">Analyse d&rsquo;efflorescences salines<\/span><\/td>\n<\/tr>\n<tr>\n<td valign=\"top\"><span style=\"font-size: 10pt;\"><a href=\"https:\/\/csc-sarl.ch\/wp-content\/uploads\/2018\/06\/a_0190_01.pdf\" target=\"_self\"><img decoding=\"async\" src=\"https:\/\/csc-sarl.ch\/wp-content\/uploads\/2018\/06\/be_019001.jpg\" alt=\"[Keine Beschreibung eingegeben]\" ismap=\"ismap\" \/><\/a><\/span><\/td>\n<td valign=\"top\"><span style=\"font-size: 10pt;\">Hilterfingen<\/span><br \/>\n<span style=\"font-size: 10pt;\">2.3.11<\/span><br \/>\n<span style=\"font-size: 10pt;\">190.01<\/span><\/td>\n<td valign=\"top\"><span style=\"font-size: 10pt;\">Ch\u00e2teau de H\u00fcnegg, cave <\/span><\/td>\n<td valign=\"top\"><span style=\"font-size: 10pt;\">Analyse de mat\u00e9riaux<\/span><\/td>\n<\/tr>\n<tr>\n<td valign=\"top\"><span style=\"font-size: 10pt;\"><a href=\"https:\/\/csc-sarl.ch\/wp-content\/uploads\/2018\/06\/a_0190_03.pdf\" target=\"_self\"><img decoding=\"async\" src=\"https:\/\/csc-sarl.ch\/wp-content\/uploads\/2018\/06\/be_019003.jpg\" alt=\"[Keine Beschreibung eingegeben]\" ismap=\"ismap\" \/><\/a><\/span><\/td>\n<td valign=\"top\"><span style=\"font-size: 10pt;\">Hilterfingen<\/span><br \/>\n<span style=\"font-size: 10pt;\">2.5.16<\/span><br \/>\n<span style=\"font-size: 10pt;\">190.03<\/span><\/td>\n<td valign=\"top\"><span style=\"font-size: 10pt;\">Schloss H\u00fcnegg, Grotte<\/span><\/td>\n<td valign=\"top\"><span style=\"font-size: 10pt;\">Caract\u00e9risation d&rsquo;un mortier<\/span><\/td>\n<\/tr>\n<tr>\n<td valign=\"top\"><span style=\"font-size: 10pt;\"><a href=\"https:\/\/csc-sarl.ch\/wp-content\/uploads\/2018\/06\/a_0341_01.pdf\" target=\"_self\"><img decoding=\"async\" src=\"https:\/\/csc-sarl.ch\/wp-content\/uploads\/2018\/06\/be_034101.jpg\" alt=\"[Keine Beschreibung eingegeben]\" ismap=\"ismap\" \/><\/a><\/span><\/td>\n<td valign=\"top\"><span style=\"font-size: 10pt;\">Jegenstorf<\/span><br \/>\n<span style=\"font-size: 10pt;\">8.5.14<\/span><br \/>\n<span style=\"font-size: 10pt;\">341.01<\/span><\/td>\n<td valign=\"top\"><span style=\"font-size: 10pt;\">Ch\u00e2teau<\/span><\/td>\n<td valign=\"top\"><span style=\"font-size: 10pt;\">Analyse de cr\u00e9pi<\/span><\/td>\n<\/tr>\n<tr>\n<td valign=\"top\"><span style=\"font-size: 10pt;\"><a href=\"https:\/\/csc-sarl.ch\/wp-content\/uploads\/2018\/06\/a_0341_02.pdf\" target=\"_self\"><img decoding=\"async\" src=\"https:\/\/csc-sarl.ch\/wp-content\/uploads\/2018\/06\/be_034102.jpg\" alt=\"[Keine Beschreibung eingegeben]\" ismap=\"ismap\" \/><\/a><\/span><\/td>\n<td valign=\"top\"><span style=\"font-size: 10pt;\">Jegenstorf<\/span><br \/>\n<span style=\"font-size: 10pt;\">22.7.15<\/span><br \/>\n<span style=\"font-size: 10pt;\">341.02<\/span><\/td>\n<td valign=\"top\"><span style=\"font-size: 10pt;\">Ch\u00e2teau<\/span><\/td>\n<td valign=\"top\"><span style=\"font-size: 10pt;\">Analyse de cr\u00e9pi<\/span><\/td>\n<\/tr>\n<tr>\n<td valign=\"top\"><span style=\"font-size: 10pt;\"><a href=\"https:\/\/csc-sarl.ch\/wp-content\/uploads\/2018\/06\/a_0017_01.pdf\" target=\"_self\"><img decoding=\"async\" src=\"https:\/\/csc-sarl.ch\/wp-content\/uploads\/2018\/06\/be_001701_large60px.jpg\" alt=\"[Keine Beschreibung eingegeben]\" ismap=\"ismap\" \/><\/a><\/span><\/td>\n<td valign=\"top\"><span style=\"font-size: 10pt;\">Meiringen<\/span><br \/>\n<span style=\"font-size: 10pt;\">26.9.07<\/span><br \/>\n<span style=\"font-size: 10pt;\">17.01<\/span><\/td>\n<td valign=\"top\"><span style=\"font-size: 10pt;\">Clocher<\/span><\/td>\n<td valign=\"top\"><span style=\"font-size: 10pt;\">\u00c9tude des probl\u00e8mes d&rsquo;humidit\u00e9<\/span><\/td>\n<\/tr>\n<tr>\n<td valign=\"top\"><span style=\"font-size: 10pt;\"><a href=\"https:\/\/csc-sarl.ch\/wp-content\/uploads\/2018\/06\/a_0011_01.pdf\" target=\"_self\"><img decoding=\"async\" src=\"https:\/\/csc-sarl.ch\/wp-content\/uploads\/2018\/06\/be_001101_large60px.jpg\" alt=\"[Keine Beschreibung eingegeben]\" ismap=\"ismap\" \/><\/a><\/span><\/td>\n<td valign=\"top\"><span style=\"font-size: 10pt;\">M\u00fcnsingen<\/span><br \/>\n<span style=\"font-size: 10pt;\">16.4.07<\/span><br \/>\n<span style=\"font-size: 10pt;\">11.01<\/span><\/td>\n<td valign=\"top\"><span style=\"font-size: 10pt;\">Mosa\u00efques romaines<\/span><\/td>\n<td valign=\"top\"><span style=\"font-size: 10pt;\">Analyses de sels<\/span><\/td>\n<\/tr>\n<tr>\n<td valign=\"top\"><span style=\"font-size: 10pt;\"><a href=\"https:\/\/csc-sarl.ch\/wp-content\/uploads\/2018\/06\/a_0011_02.pdf\" target=\"_self\"><img decoding=\"async\" src=\"https:\/\/csc-sarl.ch\/wp-content\/uploads\/2018\/06\/be_001102_large60px.jpg\" alt=\"[Keine Beschreibung eingegeben]\" ismap=\"ismap\" \/><\/a><\/span><\/td>\n<td valign=\"top\"><span style=\"font-size: 10pt;\">M\u00fcnsingen<\/span><br \/>\n<span style=\"font-size: 10pt;\">25.9.08<\/span><br \/>\n<span style=\"font-size: 10pt;\">11.02<\/span><\/td>\n<td valign=\"top\"><span style=\"font-size: 10pt;\">Mosa\u00efques romaines<\/span><\/td>\n<td valign=\"top\"><span style=\"font-size: 10pt;\">Recherche des causes de le d\u00e9gradation<\/span><\/td>\n<\/tr>\n<tr>\n<td valign=\"top\"><span style=\"font-size: 10pt;\"><a href=\"https:\/\/csc-sarl.ch\/wp-content\/uploads\/2018\/06\/a_0090_01.pdf\" target=\"_self\"><img decoding=\"async\" src=\"https:\/\/csc-sarl.ch\/wp-content\/uploads\/2018\/06\/be_009001_large60px.jpg\" alt=\"[Keine Beschreibung eingegeben]\" ismap=\"ismap\" \/><\/a><\/span><\/td>\n<td valign=\"top\"><span style=\"font-size: 10pt;\">Moutier<\/span><br \/>\n<span style=\"font-size: 10pt;\">14.4.09<\/span><br \/>\n<span style=\"font-size: 10pt;\">90.01<\/span><\/td>\n<td valign=\"top\"><span style=\"font-size: 10pt;\">Chapelle de Chali\u00e8re<\/span><\/td>\n<td valign=\"top\"><span style=\"font-size: 10pt;\">\u00c9valuation d&rsquo;un cr\u00e9pi de fa\u00e7ade<\/span><\/td>\n<\/tr>\n<tr>\n<td valign=\"top\"><span style=\"font-size: 10pt;\"><a href=\"https:\/\/csc-sarl.ch\/wp-content\/uploads\/2018\/06\/a_0090_02.pdf\" target=\"_self\"><img decoding=\"async\" src=\"https:\/\/csc-sarl.ch\/wp-content\/uploads\/2018\/06\/be_009002_large60px.jpg\" alt=\"[Keine Beschreibung eingegeben]\" ismap=\"ismap\" \/><\/a><\/span><\/td>\n<td valign=\"top\"><span style=\"font-size: 10pt;\">Moutier<\/span><br \/>\n<span style=\"font-size: 10pt;\">28.4.10<\/span><br \/>\n<span style=\"font-size: 10pt;\">90.02<\/span><\/td>\n<td valign=\"top\"><span style=\"font-size: 10pt;\">Chapelle de Chali\u00e8re<\/span><\/td>\n<td valign=\"top\"><span style=\"font-size: 10pt;\">\u00c9valuation d&rsquo;un cr\u00e9pi de fa\u00e7ade<\/span><\/td>\n<\/tr>\n<tr>\n<td valign=\"top\"><span style=\"font-size: 10pt;\"><a href=\"https:\/\/csc-sarl.ch\/wp-content\/uploads\/2018\/06\/a_0090_03.pdf\" target=\"_self\"><img decoding=\"async\" src=\"https:\/\/csc-sarl.ch\/wp-content\/uploads\/2018\/06\/be_009003_large60px.jpg\" alt=\"[Keine Beschreibung eingegeben]\" ismap=\"ismap\" \/><\/a><\/span><\/td>\n<td valign=\"top\"><span style=\"font-size: 10pt;\">Moutier<\/span><br \/>\n<span style=\"font-size: 10pt;\">14.11.11<\/span><br \/>\n<span style=\"font-size: 10pt;\">90.03<\/span><\/td>\n<td valign=\"top\"><span style=\"font-size: 10pt;\">Chapelle de Chali\u00e8re<\/span><\/td>\n<td valign=\"top\"><span style=\"font-size: 10pt;\">\u00c9valuation d&rsquo;un cr\u00e9pi de fa\u00e7ade<\/span><\/td>\n<\/tr>\n<tr>\n<td valign=\"top\"><span style=\"font-size: 10pt;\"><a href=\"https:\/\/csc-sarl.ch\/wp-content\/uploads\/2018\/06\/a_0458_01.pdf\" target=\"_self\"><img decoding=\"async\" src=\"https:\/\/csc-sarl.ch\/wp-content\/uploads\/2018\/06\/be_moutier_a0458-01.jpg\" alt=\"[Keine Beschreibung eingegeben]\" ismap=\"ismap\" \/><\/a><\/span><\/td>\n<td valign=\"top\"><span style=\"font-size: 10pt;\">Moutier<\/span><br \/>\n<span style=\"font-size: 10pt;\">30.11.16<\/span><br \/>\n<span style=\"font-size: 10pt;\">458.01<\/span><\/td>\n<td valign=\"top\"><span style=\"font-size: 10pt;\">Rue du Ch\u00e2teau 11<\/span><\/td>\n<td valign=\"top\"><span style=\"font-size: 10pt;\">Avis sur l&rsquo;origine des d\u00e9g\u00e2ts et conseils d&rsquo;intervention<\/span><\/td>\n<\/tr>\n<tr>\n<td valign=\"top\"><span style=\"font-size: 10pt;\"><a href=\"https:\/\/csc-sarl.ch\/wp-content\/uploads\/2018\/06\/a_0465_01.pdf\" target=\"_self\"><img decoding=\"async\" src=\"https:\/\/csc-sarl.ch\/wp-content\/uploads\/2018\/06\/be_oberhofen_am_th_a0465-01.jpg\" alt=\"[Keine Beschreibung eingegeben]\" ismap=\"ismap\" \/><\/a><\/span><\/td>\n<td valign=\"top\"><span style=\"font-size: 10pt;\">Oberhofen am Thunersee<\/span><br \/>\n<span style=\"font-size: 10pt;\">20.01.17<\/span><br \/>\n<span style=\"font-size: 10pt;\">465.01<\/span><\/td>\n<td valign=\"top\"><span style=\"font-size: 10pt;\">Ch\u00e2teau<\/span><\/td>\n<td style=\"vertical-align: top;\" valign=\"top\"><span style=\"font-size: 10pt;\">Analyse de peintures<\/span><\/td>\n<\/tr>\n<tr>\n<td valign=\"top\"><span style=\"font-size: 10pt;\"><a href=\"https:\/\/csc-sarl.ch\/wp-content\/uploads\/2018\/06\/a_0200_01.pdf\" target=\"_self\"><img decoding=\"async\" src=\"https:\/\/csc-sarl.ch\/wp-content\/uploads\/2018\/06\/be_020001_large60px.jpg\" alt=\"[Keine Beschreibung eingegeben]\" ismap=\"ismap\" \/><\/a><\/span><\/td>\n<td valign=\"top\"><span style=\"font-size: 10pt;\">Ringgenberg<\/span><br \/>\n<span style=\"font-size: 10pt;\">9.7.12<\/span><br \/>\n<span style=\"font-size: 10pt;\">200.01<\/span><\/td>\n<td valign=\"top\"><span style=\"font-size: 10pt;\">Eglise<\/span><\/td>\n<td style=\"text-align: left;\" valign=\"top\"><span style=\"font-size: 10pt;\">Mesures climatiques et mesures d&rsquo;humidit\u00e9 dans les mat\u00e9riaux <\/span><\/td>\n<\/tr>\n<tr>\n<td valign=\"top\"><span style=\"font-size: 10pt;\"><a href=\"https:\/\/conservation-science.ch\/a_0300_01\/\" target=\"_self\"><img decoding=\"async\" src=\"https:\/\/csc-sarl.ch\/wp-content\/uploads\/2018\/06\/be_030001.jpg\" alt=\"[Keine Beschreibung eingegeben]\" ismap=\"ismap\" \/><\/a><\/span><\/td>\n<td valign=\"top\"><span style=\"font-size: 10pt;\">Saicourt<\/span><br \/>\n<span style=\"font-size: 10pt;\">28.2.14<\/span><br \/>\n<span style=\"font-size: 10pt;\">300.01<\/span><\/td>\n<td valign=\"top\"><span style=\"font-size: 10pt;\">Bellelay, domaine agricole<\/span><\/td>\n<td style=\"text-align: left;\" valign=\"top\"><span style=\"font-size: 10pt;\">Avis sur l&rsquo;origine des d\u00e9g\u00e2ts et conseils d&rsquo;intervention<\/span><\/td>\n<\/tr>\n<tr>\n<td valign=\"top\"><span style=\"font-size: 10pt;\"><a href=\"https:\/\/conservation-science.ch\/a_0318_01\/\" target=\"_self\"><img decoding=\"async\" src=\"https:\/\/csc-sarl.ch\/wp-content\/uploads\/2018\/06\/be_seeberg_a0318-01.jpg\" alt=\"[Keine Beschreibung eingegeben]\" ismap=\"ismap\" \/><\/a><\/span><\/td>\n<td valign=\"top\"><span style=\"font-size: 10pt;\">Seeberg<\/span><br \/>\n<span style=\"font-size: 10pt;\">28.01.14<\/span><br \/>\n<span style=\"font-size: 10pt;\">318.01<\/span><\/td>\n<td valign=\"top\"><span style=\"font-size: 10pt;\">Maison Cuno Amiet <\/span><\/td>\n<td valign=\"top\"><span style=\"font-size: 10pt;\">Analyse de peinture<\/span><\/td>\n<\/tr>\n<tr>\n<td valign=\"top\"><span style=\"font-size: 10pt;\"><a href=\"https:\/\/csc-sarl.ch\/wp-content\/uploads\/2018\/06\/a_0354_01.pdf\" target=\"_self\"><img decoding=\"async\" src=\"https:\/\/csc-sarl.ch\/wp-content\/uploads\/2018\/06\/be_035401.jpg\" alt=\"[Keine Beschreibung eingegeben]\" ismap=\"ismap\" \/><\/a><\/span><\/td>\n<td valign=\"top\"><span style=\"font-size: 10pt;\">Tavannes<\/span><br \/>\n<span style=\"font-size: 10pt;\">5.12.14<\/span><br \/>\n<span style=\"font-size: 10pt;\">354.01 <\/span><\/td>\n<td valign=\"top\"><span style=\"font-size: 10pt;\">Eglise cath. du Christ Roi, fa\u00e7ades de la tour<\/span><\/td>\n<td valign=\"top\"><span style=\"font-size: 10pt;\">Analyse des peintures<\/span><\/td>\n<\/tr>\n<\/tbody>\n<\/table>\n","protected":false},"excerpt":{"rendered":"<p>Autres projets r\u00e9alis\u00e9s dans le canton de Berne (cliquez sur l&rsquo;image pour ouvrir le r\u00e9sum\u00e9) : R\u00e9sum\u00e9 Lieu\/date Objet Th\u00e8me Bienne 2.10.13 298.01 Grotte caract\u00e9risation d&rsquo;un mortier Bolligen 21.12.11 220.01 Wegm\u00fchle Analyses et conseils pour la r\u00e9novation B\u00fcmpliz 14.4.12 234.01 Eglise, salle 7, couche266 Analyse de mat\u00e9riaux Evilard-Leubringen 2.5.16 429.01 Villa Felsenburg Caract\u00e9risation d&rsquo;un mortier &hellip; <a href=\"https:\/\/conservation-science.ch\/?page_id=30653\" class=\"more-link\">Continuer la lecture de <span class=\"screen-reader-text\">Berne &#8211; Canton<\/span><\/a><\/p>\n","protected":false},"author":1,"featured_media":0,"parent":30518,"menu_order":3,"comment_status":"closed","ping_status":"closed","template":"","meta":{"footnotes":""},"class_list":["post-30653","page","type-page","status-publish","hentry"],"yoast_head":"<!-- This site is optimized with the Yoast SEO plugin v27.2 - https:\/\/yoast.com\/product\/yoast-seo-wordpress\/ -->\n<title>Berne - Canton - Bl\u00e4uer - Conservation - Science<\/title>\n<meta name=\"robots\" content=\"index, follow, max-snippet:-1, max-image-preview:large, max-video-preview:-1\" \/>\n<link rel=\"canonical\" href=\"https:\/\/conservation-science.ch\/?page_id=30653\" \/>\n<meta property=\"og:locale\" content=\"fr_FR\" \/>\n<meta property=\"og:type\" content=\"article\" \/>\n<meta property=\"og:title\" content=\"Berne - Canton - Bl\u00e4uer - Conservation - Science\" \/>\n<meta property=\"og:description\" content=\"Autres projets r\u00e9alis\u00e9s dans le canton de Berne (cliquez sur l&rsquo;image pour ouvrir le r\u00e9sum\u00e9) : R\u00e9sum\u00e9 Lieu\/date Objet Th\u00e8me Bienne 2.10.13 298.01 Grotte caract\u00e9risation d&rsquo;un mortier Bolligen 21.12.11 220.01 Wegm\u00fchle Analyses et conseils pour la r\u00e9novation B\u00fcmpliz 14.4.12 234.01 Eglise, salle 7, couche266 Analyse de mat\u00e9riaux Evilard-Leubringen 2.5.16 429.01 Villa Felsenburg Caract\u00e9risation d&rsquo;un mortier &hellip; Continuer la lecture de Berne &#8211; Canton\" \/>\n<meta property=\"og:url\" content=\"https:\/\/conservation-science.ch\/?page_id=30653\" \/>\n<meta property=\"og:site_name\" content=\"Bl\u00e4uer - Conservation - Science\" \/>\n<meta property=\"article:modified_time\" content=\"2018-12-05T16:32:30+00:00\" \/>\n<meta property=\"og:image\" content=\"https:\/\/csc-sarl.ch\/wp-content\/uploads\/2018\/06\/be_029801_large60px.jpg\" \/>\n<meta name=\"twitter:card\" content=\"summary_large_image\" \/>\n<meta name=\"twitter:label1\" content=\"Dur\u00e9e de lecture estim\u00e9e\" \/>\n\t<meta name=\"twitter:data1\" content=\"1 minute\" \/>\n<script type=\"application\/ld+json\" class=\"yoast-schema-graph\">{\"@context\":\"https:\/\/schema.org\",\"@graph\":[{\"@type\":\"WebPage\",\"@id\":\"https:\/\/conservation-science.ch\/?page_id=30653\",\"url\":\"https:\/\/conservation-science.ch\/?page_id=30653\",\"name\":\"Berne - Canton - Bl\u00e4uer - Conservation - Science\",\"isPartOf\":{\"@id\":\"https:\/\/conservation-science.ch\/#website\"},\"primaryImageOfPage\":{\"@id\":\"https:\/\/conservation-science.ch\/?page_id=30653#primaryimage\"},\"image\":{\"@id\":\"https:\/\/conservation-science.ch\/?page_id=30653#primaryimage\"},\"thumbnailUrl\":\"https:\/\/csc-sarl.ch\/wp-content\/uploads\/2018\/06\/be_029801_large60px.jpg\",\"datePublished\":\"2018-06-20T11:32:29+00:00\",\"dateModified\":\"2018-12-05T16:32:30+00:00\",\"breadcrumb\":{\"@id\":\"https:\/\/conservation-science.ch\/?page_id=30653#breadcrumb\"},\"inLanguage\":\"fr-FR\",\"potentialAction\":[{\"@type\":\"ReadAction\",\"target\":[\"https:\/\/conservation-science.ch\/?page_id=30653\"]}]},{\"@type\":\"ImageObject\",\"inLanguage\":\"fr-FR\",\"@id\":\"https:\/\/conservation-science.ch\/?page_id=30653#primaryimage\",\"url\":\"https:\/\/csc-sarl.ch\/wp-content\/uploads\/2018\/06\/be_029801_large60px.jpg\",\"contentUrl\":\"https:\/\/csc-sarl.ch\/wp-content\/uploads\/2018\/06\/be_029801_large60px.jpg\"},{\"@type\":\"BreadcrumbList\",\"@id\":\"https:\/\/conservation-science.ch\/?page_id=30653#breadcrumb\",\"itemListElement\":[{\"@type\":\"ListItem\",\"position\":1,\"name\":\"Accueil\",\"item\":\"https:\/\/conservation-science.ch\/\"},{\"@type\":\"ListItem\",\"position\":2,\"name\":\"Accueil\",\"item\":\"https:\/\/conservation-science.ch\/\"},{\"@type\":\"ListItem\",\"position\":3,\"name\":\"Etudes \/ Expertises\",\"item\":\"https:\/\/conservation-science.ch\/?page_id=28915\"},{\"@type\":\"ListItem\",\"position\":4,\"name\":\"Suisse\",\"item\":\"https:\/\/conservation-science.ch\/?page_id=30086\"},{\"@type\":\"ListItem\",\"position\":5,\"name\":\"BE (Berne)\",\"item\":\"https:\/\/conservation-science.ch\/?page_id=30518\"},{\"@type\":\"ListItem\",\"position\":6,\"name\":\"Berne &#8211; Canton\"}]},{\"@type\":\"WebSite\",\"@id\":\"https:\/\/conservation-science.ch\/#website\",\"url\":\"https:\/\/conservation-science.ch\/\",\"name\":\"CSC - Conservation - Sciences\",\"description\":\"Transmission de connaissances dans le domaine des sciences de la conservation du patrimoine b\u00e2ti\",\"potentialAction\":[{\"@type\":\"SearchAction\",\"target\":{\"@type\":\"EntryPoint\",\"urlTemplate\":\"https:\/\/conservation-science.ch\/?s={search_term_string}\"},\"query-input\":{\"@type\":\"PropertyValueSpecification\",\"valueRequired\":true,\"valueName\":\"search_term_string\"}}],\"inLanguage\":\"fr-FR\"}]}<\/script>\n<!-- \/ Yoast SEO plugin. -->","yoast_head_json":{"title":"Berne - Canton - Bl\u00e4uer - Conservation - Science","robots":{"index":"index","follow":"follow","max-snippet":"max-snippet:-1","max-image-preview":"max-image-preview:large","max-video-preview":"max-video-preview:-1"},"canonical":"https:\/\/conservation-science.ch\/?page_id=30653","og_locale":"fr_FR","og_type":"article","og_title":"Berne - Canton - Bl\u00e4uer - Conservation - Science","og_description":"Autres projets r\u00e9alis\u00e9s dans le canton de Berne (cliquez sur l&rsquo;image pour ouvrir le r\u00e9sum\u00e9) : R\u00e9sum\u00e9 Lieu\/date Objet Th\u00e8me Bienne 2.10.13 298.01 Grotte caract\u00e9risation d&rsquo;un mortier Bolligen 21.12.11 220.01 Wegm\u00fchle Analyses et conseils pour la r\u00e9novation B\u00fcmpliz 14.4.12 234.01 Eglise, salle 7, couche266 Analyse de mat\u00e9riaux Evilard-Leubringen 2.5.16 429.01 Villa Felsenburg Caract\u00e9risation d&rsquo;un mortier &hellip; Continuer la lecture de Berne &#8211; Canton","og_url":"https:\/\/conservation-science.ch\/?page_id=30653","og_site_name":"Bl\u00e4uer - Conservation - Science","article_modified_time":"2018-12-05T16:32:30+00:00","og_image":[{"url":"https:\/\/csc-sarl.ch\/wp-content\/uploads\/2018\/06\/be_029801_large60px.jpg","type":"","width":"","height":""}],"twitter_card":"summary_large_image","twitter_misc":{"Dur\u00e9e de lecture estim\u00e9e":"1 minute"},"schema":{"@context":"https:\/\/schema.org","@graph":[{"@type":"WebPage","@id":"https:\/\/conservation-science.ch\/?page_id=30653","url":"https:\/\/conservation-science.ch\/?page_id=30653","name":"Berne - Canton - Bl\u00e4uer - Conservation - Science","isPartOf":{"@id":"https:\/\/conservation-science.ch\/#website"},"primaryImageOfPage":{"@id":"https:\/\/conservation-science.ch\/?page_id=30653#primaryimage"},"image":{"@id":"https:\/\/conservation-science.ch\/?page_id=30653#primaryimage"},"thumbnailUrl":"https:\/\/csc-sarl.ch\/wp-content\/uploads\/2018\/06\/be_029801_large60px.jpg","datePublished":"2018-06-20T11:32:29+00:00","dateModified":"2018-12-05T16:32:30+00:00","breadcrumb":{"@id":"https:\/\/conservation-science.ch\/?page_id=30653#breadcrumb"},"inLanguage":"fr-FR","potentialAction":[{"@type":"ReadAction","target":["https:\/\/conservation-science.ch\/?page_id=30653"]}]},{"@type":"ImageObject","inLanguage":"fr-FR","@id":"https:\/\/conservation-science.ch\/?page_id=30653#primaryimage","url":"https:\/\/csc-sarl.ch\/wp-content\/uploads\/2018\/06\/be_029801_large60px.jpg","contentUrl":"https:\/\/csc-sarl.ch\/wp-content\/uploads\/2018\/06\/be_029801_large60px.jpg"},{"@type":"BreadcrumbList","@id":"https:\/\/conservation-science.ch\/?page_id=30653#breadcrumb","itemListElement":[{"@type":"ListItem","position":1,"name":"Accueil","item":"https:\/\/conservation-science.ch\/"},{"@type":"ListItem","position":2,"name":"Accueil","item":"https:\/\/conservation-science.ch\/"},{"@type":"ListItem","position":3,"name":"Etudes \/ Expertises","item":"https:\/\/conservation-science.ch\/?page_id=28915"},{"@type":"ListItem","position":4,"name":"Suisse","item":"https:\/\/conservation-science.ch\/?page_id=30086"},{"@type":"ListItem","position":5,"name":"BE (Berne)","item":"https:\/\/conservation-science.ch\/?page_id=30518"},{"@type":"ListItem","position":6,"name":"Berne &#8211; Canton"}]},{"@type":"WebSite","@id":"https:\/\/conservation-science.ch\/#website","url":"https:\/\/conservation-science.ch\/","name":"CSC - Conservation - Sciences","description":"Transmission de connaissances dans le domaine des sciences de la conservation du patrimoine b\u00e2ti","potentialAction":[{"@type":"SearchAction","target":{"@type":"EntryPoint","urlTemplate":"https:\/\/conservation-science.ch\/?s={search_term_string}"},"query-input":{"@type":"PropertyValueSpecification","valueRequired":true,"valueName":"search_term_string"}}],"inLanguage":"fr-FR"}]}},"_links":{"self":[{"href":"https:\/\/conservation-science.ch\/index.php?rest_route=\/wp\/v2\/pages\/30653","targetHints":{"allow":["GET"]}}],"collection":[{"href":"https:\/\/conservation-science.ch\/index.php?rest_route=\/wp\/v2\/pages"}],"about":[{"href":"https:\/\/conservation-science.ch\/index.php?rest_route=\/wp\/v2\/types\/page"}],"author":[{"embeddable":true,"href":"https:\/\/conservation-science.ch\/index.php?rest_route=\/wp\/v2\/users\/1"}],"replies":[{"embeddable":true,"href":"https:\/\/conservation-science.ch\/index.php?rest_route=%2Fwp%2Fv2%2Fcomments&post=30653"}],"version-history":[{"count":4,"href":"https:\/\/conservation-science.ch\/index.php?rest_route=\/wp\/v2\/pages\/30653\/revisions"}],"predecessor-version":[{"id":38747,"href":"https:\/\/conservation-science.ch\/index.php?rest_route=\/wp\/v2\/pages\/30653\/revisions\/38747"}],"up":[{"embeddable":true,"href":"https:\/\/conservation-science.ch\/index.php?rest_route=\/wp\/v2\/pages\/30518"}],"wp:attachment":[{"href":"https:\/\/conservation-science.ch\/index.php?rest_route=%2Fwp%2Fv2%2Fmedia&parent=30653"}],"curies":[{"name":"wp","href":"https:\/\/api.w.org\/{rel}","templated":true}]}}