{"id":30520,"date":"2018-06-19T10:08:32","date_gmt":"2018-06-19T08:08:32","guid":{"rendered":"https:\/\/objectif-lune.ch\/?page_id=30520"},"modified":"2018-12-06T10:56:13","modified_gmt":"2018-12-06T09:56:13","slug":"collegiale-de-berne","status":"publish","type":"page","link":"https:\/\/conservation-science.ch\/?page_id=30520","title":{"rendered":"Coll\u00e9giale de Berne"},"content":{"rendered":"<p><strong>Projets r\u00e9alis\u00e9s sur la Coll\u00e9giale de Berne\u00a0(cliquez sur\u00a0l&rsquo;image pour ouvrir le r\u00e9sum\u00e9)<\/strong><strong>:<\/strong><\/p>\n<ol>\n<li>\u00c9tudes et suivis de diverses interventions de\u00a0conservation<\/li>\n<li>Probl\u00e8mes d&rsquo;alt\u00e9ration<\/li>\n<li>Recherche et analyse de\u00a0polychromies<\/li>\n<li>Anciens et nouveaux\u00a0mortiers\u00a0\u00e0 usages divers<\/li>\n<\/ol>\n<p><strong>A. \u00c9tudes et suivis de diverses interventions de\u00a0conservation\u00a0 <\/strong><\/p>\n<table border=\"2\" width=\"580\" cellpadding=\"2\">\n<tbody>\n<tr>\n<td valign=\"top\"><strong>R\u00e9sum\u00e9<br \/>\n<\/strong><\/td>\n<td valign=\"top\"><strong>Lieu\/date<\/strong><\/td>\n<td valign=\"top\"><strong>Th\u00e8me<\/strong><\/td>\n<\/tr>\n<tr>\n<td valign=\"top\"><a href=\"http:\/\/csc-sarl.ch\/wp-content\/uploads\/2018\/06\/a_0002_05.pdf\"><img loading=\"lazy\" decoding=\"async\" src=\"http:\/\/csc-sarl.ch\/wp-content\/uploads\/2018\/06\/be_040901.jpg\" alt=\"\" width=\"60\" height=\"40\" \/><\/a><\/td>\n<td valign=\"top\">Berne<br \/>\n28.8.09<br \/>\n2.05<\/td>\n<td valign=\"top\">Gr\u00e8s d&rsquo;Obernkirchen : probl\u00e8mes de conservation<\/td>\n<\/tr>\n<tr>\n<td valign=\"top\"><a href=\"https:\/\/csc-sarl.ch\/wp-content\/uploads\/2018\/06\/a_0198_01.pdf?26,20\"><img loading=\"lazy\" decoding=\"async\" src=\"http:\/\/csc-sarl.ch\/wp-content\/uploads\/2018\/06\/be_019801_large60px.jpg\" alt=\"\" width=\"60\" height=\"45\" \/><\/a><\/td>\n<td valign=\"top\">Berne<br \/>\n12.12.13<br \/>\n198.01<\/td>\n<td valign=\"top\">Anciens traitements de conservation et sels<\/td>\n<\/tr>\n<tr>\n<td valign=\"top\"><a href=\"http:\/\/csc-sarl.ch\/wp-content\/uploads\/2018\/06\/a_0005_01.pdf\" target=\"_self\"><img decoding=\"async\" src=\"http:\/\/csc-sarl.ch\/wp-content\/uploads\/2018\/06\/be_000501_large60px.jpg\" alt=\"[Keine Beschreibung eingegeben]\" ismap=\"ismap\" \/><\/a><\/td>\n<td valign=\"top\">Berne<br \/>\n1.3.07<br \/>\n5.01<\/td>\n<td valign=\"top\">Essais de consolidation et de fixation des plaques &#8211; accompagnement<\/td>\n<\/tr>\n<tr>\n<td valign=\"top\"><a href=\"http:\/\/csc-sarl.ch\/wp-content\/uploads\/2018\/06\/a_0118_01.pdf\" target=\"_self\"><img decoding=\"async\" src=\"http:\/\/csc-sarl.ch\/wp-content\/uploads\/2018\/06\/be_011801_large60px.jpg\" alt=\"[Keine Beschreibung eingegeben]\" ismap=\"ismap\" \/><\/a><\/td>\n<td valign=\"top\">Berne<br \/>\n15.12.09<br \/>\n118.01<\/td>\n<td valign=\"top\">Comparaison de l&rsquo;\u00e9volution naturelle d&rsquo;\u00e9chantillons expos\u00e9s depuis 2002 et originellement couverts de diff\u00e9rents traitements de surface<\/td>\n<\/tr>\n<tr>\n<td valign=\"top\"><a href=\"http:\/\/csc-sarl.ch\/wp-content\/uploads\/2018\/06\/a_0118_02.pdf\" target=\"_self\"><img decoding=\"async\" src=\"http:\/\/csc-sarl.ch\/wp-content\/uploads\/2018\/06\/be_011802_large60px.jpg\" alt=\"[Keine\u00a0Beschreibung\u00a0eingegeben]\" ismap=\"ismap\" \/><\/a><\/td>\n<td valign=\"top\">Berne<br \/>\n5.12.11<br \/>\n118.02<\/td>\n<td valign=\"top\">Echantillons trait\u00e9s et expos\u00e9s depuis 2002: constat d&rsquo;\u00e9tat 2011<\/td>\n<\/tr>\n<tr>\n<td valign=\"top\"><a href=\"http:\/\/csc-sarl.ch\/wp-content\/uploads\/2018\/06\/a_0118_03.pdf\" target=\"_self\"><img decoding=\"async\" src=\"http:\/\/csc-sarl.ch\/wp-content\/uploads\/2018\/06\/be_bernmuenster_a0118-03.jpg\" alt=\"[Keine\u00a0Beschreibung\u00a0eingegeben]\" ismap=\"ismap\" \/><\/a><\/td>\n<td valign=\"top\">Berne<br \/>\n31.12.216<br \/>\n118.03<\/td>\n<td valign=\"top\">Echantillons trait\u00e9s et expos\u00e9s depuis 2002: constat d&rsquo;\u00e9tat 2016<\/td>\n<\/tr>\n<tr>\n<td valign=\"top\"><a href=\"http:\/\/csc-sarl.ch\/wp-content\/uploads\/2018\/06\/a_0093_01.pdf\" target=\"_self\"><img decoding=\"async\" src=\"http:\/\/csc-sarl.ch\/wp-content\/uploads\/2018\/06\/be_009301_large60px.jpg\" alt=\"[Keine\u00a0Beschreibung\u00a0eingegeben]\" ismap=\"ismap\" \/><\/a><\/td>\n<td valign=\"top\">Berne<br \/>\n21.11.12<br \/>\n93.01<\/td>\n<td valign=\"top\">Suivi des traitements de consolidation (contrefort 65S)<\/td>\n<\/tr>\n<tr>\n<td valign=\"top\"><a href=\"http:\/\/csc-sarl.ch\/wp-content\/uploads\/2018\/06\/a_0014_01f_1.pdf\" target=\"_self\"><img decoding=\"async\" src=\"http:\/\/csc-sarl.ch\/wp-content\/uploads\/2018\/06\/be_bs_fr_vd_001401_large60px.jpg\" alt=\"[Keine Beschreibung eingegeben]\" ismap=\"ismap\" \/><\/a><\/td>\n<td valign=\"top\">Berne, Fribourg, B\u00e2le, Lausanne<br \/>\n25.2.09\/ 14.01<\/td>\n<td valign=\"top\">Projet de recherche et d\u00e9veloppement<br \/>\nRapport :\u00a0<a href=\"http:\/\/csc-sarl.ch\/wp-content\/uploads\/2018\/06\/r0014_01f_bs_be_fr_vd_4kt.pdf\" target=\"_self\"><img decoding=\"async\" src=\"http:\/\/csc-sarl.ch\/wp-content\/uploads\/2018\/06\/logoacrobat.jpg\" alt=\"[Keine Beschreibung eingegeben]\" ismap=\"ismap\" \/><\/a><\/td>\n<\/tr>\n<\/tbody>\n<\/table>\n<h6>B. Probl\u00e8mes d&rsquo;alt\u00e9ration<\/h6>\n<table border=\"2\" width=\"580\" cellpadding=\"2\">\n<tbody>\n<tr>\n<td valign=\"top\" width=\"\" height=\"10\"><strong>R\u00e9sum\u00e9<br \/>\n<\/strong><\/td>\n<td valign=\"top\"><strong>Lieu\/date<\/strong><\/td>\n<td valign=\"top\" width=\"\" height=\"10\"><strong>Th\u00e8me<\/strong><\/td>\n<\/tr>\n<tr>\n<td valign=\"top\" width=\"60\" height=\"30\"><a href=\"http:\/\/csc-sarl.ch\/wp-content\/uploads\/2018\/06\/a_0003_02_1.pdf\" target=\"_self\"><img decoding=\"async\" src=\"http:\/\/csc-sarl.ch\/wp-content\/uploads\/2018\/06\/be_000302_large60px.jpg\" alt=\"[Keine Beschreibung eingegeben]\" ismap=\"ismap\" \/><\/a><\/td>\n<td valign=\"top\" width=\"80\" height=\"\">Berne<br \/>\n26.2.07<br \/>\n3.02<\/td>\n<td valign=\"top\">Efflorescences sur gr\u00e8s de Zoug apr\u00e8s une infiltration d&rsquo;eau<\/td>\n<\/tr>\n<tr>\n<td valign=\"top\"><a href=\"http:\/\/csc-sarl.ch\/wp-content\/uploads\/2018\/06\/a_0149_01.pdf\" target=\"_self\"><img decoding=\"async\" src=\"http:\/\/csc-sarl.ch\/wp-content\/uploads\/2018\/06\/be_014901.jpg\" alt=\"[Keine\u00a0Beschreibung\u00a0eingegeben]\" ismap=\"ismap\" \/><\/a><\/td>\n<td valign=\"top\">Berne<br \/>\n6.12.10<br \/>\n149.01<\/td>\n<td valign=\"top\" width=\"\" height=\"30\">Alt\u00e9rations de la vo\u00fbte qui surplombait l&rsquo;ancien treuil<\/td>\n<\/tr>\n<tr>\n<td valign=\"top\"><a href=\"http:\/\/csc-sarl.ch\/wp-content\/uploads\/2018\/06\/a_0003_06.pdf\" target=\"_self\"><img decoding=\"async\" src=\"http:\/\/csc-sarl.ch\/wp-content\/uploads\/2018\/06\/be_000306.jpg\" alt=\"[Keine\u00a0Beschreibung\u00a0eingegeben]\" ismap=\"ismap\" \/><\/a><\/td>\n<td valign=\"top\">Berne<br \/>\n24.12.10<br \/>\n3.06<\/td>\n<td valign=\"top\">Efflorescences sur un mortier de r\u00e9paration r\u00e9cent<\/td>\n<\/tr>\n<tr>\n<td valign=\"top\"><a href=\"http:\/\/csc-sarl.ch\/wp-content\/uploads\/2018\/06\/a_0149_02.pdf\" target=\"_self\"><img decoding=\"async\" src=\"http:\/\/csc-sarl.ch\/wp-content\/uploads\/2018\/06\/be_014902_large60px.jpg\" alt=\"[Keine\u00a0Beschreibung\u00a0eingegeben]\" ismap=\"ismap\" \/><\/a><\/td>\n<td valign=\"top\">Berne<br \/>\n7.2.13<br \/>\n149.02<\/td>\n<td valign=\"top\">Analyse de sels quantitative (vo\u00fbte qui surplombait l&rsquo;ancien treuil)<\/td>\n<\/tr>\n<tr>\n<td valign=\"top\"><a href=\"http:\/\/csc-sarl.ch\/wp-content\/uploads\/2018\/06\/a_0003_15.pdf\" target=\"_self\"><img decoding=\"async\" src=\"http:\/\/csc-sarl.ch\/wp-content\/uploads\/2018\/06\/be_000315_large60px.jpg\" alt=\"[Keine\u00a0Beschreibung\u00a0eingegeben]\" ismap=\"ismap\" \/><\/a><\/td>\n<td valign=\"top\">Berne<br \/>\n21.6.13<br \/>\n3.15<\/td>\n<td valign=\"top\">Analyse de sels quantitative (parapet de la plateforme)<\/td>\n<\/tr>\n<tr>\n<td valign=\"top\"><a href=\"http:\/\/csc-sarl.ch\/wp-content\/uploads\/2018\/06\/a_0003_16.pdf\" target=\"_self\"><img decoding=\"async\" src=\"http:\/\/csc-sarl.ch\/wp-content\/uploads\/2018\/06\/be_000316_large60px.jpg\" alt=\"[Keine\u00a0Beschreibung\u00a0eingegeben]\" ismap=\"ismap\" \/><\/a><\/td>\n<td valign=\"top\">Berne<br \/>\n19.8.13<br \/>\n3.16<\/td>\n<td valign=\"top\">Analyse de sels quantitative (parapet de la plateforme)<\/td>\n<\/tr>\n<\/tbody>\n<\/table>\n<h6>C. Recherche et analyse de\u00a0polychromies<\/h6>\n<table border=\"2\" width=\"580\" cellpadding=\"2\">\n<tbody>\n<tr>\n<td valign=\"top\"><strong>R\u00e9sum\u00e9<br \/>\n<\/strong><\/td>\n<td valign=\"top\"><strong>Lieu\/date<\/strong><\/td>\n<td valign=\"top\"><strong>Th\u00e8me<\/strong><\/td>\n<\/tr>\n<tr>\n<td valign=\"top\"><a href=\"http:\/\/csc-sarl.ch\/wp-content\/uploads\/2018\/06\/a_0038_0039_01.pdf\" target=\"_self\"><img decoding=\"async\" src=\"http:\/\/csc-sarl.ch\/wp-content\/uploads\/2018\/06\/be_00383901_large60px.jpg\" alt=\"[Keine Beschreibung eingegeben]\" ismap=\"ismap\" \/><\/a><\/td>\n<td valign=\"top\">Berne<br \/>\n22.5.08<br \/>\n38.39.01<\/td>\n<td valign=\"top\">Mesures XRF mobiles et diverses analyses de laboratoires (Face 50)<\/td>\n<\/tr>\n<tr>\n<td valign=\"top\"><a href=\"http:\/\/csc-sarl.ch\/wp-content\/uploads\/2018\/06\/a_0110_01.pdf\" target=\"_self\"><img decoding=\"async\" src=\"http:\/\/csc-sarl.ch\/wp-content\/uploads\/2018\/06\/be_011001_large60px.jpg\" alt=\"[Keine Beschreibung eingegeben]\" ismap=\"ismap\" \/><\/a><\/td>\n<td valign=\"top\">Berne<br \/>\n3.8.09<br \/>\n110.01<\/td>\n<td valign=\"top\">Achteck S et SW : traces de peinture (?) sur les remplages<\/td>\n<\/tr>\n<tr>\n<td valign=\"top\"><a href=\"http:\/\/csc-sarl.ch\/wp-content\/uploads\/2018\/06\/a_0178_01.pdf\" target=\"_self\"><img decoding=\"async\" src=\"http:\/\/csc-sarl.ch\/wp-content\/uploads\/2018\/06\/be_017801.jpg\" alt=\"[Keine\u00a0Beschreibung\u00a0eingegeben]\" ismap=\"ismap\" \/><\/a><\/td>\n<td valign=\"top\">Berne<br \/>\n8.6.11<br \/>\n178.01<\/td>\n<td valign=\"top\">Analyse de mat\u00e9riaux et mesures XRF (face 60 &amp; contrefort 65)<\/td>\n<\/tr>\n<tr>\n<td valign=\"top\"><a href=\"http:\/\/csc-sarl.ch\/wp-content\/uploads\/2018\/06\/a_0197_01.pdf\" target=\"_self\"><img decoding=\"async\" src=\"http:\/\/csc-sarl.ch\/wp-content\/uploads\/2018\/06\/be_019701.jpg\" alt=\"[Keine\u00a0Beschreibung\u00a0eingegeben]\" ismap=\"ismap\" \/><\/a><\/td>\n<td valign=\"top\">Berne<br \/>\n30.8.11<br \/>\n197.01<\/td>\n<td valign=\"top\">Analyse des mat\u00e9riaux (face 70 &amp; contrefort 75)<\/td>\n<\/tr>\n<tr>\n<td valign=\"top\"><a href=\"http:\/\/csc-sarl.ch\/wp-content\/uploads\/2018\/06\/a_0197_02.pdf\" target=\"_self\"><img decoding=\"async\" src=\"http:\/\/csc-sarl.ch\/wp-content\/uploads\/2018\/06\/be_019702_large60px.jpg\" alt=\"[Keine\u00a0Beschreibung\u00a0eingegeben]\" ismap=\"ismap\" \/><\/a><\/td>\n<td valign=\"top\">Berne<br \/>\n197.02<br \/>\n7.10.11<\/td>\n<td valign=\"top\">Analyse des mat\u00e9riaux (face 70 &amp; contrefort 75)<\/td>\n<\/tr>\n<tr>\n<td valign=\"top\"><a href=\"http:\/\/csc-sarl.ch\/wp-content\/uploads\/2018\/06\/a_0231_01.pdf\" target=\"_self\"><img decoding=\"async\" src=\"http:\/\/csc-sarl.ch\/wp-content\/uploads\/2018\/06\/be_023101_large60px.jpg\" alt=\"[Keine\u00a0Beschreibung\u00a0eingegeben]\" ismap=\"ismap\" \/><\/a><\/td>\n<td valign=\"top\">Berne<br \/>\n231.01<br \/>\n17.4.12<\/td>\n<td valign=\"top\">Analyse des mat\u00e9riaux (vitrail du choeur)<\/td>\n<\/tr>\n<tr>\n<td valign=\"top\"><a href=\"http:\/\/csc-sarl.ch\/wp-content\/uploads\/2018\/06\/a_0003_03.pdf\" target=\"_self\"><img decoding=\"async\" src=\"http:\/\/csc-sarl.ch\/wp-content\/uploads\/2018\/06\/be_000303_large60px.jpg\" alt=\"[Keine\u00a0Beschreibung\u00a0eingegeben]\" ismap=\"ismap\" \/><\/a><\/td>\n<td valign=\"top\">Berne<br \/>\n3.03<br \/>\n22.8.12<\/td>\n<td valign=\"top\">Analyse des colorations rouges (statues du portail ouest)<\/td>\n<\/tr>\n<\/tbody>\n<\/table>\n<p><strong>D. Anciens et nouveaux\u00a0mortiers\u00a0\u00e0 usages divers<\/strong><\/p>\n<table border=\"2\" width=\"580\" cellpadding=\"2\">\n<tbody>\n<tr>\n<td><strong>R\u00e9sum\u00e9<br \/>\n<\/strong><\/td>\n<td><strong>Lieu\/date<\/strong><\/td>\n<td><strong>Th\u00e8me<\/strong><\/td>\n<\/tr>\n<tr>\n<td valign=\"top\"><a href=\"http:\/\/csc-sarl.ch\/wp-content\/uploads\/2018\/06\/a_0002_02.pdf\" target=\"_self\"><img decoding=\"async\" src=\"http:\/\/csc-sarl.ch\/wp-content\/uploads\/2018\/06\/be_000202_large60px.jpg\" alt=\"[Keine Beschreibung eingegeben]\" ismap=\"ismap\" \/><\/a><\/td>\n<td valign=\"top\">Berne<br \/>\n3.12.07<br \/>\n2.02<\/td>\n<td valign=\"top\">\u00c9valuation des mortiers de fond et de ragr\u00e9age<\/td>\n<\/tr>\n<tr>\n<td valign=\"top\"><a href=\"http:\/\/csc-sarl.ch\/wp-content\/uploads\/2018\/06\/a_0002_01.pdf\" target=\"_self\"><img decoding=\"async\" src=\"http:\/\/csc-sarl.ch\/wp-content\/uploads\/2018\/06\/be_000201_large60px.jpg\" alt=\"[Keine Beschreibung eingegeben]\" ismap=\"ismap\" \/><\/a><\/td>\n<td valign=\"top\">Berne<br \/>\n16.4.07<br \/>\n2.01<\/td>\n<td valign=\"top\">\u00c9valuation des mortiers de fond<\/td>\n<\/tr>\n<tr>\n<td valign=\"top\"><a href=\"http:\/\/csc-sarl.ch\/wp-content\/uploads\/2018\/06\/a_0002_04.pdf\" target=\"_self\"><img decoding=\"async\" src=\"http:\/\/csc-sarl.ch\/wp-content\/uploads\/2018\/06\/be_000204_large60px.jpg\" alt=\"[Keine Beschreibung eingegeben]\" ismap=\"ismap\" \/><\/a><\/td>\n<td valign=\"top\">Berne<br \/>\n1.2.08<br \/>\n2.04<\/td>\n<td valign=\"top\">Consid\u00e9rations sur la g\u00e9livit\u00e9 du mortier de fond<\/td>\n<\/tr>\n<tr>\n<td valign=\"top\"><a href=\"http:\/\/csc-sarl.ch\/wp-content\/uploads\/2018\/06\/a_0002_07.pdf\" target=\"_self\"><img decoding=\"async\" src=\"http:\/\/csc-sarl.ch\/wp-content\/uploads\/2018\/06\/be_000207_large60px.jpg\" alt=\"[Keine Beschreibung eingegeben]\" ismap=\"ismap\" \/><\/a><\/td>\n<td valign=\"top\">Berne<br \/>\n31.12.09<br \/>\n2.07<\/td>\n<td valign=\"top\">\u00c9valuation de nouveaux mortiers de fond<\/td>\n<\/tr>\n<tr>\n<td valign=\"top\"><a href=\"http:\/\/csc-sarl.ch\/wp-content\/uploads\/2018\/06\/a_0003_01_1.pdf\" target=\"_self\"><img decoding=\"async\" src=\"http:\/\/csc-sarl.ch\/wp-content\/uploads\/2018\/06\/be_000301_large60px.jpg\" alt=\"[Keine Beschreibung eingegeben]\" ismap=\"ismap\" \/><\/a><\/td>\n<td valign=\"top\">Berne<br \/>\n18.1.07<br \/>\n3.01<\/td>\n<td valign=\"top\">\u00c9valuation d&rsquo;ajouts pour des injections cimenteuses<\/td>\n<\/tr>\n<tr>\n<td valign=\"top\"><a href=\"http:\/\/csc-sarl.ch\/wp-content\/uploads\/2018\/06\/a_0003_05_1.pdf\" target=\"_self\"><img decoding=\"async\" src=\"http:\/\/csc-sarl.ch\/wp-content\/uploads\/2018\/06\/be_000305_large60px.jpg\" alt=\"[Keine Beschreibung eingegeben]\" ismap=\"ismap\" \/><\/a><\/td>\n<td valign=\"top\">Berne<br \/>\n14.12.07<br \/>\n3.05<\/td>\n<td valign=\"top\">Analyse de pigments<\/td>\n<\/tr>\n<tr>\n<td valign=\"top\"><a href=\"http:\/\/csc-sarl.ch\/wp-content\/uploads\/2018\/06\/a_0173_01.pdf\" target=\"_self\"><img decoding=\"async\" src=\"http:\/\/csc-sarl.ch\/wp-content\/uploads\/2018\/06\/be_017301_large60px.jpg\" alt=\"[Keine\u00a0Beschreibung\u00a0eingegeben]\" ismap=\"ismap\" \/><\/a><\/td>\n<td valign=\"top\">Berne<br \/>\n29.12.10<br \/>\n173.01<\/td>\n<td valign=\"top\">Teneurs en sels de mortiers frais<\/td>\n<\/tr>\n<\/tbody>\n<\/table>\n","protected":false},"excerpt":{"rendered":"<p>Projets r\u00e9alis\u00e9s sur la Coll\u00e9giale de Berne\u00a0(cliquez sur\u00a0l&rsquo;image pour ouvrir le r\u00e9sum\u00e9): \u00c9tudes et suivis de diverses interventions de\u00a0conservation Probl\u00e8mes d&rsquo;alt\u00e9ration Recherche et analyse de\u00a0polychromies Anciens et nouveaux\u00a0mortiers\u00a0\u00e0 usages divers A. \u00c9tudes et suivis de diverses interventions de\u00a0conservation\u00a0 R\u00e9sum\u00e9 Lieu\/date Th\u00e8me Berne 28.8.09 2.05 Gr\u00e8s d&rsquo;Obernkirchen : probl\u00e8mes de conservation Berne 12.12.13 198.01 Anciens traitements &hellip; <a href=\"https:\/\/conservation-science.ch\/?page_id=30520\" class=\"more-link\">Continuer la lecture de <span class=\"screen-reader-text\">Coll\u00e9giale de Berne<\/span><\/a><\/p>\n","protected":false},"author":1,"featured_media":0,"parent":30518,"menu_order":0,"comment_status":"closed","ping_status":"closed","template":"","meta":{"footnotes":""},"class_list":["post-30520","page","type-page","status-publish","hentry"],"yoast_head":"<!-- This site is optimized with the Yoast SEO plugin v27.2 - https:\/\/yoast.com\/product\/yoast-seo-wordpress\/ -->\n<title>Coll\u00e9giale de Berne - Bl\u00e4uer - Conservation - Science<\/title>\n<meta name=\"robots\" content=\"index, follow, max-snippet:-1, max-image-preview:large, max-video-preview:-1\" \/>\n<link rel=\"canonical\" href=\"https:\/\/conservation-science.ch\/?page_id=30520\" \/>\n<meta property=\"og:locale\" content=\"fr_FR\" \/>\n<meta property=\"og:type\" content=\"article\" \/>\n<meta property=\"og:title\" content=\"Coll\u00e9giale de Berne - Bl\u00e4uer - Conservation - Science\" \/>\n<meta property=\"og:description\" content=\"Projets r\u00e9alis\u00e9s sur la Coll\u00e9giale de Berne\u00a0(cliquez sur\u00a0l&rsquo;image pour ouvrir le r\u00e9sum\u00e9): \u00c9tudes et suivis de diverses interventions de\u00a0conservation Probl\u00e8mes d&rsquo;alt\u00e9ration Recherche et analyse de\u00a0polychromies Anciens et nouveaux\u00a0mortiers\u00a0\u00e0 usages divers A. \u00c9tudes et suivis de diverses interventions de\u00a0conservation\u00a0 R\u00e9sum\u00e9 Lieu\/date Th\u00e8me Berne 28.8.09 2.05 Gr\u00e8s d&rsquo;Obernkirchen : probl\u00e8mes de conservation Berne 12.12.13 198.01 Anciens traitements &hellip; Continuer la lecture de Coll\u00e9giale de Berne\" \/>\n<meta property=\"og:url\" content=\"https:\/\/conservation-science.ch\/?page_id=30520\" \/>\n<meta property=\"og:site_name\" content=\"Bl\u00e4uer - Conservation - Science\" \/>\n<meta property=\"article:modified_time\" content=\"2018-12-06T09:56:13+00:00\" \/>\n<meta property=\"og:image\" content=\"http:\/\/csc-sarl.ch\/wp-content\/uploads\/2018\/06\/be_040901.jpg\" \/>\n<meta name=\"twitter:card\" content=\"summary_large_image\" \/>\n<meta name=\"twitter:label1\" content=\"Dur\u00e9e de lecture estim\u00e9e\" \/>\n\t<meta name=\"twitter:data1\" content=\"2 minutes\" \/>\n<script type=\"application\/ld+json\" class=\"yoast-schema-graph\">{\"@context\":\"https:\/\/schema.org\",\"@graph\":[{\"@type\":\"WebPage\",\"@id\":\"https:\/\/conservation-science.ch\/?page_id=30520\",\"url\":\"https:\/\/conservation-science.ch\/?page_id=30520\",\"name\":\"Coll\u00e9giale de Berne - Bl\u00e4uer - Conservation - Science\",\"isPartOf\":{\"@id\":\"https:\/\/conservation-science.ch\/#website\"},\"primaryImageOfPage\":{\"@id\":\"https:\/\/conservation-science.ch\/?page_id=30520#primaryimage\"},\"image\":{\"@id\":\"https:\/\/conservation-science.ch\/?page_id=30520#primaryimage\"},\"thumbnailUrl\":\"http:\/\/csc-sarl.ch\/wp-content\/uploads\/2018\/06\/be_040901.jpg\",\"datePublished\":\"2018-06-19T08:08:32+00:00\",\"dateModified\":\"2018-12-06T09:56:13+00:00\",\"breadcrumb\":{\"@id\":\"https:\/\/conservation-science.ch\/?page_id=30520#breadcrumb\"},\"inLanguage\":\"fr-FR\",\"potentialAction\":[{\"@type\":\"ReadAction\",\"target\":[\"https:\/\/conservation-science.ch\/?page_id=30520\"]}]},{\"@type\":\"ImageObject\",\"inLanguage\":\"fr-FR\",\"@id\":\"https:\/\/conservation-science.ch\/?page_id=30520#primaryimage\",\"url\":\"http:\/\/csc-sarl.ch\/wp-content\/uploads\/2018\/06\/be_040901.jpg\",\"contentUrl\":\"http:\/\/csc-sarl.ch\/wp-content\/uploads\/2018\/06\/be_040901.jpg\"},{\"@type\":\"BreadcrumbList\",\"@id\":\"https:\/\/conservation-science.ch\/?page_id=30520#breadcrumb\",\"itemListElement\":[{\"@type\":\"ListItem\",\"position\":1,\"name\":\"Accueil\",\"item\":\"https:\/\/conservation-science.ch\/\"},{\"@type\":\"ListItem\",\"position\":2,\"name\":\"Accueil\",\"item\":\"https:\/\/conservation-science.ch\/\"},{\"@type\":\"ListItem\",\"position\":3,\"name\":\"Etudes \/ Expertises\",\"item\":\"https:\/\/conservation-science.ch\/?page_id=28915\"},{\"@type\":\"ListItem\",\"position\":4,\"name\":\"Suisse\",\"item\":\"https:\/\/conservation-science.ch\/?page_id=30086\"},{\"@type\":\"ListItem\",\"position\":5,\"name\":\"BE (Berne)\",\"item\":\"https:\/\/conservation-science.ch\/?page_id=30518\"},{\"@type\":\"ListItem\",\"position\":6,\"name\":\"Coll\u00e9giale de Berne\"}]},{\"@type\":\"WebSite\",\"@id\":\"https:\/\/conservation-science.ch\/#website\",\"url\":\"https:\/\/conservation-science.ch\/\",\"name\":\"CSC - Conservation - Sciences\",\"description\":\"Transmission de connaissances dans le domaine des sciences de la conservation du patrimoine b\u00e2ti\",\"potentialAction\":[{\"@type\":\"SearchAction\",\"target\":{\"@type\":\"EntryPoint\",\"urlTemplate\":\"https:\/\/conservation-science.ch\/?s={search_term_string}\"},\"query-input\":{\"@type\":\"PropertyValueSpecification\",\"valueRequired\":true,\"valueName\":\"search_term_string\"}}],\"inLanguage\":\"fr-FR\"}]}<\/script>\n<!-- \/ Yoast SEO plugin. -->","yoast_head_json":{"title":"Coll\u00e9giale de Berne - Bl\u00e4uer - Conservation - Science","robots":{"index":"index","follow":"follow","max-snippet":"max-snippet:-1","max-image-preview":"max-image-preview:large","max-video-preview":"max-video-preview:-1"},"canonical":"https:\/\/conservation-science.ch\/?page_id=30520","og_locale":"fr_FR","og_type":"article","og_title":"Coll\u00e9giale de Berne - Bl\u00e4uer - Conservation - Science","og_description":"Projets r\u00e9alis\u00e9s sur la Coll\u00e9giale de Berne\u00a0(cliquez sur\u00a0l&rsquo;image pour ouvrir le r\u00e9sum\u00e9): \u00c9tudes et suivis de diverses interventions de\u00a0conservation Probl\u00e8mes d&rsquo;alt\u00e9ration Recherche et analyse de\u00a0polychromies Anciens et nouveaux\u00a0mortiers\u00a0\u00e0 usages divers A. \u00c9tudes et suivis de diverses interventions de\u00a0conservation\u00a0 R\u00e9sum\u00e9 Lieu\/date Th\u00e8me Berne 28.8.09 2.05 Gr\u00e8s d&rsquo;Obernkirchen : probl\u00e8mes de conservation Berne 12.12.13 198.01 Anciens traitements &hellip; Continuer la lecture de Coll\u00e9giale de Berne","og_url":"https:\/\/conservation-science.ch\/?page_id=30520","og_site_name":"Bl\u00e4uer - Conservation - Science","article_modified_time":"2018-12-06T09:56:13+00:00","og_image":[{"url":"http:\/\/csc-sarl.ch\/wp-content\/uploads\/2018\/06\/be_040901.jpg","type":"","width":"","height":""}],"twitter_card":"summary_large_image","twitter_misc":{"Dur\u00e9e de lecture estim\u00e9e":"2 minutes"},"schema":{"@context":"https:\/\/schema.org","@graph":[{"@type":"WebPage","@id":"https:\/\/conservation-science.ch\/?page_id=30520","url":"https:\/\/conservation-science.ch\/?page_id=30520","name":"Coll\u00e9giale de Berne - Bl\u00e4uer - Conservation - Science","isPartOf":{"@id":"https:\/\/conservation-science.ch\/#website"},"primaryImageOfPage":{"@id":"https:\/\/conservation-science.ch\/?page_id=30520#primaryimage"},"image":{"@id":"https:\/\/conservation-science.ch\/?page_id=30520#primaryimage"},"thumbnailUrl":"http:\/\/csc-sarl.ch\/wp-content\/uploads\/2018\/06\/be_040901.jpg","datePublished":"2018-06-19T08:08:32+00:00","dateModified":"2018-12-06T09:56:13+00:00","breadcrumb":{"@id":"https:\/\/conservation-science.ch\/?page_id=30520#breadcrumb"},"inLanguage":"fr-FR","potentialAction":[{"@type":"ReadAction","target":["https:\/\/conservation-science.ch\/?page_id=30520"]}]},{"@type":"ImageObject","inLanguage":"fr-FR","@id":"https:\/\/conservation-science.ch\/?page_id=30520#primaryimage","url":"http:\/\/csc-sarl.ch\/wp-content\/uploads\/2018\/06\/be_040901.jpg","contentUrl":"http:\/\/csc-sarl.ch\/wp-content\/uploads\/2018\/06\/be_040901.jpg"},{"@type":"BreadcrumbList","@id":"https:\/\/conservation-science.ch\/?page_id=30520#breadcrumb","itemListElement":[{"@type":"ListItem","position":1,"name":"Accueil","item":"https:\/\/conservation-science.ch\/"},{"@type":"ListItem","position":2,"name":"Accueil","item":"https:\/\/conservation-science.ch\/"},{"@type":"ListItem","position":3,"name":"Etudes \/ Expertises","item":"https:\/\/conservation-science.ch\/?page_id=28915"},{"@type":"ListItem","position":4,"name":"Suisse","item":"https:\/\/conservation-science.ch\/?page_id=30086"},{"@type":"ListItem","position":5,"name":"BE (Berne)","item":"https:\/\/conservation-science.ch\/?page_id=30518"},{"@type":"ListItem","position":6,"name":"Coll\u00e9giale de Berne"}]},{"@type":"WebSite","@id":"https:\/\/conservation-science.ch\/#website","url":"https:\/\/conservation-science.ch\/","name":"CSC - Conservation - Sciences","description":"Transmission de connaissances dans le domaine des sciences de la conservation du patrimoine b\u00e2ti","potentialAction":[{"@type":"SearchAction","target":{"@type":"EntryPoint","urlTemplate":"https:\/\/conservation-science.ch\/?s={search_term_string}"},"query-input":{"@type":"PropertyValueSpecification","valueRequired":true,"valueName":"search_term_string"}}],"inLanguage":"fr-FR"}]}},"_links":{"self":[{"href":"https:\/\/conservation-science.ch\/index.php?rest_route=\/wp\/v2\/pages\/30520","targetHints":{"allow":["GET"]}}],"collection":[{"href":"https:\/\/conservation-science.ch\/index.php?rest_route=\/wp\/v2\/pages"}],"about":[{"href":"https:\/\/conservation-science.ch\/index.php?rest_route=\/wp\/v2\/types\/page"}],"author":[{"embeddable":true,"href":"https:\/\/conservation-science.ch\/index.php?rest_route=\/wp\/v2\/users\/1"}],"replies":[{"embeddable":true,"href":"https:\/\/conservation-science.ch\/index.php?rest_route=%2Fwp%2Fv2%2Fcomments&post=30520"}],"version-history":[{"count":7,"href":"https:\/\/conservation-science.ch\/index.php?rest_route=\/wp\/v2\/pages\/30520\/revisions"}],"predecessor-version":[{"id":38775,"href":"https:\/\/conservation-science.ch\/index.php?rest_route=\/wp\/v2\/pages\/30520\/revisions\/38775"}],"up":[{"embeddable":true,"href":"https:\/\/conservation-science.ch\/index.php?rest_route=\/wp\/v2\/pages\/30518"}],"wp:attachment":[{"href":"https:\/\/conservation-science.ch\/index.php?rest_route=%2Fwp%2Fv2%2Fmedia&parent=30520"}],"curies":[{"name":"wp","href":"https:\/\/api.w.org\/{rel}","templated":true}]}}