{"id":30444,"date":"2018-06-16T11:21:58","date_gmt":"2018-06-16T09:21:58","guid":{"rendered":"https:\/\/objectif-lune.ch\/?page_id=30444"},"modified":"2018-12-06T09:13:31","modified_gmt":"2018-12-06T08:13:31","slug":"argovie","status":"publish","type":"page","link":"https:\/\/conservation-science.ch\/?page_id=30444","title":{"rendered":"AG (Argovie)"},"content":{"rendered":"<p><strong>Projets r\u00e9alis\u00e9s dans le canton d&rsquo;Argovie <\/strong><strong>(cliquez sur l&rsquo;image) <\/strong><strong>:<\/strong><\/p>\n<p>&nbsp;<\/p>\n<table border=\"1\" width=\"580\" cellspacing=\"0\" cellpadding=\"5\">\n<tbody>\n<tr>\n<td style=\"width: 85px; vertical-align: top;\" valign=\"top\"><span style=\"font-size: 10pt;\"><strong>R\u00e9sum\u00e9<br \/>\n<\/strong><\/span><\/td>\n<td style=\"width: 149px; vertical-align: top;\" valign=\"top\"><span style=\"font-size: 10pt;\"><strong>Lieu\/date<\/strong><\/span><\/td>\n<td style=\"width: 109px; vertical-align: top;\" valign=\"top\"><span style=\"font-size: 10pt;\"><strong>Objet<\/strong><\/span><\/td>\n<td style=\"width: 237px; vertical-align: top;\" valign=\"top\"><span style=\"font-size: 10pt;\"><strong>Th\u00e8me<\/strong><\/span><\/td>\n<\/tr>\n<tr>\n<td style=\"width: 85px; vertical-align: top;\" valign=\"top\"><a href=\"https:\/\/conservation-science.ch\/a_0308_01\/\"><img loading=\"lazy\" decoding=\"async\" class=\"alignnone size-full wp-image-30095\" src=\"https:\/\/csc-sarl.ch\/wp-content\/uploads\/2018\/06\/ag_030801_large60px.jpg\" alt=\"\" width=\"60\" height=\"22\" \/><\/a><\/td>\n<td style=\"width: 149px; vertical-align: top;\" valign=\"top\"><span style=\"font-size: 10pt;\">Aarau 28.10.13<\/span><br \/>\n<span style=\"font-size: 10pt;\">308.01<\/span><\/td>\n<td style=\"width: 109px; vertical-align: top;\" valign=\"top\"><span style=\"font-size: 10pt;\">Vordere Vorstadt 9 <\/span><\/td>\n<td style=\"width: 237px; vertical-align: top;\" valign=\"top\"><span style=\"font-size: 10pt;\">Analyse de polychromie<\/span><\/td>\n<\/tr>\n<tr>\n<td style=\"width: 85px; vertical-align: top;\" valign=\"top\"><span style=\"font-size: 10pt;\"><a href=\"https:\/\/csc-sarl.ch\/wp-content\/uploads\/2018\/06\/a_0047_01.pdf\" target=\"_self\"><img decoding=\"async\" class=\"rex_image\" src=\"https:\/\/csc-sarl.ch\/wp-content\/uploads\/2018\/06\/ag_004701_large60px.jpg\" alt=\"[Keine Beschreibung eingegeben]\" ismap=\"ismap\" \/><\/a><\/span><\/td>\n<td style=\"width: 149px; vertical-align: top;\" valign=\"top\"><span style=\"font-size: 10pt;\">Boswil<\/span><br \/>\n<span style=\"font-size: 10pt;\">20.3.08<\/span><br \/>\n<span style=\"font-size: 10pt;\">47.01<\/span><\/td>\n<td style=\"width: 109px; vertical-align: top;\" valign=\"top\"><span style=\"font-size: 10pt;\">Statue de St Martin<\/span><\/td>\n<td style=\"width: 237px; vertical-align: top;\" valign=\"top\"><span style=\"font-size: 10pt;\">Identification p\u00e9trographique du gr\u00e8s<\/span><\/td>\n<\/tr>\n<tr>\n<td style=\"width: 85px; vertical-align: top;\" valign=\"top\"><span style=\"font-size: 10pt;\"><a href=\"https:\/\/csc-sarl.ch\/wp-content\/uploads\/2018\/06\/a_0044_01.pdf\" target=\"_self\"><img decoding=\"async\" class=\"rex_image\" src=\"https:\/\/csc-sarl.ch\/wp-content\/uploads\/2018\/06\/ag_004401_large60px.jpg\" alt=\"[Keine Beschreibung eingegeben]\" ismap=\"ismap\" \/><br \/>\n<\/a><\/span><\/td>\n<td style=\"width: 149px; vertical-align: top;\" valign=\"top\"><span style=\"font-size: 10pt;\">Gr\u00e4nichen<\/span><br \/>\n<span style=\"font-size: 10pt;\">14.3.08<\/span><br \/>\n<span style=\"font-size: 10pt;\">44.01<\/span><\/td>\n<td style=\"width: 109px; vertical-align: top;\" valign=\"top\"><span style=\"font-size: 10pt;\">Ch\u00e2teau de Liebegg, pierres tombales<\/span><\/td>\n<td style=\"width: 237px; vertical-align: top;\" valign=\"top\"><span style=\"font-size: 10pt;\">Analyse du contenu en sels et estimation des risques li\u00e9s aux sels solubles<\/span><\/td>\n<\/tr>\n<tr>\n<td style=\"width: 85px; vertical-align: top;\" valign=\"top\"><span style=\"font-size: 10pt;\"><a href=\"https:\/\/csc-sarl.ch\/wp-content\/uploads\/2018\/06\/a_0348_01.pdf\" target=\"_self\"><img decoding=\"async\" class=\"rex_image\" src=\"https:\/\/csc-sarl.ch\/wp-content\/uploads\/2018\/06\/ag_034801.jpg\" alt=\"[Keine Beschreibung eingegeben]\" ismap=\"ismap\" \/><\/a><\/span><\/td>\n<td style=\"width: 149px; vertical-align: top;\" valign=\"top\"><span style=\"font-size: 10pt;\">Muri<\/span><br \/>\n<span style=\"font-size: 10pt;\">22.6.15<\/span><br \/>\n<span style=\"font-size: 10pt;\">348.01<\/span><\/td>\n<td style=\"width: 109px; vertical-align: top;\" valign=\"top\"><span style=\"font-size: 10pt;\">Abbaye<\/span><\/td>\n<td style=\"width: 237px; vertical-align: top;\" valign=\"top\"><span style=\"font-size: 10pt;\">Analyse de cr\u00e9pi et de sels<\/span><\/td>\n<\/tr>\n<tr>\n<td style=\"width: 85px; vertical-align: top;\" valign=\"top\"><span style=\"font-size: 10pt;\"><a href=\"https:\/\/csc-sarl.ch\/wp-content\/uploads\/2018\/06\/a_0397_01.pdf\" target=\"_self\"><img decoding=\"async\" class=\"rex_image\" src=\"https:\/\/csc-sarl.ch\/wp-content\/uploads\/2018\/06\/ag_039701.jpg\" alt=\"[Keine Beschreibung eingegeben]\" ismap=\"ismap\" \/><\/a><\/span><\/td>\n<td style=\"width: 149px; vertical-align: top;\" valign=\"top\"><span style=\"font-size: 10pt;\">Oberentfelden<\/span><br \/>\n<span style=\"font-size: 10pt;\">20.7.15<\/span><br \/>\n<span style=\"font-size: 10pt;\">397.01<\/span><\/td>\n<td style=\"width: 109px; vertical-align: top;\" valign=\"top\"><span style=\"font-size: 10pt;\">B\u00e2timent scolaire<\/span><\/td>\n<td style=\"width: 237px; vertical-align: top;\" valign=\"top\"><span style=\"font-size: 10pt;\">Analyse d&rsquo;un cr\u00e9pi avec sgraffite<\/span><\/td>\n<\/tr>\n<tr>\n<td style=\"width: 85px; vertical-align: top;\" valign=\"top\"><span style=\"font-size: 10pt;\"><a href=\"https:\/\/csc-sarl.ch\/wp-content\/uploads\/2018\/06\/a_0060_01.pdf\" target=\"_self\"><img decoding=\"async\" class=\"rex_image\" src=\"https:\/\/csc-sarl.ch\/wp-content\/uploads\/2018\/06\/ag_006001_large60px.jpg\" alt=\"[Keine Beschreibung eingegeben]\" ismap=\"ismap\" \/><br \/>\n<\/a><\/span><\/td>\n<td style=\"width: 149px; vertical-align: top;\" valign=\"top\"><span style=\"font-size: 10pt;\">Wildegg<\/span><br \/>\n<span style=\"font-size: 10pt;\">23.7.08<\/span><br \/>\n<span style=\"font-size: 10pt;\">60.01<\/span><\/td>\n<td style=\"width: 109px; vertical-align: top;\" valign=\"top\"><span style=\"font-size: 10pt;\">Ch\u00e2teau<\/span><\/td>\n<td style=\"width: 237px; vertical-align: top;\" valign=\"top\"><span style=\"font-size: 10pt;\">Analyse de sels<\/span><\/td>\n<\/tr>\n<tr>\n<td style=\"width: 85px; vertical-align: top;\" valign=\"top\"><span style=\"font-size: 10pt;\"><a href=\"https:\/\/csc-sarl.ch\/wp-content\/uploads\/2018\/06\/a_0078_01.pdf\" target=\"_self\"><img decoding=\"async\" class=\"rex_image\" src=\"https:\/\/csc-sarl.ch\/wp-content\/uploads\/2018\/06\/ag_007801_large60px.jpg\" alt=\"[Keine Beschreibung eingegeben]\" ismap=\"ismap\" \/><\/a><\/span><\/td>\n<td style=\"width: 149px; vertical-align: top;\" valign=\"top\"><span style=\"font-size: 10pt;\">Windisch<\/span><br \/>\n<span style=\"font-size: 10pt;\">8.12.08<\/span><br \/>\n<span style=\"font-size: 10pt;\">78.01<\/span><\/td>\n<td style=\"width: 109px; vertical-align: top;\" valign=\"top\"><span style=\"font-size: 10pt;\">\u00c9glise Catholique<\/span><\/td>\n<td style=\"width: 237px; vertical-align: top;\" valign=\"top\"><span style=\"font-size: 10pt;\">\u00c9valuation du nouveau rev\u00eatement de fa\u00e7ade<\/span><\/td>\n<\/tr>\n<tr>\n<td style=\"width: 85px; vertical-align: top;\" valign=\"top\"><a href=\"https:\/\/csc-sarl.ch\/wp-content\/uploads\/2018\/06\/a_0092_01.pdf\"><img loading=\"lazy\" decoding=\"async\" class=\"alignnone size-full wp-image-29667\" src=\"https:\/\/csc-sarl.ch\/wp-content\/uploads\/2018\/06\/logoacrobatptt.jpg\" alt=\"\" width=\"57\" height=\"43\" \/><\/a><\/td>\n<td style=\"width: 149px; vertical-align: top;\" valign=\"top\"><span style=\"font-size: 10pt;\">Windisch<\/span><br \/>\n<span style=\"font-size: 10pt;\">14.4.09<\/span><br \/>\n<span style=\"font-size: 10pt;\">92.01<\/span><\/td>\n<td style=\"width: 109px; vertical-align: top;\" valign=\"top\"><span style=\"font-size: 10pt;\">Cuisine des l\u00e9gionnaires romains<\/span><\/td>\n<td style=\"width: 237px; vertical-align: top;\" valign=\"top\"><span style=\"font-size: 10pt;\">Analyse de sels <\/span><\/td>\n<\/tr>\n<\/tbody>\n<\/table>\n","protected":false},"excerpt":{"rendered":"<p>Projets r\u00e9alis\u00e9s dans le canton d&rsquo;Argovie (cliquez sur l&rsquo;image) : &nbsp; R\u00e9sum\u00e9 Lieu\/date Objet Th\u00e8me Aarau 28.10.13 308.01 Vordere Vorstadt 9 Analyse de polychromie Boswil 20.3.08 47.01 Statue de St Martin Identification p\u00e9trographique du gr\u00e8s Gr\u00e4nichen 14.3.08 44.01 Ch\u00e2teau de Liebegg, pierres tombales Analyse du contenu en sels et estimation des risques li\u00e9s aux sels &hellip; <a href=\"https:\/\/conservation-science.ch\/?page_id=30444\" class=\"more-link\">Continuer la lecture de <span class=\"screen-reader-text\">AG (Argovie)<\/span><\/a><\/p>\n","protected":false},"author":1,"featured_media":0,"parent":30086,"menu_order":1,"comment_status":"closed","ping_status":"closed","template":"","meta":{"footnotes":""},"class_list":["post-30444","page","type-page","status-publish","hentry"],"yoast_head":"<!-- This site is optimized with the Yoast SEO plugin v27.2 - https:\/\/yoast.com\/product\/yoast-seo-wordpress\/ -->\n<title>AG (Argovie) - Bl\u00e4uer - Conservation - Science<\/title>\n<meta name=\"robots\" content=\"index, follow, max-snippet:-1, max-image-preview:large, max-video-preview:-1\" \/>\n<link rel=\"canonical\" href=\"https:\/\/conservation-science.ch\/?page_id=30444\" \/>\n<meta property=\"og:locale\" content=\"fr_FR\" \/>\n<meta property=\"og:type\" content=\"article\" \/>\n<meta property=\"og:title\" content=\"AG (Argovie) - Bl\u00e4uer - Conservation - Science\" \/>\n<meta property=\"og:description\" content=\"Projets r\u00e9alis\u00e9s dans le canton d&rsquo;Argovie (cliquez sur l&rsquo;image) : &nbsp; R\u00e9sum\u00e9 Lieu\/date Objet Th\u00e8me Aarau 28.10.13 308.01 Vordere Vorstadt 9 Analyse de polychromie Boswil 20.3.08 47.01 Statue de St Martin Identification p\u00e9trographique du gr\u00e8s Gr\u00e4nichen 14.3.08 44.01 Ch\u00e2teau de Liebegg, pierres tombales Analyse du contenu en sels et estimation des risques li\u00e9s aux sels &hellip; Continuer la lecture de AG (Argovie)\" \/>\n<meta property=\"og:url\" content=\"https:\/\/conservation-science.ch\/?page_id=30444\" \/>\n<meta property=\"og:site_name\" content=\"Bl\u00e4uer - Conservation - Science\" \/>\n<meta property=\"article:modified_time\" content=\"2018-12-06T08:13:31+00:00\" \/>\n<meta property=\"og:image\" content=\"https:\/\/csc-sarl.ch\/wp-content\/uploads\/2018\/06\/ag_030801_large60px.jpg\" \/>\n<meta name=\"twitter:card\" content=\"summary_large_image\" \/>\n<meta name=\"twitter:label1\" content=\"Dur\u00e9e de lecture estim\u00e9e\" \/>\n\t<meta name=\"twitter:data1\" content=\"1 minute\" \/>\n<script type=\"application\/ld+json\" class=\"yoast-schema-graph\">{\"@context\":\"https:\/\/schema.org\",\"@graph\":[{\"@type\":\"WebPage\",\"@id\":\"https:\/\/conservation-science.ch\/?page_id=30444\",\"url\":\"https:\/\/conservation-science.ch\/?page_id=30444\",\"name\":\"AG (Argovie) - Bl\u00e4uer - Conservation - Science\",\"isPartOf\":{\"@id\":\"https:\/\/conservation-science.ch\/#website\"},\"primaryImageOfPage\":{\"@id\":\"https:\/\/conservation-science.ch\/?page_id=30444#primaryimage\"},\"image\":{\"@id\":\"https:\/\/conservation-science.ch\/?page_id=30444#primaryimage\"},\"thumbnailUrl\":\"https:\/\/csc-sarl.ch\/wp-content\/uploads\/2018\/06\/ag_030801_large60px.jpg\",\"datePublished\":\"2018-06-16T09:21:58+00:00\",\"dateModified\":\"2018-12-06T08:13:31+00:00\",\"breadcrumb\":{\"@id\":\"https:\/\/conservation-science.ch\/?page_id=30444#breadcrumb\"},\"inLanguage\":\"fr-FR\",\"potentialAction\":[{\"@type\":\"ReadAction\",\"target\":[\"https:\/\/conservation-science.ch\/?page_id=30444\"]}]},{\"@type\":\"ImageObject\",\"inLanguage\":\"fr-FR\",\"@id\":\"https:\/\/conservation-science.ch\/?page_id=30444#primaryimage\",\"url\":\"https:\/\/csc-sarl.ch\/wp-content\/uploads\/2018\/06\/ag_030801_large60px.jpg\",\"contentUrl\":\"https:\/\/csc-sarl.ch\/wp-content\/uploads\/2018\/06\/ag_030801_large60px.jpg\"},{\"@type\":\"BreadcrumbList\",\"@id\":\"https:\/\/conservation-science.ch\/?page_id=30444#breadcrumb\",\"itemListElement\":[{\"@type\":\"ListItem\",\"position\":1,\"name\":\"Accueil\",\"item\":\"https:\/\/conservation-science.ch\/\"},{\"@type\":\"ListItem\",\"position\":2,\"name\":\"Accueil\",\"item\":\"https:\/\/conservation-science.ch\/\"},{\"@type\":\"ListItem\",\"position\":3,\"name\":\"Etudes \/ Expertises\",\"item\":\"https:\/\/conservation-science.ch\/?page_id=28915\"},{\"@type\":\"ListItem\",\"position\":4,\"name\":\"Suisse\",\"item\":\"https:\/\/conservation-science.ch\/?page_id=30086\"},{\"@type\":\"ListItem\",\"position\":5,\"name\":\"AG (Argovie)\"}]},{\"@type\":\"WebSite\",\"@id\":\"https:\/\/conservation-science.ch\/#website\",\"url\":\"https:\/\/conservation-science.ch\/\",\"name\":\"CSC - Conservation - Sciences\",\"description\":\"Transmission de connaissances dans le domaine des sciences de la conservation du patrimoine b\u00e2ti\",\"potentialAction\":[{\"@type\":\"SearchAction\",\"target\":{\"@type\":\"EntryPoint\",\"urlTemplate\":\"https:\/\/conservation-science.ch\/?s={search_term_string}\"},\"query-input\":{\"@type\":\"PropertyValueSpecification\",\"valueRequired\":true,\"valueName\":\"search_term_string\"}}],\"inLanguage\":\"fr-FR\"}]}<\/script>\n<!-- \/ Yoast SEO plugin. -->","yoast_head_json":{"title":"AG (Argovie) - Bl\u00e4uer - Conservation - Science","robots":{"index":"index","follow":"follow","max-snippet":"max-snippet:-1","max-image-preview":"max-image-preview:large","max-video-preview":"max-video-preview:-1"},"canonical":"https:\/\/conservation-science.ch\/?page_id=30444","og_locale":"fr_FR","og_type":"article","og_title":"AG (Argovie) - Bl\u00e4uer - Conservation - Science","og_description":"Projets r\u00e9alis\u00e9s dans le canton d&rsquo;Argovie (cliquez sur l&rsquo;image) : &nbsp; R\u00e9sum\u00e9 Lieu\/date Objet Th\u00e8me Aarau 28.10.13 308.01 Vordere Vorstadt 9 Analyse de polychromie Boswil 20.3.08 47.01 Statue de St Martin Identification p\u00e9trographique du gr\u00e8s Gr\u00e4nichen 14.3.08 44.01 Ch\u00e2teau de Liebegg, pierres tombales Analyse du contenu en sels et estimation des risques li\u00e9s aux sels &hellip; Continuer la lecture de AG (Argovie)","og_url":"https:\/\/conservation-science.ch\/?page_id=30444","og_site_name":"Bl\u00e4uer - Conservation - Science","article_modified_time":"2018-12-06T08:13:31+00:00","og_image":[{"url":"https:\/\/csc-sarl.ch\/wp-content\/uploads\/2018\/06\/ag_030801_large60px.jpg","type":"","width":"","height":""}],"twitter_card":"summary_large_image","twitter_misc":{"Dur\u00e9e de lecture estim\u00e9e":"1 minute"},"schema":{"@context":"https:\/\/schema.org","@graph":[{"@type":"WebPage","@id":"https:\/\/conservation-science.ch\/?page_id=30444","url":"https:\/\/conservation-science.ch\/?page_id=30444","name":"AG (Argovie) - Bl\u00e4uer - Conservation - Science","isPartOf":{"@id":"https:\/\/conservation-science.ch\/#website"},"primaryImageOfPage":{"@id":"https:\/\/conservation-science.ch\/?page_id=30444#primaryimage"},"image":{"@id":"https:\/\/conservation-science.ch\/?page_id=30444#primaryimage"},"thumbnailUrl":"https:\/\/csc-sarl.ch\/wp-content\/uploads\/2018\/06\/ag_030801_large60px.jpg","datePublished":"2018-06-16T09:21:58+00:00","dateModified":"2018-12-06T08:13:31+00:00","breadcrumb":{"@id":"https:\/\/conservation-science.ch\/?page_id=30444#breadcrumb"},"inLanguage":"fr-FR","potentialAction":[{"@type":"ReadAction","target":["https:\/\/conservation-science.ch\/?page_id=30444"]}]},{"@type":"ImageObject","inLanguage":"fr-FR","@id":"https:\/\/conservation-science.ch\/?page_id=30444#primaryimage","url":"https:\/\/csc-sarl.ch\/wp-content\/uploads\/2018\/06\/ag_030801_large60px.jpg","contentUrl":"https:\/\/csc-sarl.ch\/wp-content\/uploads\/2018\/06\/ag_030801_large60px.jpg"},{"@type":"BreadcrumbList","@id":"https:\/\/conservation-science.ch\/?page_id=30444#breadcrumb","itemListElement":[{"@type":"ListItem","position":1,"name":"Accueil","item":"https:\/\/conservation-science.ch\/"},{"@type":"ListItem","position":2,"name":"Accueil","item":"https:\/\/conservation-science.ch\/"},{"@type":"ListItem","position":3,"name":"Etudes \/ Expertises","item":"https:\/\/conservation-science.ch\/?page_id=28915"},{"@type":"ListItem","position":4,"name":"Suisse","item":"https:\/\/conservation-science.ch\/?page_id=30086"},{"@type":"ListItem","position":5,"name":"AG (Argovie)"}]},{"@type":"WebSite","@id":"https:\/\/conservation-science.ch\/#website","url":"https:\/\/conservation-science.ch\/","name":"CSC - Conservation - Sciences","description":"Transmission de connaissances dans le domaine des sciences de la conservation du patrimoine b\u00e2ti","potentialAction":[{"@type":"SearchAction","target":{"@type":"EntryPoint","urlTemplate":"https:\/\/conservation-science.ch\/?s={search_term_string}"},"query-input":{"@type":"PropertyValueSpecification","valueRequired":true,"valueName":"search_term_string"}}],"inLanguage":"fr-FR"}]}},"_links":{"self":[{"href":"https:\/\/conservation-science.ch\/index.php?rest_route=\/wp\/v2\/pages\/30444","targetHints":{"allow":["GET"]}}],"collection":[{"href":"https:\/\/conservation-science.ch\/index.php?rest_route=\/wp\/v2\/pages"}],"about":[{"href":"https:\/\/conservation-science.ch\/index.php?rest_route=\/wp\/v2\/types\/page"}],"author":[{"embeddable":true,"href":"https:\/\/conservation-science.ch\/index.php?rest_route=\/wp\/v2\/users\/1"}],"replies":[{"embeddable":true,"href":"https:\/\/conservation-science.ch\/index.php?rest_route=%2Fwp%2Fv2%2Fcomments&post=30444"}],"version-history":[{"count":4,"href":"https:\/\/conservation-science.ch\/index.php?rest_route=\/wp\/v2\/pages\/30444\/revisions"}],"predecessor-version":[{"id":38757,"href":"https:\/\/conservation-science.ch\/index.php?rest_route=\/wp\/v2\/pages\/30444\/revisions\/38757"}],"up":[{"embeddable":true,"href":"https:\/\/conservation-science.ch\/index.php?rest_route=\/wp\/v2\/pages\/30086"}],"wp:attachment":[{"href":"https:\/\/conservation-science.ch\/index.php?rest_route=%2Fwp%2Fv2%2Fmedia&parent=30444"}],"curies":[{"name":"wp","href":"https:\/\/api.w.org\/{rel}","templated":true}]}}